{"id":998,"date":"2014-03-16T20:25:43","date_gmt":"2014-03-16T19:25:43","guid":{"rendered":"http:\/\/blog.meineigenerweg.de\/?page_id=998"},"modified":"2019-03-28T22:13:32","modified_gmt":"2019-03-28T21:13:32","slug":"dortmund-phoenixsee","status":"publish","type":"page","link":"http:\/\/blog.meineigenerweg.de\/?page_id=998","title":{"rendered":"Dortmund &#8211; Ph\u00f6nixsee ***"},"content":{"rendered":"<p>16.03.2014<\/p>\n<p>Vielleicht nicht die beste Idee, an so einem tr\u00fcben Sonntag einen Ausflug an den <span style=\"text-decoration: underline;\"><span style=\"color: #0000ff; text-decoration: underline;\"><a href=\"http:\/\/www.phoenixseedortmund.de\/home.html\" target=\"_blank\" rel=\"noopener noreferrer\"><span style=\"color: #0000ff; text-decoration: underline;\">Ph\u00f6nixsee<\/span><\/a><\/span><\/span> zu machen. Es war windig und kalt, typisch f\u00fcr einen M\u00e4rztag, aber die frische Luft bl\u00e4st den Sonntagsblues\u00a0nach den\u00a0vergangenen sonnigen Tagen\u00a0einfach weg. Jedenfalls war ich neugierig, diesen k\u00fcnstlich angelegten See einmal zu sehen. Ger\u00fcchteweise kostet eine 70 qm Wohnung in zweiter Reihe 1500 Euro Miete pro Monat! Die Runde um den See, die man seit 2011 laufen kann,\u00a0ist etwas mehr als 3 km lang und sonntags, auch bei schlechtem Wetter,\u00a0sehr gut besucht.<br \/>\n<a href=\"http:\/\/blog.meineigenerweg.de\/wp-content\/uploads\/2014\/03\/DSC_1392x.jpg\"><img loading=\"lazy\" decoding=\"async\" class=\"alignnone size-medium wp-image-1004\" src=\"http:\/\/blog.meineigenerweg.de\/wp-content\/uploads\/2014\/03\/DSC_1392x-300x200.jpg\" alt=\"DSC_1392x\" width=\"300\" height=\"200\" srcset=\"http:\/\/blog.meineigenerweg.de\/wp-content\/uploads\/2014\/03\/DSC_1392x-300x200.jpg 300w, http:\/\/blog.meineigenerweg.de\/wp-content\/uploads\/2014\/03\/DSC_1392x.jpg 1000w\" sizes=\"auto, (max-width: 300px) 100vw, 300px\" \/><\/a><\/p>\n<p>Auch wenn der See klein ist, ein Yachthafen darf nicht fehlen.<br \/>\n<a href=\"http:\/\/blog.meineigenerweg.de\/wp-content\/uploads\/2014\/03\/DSC_1418x.jpg\"><img loading=\"lazy\" decoding=\"async\" class=\"alignnone size-medium wp-image-1007\" src=\"http:\/\/blog.meineigenerweg.de\/wp-content\/uploads\/2014\/03\/DSC_1418x-300x200.jpg\" alt=\"DSC_1418x\" width=\"300\" height=\"200\" srcset=\"http:\/\/blog.meineigenerweg.de\/wp-content\/uploads\/2014\/03\/DSC_1418x-300x200.jpg 300w, http:\/\/blog.meineigenerweg.de\/wp-content\/uploads\/2014\/03\/DSC_1418x.jpg 1000w\" sizes=\"auto, (max-width: 300px) 100vw, 300px\" \/><\/a><\/p>\n<p>Gut, das es auf halbem Wege einen hei\u00dfen Kaffee gab.<br \/>\n<a href=\"http:\/\/blog.meineigenerweg.de\/wp-content\/uploads\/2014\/03\/DSC_1424x.jpg\"><img loading=\"lazy\" decoding=\"async\" class=\"alignnone size-medium wp-image-1008\" src=\"http:\/\/blog.meineigenerweg.de\/wp-content\/uploads\/2014\/03\/DSC_1424x-300x200.jpg\" alt=\"DSC_1424x\" width=\"300\" height=\"200\" srcset=\"http:\/\/blog.meineigenerweg.de\/wp-content\/uploads\/2014\/03\/DSC_1424x-300x200.jpg 300w, http:\/\/blog.meineigenerweg.de\/wp-content\/uploads\/2014\/03\/DSC_1424x.jpg 1000w\" sizes=\"auto, (max-width: 300px) 100vw, 300px\" \/><\/a><\/p>\n<p>Hinter den Neubauten am Seeufer liegt der urspr\u00fcngliche Stadtteil H\u00f6rde.<br \/>\n<a href=\"http:\/\/blog.meineigenerweg.de\/wp-content\/uploads\/2014\/03\/DSC_1429y.jpg\"><img loading=\"lazy\" decoding=\"async\" class=\"alignnone size-medium wp-image-1017\" src=\"http:\/\/blog.meineigenerweg.de\/wp-content\/uploads\/2014\/03\/DSC_1429y-300x200.jpg\" alt=\"DSC_1429y\" width=\"300\" height=\"200\" srcset=\"http:\/\/blog.meineigenerweg.de\/wp-content\/uploads\/2014\/03\/DSC_1429y-300x200.jpg 300w, http:\/\/blog.meineigenerweg.de\/wp-content\/uploads\/2014\/03\/DSC_1429y.jpg 1000w\" sizes=\"auto, (max-width: 300px) 100vw, 300px\" \/><\/a><\/p>\n<p>Nach der Runde um den See gibt es zur Belohnun, in einem der Restaurants und Caf\u00e9s noch ein St\u00fcck Kuchen.<br \/>\n<a href=\"http:\/\/blog.meineigenerweg.de\/wp-content\/uploads\/2014\/03\/DSC_1393x.jpg\"><img loading=\"lazy\" decoding=\"async\" class=\"alignnone size-medium wp-image-1013\" src=\"http:\/\/blog.meineigenerweg.de\/wp-content\/uploads\/2014\/03\/DSC_1393x-300x200.jpg\" alt=\"DSC_1393x\" width=\"300\" height=\"200\" srcset=\"http:\/\/blog.meineigenerweg.de\/wp-content\/uploads\/2014\/03\/DSC_1393x-300x200.jpg 300w, http:\/\/blog.meineigenerweg.de\/wp-content\/uploads\/2014\/03\/DSC_1393x.jpg 1000w\" sizes=\"auto, (max-width: 300px) 100vw, 300px\" \/><\/a><\/p>\n<p>Noch herrscht Baustellenstimmung. Au\u00dfer den auf den See ausgerichteten schicken Neubauten gibt es viele Baupl\u00e4tze und Geb\u00e4ude in Planung.\u00a0B\u00e4ume sind schon gepflanzt, m\u00fcssen aber erst noch zu einer Anlage wachsen. Ich w\u00fcnsche mir, dass \u00a0das Areal nicht komplett zugebaut\u00a0und die Anlage gro\u00dfz\u00fcgig geplant wird. Ich bin gespannt, ob die Bewohner der alten H\u00e4user,\u00a0die hinter den\u00a0Neubauten stehen,\u00a0in ein paar Jahren\u00a0noch dort wohnen werden oder dem Druck der wohlhabenden Seebewohner gewichen sind.<\/p>\n<p><em>Meine\u00a0Wertung: <span style=\"color: #ff0000;\">***<\/span>** gut\u00a0(&#8222;zwinker&#8220; der Kemander See\u00a0ist sch\u00f6ner)<\/em><br \/>\n<em>Am Kai<\/em><br \/>\n<em>Dortmund<\/em><\/p>\n","protected":false},"excerpt":{"rendered":"<p>16.03.2014 Vielleicht nicht die beste Idee, an so einem tr\u00fcben Sonntag einen Ausflug an den Ph\u00f6nixsee zu machen. Es war windig und kalt, typisch f\u00fcr einen M\u00e4rztag, aber die frische Luft bl\u00e4st den Sonntagsblues\u00a0nach den\u00a0vergangenen sonnigen Tagen\u00a0einfach weg. Jedenfalls war ich neugierig, diesen k\u00fcnstlich angelegten See einmal zu sehen. Ger\u00fcchteweise<\/p>\n","protected":false},"author":1,"featured_media":1033,"parent":1809,"menu_order":0,"comment_status":"closed","ping_status":"closed","template":"","meta":{"footnotes":""},"class_list":["post-998","page","type-page","status-publish","has-post-thumbnail","hentry"],"_links":{"self":[{"href":"http:\/\/blog.meineigenerweg.de\/index.php?rest_route=\/wp\/v2\/pages\/998","targetHints":{"allow":["GET"]}}],"collection":[{"href":"http:\/\/blog.meineigenerweg.de\/index.php?rest_route=\/wp\/v2\/pages"}],"about":[{"href":"http:\/\/blog.meineigenerweg.de\/index.php?rest_route=\/wp\/v2\/types\/page"}],"author":[{"embeddable":true,"href":"http:\/\/blog.meineigenerweg.de\/index.php?rest_route=\/wp\/v2\/users\/1"}],"replies":[{"embeddable":true,"href":"http:\/\/blog.meineigenerweg.de\/index.php?rest_route=%2Fwp%2Fv2%2Fcomments&post=998"}],"version-history":[{"count":16,"href":"http:\/\/blog.meineigenerweg.de\/index.php?rest_route=\/wp\/v2\/pages\/998\/revisions"}],"predecessor-version":[{"id":5908,"href":"http:\/\/blog.meineigenerweg.de\/index.php?rest_route=\/wp\/v2\/pages\/998\/revisions\/5908"}],"up":[{"embeddable":true,"href":"http:\/\/blog.meineigenerweg.de\/index.php?rest_route=\/wp\/v2\/pages\/1809"}],"wp:featuredmedia":[{"embeddable":true,"href":"http:\/\/blog.meineigenerweg.de\/index.php?rest_route=\/wp\/v2\/media\/1033"}],"wp:attachment":[{"href":"http:\/\/blog.meineigenerweg.de\/index.php?rest_route=%2Fwp%2Fv2%2Fmedia&parent=998"}],"curies":[{"name":"wp","href":"https:\/\/api.w.org\/{rel}","templated":true}]}}