{"id":9922,"date":"2025-01-30T13:38:53","date_gmt":"2025-01-30T12:38:53","guid":{"rendered":"http:\/\/blog.meineigenerweg.de\/?page_id=9922"},"modified":"2025-01-30T13:38:53","modified_gmt":"2025-01-30T12:38:53","slug":"bochum-starlight-express-tag-der-offenen-tuer","status":"publish","type":"page","link":"http:\/\/blog.meineigenerweg.de\/?page_id=9922","title":{"rendered":"Bochum &#8211; Starlight Express &#8211; Tag der offenen T\u00fcr *"},"content":{"rendered":"<p>August 2024<\/p>\n<p>&nbsp;<\/p>\n<p>In der Presse gro\u00df angek\u00fcndigt &#8222;kostenloser Tag der offenen T\u00fcr beim <span style=\"color: #0000ff;\"><a href=\"https:\/\/www.starlight-express.de\/\" target=\"_blank\" rel=\"noopener noreferrer\"><span style=\"color: #0000ff;\"><span style=\"text-decoration: underline;\">Starlight Express<\/span><\/span><\/a><\/span>&#8222;.<br \/>\nAber f\u00fcr uns war es eine Entt\u00e4uschung, denn es war so voll, dass wir \u00fcberall lange Schlange stehen mussten, und wirklich kostenlos war lediglich der Eintritt ins \u00fcberf\u00fcllte Foyer. Der Blick hinter die Kulissen, die Technik, Fotoshooting mit den Stars &#8230; alles kostenpflichtig. Nach einer halben Stunde hatten wir genug und sind wieder gegangen.<\/p>\n<p>&nbsp;<\/p>\n<p><em>Meine Wertung: <span style=\"color: #ff0000;\">*<\/span>**** zu voll und zu teuer<\/em><br \/>\n<em>Stadionring 24<\/em><br \/>\n<em>D &#8211; 44791 Bochum<\/em><\/p>\n<p>&nbsp;<\/p>\n","protected":false},"excerpt":{"rendered":"<p>August 2024 &nbsp; In der Presse gro\u00df angek\u00fcndigt &#8222;kostenloser Tag der offenen T\u00fcr beim Starlight Express&#8222;. Aber f\u00fcr uns war es eine Entt\u00e4uschung, denn es war so voll, dass wir \u00fcberall lange Schlange stehen mussten, und wirklich kostenlos war lediglich der Eintritt ins \u00fcberf\u00fcllte Foyer. Der Blick hinter die Kulissen,<\/p>\n","protected":false},"author":1,"featured_media":10155,"parent":1809,"menu_order":0,"comment_status":"closed","ping_status":"closed","template":"","meta":{"footnotes":""},"class_list":["post-9922","page","type-page","status-publish","has-post-thumbnail","hentry"],"_links":{"self":[{"href":"http:\/\/blog.meineigenerweg.de\/index.php?rest_route=\/wp\/v2\/pages\/9922","targetHints":{"allow":["GET"]}}],"collection":[{"href":"http:\/\/blog.meineigenerweg.de\/index.php?rest_route=\/wp\/v2\/pages"}],"about":[{"href":"http:\/\/blog.meineigenerweg.de\/index.php?rest_route=\/wp\/v2\/types\/page"}],"author":[{"embeddable":true,"href":"http:\/\/blog.meineigenerweg.de\/index.php?rest_route=\/wp\/v2\/users\/1"}],"replies":[{"embeddable":true,"href":"http:\/\/blog.meineigenerweg.de\/index.php?rest_route=%2Fwp%2Fv2%2Fcomments&post=9922"}],"version-history":[{"count":3,"href":"http:\/\/blog.meineigenerweg.de\/index.php?rest_route=\/wp\/v2\/pages\/9922\/revisions"}],"predecessor-version":[{"id":10156,"href":"http:\/\/blog.meineigenerweg.de\/index.php?rest_route=\/wp\/v2\/pages\/9922\/revisions\/10156"}],"up":[{"embeddable":true,"href":"http:\/\/blog.meineigenerweg.de\/index.php?rest_route=\/wp\/v2\/pages\/1809"}],"wp:featuredmedia":[{"embeddable":true,"href":"http:\/\/blog.meineigenerweg.de\/index.php?rest_route=\/wp\/v2\/media\/10155"}],"wp:attachment":[{"href":"http:\/\/blog.meineigenerweg.de\/index.php?rest_route=%2Fwp%2Fv2%2Fmedia&parent=9922"}],"curies":[{"name":"wp","href":"https:\/\/api.w.org\/{rel}","templated":true}]}}