{"id":981,"date":"2014-03-14T16:30:08","date_gmt":"2014-03-14T15:30:08","guid":{"rendered":"http:\/\/blog.meineigenerweg.de\/?page_id=981"},"modified":"2019-03-28T22:23:05","modified_gmt":"2019-03-28T21:23:05","slug":"duisburg-lehmbruck-museum","status":"publish","type":"page","link":"http:\/\/blog.meineigenerweg.de\/?page_id=981","title":{"rendered":"Duisburg &#8211; Lehmbruck Museum ****"},"content":{"rendered":"<p>12.03.2014<\/p>\n<p>Ich gebe es zu, ich bin Kunstbanause, aber das <span style=\"text-decoration: underline;\"><span style=\"color: #0000ff; text-decoration: underline;\"><a href=\"http:\/\/www.lehmbruckmuseum.de\" target=\"_blank\" rel=\"noopener noreferrer\"><span style=\"color: #0000ff; text-decoration: underline;\">Lehmbruck Museum<\/span><\/a><\/span><\/span> hat mir gut gefallen. Schon das Geb\u00e4ude, mit den gro\u00dfen Glasfronten, fand ich sehr beeindruckend.<br \/>\n<a href=\"http:\/\/blog.meineigenerweg.de\/wp-content\/uploads\/2014\/03\/Duisburg_LehmbruckMuseum_14_03_002.jpg\"><img loading=\"lazy\" decoding=\"async\" class=\"alignnone size-medium wp-image-985\" src=\"http:\/\/blog.meineigenerweg.de\/wp-content\/uploads\/2014\/03\/Duisburg_LehmbruckMuseum_14_03_002-300x200.jpg\" alt=\"Duisburg_LehmbruckMuseum_14_03_002\" width=\"300\" height=\"200\" srcset=\"http:\/\/blog.meineigenerweg.de\/wp-content\/uploads\/2014\/03\/Duisburg_LehmbruckMuseum_14_03_002-300x200.jpg 300w, http:\/\/blog.meineigenerweg.de\/wp-content\/uploads\/2014\/03\/Duisburg_LehmbruckMuseum_14_03_002.jpg 1000w\" sizes=\"auto, (max-width: 300px) 100vw, 300px\" \/><\/a><br \/>\nDas innere der gro\u00dfen Haupthalle erweckt den (positiven) Eindruck einer Werkshalle, was durch die dort ausgestellten Skulpturen noch verst\u00e4rkt wird.<br \/>\n<a href=\"http:\/\/blog.meineigenerweg.de\/wp-content\/uploads\/2014\/03\/Duisburg_LehmbruckMuseum_14_03_0191.jpg\"><img loading=\"lazy\" decoding=\"async\" class=\"alignnone size-medium wp-image-1102\" src=\"http:\/\/blog.meineigenerweg.de\/wp-content\/uploads\/2014\/03\/Duisburg_LehmbruckMuseum_14_03_0191-300x200.jpg\" alt=\"Duisburg_LehmbruckMuseum_14_03_019\" width=\"300\" height=\"200\" srcset=\"http:\/\/blog.meineigenerweg.de\/wp-content\/uploads\/2014\/03\/Duisburg_LehmbruckMuseum_14_03_0191-300x200.jpg 300w, http:\/\/blog.meineigenerweg.de\/wp-content\/uploads\/2014\/03\/Duisburg_LehmbruckMuseum_14_03_0191.jpg 999w\" sizes=\"auto, (max-width: 300px) 100vw, 300px\" \/><\/a>\u00a0<span style=\"color: #ff6600;\">* siehe Anmerkung *<\/span><\/p>\n<p>Es ist eine Skulpturen-Museum, das Exponat namhafter K\u00fcnstler, wie Picasso, Beuys, Dali und vieler anderer mehr,\u00a0zeigt. Aber es gibt auch Videoinstallationen und, was mich besonders fasziniert hat, Maschinen, Skulpturen, skurrile Objekte die sich bewegen, Ger\u00e4usche machen, Geschichten erz\u00e4hlen, Empfindungen ausl\u00f6sen,\u00a0in den Bann ziehen. Die Mitarbeiter(innen) des Museums sind sehr freundlich und setzten auf Anfrage auch die sonderbarsten Kunstwerke in Gang. Da bewegen sich R\u00e4der und Gartenzwerge und Schaukelst\u00fchle und rostige Scharniere und das ganze Kunstwerk wackelt und knatscht und knirscht. Echt toll und absolut sinnlos.<\/p>\n<p>Zur Zeit gibt es eine Fotoausstellung mit dem Tittel: NEW POTT &#8211; Neue Heimat im Revier. Anhand von 100 unterschlichen\u00a0Lebensr\u00e4umen\u00a0werden Menschen aus aller Welt dargestellt, die im Ruhrpott eine neue Heimat gefunden haben. Ein bisschen voyeuristisch kann man sie in ihren Wohnzimmern beobachten.<br \/>\n<a href=\"http:\/\/blog.meineigenerweg.de\/wp-content\/uploads\/2014\/03\/Duisburg_LehmbruckMuseum_14_03_052.jpg\"><img loading=\"lazy\" decoding=\"async\" class=\"alignnone size-medium wp-image-1103\" src=\"http:\/\/blog.meineigenerweg.de\/wp-content\/uploads\/2014\/03\/Duisburg_LehmbruckMuseum_14_03_052-300x200.jpg\" alt=\"Duisburg_LehmbruckMuseum_14_03_052\" width=\"300\" height=\"200\" srcset=\"http:\/\/blog.meineigenerweg.de\/wp-content\/uploads\/2014\/03\/Duisburg_LehmbruckMuseum_14_03_052-300x200.jpg 300w, http:\/\/blog.meineigenerweg.de\/wp-content\/uploads\/2014\/03\/Duisburg_LehmbruckMuseum_14_03_052.jpg 999w\" sizes=\"auto, (max-width: 300px) 100vw, 300px\" \/><\/a>\u00a0<span style=\"color: #ff6600;\">* siehe Anmerkung *<\/span><\/p>\n<p><em>Meine Wertung: <span style=\"color: #ff0000;\">****<\/span>* sehenswert<\/em><br \/>\n<em>D\u00fcsseldorfer Stra\u00dfe 51<\/em><br \/>\n<em> 47051 Duisburg<\/em><\/p>\n<p><span style=\"color: #ff6600;\">* Anmerkung *<\/span><br \/>\n<span style=\"color: #ff6600;\">Das Fotografieren im Museum ist f\u00fcr den privaten Gebrauch erlaubt. Leider habe ich auf meine Anfragen, ob ich die Fotos in meinem Blog darstellen darf, au\u00dfer automatisierter Eingangsbest\u00e4tigungen, keine Reaktion erhalten. Schade.<\/span><\/p>\n","protected":false},"excerpt":{"rendered":"<p>12.03.2014 Ich gebe es zu, ich bin Kunstbanause, aber das Lehmbruck Museum hat mir gut gefallen. Schon das Geb\u00e4ude, mit den gro\u00dfen Glasfronten, fand ich sehr beeindruckend. Das innere der gro\u00dfen Haupthalle erweckt den (positiven) Eindruck einer Werkshalle, was durch die dort ausgestellten Skulpturen noch verst\u00e4rkt wird. \u00a0* siehe Anmerkung<\/p>\n","protected":false},"author":1,"featured_media":1101,"parent":1809,"menu_order":0,"comment_status":"closed","ping_status":"closed","template":"","meta":{"footnotes":""},"class_list":["post-981","page","type-page","status-publish","has-post-thumbnail","hentry"],"_links":{"self":[{"href":"http:\/\/blog.meineigenerweg.de\/index.php?rest_route=\/wp\/v2\/pages\/981","targetHints":{"allow":["GET"]}}],"collection":[{"href":"http:\/\/blog.meineigenerweg.de\/index.php?rest_route=\/wp\/v2\/pages"}],"about":[{"href":"http:\/\/blog.meineigenerweg.de\/index.php?rest_route=\/wp\/v2\/types\/page"}],"author":[{"embeddable":true,"href":"http:\/\/blog.meineigenerweg.de\/index.php?rest_route=\/wp\/v2\/users\/1"}],"replies":[{"embeddable":true,"href":"http:\/\/blog.meineigenerweg.de\/index.php?rest_route=%2Fwp%2Fv2%2Fcomments&post=981"}],"version-history":[{"count":12,"href":"http:\/\/blog.meineigenerweg.de\/index.php?rest_route=\/wp\/v2\/pages\/981\/revisions"}],"predecessor-version":[{"id":5915,"href":"http:\/\/blog.meineigenerweg.de\/index.php?rest_route=\/wp\/v2\/pages\/981\/revisions\/5915"}],"up":[{"embeddable":true,"href":"http:\/\/blog.meineigenerweg.de\/index.php?rest_route=\/wp\/v2\/pages\/1809"}],"wp:featuredmedia":[{"embeddable":true,"href":"http:\/\/blog.meineigenerweg.de\/index.php?rest_route=\/wp\/v2\/media\/1101"}],"wp:attachment":[{"href":"http:\/\/blog.meineigenerweg.de\/index.php?rest_route=%2Fwp%2Fv2%2Fmedia&parent=981"}],"curies":[{"name":"wp","href":"https:\/\/api.w.org\/{rel}","templated":true}]}}