{"id":9561,"date":"2024-04-29T17:14:00","date_gmt":"2024-04-29T16:14:00","guid":{"rendered":"http:\/\/blog.meineigenerweg.de\/?page_id=9561"},"modified":"2024-04-29T17:14:00","modified_gmt":"2024-04-29T16:14:00","slug":"bremen-overbeck-museum","status":"publish","type":"page","link":"http:\/\/blog.meineigenerweg.de\/?page_id=9561","title":{"rendered":"Bremen &#8211; Overbeck Museum ***"},"content":{"rendered":"<h6>M\u00e4rz 2024<\/h6>\n<p>&nbsp;<\/p>\n<p>In Bremen Vegesack m\u00fcnden die Fl\u00fcsse Lesum und Sch\u00f6nebecker Aue in die Weser, weshalb der dortige Hafen schon seit dem 17. Jhd. existiert. In wechselvoller Geschiche geh\u00f6rte er sogar eine Zeit zu D\u00e4nemark. Heute ist der Hafen Liegeplatz f\u00fcr Museumsschiffe. Wir schauen uns hier ein keines Kunstmuseum, dem <span style=\"color: #0000ff;\"><a href=\"https:\/\/overbeck-museum.de\/\" target=\"_blank\" rel=\"noopener noreferrer\"><span style=\"color: #0000ff;\"><span style=\"text-decoration: underline;\">Overbeck Museum<\/span><\/span><\/a><\/span> an.<br \/>\n<a href=\"http:\/\/blog.meineigenerweg.de\/wp-content\/uploads\/2024\/04\/IMG_7545.jpeg\"><img loading=\"lazy\" decoding=\"async\" class=\"alignnone size-medium wp-image-9623\" src=\"http:\/\/blog.meineigenerweg.de\/wp-content\/uploads\/2024\/04\/IMG_7545-300x225.jpeg\" alt=\"\" width=\"300\" height=\"225\" srcset=\"http:\/\/blog.meineigenerweg.de\/wp-content\/uploads\/2024\/04\/IMG_7545-300x225.jpeg 300w, http:\/\/blog.meineigenerweg.de\/wp-content\/uploads\/2024\/04\/IMG_7545-768x576.jpeg 768w, http:\/\/blog.meineigenerweg.de\/wp-content\/uploads\/2024\/04\/IMG_7545.jpeg 1000w\" sizes=\"auto, (max-width: 300px) 100vw, 300px\" \/> <\/a><a href=\"http:\/\/blog.meineigenerweg.de\/wp-content\/uploads\/2024\/04\/IMG_7546.jpeg\"><img loading=\"lazy\" decoding=\"async\" class=\"alignnone size-medium wp-image-9625\" src=\"http:\/\/blog.meineigenerweg.de\/wp-content\/uploads\/2024\/04\/IMG_7546-300x225.jpeg\" alt=\"\" width=\"300\" height=\"225\" srcset=\"http:\/\/blog.meineigenerweg.de\/wp-content\/uploads\/2024\/04\/IMG_7546-300x225.jpeg 300w, http:\/\/blog.meineigenerweg.de\/wp-content\/uploads\/2024\/04\/IMG_7546-768x576.jpeg 768w, http:\/\/blog.meineigenerweg.de\/wp-content\/uploads\/2024\/04\/IMG_7546.jpeg 1000w\" sizes=\"auto, (max-width: 300px) 100vw, 300px\" \/><\/a><br \/>\nHier werden die Werke von Fritz und Hermine Oberbeck ausgestellt, die in der Zeit um 1900 in Worpswede und in Bremen Vegesack entstanden sind.<\/p>\n<p>Als wir das Museum besuchten, gab es gerade eine Sonderausstellung von Ulrike Brockmann, die die Bilder digital analysiert und die Bildpunkte der gleichen Farbe gez\u00e4hlt hat. Sie setzt sich mit dem \u201adigitalisierten Sehen\u2019 auseinander, indem sie die Bilder digitalisiert und die Farben des Bildes nach den 16.777.216 m\u00f6glichen Farben sortiert und entsprechend summiert. F\u00fcr jede Farbe bzw. Farbgruppe zeichnet sie einen entsprechend dicken Balken auf ihr Bild, der H\u00e4ufigkeit der Farbe entsprechend.<br \/>\n<a href=\"http:\/\/blog.meineigenerweg.de\/wp-content\/uploads\/2024\/04\/IMG_7550.jpeg\"><img loading=\"lazy\" decoding=\"async\" class=\"alignnone size-medium wp-image-9626\" src=\"http:\/\/blog.meineigenerweg.de\/wp-content\/uploads\/2024\/04\/IMG_7550-300x225.jpeg\" alt=\"\" width=\"300\" height=\"225\" srcset=\"http:\/\/blog.meineigenerweg.de\/wp-content\/uploads\/2024\/04\/IMG_7550-300x225.jpeg 300w, http:\/\/blog.meineigenerweg.de\/wp-content\/uploads\/2024\/04\/IMG_7550-768x576.jpeg 768w, http:\/\/blog.meineigenerweg.de\/wp-content\/uploads\/2024\/04\/IMG_7550.jpeg 1000w\" sizes=\"auto, (max-width: 300px) 100vw, 300px\" \/><\/a> <a href=\"http:\/\/blog.meineigenerweg.de\/wp-content\/uploads\/2024\/04\/IMG_7548.jpeg\"><img loading=\"lazy\" decoding=\"async\" class=\"alignnone size-medium wp-image-9627\" src=\"http:\/\/blog.meineigenerweg.de\/wp-content\/uploads\/2024\/04\/IMG_7548-300x225.jpeg\" alt=\"\" width=\"300\" height=\"225\" srcset=\"http:\/\/blog.meineigenerweg.de\/wp-content\/uploads\/2024\/04\/IMG_7548-300x225.jpeg 300w, http:\/\/blog.meineigenerweg.de\/wp-content\/uploads\/2024\/04\/IMG_7548-768x576.jpeg 768w, http:\/\/blog.meineigenerweg.de\/wp-content\/uploads\/2024\/04\/IMG_7548.jpeg 1000w\" sizes=\"auto, (max-width: 300px) 100vw, 300px\" \/><\/a> <a href=\"http:\/\/blog.meineigenerweg.de\/wp-content\/uploads\/2024\/04\/IMG_7547.jpeg\"><img loading=\"lazy\" decoding=\"async\" class=\"alignnone size-medium wp-image-9628\" src=\"http:\/\/blog.meineigenerweg.de\/wp-content\/uploads\/2024\/04\/IMG_7547-300x225.jpeg\" alt=\"\" width=\"300\" height=\"225\" srcset=\"http:\/\/blog.meineigenerweg.de\/wp-content\/uploads\/2024\/04\/IMG_7547-300x225.jpeg 300w, http:\/\/blog.meineigenerweg.de\/wp-content\/uploads\/2024\/04\/IMG_7547-768x576.jpeg 768w, http:\/\/blog.meineigenerweg.de\/wp-content\/uploads\/2024\/04\/IMG_7547.jpeg 1000w\" sizes=\"auto, (max-width: 300px) 100vw, 300px\" \/><\/a><br \/>\nF\u00fcr mich war es ein beeindruckendes Erlebnis festzustellen, das die Emotionen, die ein Bild im Original in mir hervorruft, auch in den summierten Farben \u00e4hnlich war.<\/p>\n<p>&nbsp;<\/p>\n<p><em>Meine Wertung: <span style=\"color: #ff0000;\">***<\/span>** ein sch\u00f6nes Museum und eine spannende Sonderausstellung<br \/>\nOverbeck-Museum<\/em><br \/>\n<em>Alte Hafenstra\u00dfe 30<\/em><br \/>\n<em>28757 Bremen<\/em><\/p>\n","protected":false},"excerpt":{"rendered":"<p>M\u00e4rz 2024 &nbsp; In Bremen Vegesack m\u00fcnden die Fl\u00fcsse Lesum und Sch\u00f6nebecker Aue in die Weser, weshalb der dortige Hafen schon seit dem 17. Jhd. existiert. In wechselvoller Geschiche geh\u00f6rte er sogar eine Zeit zu D\u00e4nemark. Heute ist der Hafen Liegeplatz f\u00fcr Museumsschiffe. Wir schauen uns hier ein keines Kunstmuseum,<\/p>\n","protected":false},"author":1,"featured_media":9631,"parent":108,"menu_order":0,"comment_status":"closed","ping_status":"closed","template":"","meta":{"footnotes":""},"class_list":["post-9561","page","type-page","status-publish","has-post-thumbnail","hentry"],"_links":{"self":[{"href":"http:\/\/blog.meineigenerweg.de\/index.php?rest_route=\/wp\/v2\/pages\/9561","targetHints":{"allow":["GET"]}}],"collection":[{"href":"http:\/\/blog.meineigenerweg.de\/index.php?rest_route=\/wp\/v2\/pages"}],"about":[{"href":"http:\/\/blog.meineigenerweg.de\/index.php?rest_route=\/wp\/v2\/types\/page"}],"author":[{"embeddable":true,"href":"http:\/\/blog.meineigenerweg.de\/index.php?rest_route=\/wp\/v2\/users\/1"}],"replies":[{"embeddable":true,"href":"http:\/\/blog.meineigenerweg.de\/index.php?rest_route=%2Fwp%2Fv2%2Fcomments&post=9561"}],"version-history":[{"count":15,"href":"http:\/\/blog.meineigenerweg.de\/index.php?rest_route=\/wp\/v2\/pages\/9561\/revisions"}],"predecessor-version":[{"id":9649,"href":"http:\/\/blog.meineigenerweg.de\/index.php?rest_route=\/wp\/v2\/pages\/9561\/revisions\/9649"}],"up":[{"embeddable":true,"href":"http:\/\/blog.meineigenerweg.de\/index.php?rest_route=\/wp\/v2\/pages\/108"}],"wp:featuredmedia":[{"embeddable":true,"href":"http:\/\/blog.meineigenerweg.de\/index.php?rest_route=\/wp\/v2\/media\/9631"}],"wp:attachment":[{"href":"http:\/\/blog.meineigenerweg.de\/index.php?rest_route=%2Fwp%2Fv2%2Fmedia&parent=9561"}],"curies":[{"name":"wp","href":"https:\/\/api.w.org\/{rel}","templated":true}]}}