{"id":9444,"date":"2024-01-10T18:11:22","date_gmt":"2024-01-10T17:11:22","guid":{"rendered":"http:\/\/blog.meineigenerweg.de\/?page_id=9444"},"modified":"2024-01-10T18:11:22","modified_gmt":"2024-01-10T17:11:22","slug":"zandvoort-im-spaetherbst","status":"publish","type":"page","link":"http:\/\/blog.meineigenerweg.de\/?page_id=9444","title":{"rendered":"Zandvoort im Sp\u00e4therbst ****"},"content":{"rendered":"<h6>November 2023<\/h6>\n<p>&nbsp;<\/p>\n<p>Im November an die Nordsee, das ist etwas f\u00fcr Freaks. Aber direkt am Meer, mit Blick auf st\u00fcrmischen Wellen, windzerfetzten Wolken, Regengeprassel auf der Windschutzscheibe &#8211; das hat was! Ganz besonders, wenn man gem\u00fctlich im warmen Wohnmobil sitzt, nach drau\u00dfen schaut und dabei eine Tasse Kakao oder ein Glas Rotwein genie\u00dfen kann, ist es einfach nur sch\u00f6n.<\/p>\n<p><a href=\"http:\/\/blog.meineigenerweg.de\/wp-content\/uploads\/2023\/12\/IMG_5301.jpg\"><img loading=\"lazy\" decoding=\"async\" class=\"alignnone size-medium wp-image-9488\" src=\"http:\/\/blog.meineigenerweg.de\/wp-content\/uploads\/2023\/12\/IMG_5301-300x200.jpg\" alt=\"\" width=\"300\" height=\"200\" srcset=\"http:\/\/blog.meineigenerweg.de\/wp-content\/uploads\/2023\/12\/IMG_5301-300x200.jpg 300w, http:\/\/blog.meineigenerweg.de\/wp-content\/uploads\/2023\/12\/IMG_5301-768x512.jpg 768w, http:\/\/blog.meineigenerweg.de\/wp-content\/uploads\/2023\/12\/IMG_5301.jpg 1000w\" sizes=\"auto, (max-width: 300px) 100vw, 300px\" \/><\/a> <img loading=\"lazy\" decoding=\"async\" class=\"alignnone size-medium wp-image-9486\" src=\"http:\/\/blog.meineigenerweg.de\/wp-content\/uploads\/2023\/12\/IMG_5281-300x200.jpg\" alt=\"\" width=\"300\" height=\"200\" srcset=\"http:\/\/blog.meineigenerweg.de\/wp-content\/uploads\/2023\/12\/IMG_5281-300x200.jpg 300w, http:\/\/blog.meineigenerweg.de\/wp-content\/uploads\/2023\/12\/IMG_5281-768x512.jpg 768w, http:\/\/blog.meineigenerweg.de\/wp-content\/uploads\/2023\/12\/IMG_5281.jpg 1000w\" sizes=\"auto, (max-width: 300px) 100vw, 300px\" \/><\/p>\n<p>Trotz Regen sind wir am Strand entlang in das \u00d6rtchen gelaufen und haben ein bisschen Window-Shopping gemacht. In einem kleinen, gem\u00fctlichen Restaurant haben wir es uns gut gehen lassen.<\/p>\n<p><a href=\"http:\/\/blog.meineigenerweg.de\/wp-content\/uploads\/2023\/12\/IMG_5287.jpg\"><img loading=\"lazy\" decoding=\"async\" class=\"alignnone size-medium wp-image-9487\" src=\"http:\/\/blog.meineigenerweg.de\/wp-content\/uploads\/2023\/12\/IMG_5287-300x200.jpg\" alt=\"\" width=\"300\" height=\"200\" srcset=\"http:\/\/blog.meineigenerweg.de\/wp-content\/uploads\/2023\/12\/IMG_5287-300x200.jpg 300w, http:\/\/blog.meineigenerweg.de\/wp-content\/uploads\/2023\/12\/IMG_5287-768x512.jpg 768w, http:\/\/blog.meineigenerweg.de\/wp-content\/uploads\/2023\/12\/IMG_5287.jpg 1000w\" sizes=\"auto, (max-width: 300px) 100vw, 300px\" \/> <\/a><a href=\"http:\/\/blog.meineigenerweg.de\/wp-content\/uploads\/2023\/12\/IMG_5290.jpg\"><img loading=\"lazy\" decoding=\"async\" class=\"alignnone size-medium wp-image-9493\" src=\"http:\/\/blog.meineigenerweg.de\/wp-content\/uploads\/2023\/12\/IMG_5290-300x200.jpg\" alt=\"\" width=\"300\" height=\"200\" srcset=\"http:\/\/blog.meineigenerweg.de\/wp-content\/uploads\/2023\/12\/IMG_5290-300x200.jpg 300w, http:\/\/blog.meineigenerweg.de\/wp-content\/uploads\/2023\/12\/IMG_5290-768x512.jpg 768w, http:\/\/blog.meineigenerweg.de\/wp-content\/uploads\/2023\/12\/IMG_5290.jpg 1000w\" sizes=\"auto, (max-width: 300px) 100vw, 300px\" \/><\/a><\/p>\n<p>Und wenn zwischendurch mal die Sonne durch die grauen Wolken blinzelt, haben wir einen Standspaziergang gemacht. Der Strand war fast leer, die meisten Strandpavillions abgebaut und nur ein paar ganz mutige Kiter waren in dicken Neopren-Anz\u00fcgen auf dem Meer unterwegs. Aber wir hatten Gl\u00fcck, ein einzelner Strandpavillion hatte noch ge\u00f6ffnet und wir bekamen hei\u00dfe Schokolade mit Sahne.<\/p>\n<p><a href=\"http:\/\/blog.meineigenerweg.de\/wp-content\/uploads\/2023\/12\/IMG_5331.jpg\"><img loading=\"lazy\" decoding=\"async\" class=\"alignnone size-medium wp-image-9490\" src=\"http:\/\/blog.meineigenerweg.de\/wp-content\/uploads\/2023\/12\/IMG_5331-300x200.jpg\" alt=\"\" width=\"300\" height=\"200\" srcset=\"http:\/\/blog.meineigenerweg.de\/wp-content\/uploads\/2023\/12\/IMG_5331-300x200.jpg 300w, http:\/\/blog.meineigenerweg.de\/wp-content\/uploads\/2023\/12\/IMG_5331-768x512.jpg 768w, http:\/\/blog.meineigenerweg.de\/wp-content\/uploads\/2023\/12\/IMG_5331.jpg 1000w\" sizes=\"auto, (max-width: 300px) 100vw, 300px\" \/> <\/a><a href=\"http:\/\/blog.meineigenerweg.de\/wp-content\/uploads\/2023\/12\/IMG_5333-scaled.jpg\"><img loading=\"lazy\" decoding=\"async\" class=\"alignnone size-medium wp-image-9491\" src=\"http:\/\/blog.meineigenerweg.de\/wp-content\/uploads\/2023\/12\/IMG_5333-300x200.jpg\" alt=\"\" width=\"300\" height=\"200\" srcset=\"http:\/\/blog.meineigenerweg.de\/wp-content\/uploads\/2023\/12\/IMG_5333-300x200.jpg 300w, http:\/\/blog.meineigenerweg.de\/wp-content\/uploads\/2023\/12\/IMG_5333-1024x683.jpg 1024w, http:\/\/blog.meineigenerweg.de\/wp-content\/uploads\/2023\/12\/IMG_5333-768x512.jpg 768w, http:\/\/blog.meineigenerweg.de\/wp-content\/uploads\/2023\/12\/IMG_5333-1536x1024.jpg 1536w, http:\/\/blog.meineigenerweg.de\/wp-content\/uploads\/2023\/12\/IMG_5333-2048x1365.jpg 2048w\" sizes=\"auto, (max-width: 300px) 100vw, 300px\" \/><\/a><\/p>\n<p>&nbsp;<\/p>\n<p><em>Meine Wertung: <span style=\"color: #ff0000;\">****<\/span>* Wer sich nicht vom schlechten Wetter die Stimmung verderben l\u00e4sst, hat viel Spa\u00df.<br \/>\nZandvoort<\/em><\/p>\n","protected":false},"excerpt":{"rendered":"<p>November 2023 &nbsp; Im November an die Nordsee, das ist etwas f\u00fcr Freaks. Aber direkt am Meer, mit Blick auf st\u00fcrmischen Wellen, windzerfetzten Wolken, Regengeprassel auf der Windschutzscheibe &#8211; das hat was! Ganz besonders, wenn man gem\u00fctlich im warmen Wohnmobil sitzt, nach drau\u00dfen schaut und dabei eine Tasse Kakao oder<\/p>\n","protected":false},"author":1,"featured_media":9549,"parent":818,"menu_order":0,"comment_status":"closed","ping_status":"closed","template":"","meta":{"footnotes":""},"class_list":["post-9444","page","type-page","status-publish","has-post-thumbnail","hentry"],"_links":{"self":[{"href":"http:\/\/blog.meineigenerweg.de\/index.php?rest_route=\/wp\/v2\/pages\/9444","targetHints":{"allow":["GET"]}}],"collection":[{"href":"http:\/\/blog.meineigenerweg.de\/index.php?rest_route=\/wp\/v2\/pages"}],"about":[{"href":"http:\/\/blog.meineigenerweg.de\/index.php?rest_route=\/wp\/v2\/types\/page"}],"author":[{"embeddable":true,"href":"http:\/\/blog.meineigenerweg.de\/index.php?rest_route=\/wp\/v2\/users\/1"}],"replies":[{"embeddable":true,"href":"http:\/\/blog.meineigenerweg.de\/index.php?rest_route=%2Fwp%2Fv2%2Fcomments&post=9444"}],"version-history":[{"count":12,"href":"http:\/\/blog.meineigenerweg.de\/index.php?rest_route=\/wp\/v2\/pages\/9444\/revisions"}],"predecessor-version":[{"id":9551,"href":"http:\/\/blog.meineigenerweg.de\/index.php?rest_route=\/wp\/v2\/pages\/9444\/revisions\/9551"}],"up":[{"embeddable":true,"href":"http:\/\/blog.meineigenerweg.de\/index.php?rest_route=\/wp\/v2\/pages\/818"}],"wp:featuredmedia":[{"embeddable":true,"href":"http:\/\/blog.meineigenerweg.de\/index.php?rest_route=\/wp\/v2\/media\/9549"}],"wp:attachment":[{"href":"http:\/\/blog.meineigenerweg.de\/index.php?rest_route=%2Fwp%2Fv2%2Fmedia&parent=9444"}],"curies":[{"name":"wp","href":"https:\/\/api.w.org\/{rel}","templated":true}]}}