{"id":9438,"date":"2024-01-10T17:30:13","date_gmt":"2024-01-10T16:30:13","guid":{"rendered":"http:\/\/blog.meineigenerweg.de\/?page_id=9438"},"modified":"2024-01-10T18:15:09","modified_gmt":"2024-01-10T17:15:09","slug":"winterberg-familienfeier","status":"publish","type":"page","link":"http:\/\/blog.meineigenerweg.de\/?page_id=9438","title":{"rendered":"Winterberg &#8211; Familienfeier ****"},"content":{"rendered":"<h6>Oktober 2023<\/h6>\n<p>&nbsp;<\/p>\n<p>\u00dcberraschung! Zu meinem 70ten Geburtstag hat mich die Familie ins Sauerland eingeladen. Frau, Kinder, Enkel &#8211; alle treffen f\u00fcr ein paar Tage \u00a0in dem gro\u00dfen Ferienhaus im <span style=\"color: #000080;\"><a style=\"color: #000080;\" href=\"http:\/\/www.uplandparcs.de\/\" target=\"_blank\" rel=\"noopener noreferrer\"><span style=\"color: #0000ff;\">Upland Ferienpark<\/span> <\/a><\/span>ein. Kaminofen, Sauna, gen\u00fcgend Schlafzimmer &#8211; alles vorhanden!<br \/>\n<a href=\"http:\/\/blog.meineigenerweg.de\/wp-content\/uploads\/2023\/12\/1d842a0d-26a7-4530-ab0a-bd0419304c37.jpg\"><img loading=\"lazy\" decoding=\"async\" class=\"alignnone size-medium wp-image-9451\" src=\"http:\/\/blog.meineigenerweg.de\/wp-content\/uploads\/2023\/12\/1d842a0d-26a7-4530-ab0a-bd0419304c37-300x225.jpg\" alt=\"\" width=\"300\" height=\"225\" srcset=\"http:\/\/blog.meineigenerweg.de\/wp-content\/uploads\/2023\/12\/1d842a0d-26a7-4530-ab0a-bd0419304c37-300x225.jpg 300w, http:\/\/blog.meineigenerweg.de\/wp-content\/uploads\/2023\/12\/1d842a0d-26a7-4530-ab0a-bd0419304c37-768x576.jpg 768w, http:\/\/blog.meineigenerweg.de\/wp-content\/uploads\/2023\/12\/1d842a0d-26a7-4530-ab0a-bd0419304c37.jpg 1000w\" sizes=\"auto, (max-width: 300px) 100vw, 300px\" \/><\/a> <a href=\"http:\/\/blog.meineigenerweg.de\/wp-content\/uploads\/2023\/12\/DSC_0675.jpg\"><img loading=\"lazy\" decoding=\"async\" class=\"alignnone size-medium wp-image-9452\" src=\"http:\/\/blog.meineigenerweg.de\/wp-content\/uploads\/2023\/12\/DSC_0675-300x225.jpg\" alt=\"\" width=\"300\" height=\"225\" srcset=\"http:\/\/blog.meineigenerweg.de\/wp-content\/uploads\/2023\/12\/DSC_0675-300x225.jpg 300w, http:\/\/blog.meineigenerweg.de\/wp-content\/uploads\/2023\/12\/DSC_0675-768x576.jpg 768w, http:\/\/blog.meineigenerweg.de\/wp-content\/uploads\/2023\/12\/DSC_0675.jpg 1000w\" sizes=\"auto, (max-width: 300px) 100vw, 300px\" \/><\/a><br \/>\nDa konnten wir es trotz des Schmuddelwetters gut aushalten. Und dann hat sich doch die Sonne noch einmal sehen lassen. Sch\u00f6ner Ausblick aus dem Wohnzimmerfenster.<br \/>\n<a href=\"http:\/\/blog.meineigenerweg.de\/wp-content\/uploads\/2023\/12\/IMG_0805.jpg\"><img loading=\"lazy\" decoding=\"async\" class=\"alignnone size-medium wp-image-9483\" src=\"http:\/\/blog.meineigenerweg.de\/wp-content\/uploads\/2023\/12\/IMG_0805-300x200.jpg\" alt=\"\" width=\"300\" height=\"200\" srcset=\"http:\/\/blog.meineigenerweg.de\/wp-content\/uploads\/2023\/12\/IMG_0805-300x200.jpg 300w, http:\/\/blog.meineigenerweg.de\/wp-content\/uploads\/2023\/12\/IMG_0805-768x512.jpg 768w, http:\/\/blog.meineigenerweg.de\/wp-content\/uploads\/2023\/12\/IMG_0805.jpg 1000w\" sizes=\"auto, (max-width: 300px) 100vw, 300px\" \/><\/a><\/p>\n<p>&nbsp;<\/p>\n<p>Winterberg ist ein typisches Touristenst\u00e4dtchen, die kleine Hauptstra\u00dfe wird von Restaurants und Sport- und Modegesch\u00e4ften dominiert. Viele Werbetafeln sind neben deutsch auch auf holl\u00e4ndisch beschriftet und nat\u00fcrlich bekommt man auch Frikandel Spezial.<\/p>\n<p>Die sch\u00f6nen Wanderwege haben wir dann fast f\u00fcr uns allein, andere Touristen tummeln sich eher an den Attraktionen.<br \/>\n<a href=\"http:\/\/blog.meineigenerweg.de\/wp-content\/uploads\/2023\/12\/IMG_0731.jpg\"><img loading=\"lazy\" decoding=\"async\" class=\"alignnone size-medium wp-image-9455\" src=\"http:\/\/blog.meineigenerweg.de\/wp-content\/uploads\/2023\/12\/IMG_0731-225x300.jpg\" alt=\"\" width=\"225\" height=\"300\" srcset=\"http:\/\/blog.meineigenerweg.de\/wp-content\/uploads\/2023\/12\/IMG_0731-225x300.jpg 225w, http:\/\/blog.meineigenerweg.de\/wp-content\/uploads\/2023\/12\/IMG_0731.jpg 750w\" sizes=\"auto, (max-width: 225px) 100vw, 225px\" \/><\/a> <a href=\"http:\/\/blog.meineigenerweg.de\/wp-content\/uploads\/2023\/12\/IMG_0729.jpg\"><img loading=\"lazy\" decoding=\"async\" class=\"alignnone size-medium wp-image-9456\" src=\"http:\/\/blog.meineigenerweg.de\/wp-content\/uploads\/2023\/12\/IMG_0729-225x300.jpg\" alt=\"\" width=\"225\" height=\"300\" srcset=\"http:\/\/blog.meineigenerweg.de\/wp-content\/uploads\/2023\/12\/IMG_0729-225x300.jpg 225w, http:\/\/blog.meineigenerweg.de\/wp-content\/uploads\/2023\/12\/IMG_0729.jpg 750w\" sizes=\"auto, (max-width: 225px) 100vw, 225px\" \/><\/a><br \/>\nMit dem Auto geht es auf den Kahlen Asten, den mit 842 mtr h\u00f6chsten Berg des Sauerlands. Wir folgen dem kleinen Rundweg, mit 2 kleinen Knirpsen im Schlepptau reicht eine kleine Wanderung. Das Wetter bleibt trocken, aber grau. Daf\u00fcr der Hingucker in den Wiesen: tausende kleine Wassertropfen!<br \/>\n<a href=\"http:\/\/blog.meineigenerweg.de\/wp-content\/uploads\/2023\/12\/DSC_0693.jpg\"><img loading=\"lazy\" decoding=\"async\" class=\"alignnone size-medium wp-image-9458\" src=\"http:\/\/blog.meineigenerweg.de\/wp-content\/uploads\/2023\/12\/DSC_0693-300x200.jpg\" alt=\"\" width=\"300\" height=\"200\" srcset=\"http:\/\/blog.meineigenerweg.de\/wp-content\/uploads\/2023\/12\/DSC_0693-300x200.jpg 300w, http:\/\/blog.meineigenerweg.de\/wp-content\/uploads\/2023\/12\/DSC_0693-768x512.jpg 768w, http:\/\/blog.meineigenerweg.de\/wp-content\/uploads\/2023\/12\/DSC_0693.jpg 1000w\" sizes=\"auto, (max-width: 300px) 100vw, 300px\" \/><\/a> <a href=\"http:\/\/blog.meineigenerweg.de\/wp-content\/uploads\/2023\/12\/DSC_0687.jpg\"><img loading=\"lazy\" decoding=\"async\" class=\"alignnone size-medium wp-image-9459\" src=\"http:\/\/blog.meineigenerweg.de\/wp-content\/uploads\/2023\/12\/DSC_0687-300x200.jpg\" alt=\"\" width=\"300\" height=\"200\" srcset=\"http:\/\/blog.meineigenerweg.de\/wp-content\/uploads\/2023\/12\/DSC_0687-300x200.jpg 300w, http:\/\/blog.meineigenerweg.de\/wp-content\/uploads\/2023\/12\/DSC_0687-768x512.jpg 768w, http:\/\/blog.meineigenerweg.de\/wp-content\/uploads\/2023\/12\/DSC_0687.jpg 1000w\" sizes=\"auto, (max-width: 300px) 100vw, 300px\" \/><\/a><br \/>\nDas Mitttagessen war auch gesichert, Pilzpfanne und Preiselbeeren ;-).<br \/>\n<a href=\"http:\/\/blog.meineigenerweg.de\/wp-content\/uploads\/2023\/12\/IMG_4663-1.jpg\"><img loading=\"lazy\" decoding=\"async\" class=\"alignnone size-medium wp-image-9463\" src=\"http:\/\/blog.meineigenerweg.de\/wp-content\/uploads\/2023\/12\/IMG_4663-1-300x200.jpg\" alt=\"\" width=\"300\" height=\"200\" srcset=\"http:\/\/blog.meineigenerweg.de\/wp-content\/uploads\/2023\/12\/IMG_4663-1-300x200.jpg 300w, http:\/\/blog.meineigenerweg.de\/wp-content\/uploads\/2023\/12\/IMG_4663-1-768x511.jpg 768w, http:\/\/blog.meineigenerweg.de\/wp-content\/uploads\/2023\/12\/IMG_4663-1.jpg 1000w\" sizes=\"auto, (max-width: 300px) 100vw, 300px\" \/><\/a>\u00a0<a href=\"http:\/\/blog.meineigenerweg.de\/wp-content\/uploads\/2023\/12\/DSC_0699.jpg\"><img loading=\"lazy\" decoding=\"async\" class=\"alignnone size-medium wp-image-9461\" src=\"http:\/\/blog.meineigenerweg.de\/wp-content\/uploads\/2023\/12\/DSC_0699-300x200.jpg\" alt=\"\" width=\"300\" height=\"200\" srcset=\"http:\/\/blog.meineigenerweg.de\/wp-content\/uploads\/2023\/12\/DSC_0699-300x200.jpg 300w, http:\/\/blog.meineigenerweg.de\/wp-content\/uploads\/2023\/12\/DSC_0699-768x512.jpg 768w, http:\/\/blog.meineigenerweg.de\/wp-content\/uploads\/2023\/12\/DSC_0699.jpg 1000w\" sizes=\"auto, (max-width: 300px) 100vw, 300px\" \/><\/a><\/p>\n<p>Es entspricht nicht so ganz meinen Vorstellungen von einer Skih\u00fctte, aber es fehlte ja auch noch der Schnee. Trotzdem war es gem\u00fctlich und urig, das Essen war okay. Anschlie\u00dfend hatten gro\u00dfe und kleine Kinder noch Spa\u00df am Hauklotz, in den mit m\u00f6glichst wenigen Schl\u00e4gen ein gro\u00dfer Nagel hineingeschlagen werden sollte.<br \/>\n<a href=\"http:\/\/blog.meineigenerweg.de\/wp-content\/uploads\/2023\/12\/IMG_4776.jpg\"><img loading=\"lazy\" decoding=\"async\" class=\"alignnone size-medium wp-image-9465\" src=\"http:\/\/blog.meineigenerweg.de\/wp-content\/uploads\/2023\/12\/IMG_4776-300x200.jpg\" alt=\"\" width=\"300\" height=\"200\" srcset=\"http:\/\/blog.meineigenerweg.de\/wp-content\/uploads\/2023\/12\/IMG_4776-300x200.jpg 300w, http:\/\/blog.meineigenerweg.de\/wp-content\/uploads\/2023\/12\/IMG_4776-768x512.jpg 768w, http:\/\/blog.meineigenerweg.de\/wp-content\/uploads\/2023\/12\/IMG_4776.jpg 1000w\" sizes=\"auto, (max-width: 300px) 100vw, 300px\" \/><\/a><\/p>\n<p>Auf dem <span style=\"color: #0000ff;\"><a href=\"http:\/\/www.erlebnisbergkappe.de\/\" target=\"_blank\" rel=\"noopener noreferrer\"><span style=\"color: #0000ff;\"><span style=\"text-decoration: underline;\">Erlebnisberg Kappe<\/span><\/span><\/a><\/span> gibt es jede Menge Aktivit\u00e4ten. Im Winter nat\u00fcrlich Skifahren im Sommer Mountenbiking und einiges mehr f\u00fcr gro\u00df und klein.<\/p>\n<p>Auf der Sommerrodelbahn hatten alle Spa\u00df und wir sind einige Male damit ins Tal gerutscht.<br \/>\n<a href=\"http:\/\/blog.meineigenerweg.de\/wp-content\/uploads\/2023\/12\/0eb572d4-0a59-4963-b892-f5a3ffa62f5e.jpg\"><img loading=\"lazy\" decoding=\"async\" class=\"alignnone size-medium wp-image-9467\" src=\"http:\/\/blog.meineigenerweg.de\/wp-content\/uploads\/2023\/12\/0eb572d4-0a59-4963-b892-f5a3ffa62f5e-300x200.jpg\" alt=\"\" width=\"300\" height=\"200\" srcset=\"http:\/\/blog.meineigenerweg.de\/wp-content\/uploads\/2023\/12\/0eb572d4-0a59-4963-b892-f5a3ffa62f5e-300x200.jpg 300w, http:\/\/blog.meineigenerweg.de\/wp-content\/uploads\/2023\/12\/0eb572d4-0a59-4963-b892-f5a3ffa62f5e-768x511.jpg 768w, http:\/\/blog.meineigenerweg.de\/wp-content\/uploads\/2023\/12\/0eb572d4-0a59-4963-b892-f5a3ffa62f5e.jpg 1000w\" sizes=\"auto, (max-width: 300px) 100vw, 300px\" \/><\/a><\/p>\n<p>Die FlyLine ist so etwas \u00e4hnliches wie die <span style=\"color: #0000ff;\"><a href=\"http:\/\/blog.meineigenerweg.de\/?page_id=7699\" target=\"_blank\" rel=\"noopener noreferrer\"><span style=\"color: #0000ff;\"><span style=\"text-decoration: underline;\">Zipline<\/span><\/span><\/a><\/span> im Harz, zwar nicht so \u00a0aufregend und spektakul\u00e4r, daf\u00fcr aber bestens f\u00fcr Kinder geeignet. \u00dcber fast 1000 Meter gleitet man in luftiger H\u00f6he \u00fcber Wiesen und durch W\u00e4lder hinab ins Tal. Anschlie\u00dfend f\u00e4hrt man entspannt mit dem Sessellift wieder hinauf zur Bergstation wo die Fahrt begann.<br \/>\n<a href=\"http:\/\/blog.meineigenerweg.de\/wp-content\/uploads\/2023\/12\/FullSizeRender-9.jpg\"><img loading=\"lazy\" decoding=\"async\" class=\"alignnone size-medium wp-image-9469\" src=\"http:\/\/blog.meineigenerweg.de\/wp-content\/uploads\/2023\/12\/FullSizeRender-9-300x200.jpg\" alt=\"\" width=\"300\" height=\"200\" srcset=\"http:\/\/blog.meineigenerweg.de\/wp-content\/uploads\/2023\/12\/FullSizeRender-9-300x200.jpg 300w, http:\/\/blog.meineigenerweg.de\/wp-content\/uploads\/2023\/12\/FullSizeRender-9-768x511.jpg 768w, http:\/\/blog.meineigenerweg.de\/wp-content\/uploads\/2023\/12\/FullSizeRender-9.jpg 1000w\" sizes=\"auto, (max-width: 300px) 100vw, 300px\" \/> <\/a><a href=\"http:\/\/blog.meineigenerweg.de\/wp-content\/uploads\/2023\/12\/IMG_4805.jpg\"><img loading=\"lazy\" decoding=\"async\" class=\"alignnone size-medium wp-image-9471\" src=\"http:\/\/blog.meineigenerweg.de\/wp-content\/uploads\/2023\/12\/IMG_4805-300x200.jpg\" alt=\"\" width=\"300\" height=\"200\" srcset=\"http:\/\/blog.meineigenerweg.de\/wp-content\/uploads\/2023\/12\/IMG_4805-300x200.jpg 300w, http:\/\/blog.meineigenerweg.de\/wp-content\/uploads\/2023\/12\/IMG_4805-768x512.jpg 768w, http:\/\/blog.meineigenerweg.de\/wp-content\/uploads\/2023\/12\/IMG_4805.jpg 1000w\" sizes=\"auto, (max-width: 300px) 100vw, 300px\" \/><\/a><\/p>\n<p>Panorama Erlebnisbr\u00fccke<br \/>\nMan kann in luftiger H\u00f6he ganz gem\u00fctlich \u00fcber die Holzbr\u00fccke spazieren, auch mit Kind und Kegel im Buggy. F\u00fcr Abenteuerlustige geht es allerdings gerne mal unterhalb der Br\u00fccke durch Rohre und Netzgeflechte, mal \u00fcber schwankende Stege oberhalb der Br\u00fccke. Am Ende kann man umdrehen und gem\u00fctlich zur\u00fccklaufen, oder die Wendeltreppe hinunter nehmen, oder eine steile Rutschpartie machen.<br \/>\n<a href=\"http:\/\/blog.meineigenerweg.de\/wp-content\/uploads\/2023\/12\/IMG_4783.jpg\"><img loading=\"lazy\" decoding=\"async\" class=\"alignnone size-medium wp-image-9473\" src=\"http:\/\/blog.meineigenerweg.de\/wp-content\/uploads\/2023\/12\/IMG_4783-300x200.jpg\" alt=\"\" width=\"300\" height=\"200\" srcset=\"http:\/\/blog.meineigenerweg.de\/wp-content\/uploads\/2023\/12\/IMG_4783-300x200.jpg 300w, http:\/\/blog.meineigenerweg.de\/wp-content\/uploads\/2023\/12\/IMG_4783-768x512.jpg 768w, http:\/\/blog.meineigenerweg.de\/wp-content\/uploads\/2023\/12\/IMG_4783.jpg 1000w\" sizes=\"auto, (max-width: 300px) 100vw, 300px\" \/> <\/a><a href=\"http:\/\/blog.meineigenerweg.de\/wp-content\/uploads\/2023\/12\/IMG_4814.jpg\"><img loading=\"lazy\" decoding=\"async\" class=\"alignnone size-medium wp-image-9477\" src=\"http:\/\/blog.meineigenerweg.de\/wp-content\/uploads\/2023\/12\/IMG_4814-300x200.jpg\" alt=\"\" width=\"300\" height=\"200\" srcset=\"http:\/\/blog.meineigenerweg.de\/wp-content\/uploads\/2023\/12\/IMG_4814-300x200.jpg 300w, http:\/\/blog.meineigenerweg.de\/wp-content\/uploads\/2023\/12\/IMG_4814-768x512.jpg 768w, http:\/\/blog.meineigenerweg.de\/wp-content\/uploads\/2023\/12\/IMG_4814.jpg 1000w\" sizes=\"auto, (max-width: 300px) 100vw, 300px\" \/><\/a><br \/>\n<a href=\"http:\/\/blog.meineigenerweg.de\/wp-content\/uploads\/2023\/12\/e05f192a-eb7b-43be-b670-d408e5a23e78.jpg\"><img loading=\"lazy\" decoding=\"async\" class=\"alignnone size-medium wp-image-9478\" src=\"http:\/\/blog.meineigenerweg.de\/wp-content\/uploads\/2023\/12\/e05f192a-eb7b-43be-b670-d408e5a23e78-300x200.jpg\" alt=\"\" width=\"300\" height=\"200\" srcset=\"http:\/\/blog.meineigenerweg.de\/wp-content\/uploads\/2023\/12\/e05f192a-eb7b-43be-b670-d408e5a23e78-300x200.jpg 300w, http:\/\/blog.meineigenerweg.de\/wp-content\/uploads\/2023\/12\/e05f192a-eb7b-43be-b670-d408e5a23e78-768x511.jpg 768w, http:\/\/blog.meineigenerweg.de\/wp-content\/uploads\/2023\/12\/e05f192a-eb7b-43be-b670-d408e5a23e78.jpg 1000w\" sizes=\"auto, (max-width: 300px) 100vw, 300px\" \/><\/a> <a href=\"http:\/\/blog.meineigenerweg.de\/wp-content\/uploads\/2023\/12\/877e0f3b-836a-4d89-b09c-150563e11f43.jpg\"><img loading=\"lazy\" decoding=\"async\" class=\"alignnone size-medium wp-image-9479\" src=\"http:\/\/blog.meineigenerweg.de\/wp-content\/uploads\/2023\/12\/877e0f3b-836a-4d89-b09c-150563e11f43-300x200.jpg\" alt=\"\" width=\"300\" height=\"200\" srcset=\"http:\/\/blog.meineigenerweg.de\/wp-content\/uploads\/2023\/12\/877e0f3b-836a-4d89-b09c-150563e11f43-300x200.jpg 300w, http:\/\/blog.meineigenerweg.de\/wp-content\/uploads\/2023\/12\/877e0f3b-836a-4d89-b09c-150563e11f43-768x512.jpg 768w, http:\/\/blog.meineigenerweg.de\/wp-content\/uploads\/2023\/12\/877e0f3b-836a-4d89-b09c-150563e11f43.jpg 1000w\" sizes=\"auto, (max-width: 300px) 100vw, 300px\" \/><\/a><br \/>\n<a href=\"http:\/\/blog.meineigenerweg.de\/wp-content\/uploads\/2023\/12\/1d842a0d-26a7-4530-ab0a-bd0419304c37-1.jpg\"><img loading=\"lazy\" decoding=\"async\" class=\"alignnone size-medium wp-image-9480\" src=\"http:\/\/blog.meineigenerweg.de\/wp-content\/uploads\/2023\/12\/1d842a0d-26a7-4530-ab0a-bd0419304c37-1-300x200.jpg\" alt=\"\" width=\"300\" height=\"200\" srcset=\"http:\/\/blog.meineigenerweg.de\/wp-content\/uploads\/2023\/12\/1d842a0d-26a7-4530-ab0a-bd0419304c37-1-300x200.jpg 300w, http:\/\/blog.meineigenerweg.de\/wp-content\/uploads\/2023\/12\/1d842a0d-26a7-4530-ab0a-bd0419304c37-1-768x512.jpg 768w, http:\/\/blog.meineigenerweg.de\/wp-content\/uploads\/2023\/12\/1d842a0d-26a7-4530-ab0a-bd0419304c37-1.jpg 1000w\" sizes=\"auto, (max-width: 300px) 100vw, 300px\" \/><\/a><br \/>\n<a href=\"http:\/\/blog.meineigenerweg.de\/wp-content\/uploads\/2023\/12\/IMG_4813.jpg\"><img loading=\"lazy\" decoding=\"async\" class=\"alignnone size-medium wp-image-9481\" src=\"http:\/\/blog.meineigenerweg.de\/wp-content\/uploads\/2023\/12\/IMG_4813-225x300.jpg\" alt=\"\" width=\"225\" height=\"300\" srcset=\"http:\/\/blog.meineigenerweg.de\/wp-content\/uploads\/2023\/12\/IMG_4813-225x300.jpg 225w, http:\/\/blog.meineigenerweg.de\/wp-content\/uploads\/2023\/12\/IMG_4813.jpg 750w\" sizes=\"auto, (max-width: 225px) 100vw, 225px\" \/><\/a><\/p>\n<p>&nbsp;<\/p>\n<p><em>Meine Wertung: <span style=\"color: #ff0000;\">*****\u00a0<\/span><\/em><br \/>\n<em>Mit der Familie ein tolles Event (ohne Kinder w\u00e4re es mir zu trubelig)<\/em><br \/>\n<em>Winterberg, Sauerland<\/em><\/p>\n","protected":false},"excerpt":{"rendered":"<p>Oktober 2023 &nbsp; \u00dcberraschung! Zu meinem 70ten Geburtstag hat mich die Familie ins Sauerland eingeladen. Frau, Kinder, Enkel &#8211; alle treffen f\u00fcr ein paar Tage \u00a0in dem gro\u00dfen Ferienhaus im Upland Ferienpark ein. Kaminofen, Sauna, gen\u00fcgend Schlafzimmer &#8211; alles vorhanden! Da konnten wir es trotz des Schmuddelwetters gut aushalten. Und<\/p>\n","protected":false},"author":1,"featured_media":9539,"parent":3160,"menu_order":0,"comment_status":"closed","ping_status":"closed","template":"","meta":{"footnotes":""},"class_list":["post-9438","page","type-page","status-publish","has-post-thumbnail","hentry"],"_links":{"self":[{"href":"http:\/\/blog.meineigenerweg.de\/index.php?rest_route=\/wp\/v2\/pages\/9438","targetHints":{"allow":["GET"]}}],"collection":[{"href":"http:\/\/blog.meineigenerweg.de\/index.php?rest_route=\/wp\/v2\/pages"}],"about":[{"href":"http:\/\/blog.meineigenerweg.de\/index.php?rest_route=\/wp\/v2\/types\/page"}],"author":[{"embeddable":true,"href":"http:\/\/blog.meineigenerweg.de\/index.php?rest_route=\/wp\/v2\/users\/1"}],"replies":[{"embeddable":true,"href":"http:\/\/blog.meineigenerweg.de\/index.php?rest_route=%2Fwp%2Fv2%2Fcomments&post=9438"}],"version-history":[{"count":32,"href":"http:\/\/blog.meineigenerweg.de\/index.php?rest_route=\/wp\/v2\/pages\/9438\/revisions"}],"predecessor-version":[{"id":9555,"href":"http:\/\/blog.meineigenerweg.de\/index.php?rest_route=\/wp\/v2\/pages\/9438\/revisions\/9555"}],"up":[{"embeddable":true,"href":"http:\/\/blog.meineigenerweg.de\/index.php?rest_route=\/wp\/v2\/pages\/3160"}],"wp:featuredmedia":[{"embeddable":true,"href":"http:\/\/blog.meineigenerweg.de\/index.php?rest_route=\/wp\/v2\/media\/9539"}],"wp:attachment":[{"href":"http:\/\/blog.meineigenerweg.de\/index.php?rest_route=%2Fwp%2Fv2%2Fmedia&parent=9438"}],"curies":[{"name":"wp","href":"https:\/\/api.w.org\/{rel}","templated":true}]}}