{"id":9406,"date":"2023-10-03T19:16:09","date_gmt":"2023-10-03T18:16:09","guid":{"rendered":"http:\/\/blog.meineigenerweg.de\/?page_id=9406"},"modified":"2023-10-03T19:16:09","modified_gmt":"2023-10-03T18:16:09","slug":"wuppertal-skulpturenpark","status":"publish","type":"page","link":"http:\/\/blog.meineigenerweg.de\/?page_id=9406","title":{"rendered":"Wuppertal &#8211; Skulpturenpark ***"},"content":{"rendered":"<p>September 2023<\/p>\n<p>&nbsp;<\/p>\n<p>Jetzt wohnen wir schon so lange in der N\u00e4he von Wuppertal und waren doch noch nicht im <span style=\"color: #0000ff;\"><a href=\"https:\/\/skulpturenpark-waldfrieden.de\/\" target=\"_blank\" rel=\"noopener noreferrer\"><span style=\"color: #0000ff;\"><span style=\"text-decoration: underline;\">Skulpturenpark<\/span><\/span><\/a>. <span style=\"color: #000000;\">Heute ist es sonnig und warm, genau richtig, um \u00fcber die sch\u00f6nen Wanderwege im schattigen Park zu flanieren.\u00a0<\/span><\/span><span style=\"color: #000000;\">Der Bildhauer Tony Cragg hat vor 15 Jahren die Ausstellung gegr\u00fcndet, um<\/span> seine und die Skulpturen anderer K\u00fcnstler auszustellen.<br \/>\n<a href=\"http:\/\/blog.meineigenerweg.de\/wp-content\/uploads\/2023\/10\/DSC_0632._xjpg.jpg\"><img loading=\"lazy\" decoding=\"async\" class=\"alignnone size-medium wp-image-9411\" src=\"http:\/\/blog.meineigenerweg.de\/wp-content\/uploads\/2023\/10\/DSC_0632._xjpg-300x200.jpg\" alt=\"\" width=\"300\" height=\"200\" srcset=\"http:\/\/blog.meineigenerweg.de\/wp-content\/uploads\/2023\/10\/DSC_0632._xjpg-300x200.jpg 300w, http:\/\/blog.meineigenerweg.de\/wp-content\/uploads\/2023\/10\/DSC_0632._xjpg-768x512.jpg 768w, http:\/\/blog.meineigenerweg.de\/wp-content\/uploads\/2023\/10\/DSC_0632._xjpg.jpg 1000w\" sizes=\"auto, (max-width: 300px) 100vw, 300px\" \/><\/a> <a href=\"http:\/\/blog.meineigenerweg.de\/wp-content\/uploads\/2023\/10\/DSC_0649_x.jpg\"><img loading=\"lazy\" decoding=\"async\" class=\"alignnone size-medium wp-image-9413\" src=\"http:\/\/blog.meineigenerweg.de\/wp-content\/uploads\/2023\/10\/DSC_0649_x-300x200.jpg\" alt=\"\" width=\"300\" height=\"200\" srcset=\"http:\/\/blog.meineigenerweg.de\/wp-content\/uploads\/2023\/10\/DSC_0649_x-300x200.jpg 300w, http:\/\/blog.meineigenerweg.de\/wp-content\/uploads\/2023\/10\/DSC_0649_x-768x512.jpg 768w, http:\/\/blog.meineigenerweg.de\/wp-content\/uploads\/2023\/10\/DSC_0649_x.jpg 1000w\" sizes=\"auto, (max-width: 300px) 100vw, 300px\" \/><\/a><\/p>\n<p>Auf dem F\u00f6rderturm im Nordsternpark in Gelsenkirchen steht der umstrittene gro\u00dfe Bruder zu L\u00fcpertz\u00b4 hier ausgestelltem Paris, Herkules &#8211; von den Gelsenkirchenern liebevoll \u00b4\u00d6mmes` genannt.<br \/>\n<a href=\"http:\/\/blog.meineigenerweg.de\/wp-content\/uploads\/2023\/10\/aee63714-c726-466d-8a73-94d6167ebecc_x.jpg\"><img loading=\"lazy\" decoding=\"async\" class=\"alignnone size-medium wp-image-9414\" src=\"http:\/\/blog.meineigenerweg.de\/wp-content\/uploads\/2023\/10\/aee63714-c726-466d-8a73-94d6167ebecc_x-226x300.jpg\" alt=\"\" width=\"226\" height=\"300\" srcset=\"http:\/\/blog.meineigenerweg.de\/wp-content\/uploads\/2023\/10\/aee63714-c726-466d-8a73-94d6167ebecc_x-226x300.jpg 226w, http:\/\/blog.meineigenerweg.de\/wp-content\/uploads\/2023\/10\/aee63714-c726-466d-8a73-94d6167ebecc_x.jpg 753w\" sizes=\"auto, (max-width: 226px) 100vw, 226px\" \/><\/a><\/p>\n<p>Ich bin an den Spreewald erinnert &#8211; die Objekte hei\u00dfen \u00b43 Gurken`!<br \/>\n<a href=\"http:\/\/blog.meineigenerweg.de\/wp-content\/uploads\/2023\/10\/DSC_0647_x.jpg\"><img loading=\"lazy\" decoding=\"async\" class=\"alignnone size-medium wp-image-9412\" src=\"http:\/\/blog.meineigenerweg.de\/wp-content\/uploads\/2023\/10\/DSC_0647_x-300x200.jpg\" alt=\"\" width=\"300\" height=\"200\" srcset=\"http:\/\/blog.meineigenerweg.de\/wp-content\/uploads\/2023\/10\/DSC_0647_x-300x200.jpg 300w, http:\/\/blog.meineigenerweg.de\/wp-content\/uploads\/2023\/10\/DSC_0647_x-768x512.jpg 768w, http:\/\/blog.meineigenerweg.de\/wp-content\/uploads\/2023\/10\/DSC_0647_x.jpg 1000w\" sizes=\"auto, (max-width: 300px) 100vw, 300px\" \/><\/a><\/p>\n<p>&nbsp;<\/p>\n<p><em>Meine Wertung: <span style=\"color: #ff0000;\">***<\/span>** sch\u00f6ner Waldspaziergang<\/em><br \/>\n<em>Skulpturenpark Waldfrieden<\/em><br \/>\n<em>Hirschstr. 12<\/em><br \/>\n<em>42285 Wuppertal<\/em><\/p>\n","protected":false},"excerpt":{"rendered":"<p>September 2023 &nbsp; Jetzt wohnen wir schon so lange in der N\u00e4he von Wuppertal und waren doch noch nicht im Skulpturenpark. Heute ist es sonnig und warm, genau richtig, um \u00fcber die sch\u00f6nen Wanderwege im schattigen Park zu flanieren.\u00a0Der Bildhauer Tony Cragg hat vor 15 Jahren die Ausstellung gegr\u00fcndet, um<\/p>\n","protected":false},"author":1,"featured_media":9432,"parent":5559,"menu_order":0,"comment_status":"closed","ping_status":"closed","template":"","meta":{"footnotes":""},"class_list":["post-9406","page","type-page","status-publish","has-post-thumbnail","hentry"],"_links":{"self":[{"href":"http:\/\/blog.meineigenerweg.de\/index.php?rest_route=\/wp\/v2\/pages\/9406","targetHints":{"allow":["GET"]}}],"collection":[{"href":"http:\/\/blog.meineigenerweg.de\/index.php?rest_route=\/wp\/v2\/pages"}],"about":[{"href":"http:\/\/blog.meineigenerweg.de\/index.php?rest_route=\/wp\/v2\/types\/page"}],"author":[{"embeddable":true,"href":"http:\/\/blog.meineigenerweg.de\/index.php?rest_route=\/wp\/v2\/users\/1"}],"replies":[{"embeddable":true,"href":"http:\/\/blog.meineigenerweg.de\/index.php?rest_route=%2Fwp%2Fv2%2Fcomments&post=9406"}],"version-history":[{"count":13,"href":"http:\/\/blog.meineigenerweg.de\/index.php?rest_route=\/wp\/v2\/pages\/9406\/revisions"}],"predecessor-version":[{"id":9431,"href":"http:\/\/blog.meineigenerweg.de\/index.php?rest_route=\/wp\/v2\/pages\/9406\/revisions\/9431"}],"up":[{"embeddable":true,"href":"http:\/\/blog.meineigenerweg.de\/index.php?rest_route=\/wp\/v2\/pages\/5559"}],"wp:featuredmedia":[{"embeddable":true,"href":"http:\/\/blog.meineigenerweg.de\/index.php?rest_route=\/wp\/v2\/media\/9432"}],"wp:attachment":[{"href":"http:\/\/blog.meineigenerweg.de\/index.php?rest_route=%2Fwp%2Fv2%2Fmedia&parent=9406"}],"curies":[{"name":"wp","href":"https:\/\/api.w.org\/{rel}","templated":true}]}}