{"id":9279,"date":"2023-10-03T12:25:16","date_gmt":"2023-10-03T11:25:16","guid":{"rendered":"http:\/\/blog.meineigenerweg.de\/?page_id=9279"},"modified":"2023-10-03T12:30:15","modified_gmt":"2023-10-03T11:30:15","slug":"monschau-sternennacht","status":"publish","type":"page","link":"http:\/\/blog.meineigenerweg.de\/?page_id=9279","title":{"rendered":"Monschau &#8211; Sternenwanderung ****"},"content":{"rendered":"<p>August 2023<\/p>\n<p>&nbsp;<\/p>\n<p><strong>Sternenwanderung<\/strong><\/p>\n<p>Jedes Jahr Mitte August kann man am Himmel besonders viele Sternschnuppen beobachten, die Perseiden ziehen an der Erde vorbei.<\/p>\n<p>Es ist der Komet Swift-Tuttle, der regelm\u00e4\u00dfig die Bahn der Erde kreuzt. In seinem Schweif befinden sich zahllose unterschiedlich gro\u00dfe Gesteins- und Eisbrocken. Wenn diese mit der Erdatmosph\u00e4re in Ber\u00fchrung kommen, vergl\u00fchen sie und zeichnen einen leuchtende Streifen an den Nachthimmel.<\/p>\n<p>Der Nachthimmel \u00fcber unseren St\u00e4dten ist durch die Beleuchtung der H\u00e4user und Stra\u00dfen leider viel zu hell, um viele Sterne erkennen zu k\u00f6nnen. Mit blo\u00dfem Auge kann man hier ca. 1000 Sterne sehen. Es gibt aber auch Orte an denen die Lichtverschmutzung wesentlich geringer ist, die weitab von gro\u00dfen St\u00e4dten und Stra\u00dfen und Laternen sind. Dort kann man mit blo\u00dfem Auge bis zu 6000 Sterne am Nachthimmel erkennen.<\/p>\n<p>Ein solcher Ort ist der Sternenpark im Nationalpark Eifel in der N\u00e4he des Rursees. Ein findiger Astronom l\u00e4dt hier gegen einen kleinen Kostenbeitrag regelm\u00e4\u00dfig zu einer <span style=\"color: #0000ff;\"><a href=\"https:\/\/www.sterne-ohne-grenzen.de\" target=\"_blank\" rel=\"noopener noreferrer\"><span style=\"color: #0000ff;\"><span style=\"text-decoration: underline;\">Sternenwanderung<\/span><\/span><\/a><\/span> ein. Gewandert wird jedoch nicht mit den F\u00fc\u00dfen, sondern mit den Augen \u00fcber den Nachthimmel.<\/p>\n<p>Mit Beginn der D\u00e4mmerung geht es los. Wir haben uns mit bestimmt 100 anderen Sternenguckern auf einer gro\u00dfen Wiese mitten im Wald getroffen. Jeder hatte sich eingedeckt mit St\u00fchlen, Liegen, Luftmatratzen, Decken und dicken Jacken. Ja, dicke Jacken sind gut, denn selbst im Sommer wird es nachts in der Eifel empfindlich feucht und kalt. Da die Sternenwanderung unter guten Bedingungen, also klare Sicht und keine Wolken, bis morgens um f\u00fcnf dauert, ist auch ein bisschen Proviant nicht schlecht. So haben wir uns mit Wasser und Rotwein eingedeckt, mit Mettw\u00fcrstechen und einem St\u00fcck K\u00e4se, und was zum Knabbern und Naschen. Au\u00dferdem hatten wir nat\u00fcrlich den Fotoapparat und ein Stativ dabei und gute Ferngl\u00e4ser, denn damit ist der Sternenhimmel noch viel beeindruckender.<br \/>\n<a href=\"http:\/\/blog.meineigenerweg.de\/wp-content\/uploads\/2023\/08\/93A42A21-C467-4165-9E90-DAD8CEE973E1_x.jpg\"><img loading=\"lazy\" decoding=\"async\" class=\"alignnone size-medium wp-image-9340\" src=\"http:\/\/blog.meineigenerweg.de\/wp-content\/uploads\/2023\/08\/93A42A21-C467-4165-9E90-DAD8CEE973E1_x-300x169.jpg\" alt=\"\" width=\"300\" height=\"169\" srcset=\"http:\/\/blog.meineigenerweg.de\/wp-content\/uploads\/2023\/08\/93A42A21-C467-4165-9E90-DAD8CEE973E1_x-300x169.jpg 300w, http:\/\/blog.meineigenerweg.de\/wp-content\/uploads\/2023\/08\/93A42A21-C467-4165-9E90-DAD8CEE973E1_x-768x432.jpg 768w, http:\/\/blog.meineigenerweg.de\/wp-content\/uploads\/2023\/08\/93A42A21-C467-4165-9E90-DAD8CEE973E1_x.jpg 1000w\" sizes=\"auto, (max-width: 300px) 100vw, 300px\" \/><\/a><br \/>\nWir haben Luftmatratzen dabei, was f\u00fcr den Blick nach oben ziemlich gut ist.<br \/>\nDer Veranstalter hatte ein gro\u00dfes mobiles Teleskop aufgebaut, durch das jeder, der m\u00f6chte, mal einen Blick zu den Sternen schicken kann. Man kann den Saturn mit seinen Ringen gut erkennen, oder auch den Jupiter mit seinen Monden.<br \/>\n<a href=\"http:\/\/blog.meineigenerweg.de\/wp-content\/uploads\/2023\/09\/IMG_6427.jpeg\"><img loading=\"lazy\" decoding=\"async\" class=\"alignnone size-medium wp-image-9344\" src=\"http:\/\/blog.meineigenerweg.de\/wp-content\/uploads\/2023\/09\/IMG_6427-300x220.jpeg\" alt=\"\" width=\"300\" height=\"220\" srcset=\"http:\/\/blog.meineigenerweg.de\/wp-content\/uploads\/2023\/09\/IMG_6427-300x220.jpeg 300w, http:\/\/blog.meineigenerweg.de\/wp-content\/uploads\/2023\/09\/IMG_6427-768x562.jpeg 768w, http:\/\/blog.meineigenerweg.de\/wp-content\/uploads\/2023\/09\/IMG_6427.jpeg 1000w\" sizes=\"auto, (max-width: 300px) 100vw, 300px\" \/><\/a><br \/>\nWir haben eine Menge Neues erfahren, zum Beispiel \u00fcber das Sternbild des Gro\u00dfen Wagens. Der mittlere Stern der Deichsel ist der sogenannte Augenstern. Wer besonders gute Augen hat, erkennt, dass es nicht nur ein Stern, sondern ein Doppelstern ist!<br \/>\n<a href=\"http:\/\/blog.meineigenerweg.de\/wp-content\/uploads\/2023\/09\/DSC_0004-scaled.jpeg\"><img loading=\"lazy\" decoding=\"async\" class=\"alignnone wp-image-9345 size-medium\" src=\"http:\/\/blog.meineigenerweg.de\/wp-content\/uploads\/2023\/09\/DSC_0004-scaled-e1696332208890-300x204.jpeg\" alt=\"\" width=\"300\" height=\"204\" srcset=\"http:\/\/blog.meineigenerweg.de\/wp-content\/uploads\/2023\/09\/DSC_0004-scaled-e1696332208890-300x204.jpeg 300w, http:\/\/blog.meineigenerweg.de\/wp-content\/uploads\/2023\/09\/DSC_0004-scaled-e1696332208890-1024x696.jpeg 1024w, http:\/\/blog.meineigenerweg.de\/wp-content\/uploads\/2023\/09\/DSC_0004-scaled-e1696332208890-768x522.jpeg 768w, http:\/\/blog.meineigenerweg.de\/wp-content\/uploads\/2023\/09\/DSC_0004-scaled-e1696332208890-1536x1044.jpeg 1536w, http:\/\/blog.meineigenerweg.de\/wp-content\/uploads\/2023\/09\/DSC_0004-scaled-e1696332208890.jpeg 1722w\" sizes=\"auto, (max-width: 300px) 100vw, 300px\" \/><\/a><br \/>\nUnd nat\u00fcrlich haben wir viele Sternschnuppen gesehen, gro\u00dfe und kleine, helle und dunklere. Ein tolles Erlebnis.<\/p>\n<p>&nbsp;<\/p>\n<p><strong>Monschau<\/strong><\/p>\n<p>\u00dcbernachtet haben wir in Monschau, direkt in der historischen Altstadt mit ihren vielen alten Fachwerkh\u00e4usern.<\/p>\n<p>Leider ist der Ort sehr touristisch und beim Bummel durch die Altstadt geht es entlang an Caf\u00e9s und Restaurants und Andenkenl\u00e4den mit entsprechendem Angebot.<br \/>\n<a href=\"http:\/\/blog.meineigenerweg.de\/wp-content\/uploads\/2023\/09\/IMG_3195_x.jpg\"><img loading=\"lazy\" decoding=\"async\" class=\"alignnone size-medium wp-image-9348\" src=\"http:\/\/blog.meineigenerweg.de\/wp-content\/uploads\/2023\/09\/IMG_3195_x-300x225.jpg\" alt=\"\" width=\"300\" height=\"225\" srcset=\"http:\/\/blog.meineigenerweg.de\/wp-content\/uploads\/2023\/09\/IMG_3195_x-300x225.jpg 300w, http:\/\/blog.meineigenerweg.de\/wp-content\/uploads\/2023\/09\/IMG_3195_x-768x576.jpg 768w, http:\/\/blog.meineigenerweg.de\/wp-content\/uploads\/2023\/09\/IMG_3195_x.jpg 1000w\" sizes=\"auto, (max-width: 300px) 100vw, 300px\" \/><\/a> <a href=\"http:\/\/blog.meineigenerweg.de\/wp-content\/uploads\/2023\/09\/IMG_3178_x.jpg\"><img loading=\"lazy\" decoding=\"async\" class=\"alignnone size-medium wp-image-9350\" src=\"http:\/\/blog.meineigenerweg.de\/wp-content\/uploads\/2023\/09\/IMG_3178_x-300x225.jpg\" alt=\"\" width=\"300\" height=\"225\" srcset=\"http:\/\/blog.meineigenerweg.de\/wp-content\/uploads\/2023\/09\/IMG_3178_x-300x225.jpg 300w, http:\/\/blog.meineigenerweg.de\/wp-content\/uploads\/2023\/09\/IMG_3178_x-768x576.jpg 768w, http:\/\/blog.meineigenerweg.de\/wp-content\/uploads\/2023\/09\/IMG_3178_x.jpg 1000w\" sizes=\"auto, (max-width: 300px) 100vw, 300px\" \/><\/a><br \/>\nManche H\u00e4user sind so krumm, das ich mich frage, wie man darin wohnen kann.<br \/>\n<a href=\"http:\/\/blog.meineigenerweg.de\/wp-content\/uploads\/2023\/09\/DSC_0557_x.png\"><img loading=\"lazy\" decoding=\"async\" class=\"alignnone size-medium wp-image-9351\" src=\"http:\/\/blog.meineigenerweg.de\/wp-content\/uploads\/2023\/09\/DSC_0557_x-300x200.png\" alt=\"\" width=\"300\" height=\"200\" srcset=\"http:\/\/blog.meineigenerweg.de\/wp-content\/uploads\/2023\/09\/DSC_0557_x-300x200.png 300w, http:\/\/blog.meineigenerweg.de\/wp-content\/uploads\/2023\/09\/DSC_0557_x-768x512.png 768w, http:\/\/blog.meineigenerweg.de\/wp-content\/uploads\/2023\/09\/DSC_0557_x.png 1000w\" sizes=\"auto, (max-width: 300px) 100vw, 300px\" \/><\/a><\/p>\n<p>Die Eifel l\u00e4dt nat\u00fcrlich zu einer Wanderung durch die nahegelegenen W\u00e4lder ein. Der Weg ist sehr abwechslungsreich und unterwegs gibt es auch einige M\u00f6glichkeiten, einzukehren.<\/p>\n<p><a href=\"http:\/\/blog.meineigenerweg.de\/wp-content\/uploads\/2023\/09\/DSC_0576-Bearbeitet.png\"><img loading=\"lazy\" decoding=\"async\" class=\"alignnone size-medium wp-image-9384\" src=\"http:\/\/blog.meineigenerweg.de\/wp-content\/uploads\/2023\/09\/DSC_0576-Bearbeitet-300x200.png\" alt=\"\" width=\"300\" height=\"200\" srcset=\"http:\/\/blog.meineigenerweg.de\/wp-content\/uploads\/2023\/09\/DSC_0576-Bearbeitet-300x200.png 300w, http:\/\/blog.meineigenerweg.de\/wp-content\/uploads\/2023\/09\/DSC_0576-Bearbeitet-768x512.png 768w, http:\/\/blog.meineigenerweg.de\/wp-content\/uploads\/2023\/09\/DSC_0576-Bearbeitet.png 1000w\" sizes=\"auto, (max-width: 300px) 100vw, 300px\" \/><\/a> <a href=\"http:\/\/blog.meineigenerweg.de\/wp-content\/uploads\/2023\/09\/DSC_0577-Bearbeitet.png\"><img loading=\"lazy\" decoding=\"async\" class=\"alignnone size-medium wp-image-9385\" src=\"http:\/\/blog.meineigenerweg.de\/wp-content\/uploads\/2023\/09\/DSC_0577-Bearbeitet-300x200.png\" alt=\"\" width=\"300\" height=\"200\" srcset=\"http:\/\/blog.meineigenerweg.de\/wp-content\/uploads\/2023\/09\/DSC_0577-Bearbeitet-300x200.png 300w, http:\/\/blog.meineigenerweg.de\/wp-content\/uploads\/2023\/09\/DSC_0577-Bearbeitet-768x512.png 768w, http:\/\/blog.meineigenerweg.de\/wp-content\/uploads\/2023\/09\/DSC_0577-Bearbeitet.png 1000w\" sizes=\"auto, (max-width: 300px) 100vw, 300px\" \/><\/a><\/p>\n<p>Abends geht es noch einmal auf einen der Hausberge, um einen Blick auf die beleuchteten H\u00e4user der Altstadt zu werfen.<br \/>\n<a href=\"http:\/\/blog.meineigenerweg.de\/wp-content\/uploads\/2023\/09\/IMG_3218_Bearbeitet.jpg\"><img loading=\"lazy\" decoding=\"async\" class=\"alignnone size-medium wp-image-9391\" src=\"http:\/\/blog.meineigenerweg.de\/wp-content\/uploads\/2023\/09\/IMG_3218_Bearbeitet-300x200.jpg\" alt=\"\" width=\"300\" height=\"200\" srcset=\"http:\/\/blog.meineigenerweg.de\/wp-content\/uploads\/2023\/09\/IMG_3218_Bearbeitet-300x200.jpg 300w, http:\/\/blog.meineigenerweg.de\/wp-content\/uploads\/2023\/09\/IMG_3218_Bearbeitet-768x512.jpg 768w, http:\/\/blog.meineigenerweg.de\/wp-content\/uploads\/2023\/09\/IMG_3218_Bearbeitet.jpg 999w\" sizes=\"auto, (max-width: 300px) 100vw, 300px\" \/><\/a><\/p>\n<p>Wir hatten Gl\u00fcck, an diesem Wochenende gab es ein Musikfest in der Altstadt. An mehreren Orten es gab Stra\u00dfenmusikanten und auf einer B\u00fchne den ganzen Abend Livemusik. Die Stimmung war gut und der Bierstand heftig umlagert.<br \/>\n<a href=\"http:\/\/blog.meineigenerweg.de\/wp-content\/uploads\/2023\/09\/DSC_0586-Bearbeitet.png\"><img loading=\"lazy\" decoding=\"async\" class=\"alignnone size-medium wp-image-9389\" src=\"http:\/\/blog.meineigenerweg.de\/wp-content\/uploads\/2023\/09\/DSC_0586-Bearbeitet-300x200.png\" alt=\"\" width=\"300\" height=\"200\" srcset=\"http:\/\/blog.meineigenerweg.de\/wp-content\/uploads\/2023\/09\/DSC_0586-Bearbeitet-300x200.png 300w, http:\/\/blog.meineigenerweg.de\/wp-content\/uploads\/2023\/09\/DSC_0586-Bearbeitet-768x512.png 768w, http:\/\/blog.meineigenerweg.de\/wp-content\/uploads\/2023\/09\/DSC_0586-Bearbeitet.png 1000w\" sizes=\"auto, (max-width: 300px) 100vw, 300px\" \/><\/a><\/p>\n<p>Am n\u00e4chsten Tag haben wir eine Tour durch die Glasbl\u00e4serei gemacht (die Markthalle strotzt vor Touristen-Stehr\u00fcmmchen). Wir konnten den Glasbl\u00e4sern zuschauen, wie sie Vasen und Schalen gearbeitet haben. Wir haben die Gelegenheit genutzt und uns selbst am Blasrohr ausprobiert. Es ist gar nicht schwer und wir haben sch\u00f6ne Glaskugeln geblasen.<br \/>\n<a href=\"http:\/\/blog.meineigenerweg.de\/wp-content\/uploads\/2023\/09\/DSC_0583-Bearbeitet.png\"><img loading=\"lazy\" decoding=\"async\" class=\"alignnone size-medium wp-image-9394\" src=\"http:\/\/blog.meineigenerweg.de\/wp-content\/uploads\/2023\/09\/DSC_0583-Bearbeitet-300x200.png\" alt=\"\" width=\"300\" height=\"200\" srcset=\"http:\/\/blog.meineigenerweg.de\/wp-content\/uploads\/2023\/09\/DSC_0583-Bearbeitet-300x200.png 300w, http:\/\/blog.meineigenerweg.de\/wp-content\/uploads\/2023\/09\/DSC_0583-Bearbeitet-768x512.png 768w, http:\/\/blog.meineigenerweg.de\/wp-content\/uploads\/2023\/09\/DSC_0583-Bearbeitet.png 1000w\" sizes=\"auto, (max-width: 300px) 100vw, 300px\" \/><\/a> <a href=\"http:\/\/blog.meineigenerweg.de\/wp-content\/uploads\/2023\/09\/IMG_3208_Bearbeitet.jpg\"><img loading=\"lazy\" decoding=\"async\" class=\"alignnone size-medium wp-image-9395\" src=\"http:\/\/blog.meineigenerweg.de\/wp-content\/uploads\/2023\/09\/IMG_3208_Bearbeitet-300x200.jpg\" alt=\"\" width=\"300\" height=\"200\" srcset=\"http:\/\/blog.meineigenerweg.de\/wp-content\/uploads\/2023\/09\/IMG_3208_Bearbeitet-300x200.jpg 300w, http:\/\/blog.meineigenerweg.de\/wp-content\/uploads\/2023\/09\/IMG_3208_Bearbeitet-768x512.jpg 768w, http:\/\/blog.meineigenerweg.de\/wp-content\/uploads\/2023\/09\/IMG_3208_Bearbeitet.jpg 1000w\" sizes=\"auto, (max-width: 300px) 100vw, 300px\" \/><\/a><\/p>\n<p>&nbsp;<\/p>\n<p><em>Meine Wertung: <span style=\"color: #ff0000;\">****<\/span>* sehr erlebnisreiches Wochenende<\/em><br \/>\n<i>Monschau<\/i><\/p>\n","protected":false},"excerpt":{"rendered":"<p>August 2023 &nbsp; Sternenwanderung Jedes Jahr Mitte August kann man am Himmel besonders viele Sternschnuppen beobachten, die Perseiden ziehen an der Erde vorbei. Es ist der Komet Swift-Tuttle, der regelm\u00e4\u00dfig die Bahn der Erde kreuzt. In seinem Schweif befinden sich zahllose unterschiedlich gro\u00dfe Gesteins- und Eisbrocken. Wenn diese mit der<\/p>\n","protected":false},"author":1,"featured_media":9397,"parent":5162,"menu_order":0,"comment_status":"closed","ping_status":"closed","template":"","meta":{"footnotes":""},"class_list":["post-9279","page","type-page","status-publish","has-post-thumbnail","hentry"],"_links":{"self":[{"href":"http:\/\/blog.meineigenerweg.de\/index.php?rest_route=\/wp\/v2\/pages\/9279","targetHints":{"allow":["GET"]}}],"collection":[{"href":"http:\/\/blog.meineigenerweg.de\/index.php?rest_route=\/wp\/v2\/pages"}],"about":[{"href":"http:\/\/blog.meineigenerweg.de\/index.php?rest_route=\/wp\/v2\/types\/page"}],"author":[{"embeddable":true,"href":"http:\/\/blog.meineigenerweg.de\/index.php?rest_route=\/wp\/v2\/users\/1"}],"replies":[{"embeddable":true,"href":"http:\/\/blog.meineigenerweg.de\/index.php?rest_route=%2Fwp%2Fv2%2Fcomments&post=9279"}],"version-history":[{"count":29,"href":"http:\/\/blog.meineigenerweg.de\/index.php?rest_route=\/wp\/v2\/pages\/9279\/revisions"}],"predecessor-version":[{"id":9424,"href":"http:\/\/blog.meineigenerweg.de\/index.php?rest_route=\/wp\/v2\/pages\/9279\/revisions\/9424"}],"up":[{"embeddable":true,"href":"http:\/\/blog.meineigenerweg.de\/index.php?rest_route=\/wp\/v2\/pages\/5162"}],"wp:featuredmedia":[{"embeddable":true,"href":"http:\/\/blog.meineigenerweg.de\/index.php?rest_route=\/wp\/v2\/media\/9397"}],"wp:attachment":[{"href":"http:\/\/blog.meineigenerweg.de\/index.php?rest_route=%2Fwp%2Fv2%2Fmedia&parent=9279"}],"curies":[{"name":"wp","href":"https:\/\/api.w.org\/{rel}","templated":true}]}}