{"id":9273,"date":"2023-09-25T20:04:00","date_gmt":"2023-09-25T19:04:00","guid":{"rendered":"http:\/\/blog.meineigenerweg.de\/?page_id=9273"},"modified":"2023-09-25T20:23:36","modified_gmt":"2023-09-25T19:23:36","slug":"bremerhaven-klimahaus","status":"publish","type":"page","link":"http:\/\/blog.meineigenerweg.de\/?page_id=9273","title":{"rendered":"Bremerhaven &#8211; Klimahaus *****"},"content":{"rendered":"<p>Juli 2023<\/p>\n<p>&nbsp;<\/p>\n<p>Wir starten zu einer spannenden Reise um die Welt, entlang des 8. L\u00e4ngenrades, durch die Klimazonen unserer Erde. Das kann man in Bremerhaven im <span style=\"color: #0000ff;\"><a href=\"https:\/\/www.klimahaus-bremerhaven.de\/\" target=\"_blank\" rel=\"noopener noreferrer\"><span style=\"color: #0000ff;\"><span style=\"text-decoration: underline;\"> Klimahaus<\/span><\/span><\/a><\/span> erleben. Wir lernen die klimatischen Bedingungen, die Menschen und Landschaften entlang des L\u00e4ngenrades kennen.<\/p>\n<p><a href=\"http:\/\/blog.meineigenerweg.de\/wp-content\/uploads\/2023\/08\/IMG_6410.jpeg\"><img loading=\"lazy\" decoding=\"async\" class=\"alignnone size-medium wp-image-9283\" src=\"http:\/\/blog.meineigenerweg.de\/wp-content\/uploads\/2023\/08\/IMG_6410-300x225.jpeg\" alt=\"\" width=\"300\" height=\"225\" srcset=\"http:\/\/blog.meineigenerweg.de\/wp-content\/uploads\/2023\/08\/IMG_6410-300x225.jpeg 300w, http:\/\/blog.meineigenerweg.de\/wp-content\/uploads\/2023\/08\/IMG_6410-768x576.jpeg 768w, http:\/\/blog.meineigenerweg.de\/wp-content\/uploads\/2023\/08\/IMG_6410.jpeg 1000w\" sizes=\"auto, (max-width: 300px) 100vw, 300px\" \/><\/a><br \/>\nWir bekommen im Eingangsbereich eine kleine, launige Einweisung, wie das Klimahaus funktioniert, und dann bringt uns der Fahrstuhl zum Bahnhof. Auf geht\u00b4s mit dem Zug von Bremenhaven in die Schweiz!<br \/>\n<a href=\"http:\/\/blog.meineigenerweg.de\/wp-content\/uploads\/2023\/08\/IMG_6411.jpeg\"><img loading=\"lazy\" decoding=\"async\" class=\"alignnone size-medium wp-image-9284\" src=\"http:\/\/blog.meineigenerweg.de\/wp-content\/uploads\/2023\/08\/IMG_6411-300x196.jpeg\" alt=\"\" width=\"300\" height=\"196\" srcset=\"http:\/\/blog.meineigenerweg.de\/wp-content\/uploads\/2023\/08\/IMG_6411-300x196.jpeg 300w, http:\/\/blog.meineigenerweg.de\/wp-content\/uploads\/2023\/08\/IMG_6411-768x501.jpeg 768w, http:\/\/blog.meineigenerweg.de\/wp-content\/uploads\/2023\/08\/IMG_6411.jpeg 1000w\" sizes=\"auto, (max-width: 300px) 100vw, 300px\" \/><\/a><br \/>\nUnd schon stehen wir an der Abbruchkante eines Gletschers, auf eine Alm, die von einer Familie bewirtschaftet wird. In dem Video erleben wir das sch\u00f6ne, uns hart erscheinende Leben ohne Fernseher und Handy, gepr\u00e4gt von den Tieren, die es zu versorgen gilt.<br \/>\n<a href=\"http:\/\/blog.meineigenerweg.de\/wp-content\/uploads\/2023\/08\/IMG_6412.jpeg\"><img loading=\"lazy\" decoding=\"async\" class=\"alignnone size-medium wp-image-9297\" src=\"http:\/\/blog.meineigenerweg.de\/wp-content\/uploads\/2023\/08\/IMG_6412-300x225.jpeg\" alt=\"\" width=\"300\" height=\"225\" srcset=\"http:\/\/blog.meineigenerweg.de\/wp-content\/uploads\/2023\/08\/IMG_6412-300x225.jpeg 300w, http:\/\/blog.meineigenerweg.de\/wp-content\/uploads\/2023\/08\/IMG_6412-768x576.jpeg 768w, http:\/\/blog.meineigenerweg.de\/wp-content\/uploads\/2023\/08\/IMG_6412.jpeg 1000w\" sizes=\"auto, (max-width: 300px) 100vw, 300px\" \/><\/a><\/p>\n<p>Die Reise geht weiter \u00fcber Sardinien nach Beneghe \u2026<br \/>\n<a href=\"http:\/\/blog.meineigenerweg.de\/wp-content\/uploads\/2023\/08\/IMG_6413.jpeg\"><img loading=\"lazy\" decoding=\"async\" class=\"alignnone size-medium wp-image-9286\" src=\"http:\/\/blog.meineigenerweg.de\/wp-content\/uploads\/2023\/08\/IMG_6413-226x300.jpeg\" alt=\"\" width=\"226\" height=\"300\" srcset=\"http:\/\/blog.meineigenerweg.de\/wp-content\/uploads\/2023\/08\/IMG_6413-226x300.jpeg 226w, http:\/\/blog.meineigenerweg.de\/wp-content\/uploads\/2023\/08\/IMG_6413.jpeg 753w\" sizes=\"auto, (max-width: 226px) 100vw, 226px\" \/><\/a><\/p>\n<p>Im Niger. Wir erleben nicht nur die steinige und sandige W\u00fcstenlandschaft, sondern schwitzen auch bei der hei\u00dfen Temperatur, die hier authentisch herrscht.<br \/>\n<a href=\"http:\/\/blog.meineigenerweg.de\/wp-content\/uploads\/2023\/08\/IMG_6414.jpeg\"><img loading=\"lazy\" decoding=\"async\" class=\"alignnone size-medium wp-image-9287\" src=\"http:\/\/blog.meineigenerweg.de\/wp-content\/uploads\/2023\/08\/IMG_6414-300x225.jpeg\" alt=\"\" width=\"300\" height=\"225\" srcset=\"http:\/\/blog.meineigenerweg.de\/wp-content\/uploads\/2023\/08\/IMG_6414-300x225.jpeg 300w, http:\/\/blog.meineigenerweg.de\/wp-content\/uploads\/2023\/08\/IMG_6414-768x576.jpeg 768w, http:\/\/blog.meineigenerweg.de\/wp-content\/uploads\/2023\/08\/IMG_6414.jpeg 1000w\" sizes=\"auto, (max-width: 300px) 100vw, 300px\" \/><\/a><\/p>\n<p>Weiter, immer weiter geht es in die Antarktis, wo bei echtem Eis und Schnee nat\u00fcrlich arktische Temperaturen herrschen. In der nachgebauten Forschungsstation k\u00f6nnen wir in die dicken Schneestiefel der Forschenden schl\u00fcpfen, denn hier ist die Kleidung ausgestellt.<br \/>\n<a href=\"http:\/\/blog.meineigenerweg.de\/wp-content\/uploads\/2023\/08\/IMG_6415.jpeg\"><img loading=\"lazy\" decoding=\"async\" class=\"alignnone size-medium wp-image-9289\" src=\"http:\/\/blog.meineigenerweg.de\/wp-content\/uploads\/2023\/08\/IMG_6415-300x225.jpeg\" alt=\"\" width=\"300\" height=\"225\" srcset=\"http:\/\/blog.meineigenerweg.de\/wp-content\/uploads\/2023\/08\/IMG_6415-300x225.jpeg 300w, http:\/\/blog.meineigenerweg.de\/wp-content\/uploads\/2023\/08\/IMG_6415-768x576.jpeg 768w, http:\/\/blog.meineigenerweg.de\/wp-content\/uploads\/2023\/08\/IMG_6415.jpeg 1000w\" sizes=\"auto, (max-width: 300px) 100vw, 300px\" \/><\/a><\/p>\n<p>So schnell \u00e4ndern sich Landschaft und Temperatur! Wir sind nun in der S\u00fcdsee, sehen in eine Lodge eines ehemaligen Kolonialherren und finden Ruhe und Entspannung bei Meeresrauschen&#8230;<br \/>\n<a href=\"http:\/\/blog.meineigenerweg.de\/wp-content\/uploads\/2023\/08\/IMG_6416.jpeg\"><img loading=\"lazy\" decoding=\"async\" class=\"alignnone size-medium wp-image-9290\" src=\"http:\/\/blog.meineigenerweg.de\/wp-content\/uploads\/2023\/08\/IMG_6416-300x225.jpeg\" alt=\"\" width=\"300\" height=\"225\" srcset=\"http:\/\/blog.meineigenerweg.de\/wp-content\/uploads\/2023\/08\/IMG_6416-300x225.jpeg 300w, http:\/\/blog.meineigenerweg.de\/wp-content\/uploads\/2023\/08\/IMG_6416-768x576.jpeg 768w, http:\/\/blog.meineigenerweg.de\/wp-content\/uploads\/2023\/08\/IMG_6416.jpeg 1000w\" sizes=\"auto, (max-width: 300px) 100vw, 300px\" \/><\/a><\/p>\n<p>\u2026oder balancieren im Regenwald \u00fcber schwankende H\u00e4ngebr\u00fccken und schauenden Fischen zu.<br \/>\n<a href=\"http:\/\/blog.meineigenerweg.de\/wp-content\/uploads\/2023\/08\/IMG_6417.jpeg\"><img loading=\"lazy\" decoding=\"async\" class=\"alignnone size-medium wp-image-9292\" src=\"http:\/\/blog.meineigenerweg.de\/wp-content\/uploads\/2023\/08\/IMG_6417-300x225.jpeg\" alt=\"\" width=\"300\" height=\"225\" srcset=\"http:\/\/blog.meineigenerweg.de\/wp-content\/uploads\/2023\/08\/IMG_6417-300x225.jpeg 300w, http:\/\/blog.meineigenerweg.de\/wp-content\/uploads\/2023\/08\/IMG_6417-768x576.jpeg 768w, http:\/\/blog.meineigenerweg.de\/wp-content\/uploads\/2023\/08\/IMG_6417.jpeg 1000w\" sizes=\"auto, (max-width: 300px) 100vw, 300px\" \/><\/a><\/p>\n<p>Zum Abschluss lohnt es sich, einen Blick vom Dach auf den nahegelegenen Hafen zu wagen.<br \/>\n<a href=\"http:\/\/blog.meineigenerweg.de\/wp-content\/uploads\/2023\/08\/IMG_6418.jpeg\"><img loading=\"lazy\" decoding=\"async\" class=\"alignnone size-medium wp-image-9293\" src=\"http:\/\/blog.meineigenerweg.de\/wp-content\/uploads\/2023\/08\/IMG_6418-300x225.jpeg\" alt=\"\" width=\"300\" height=\"225\" srcset=\"http:\/\/blog.meineigenerweg.de\/wp-content\/uploads\/2023\/08\/IMG_6418-300x225.jpeg 300w, http:\/\/blog.meineigenerweg.de\/wp-content\/uploads\/2023\/08\/IMG_6418-768x576.jpeg 768w, http:\/\/blog.meineigenerweg.de\/wp-content\/uploads\/2023\/08\/IMG_6418.jpeg 1000w\" sizes=\"auto, (max-width: 300px) 100vw, 300px\" \/><\/a><\/p>\n<p>&nbsp;<\/p>\n<p><em>Meine Wertung: <span style=\"color: #ff0000;\">***** <\/span>ein spannendes Erlebnis, informativ und lehrreich durch die Videos von und mit den Menschen der einzelnen Stationen. Auch f\u00fcr Kinder sehr gut geeignet<br \/>\nKlimahaus<br \/>\nAm L\u00e4ngengrad 8<br \/>\n27568 Bremerhaven<br \/>\n<\/em><\/p>\n","protected":false},"excerpt":{"rendered":"<p>Juli 2023 &nbsp; Wir starten zu einer spannenden Reise um die Welt, entlang des 8. L\u00e4ngenrades, durch die Klimazonen unserer Erde. Das kann man in Bremerhaven im Klimahaus erleben. Wir lernen die klimatischen Bedingungen, die Menschen und Landschaften entlang des L\u00e4ngenrades kennen. Wir bekommen im Eingangsbereich eine kleine, launige Einweisung,<\/p>\n","protected":false},"author":1,"featured_media":9368,"parent":108,"menu_order":0,"comment_status":"closed","ping_status":"closed","template":"","meta":{"footnotes":""},"class_list":["post-9273","page","type-page","status-publish","has-post-thumbnail","hentry"],"_links":{"self":[{"href":"http:\/\/blog.meineigenerweg.de\/index.php?rest_route=\/wp\/v2\/pages\/9273","targetHints":{"allow":["GET"]}}],"collection":[{"href":"http:\/\/blog.meineigenerweg.de\/index.php?rest_route=\/wp\/v2\/pages"}],"about":[{"href":"http:\/\/blog.meineigenerweg.de\/index.php?rest_route=\/wp\/v2\/types\/page"}],"author":[{"embeddable":true,"href":"http:\/\/blog.meineigenerweg.de\/index.php?rest_route=\/wp\/v2\/users\/1"}],"replies":[{"embeddable":true,"href":"http:\/\/blog.meineigenerweg.de\/index.php?rest_route=%2Fwp%2Fv2%2Fcomments&post=9273"}],"version-history":[{"count":16,"href":"http:\/\/blog.meineigenerweg.de\/index.php?rest_route=\/wp\/v2\/pages\/9273\/revisions"}],"predecessor-version":[{"id":9367,"href":"http:\/\/blog.meineigenerweg.de\/index.php?rest_route=\/wp\/v2\/pages\/9273\/revisions\/9367"}],"up":[{"embeddable":true,"href":"http:\/\/blog.meineigenerweg.de\/index.php?rest_route=\/wp\/v2\/pages\/108"}],"wp:featuredmedia":[{"embeddable":true,"href":"http:\/\/blog.meineigenerweg.de\/index.php?rest_route=\/wp\/v2\/media\/9368"}],"wp:attachment":[{"href":"http:\/\/blog.meineigenerweg.de\/index.php?rest_route=%2Fwp%2Fv2%2Fmedia&parent=9273"}],"curies":[{"name":"wp","href":"https:\/\/api.w.org\/{rel}","templated":true}]}}