{"id":924,"date":"2014-03-11T22:32:47","date_gmt":"2014-03-11T21:32:47","guid":{"rendered":"http:\/\/blog.meineigenerweg.de\/?page_id=924"},"modified":"2019-03-28T20:33:13","modified_gmt":"2019-03-28T19:33:13","slug":"bottrop-skihalle-in-arbeit","status":"publish","type":"page","link":"http:\/\/blog.meineigenerweg.de\/?page_id=924","title":{"rendered":"Bottrop &#8211; Skihalle **"},"content":{"rendered":"<p>11.03.2014<\/p>\n<p>liefde groeten aan alle vrienden in de Nederland<\/p>\n<p>Sie ist mit 640 mtr L\u00e4nge und 30 mtr Breite \u00fcber 77 mtr H\u00f6henunterschied, die l\u00e4ngste <span style=\"color: #0000ff;\"><a href=\"http:\/\/www.alpincenter.com\/bottrop\/startseite\" target=\"_blank\" rel=\"noopener noreferrer\"><span style=\"color: #0000ff;\"><span style=\"text-decoration: underline;\">Skihalle<\/span><\/span><\/a><\/span>, der Welt, aber, ohne die anderen zu kennen, bestimmt nicht die sch\u00f6nste.<\/p>\n<p>Sie windet sich L-f\u00f6rmig eine ehemalige Abraumhalde hinauf<br \/>\n<a href=\"http:\/\/blog.meineigenerweg.de\/wp-content\/uploads\/2014\/03\/Bottrop_Skihalle_14_03_000.jpg\"><img loading=\"lazy\" decoding=\"async\" class=\"alignnone size-medium wp-image-933\" src=\"http:\/\/blog.meineigenerweg.de\/wp-content\/uploads\/2014\/03\/Bottrop_Skihalle_14_03_000-300x200.jpg\" alt=\"Bottrop_Skihalle_14_03_000\" width=\"300\" height=\"200\" srcset=\"http:\/\/blog.meineigenerweg.de\/wp-content\/uploads\/2014\/03\/Bottrop_Skihalle_14_03_000-300x200.jpg 300w, http:\/\/blog.meineigenerweg.de\/wp-content\/uploads\/2014\/03\/Bottrop_Skihalle_14_03_000.jpg 1000w\" sizes=\"auto, (max-width: 300px) 100vw, 300px\" \/><\/a><br \/>\nund ist umgeben von echter Ruhrgebietsromantik.<br \/>\n<a href=\"http:\/\/blog.meineigenerweg.de\/wp-content\/uploads\/2014\/03\/Bottrop_Skihalle_14_03_044.jpg\"><img loading=\"lazy\" decoding=\"async\" class=\"alignnone size-medium wp-image-934\" src=\"http:\/\/blog.meineigenerweg.de\/wp-content\/uploads\/2014\/03\/Bottrop_Skihalle_14_03_044-300x225.jpg\" alt=\"Bottrop_Skihalle_14_03_044\" width=\"300\" height=\"225\" srcset=\"http:\/\/blog.meineigenerweg.de\/wp-content\/uploads\/2014\/03\/Bottrop_Skihalle_14_03_044-300x225.jpg 300w, http:\/\/blog.meineigenerweg.de\/wp-content\/uploads\/2014\/03\/Bottrop_Skihalle_14_03_044.jpg 1000w\" sizes=\"auto, (max-width: 300px) 100vw, 300px\" \/><\/a><\/p>\n<p>\u00c4u\u00dferlich wird versucht, der unansehnlichen Halle\u00a0einen rustikalen Charme zu verleihen,\u00a0was aber nicht so richtig\u00a0gelingt.<br \/>\n<a href=\"http:\/\/blog.meineigenerweg.de\/wp-content\/uploads\/2014\/03\/Bottrop_Skihalle_14_03_073.jpg\"><img loading=\"lazy\" decoding=\"async\" class=\"alignnone size-medium wp-image-928\" src=\"http:\/\/blog.meineigenerweg.de\/wp-content\/uploads\/2014\/03\/Bottrop_Skihalle_14_03_073-300x225.jpg\" alt=\"Bottrop_Skihalle_14_03_073\" width=\"300\" height=\"225\" srcset=\"http:\/\/blog.meineigenerweg.de\/wp-content\/uploads\/2014\/03\/Bottrop_Skihalle_14_03_073-300x225.jpg 300w, http:\/\/blog.meineigenerweg.de\/wp-content\/uploads\/2014\/03\/Bottrop_Skihalle_14_03_073.jpg 1000w\" sizes=\"auto, (max-width: 300px) 100vw, 300px\" \/><\/a><\/p>\n<p>F\u00fcr 38 Euro habe ich eine All-inklusive-Tageskarte gekauft, die neben dem Eintritt auch Skischuhe und Ski beinhaltet, sowie\u00a0beliebige alkoholfreie Getr\u00e4nke (au\u00dfer Kakao, der kostete) und ab 11:30 ein warmes\u00a0Buffet.<\/p>\n<p>Ich hatte an diesem Dienstag Gl\u00fcck, meinte einer der Mitarbeiter, es w\u00e4re sehr leer, nur etwa 100 bis 150 Besucher, an guten Tagen sind es\u00a0gerne mal\u00a0\u00fcber 1000 Skifahrer. Wow, dann m\u00f6chte ich nicht hier sein, aber so war es ganz in Ordnung.<\/p>\n<p>Die Umkleidem\u00f6glichkeiten sind sehr spartanisch. Wer nicht, wie die meisten es tun, in Unterhosen rumlaufen m\u00f6chte, kann eine der drei Umkleidekabinen aufsuchen. Die Benutzung der Spinde kostet einen Euro, den der Spind auch nicht wieder ausspuckt.<br \/>\n<a href=\"http:\/\/blog.meineigenerweg.de\/wp-content\/uploads\/2014\/03\/Bottrop_Skihalle_14_03_072.jpg\"><img loading=\"lazy\" decoding=\"async\" class=\"alignnone size-medium wp-image-941\" src=\"http:\/\/blog.meineigenerweg.de\/wp-content\/uploads\/2014\/03\/Bottrop_Skihalle_14_03_072-300x225.jpg\" alt=\"Bottrop_Skihalle_14_03_072\" width=\"300\" height=\"225\" srcset=\"http:\/\/blog.meineigenerweg.de\/wp-content\/uploads\/2014\/03\/Bottrop_Skihalle_14_03_072-300x225.jpg 300w, http:\/\/blog.meineigenerweg.de\/wp-content\/uploads\/2014\/03\/Bottrop_Skihalle_14_03_072.jpg 1000w\" sizes=\"auto, (max-width: 300px) 100vw, 300px\" \/><\/a><\/p>\n<p>Der Service war freundlich, die Ski o.k., die Schuhe allerdings schon ziemlich\u00a0aufgebraucht.<\/p>\n<p>So und nun endlich auf die Piste. Es ist genauso kalt wie drau\u00dfen auf der Piste in den Bergen. Sonne gibt es leider nicht, daf\u00fcr eine etwas d\u00e4mmerige Beleuchtung. Die laute Musik die durch die Halle klang, hat mir nicht gefallen, Karnevals- und Schunkelmusik, zum Gl\u00fcck auf holl\u00e4ndisch, da habe ich nicht so viel verstanden.<\/p>\n<p>Das Skifahren macht\u00a0nat\u00fcrlich Spa\u00df, laufen lassen, das\u00a0Knirschen h\u00f6ren, den Fahrtwind im Gesicht sp\u00fcren,\u00a0sich in die Kurve legen, Schnee aufwirbeln.\u00a0Aber auch wenn es die l\u00e4ngste Halle der Welt ist, ist so eine Fahrt leider schon nach einer Minute beendet.<br \/>\n<a href=\"http:\/\/blog.meineigenerweg.de\/wp-content\/uploads\/2014\/03\/Bottrop_Skihalle_14_03_064.jpg\"><img loading=\"lazy\" decoding=\"async\" class=\"alignnone size-medium wp-image-944\" src=\"http:\/\/blog.meineigenerweg.de\/wp-content\/uploads\/2014\/03\/Bottrop_Skihalle_14_03_064-300x225.jpg\" alt=\"Bottrop_Skihalle_14_03_064\" width=\"300\" height=\"225\" srcset=\"http:\/\/blog.meineigenerweg.de\/wp-content\/uploads\/2014\/03\/Bottrop_Skihalle_14_03_064-300x225.jpg 300w, http:\/\/blog.meineigenerweg.de\/wp-content\/uploads\/2014\/03\/Bottrop_Skihalle_14_03_064.jpg 1000w\" sizes=\"auto, (max-width: 300px) 100vw, 300px\" \/><\/a><br \/>\n<a href=\"http:\/\/blog.meineigenerweg.de\/wp-content\/uploads\/2014\/03\/Bottrop_Skihalle_14_03_034.jpg\"><img loading=\"lazy\" decoding=\"async\" class=\"alignnone size-medium wp-image-945\" src=\"http:\/\/blog.meineigenerweg.de\/wp-content\/uploads\/2014\/03\/Bottrop_Skihalle_14_03_034-300x225.jpg\" alt=\"Bottrop_Skihalle_14_03_034\" width=\"300\" height=\"225\" srcset=\"http:\/\/blog.meineigenerweg.de\/wp-content\/uploads\/2014\/03\/Bottrop_Skihalle_14_03_034-300x225.jpg 300w, http:\/\/blog.meineigenerweg.de\/wp-content\/uploads\/2014\/03\/Bottrop_Skihalle_14_03_034.jpg 1000w\" sizes=\"auto, (max-width: 300px) 100vw, 300px\" \/><\/a><\/p>\n<p>&nbsp;<\/p>\n<p><iframe loading=\"lazy\" src=\"\/\/www.youtube.com\/embed\/sZA3nA9JIHs\" width=\"300\" height=\"225\" frameborder=\"0\" allowfullscreen=\"allowfullscreen\"><\/iframe><\/p>\n<p>&nbsp;<\/p>\n<p>Das Ende der Piste finde ich nicht optimal angelegt, denn selbst wenn ich von oben an Schuss gefahren bin, hat es nicht gereicht, um zum F\u00f6rderband zu kommen, ich musste die letzten Meter immer wieder m\u00fchsam bergauf laufen.<br \/>\n<a href=\"http:\/\/blog.meineigenerweg.de\/wp-content\/uploads\/2014\/03\/Bottrop_Skihalle_14_03_037.jpg\"><img loading=\"lazy\" decoding=\"async\" class=\"alignnone size-medium wp-image-946\" src=\"http:\/\/blog.meineigenerweg.de\/wp-content\/uploads\/2014\/03\/Bottrop_Skihalle_14_03_037-300x225.jpg\" alt=\"Bottrop_Skihalle_14_03_037\" width=\"300\" height=\"225\" srcset=\"http:\/\/blog.meineigenerweg.de\/wp-content\/uploads\/2014\/03\/Bottrop_Skihalle_14_03_037-300x225.jpg 300w, http:\/\/blog.meineigenerweg.de\/wp-content\/uploads\/2014\/03\/Bottrop_Skihalle_14_03_037.jpg 1000w\" sizes=\"auto, (max-width: 300px) 100vw, 300px\" \/><\/a><\/p>\n<p>Der Transport\u00a0zum &#8222;Gipfel&#8220; geschieht nicht mit einem Lift sondern mit zwei F\u00f6rderb\u00e4ndern. Ich habe mich einfach mit angeschnallten\u00a0Ski\u00a0auf das Band gestellt und mich dann nach oben bringen lassen, fast so einfach wie eine Rolltreppe.\u00a0Die Fahrt dauert endlose f\u00fcnf Minuten, die man stehend auf dem Band verbringen muss, und f\u00fchrt durch einen unansehnlichen Betonschacht. Leider passierte es immer wieder, das jemand strauchelte und das ganze Band angehalten werden musste.<br \/>\n<a href=\"http:\/\/blog.meineigenerweg.de\/wp-content\/uploads\/2014\/03\/Bottrop_Skihalle_14_03_009.jpg\"><img loading=\"lazy\" decoding=\"async\" class=\"alignnone size-medium wp-image-950\" src=\"http:\/\/blog.meineigenerweg.de\/wp-content\/uploads\/2014\/03\/Bottrop_Skihalle_14_03_009-300x225.jpg\" alt=\"Bottrop_Skihalle_14_03_009\" width=\"300\" height=\"225\" srcset=\"http:\/\/blog.meineigenerweg.de\/wp-content\/uploads\/2014\/03\/Bottrop_Skihalle_14_03_009-300x225.jpg 300w, http:\/\/blog.meineigenerweg.de\/wp-content\/uploads\/2014\/03\/Bottrop_Skihalle_14_03_009.jpg 1000w\" sizes=\"auto, (max-width: 300px) 100vw, 300px\" \/><\/a><\/p>\n<p>Schon nach ein paar Fahrten schon\u00a0wurde es mir jedoch langweilig\u00a0und au\u00dferdem bekam ich Hunger. All-inclusive, also ab zum Buffet. Es war ja nicht so voll, drau\u00dfen schien die Sonne und so fand ich einen sonnigen Platz auf der Terrasse.<br \/>\n<a href=\"http:\/\/blog.meineigenerweg.de\/wp-content\/uploads\/2014\/03\/Bottrop_Skihalle_14_03_039.jpg\"><img loading=\"lazy\" decoding=\"async\" class=\"alignnone size-medium wp-image-948\" src=\"http:\/\/blog.meineigenerweg.de\/wp-content\/uploads\/2014\/03\/Bottrop_Skihalle_14_03_039-300x225.jpg\" alt=\"Bottrop_Skihalle_14_03_039\" width=\"300\" height=\"225\" srcset=\"http:\/\/blog.meineigenerweg.de\/wp-content\/uploads\/2014\/03\/Bottrop_Skihalle_14_03_039-300x225.jpg 300w, http:\/\/blog.meineigenerweg.de\/wp-content\/uploads\/2014\/03\/Bottrop_Skihalle_14_03_039.jpg 1000w\" sizes=\"auto, (max-width: 300px) 100vw, 300px\" \/><\/a><br \/>\nDas Essen war weniger als &#8222;na ja&#8220;, es gab mehrere Gerichte zur Auswahl, aber so richtig appetitlich sah keins aus. Ich habe es dann den jungen Leuten aus dem Nachbarland gleich getan und mich f\u00fcr Currywurst und Pommes Spezial entschieden. Also die Pommes waren ok, die Curryso\u00dfe hat nach Gulaschsuppe geschmeckt ..<\/p>\n<p><em>Meine Wertung: <span style=\"color: #ff0000;\">**<\/span>*** kann man mal ausprobieren, muss man aber nicht<\/em><br \/>\n<em>Prosperstr. 299-301<\/em><br \/>\n<em>46238 Bottrop<\/em><\/p>\n","protected":false},"excerpt":{"rendered":"<p>11.03.2014 liefde groeten aan alle vrienden in de Nederland Sie ist mit 640 mtr L\u00e4nge und 30 mtr Breite \u00fcber 77 mtr H\u00f6henunterschied, die l\u00e4ngste Skihalle, der Welt, aber, ohne die anderen zu kennen, bestimmt nicht die sch\u00f6nste. Sie windet sich L-f\u00f6rmig eine ehemalige Abraumhalde hinauf und ist umgeben von<\/p>\n","protected":false},"author":1,"featured_media":932,"parent":1809,"menu_order":0,"comment_status":"closed","ping_status":"closed","template":"","meta":{"footnotes":""},"class_list":["post-924","page","type-page","status-publish","has-post-thumbnail","hentry"],"_links":{"self":[{"href":"http:\/\/blog.meineigenerweg.de\/index.php?rest_route=\/wp\/v2\/pages\/924","targetHints":{"allow":["GET"]}}],"collection":[{"href":"http:\/\/blog.meineigenerweg.de\/index.php?rest_route=\/wp\/v2\/pages"}],"about":[{"href":"http:\/\/blog.meineigenerweg.de\/index.php?rest_route=\/wp\/v2\/types\/page"}],"author":[{"embeddable":true,"href":"http:\/\/blog.meineigenerweg.de\/index.php?rest_route=\/wp\/v2\/users\/1"}],"replies":[{"embeddable":true,"href":"http:\/\/blog.meineigenerweg.de\/index.php?rest_route=%2Fwp%2Fv2%2Fcomments&post=924"}],"version-history":[{"count":30,"href":"http:\/\/blog.meineigenerweg.de\/index.php?rest_route=\/wp\/v2\/pages\/924\/revisions"}],"predecessor-version":[{"id":5867,"href":"http:\/\/blog.meineigenerweg.de\/index.php?rest_route=\/wp\/v2\/pages\/924\/revisions\/5867"}],"up":[{"embeddable":true,"href":"http:\/\/blog.meineigenerweg.de\/index.php?rest_route=\/wp\/v2\/pages\/1809"}],"wp:featuredmedia":[{"embeddable":true,"href":"http:\/\/blog.meineigenerweg.de\/index.php?rest_route=\/wp\/v2\/media\/932"}],"wp:attachment":[{"href":"http:\/\/blog.meineigenerweg.de\/index.php?rest_route=%2Fwp%2Fv2%2Fmedia&parent=924"}],"curies":[{"name":"wp","href":"https:\/\/api.w.org\/{rel}","templated":true}]}}