{"id":865,"date":"2014-03-07T21:40:06","date_gmt":"2014-03-07T20:40:06","guid":{"rendered":"http:\/\/blog.meineigenerweg.de\/?page_id=865"},"modified":"2019-03-28T22:14:27","modified_gmt":"2019-03-28T21:14:27","slug":"essen-margarethenhoehe","status":"publish","type":"page","link":"http:\/\/blog.meineigenerweg.de\/?page_id=865","title":{"rendered":"Essen &#8211; Margarethenh\u00f6he ****"},"content":{"rendered":"<p>07.03.2014<\/p>\n<p>Das sch\u00f6ne Wetter ruft nach einem Ausflug, also auf nach Essen zur <span style=\"text-decoration: underline;\"><span style=\"color: #0000ff; text-decoration: underline;\"><a href=\"http:\/\/www.essen-margarethenhoehe.de\/index.html\" target=\"_blank\" rel=\"noopener noreferrer\"><span style=\"color: #0000ff; text-decoration: underline;\">Margarethenh\u00f6he<\/span><\/a><\/span><\/span>.<\/p>\n<p>Vorher noch ein wenig Hintergrundwissen:<br \/>\nDer Bergbau und die Stahlindustrie, die Anfang des vergangenen Jahrhundert sehr viele Arbeiter ben\u00f6tigte, haben im Ruhrgebiet einige bemerkenswerte Siedlungen\u00a0hinterlassen. Eine besonders sch\u00f6ne ist die Margarethenh\u00f6he in Essen. Sie wurde zwischen 1909 und 1920 als zweckm\u00e4\u00dfige und menschenfreundliche Siedlung f\u00fcr die Mitarbeiter von Krupp gebaut. Es wurde ein besonderer Haustyp neu entwickelt, kleine H\u00e4user mit Garten, die aber \u00fcber den Komfort von\u00a0Wannenb\u00e4dern, Toiletten in der Wohnung und Zentralheizungen verf\u00fcgten. Trotz aller wirtschaftlichen \u00dcberlegungen, die zum Bau dieser H\u00e4user gef\u00fchrt haben,\u00a0lassen sich viele sch\u00f6ne Laubeng\u00e4nge, Erker, geschwungene Giebel und Holzfensterl\u00e4den finden und die ganze Siedlung macht einen gepflegten, ja liebenswerten Eindruck.<\/p>\n<p>Hauxplatz<br \/>\n<a href=\"http:\/\/blog.meineigenerweg.de\/wp-content\/uploads\/2014\/03\/Essen_Margarethenh\u00f6he_14_03_001.jpg\"><img loading=\"lazy\" decoding=\"async\" class=\"alignnone size-medium wp-image-875\" src=\"http:\/\/blog.meineigenerweg.de\/wp-content\/uploads\/2014\/03\/Essen_Margarethenh\u00f6he_14_03_001-300x200.jpg\" alt=\"Essen_Margarethenh\u00f6he_14_03_001\" width=\"300\" height=\"200\" srcset=\"http:\/\/blog.meineigenerweg.de\/wp-content\/uploads\/2014\/03\/Essen_Margarethenh\u00f6he_14_03_001-300x200.jpg 300w, http:\/\/blog.meineigenerweg.de\/wp-content\/uploads\/2014\/03\/Essen_Margarethenh\u00f6he_14_03_001.jpg 1000w\" sizes=\"auto, (max-width: 300px) 100vw, 300px\" \/><\/a><br \/>\n<a href=\"http:\/\/blog.meineigenerweg.de\/wp-content\/uploads\/2014\/03\/Essen_Margarethenh\u00f6he_14_03_003.jpg\"><img loading=\"lazy\" decoding=\"async\" class=\"alignnone size-medium wp-image-876\" src=\"http:\/\/blog.meineigenerweg.de\/wp-content\/uploads\/2014\/03\/Essen_Margarethenh\u00f6he_14_03_003-300x200.jpg\" alt=\"Essen_Margarethenh\u00f6he_14_03_003\" width=\"300\" height=\"200\" srcset=\"http:\/\/blog.meineigenerweg.de\/wp-content\/uploads\/2014\/03\/Essen_Margarethenh\u00f6he_14_03_003-300x200.jpg 300w, http:\/\/blog.meineigenerweg.de\/wp-content\/uploads\/2014\/03\/Essen_Margarethenh\u00f6he_14_03_003.jpg 1000w\" sizes=\"auto, (max-width: 300px) 100vw, 300px\" \/><\/a><br \/>\nFrau Krupp<br \/>\n<a href=\"http:\/\/blog.meineigenerweg.de\/wp-content\/uploads\/2014\/03\/Essen_Margarethenh\u00f6he_14_03_093.jpg\"><img loading=\"lazy\" decoding=\"async\" class=\"alignnone size-medium wp-image-883\" src=\"http:\/\/blog.meineigenerweg.de\/wp-content\/uploads\/2014\/03\/Essen_Margarethenh\u00f6he_14_03_093-200x300.jpg\" alt=\"Essen_Margarethenh\u00f6he_14_03_093\" width=\"200\" height=\"300\" srcset=\"http:\/\/blog.meineigenerweg.de\/wp-content\/uploads\/2014\/03\/Essen_Margarethenh\u00f6he_14_03_093-200x300.jpg 200w, http:\/\/blog.meineigenerweg.de\/wp-content\/uploads\/2014\/03\/Essen_Margarethenh\u00f6he_14_03_093.jpg 669w\" sizes=\"auto, (max-width: 200px) 100vw, 200px\" \/><\/a><br \/>\nfreundliche Nachbarn bieten dem m\u00fcden Wanderer eine Gelegenheit zum Verschnaufen<br \/>\n<a href=\"http:\/\/blog.meineigenerweg.de\/wp-content\/uploads\/2014\/03\/Essen_Margarethenh\u00f6he_14_03_005.jpg\"><img loading=\"lazy\" decoding=\"async\" class=\"alignnone size-medium wp-image-885\" src=\"http:\/\/blog.meineigenerweg.de\/wp-content\/uploads\/2014\/03\/Essen_Margarethenh\u00f6he_14_03_005-300x200.jpg\" alt=\"Essen_Margarethenh\u00f6he_14_03_005\" width=\"300\" height=\"200\" srcset=\"http:\/\/blog.meineigenerweg.de\/wp-content\/uploads\/2014\/03\/Essen_Margarethenh\u00f6he_14_03_005-300x200.jpg 300w, http:\/\/blog.meineigenerweg.de\/wp-content\/uploads\/2014\/03\/Essen_Margarethenh\u00f6he_14_03_005.jpg 1000w\" sizes=\"auto, (max-width: 300px) 100vw, 300px\" \/><\/a><br \/>\nLaubenweg<br \/>\n<a href=\"http:\/\/blog.meineigenerweg.de\/wp-content\/uploads\/2014\/03\/Essen_Margarethenh\u00f6he_14_03_017.jpg\"><img loading=\"lazy\" decoding=\"async\" class=\"alignnone size-medium wp-image-887\" src=\"http:\/\/blog.meineigenerweg.de\/wp-content\/uploads\/2014\/03\/Essen_Margarethenh\u00f6he_14_03_017-300x200.jpg\" alt=\"Essen_Margarethenh\u00f6he_14_03_017\" width=\"300\" height=\"200\" srcset=\"http:\/\/blog.meineigenerweg.de\/wp-content\/uploads\/2014\/03\/Essen_Margarethenh\u00f6he_14_03_017-300x200.jpg 300w, http:\/\/blog.meineigenerweg.de\/wp-content\/uploads\/2014\/03\/Essen_Margarethenh\u00f6he_14_03_017.jpg 1000w\" sizes=\"auto, (max-width: 300px) 100vw, 300px\" \/><\/a><br \/>\nKleiner Markt<br \/>\n<a href=\"http:\/\/blog.meineigenerweg.de\/wp-content\/uploads\/2014\/03\/Essen_Margarethenh\u00f6he_14_03_083.jpg\"><img loading=\"lazy\" decoding=\"async\" class=\"alignnone size-medium wp-image-889\" src=\"http:\/\/blog.meineigenerweg.de\/wp-content\/uploads\/2014\/03\/Essen_Margarethenh\u00f6he_14_03_083-300x200.jpg\" alt=\"Essen_Margarethenh\u00f6he_14_03_083\" width=\"300\" height=\"200\" srcset=\"http:\/\/blog.meineigenerweg.de\/wp-content\/uploads\/2014\/03\/Essen_Margarethenh\u00f6he_14_03_083-300x200.jpg 300w, http:\/\/blog.meineigenerweg.de\/wp-content\/uploads\/2014\/03\/Essen_Margarethenh\u00f6he_14_03_083.jpg 1000w\" sizes=\"auto, (max-width: 300px) 100vw, 300px\" \/><\/a><br \/>\n<a href=\"http:\/\/blog.meineigenerweg.de\/wp-content\/uploads\/2014\/03\/Essen_Margarethenh\u00f6he_14_03_036.jpg\"><img loading=\"lazy\" decoding=\"async\" class=\"alignnone size-medium wp-image-890\" src=\"http:\/\/blog.meineigenerweg.de\/wp-content\/uploads\/2014\/03\/Essen_Margarethenh\u00f6he_14_03_036-300x200.jpg\" alt=\"Essen_Margarethenh\u00f6he_14_03_036\" width=\"300\" height=\"200\" srcset=\"http:\/\/blog.meineigenerweg.de\/wp-content\/uploads\/2014\/03\/Essen_Margarethenh\u00f6he_14_03_036-300x200.jpg 300w, http:\/\/blog.meineigenerweg.de\/wp-content\/uploads\/2014\/03\/Essen_Margarethenh\u00f6he_14_03_036.jpg 1000w\" sizes=\"auto, (max-width: 300px) 100vw, 300px\" \/><\/a><br \/>\nStiller Winkel<br \/>\n<a href=\"http:\/\/blog.meineigenerweg.de\/wp-content\/uploads\/2014\/03\/Essen_Margarethenh\u00f6he_14_03_049.jpg\"><img loading=\"lazy\" decoding=\"async\" class=\"alignnone size-medium wp-image-893\" src=\"http:\/\/blog.meineigenerweg.de\/wp-content\/uploads\/2014\/03\/Essen_Margarethenh\u00f6he_14_03_049-300x200.jpg\" alt=\"Essen_Margarethenh\u00f6he_14_03_049\" width=\"300\" height=\"200\" srcset=\"http:\/\/blog.meineigenerweg.de\/wp-content\/uploads\/2014\/03\/Essen_Margarethenh\u00f6he_14_03_049-300x200.jpg 300w, http:\/\/blog.meineigenerweg.de\/wp-content\/uploads\/2014\/03\/Essen_Margarethenh\u00f6he_14_03_049.jpg 1000w\" sizes=\"auto, (max-width: 300px) 100vw, 300px\" \/><\/a><br \/>\nAm Br\u00fcckenkopf<br \/>\n<a href=\"http:\/\/blog.meineigenerweg.de\/wp-content\/uploads\/2014\/03\/Essen_Margarethenh\u00f6he_14_03_050.jpg\"><img loading=\"lazy\" decoding=\"async\" class=\"alignnone size-medium wp-image-894\" src=\"http:\/\/blog.meineigenerweg.de\/wp-content\/uploads\/2014\/03\/Essen_Margarethenh\u00f6he_14_03_050-300x200.jpg\" alt=\"Essen_Margarethenh\u00f6he_14_03_050\" width=\"300\" height=\"200\" srcset=\"http:\/\/blog.meineigenerweg.de\/wp-content\/uploads\/2014\/03\/Essen_Margarethenh\u00f6he_14_03_050-300x200.jpg 300w, http:\/\/blog.meineigenerweg.de\/wp-content\/uploads\/2014\/03\/Essen_Margarethenh\u00f6he_14_03_050.jpg 1000w\" sizes=\"auto, (max-width: 300px) 100vw, 300px\" \/><\/a><br \/>\nSteile Stra\u00dfe<br \/>\n<a href=\"http:\/\/blog.meineigenerweg.de\/wp-content\/uploads\/2014\/03\/Essen_Margarethenh\u00f6he_14_03_073.jpg\"><img loading=\"lazy\" decoding=\"async\" class=\"alignnone size-medium wp-image-895\" src=\"http:\/\/blog.meineigenerweg.de\/wp-content\/uploads\/2014\/03\/Essen_Margarethenh\u00f6he_14_03_073-300x200.jpg\" alt=\"Essen_Margarethenh\u00f6he_14_03_073\" width=\"300\" height=\"200\" srcset=\"http:\/\/blog.meineigenerweg.de\/wp-content\/uploads\/2014\/03\/Essen_Margarethenh\u00f6he_14_03_073-300x200.jpg 300w, http:\/\/blog.meineigenerweg.de\/wp-content\/uploads\/2014\/03\/Essen_Margarethenh\u00f6he_14_03_073.jpg 1000w\" sizes=\"auto, (max-width: 300px) 100vw, 300px\" \/><\/a><br \/>\ndrumherum kann man durch den Wald spazieren gehen<br \/>\n<a href=\"http:\/\/blog.meineigenerweg.de\/wp-content\/uploads\/2014\/03\/Essen_Margarethenh\u00f6he_14_03_045.jpg\"><img loading=\"lazy\" decoding=\"async\" class=\"alignnone size-medium wp-image-896\" src=\"http:\/\/blog.meineigenerweg.de\/wp-content\/uploads\/2014\/03\/Essen_Margarethenh\u00f6he_14_03_045-300x200.jpg\" alt=\"Essen_Margarethenh\u00f6he_14_03_045\" width=\"300\" height=\"200\" srcset=\"http:\/\/blog.meineigenerweg.de\/wp-content\/uploads\/2014\/03\/Essen_Margarethenh\u00f6he_14_03_045-300x200.jpg 300w, http:\/\/blog.meineigenerweg.de\/wp-content\/uploads\/2014\/03\/Essen_Margarethenh\u00f6he_14_03_045.jpg 1000w\" sizes=\"auto, (max-width: 300px) 100vw, 300px\" \/><\/a><\/p>\n<p>Ich werde noch einmal wiederkommen, in zwei oder drei Monaten, wenn die Rankpflanzen, die an vielen H\u00e4usern wachsen, Bl\u00e4tter haben, dann ist es bestimmt noch sch\u00f6ner. Ein lohnender Ausflug.<\/p>\n<p><em>Meine Wertung: <span style=\"color: #ff0000;\">****<\/span>* sehenswert<\/em><br \/>\n<em>Kleiner Markt <\/em><br \/>\n<em>Essen<\/em><\/p>\n","protected":false},"excerpt":{"rendered":"<p>07.03.2014 Das sch\u00f6ne Wetter ruft nach einem Ausflug, also auf nach Essen zur Margarethenh\u00f6he. Vorher noch ein wenig Hintergrundwissen: Der Bergbau und die Stahlindustrie, die Anfang des vergangenen Jahrhundert sehr viele Arbeiter ben\u00f6tigte, haben im Ruhrgebiet einige bemerkenswerte Siedlungen\u00a0hinterlassen. Eine besonders sch\u00f6ne ist die Margarethenh\u00f6he in Essen. Sie wurde zwischen<\/p>\n","protected":false},"author":1,"featured_media":899,"parent":1809,"menu_order":0,"comment_status":"closed","ping_status":"closed","template":"","meta":{"footnotes":""},"class_list":["post-865","page","type-page","status-publish","has-post-thumbnail","hentry"],"_links":{"self":[{"href":"http:\/\/blog.meineigenerweg.de\/index.php?rest_route=\/wp\/v2\/pages\/865","targetHints":{"allow":["GET"]}}],"collection":[{"href":"http:\/\/blog.meineigenerweg.de\/index.php?rest_route=\/wp\/v2\/pages"}],"about":[{"href":"http:\/\/blog.meineigenerweg.de\/index.php?rest_route=\/wp\/v2\/types\/page"}],"author":[{"embeddable":true,"href":"http:\/\/blog.meineigenerweg.de\/index.php?rest_route=\/wp\/v2\/users\/1"}],"replies":[{"embeddable":true,"href":"http:\/\/blog.meineigenerweg.de\/index.php?rest_route=%2Fwp%2Fv2%2Fcomments&post=865"}],"version-history":[{"count":16,"href":"http:\/\/blog.meineigenerweg.de\/index.php?rest_route=\/wp\/v2\/pages\/865\/revisions"}],"predecessor-version":[{"id":5909,"href":"http:\/\/blog.meineigenerweg.de\/index.php?rest_route=\/wp\/v2\/pages\/865\/revisions\/5909"}],"up":[{"embeddable":true,"href":"http:\/\/blog.meineigenerweg.de\/index.php?rest_route=\/wp\/v2\/pages\/1809"}],"wp:featuredmedia":[{"embeddable":true,"href":"http:\/\/blog.meineigenerweg.de\/index.php?rest_route=\/wp\/v2\/media\/899"}],"wp:attachment":[{"href":"http:\/\/blog.meineigenerweg.de\/index.php?rest_route=%2Fwp%2Fv2%2Fmedia&parent=865"}],"curies":[{"name":"wp","href":"https:\/\/api.w.org\/{rel}","templated":true}]}}