{"id":8560,"date":"2022-11-21T11:56:23","date_gmt":"2022-11-21T10:56:23","guid":{"rendered":"http:\/\/blog.meineigenerweg.de\/?page_id=8560"},"modified":"2022-11-21T11:56:23","modified_gmt":"2022-11-21T10:56:23","slug":"menzenschwand","status":"publish","type":"page","link":"http:\/\/blog.meineigenerweg.de\/?page_id=8560","title":{"rendered":"Menzenschwand ****"},"content":{"rendered":"<p>Oktober 2022<\/p>\n<p>Eine sch\u00f6ne \u00dcberraschung: zum Geburtstag fahren wir ein paar Tage in den Schwarzwald! Dazu gab es wunderbares Kaiserwetter, Indian Summer in Deutschland.<\/p>\n<p><a href=\"http:\/\/blog.meineigenerweg.de\/wp-content\/uploads\/2022\/11\/IMG_3424.jpg\"><img loading=\"lazy\" decoding=\"async\" class=\"alignnone size-medium wp-image-8596\" src=\"http:\/\/blog.meineigenerweg.de\/wp-content\/uploads\/2022\/11\/IMG_3424-300x225.jpg\" alt=\"\" width=\"300\" height=\"225\" srcset=\"http:\/\/blog.meineigenerweg.de\/wp-content\/uploads\/2022\/11\/IMG_3424-300x225.jpg 300w, http:\/\/blog.meineigenerweg.de\/wp-content\/uploads\/2022\/11\/IMG_3424-768x576.jpg 768w, http:\/\/blog.meineigenerweg.de\/wp-content\/uploads\/2022\/11\/IMG_3424.jpg 1000w\" sizes=\"auto, (max-width: 300px) 100vw, 300px\" \/><\/a><\/p>\n<p>Eine Unterkunft haben wir in\u00a0<span style=\"color: #0000ff;\"><a href=\"https:\/\/www.hochschwarzwald.de\/attraktionen\/menzenschwand-9d63ec0877\" target=\"_blank\" rel=\"noopener noreferrer\"><span style=\"color: #0000ff;\"><span style=\"text-decoration: underline;\">Menzenschwand<\/span><\/span><\/a><\/span>\u00a0am S\u00fcdhang des Feldbergs gefunden. Der Ort hat ca. 500 Einwohner, ist aber durch seine Lage auf bis zu 1350 m bei Touristen (wie uns) sehr gefragt und es gibt ein gro\u00dfes \u00a0Angebot an\u00a0Ferienwohnungen und Hotels.<\/p>\n<p><a href=\"http:\/\/blog.meineigenerweg.de\/wp-content\/uploads\/2022\/11\/7fda7741-c27c-432c-b87b-d425e6c762fe.jpg\"><img loading=\"lazy\" decoding=\"async\" class=\"alignnone size-medium wp-image-8566\" src=\"http:\/\/blog.meineigenerweg.de\/wp-content\/uploads\/2022\/11\/7fda7741-c27c-432c-b87b-d425e6c762fe-300x200.jpg\" alt=\"\" width=\"300\" height=\"200\" srcset=\"http:\/\/blog.meineigenerweg.de\/wp-content\/uploads\/2022\/11\/7fda7741-c27c-432c-b87b-d425e6c762fe-300x200.jpg 300w, http:\/\/blog.meineigenerweg.de\/wp-content\/uploads\/2022\/11\/7fda7741-c27c-432c-b87b-d425e6c762fe-768x512.jpg 768w, http:\/\/blog.meineigenerweg.de\/wp-content\/uploads\/2022\/11\/7fda7741-c27c-432c-b87b-d425e6c762fe.jpg 1000w\" sizes=\"auto, (max-width: 300px) 100vw, 300px\" \/><\/a> <a href=\"http:\/\/blog.meineigenerweg.de\/wp-content\/uploads\/2022\/11\/Z50_4824.jpg\"><img loading=\"lazy\" decoding=\"async\" class=\"alignnone size-medium wp-image-8569\" src=\"http:\/\/blog.meineigenerweg.de\/wp-content\/uploads\/2022\/11\/Z50_4824-300x200.jpg\" alt=\"\" width=\"300\" height=\"200\" srcset=\"http:\/\/blog.meineigenerweg.de\/wp-content\/uploads\/2022\/11\/Z50_4824-300x200.jpg 300w, http:\/\/blog.meineigenerweg.de\/wp-content\/uploads\/2022\/11\/Z50_4824-768x512.jpg 768w, http:\/\/blog.meineigenerweg.de\/wp-content\/uploads\/2022\/11\/Z50_4824.jpg 1000w\" sizes=\"auto, (max-width: 300px) 100vw, 300px\" \/><\/a><\/p>\n<p>Aus unserem Hotelzimmer blicken wir auf Pfarrkirche St. Martin. Die moderne Architektur erinnert an eine Industrieanlage, aber von Innen \u00fcberrascht die Weite und Helligkeit. Der moderne Einrichtung steht der historische Altar gegen\u00fcber. Sehenswert!<\/p>\n<p><a href=\"http:\/\/blog.meineigenerweg.de\/wp-content\/uploads\/2022\/11\/Z50_4807.jpg\"><img loading=\"lazy\" decoding=\"async\" class=\"alignnone size-medium wp-image-8568\" src=\"http:\/\/blog.meineigenerweg.de\/wp-content\/uploads\/2022\/11\/Z50_4807-300x200.jpg\" alt=\"\" width=\"300\" height=\"200\" srcset=\"http:\/\/blog.meineigenerweg.de\/wp-content\/uploads\/2022\/11\/Z50_4807-300x200.jpg 300w, http:\/\/blog.meineigenerweg.de\/wp-content\/uploads\/2022\/11\/Z50_4807-768x512.jpg 768w, http:\/\/blog.meineigenerweg.de\/wp-content\/uploads\/2022\/11\/Z50_4807.jpg 1000w\" sizes=\"auto, (max-width: 300px) 100vw, 300px\" \/><\/a> <a href=\"http:\/\/blog.meineigenerweg.de\/wp-content\/uploads\/2022\/11\/Z50_4801.jpg\"><img loading=\"lazy\" decoding=\"async\" class=\"alignnone size-medium wp-image-8567\" src=\"http:\/\/blog.meineigenerweg.de\/wp-content\/uploads\/2022\/11\/Z50_4801-300x200.jpg\" alt=\"\" width=\"300\" height=\"200\" srcset=\"http:\/\/blog.meineigenerweg.de\/wp-content\/uploads\/2022\/11\/Z50_4801-300x200.jpg 300w, http:\/\/blog.meineigenerweg.de\/wp-content\/uploads\/2022\/11\/Z50_4801-768x512.jpg 768w, http:\/\/blog.meineigenerweg.de\/wp-content\/uploads\/2022\/11\/Z50_4801.jpg 1000w\" sizes=\"auto, (max-width: 300px) 100vw, 300px\" \/><\/a><\/p>\n<p>Die H\u00f6henlage verspricht viel Schnee im Winter, das haben uns einige Bewohner best\u00e4tigt. Da wundert es nicht, dass es im Ort einen Skilift mit Anschluss an die Skiarena Spie\u00dfhorn gibt. Im Sportgesch\u00e4ft kann dann auch entsprechend alles ausgeliehen und gekauft werden, was man zum Skifahren braucht.<\/p>\n<p><a href=\"http:\/\/blog.meineigenerweg.de\/wp-content\/uploads\/2022\/11\/Z50_4826.jpg\"><img loading=\"lazy\" decoding=\"async\" class=\"alignnone size-medium wp-image-8571\" src=\"http:\/\/blog.meineigenerweg.de\/wp-content\/uploads\/2022\/11\/Z50_4826-300x200.jpg\" alt=\"\" width=\"300\" height=\"200\" srcset=\"http:\/\/blog.meineigenerweg.de\/wp-content\/uploads\/2022\/11\/Z50_4826-300x200.jpg 300w, http:\/\/blog.meineigenerweg.de\/wp-content\/uploads\/2022\/11\/Z50_4826-768x512.jpg 768w, http:\/\/blog.meineigenerweg.de\/wp-content\/uploads\/2022\/11\/Z50_4826.jpg 1000w\" sizes=\"auto, (max-width: 300px) 100vw, 300px\" \/><\/a><\/p>\n<p>Die Sprungschanze im Ort sieht von unten gar nicht so hoch aus, aber oben angekommen\u2026.<\/p>\n<p><a href=\"http:\/\/blog.meineigenerweg.de\/wp-content\/uploads\/2022\/11\/Z50_4811.jpg\"><img loading=\"lazy\" decoding=\"async\" class=\"alignnone size-medium wp-image-8574\" src=\"http:\/\/blog.meineigenerweg.de\/wp-content\/uploads\/2022\/11\/Z50_4811-300x200.jpg\" alt=\"\" width=\"300\" height=\"200\" srcset=\"http:\/\/blog.meineigenerweg.de\/wp-content\/uploads\/2022\/11\/Z50_4811-300x200.jpg 300w, http:\/\/blog.meineigenerweg.de\/wp-content\/uploads\/2022\/11\/Z50_4811-768x512.jpg 768w, http:\/\/blog.meineigenerweg.de\/wp-content\/uploads\/2022\/11\/Z50_4811.jpg 1000w\" sizes=\"auto, (max-width: 300px) 100vw, 300px\" \/><\/a> <a href=\"http:\/\/blog.meineigenerweg.de\/wp-content\/uploads\/2022\/11\/Z50_4816.jpg\"><img loading=\"lazy\" decoding=\"async\" class=\"alignnone size-medium wp-image-8573\" src=\"http:\/\/blog.meineigenerweg.de\/wp-content\/uploads\/2022\/11\/Z50_4816-300x200.jpg\" alt=\"\" width=\"300\" height=\"200\" srcset=\"http:\/\/blog.meineigenerweg.de\/wp-content\/uploads\/2022\/11\/Z50_4816-300x200.jpg 300w, http:\/\/blog.meineigenerweg.de\/wp-content\/uploads\/2022\/11\/Z50_4816-768x512.jpg 768w, http:\/\/blog.meineigenerweg.de\/wp-content\/uploads\/2022\/11\/Z50_4816.jpg 1000w\" sizes=\"auto, (max-width: 300px) 100vw, 300px\" \/>\u00a0<\/a><\/p>\n<p>In dem kleinen Wildgehege neben dem Kinderspielplatz wohnen einige Rehe und ein Hirsch.<\/p>\n<p><a href=\"http:\/\/blog.meineigenerweg.de\/wp-content\/uploads\/2022\/11\/Z50_4818.jpg\"><img loading=\"lazy\" decoding=\"async\" class=\"alignnone size-medium wp-image-8576\" src=\"http:\/\/blog.meineigenerweg.de\/wp-content\/uploads\/2022\/11\/Z50_4818-300x200.jpg\" alt=\"\" width=\"300\" height=\"200\" srcset=\"http:\/\/blog.meineigenerweg.de\/wp-content\/uploads\/2022\/11\/Z50_4818-300x200.jpg 300w, http:\/\/blog.meineigenerweg.de\/wp-content\/uploads\/2022\/11\/Z50_4818-768x512.jpg 768w, http:\/\/blog.meineigenerweg.de\/wp-content\/uploads\/2022\/11\/Z50_4818.jpg 1000w\" sizes=\"auto, (max-width: 300px) 100vw, 300px\" \/><\/a><\/p>\n<p>Im\u00a0<span style=\"color: #0000ff;\"><a href=\"https:\/\/www.hochschwarzwald.de\/attraktionen\/revital-bad-6d0fe43939\" target=\"_blank\" rel=\"noopener noreferrer\"><span style=\"color: #0000ff;\"><span style=\"text-decoration: underline;\">Revital Bad<\/span><\/span><\/a><\/span>\u00a0erleben wir im warmen Wasser und verschiedenen Saunen drinnen und drau\u00dfen einen sehr entspannten Tag!<\/p>\n<p>Direkt vom Ort aus f\u00fchren mehrere Wanderwege in die sch\u00f6ne Umgebung. Heute brechen wir auf zu den<span style=\"font-size: 0.95em;\">\u00a0<\/span><span style=\"color: #0000ff;\"><a href=\"https:\/\/www.hochschwarzwald.de\/attraktionen\/menzenschwander-wasserfaelle-20f9761d43\" target=\"_blank\" rel=\"noopener noreferrer\"><span style=\"color: #0000ff;\"><span style=\"text-decoration: underline;\">Menzenschwander Wasserf\u00e4llen<\/span><\/span><\/a><\/span><span style=\"font-size: 0.95em;\">. Querfeldein sind sie nur etwa 2 km entfernt. Wir w\u00e4hlen aber den Rundweg \u00fcber den Gei\u00dfenpfad, ca. 10 km entlang an Obstwiesen, Wald und B\u00e4chen.<\/span><\/p>\n<p><a href=\"http:\/\/blog.meineigenerweg.de\/wp-content\/uploads\/2022\/11\/Z50_4831.jpg\"><img loading=\"lazy\" decoding=\"async\" class=\"alignnone size-medium wp-image-8581\" src=\"http:\/\/blog.meineigenerweg.de\/wp-content\/uploads\/2022\/11\/Z50_4831-300x200.jpg\" alt=\"\" width=\"300\" height=\"200\" srcset=\"http:\/\/blog.meineigenerweg.de\/wp-content\/uploads\/2022\/11\/Z50_4831-300x200.jpg 300w, http:\/\/blog.meineigenerweg.de\/wp-content\/uploads\/2022\/11\/Z50_4831-768x512.jpg 768w, http:\/\/blog.meineigenerweg.de\/wp-content\/uploads\/2022\/11\/Z50_4831.jpg 1000w\" sizes=\"auto, (max-width: 300px) 100vw, 300px\" \/><\/a> <a href=\"http:\/\/blog.meineigenerweg.de\/wp-content\/uploads\/2022\/11\/Z50_4833.jpg\"><img loading=\"lazy\" decoding=\"async\" class=\"alignnone size-medium wp-image-8582\" src=\"http:\/\/blog.meineigenerweg.de\/wp-content\/uploads\/2022\/11\/Z50_4833-300x200.jpg\" alt=\"\" width=\"300\" height=\"200\" srcset=\"http:\/\/blog.meineigenerweg.de\/wp-content\/uploads\/2022\/11\/Z50_4833-300x200.jpg 300w, http:\/\/blog.meineigenerweg.de\/wp-content\/uploads\/2022\/11\/Z50_4833-768x512.jpg 768w, http:\/\/blog.meineigenerweg.de\/wp-content\/uploads\/2022\/11\/Z50_4833.jpg 1000w\" sizes=\"auto, (max-width: 300px) 100vw, 300px\" \/><\/a><\/p>\n<p><a href=\"http:\/\/blog.meineigenerweg.de\/wp-content\/uploads\/2022\/11\/Z50_4849.jpg\"><img loading=\"lazy\" decoding=\"async\" class=\"alignnone size-medium wp-image-8583\" src=\"http:\/\/blog.meineigenerweg.de\/wp-content\/uploads\/2022\/11\/Z50_4849-300x200.jpg\" alt=\"\" width=\"300\" height=\"200\" srcset=\"http:\/\/blog.meineigenerweg.de\/wp-content\/uploads\/2022\/11\/Z50_4849-300x200.jpg 300w, http:\/\/blog.meineigenerweg.de\/wp-content\/uploads\/2022\/11\/Z50_4849-768x512.jpg 768w, http:\/\/blog.meineigenerweg.de\/wp-content\/uploads\/2022\/11\/Z50_4849.jpg 1000w\" sizes=\"auto, (max-width: 300px) 100vw, 300px\" \/><\/a> <a href=\"http:\/\/blog.meineigenerweg.de\/wp-content\/uploads\/2022\/11\/Z50_4852.jpg\"><img loading=\"lazy\" decoding=\"async\" class=\"alignnone size-medium wp-image-8584\" src=\"http:\/\/blog.meineigenerweg.de\/wp-content\/uploads\/2022\/11\/Z50_4852-300x200.jpg\" alt=\"\" width=\"300\" height=\"200\" srcset=\"http:\/\/blog.meineigenerweg.de\/wp-content\/uploads\/2022\/11\/Z50_4852-300x200.jpg 300w, http:\/\/blog.meineigenerweg.de\/wp-content\/uploads\/2022\/11\/Z50_4852-768x512.jpg 768w, http:\/\/blog.meineigenerweg.de\/wp-content\/uploads\/2022\/11\/Z50_4852.jpg 1000w\" sizes=\"auto, (max-width: 300px) 100vw, 300px\" \/><\/a><\/p>\n<p>&nbsp;<\/p>\n<p>Ganz in der N\u00e4he von Menzenschwand liegt der traditionsreiche Urlaubsort <span style=\"color: #0000ff;\"><a href=\"https:\/\/www.hochschwarzwald.de\/orte\/st.-blasien-f40aff7b2d\" rel=\"noopener noreferrer\"><span style=\"color: #0000ff;\"><span style=\"text-decoration: underline;\">Sankt Blasien<\/span><\/span><\/a><\/span>.<\/p>\n<p><a href=\"http:\/\/blog.meineigenerweg.de\/wp-content\/uploads\/2022\/11\/IMG_3427.jpg\"><img loading=\"lazy\" decoding=\"async\" class=\"alignnone size-medium wp-image-8588\" src=\"http:\/\/blog.meineigenerweg.de\/wp-content\/uploads\/2022\/11\/IMG_3427-300x216.jpg\" alt=\"\" width=\"300\" height=\"216\" \/><\/a><a href=\"http:\/\/blog.meineigenerweg.de\/wp-content\/uploads\/2022\/11\/IMG_3427.jpg\"><img loading=\"lazy\" decoding=\"async\" class=\"alignnone size-medium wp-image-8590\" src=\"http:\/\/blog.meineigenerweg.de\/wp-content\/uploads\/2022\/11\/IMG_3427-300x225.jpg\" alt=\"\" width=\"300\" height=\"225\" srcset=\"http:\/\/blog.meineigenerweg.de\/wp-content\/uploads\/2022\/11\/IMG_3427-300x225.jpg 300w, http:\/\/blog.meineigenerweg.de\/wp-content\/uploads\/2022\/11\/IMG_3427-768x576.jpg 768w, http:\/\/blog.meineigenerweg.de\/wp-content\/uploads\/2022\/11\/IMG_3427.jpg 1000w\" sizes=\"auto, (max-width: 300px) 100vw, 300px\" \/><\/a> <a href=\"http:\/\/blog.meineigenerweg.de\/wp-content\/uploads\/2022\/11\/IMG_3428.jpg\"><img loading=\"lazy\" decoding=\"async\" class=\"alignnone size-medium wp-image-8589\" src=\"http:\/\/blog.meineigenerweg.de\/wp-content\/uploads\/2022\/11\/IMG_3428-300x225.jpg\" alt=\"\" width=\"300\" height=\"225\" srcset=\"http:\/\/blog.meineigenerweg.de\/wp-content\/uploads\/2022\/11\/IMG_3428-300x225.jpg 300w, http:\/\/blog.meineigenerweg.de\/wp-content\/uploads\/2022\/11\/IMG_3428-768x576.jpg 768w, http:\/\/blog.meineigenerweg.de\/wp-content\/uploads\/2022\/11\/IMG_3428.jpg 1000w\" sizes=\"auto, (max-width: 300px) 100vw, 300px\" \/><\/a><\/p>\n<p>Dominiert wird der Ort von der 62 mtr hohen Kuppel des <span style=\"color: #0000ff;\"><a href=\"https:\/\/www.hochschwarzwald.de\/attraktionen\/dom-st.-blasius-052e026165\" target=\"_blank\" rel=\"noopener noreferrer\"><span style=\"color: #0000ff;\"><span style=\"text-decoration: underline;\">Doms <\/span><\/span><\/a><\/span>aus dem Jahre 1783.<\/p>\n<p><a href=\"http:\/\/blog.meineigenerweg.de\/wp-content\/uploads\/2022\/11\/Dom-aussen.jpg\"><img loading=\"lazy\" decoding=\"async\" class=\"alignnone size-medium wp-image-8593\" src=\"http:\/\/blog.meineigenerweg.de\/wp-content\/uploads\/2022\/11\/Dom-aussen-300x200.jpg\" alt=\"\" width=\"300\" height=\"200\" srcset=\"http:\/\/blog.meineigenerweg.de\/wp-content\/uploads\/2022\/11\/Dom-aussen-300x200.jpg 300w, http:\/\/blog.meineigenerweg.de\/wp-content\/uploads\/2022\/11\/Dom-aussen-768x511.jpg 768w, http:\/\/blog.meineigenerweg.de\/wp-content\/uploads\/2022\/11\/Dom-aussen.jpg 1000w\" sizes=\"auto, (max-width: 300px) 100vw, 300px\" \/><\/a> <a href=\"http:\/\/blog.meineigenerweg.de\/wp-content\/uploads\/2022\/11\/Dom-innen.jpg\"><img loading=\"lazy\" decoding=\"async\" class=\"alignnone size-medium wp-image-8594\" src=\"http:\/\/blog.meineigenerweg.de\/wp-content\/uploads\/2022\/11\/Dom-innen-300x200.jpg\" alt=\"\" width=\"300\" height=\"200\" srcset=\"http:\/\/blog.meineigenerweg.de\/wp-content\/uploads\/2022\/11\/Dom-innen-300x200.jpg 300w, http:\/\/blog.meineigenerweg.de\/wp-content\/uploads\/2022\/11\/Dom-innen-768x511.jpg 768w, http:\/\/blog.meineigenerweg.de\/wp-content\/uploads\/2022\/11\/Dom-innen.jpg 1000w\" sizes=\"auto, (max-width: 300px) 100vw, 300px\" \/><\/a><\/p>\n<p>&nbsp;<\/p>\n<p>So sehenswert der Dom ist, der Ort selber l\u00e4dt uns nicht unbedingt zum Bummeln ein. Wir fahren ein St\u00fcckchen weiter zum Wanderparkplatz, von dem es verschiedene Wege zum Feldsee am Fu\u00dfe des Feldbergs f\u00fchren. Ganz sch\u00f6n steil geht es bergauf, hin und zur\u00fcck ca. 10 km durch den wildromantischen Wald.<\/p>\n<p><a href=\"http:\/\/blog.meineigenerweg.de\/wp-content\/uploads\/2022\/11\/Feldsee-1.jpg\"><img loading=\"lazy\" decoding=\"async\" class=\"alignnone size-medium wp-image-8598\" src=\"http:\/\/blog.meineigenerweg.de\/wp-content\/uploads\/2022\/11\/Feldsee-1-300x200.jpg\" alt=\"\" width=\"300\" height=\"200\" srcset=\"http:\/\/blog.meineigenerweg.de\/wp-content\/uploads\/2022\/11\/Feldsee-1-300x200.jpg 300w, http:\/\/blog.meineigenerweg.de\/wp-content\/uploads\/2022\/11\/Feldsee-1-768x512.jpg 768w, http:\/\/blog.meineigenerweg.de\/wp-content\/uploads\/2022\/11\/Feldsee-1.jpg 1000w\" sizes=\"auto, (max-width: 300px) 100vw, 300px\" \/><\/a><\/p>\n<p>Kurz vor dem Ziel gibt es die M\u00f6glichkeit einzukehren und sich mit einer Schwarzw\u00e4lder Brotzeit zu st\u00e4rken. Hier parken auch die Pferdekutschen, die den fusslahmen \u201eWanderern\u201c vom Wanderparkplatz aus angeboten werden<\/p>\n<p><a href=\"http:\/\/blog.meineigenerweg.de\/wp-content\/uploads\/2022\/11\/Z50_4903.jpg\"><img loading=\"lazy\" decoding=\"async\" class=\"alignnone size-medium wp-image-8599\" src=\"http:\/\/blog.meineigenerweg.de\/wp-content\/uploads\/2022\/11\/Z50_4903-300x200.jpg\" alt=\"\" width=\"300\" height=\"200\" srcset=\"http:\/\/blog.meineigenerweg.de\/wp-content\/uploads\/2022\/11\/Z50_4903-300x200.jpg 300w, http:\/\/blog.meineigenerweg.de\/wp-content\/uploads\/2022\/11\/Z50_4903-768x512.jpg 768w, http:\/\/blog.meineigenerweg.de\/wp-content\/uploads\/2022\/11\/Z50_4903.jpg 1000w\" sizes=\"auto, (max-width: 300px) 100vw, 300px\" \/> <\/a><a href=\"http:\/\/blog.meineigenerweg.de\/wp-content\/uploads\/2022\/11\/IMG_3450.jpg\"><img loading=\"lazy\" decoding=\"async\" class=\"alignnone size-medium wp-image-8601\" src=\"http:\/\/blog.meineigenerweg.de\/wp-content\/uploads\/2022\/11\/IMG_3450-300x200.jpg\" alt=\"\" width=\"300\" height=\"200\" srcset=\"http:\/\/blog.meineigenerweg.de\/wp-content\/uploads\/2022\/11\/IMG_3450-300x200.jpg 300w, http:\/\/blog.meineigenerweg.de\/wp-content\/uploads\/2022\/11\/IMG_3450-768x512.jpg 768w, http:\/\/blog.meineigenerweg.de\/wp-content\/uploads\/2022\/11\/IMG_3450.jpg 1000w\" sizes=\"auto, (max-width: 300px) 100vw, 300px\" \/><\/a><\/p>\n<p>Und dann ist man auch schon fast da &#8230;<\/p>\n<p><a href=\"http:\/\/blog.meineigenerweg.de\/wp-content\/uploads\/2022\/11\/Z50_4895.jpg\"><img loading=\"lazy\" decoding=\"async\" class=\"alignnone size-medium wp-image-8602\" src=\"http:\/\/blog.meineigenerweg.de\/wp-content\/uploads\/2022\/11\/Z50_4895-300x200.jpg\" alt=\"\" width=\"300\" height=\"200\" srcset=\"http:\/\/blog.meineigenerweg.de\/wp-content\/uploads\/2022\/11\/Z50_4895-300x200.jpg 300w, http:\/\/blog.meineigenerweg.de\/wp-content\/uploads\/2022\/11\/Z50_4895-768x512.jpg 768w, http:\/\/blog.meineigenerweg.de\/wp-content\/uploads\/2022\/11\/Z50_4895.jpg 1000w\" sizes=\"auto, (max-width: 300px) 100vw, 300px\" \/><\/a> <a href=\"http:\/\/blog.meineigenerweg.de\/wp-content\/uploads\/2022\/11\/Z50_4901.jpg\"><img loading=\"lazy\" decoding=\"async\" class=\"alignnone size-medium wp-image-8603\" src=\"http:\/\/blog.meineigenerweg.de\/wp-content\/uploads\/2022\/11\/Z50_4901-300x200.jpg\" alt=\"\" width=\"300\" height=\"200\" srcset=\"http:\/\/blog.meineigenerweg.de\/wp-content\/uploads\/2022\/11\/Z50_4901-300x200.jpg 300w, http:\/\/blog.meineigenerweg.de\/wp-content\/uploads\/2022\/11\/Z50_4901-768x512.jpg 768w, http:\/\/blog.meineigenerweg.de\/wp-content\/uploads\/2022\/11\/Z50_4901.jpg 1000w\" sizes=\"auto, (max-width: 300px) 100vw, 300px\" \/><\/a><\/p>\n<p>&nbsp;<\/p>\n<p><em>Meine Wertung: <span style=\"color: #ff0000;\">****<\/span>* eine sch\u00f6ne erlebnisreiche Woche<\/em><br \/>\n<em>79837 St. Blasien &#8211; Ortsteil Menzenschwand<\/em><\/p>\n","protected":false},"excerpt":{"rendered":"<p>Oktober 2022 Eine sch\u00f6ne \u00dcberraschung: zum Geburtstag fahren wir ein paar Tage in den Schwarzwald! Dazu gab es wunderbares Kaiserwetter, Indian Summer in Deutschland. Eine Unterkunft haben wir in\u00a0Menzenschwand\u00a0am S\u00fcdhang des Feldbergs gefunden. Der Ort hat ca. 500 Einwohner, ist aber durch seine Lage auf bis zu 1350 m bei<\/p>\n","protected":false},"author":1,"featured_media":8607,"parent":3419,"menu_order":0,"comment_status":"closed","ping_status":"closed","template":"","meta":{"footnotes":""},"class_list":["post-8560","page","type-page","status-publish","has-post-thumbnail","hentry"],"_links":{"self":[{"href":"http:\/\/blog.meineigenerweg.de\/index.php?rest_route=\/wp\/v2\/pages\/8560","targetHints":{"allow":["GET"]}}],"collection":[{"href":"http:\/\/blog.meineigenerweg.de\/index.php?rest_route=\/wp\/v2\/pages"}],"about":[{"href":"http:\/\/blog.meineigenerweg.de\/index.php?rest_route=\/wp\/v2\/types\/page"}],"author":[{"embeddable":true,"href":"http:\/\/blog.meineigenerweg.de\/index.php?rest_route=\/wp\/v2\/users\/1"}],"replies":[{"embeddable":true,"href":"http:\/\/blog.meineigenerweg.de\/index.php?rest_route=%2Fwp%2Fv2%2Fcomments&post=8560"}],"version-history":[{"count":24,"href":"http:\/\/blog.meineigenerweg.de\/index.php?rest_route=\/wp\/v2\/pages\/8560\/revisions"}],"predecessor-version":[{"id":8611,"href":"http:\/\/blog.meineigenerweg.de\/index.php?rest_route=\/wp\/v2\/pages\/8560\/revisions\/8611"}],"up":[{"embeddable":true,"href":"http:\/\/blog.meineigenerweg.de\/index.php?rest_route=\/wp\/v2\/pages\/3419"}],"wp:featuredmedia":[{"embeddable":true,"href":"http:\/\/blog.meineigenerweg.de\/index.php?rest_route=\/wp\/v2\/media\/8607"}],"wp:attachment":[{"href":"http:\/\/blog.meineigenerweg.de\/index.php?rest_route=%2Fwp%2Fv2%2Fmedia&parent=8560"}],"curies":[{"name":"wp","href":"https:\/\/api.w.org\/{rel}","templated":true}]}}