{"id":8541,"date":"2022-09-08T19:13:52","date_gmt":"2022-09-08T18:13:52","guid":{"rendered":"http:\/\/blog.meineigenerweg.de\/?page_id=8541"},"modified":"2022-09-08T20:27:11","modified_gmt":"2022-09-08T19:27:11","slug":"essen-zollverein-euphoria","status":"publish","type":"page","link":"http:\/\/blog.meineigenerweg.de\/?page_id=8541","title":{"rendered":"Essen &#8211; Zollverein &#8211; Euphoria *****"},"content":{"rendered":"<p>September 2022<\/p>\n<p>&nbsp;<\/p>\n<p class=\"intro\">\u201e<span style=\"color: #0000ff;\"><a href=\"https:\/\/www.zollverein.de\/kalender\/euphoria\" target=\"_blank\" rel=\"noopener noreferrer\"><span style=\"color: #0000ff;\"><span style=\"text-decoration: underline;\">Euphoria<\/span><\/span><\/a><\/span>\u201c ist eine multidisziplin\u00e4re, raumgreifende Filminstallation des Videok\u00fcnstlers und Filmemachers Julian Rosefeldt, die im Rahmen der Ruhrtrienale auf Zollverein \/ Pact pr\u00e4sentiert wird. Der Film setzt sich kritisch mit der menschlichen Gier und der kapitalistischen <span style=\"font-size: 0.95em;\">Wirtschaftstheorie auseinander und greift dabei auf Zitate ber\u00fchmter Pers\u00f6nlichkeiten aus \u00d6konomie, Literatur, Philosophie und Dichtung zur\u00fcck.<\/span><\/p>\n<p>&nbsp;<\/p>\n<p>In Halle 5 wird auf einer sehr gro\u00dfen Leinwand der Film gezeigt, au\u00dferdem sind an den Seiten Projektionen von Schlagzeugern und einem Chor von Kindern und Jugendlichen, die das Geschehen auf der Leinwand singend und tanzend begleiten.<\/p>\n<p>&nbsp;<\/p>\n<p>Die Pr\u00e4sentation dauert ca. 2 Stunden, ist in Englisch mit deutschem Untertitel tel. Leider gibt es nur sehr wenige Sitzgelegenheiten, daf\u00fcr aber Kissen und man kann entspannt auf dem Boden rumsitzen oder liegen.<\/p>\n<p>&nbsp;<\/p>\n<p><a href=\"http:\/\/blog.meineigenerweg.de\/wp-content\/uploads\/2022\/09\/53DC4EAA-8A60-47A1-8672-A071A6D53F69.jpeg\"><img loading=\"lazy\" decoding=\"async\" class=\"alignnone size-medium wp-image-8546\" src=\"http:\/\/blog.meineigenerweg.de\/wp-content\/uploads\/2022\/09\/53DC4EAA-8A60-47A1-8672-A071A6D53F69-300x169.jpeg\" alt=\"\" width=\"300\" height=\"169\" srcset=\"http:\/\/blog.meineigenerweg.de\/wp-content\/uploads\/2022\/09\/53DC4EAA-8A60-47A1-8672-A071A6D53F69-300x169.jpeg 300w, http:\/\/blog.meineigenerweg.de\/wp-content\/uploads\/2022\/09\/53DC4EAA-8A60-47A1-8672-A071A6D53F69-1024x576.jpeg 1024w, http:\/\/blog.meineigenerweg.de\/wp-content\/uploads\/2022\/09\/53DC4EAA-8A60-47A1-8672-A071A6D53F69-768x432.jpeg 768w, http:\/\/blog.meineigenerweg.de\/wp-content\/uploads\/2022\/09\/53DC4EAA-8A60-47A1-8672-A071A6D53F69.jpeg 1334w\" sizes=\"auto, (max-width: 300px) 100vw, 300px\" \/><\/a><\/p>\n<p>&nbsp;<\/p>\n<p><iframe loading=\"lazy\" title=\"Julian Rosefeldt: \u00bbEuphoria\u00ab (Trailer)\" width=\"960\" height=\"540\" src=\"https:\/\/www.youtube.com\/embed\/tjytr1Zme9g?feature=oembed\" frameborder=\"0\" allow=\"accelerometer; autoplay; clipboard-write; encrypted-media; gyroscope; picture-in-picture\" allowfullscreen><\/iframe><\/p>\n<p>&nbsp;<\/p>\n<p><em>Meine Wertung: <span style=\"color: #ff0000;\">*****<\/span>\u00a0sehr beeindruckend<\/em><br \/>\n<em>Arendahls Wiese (kostenlosen Parkpl\u00e4tze)<\/em><br \/>\n<em>Essen<\/em><\/p>\n<div>\n<p>&nbsp;<\/p>\n<\/div>\n","protected":false},"excerpt":{"rendered":"<p>September 2022 &nbsp; \u201eEuphoria\u201c ist eine multidisziplin\u00e4re, raumgreifende Filminstallation des Videok\u00fcnstlers und Filmemachers Julian Rosefeldt, die im Rahmen der Ruhrtrienale auf Zollverein \/ Pact pr\u00e4sentiert wird. Der Film setzt sich kritisch mit der menschlichen Gier und der kapitalistischen Wirtschaftstheorie auseinander und greift dabei auf Zitate ber\u00fchmter Pers\u00f6nlichkeiten aus \u00d6konomie, Literatur,<\/p>\n","protected":false},"author":1,"featured_media":8548,"parent":1809,"menu_order":0,"comment_status":"closed","ping_status":"closed","template":"","meta":{"footnotes":""},"class_list":["post-8541","page","type-page","status-publish","has-post-thumbnail","hentry"],"_links":{"self":[{"href":"http:\/\/blog.meineigenerweg.de\/index.php?rest_route=\/wp\/v2\/pages\/8541","targetHints":{"allow":["GET"]}}],"collection":[{"href":"http:\/\/blog.meineigenerweg.de\/index.php?rest_route=\/wp\/v2\/pages"}],"about":[{"href":"http:\/\/blog.meineigenerweg.de\/index.php?rest_route=\/wp\/v2\/types\/page"}],"author":[{"embeddable":true,"href":"http:\/\/blog.meineigenerweg.de\/index.php?rest_route=\/wp\/v2\/users\/1"}],"replies":[{"embeddable":true,"href":"http:\/\/blog.meineigenerweg.de\/index.php?rest_route=%2Fwp%2Fv2%2Fcomments&post=8541"}],"version-history":[{"count":9,"href":"http:\/\/blog.meineigenerweg.de\/index.php?rest_route=\/wp\/v2\/pages\/8541\/revisions"}],"predecessor-version":[{"id":8552,"href":"http:\/\/blog.meineigenerweg.de\/index.php?rest_route=\/wp\/v2\/pages\/8541\/revisions\/8552"}],"up":[{"embeddable":true,"href":"http:\/\/blog.meineigenerweg.de\/index.php?rest_route=\/wp\/v2\/pages\/1809"}],"wp:featuredmedia":[{"embeddable":true,"href":"http:\/\/blog.meineigenerweg.de\/index.php?rest_route=\/wp\/v2\/media\/8548"}],"wp:attachment":[{"href":"http:\/\/blog.meineigenerweg.de\/index.php?rest_route=%2Fwp%2Fv2%2Fmedia&parent=8541"}],"curies":[{"name":"wp","href":"https:\/\/api.w.org\/{rel}","templated":true}]}}