{"id":8498,"date":"2022-08-18T21:05:46","date_gmt":"2022-08-18T20:05:46","guid":{"rendered":"http:\/\/blog.meineigenerweg.de\/?page_id=8498"},"modified":"2022-08-27T19:43:42","modified_gmt":"2022-08-27T18:43:42","slug":"botanika","status":"publish","type":"page","link":"http:\/\/blog.meineigenerweg.de\/?page_id=8498","title":{"rendered":"Botanika ***"},"content":{"rendered":"<p>August 2022<\/p>\n<p>&nbsp;<\/p>\n<p>Eine kleine Auszeit vom Alltag und mal eben schnell nach Asien beamen und die Nebelw\u00e4lder Borneos oder die Bergwelt Nepals erkunden, die Pflanzenwelt bestaunen und Ger\u00e4usche und Ger\u00fcche wahrnehmen.<\/p>\n<p>Die <span style=\"color: #0000ff;\"><a href=\"https:\/\/www.botanika-bremen.de\/\" target=\"_blank\" rel=\"noopener noreferrer\"><span style=\"color: #0000ff;\"><span style=\"text-decoration: underline;\"> Botanika<\/span><\/span><\/a><\/span> l\u00e4dt zu einer spannenden Erlebnistour durch Gew\u00e4chs- und Tropenh\u00e4user ein.<\/p>\n<p><a href=\"http:\/\/blog.meineigenerweg.de\/wp-content\/uploads\/2022\/08\/C6EABEC8-8E0D-4CA3-B89B-857FF7524B40.jpeg\"><img loading=\"lazy\" decoding=\"async\" class=\"alignnone size-medium wp-image-8500\" src=\"http:\/\/blog.meineigenerweg.de\/wp-content\/uploads\/2022\/08\/C6EABEC8-8E0D-4CA3-B89B-857FF7524B40-300x225.jpeg\" alt=\"\" width=\"300\" height=\"225\" srcset=\"http:\/\/blog.meineigenerweg.de\/wp-content\/uploads\/2022\/08\/C6EABEC8-8E0D-4CA3-B89B-857FF7524B40-300x225.jpeg 300w, http:\/\/blog.meineigenerweg.de\/wp-content\/uploads\/2022\/08\/C6EABEC8-8E0D-4CA3-B89B-857FF7524B40-768x576.jpeg 768w, http:\/\/blog.meineigenerweg.de\/wp-content\/uploads\/2022\/08\/C6EABEC8-8E0D-4CA3-B89B-857FF7524B40.jpeg 1000w\" sizes=\"auto, (max-width: 300px) 100vw, 300px\" \/><\/a><\/p>\n<p>Zuerst ein kleiner Abstecher nach Japan mit einem kleinen Steingarten<\/p>\n<p><a href=\"http:\/\/blog.meineigenerweg.de\/wp-content\/uploads\/2022\/08\/7D2793BC-8257-4F23-8F20-E1B6243D2D95.jpeg\"><img loading=\"lazy\" decoding=\"async\" class=\"alignnone size-medium wp-image-8505\" src=\"http:\/\/blog.meineigenerweg.de\/wp-content\/uploads\/2022\/08\/7D2793BC-8257-4F23-8F20-E1B6243D2D95-300x225.jpeg\" alt=\"\" width=\"300\" height=\"225\" srcset=\"http:\/\/blog.meineigenerweg.de\/wp-content\/uploads\/2022\/08\/7D2793BC-8257-4F23-8F20-E1B6243D2D95-300x225.jpeg 300w, http:\/\/blog.meineigenerweg.de\/wp-content\/uploads\/2022\/08\/7D2793BC-8257-4F23-8F20-E1B6243D2D95-768x576.jpeg 768w, http:\/\/blog.meineigenerweg.de\/wp-content\/uploads\/2022\/08\/7D2793BC-8257-4F23-8F20-E1B6243D2D95.jpeg 1000w\" sizes=\"auto, (max-width: 300px) 100vw, 300px\" \/><\/a><\/p>\n<p>und dem Friedensbuddha.<\/p>\n<p><a href=\"http:\/\/blog.meineigenerweg.de\/wp-content\/uploads\/2022\/08\/0FF2290F-DF36-43DC-BFDF-E01CF7793DAC.jpeg\"><img loading=\"lazy\" decoding=\"async\" class=\"alignnone size-medium wp-image-8506\" src=\"http:\/\/blog.meineigenerweg.de\/wp-content\/uploads\/2022\/08\/0FF2290F-DF36-43DC-BFDF-E01CF7793DAC-300x225.jpeg\" alt=\"\" width=\"300\" height=\"225\" srcset=\"http:\/\/blog.meineigenerweg.de\/wp-content\/uploads\/2022\/08\/0FF2290F-DF36-43DC-BFDF-E01CF7793DAC-300x225.jpeg 300w, http:\/\/blog.meineigenerweg.de\/wp-content\/uploads\/2022\/08\/0FF2290F-DF36-43DC-BFDF-E01CF7793DAC-768x576.jpeg 768w, http:\/\/blog.meineigenerweg.de\/wp-content\/uploads\/2022\/08\/0FF2290F-DF36-43DC-BFDF-E01CF7793DAC.jpeg 1000w\" sizes=\"auto, (max-width: 300px) 100vw, 300px\" \/><\/a><\/p>\n<p>In Borneo verstecken sich geheimnisvolle Figuren im dichten Tropenwald.<\/p>\n<p><a href=\"http:\/\/blog.meineigenerweg.de\/wp-content\/uploads\/2022\/08\/8049854B-D54F-405E-AA3D-FB22C59D144C.jpeg\"><img loading=\"lazy\" decoding=\"async\" class=\"alignnone size-medium wp-image-8507\" src=\"http:\/\/blog.meineigenerweg.de\/wp-content\/uploads\/2022\/08\/8049854B-D54F-405E-AA3D-FB22C59D144C-300x225.jpeg\" alt=\"\" width=\"300\" height=\"225\" srcset=\"http:\/\/blog.meineigenerweg.de\/wp-content\/uploads\/2022\/08\/8049854B-D54F-405E-AA3D-FB22C59D144C-300x225.jpeg 300w, http:\/\/blog.meineigenerweg.de\/wp-content\/uploads\/2022\/08\/8049854B-D54F-405E-AA3D-FB22C59D144C-768x576.jpeg 768w, http:\/\/blog.meineigenerweg.de\/wp-content\/uploads\/2022\/08\/8049854B-D54F-405E-AA3D-FB22C59D144C.jpeg 1000w\" sizes=\"auto, (max-width: 300px) 100vw, 300px\" \/><\/a><\/p>\n<p>Wohin als n\u00e4chstes?<\/p>\n<p><a href=\"http:\/\/blog.meineigenerweg.de\/wp-content\/uploads\/2022\/08\/BBB0BED9-0829-4E0D-9539-1D857C4A8D1A.jpeg\"><img loading=\"lazy\" decoding=\"async\" class=\"alignnone size-medium wp-image-8509\" src=\"http:\/\/blog.meineigenerweg.de\/wp-content\/uploads\/2022\/08\/BBB0BED9-0829-4E0D-9539-1D857C4A8D1A-300x225.jpeg\" alt=\"\" width=\"300\" height=\"225\" srcset=\"http:\/\/blog.meineigenerweg.de\/wp-content\/uploads\/2022\/08\/BBB0BED9-0829-4E0D-9539-1D857C4A8D1A-300x225.jpeg 300w, http:\/\/blog.meineigenerweg.de\/wp-content\/uploads\/2022\/08\/BBB0BED9-0829-4E0D-9539-1D857C4A8D1A-768x576.jpeg 768w, http:\/\/blog.meineigenerweg.de\/wp-content\/uploads\/2022\/08\/BBB0BED9-0829-4E0D-9539-1D857C4A8D1A.jpeg 1000w\" sizes=\"auto, (max-width: 300px) 100vw, 300px\" \/><\/a><\/p>\n<p>Der Himalaya in Nepal ist leicht erklommen.<\/p>\n<p><a href=\"http:\/\/blog.meineigenerweg.de\/wp-content\/uploads\/2022\/08\/6A5E445F-29C6-4DBE-8062-1F159BCB9A17.jpeg\"><img loading=\"lazy\" decoding=\"async\" class=\"alignnone size-medium wp-image-8512\" src=\"http:\/\/blog.meineigenerweg.de\/wp-content\/uploads\/2022\/08\/6A5E445F-29C6-4DBE-8062-1F159BCB9A17-300x225.jpeg\" alt=\"\" width=\"300\" height=\"225\" srcset=\"http:\/\/blog.meineigenerweg.de\/wp-content\/uploads\/2022\/08\/6A5E445F-29C6-4DBE-8062-1F159BCB9A17-300x225.jpeg 300w, http:\/\/blog.meineigenerweg.de\/wp-content\/uploads\/2022\/08\/6A5E445F-29C6-4DBE-8062-1F159BCB9A17-768x576.jpeg 768w, http:\/\/blog.meineigenerweg.de\/wp-content\/uploads\/2022\/08\/6A5E445F-29C6-4DBE-8062-1F159BCB9A17.jpeg 1000w\" sizes=\"auto, (max-width: 300px) 100vw, 300px\" \/><\/a><\/p>\n<p>Ein Lingam zur Verehrung des hinduistischen Gott Shiva.<\/p>\n<p><a href=\"http:\/\/blog.meineigenerweg.de\/wp-content\/uploads\/2022\/08\/49F6ECD7-7284-417B-B670-950739E2E2BE.jpeg\"><img loading=\"lazy\" decoding=\"async\" class=\"alignnone size-medium wp-image-8513\" src=\"http:\/\/blog.meineigenerweg.de\/wp-content\/uploads\/2022\/08\/49F6ECD7-7284-417B-B670-950739E2E2BE-300x225.jpeg\" alt=\"\" width=\"300\" height=\"225\" srcset=\"http:\/\/blog.meineigenerweg.de\/wp-content\/uploads\/2022\/08\/49F6ECD7-7284-417B-B670-950739E2E2BE-300x225.jpeg 300w, http:\/\/blog.meineigenerweg.de\/wp-content\/uploads\/2022\/08\/49F6ECD7-7284-417B-B670-950739E2E2BE-768x576.jpeg 768w, http:\/\/blog.meineigenerweg.de\/wp-content\/uploads\/2022\/08\/49F6ECD7-7284-417B-B670-950739E2E2BE.jpeg 1000w\" sizes=\"auto, (max-width: 300px) 100vw, 300px\" \/><\/a><\/p>\n<p>Und nat\u00fcrlich tolle exotische Pflanzen.<\/p>\n<p><a href=\"http:\/\/blog.meineigenerweg.de\/wp-content\/uploads\/2022\/08\/BB354BB0-66FD-4A02-9EBC-BC31F7761F9B.jpeg\"><img loading=\"lazy\" decoding=\"async\" class=\"alignnone size-medium wp-image-8516\" src=\"http:\/\/blog.meineigenerweg.de\/wp-content\/uploads\/2022\/08\/BB354BB0-66FD-4A02-9EBC-BC31F7761F9B-300x225.jpeg\" alt=\"\" width=\"300\" height=\"225\" srcset=\"http:\/\/blog.meineigenerweg.de\/wp-content\/uploads\/2022\/08\/BB354BB0-66FD-4A02-9EBC-BC31F7761F9B-300x225.jpeg 300w, http:\/\/blog.meineigenerweg.de\/wp-content\/uploads\/2022\/08\/BB354BB0-66FD-4A02-9EBC-BC31F7761F9B-768x576.jpeg 768w, http:\/\/blog.meineigenerweg.de\/wp-content\/uploads\/2022\/08\/BB354BB0-66FD-4A02-9EBC-BC31F7761F9B.jpeg 1000w\" sizes=\"auto, (max-width: 300px) 100vw, 300px\" \/><\/a><\/p>\n<p>Eine Titanwurz kurz vor der Bl\u00fcte.<\/p>\n<p><a href=\"http:\/\/blog.meineigenerweg.de\/wp-content\/uploads\/2022\/08\/23B9DF33-3637-45EF-BCE4-9A09EB0FDFFE.jpeg\"><img loading=\"lazy\" decoding=\"async\" class=\"alignnone size-medium wp-image-8517\" src=\"http:\/\/blog.meineigenerweg.de\/wp-content\/uploads\/2022\/08\/23B9DF33-3637-45EF-BCE4-9A09EB0FDFFE-225x300.jpeg\" alt=\"\" width=\"225\" height=\"300\" srcset=\"http:\/\/blog.meineigenerweg.de\/wp-content\/uploads\/2022\/08\/23B9DF33-3637-45EF-BCE4-9A09EB0FDFFE-225x300.jpeg 225w, http:\/\/blog.meineigenerweg.de\/wp-content\/uploads\/2022\/08\/23B9DF33-3637-45EF-BCE4-9A09EB0FDFFE.jpeg 750w\" sizes=\"auto, (max-width: 225px) 100vw, 225px\" \/><\/a><\/p>\n<p>In einem kleinen Gehege gibt es ein paar Gibbons.<\/p>\n<p><a href=\"http:\/\/blog.meineigenerweg.de\/wp-content\/uploads\/2022\/08\/4ACF163E-3892-46DF-BC5C-899E63B9BB14.jpeg\"><img loading=\"lazy\" decoding=\"async\" class=\"alignnone size-medium wp-image-8519\" src=\"http:\/\/blog.meineigenerweg.de\/wp-content\/uploads\/2022\/08\/4ACF163E-3892-46DF-BC5C-899E63B9BB14-300x225.jpeg\" alt=\"\" width=\"300\" height=\"225\" srcset=\"http:\/\/blog.meineigenerweg.de\/wp-content\/uploads\/2022\/08\/4ACF163E-3892-46DF-BC5C-899E63B9BB14-300x225.jpeg 300w, http:\/\/blog.meineigenerweg.de\/wp-content\/uploads\/2022\/08\/4ACF163E-3892-46DF-BC5C-899E63B9BB14-768x576.jpeg 768w, http:\/\/blog.meineigenerweg.de\/wp-content\/uploads\/2022\/08\/4ACF163E-3892-46DF-BC5C-899E63B9BB14.jpeg 1000w\" sizes=\"auto, (max-width: 300px) 100vw, 300px\" \/><\/a><\/p>\n<p>Die Schmetterling haben mir besser gefallen.<br \/>\nHandtellergro\u00df und von innen strahlend blau.<\/p>\n<p><a href=\"http:\/\/blog.meineigenerweg.de\/wp-content\/uploads\/2022\/08\/756EDC14-7E79-4EEB-9C10-4B6B3488AC71.jpeg\"><img loading=\"lazy\" decoding=\"async\" class=\"alignnone size-medium wp-image-8521\" src=\"http:\/\/blog.meineigenerweg.de\/wp-content\/uploads\/2022\/08\/756EDC14-7E79-4EEB-9C10-4B6B3488AC71-300x225.jpeg\" alt=\"\" width=\"300\" height=\"225\" srcset=\"http:\/\/blog.meineigenerweg.de\/wp-content\/uploads\/2022\/08\/756EDC14-7E79-4EEB-9C10-4B6B3488AC71-300x225.jpeg 300w, http:\/\/blog.meineigenerweg.de\/wp-content\/uploads\/2022\/08\/756EDC14-7E79-4EEB-9C10-4B6B3488AC71-768x576.jpeg 768w, http:\/\/blog.meineigenerweg.de\/wp-content\/uploads\/2022\/08\/756EDC14-7E79-4EEB-9C10-4B6B3488AC71.jpeg 1000w\" sizes=\"auto, (max-width: 300px) 100vw, 300px\" \/> <\/a><a href=\"http:\/\/blog.meineigenerweg.de\/wp-content\/uploads\/2022\/08\/03804540-BEA2-4CD7-843A-10C8A43BC288.jpeg\"><img loading=\"lazy\" decoding=\"async\" class=\"alignnone size-medium wp-image-8523\" src=\"http:\/\/blog.meineigenerweg.de\/wp-content\/uploads\/2022\/08\/03804540-BEA2-4CD7-843A-10C8A43BC288-300x225.jpeg\" alt=\"\" width=\"300\" height=\"225\" srcset=\"http:\/\/blog.meineigenerweg.de\/wp-content\/uploads\/2022\/08\/03804540-BEA2-4CD7-843A-10C8A43BC288-300x225.jpeg 300w, http:\/\/blog.meineigenerweg.de\/wp-content\/uploads\/2022\/08\/03804540-BEA2-4CD7-843A-10C8A43BC288-768x576.jpeg 768w, http:\/\/blog.meineigenerweg.de\/wp-content\/uploads\/2022\/08\/03804540-BEA2-4CD7-843A-10C8A43BC288.jpeg 1000w\" sizes=\"auto, (max-width: 300px) 100vw, 300px\" \/><\/a><\/p>\n<p>Im Entdeckerzentrum gibt es weiter Informationen und interaktive Experimente.<\/p>\n<p><a href=\"http:\/\/blog.meineigenerweg.de\/wp-content\/uploads\/2022\/08\/E156AA65-32F9-41E1-B9F1-049A4CBC1937.jpeg\"><img loading=\"lazy\" decoding=\"async\" class=\"alignnone size-medium wp-image-8524\" src=\"http:\/\/blog.meineigenerweg.de\/wp-content\/uploads\/2022\/08\/E156AA65-32F9-41E1-B9F1-049A4CBC1937-300x225.jpeg\" alt=\"\" width=\"300\" height=\"225\" srcset=\"http:\/\/blog.meineigenerweg.de\/wp-content\/uploads\/2022\/08\/E156AA65-32F9-41E1-B9F1-049A4CBC1937-300x225.jpeg 300w, http:\/\/blog.meineigenerweg.de\/wp-content\/uploads\/2022\/08\/E156AA65-32F9-41E1-B9F1-049A4CBC1937-768x576.jpeg 768w, http:\/\/blog.meineigenerweg.de\/wp-content\/uploads\/2022\/08\/E156AA65-32F9-41E1-B9F1-049A4CBC1937.jpeg 1000w\" sizes=\"auto, (max-width: 300px) 100vw, 300px\" \/><\/a> <a href=\"http:\/\/blog.meineigenerweg.de\/wp-content\/uploads\/2022\/08\/C3CB6940-5604-4B8F-8CF1-0EEE300AC6FF.jpeg\"><img loading=\"lazy\" decoding=\"async\" class=\"alignnone size-medium wp-image-8525\" src=\"http:\/\/blog.meineigenerweg.de\/wp-content\/uploads\/2022\/08\/C3CB6940-5604-4B8F-8CF1-0EEE300AC6FF-300x225.jpeg\" alt=\"\" width=\"300\" height=\"225\" srcset=\"http:\/\/blog.meineigenerweg.de\/wp-content\/uploads\/2022\/08\/C3CB6940-5604-4B8F-8CF1-0EEE300AC6FF-300x225.jpeg 300w, http:\/\/blog.meineigenerweg.de\/wp-content\/uploads\/2022\/08\/C3CB6940-5604-4B8F-8CF1-0EEE300AC6FF-768x576.jpeg 768w, http:\/\/blog.meineigenerweg.de\/wp-content\/uploads\/2022\/08\/C3CB6940-5604-4B8F-8CF1-0EEE300AC6FF.jpeg 1000w\" sizes=\"auto, (max-width: 300px) 100vw, 300px\" \/><\/a><\/p>\n<p>&nbsp;<\/p>\n<p><em>Meine Wertung: <span style=\"color: #ff0000;\">***<span style=\"color: #000000;\">** nicht sehr gro\u00df aber sehenswert, im August relativ wenig bl\u00fchende Pflanzen<\/span><\/span><\/em><br \/>\n<em>Deliusweg 40<br \/>\n<\/em><em>28359 Bremen<\/em><\/p>\n<p>&nbsp;<\/p>\n","protected":false},"excerpt":{"rendered":"<p>August 2022 &nbsp; Eine kleine Auszeit vom Alltag und mal eben schnell nach Asien beamen und die Nebelw\u00e4lder Borneos oder die Bergwelt Nepals erkunden, die Pflanzenwelt bestaunen und Ger\u00e4usche und Ger\u00fcche wahrnehmen. Die Botanika l\u00e4dt zu einer spannenden Erlebnistour durch Gew\u00e4chs- und Tropenh\u00e4user ein. Zuerst ein kleiner Abstecher nach Japan<\/p>\n","protected":false},"author":1,"featured_media":8511,"parent":108,"menu_order":0,"comment_status":"closed","ping_status":"closed","template":"","meta":{"footnotes":""},"class_list":["post-8498","page","type-page","status-publish","has-post-thumbnail","hentry"],"_links":{"self":[{"href":"http:\/\/blog.meineigenerweg.de\/index.php?rest_route=\/wp\/v2\/pages\/8498","targetHints":{"allow":["GET"]}}],"collection":[{"href":"http:\/\/blog.meineigenerweg.de\/index.php?rest_route=\/wp\/v2\/pages"}],"about":[{"href":"http:\/\/blog.meineigenerweg.de\/index.php?rest_route=\/wp\/v2\/types\/page"}],"author":[{"embeddable":true,"href":"http:\/\/blog.meineigenerweg.de\/index.php?rest_route=\/wp\/v2\/users\/1"}],"replies":[{"embeddable":true,"href":"http:\/\/blog.meineigenerweg.de\/index.php?rest_route=%2Fwp%2Fv2%2Fcomments&post=8498"}],"version-history":[{"count":15,"href":"http:\/\/blog.meineigenerweg.de\/index.php?rest_route=\/wp\/v2\/pages\/8498\/revisions"}],"predecessor-version":[{"id":8530,"href":"http:\/\/blog.meineigenerweg.de\/index.php?rest_route=\/wp\/v2\/pages\/8498\/revisions\/8530"}],"up":[{"embeddable":true,"href":"http:\/\/blog.meineigenerweg.de\/index.php?rest_route=\/wp\/v2\/pages\/108"}],"wp:featuredmedia":[{"embeddable":true,"href":"http:\/\/blog.meineigenerweg.de\/index.php?rest_route=\/wp\/v2\/media\/8511"}],"wp:attachment":[{"href":"http:\/\/blog.meineigenerweg.de\/index.php?rest_route=%2Fwp%2Fv2%2Fmedia&parent=8498"}],"curies":[{"name":"wp","href":"https:\/\/api.w.org\/{rel}","templated":true}]}}