{"id":8436,"date":"2022-08-13T21:58:13","date_gmt":"2022-08-13T20:58:13","guid":{"rendered":"http:\/\/blog.meineigenerweg.de\/?page_id=8436"},"modified":"2022-08-31T10:35:55","modified_gmt":"2022-08-31T09:35:55","slug":"bremen-banksy-ausstellung","status":"publish","type":"page","link":"http:\/\/blog.meineigenerweg.de\/?page_id=8436","title":{"rendered":"Banksy Ausstellung *****"},"content":{"rendered":"<p>August 2022<\/p>\n<p>&nbsp;<\/p>\n<p>Die Wanderausstellung \u201eThe Mystery of Banksy &#8211; A Genius Mind\u201c ist nach Berlin, Frankfurt\u2026 auch in Bremen angekommen. 150 Werke des nach wie vor nicht identifizierten Streetart-K\u00fcnstlers werden hier spannend pr\u00e4sentiert &#8211; von seinem Engagement im Pal\u00e4stina-\/Israelkonflikt, den vielen Anti-Kriegs-Bildern bis zu seinen sozialkritischen Graffitis.<\/p>\n<p>&nbsp;<\/p>\n<p><a href=\"http:\/\/blog.meineigenerweg.de\/wp-content\/uploads\/2022\/08\/AE4B743F-8255-4D32-B638-CE9FE55D1884.jpeg\"><img loading=\"lazy\" decoding=\"async\" class=\"alignnone size-medium wp-image-8437\" src=\"http:\/\/blog.meineigenerweg.de\/wp-content\/uploads\/2022\/08\/AE4B743F-8255-4D32-B638-CE9FE55D1884-300x225.jpeg\" alt=\"\" width=\"300\" height=\"225\" srcset=\"http:\/\/blog.meineigenerweg.de\/wp-content\/uploads\/2022\/08\/AE4B743F-8255-4D32-B638-CE9FE55D1884-300x225.jpeg 300w, http:\/\/blog.meineigenerweg.de\/wp-content\/uploads\/2022\/08\/AE4B743F-8255-4D32-B638-CE9FE55D1884-768x576.jpeg 768w, http:\/\/blog.meineigenerweg.de\/wp-content\/uploads\/2022\/08\/AE4B743F-8255-4D32-B638-CE9FE55D1884.jpeg 1000w\" sizes=\"auto, (max-width: 300px) 100vw, 300px\" \/><\/a><\/p>\n<p>&nbsp;<\/p>\n<p>no future &#8211; gespr\u00fcht in Bristol, England<\/p>\n<p><a href=\"http:\/\/blog.meineigenerweg.de\/wp-content\/uploads\/2022\/08\/2E61CFC1-C66C-4338-BA9E-3AAF4F7771B9.jpeg\"><img loading=\"lazy\" decoding=\"async\" class=\"alignnone size-medium wp-image-8445\" src=\"http:\/\/blog.meineigenerweg.de\/wp-content\/uploads\/2022\/08\/2E61CFC1-C66C-4338-BA9E-3AAF4F7771B9-300x288.jpeg\" alt=\"\" width=\"300\" height=\"288\" srcset=\"http:\/\/blog.meineigenerweg.de\/wp-content\/uploads\/2022\/08\/2E61CFC1-C66C-4338-BA9E-3AAF4F7771B9-300x288.jpeg 300w, http:\/\/blog.meineigenerweg.de\/wp-content\/uploads\/2022\/08\/2E61CFC1-C66C-4338-BA9E-3AAF4F7771B9-768x737.jpeg 768w, http:\/\/blog.meineigenerweg.de\/wp-content\/uploads\/2022\/08\/2E61CFC1-C66C-4338-BA9E-3AAF4F7771B9.jpeg 1000w\" sizes=\"auto, (max-width: 300px) 100vw, 300px\" \/><\/a><\/p>\n<p>&nbsp;<\/p>\n<p>Flower Thrower &#8211; so k\u00f6nnte eine Demo aussehen &#8211; Blumen statt Steine!<\/p>\n<p><a href=\"http:\/\/blog.meineigenerweg.de\/wp-content\/uploads\/2022\/08\/974A7ADD-9614-4312-A17E-53FF193E7B11.jpeg\"><img loading=\"lazy\" decoding=\"async\" class=\"alignnone size-medium wp-image-8447\" src=\"http:\/\/blog.meineigenerweg.de\/wp-content\/uploads\/2022\/08\/974A7ADD-9614-4312-A17E-53FF193E7B11-300x264.jpeg\" alt=\"\" width=\"300\" height=\"264\" srcset=\"http:\/\/blog.meineigenerweg.de\/wp-content\/uploads\/2022\/08\/974A7ADD-9614-4312-A17E-53FF193E7B11-300x264.jpeg 300w, http:\/\/blog.meineigenerweg.de\/wp-content\/uploads\/2022\/08\/974A7ADD-9614-4312-A17E-53FF193E7B11-768x676.jpeg 768w, http:\/\/blog.meineigenerweg.de\/wp-content\/uploads\/2022\/08\/974A7ADD-9614-4312-A17E-53FF193E7B11.jpeg 1000w\" sizes=\"auto, (max-width: 300px) 100vw, 300px\" \/><\/a><\/p>\n<p>&nbsp;<\/p>\n<p>Pillow Fight &#8211; Kissenschlacht zwischen israelischem Soldaten und pal\u00e4stinensischen K\u00e4mpfer<\/p>\n<p><a href=\"http:\/\/blog.meineigenerweg.de\/wp-content\/uploads\/2022\/08\/0A5B05C7-6561-4C1D-A710-A20F447D58A0.jpeg\"><img loading=\"lazy\" decoding=\"async\" class=\"alignnone size-medium wp-image-8439\" src=\"http:\/\/blog.meineigenerweg.de\/wp-content\/uploads\/2022\/08\/0A5B05C7-6561-4C1D-A710-A20F447D58A0-300x198.jpeg\" alt=\"\" width=\"300\" height=\"198\" srcset=\"http:\/\/blog.meineigenerweg.de\/wp-content\/uploads\/2022\/08\/0A5B05C7-6561-4C1D-A710-A20F447D58A0-300x198.jpeg 300w, http:\/\/blog.meineigenerweg.de\/wp-content\/uploads\/2022\/08\/0A5B05C7-6561-4C1D-A710-A20F447D58A0-768x507.jpeg 768w, http:\/\/blog.meineigenerweg.de\/wp-content\/uploads\/2022\/08\/0A5B05C7-6561-4C1D-A710-A20F447D58A0.jpeg 1000w\" sizes=\"auto, (max-width: 300px) 100vw, 300px\" \/><\/a><\/p>\n<p>&nbsp;<\/p>\n<p>Girl with Balloon &#8211; die Versteigerung im Jahr 2018 war wohl eine der spektakul\u00e4rsten Auktionen die Sotheby&#8217;s je durchgef\u00fchrt hat &#8211; kurz nach dem Zuschlag f\u00fcr 1,1 Millionen Pfund\u00a0wurde das Bild durch einen im Rahmen versteckten Mechanismus geschreddert! Mittlerweile wurde das halb geschreddert Bild f\u00fcr 4,4 Millionen Pfund weiterverkauft.<\/p>\n<p><a href=\"http:\/\/blog.meineigenerweg.de\/wp-content\/uploads\/2022\/08\/5B60C939-67E8-43EA-8016-2A2552CCAF28.jpeg\"><img loading=\"lazy\" decoding=\"async\" class=\"alignnone size-medium wp-image-8443\" src=\"http:\/\/blog.meineigenerweg.de\/wp-content\/uploads\/2022\/08\/5B60C939-67E8-43EA-8016-2A2552CCAF28-300x225.jpeg\" alt=\"\" width=\"300\" height=\"225\" srcset=\"http:\/\/blog.meineigenerweg.de\/wp-content\/uploads\/2022\/08\/5B60C939-67E8-43EA-8016-2A2552CCAF28-300x225.jpeg 300w, http:\/\/blog.meineigenerweg.de\/wp-content\/uploads\/2022\/08\/5B60C939-67E8-43EA-8016-2A2552CCAF28-768x576.jpeg 768w, http:\/\/blog.meineigenerweg.de\/wp-content\/uploads\/2022\/08\/5B60C939-67E8-43EA-8016-2A2552CCAF28.jpeg 1000w\" sizes=\"auto, (max-width: 300px) 100vw, 300px\" \/><\/a><\/p>\n<p>&nbsp;<\/p>\n<p>Venus bekommt den Spiegel vorgehalten &#8211; nach ihrer Sch\u00f6nheits-OP. Das Gem\u00e4lde h\u00e4ngt in Banksy\u00b4s \u201eWalled Off Hotel\u201c in Bethlehem.<\/p>\n<p><a href=\"http:\/\/blog.meineigenerweg.de\/wp-content\/uploads\/2022\/08\/68F8B172-DE5C-4F2A-BBA8-7FF9A389DCA9.jpeg\"><img loading=\"lazy\" decoding=\"async\" class=\"alignnone size-medium wp-image-8446\" src=\"http:\/\/blog.meineigenerweg.de\/wp-content\/uploads\/2022\/08\/68F8B172-DE5C-4F2A-BBA8-7FF9A389DCA9-300x248.jpeg\" alt=\"\" width=\"300\" height=\"248\" srcset=\"http:\/\/blog.meineigenerweg.de\/wp-content\/uploads\/2022\/08\/68F8B172-DE5C-4F2A-BBA8-7FF9A389DCA9-300x248.jpeg 300w, http:\/\/blog.meineigenerweg.de\/wp-content\/uploads\/2022\/08\/68F8B172-DE5C-4F2A-BBA8-7FF9A389DCA9-768x634.jpeg 768w, http:\/\/blog.meineigenerweg.de\/wp-content\/uploads\/2022\/08\/68F8B172-DE5C-4F2A-BBA8-7FF9A389DCA9.jpeg 1000w\" sizes=\"auto, (max-width: 300px) 100vw, 300px\" \/><\/a><\/p>\n<p>&nbsp;<\/p>\n<p>Stra\u00dfenk\u00fcnstler im Homeoffice &#8211; was macht \u201eMann\u201c, wenn er wegen Corona nicht mehr auf die Stra\u00dfe kann?<\/p>\n<p><a href=\"http:\/\/blog.meineigenerweg.de\/wp-content\/uploads\/2022\/08\/0D171011-38CF-4D71-B9A0-4A40859A48C1.jpeg\"><img loading=\"lazy\" decoding=\"async\" class=\"alignnone size-medium wp-image-8448\" src=\"http:\/\/blog.meineigenerweg.de\/wp-content\/uploads\/2022\/08\/0D171011-38CF-4D71-B9A0-4A40859A48C1-225x300.jpeg\" alt=\"\" width=\"225\" height=\"300\" srcset=\"http:\/\/blog.meineigenerweg.de\/wp-content\/uploads\/2022\/08\/0D171011-38CF-4D71-B9A0-4A40859A48C1-225x300.jpeg 225w, http:\/\/blog.meineigenerweg.de\/wp-content\/uploads\/2022\/08\/0D171011-38CF-4D71-B9A0-4A40859A48C1.jpeg 750w\" sizes=\"auto, (max-width: 225px) 100vw, 225px\" \/><\/a><\/p>\n<p>&nbsp;<\/p>\n<p><em>Meine Wertung: <span style=\"color: #ff0000;\">***** <\/span><span style=\"color: #000000;\">Tolle Ausstellung, bisschen eng, aber gut pr\u00e4sentiert<\/span><\/em><br \/>\n<em>Am Speicher XI 11<br \/>\n<\/em><em>28217 Bremen<\/em><\/p>\n","protected":false},"excerpt":{"rendered":"<p>August 2022 &nbsp; Die Wanderausstellung \u201eThe Mystery of Banksy &#8211; A Genius Mind\u201c ist nach Berlin, Frankfurt\u2026 auch in Bremen angekommen. 150 Werke des nach wie vor nicht identifizierten Streetart-K\u00fcnstlers werden hier spannend pr\u00e4sentiert &#8211; von seinem Engagement im Pal\u00e4stina-\/Israelkonflikt, den vielen Anti-Kriegs-Bildern bis zu seinen sozialkritischen Graffitis. &nbsp; &nbsp;<\/p>\n","protected":false},"author":1,"featured_media":8470,"parent":108,"menu_order":0,"comment_status":"closed","ping_status":"closed","template":"","meta":{"footnotes":""},"class_list":["post-8436","page","type-page","status-publish","has-post-thumbnail","hentry"],"_links":{"self":[{"href":"http:\/\/blog.meineigenerweg.de\/index.php?rest_route=\/wp\/v2\/pages\/8436","targetHints":{"allow":["GET"]}}],"collection":[{"href":"http:\/\/blog.meineigenerweg.de\/index.php?rest_route=\/wp\/v2\/pages"}],"about":[{"href":"http:\/\/blog.meineigenerweg.de\/index.php?rest_route=\/wp\/v2\/types\/page"}],"author":[{"embeddable":true,"href":"http:\/\/blog.meineigenerweg.de\/index.php?rest_route=\/wp\/v2\/users\/1"}],"replies":[{"embeddable":true,"href":"http:\/\/blog.meineigenerweg.de\/index.php?rest_route=%2Fwp%2Fv2%2Fcomments&post=8436"}],"version-history":[{"count":19,"href":"http:\/\/blog.meineigenerweg.de\/index.php?rest_route=\/wp\/v2\/pages\/8436\/revisions"}],"predecessor-version":[{"id":8531,"href":"http:\/\/blog.meineigenerweg.de\/index.php?rest_route=\/wp\/v2\/pages\/8436\/revisions\/8531"}],"up":[{"embeddable":true,"href":"http:\/\/blog.meineigenerweg.de\/index.php?rest_route=\/wp\/v2\/pages\/108"}],"wp:featuredmedia":[{"embeddable":true,"href":"http:\/\/blog.meineigenerweg.de\/index.php?rest_route=\/wp\/v2\/media\/8470"}],"wp:attachment":[{"href":"http:\/\/blog.meineigenerweg.de\/index.php?rest_route=%2Fwp%2Fv2%2Fmedia&parent=8436"}],"curies":[{"name":"wp","href":"https:\/\/api.w.org\/{rel}","templated":true}]}}