{"id":8396,"date":"2022-08-06T18:43:37","date_gmt":"2022-08-06T17:43:37","guid":{"rendered":"http:\/\/blog.meineigenerweg.de\/?page_id=8396"},"modified":"2022-08-07T19:03:20","modified_gmt":"2022-08-07T18:03:20","slug":"kanufahrt-auf-dem-torfkanal","status":"publish","type":"page","link":"http:\/\/blog.meineigenerweg.de\/?page_id=8396","title":{"rendered":"Kanufahrt auf dem Torfkanal ****"},"content":{"rendered":"<p>Juli 2020<\/p>\n<p>Vom einstigen Torfhafen, in dem noch im 19. Jhd. bis zu 30.000 Torfk\u00e4hne ihre Fracht ablieferten, ist heute nur noch eine Anlegestelle am B\u00fcrgerpark in Findorff geblieben, direkt neben einem Gartenlokal. Seine hohe Zeit hatte der Hafen, als er 1817 in der N\u00e4he des heutigen Bahnhofs errichtet wurde. Schon 1873 ist er in die N\u00e4he des B\u00fcrgerparks verlegt worden. Torf wurde fr\u00fcher haupts\u00e4chlich als Brennstoff und zur Isolierung beim Hausbau genutzt. Heute weiss man, wie wichtig er f\u00fcr unser Klima ist, weil er CO2 bindet. Deshalb entstehen \u00fcberall Renaturierungsfl\u00e4chen und der Torf wird auch hier in Bremens Umgebung immer weniger abgebaut.<\/p>\n<p>Wir entscheiden uns f\u00fcr ein Kanu, mit dem wir \u00fcber die Torfkan\u00e4le schippern wollen.<\/p>\n<p>&nbsp;<\/p>\n<p><a href=\"http:\/\/blog.meineigenerweg.de\/wp-content\/uploads\/2022\/08\/3762B336-35C2-4805-B89C-02DE9C9A704B.jpeg\"><img loading=\"lazy\" decoding=\"async\" class=\"alignnone size-medium wp-image-8398\" src=\"http:\/\/blog.meineigenerweg.de\/wp-content\/uploads\/2022\/08\/3762B336-35C2-4805-B89C-02DE9C9A704B-300x225.jpeg\" alt=\"\" width=\"300\" height=\"225\" srcset=\"http:\/\/blog.meineigenerweg.de\/wp-content\/uploads\/2022\/08\/3762B336-35C2-4805-B89C-02DE9C9A704B-300x225.jpeg 300w, http:\/\/blog.meineigenerweg.de\/wp-content\/uploads\/2022\/08\/3762B336-35C2-4805-B89C-02DE9C9A704B-768x576.jpeg 768w, http:\/\/blog.meineigenerweg.de\/wp-content\/uploads\/2022\/08\/3762B336-35C2-4805-B89C-02DE9C9A704B.jpeg 1000w\" sizes=\"auto, (max-width: 300px) 100vw, 300px\" \/><\/a><\/p>\n<p>Los geht\u00b4s, durch die Hafenausfahrt zum Torfkanal.<\/p>\n<p><a href=\"http:\/\/blog.meineigenerweg.de\/wp-content\/uploads\/2022\/08\/9DB7A14A-0E1E-4FEC-9A68-1F6A70D8BAB5.jpeg\"><img loading=\"lazy\" decoding=\"async\" class=\"alignnone size-medium wp-image-8400\" src=\"http:\/\/blog.meineigenerweg.de\/wp-content\/uploads\/2022\/08\/9DB7A14A-0E1E-4FEC-9A68-1F6A70D8BAB5-300x225.jpeg\" alt=\"\" width=\"300\" height=\"225\" srcset=\"http:\/\/blog.meineigenerweg.de\/wp-content\/uploads\/2022\/08\/9DB7A14A-0E1E-4FEC-9A68-1F6A70D8BAB5-300x225.jpeg 300w, http:\/\/blog.meineigenerweg.de\/wp-content\/uploads\/2022\/08\/9DB7A14A-0E1E-4FEC-9A68-1F6A70D8BAB5-768x576.jpeg 768w, http:\/\/blog.meineigenerweg.de\/wp-content\/uploads\/2022\/08\/9DB7A14A-0E1E-4FEC-9A68-1F6A70D8BAB5.jpeg 1000w\" sizes=\"auto, (max-width: 300px) 100vw, 300px\" \/><\/a><\/p>\n<p>Es gibt keine Str\u00f6mung, der Torfkanal hat stehendes Gew\u00e4sser und sieht ziemlich brackig aus. Und morgens um 11.00 ist die Welt noch in Ordnung, es herrscht Sonntagsstimmung. Es sind kaum Menschen unterwegs, die Sonne flirrt durch die B\u00e4ume, Enten beobachten uns aus dem Uferdickicht oder schwimmen neugierig ein paar Meter mit. Es ist ruhig, die V\u00f6gel zwitschern und wir gleiten mit ein paar Paddelschl\u00e4gen sanft dahin.<\/p>\n<p><a href=\"http:\/\/blog.meineigenerweg.de\/wp-content\/uploads\/2022\/08\/5A0EC95A-90D2-45CF-8520-A3C7E8B0E6DE.jpeg\"><img loading=\"lazy\" decoding=\"async\" class=\"alignnone size-medium wp-image-8402\" src=\"http:\/\/blog.meineigenerweg.de\/wp-content\/uploads\/2022\/08\/5A0EC95A-90D2-45CF-8520-A3C7E8B0E6DE-300x225.jpeg\" alt=\"\" width=\"300\" height=\"225\" srcset=\"http:\/\/blog.meineigenerweg.de\/wp-content\/uploads\/2022\/08\/5A0EC95A-90D2-45CF-8520-A3C7E8B0E6DE-300x225.jpeg 300w, http:\/\/blog.meineigenerweg.de\/wp-content\/uploads\/2022\/08\/5A0EC95A-90D2-45CF-8520-A3C7E8B0E6DE-768x576.jpeg 768w, http:\/\/blog.meineigenerweg.de\/wp-content\/uploads\/2022\/08\/5A0EC95A-90D2-45CF-8520-A3C7E8B0E6DE.jpeg 1000w\" sizes=\"auto, (max-width: 300px) 100vw, 300px\" \/><\/a><\/p>\n<p>Einige kleine Fu\u00dfg\u00e4ngerbr\u00fccken verbinden den B\u00fcrgerpark auf der einen Seite mit dem Wohngebiet Findorff auf der anderen.<\/p>\n<p><a href=\"http:\/\/blog.meineigenerweg.de\/wp-content\/uploads\/2022\/08\/1B72CA06-6BF9-47C9-82E9-D9992C4F0940.jpeg\"><img loading=\"lazy\" decoding=\"async\" class=\"alignnone size-medium wp-image-8404\" src=\"http:\/\/blog.meineigenerweg.de\/wp-content\/uploads\/2022\/08\/1B72CA06-6BF9-47C9-82E9-D9992C4F0940-300x225.jpeg\" alt=\"\" width=\"300\" height=\"225\" srcset=\"http:\/\/blog.meineigenerweg.de\/wp-content\/uploads\/2022\/08\/1B72CA06-6BF9-47C9-82E9-D9992C4F0940-300x225.jpeg 300w, http:\/\/blog.meineigenerweg.de\/wp-content\/uploads\/2022\/08\/1B72CA06-6BF9-47C9-82E9-D9992C4F0940-768x576.jpeg 768w, http:\/\/blog.meineigenerweg.de\/wp-content\/uploads\/2022\/08\/1B72CA06-6BF9-47C9-82E9-D9992C4F0940.jpeg 1000w\" sizes=\"auto, (max-width: 300px) 100vw, 300px\" \/><\/a><\/p>\n<p>Von den Br\u00fccken oder dem Fu\u00df- und Radweg neben dem Kanal winkt uns ab und zu ein Spazierg\u00e4nger.<\/p>\n<p><a href=\"http:\/\/blog.meineigenerweg.de\/wp-content\/uploads\/2022\/08\/B6036EE9-1407-498A-A745-C83F8E0660BA.jpeg\"><img loading=\"lazy\" decoding=\"async\" class=\"alignnone size-medium wp-image-8405\" src=\"http:\/\/blog.meineigenerweg.de\/wp-content\/uploads\/2022\/08\/B6036EE9-1407-498A-A745-C83F8E0660BA-300x225.jpeg\" alt=\"\" width=\"300\" height=\"225\" srcset=\"http:\/\/blog.meineigenerweg.de\/wp-content\/uploads\/2022\/08\/B6036EE9-1407-498A-A745-C83F8E0660BA-300x225.jpeg 300w, http:\/\/blog.meineigenerweg.de\/wp-content\/uploads\/2022\/08\/B6036EE9-1407-498A-A745-C83F8E0660BA-768x576.jpeg 768w, http:\/\/blog.meineigenerweg.de\/wp-content\/uploads\/2022\/08\/B6036EE9-1407-498A-A745-C83F8E0660BA.jpeg 1000w\" sizes=\"auto, (max-width: 300px) 100vw, 300px\" \/><\/a><\/p>\n<p>Neugierig beobachtet uns ein Reiher aus sicherer Entfernung.<\/p>\n<p><a href=\"http:\/\/blog.meineigenerweg.de\/wp-content\/uploads\/2022\/08\/3C090852-EE5A-463B-A304-B7357BA36475.jpeg\"><img loading=\"lazy\" decoding=\"async\" class=\"alignnone size-medium wp-image-8407\" src=\"http:\/\/blog.meineigenerweg.de\/wp-content\/uploads\/2022\/08\/3C090852-EE5A-463B-A304-B7357BA36475-300x225.jpeg\" alt=\"\" width=\"300\" height=\"225\" srcset=\"http:\/\/blog.meineigenerweg.de\/wp-content\/uploads\/2022\/08\/3C090852-EE5A-463B-A304-B7357BA36475-300x225.jpeg 300w, http:\/\/blog.meineigenerweg.de\/wp-content\/uploads\/2022\/08\/3C090852-EE5A-463B-A304-B7357BA36475-768x577.jpeg 768w, http:\/\/blog.meineigenerweg.de\/wp-content\/uploads\/2022\/08\/3C090852-EE5A-463B-A304-B7357BA36475.jpeg 1000w\" sizes=\"auto, (max-width: 300px) 100vw, 300px\" \/><\/a><\/p>\n<p>Vorbei geht es an kleinen Inseln, Seerosen, wild wuchernder Natur.<\/p>\n<p><a href=\"http:\/\/blog.meineigenerweg.de\/wp-content\/uploads\/2022\/08\/C4BA79C9-0393-423B-A1BF-B9EFEFE61636.jpeg\"><img loading=\"lazy\" decoding=\"async\" class=\"alignnone size-medium wp-image-8409\" src=\"http:\/\/blog.meineigenerweg.de\/wp-content\/uploads\/2022\/08\/C4BA79C9-0393-423B-A1BF-B9EFEFE61636-300x225.jpeg\" alt=\"\" width=\"300\" height=\"225\" srcset=\"http:\/\/blog.meineigenerweg.de\/wp-content\/uploads\/2022\/08\/C4BA79C9-0393-423B-A1BF-B9EFEFE61636-300x225.jpeg 300w, http:\/\/blog.meineigenerweg.de\/wp-content\/uploads\/2022\/08\/C4BA79C9-0393-423B-A1BF-B9EFEFE61636-768x576.jpeg 768w, http:\/\/blog.meineigenerweg.de\/wp-content\/uploads\/2022\/08\/C4BA79C9-0393-423B-A1BF-B9EFEFE61636.jpeg 1000w\" sizes=\"auto, (max-width: 300px) 100vw, 300px\" \/><\/a><\/p>\n<p>Und dann kommt das kleine Abenteuer des Ausflugs, die Schleuse, die man selbst bedienen muss.<\/p>\n<p><a href=\"http:\/\/blog.meineigenerweg.de\/wp-content\/uploads\/2022\/08\/8230C991-8466-45C9-A422-8421907DFFEB.jpeg\"><img loading=\"lazy\" decoding=\"async\" class=\"alignnone size-medium wp-image-8411\" src=\"http:\/\/blog.meineigenerweg.de\/wp-content\/uploads\/2022\/08\/8230C991-8466-45C9-A422-8421907DFFEB-300x225.jpeg\" alt=\"\" width=\"300\" height=\"225\" srcset=\"http:\/\/blog.meineigenerweg.de\/wp-content\/uploads\/2022\/08\/8230C991-8466-45C9-A422-8421907DFFEB-300x225.jpeg 300w, http:\/\/blog.meineigenerweg.de\/wp-content\/uploads\/2022\/08\/8230C991-8466-45C9-A422-8421907DFFEB-768x576.jpeg 768w, http:\/\/blog.meineigenerweg.de\/wp-content\/uploads\/2022\/08\/8230C991-8466-45C9-A422-8421907DFFEB.jpeg 1000w\" sizes=\"auto, (max-width: 300px) 100vw, 300px\" \/><\/a><\/p>\n<p>Schleusentor hochkurbeln und dann das schwere Tor zu Seite schwenken,<\/p>\n<p><a href=\"http:\/\/blog.meineigenerweg.de\/wp-content\/uploads\/2022\/08\/89A4EA7E-CB08-4D08-8C92-48BF76C06ADF.jpeg\"><img loading=\"lazy\" decoding=\"async\" class=\"alignnone size-medium wp-image-8413\" src=\"http:\/\/blog.meineigenerweg.de\/wp-content\/uploads\/2022\/08\/89A4EA7E-CB08-4D08-8C92-48BF76C06ADF-300x225.jpeg\" alt=\"\" width=\"300\" height=\"225\" srcset=\"http:\/\/blog.meineigenerweg.de\/wp-content\/uploads\/2022\/08\/89A4EA7E-CB08-4D08-8C92-48BF76C06ADF-300x225.jpeg 300w, http:\/\/blog.meineigenerweg.de\/wp-content\/uploads\/2022\/08\/89A4EA7E-CB08-4D08-8C92-48BF76C06ADF-768x576.jpeg 768w, http:\/\/blog.meineigenerweg.de\/wp-content\/uploads\/2022\/08\/89A4EA7E-CB08-4D08-8C92-48BF76C06ADF.jpeg 1000w\" sizes=\"auto, (max-width: 300px) 100vw, 300px\" \/><\/a><\/p>\n<p>hineinfahren,<\/p>\n<p><a href=\"http:\/\/blog.meineigenerweg.de\/wp-content\/uploads\/2022\/08\/D41E3661-A2B0-4AB4-AEF3-9AD60A5F5E98.jpeg\"><img loading=\"lazy\" decoding=\"async\" class=\"alignnone size-medium wp-image-8414\" src=\"http:\/\/blog.meineigenerweg.de\/wp-content\/uploads\/2022\/08\/D41E3661-A2B0-4AB4-AEF3-9AD60A5F5E98-300x225.jpeg\" alt=\"\" width=\"300\" height=\"225\" srcset=\"http:\/\/blog.meineigenerweg.de\/wp-content\/uploads\/2022\/08\/D41E3661-A2B0-4AB4-AEF3-9AD60A5F5E98-300x225.jpeg 300w, http:\/\/blog.meineigenerweg.de\/wp-content\/uploads\/2022\/08\/D41E3661-A2B0-4AB4-AEF3-9AD60A5F5E98-768x576.jpeg 768w, http:\/\/blog.meineigenerweg.de\/wp-content\/uploads\/2022\/08\/D41E3661-A2B0-4AB4-AEF3-9AD60A5F5E98.jpeg 1000w\" sizes=\"auto, (max-width: 300px) 100vw, 300px\" \/><\/a><\/p>\n<p>Tor wieder schlie\u00dfen und die Schleuse herunterkurbeln.<\/p>\n<p>Am anderen Ende der Schleuse das gleiche Procedere noch einmal &#8211; jetzt kann es weitergehen.<\/p>\n<p>Jetzt ziehen dunkle Wolken auf, vereinzelte Tropfen fallen, wir kehren lieber um! F\u00fcr eine Rundfahrt w\u00fcrden wir noch etliche Stunden mehr brauchen, deshalb paddeln wir die gleiche Strecke lieber zur\u00fcck. Zur Belohnung gibt es im Gartenlokal nebenan leckeren Flammkuchen.<\/p>\n<p>&nbsp;<\/p>\n<p><em>Meine Wertung: <span style=\"color: #ff0000;\">****<span style=\"color: #000000;\">*<\/span><\/span>\u00a0empfehlenswert, geht auch gut mit Kindern<\/em><br \/>\n<em>Ecke Eickedorfer Stra\u00dfe und Findorffallee<\/em><br \/>\n<em>Bremen<\/em><\/p>\n","protected":false},"excerpt":{"rendered":"<p>Juli 2020 Vom einstigen Torfhafen, in dem noch im 19. Jhd. bis zu 30.000 Torfk\u00e4hne ihre Fracht ablieferten, ist heute nur noch eine Anlegestelle am B\u00fcrgerpark in Findorff geblieben, direkt neben einem Gartenlokal. Seine hohe Zeit hatte der Hafen, als er 1817 in der N\u00e4he des heutigen Bahnhofs errichtet wurde.<\/p>\n","protected":false},"author":1,"featured_media":8428,"parent":108,"menu_order":0,"comment_status":"closed","ping_status":"closed","template":"","meta":{"footnotes":""},"class_list":["post-8396","page","type-page","status-publish","has-post-thumbnail","hentry"],"_links":{"self":[{"href":"http:\/\/blog.meineigenerweg.de\/index.php?rest_route=\/wp\/v2\/pages\/8396","targetHints":{"allow":["GET"]}}],"collection":[{"href":"http:\/\/blog.meineigenerweg.de\/index.php?rest_route=\/wp\/v2\/pages"}],"about":[{"href":"http:\/\/blog.meineigenerweg.de\/index.php?rest_route=\/wp\/v2\/types\/page"}],"author":[{"embeddable":true,"href":"http:\/\/blog.meineigenerweg.de\/index.php?rest_route=\/wp\/v2\/users\/1"}],"replies":[{"embeddable":true,"href":"http:\/\/blog.meineigenerweg.de\/index.php?rest_route=%2Fwp%2Fv2%2Fcomments&post=8396"}],"version-history":[{"count":34,"href":"http:\/\/blog.meineigenerweg.de\/index.php?rest_route=\/wp\/v2\/pages\/8396\/revisions"}],"predecessor-version":[{"id":8458,"href":"http:\/\/blog.meineigenerweg.de\/index.php?rest_route=\/wp\/v2\/pages\/8396\/revisions\/8458"}],"up":[{"embeddable":true,"href":"http:\/\/blog.meineigenerweg.de\/index.php?rest_route=\/wp\/v2\/pages\/108"}],"wp:featuredmedia":[{"embeddable":true,"href":"http:\/\/blog.meineigenerweg.de\/index.php?rest_route=\/wp\/v2\/media\/8428"}],"wp:attachment":[{"href":"http:\/\/blog.meineigenerweg.de\/index.php?rest_route=%2Fwp%2Fv2%2Fmedia&parent=8396"}],"curies":[{"name":"wp","href":"https:\/\/api.w.org\/{rel}","templated":true}]}}