{"id":8098,"date":"2022-04-26T22:51:04","date_gmt":"2022-04-26T21:51:04","guid":{"rendered":"http:\/\/blog.meineigenerweg.de\/?page_id=8098"},"modified":"2022-05-18T09:27:34","modified_gmt":"2022-05-18T08:27:34","slug":"leiden","status":"publish","type":"page","link":"http:\/\/blog.meineigenerweg.de\/?page_id=8098","title":{"rendered":"Leiden ****"},"content":{"rendered":"<p>April 2022<\/p>\n<p>&nbsp;<\/p>\n<h6>Leiden<\/h6>\n<p>Von Katwijk aus sind wir mit dem Rad nach <span style=\"color: #3366ff;\"><a style=\"color: #3366ff;\" href=\"https:\/\/www.visitleiden.nl\/de\" target=\"_blank\" rel=\"noopener noreferrer\"><span style=\"text-decoration: underline;\">Leiden<\/span><\/a> <\/span>gefahren &#8211; und total begeistert von der Jahrhunderte alten Architektur, den vielen Kan\u00e4len, Caf\u00e9s, Br\u00fccken, \u00b4lecker Birtje`, der Atmosph\u00e4re, die in dieser alten Universit\u00e4t herrscht. Besonders witzig: eine Grachtenrundfahrt im 4-er Ruderboot mit dem Guide als Steuermann!<\/p>\n<p>&nbsp;<\/p>\n<p><a href=\"http:\/\/blog.meineigenerweg.de\/wp-content\/uploads\/2022\/04\/Z50_3944.jpg\"><img loading=\"lazy\" decoding=\"async\" class=\"alignnone size-medium wp-image-8105\" src=\"http:\/\/blog.meineigenerweg.de\/wp-content\/uploads\/2022\/04\/Z50_3944-300x200.jpg\" alt=\"\" width=\"300\" height=\"200\" srcset=\"http:\/\/blog.meineigenerweg.de\/wp-content\/uploads\/2022\/04\/Z50_3944-300x200.jpg 300w, http:\/\/blog.meineigenerweg.de\/wp-content\/uploads\/2022\/04\/Z50_3944-768x512.jpg 768w, http:\/\/blog.meineigenerweg.de\/wp-content\/uploads\/2022\/04\/Z50_3944.jpg 1000w\" sizes=\"auto, (max-width: 300px) 100vw, 300px\" \/><\/a> <a href=\"http:\/\/blog.meineigenerweg.de\/wp-content\/uploads\/2022\/04\/Z50_3952.jpg\"><img loading=\"lazy\" decoding=\"async\" class=\"alignnone size-medium wp-image-8106\" src=\"http:\/\/blog.meineigenerweg.de\/wp-content\/uploads\/2022\/04\/Z50_3952-300x200.jpg\" alt=\"\" width=\"300\" height=\"200\" srcset=\"http:\/\/blog.meineigenerweg.de\/wp-content\/uploads\/2022\/04\/Z50_3952-300x200.jpg 300w, http:\/\/blog.meineigenerweg.de\/wp-content\/uploads\/2022\/04\/Z50_3952-768x512.jpg 768w, http:\/\/blog.meineigenerweg.de\/wp-content\/uploads\/2022\/04\/Z50_3952.jpg 1000w\" sizes=\"auto, (max-width: 300px) 100vw, 300px\" \/><\/a> <a href=\"http:\/\/blog.meineigenerweg.de\/wp-content\/uploads\/2022\/04\/Z50_3962.jpg\"><img loading=\"lazy\" decoding=\"async\" class=\"alignnone size-medium wp-image-8107\" src=\"http:\/\/blog.meineigenerweg.de\/wp-content\/uploads\/2022\/04\/Z50_3962-300x200.jpg\" alt=\"\" width=\"300\" height=\"200\" srcset=\"http:\/\/blog.meineigenerweg.de\/wp-content\/uploads\/2022\/04\/Z50_3962-300x200.jpg 300w, http:\/\/blog.meineigenerweg.de\/wp-content\/uploads\/2022\/04\/Z50_3962-768x512.jpg 768w, http:\/\/blog.meineigenerweg.de\/wp-content\/uploads\/2022\/04\/Z50_3962.jpg 1000w\" sizes=\"auto, (max-width: 300px) 100vw, 300px\" \/><\/a><\/p>\n<p>&nbsp;<\/p>\n<p><em>Meine Wertung: <span style=\"color: #ff0000;\">****<\/span>* sehr sch\u00f6n, nehmt euch Zeit zum Bummeln und Genie\u00dfen<\/em><\/p>\n","protected":false},"excerpt":{"rendered":"<p>April 2022 &nbsp; Leiden Von Katwijk aus sind wir mit dem Rad nach Leiden gefahren &#8211; und total begeistert von der Jahrhunderte alten Architektur, den vielen Kan\u00e4len, Caf\u00e9s, Br\u00fccken, \u00b4lecker Birtje`, der Atmosph\u00e4re, die in dieser alten Universit\u00e4t herrscht. Besonders witzig: eine Grachtenrundfahrt im 4-er Ruderboot mit dem Guide als<\/p>\n","protected":false},"author":1,"featured_media":8108,"parent":818,"menu_order":0,"comment_status":"closed","ping_status":"closed","template":"","meta":{"footnotes":""},"class_list":["post-8098","page","type-page","status-publish","has-post-thumbnail","hentry"],"_links":{"self":[{"href":"http:\/\/blog.meineigenerweg.de\/index.php?rest_route=\/wp\/v2\/pages\/8098","targetHints":{"allow":["GET"]}}],"collection":[{"href":"http:\/\/blog.meineigenerweg.de\/index.php?rest_route=\/wp\/v2\/pages"}],"about":[{"href":"http:\/\/blog.meineigenerweg.de\/index.php?rest_route=\/wp\/v2\/types\/page"}],"author":[{"embeddable":true,"href":"http:\/\/blog.meineigenerweg.de\/index.php?rest_route=\/wp\/v2\/users\/1"}],"replies":[{"embeddable":true,"href":"http:\/\/blog.meineigenerweg.de\/index.php?rest_route=%2Fwp%2Fv2%2Fcomments&post=8098"}],"version-history":[{"count":9,"href":"http:\/\/blog.meineigenerweg.de\/index.php?rest_route=\/wp\/v2\/pages\/8098\/revisions"}],"predecessor-version":[{"id":8131,"href":"http:\/\/blog.meineigenerweg.de\/index.php?rest_route=\/wp\/v2\/pages\/8098\/revisions\/8131"}],"up":[{"embeddable":true,"href":"http:\/\/blog.meineigenerweg.de\/index.php?rest_route=\/wp\/v2\/pages\/818"}],"wp:featuredmedia":[{"embeddable":true,"href":"http:\/\/blog.meineigenerweg.de\/index.php?rest_route=\/wp\/v2\/media\/8108"}],"wp:attachment":[{"href":"http:\/\/blog.meineigenerweg.de\/index.php?rest_route=%2Fwp%2Fv2%2Fmedia&parent=8098"}],"curies":[{"name":"wp","href":"https:\/\/api.w.org\/{rel}","templated":true}]}}