{"id":8096,"date":"2022-05-02T17:52:19","date_gmt":"2022-05-02T16:52:19","guid":{"rendered":"http:\/\/blog.meineigenerweg.de\/?page_id=8096"},"modified":"2022-05-05T16:47:35","modified_gmt":"2022-05-05T15:47:35","slug":"katwijk","status":"publish","type":"page","link":"http:\/\/blog.meineigenerweg.de\/?page_id=8096","title":{"rendered":"Katwijk ***"},"content":{"rendered":"<p>April 2022<\/p>\n<p>&nbsp;<\/p>\n<p>Katwijk an Zee<\/p>\n<p><span style=\"color: #0000ff;\"><span style=\"color: #000000;\">Bei sch\u00f6nstem Sonnenschein geht\u00b4s nach <span style=\"color: #0000ff;\"><a href=\"https:\/\/www.vvvkatwijk.nl\/de\" target=\"_blank\" rel=\"noopener noreferrer\"><span style=\"color: #0000ff;\"><span style=\"text-decoration: underline;\">Katwijk<\/span><\/span><\/a><\/span>, einer kleinen K\u00fcstenstadt in S\u00fcdholland direkt an der Nordsee, etwa 20 km n\u00f6rdlich von Den Haag. Wir genie\u00dfen das Strandleben am breiten Strand mit quirligen Strandcafes. Mit dem Fahrrad k\u00f6nnen wir nicht nur durch die weitl\u00e4ufigen D\u00fcnen radeln, sondern auch \u00fcber das gut ausgebaute Fahrradwegenetz nach Scheveningen, die von lauter Kan\u00e4len durchzogene Stadt Leiden oder auch der Keukenhof mit seinen riesigen Tulpenfeldern erreichen.\u00a0<\/span><\/span><\/p>\n<p><a href=\"http:\/\/blog.meineigenerweg.de\/wp-content\/uploads\/2022\/04\/IMG_8035.jpg\"><img loading=\"lazy\" decoding=\"async\" class=\"alignnone size-medium wp-image-8102\" src=\"http:\/\/blog.meineigenerweg.de\/wp-content\/uploads\/2022\/04\/IMG_8035-300x219.jpg\" alt=\"\" width=\"300\" height=\"219\" srcset=\"http:\/\/blog.meineigenerweg.de\/wp-content\/uploads\/2022\/04\/IMG_8035-300x219.jpg 300w, http:\/\/blog.meineigenerweg.de\/wp-content\/uploads\/2022\/04\/IMG_8035-768x561.jpg 768w, http:\/\/blog.meineigenerweg.de\/wp-content\/uploads\/2022\/04\/IMG_8035.jpg 1000w\" sizes=\"auto, (max-width: 300px) 100vw, 300px\" \/><\/a><\/p>\n<p><a href=\"http:\/\/blog.meineigenerweg.de\/wp-content\/uploads\/2022\/04\/a6fdef44-990e-4b9b-86f9-c11c87e5bf61.jpg\"><img loading=\"lazy\" decoding=\"async\" class=\"alignnone size-medium wp-image-8101\" src=\"http:\/\/blog.meineigenerweg.de\/wp-content\/uploads\/2022\/04\/a6fdef44-990e-4b9b-86f9-c11c87e5bf61-300x225.jpg\" alt=\"\" width=\"300\" height=\"225\" srcset=\"http:\/\/blog.meineigenerweg.de\/wp-content\/uploads\/2022\/04\/a6fdef44-990e-4b9b-86f9-c11c87e5bf61-300x225.jpg 300w, http:\/\/blog.meineigenerweg.de\/wp-content\/uploads\/2022\/04\/a6fdef44-990e-4b9b-86f9-c11c87e5bf61-768x576.jpg 768w, http:\/\/blog.meineigenerweg.de\/wp-content\/uploads\/2022\/04\/a6fdef44-990e-4b9b-86f9-c11c87e5bf61.jpg 1000w\" sizes=\"auto, (max-width: 300px) 100vw, 300px\" \/><\/a><\/p>\n<p>&nbsp;<\/p>\n<p><em>Meine Wertung: <span style=\"color: #ff0000;\">***<\/span>** die s\u00fcdlicheren Orte wie Domburg oder Oostkapelle haben einen noch weitl\u00e4ufigeren Strand und sind oft mit sch\u00f6nen Waldgebieten verbunden. Hier finden sich ruhigere Gegenden mit nicht ganz so vielen Touristen.<\/em><\/p>\n","protected":false},"excerpt":{"rendered":"<p>April 2022 &nbsp; Katwijk an Zee Bei sch\u00f6nstem Sonnenschein geht\u00b4s nach Katwijk, einer kleinen K\u00fcstenstadt in S\u00fcdholland direkt an der Nordsee, etwa 20 km n\u00f6rdlich von Den Haag. Wir genie\u00dfen das Strandleben am breiten Strand mit quirligen Strandcafes. Mit dem Fahrrad k\u00f6nnen wir nicht nur durch die weitl\u00e4ufigen D\u00fcnen radeln,<\/p>\n","protected":false},"author":1,"featured_media":8100,"parent":818,"menu_order":0,"comment_status":"closed","ping_status":"closed","template":"","meta":{"footnotes":""},"class_list":["post-8096","page","type-page","status-publish","has-post-thumbnail","hentry"],"_links":{"self":[{"href":"http:\/\/blog.meineigenerweg.de\/index.php?rest_route=\/wp\/v2\/pages\/8096","targetHints":{"allow":["GET"]}}],"collection":[{"href":"http:\/\/blog.meineigenerweg.de\/index.php?rest_route=\/wp\/v2\/pages"}],"about":[{"href":"http:\/\/blog.meineigenerweg.de\/index.php?rest_route=\/wp\/v2\/types\/page"}],"author":[{"embeddable":true,"href":"http:\/\/blog.meineigenerweg.de\/index.php?rest_route=\/wp\/v2\/users\/1"}],"replies":[{"embeddable":true,"href":"http:\/\/blog.meineigenerweg.de\/index.php?rest_route=%2Fwp%2Fv2%2Fcomments&post=8096"}],"version-history":[{"count":13,"href":"http:\/\/blog.meineigenerweg.de\/index.php?rest_route=\/wp\/v2\/pages\/8096\/revisions"}],"predecessor-version":[{"id":8126,"href":"http:\/\/blog.meineigenerweg.de\/index.php?rest_route=\/wp\/v2\/pages\/8096\/revisions\/8126"}],"up":[{"embeddable":true,"href":"http:\/\/blog.meineigenerweg.de\/index.php?rest_route=\/wp\/v2\/pages\/818"}],"wp:featuredmedia":[{"embeddable":true,"href":"http:\/\/blog.meineigenerweg.de\/index.php?rest_route=\/wp\/v2\/media\/8100"}],"wp:attachment":[{"href":"http:\/\/blog.meineigenerweg.de\/index.php?rest_route=%2Fwp%2Fv2%2Fmedia&parent=8096"}],"curies":[{"name":"wp","href":"https:\/\/api.w.org\/{rel}","templated":true}]}}