{"id":7902,"date":"2022-02-17T19:44:24","date_gmt":"2022-02-17T18:44:24","guid":{"rendered":"http:\/\/blog.meineigenerweg.de\/?page_id=7902"},"modified":"2024-04-10T20:55:41","modified_gmt":"2024-04-10T19:55:41","slug":"dortmund-u-duesseldorf-k20-kunst-aus-ghana","status":"publish","type":"page","link":"http:\/\/blog.meineigenerweg.de\/?page_id=7902","title":{"rendered":"Dortmund &#8211; U \/ D\u00fcsseldorf &#8211; K20 &#8211; Kunst aus Ghana ***"},"content":{"rendered":"<p><span style=\"color: #0000ff;\"><a href=\"https:\/\/de.wikipedia.org\/wiki\/Ghana\" target=\"_blank\" rel=\"noopener noreferrer\"><span style=\"color: #0000ff;\"><span style=\"text-decoration: underline;\">Ghana<\/span><\/span><\/a><\/span> haben wir vor einigen Jahren bereist, wir haben unsere Tochter besucht, (<span style=\"color: #0000ff;\"><a href=\"http:\/\/blog.meineigenerweg.de\/?page_id=4392\" target=\"_blank\" rel=\"noopener noreferrer\"><span style=\"color: #0000ff;\"><span style=\"text-decoration: underline;\">Besuche bei unserer Tochter<\/span><\/span><\/a>),<\/span> die dort gearbeitet hat. W\u00e4hrend dieser Aufenthalte haben wir das Land bereist. Ghana ist kein typisches Urlaubsland, Pauschaltouristen haben wir gar keine gesehen. Unsere Reiseroute und Unterk\u00fcnfte haben wir direkt vor Ort geplant und gefunden. Wir haben immer wieder wir Guides gefunden, die uns zu den St\u00e4tten der kolonialen Vergangenheit gef\u00fchrt haben, aber auch eine abwechslungsreiche, wundervolle Landschaft und Menschen, die uns sehr freundlich gesonnen waren. Nach wie vor sind wir sehr interessiert an Themen, die mit dem Land zu tun haben.<\/p>\n<p>&nbsp;<\/p>\n<p><strong>EFIE. The Museum as home<\/strong><\/p>\n<h6><span style=\"color: #0000ff;\"><a href=\"https:\/\/www.dortmunder-u.de\" target=\"_blank\" rel=\"noopener noreferrer\"><span style=\"color: #0000ff;\"><span style=\"text-decoration: underline;\">Dortmunder U<\/span><\/span><\/a><\/span><\/h6>\n<p>10. Dezember 2021 &#8211; 6. M\u00e4rz 2022<\/p>\n<p>Identit\u00e4t, Kolonialismus, Raubkunst &#8211; aktuelle Themen, denen sich auch K\u00fcnstler aus Ghana stellen. Nana Oforiatta Ayim m\u00f6chte die Exponate aus den ehemals kolonialisierten Staaten zur\u00fcck in ihre Ursprungsl\u00e4nder bringen. Heraus aus den V\u00f6lkerkundemuseen, wo die Objekte h\u00e4ufig in ethnologischen Sammlungen landeten, in die Kunstmuseen als Kunstobjekte.<\/p>\n<p><a href=\"http:\/\/blog.meineigenerweg.de\/wp-content\/uploads\/2022\/02\/46bba8aa-ec56-495c-a770-47a2c08d2102.jpg\"><img loading=\"lazy\" decoding=\"async\" class=\"alignnone size-medium wp-image-7906\" src=\"http:\/\/blog.meineigenerweg.de\/wp-content\/uploads\/2022\/02\/46bba8aa-ec56-495c-a770-47a2c08d2102-300x169.jpg\" alt=\"\" width=\"300\" height=\"169\" srcset=\"http:\/\/blog.meineigenerweg.de\/wp-content\/uploads\/2022\/02\/46bba8aa-ec56-495c-a770-47a2c08d2102-300x169.jpg 300w, http:\/\/blog.meineigenerweg.de\/wp-content\/uploads\/2022\/02\/46bba8aa-ec56-495c-a770-47a2c08d2102-768x432.jpg 768w, http:\/\/blog.meineigenerweg.de\/wp-content\/uploads\/2022\/02\/46bba8aa-ec56-495c-a770-47a2c08d2102.jpg 1000w\" sizes=\"auto, (max-width: 300px) 100vw, 300px\" \/>\u00a0 <\/a><\/p>\n<p>In Accra, Ghana, hat <span style=\"color: #0000ff;\"><a href=\"https:\/\/de.wikipedia.org\/wiki\/Nana_Oforiatta_Ayim\" target=\"_blank\" rel=\"noopener noreferrer\"><span style=\"color: #0000ff;\"><span style=\"text-decoration: underline;\">Nana Oforiatta Ayim<\/span><\/span><\/a><\/span> ein &#8222;mobiles Museum&#8220; aufgebaut, in dem zeitgen\u00f6ssische ghanaische Kunst ausgestellt wird.<\/p>\n<p>Im Dortmunder U habe ich mir die von Nana Oforiatta Ayim kuratierte Ausstellung &#8222;EFIE. The Museum as home. Kunst aus Ghana&#8220; angesehen. Hier werden zeitgen\u00f6ssische Arbeiten und historische Artefakte aus deutschen Museen gezeigt.<\/p>\n<p><a href=\"http:\/\/blog.meineigenerweg.de\/wp-content\/uploads\/2022\/02\/0ca3cf96-a803-467d-99ba-de68796b223a.jpg\"><img loading=\"lazy\" decoding=\"async\" class=\"alignnone size-medium wp-image-7937\" src=\"http:\/\/blog.meineigenerweg.de\/wp-content\/uploads\/2022\/02\/0ca3cf96-a803-467d-99ba-de68796b223a-300x225.jpg\" alt=\"\" width=\"300\" height=\"225\" srcset=\"http:\/\/blog.meineigenerweg.de\/wp-content\/uploads\/2022\/02\/0ca3cf96-a803-467d-99ba-de68796b223a-300x225.jpg 300w, http:\/\/blog.meineigenerweg.de\/wp-content\/uploads\/2022\/02\/0ca3cf96-a803-467d-99ba-de68796b223a-768x576.jpg 768w, http:\/\/blog.meineigenerweg.de\/wp-content\/uploads\/2022\/02\/0ca3cf96-a803-467d-99ba-de68796b223a.jpg 1000w\" sizes=\"auto, (max-width: 300px) 100vw, 300px\" \/><\/a> <a href=\"http:\/\/blog.meineigenerweg.de\/wp-content\/uploads\/2022\/02\/6fdb6d49-5e7c-481c-96d1-5bc076b2de9f.jpg\"><img loading=\"lazy\" decoding=\"async\" class=\"alignnone size-medium wp-image-7939\" src=\"http:\/\/blog.meineigenerweg.de\/wp-content\/uploads\/2022\/02\/6fdb6d49-5e7c-481c-96d1-5bc076b2de9f-300x225.jpg\" alt=\"\" width=\"300\" height=\"225\" srcset=\"http:\/\/blog.meineigenerweg.de\/wp-content\/uploads\/2022\/02\/6fdb6d49-5e7c-481c-96d1-5bc076b2de9f-300x225.jpg 300w, http:\/\/blog.meineigenerweg.de\/wp-content\/uploads\/2022\/02\/6fdb6d49-5e7c-481c-96d1-5bc076b2de9f-768x576.jpg 768w, http:\/\/blog.meineigenerweg.de\/wp-content\/uploads\/2022\/02\/6fdb6d49-5e7c-481c-96d1-5bc076b2de9f.jpg 1000w\" sizes=\"auto, (max-width: 300px) 100vw, 300px\" \/><\/a><\/p>\n<p><a href=\"http:\/\/blog.meineigenerweg.de\/wp-content\/uploads\/2022\/02\/9a007323-2595-45ff-8187-1908d4c028cf.jpg\"><img loading=\"lazy\" decoding=\"async\" class=\"alignnone size-medium wp-image-7941\" src=\"http:\/\/blog.meineigenerweg.de\/wp-content\/uploads\/2022\/02\/9a007323-2595-45ff-8187-1908d4c028cf-300x225.jpg\" alt=\"\" width=\"300\" height=\"225\" srcset=\"http:\/\/blog.meineigenerweg.de\/wp-content\/uploads\/2022\/02\/9a007323-2595-45ff-8187-1908d4c028cf-300x225.jpg 300w, http:\/\/blog.meineigenerweg.de\/wp-content\/uploads\/2022\/02\/9a007323-2595-45ff-8187-1908d4c028cf-768x576.jpg 768w, http:\/\/blog.meineigenerweg.de\/wp-content\/uploads\/2022\/02\/9a007323-2595-45ff-8187-1908d4c028cf.jpg 1000w\" sizes=\"auto, (max-width: 300px) 100vw, 300px\" \/><\/a><\/p>\n<p>F\u00fcr K\u00f6nigin und K\u00f6nig der jeweiligen ghanaischen Region wurden vor ihren Pal\u00e4sten diese Schirme aufgespannt<\/p>\n<p><a href=\"http:\/\/blog.meineigenerweg.de\/wp-content\/uploads\/2022\/02\/0d8a5681-1f85-4ce2-bd44-449b14670435.jpg\"><img loading=\"lazy\" decoding=\"async\" class=\"alignnone size-medium wp-image-7938\" src=\"http:\/\/blog.meineigenerweg.de\/wp-content\/uploads\/2022\/02\/0d8a5681-1f85-4ce2-bd44-449b14670435-300x272.jpg\" alt=\"\" width=\"300\" height=\"272\" srcset=\"http:\/\/blog.meineigenerweg.de\/wp-content\/uploads\/2022\/02\/0d8a5681-1f85-4ce2-bd44-449b14670435-300x272.jpg 300w, http:\/\/blog.meineigenerweg.de\/wp-content\/uploads\/2022\/02\/0d8a5681-1f85-4ce2-bd44-449b14670435-768x696.jpg 768w, http:\/\/blog.meineigenerweg.de\/wp-content\/uploads\/2022\/02\/0d8a5681-1f85-4ce2-bd44-449b14670435.jpg 1000w\" sizes=\"auto, (max-width: 300px) 100vw, 300px\" \/>\u00a0 <\/a><a href=\"http:\/\/blog.meineigenerweg.de\/wp-content\/uploads\/2022\/02\/1199930d-7d98-409f-8596-2dcbfd3801e9.jpg\"><img loading=\"lazy\" decoding=\"async\" class=\"alignnone size-medium wp-image-7942\" src=\"http:\/\/blog.meineigenerweg.de\/wp-content\/uploads\/2022\/02\/1199930d-7d98-409f-8596-2dcbfd3801e9-225x300.jpg\" alt=\"\" width=\"225\" height=\"300\" srcset=\"http:\/\/blog.meineigenerweg.de\/wp-content\/uploads\/2022\/02\/1199930d-7d98-409f-8596-2dcbfd3801e9-225x300.jpg 225w, http:\/\/blog.meineigenerweg.de\/wp-content\/uploads\/2022\/02\/1199930d-7d98-409f-8596-2dcbfd3801e9.jpg 750w\" sizes=\"auto, (max-width: 225px) 100vw, 225px\" \/><\/a><\/p>\n<p>Zeitgen\u00f6ssische K\u00fcnstler*innen verwenden in ihren Kunstwerken Farben, Materialien und Symbole ihrer ghanaischen Heimat<\/p>\n<p><a href=\"http:\/\/blog.meineigenerweg.de\/wp-content\/uploads\/2022\/02\/7ca1db3b-76b1-4259-839b-673848249a36.jpg\"><img loading=\"lazy\" decoding=\"async\" class=\"alignnone size-medium wp-image-7940\" src=\"http:\/\/blog.meineigenerweg.de\/wp-content\/uploads\/2022\/02\/7ca1db3b-76b1-4259-839b-673848249a36-225x300.jpg\" alt=\"\" width=\"225\" height=\"300\" srcset=\"http:\/\/blog.meineigenerweg.de\/wp-content\/uploads\/2022\/02\/7ca1db3b-76b1-4259-839b-673848249a36-225x300.jpg 225w, http:\/\/blog.meineigenerweg.de\/wp-content\/uploads\/2022\/02\/7ca1db3b-76b1-4259-839b-673848249a36.jpg 750w\" sizes=\"auto, (max-width: 225px) 100vw, 225px\" \/><\/a><\/p>\n<p><em>Meine Wertung: unbedingt mit der Wertung afrikanischer Kunst besch\u00e4ftigen. Holt die Exponate aus den V\u00f6lkerkundemuseen!<br \/>\nDortmunder U,<br \/>\n<\/em><em>Zentrum f\u00fcr Kunst und Kreativit\u00e4t<br \/>\nLeonie-Reygers-Terrasse<br \/>\n44137 Dortmund<br \/>\n<\/em><\/p>\n<p>&nbsp;<\/p>\n<p>&nbsp;<\/p>\n<p><strong><span style=\"color: #0000ff;\"><a href=\"https:\/\/nkyimkyim-installation.business.site\" target=\"_blank\" rel=\"noopener noreferrer\"><span style=\"color: #0000ff;\"><span style=\"text-decoration: underline;\">Nkyinkyim Museum, Ada, Ghana<\/span><\/span><\/a><\/span><\/strong><\/p>\n<p><span style=\"color: #0000ff;\"><a href=\"https:\/\/en.wikipedia.org\/wiki\/Kwame_Akoto-Bamfo\" target=\"_blank\" rel=\"noopener noreferrer\"><span style=\"color: #0000ff;\"><span style=\"text-decoration: underline;\">Kwame Akoto Bamfo<\/span><\/span><\/a><\/span><\/p>\n<p>Vor Kurzem bin ich dann auf den ghanaischen K\u00fcnstler Kwame Akoto Bamfo gesto\u00dfen, der seine Skulpturen im Nkyinkyim Freilichtmuseum in Ada, Ghana, ausstellt. Die teils aus Terrakotta gefertigten Skulpturen erz\u00e4hlen die Geschichte der afrikanischen Sklaven, ihre Angst, ihren Schmerz, ihre Furcht.<\/p>\n<p><a href=\"http:\/\/blog.meineigenerweg.de\/wp-content\/uploads\/2022\/02\/ec03c907-a034-4488-ad63-5e9c03362702.jpg\"><img loading=\"lazy\" decoding=\"async\" class=\"alignnone wp-image-7912\" src=\"http:\/\/blog.meineigenerweg.de\/wp-content\/uploads\/2022\/02\/ec03c907-a034-4488-ad63-5e9c03362702-261x300.jpg\" alt=\"\" width=\"263\" height=\"302\" srcset=\"http:\/\/blog.meineigenerweg.de\/wp-content\/uploads\/2022\/02\/ec03c907-a034-4488-ad63-5e9c03362702-261x300.jpg 261w, http:\/\/blog.meineigenerweg.de\/wp-content\/uploads\/2022\/02\/ec03c907-a034-4488-ad63-5e9c03362702-891x1024.jpg 891w, http:\/\/blog.meineigenerweg.de\/wp-content\/uploads\/2022\/02\/ec03c907-a034-4488-ad63-5e9c03362702-768x882.jpg 768w, http:\/\/blog.meineigenerweg.de\/wp-content\/uploads\/2022\/02\/ec03c907-a034-4488-ad63-5e9c03362702.jpg 1000w\" sizes=\"auto, (max-width: 263px) 100vw, 263px\" \/>\u00a0 <\/a><a href=\"http:\/\/blog.meineigenerweg.de\/wp-content\/uploads\/2022\/02\/8f32b9f3-6292-483b-a159-46442c7e0f87.jpg\"><img loading=\"lazy\" decoding=\"async\" class=\"alignnone size-medium wp-image-7904\" src=\"http:\/\/blog.meineigenerweg.de\/wp-content\/uploads\/2022\/02\/8f32b9f3-6292-483b-a159-46442c7e0f87-240x300.jpg\" alt=\"\" width=\"240\" height=\"300\" srcset=\"http:\/\/blog.meineigenerweg.de\/wp-content\/uploads\/2022\/02\/8f32b9f3-6292-483b-a159-46442c7e0f87-240x300.jpg 240w, http:\/\/blog.meineigenerweg.de\/wp-content\/uploads\/2022\/02\/8f32b9f3-6292-483b-a159-46442c7e0f87-768x960.jpg 768w, http:\/\/blog.meineigenerweg.de\/wp-content\/uploads\/2022\/02\/8f32b9f3-6292-483b-a159-46442c7e0f87.jpg 800w\" sizes=\"auto, (max-width: 240px) 100vw, 240px\" \/><\/a><\/p>\n<p><em>Meine Wertung: Bei der n\u00e4chsten Reise nach Ghana direkt vom Flughafen Accra nach Ada reisen. Eine Eco-Lodge aussuchen, paradiesische Tage verbringen und das Freilichtmuseum unbedingt besuchen!<br \/>\n<\/em><em>Nuhalenyim<br \/>\n<\/em><em>Ada<br \/>\n<\/em><em>Ghana<\/em><\/p>\n<p><em>\u00a0<\/em><\/p>\n<p>&nbsp;<\/p>\n<h6><span style=\"color: #0000ff;\"><a href=\"https:\/\/www.kunstsammlung.de\/de\/exhibitions\/lynette-yiadom-boakye\" target=\"_blank\" rel=\"noopener noreferrer\"><span style=\"color: #0000ff;\"><span style=\"text-decoration: underline;\">Fliegen im Verbund mit der Nacht<\/span><\/span><\/a><\/span><\/h6>\n<p><span style=\"color: #0000ff;\"><a href=\"https:\/\/de.wikipedia.org\/wiki\/Lynette_Yiadom-Boakye\" target=\"_blank\" rel=\"noopener noreferrer\"><span style=\"color: #0000ff;\"><span style=\"text-decoration: underline;\">Lynette Yiadom-Boakye<\/span><\/span><\/a><\/span><\/p>\n<p>16.10.2021 &#8211; 13.2.2022<\/p>\n<h6><span style=\"color: #0000ff;\"><a style=\"color: #0000ff;\" href=\"https:\/\/www.kunstsammlung.de\/de\/\" target=\"_blank\" rel=\"noopener noreferrer\"><span style=\"text-decoration: underline;\">Museum K20<\/span><\/a><\/span><\/h6>\n<p>Die junge K\u00fcnstlerin lebt in England, hat jedoch ghanaische Wurzeln. F\u00fcr ihre Portraits hat niemand Modell gesessen, sie entstanden aus Fotografien, Sammlungen gefundener Bilder, oder schlicht aus dem Leben.<\/p>\n<p><a href=\"http:\/\/blog.meineigenerweg.de\/wp-content\/uploads\/2022\/02\/0b41f04f-a95b-41a1-9ff3-6f9cbf1f3bcf.jpg\"><img loading=\"lazy\" decoding=\"async\" class=\"alignnone size-medium wp-image-7903\" src=\"http:\/\/blog.meineigenerweg.de\/wp-content\/uploads\/2022\/02\/0b41f04f-a95b-41a1-9ff3-6f9cbf1f3bcf-300x229.jpg\" alt=\"\" width=\"300\" height=\"229\" srcset=\"http:\/\/blog.meineigenerweg.de\/wp-content\/uploads\/2022\/02\/0b41f04f-a95b-41a1-9ff3-6f9cbf1f3bcf-300x229.jpg 300w, http:\/\/blog.meineigenerweg.de\/wp-content\/uploads\/2022\/02\/0b41f04f-a95b-41a1-9ff3-6f9cbf1f3bcf-768x587.jpg 768w, http:\/\/blog.meineigenerweg.de\/wp-content\/uploads\/2022\/02\/0b41f04f-a95b-41a1-9ff3-6f9cbf1f3bcf.jpg 1000w\" sizes=\"auto, (max-width: 300px) 100vw, 300px\" \/><\/a><\/p>\n<p><a href=\"http:\/\/blog.meineigenerweg.de\/wp-content\/uploads\/2022\/02\/716c8d08-a4ed-41e0-bb8d-096102622e35.jpg\"><img loading=\"lazy\" decoding=\"async\" class=\"alignnone size-medium wp-image-7907\" src=\"http:\/\/blog.meineigenerweg.de\/wp-content\/uploads\/2022\/02\/716c8d08-a4ed-41e0-bb8d-096102622e35-280x300.jpg\" alt=\"\" width=\"280\" height=\"300\" srcset=\"http:\/\/blog.meineigenerweg.de\/wp-content\/uploads\/2022\/02\/716c8d08-a4ed-41e0-bb8d-096102622e35-280x300.jpg 280w, http:\/\/blog.meineigenerweg.de\/wp-content\/uploads\/2022\/02\/716c8d08-a4ed-41e0-bb8d-096102622e35-768x823.jpg 768w, http:\/\/blog.meineigenerweg.de\/wp-content\/uploads\/2022\/02\/716c8d08-a4ed-41e0-bb8d-096102622e35.jpg 933w\" sizes=\"auto, (max-width: 280px) 100vw, 280px\" \/><\/a> <a href=\"http:\/\/blog.meineigenerweg.de\/wp-content\/uploads\/2022\/02\/3679d8a3-dea1-4a13-9bd8-095138b5ab58.jpg\"><img loading=\"lazy\" decoding=\"async\" class=\"alignnone size-medium wp-image-7908\" src=\"http:\/\/blog.meineigenerweg.de\/wp-content\/uploads\/2022\/02\/3679d8a3-dea1-4a13-9bd8-095138b5ab58-196x300.jpg\" alt=\"\" width=\"196\" height=\"300\" srcset=\"http:\/\/blog.meineigenerweg.de\/wp-content\/uploads\/2022\/02\/3679d8a3-dea1-4a13-9bd8-095138b5ab58-196x300.jpg 196w, http:\/\/blog.meineigenerweg.de\/wp-content\/uploads\/2022\/02\/3679d8a3-dea1-4a13-9bd8-095138b5ab58.jpg 652w\" sizes=\"auto, (max-width: 196px) 100vw, 196px\" \/><\/a> <a href=\"http:\/\/blog.meineigenerweg.de\/wp-content\/uploads\/2022\/02\/6267f9cf-18c7-442f-86ee-c56dcc8cb10b.jpg\"><img loading=\"lazy\" decoding=\"async\" class=\"alignnone size-medium wp-image-7909\" src=\"http:\/\/blog.meineigenerweg.de\/wp-content\/uploads\/2022\/02\/6267f9cf-18c7-442f-86ee-c56dcc8cb10b-300x193.jpg\" alt=\"\" width=\"300\" height=\"193\" srcset=\"http:\/\/blog.meineigenerweg.de\/wp-content\/uploads\/2022\/02\/6267f9cf-18c7-442f-86ee-c56dcc8cb10b-300x193.jpg 300w, http:\/\/blog.meineigenerweg.de\/wp-content\/uploads\/2022\/02\/6267f9cf-18c7-442f-86ee-c56dcc8cb10b-768x495.jpg 768w, http:\/\/blog.meineigenerweg.de\/wp-content\/uploads\/2022\/02\/6267f9cf-18c7-442f-86ee-c56dcc8cb10b.jpg 1000w\" sizes=\"auto, (max-width: 300px) 100vw, 300px\" \/><\/a> <a href=\"http:\/\/blog.meineigenerweg.de\/wp-content\/uploads\/2022\/02\/c57890f7-14ad-4f3c-a85f-372f7e70e30f.jpg\"><img loading=\"lazy\" decoding=\"async\" class=\"alignnone size-medium wp-image-7910\" src=\"http:\/\/blog.meineigenerweg.de\/wp-content\/uploads\/2022\/02\/c57890f7-14ad-4f3c-a85f-372f7e70e30f-194x300.jpg\" alt=\"\" width=\"194\" height=\"300\" srcset=\"http:\/\/blog.meineigenerweg.de\/wp-content\/uploads\/2022\/02\/c57890f7-14ad-4f3c-a85f-372f7e70e30f-194x300.jpg 194w, http:\/\/blog.meineigenerweg.de\/wp-content\/uploads\/2022\/02\/c57890f7-14ad-4f3c-a85f-372f7e70e30f.jpg 645w\" sizes=\"auto, (max-width: 194px) 100vw, 194px\" \/><\/a> <a href=\"http:\/\/blog.meineigenerweg.de\/wp-content\/uploads\/2022\/02\/d33012f8-e2c0-49b7-94ce-fd1f04fec8c1.jpg\"><img loading=\"lazy\" decoding=\"async\" class=\"alignnone size-medium wp-image-7911\" src=\"http:\/\/blog.meineigenerweg.de\/wp-content\/uploads\/2022\/02\/d33012f8-e2c0-49b7-94ce-fd1f04fec8c1-190x300.jpg\" alt=\"\" width=\"190\" height=\"300\" srcset=\"http:\/\/blog.meineigenerweg.de\/wp-content\/uploads\/2022\/02\/d33012f8-e2c0-49b7-94ce-fd1f04fec8c1-190x300.jpg 190w, http:\/\/blog.meineigenerweg.de\/wp-content\/uploads\/2022\/02\/d33012f8-e2c0-49b7-94ce-fd1f04fec8c1.jpg 634w\" sizes=\"auto, (max-width: 190px) 100vw, 190px\" \/><\/a><\/p>\n<p><em>Meine Wertung: fantastische Portraits! Unbedingt die n\u00e4chste Ausstellung der K\u00fcnstlerin besuchen, da im K20 die Zeit leider abgelaufen ist.<br \/>\nK20<br \/>\nGrabbeplatz 5<br \/>\n40213 D\u00fcsseldorf<\/em><\/p>\n","protected":false},"excerpt":{"rendered":"<p>Ghana haben wir vor einigen Jahren bereist, wir haben unsere Tochter besucht, (Besuche bei unserer Tochter), die dort gearbeitet hat. W\u00e4hrend dieser Aufenthalte haben wir das Land bereist. Ghana ist kein typisches Urlaubsland, Pauschaltouristen haben wir gar keine gesehen. Unsere Reiseroute und Unterk\u00fcnfte haben wir direkt vor Ort geplant und<\/p>\n","protected":false},"author":1,"featured_media":7905,"parent":1809,"menu_order":0,"comment_status":"closed","ping_status":"closed","template":"","meta":{"footnotes":""},"class_list":["post-7902","page","type-page","status-publish","has-post-thumbnail","hentry"],"_links":{"self":[{"href":"http:\/\/blog.meineigenerweg.de\/index.php?rest_route=\/wp\/v2\/pages\/7902","targetHints":{"allow":["GET"]}}],"collection":[{"href":"http:\/\/blog.meineigenerweg.de\/index.php?rest_route=\/wp\/v2\/pages"}],"about":[{"href":"http:\/\/blog.meineigenerweg.de\/index.php?rest_route=\/wp\/v2\/types\/page"}],"author":[{"embeddable":true,"href":"http:\/\/blog.meineigenerweg.de\/index.php?rest_route=\/wp\/v2\/users\/1"}],"replies":[{"embeddable":true,"href":"http:\/\/blog.meineigenerweg.de\/index.php?rest_route=%2Fwp%2Fv2%2Fcomments&post=7902"}],"version-history":[{"count":25,"href":"http:\/\/blog.meineigenerweg.de\/index.php?rest_route=\/wp\/v2\/pages\/7902\/revisions"}],"predecessor-version":[{"id":9587,"href":"http:\/\/blog.meineigenerweg.de\/index.php?rest_route=\/wp\/v2\/pages\/7902\/revisions\/9587"}],"up":[{"embeddable":true,"href":"http:\/\/blog.meineigenerweg.de\/index.php?rest_route=\/wp\/v2\/pages\/1809"}],"wp:featuredmedia":[{"embeddable":true,"href":"http:\/\/blog.meineigenerweg.de\/index.php?rest_route=\/wp\/v2\/media\/7905"}],"wp:attachment":[{"href":"http:\/\/blog.meineigenerweg.de\/index.php?rest_route=%2Fwp%2Fv2%2Fmedia&parent=7902"}],"curies":[{"name":"wp","href":"https:\/\/api.w.org\/{rel}","templated":true}]}}