{"id":7895,"date":"2022-02-12T23:08:04","date_gmt":"2022-02-12T22:08:04","guid":{"rendered":"http:\/\/blog.meineigenerweg.de\/?page_id=7895"},"modified":"2022-02-13T18:15:39","modified_gmt":"2022-02-13T17:15:39","slug":"bochum-planetarium","status":"publish","type":"page","link":"http:\/\/blog.meineigenerweg.de\/?page_id=7895","title":{"rendered":"Bochum &#8211; Planetarium ****"},"content":{"rendered":"<p>Februar 2022<\/p>\n<p>&nbsp;<\/p>\n<p>Es sieht ja fast aus wie ein UFO und eigentlich ist es das ja auch. Man steigt in das \u201eRaumschiff\u201c ein, setzt sich in einen bequemen Sitz und fliegt durch die unendlichen Weiten des Weltalls. Und das alles gerade um die Ecke herum im <span style=\"color: #0000ff;\"><a href=\"https:\/\/planetarium-bochum.de\/de_DE\/home\" target=\"_blank\" rel=\"noopener noreferrer\"><span style=\"color: #0000ff;\"><span style=\"text-decoration: underline;\">Planetarium<\/span><\/span><\/a><\/span> in Bochum.<\/p>\n<p><a href=\"http:\/\/blog.meineigenerweg.de\/wp-content\/uploads\/2022\/02\/IMG_6363.jpg\"><img loading=\"lazy\" decoding=\"async\" class=\"alignnone size-medium wp-image-7900\" src=\"http:\/\/blog.meineigenerweg.de\/wp-content\/uploads\/2022\/02\/IMG_6363-300x225.jpg\" alt=\"\" width=\"300\" height=\"225\" srcset=\"http:\/\/blog.meineigenerweg.de\/wp-content\/uploads\/2022\/02\/IMG_6363-300x225.jpg 300w, http:\/\/blog.meineigenerweg.de\/wp-content\/uploads\/2022\/02\/IMG_6363-768x576.jpg 768w, http:\/\/blog.meineigenerweg.de\/wp-content\/uploads\/2022\/02\/IMG_6363.jpg 1000w\" sizes=\"auto, (max-width: 300px) 100vw, 300px\" \/><\/a><\/p>\n<p>Unter dem Zeltdach aus Metall befindet sich die riesige Kuppel f\u00fcr die 360 Grad Projektion.<\/p>\n<p><a href=\"http:\/\/blog.meineigenerweg.de\/wp-content\/uploads\/2022\/02\/IMG_6350.jpg\"><img loading=\"lazy\" decoding=\"async\" class=\"alignnone size-medium wp-image-7897\" src=\"http:\/\/blog.meineigenerweg.de\/wp-content\/uploads\/2022\/02\/IMG_6350-300x225.jpg\" alt=\"\" width=\"300\" height=\"225\" srcset=\"http:\/\/blog.meineigenerweg.de\/wp-content\/uploads\/2022\/02\/IMG_6350-300x225.jpg 300w, http:\/\/blog.meineigenerweg.de\/wp-content\/uploads\/2022\/02\/IMG_6350-768x576.jpg 768w, http:\/\/blog.meineigenerweg.de\/wp-content\/uploads\/2022\/02\/IMG_6350.jpg 1000w\" sizes=\"auto, (max-width: 300px) 100vw, 300px\" \/><\/a><\/p>\n<p>In der Mitte steht der modernste Sternenprojektor der Welt. Mit ihm k\u00f6nnen genauso viele Sterne projiziert werden, wie das menschliche Auge unter optimalen Bedingungen sehen kann, 3000 bis 5000. Daf\u00fcr m\u00fcsste man allerdings fernab der &#8222;Umweltverschmutzung&#8220; durch das Licht unserer St\u00e4dte sein. An abgelegenen Orten wie den Sternenparks ist das bei guter Sicht m\u00f6glich. Besonders fantastisch ist der Blick im Outback Australiens, wo ich vor Jahren die M\u00f6glichkeit hatte, den Sternenhimmel zu bewundern. Hier ist \u00c4hnliches wohl nur im Planetarium m\u00f6glich.<\/p>\n<p><a href=\"http:\/\/blog.meineigenerweg.de\/wp-content\/uploads\/2022\/02\/IMG_6352.jpg\"><img loading=\"lazy\" decoding=\"async\" class=\"alignnone size-medium wp-image-7898\" src=\"http:\/\/blog.meineigenerweg.de\/wp-content\/uploads\/2022\/02\/IMG_6352-300x225.jpg\" alt=\"\" width=\"300\" height=\"225\" srcset=\"http:\/\/blog.meineigenerweg.de\/wp-content\/uploads\/2022\/02\/IMG_6352-300x225.jpg 300w, http:\/\/blog.meineigenerweg.de\/wp-content\/uploads\/2022\/02\/IMG_6352-768x576.jpg 768w, http:\/\/blog.meineigenerweg.de\/wp-content\/uploads\/2022\/02\/IMG_6352.jpg 1000w\" sizes=\"auto, (max-width: 300px) 100vw, 300px\" \/><\/a><\/p>\n<p>Es gibt unterschiedliche Programme, aber alle haben Bezug zum Weltall. Die verschiedenen Programme dauern ca. eine Stunde und sind nicht nur fantastisch anzusehen, sondern auch sehr informativ.<\/p>\n<p><em>Meine Wertung: <span style=\"color: #ff0000;\">****<\/span>* sehenswert<br \/>\nZeiss Planetarium Bochum<\/em><br \/>\n<em>Castroper Str. 67<\/em><br \/>\n<em>44791 Bochum<br \/>\nparken kann man direkt hinter dem Planetarium\u00a0<\/em><\/p>\n","protected":false},"excerpt":{"rendered":"<p>Februar 2022 &nbsp; Es sieht ja fast aus wie ein UFO und eigentlich ist es das ja auch. Man steigt in das \u201eRaumschiff\u201c ein, setzt sich in einen bequemen Sitz und fliegt durch die unendlichen Weiten des Weltalls. Und das alles gerade um die Ecke herum im Planetarium in Bochum.<\/p>\n","protected":false},"author":1,"featured_media":7899,"parent":1809,"menu_order":0,"comment_status":"closed","ping_status":"closed","template":"","meta":{"footnotes":""},"class_list":["post-7895","page","type-page","status-publish","has-post-thumbnail","hentry"],"_links":{"self":[{"href":"http:\/\/blog.meineigenerweg.de\/index.php?rest_route=\/wp\/v2\/pages\/7895","targetHints":{"allow":["GET"]}}],"collection":[{"href":"http:\/\/blog.meineigenerweg.de\/index.php?rest_route=\/wp\/v2\/pages"}],"about":[{"href":"http:\/\/blog.meineigenerweg.de\/index.php?rest_route=\/wp\/v2\/types\/page"}],"author":[{"embeddable":true,"href":"http:\/\/blog.meineigenerweg.de\/index.php?rest_route=\/wp\/v2\/users\/1"}],"replies":[{"embeddable":true,"href":"http:\/\/blog.meineigenerweg.de\/index.php?rest_route=%2Fwp%2Fv2%2Fcomments&post=7895"}],"version-history":[{"count":14,"href":"http:\/\/blog.meineigenerweg.de\/index.php?rest_route=\/wp\/v2\/pages\/7895\/revisions"}],"predecessor-version":[{"id":7925,"href":"http:\/\/blog.meineigenerweg.de\/index.php?rest_route=\/wp\/v2\/pages\/7895\/revisions\/7925"}],"up":[{"embeddable":true,"href":"http:\/\/blog.meineigenerweg.de\/index.php?rest_route=\/wp\/v2\/pages\/1809"}],"wp:featuredmedia":[{"embeddable":true,"href":"http:\/\/blog.meineigenerweg.de\/index.php?rest_route=\/wp\/v2\/media\/7899"}],"wp:attachment":[{"href":"http:\/\/blog.meineigenerweg.de\/index.php?rest_route=%2Fwp%2Fv2%2Fmedia&parent=7895"}],"curies":[{"name":"wp","href":"https:\/\/api.w.org\/{rel}","templated":true}]}}