{"id":7699,"date":"2021-11-11T23:37:54","date_gmt":"2021-11-11T22:37:54","guid":{"rendered":"http:\/\/blog.meineigenerweg.de\/?page_id=7699"},"modified":"2021-11-22T10:53:26","modified_gmt":"2021-11-22T09:53:26","slug":"harz-zipline","status":"publish","type":"page","link":"http:\/\/blog.meineigenerweg.de\/?page_id=7699","title":{"rendered":"Harz &#8211; Zipline *****"},"content":{"rendered":"<p>September 2021<\/p>\n<p>Fr\u00fcher hatte ich, das muss ich zugeben, das Vorurteil, dass der Harz langweilig, staubig und spie\u00dfig sei und eher eine Urlaubsregion f\u00fcr Rentner. Dieses Vorurteil habe ich inzwischen abgelegt, Vielleicht liegt es ja daran, dass ich nun auch Rentner geworden bin, wahrscheinlich aber eher daran, dass ich viele Wanderungen, romantische Ort, nette Gasth\u00f6fe und freundliche Menschen gefunden habe.<\/p>\n<p>Dieses mal werde ich meine guten Erfahrung noch durch ein spannendes Abenteuer erweitern.<\/p>\n<p>&nbsp;<\/p>\n<h6>Zipline<\/h6>\n<p>Eine Zipline findet man auf vielen Kinderspielpl\u00e4tzen, zwischen zwei Pfosten, der eine etwas h\u00f6her als der andere, wird ein Seil gespannt, auf dem Seil l\u00e4uft eine Rolle, daran kann man sich festhalten und rutscht so, durch den H\u00f6henunterschied bedingt, von einem Ende des Seils zum anderen und wird dort mehr oder weniger abrupt gebremst.<\/p>\n<p>In der verr\u00fcckten Variante nimmt man ein 1 km langes Stahlseil und spannt es von einem H\u00fcgel \u00fcber einen Stausee hinunter ins Tal. Dann professionalisiert man das ganze noch ein wenig und fertig ist der Adrenalinsto\u00df f\u00fcr gro\u00dfe Kinder. Verr\u00fcckt aber megatoll!!!<\/p>\n<p>Auf der einen Seite der\u00a0<span style=\"color: #0000ff;\"><a href=\"https:\/\/harzdrenalin.de\" target=\"_blank\" rel=\"noopener noreferrer\"><span style=\"color: #0000ff;\"><span style=\"text-decoration: underline;\">Megazipline<\/span><\/span><\/a><\/span>\u00a0, am Westufer der Rappbodetalsperre, direkt neben der Staumauer hat man auf einem H\u00fcgel einen Turm erreichtet, das ist der Startpunkt.<\/p>\n<p><a href=\"http:\/\/blog.meineigenerweg.de\/wp-content\/uploads\/2021\/11\/Z50_2715.jpg\"><img loading=\"lazy\" decoding=\"async\" class=\"alignnone size-medium wp-image-7749\" src=\"http:\/\/blog.meineigenerweg.de\/wp-content\/uploads\/2021\/11\/Z50_2715-300x200.jpg\" alt=\"\" width=\"300\" height=\"200\" srcset=\"http:\/\/blog.meineigenerweg.de\/wp-content\/uploads\/2021\/11\/Z50_2715-300x200.jpg 300w, http:\/\/blog.meineigenerweg.de\/wp-content\/uploads\/2021\/11\/Z50_2715-768x512.jpg 768w, http:\/\/blog.meineigenerweg.de\/wp-content\/uploads\/2021\/11\/Z50_2715.jpg 1000w\" sizes=\"auto, (max-width: 300px) 100vw, 300px\" \/> <\/a><a href=\"http:\/\/blog.meineigenerweg.de\/wp-content\/uploads\/2021\/11\/Z50_2720.jpg\"><img loading=\"lazy\" decoding=\"async\" class=\"alignnone size-medium wp-image-7746\" src=\"http:\/\/blog.meineigenerweg.de\/wp-content\/uploads\/2021\/11\/Z50_2720-300x200.jpg\" alt=\"\" width=\"300\" height=\"200\" srcset=\"http:\/\/blog.meineigenerweg.de\/wp-content\/uploads\/2021\/11\/Z50_2720-300x200.jpg 300w, http:\/\/blog.meineigenerweg.de\/wp-content\/uploads\/2021\/11\/Z50_2720-768x512.jpg 768w, http:\/\/blog.meineigenerweg.de\/wp-content\/uploads\/2021\/11\/Z50_2720.jpg 1000w\" sizes=\"auto, (max-width: 300px) 100vw, 300px\" \/><\/a><\/p>\n<p>Von dort aus hat man \u00fcber die Rappbodetalsperre Talsperre ein Stahlseil gespannt, das nach mehr als einem Kilometer am gegen\u00fcberliegenden Ufer befestigt ist.<\/p>\n<p><a href=\"http:\/\/blog.meineigenerweg.de\/wp-content\/uploads\/2021\/11\/Z50_2724.jpg\"><img loading=\"lazy\" decoding=\"async\" class=\"alignnone size-medium wp-image-7748\" src=\"http:\/\/blog.meineigenerweg.de\/wp-content\/uploads\/2021\/11\/Z50_2724-300x200.jpg\" alt=\"\" width=\"300\" height=\"200\" srcset=\"http:\/\/blog.meineigenerweg.de\/wp-content\/uploads\/2021\/11\/Z50_2724-300x200.jpg 300w, http:\/\/blog.meineigenerweg.de\/wp-content\/uploads\/2021\/11\/Z50_2724-768x512.jpg 768w, http:\/\/blog.meineigenerweg.de\/wp-content\/uploads\/2021\/11\/Z50_2724.jpg 1000w\" sizes=\"auto, (max-width: 300px) 100vw, 300px\" \/><\/a><\/p>\n<p>Zwischen Start und Ziel gibt es einen H\u00f6henunterschied von 120 Meter. Die Geschwindigkeit die man auf dieser Strecke erreicht, betr\u00e4gt bis zu 85 km\/h. Das ist lang und viel und hoch und schnell.<\/p>\n<p>W\u00e4hrend man den Startturm erklettert<\/p>\n<p><a href=\"http:\/\/blog.meineigenerweg.de\/wp-content\/uploads\/2021\/11\/Z50_2728.jpg\"><img loading=\"lazy\" decoding=\"async\" class=\"alignnone size-medium wp-image-7751\" src=\"http:\/\/blog.meineigenerweg.de\/wp-content\/uploads\/2021\/11\/Z50_2728-300x200.jpg\" alt=\"\" width=\"300\" height=\"200\" srcset=\"http:\/\/blog.meineigenerweg.de\/wp-content\/uploads\/2021\/11\/Z50_2728-300x200.jpg 300w, http:\/\/blog.meineigenerweg.de\/wp-content\/uploads\/2021\/11\/Z50_2728-768x512.jpg 768w, http:\/\/blog.meineigenerweg.de\/wp-content\/uploads\/2021\/11\/Z50_2728.jpg 1000w\" sizes=\"auto, (max-width: 300px) 100vw, 300px\" \/><\/a><\/p>\n<p>erh\u00e4lt man neben Informationen und Verhaltenshinweisen, auch die notwendige Ausr\u00fcstung, einen speziellen Sicherheitsgut mit jeder Menge B\u00e4ndern und Karabiner mit denen man sp\u00e4ter in das Seil eingeklinkt wird. Dazu gibt es einen Helm, auf dem entweder eine eigene oder eine vor Ort gemietete GoPro installiert werden kann (es passt ausschlie\u00dflich eine GoPro, ich hatte leide keine Chance meine Insta360 zu nutzen).<\/p>\n<p><a href=\"http:\/\/blog.meineigenerweg.de\/wp-content\/uploads\/2021\/11\/IMG_3872.jpg\"><img loading=\"lazy\" decoding=\"async\" class=\"alignnone size-medium wp-image-7745\" src=\"http:\/\/blog.meineigenerweg.de\/wp-content\/uploads\/2021\/11\/IMG_3872-206x300.jpg\" alt=\"\" width=\"206\" height=\"300\" srcset=\"http:\/\/blog.meineigenerweg.de\/wp-content\/uploads\/2021\/11\/IMG_3872-206x300.jpg 206w, http:\/\/blog.meineigenerweg.de\/wp-content\/uploads\/2021\/11\/IMG_3872.jpg 686w\" sizes=\"auto, (max-width: 206px) 100vw, 206px\" \/><\/a><\/p>\n<p>Wie man im Hintergrund sehen kann, genie\u00dft man die Fahrt liegend.<\/p>\n<p>Und dann geht es auch schon los, man wird ins Seil eingeh\u00e4ngt, legt sich in den Gurt, bekommt noch ein paar aufmunternde lockere Spr\u00fcche und einen Schubs und schon h\u00e4ngt man 20 mtr \u00fcber dem Boden und wird von Sekunde zu Sekunde schneller.<\/p>\n<div style=\"width: 960px;\" class=\"wp-video\"><video class=\"wp-video-shortcode\" id=\"video-7699-1\" width=\"960\" height=\"540\" preload=\"metadata\" controls=\"controls\"><source type=\"video\/mp4\" src=\"http:\/\/blog.meineigenerweg.de\/wp-content\/uploads\/2021\/11\/Zipline.mp4?_=1\" \/><a href=\"http:\/\/blog.meineigenerweg.de\/wp-content\/uploads\/2021\/11\/Zipline.mp4\">http:\/\/blog.meineigenerweg.de\/wp-content\/uploads\/2021\/11\/Zipline.mp4<\/a><\/video><\/div>\n<p>Den R\u00fcckweg, muss man dann zu Fu\u00df antreten, es dauert ungef\u00e4hr 20 Minuten, aber es ist ein sch\u00f6ner Waldweg und f\u00fchrt zuletzt \u00fcber die Staumauer zur\u00fcck zum Startpunkt. Auf dem Weg gibt es auch eine Gelegenheit zur Einkehr.<\/p>\n<p>&nbsp;<\/p>\n<p><em>Meine Wertung: <span style=\"color: #ff0000;\">*****<\/span> top\u00a0<\/em><br \/>\n<em>Harzdrenalin Outdoorevents<\/em><br \/>\n<em>Rappbodetalsperre (An der L96)<\/em><br \/>\n<em>38889 Stadt Oberharz am Brocken (OT R\u00fcbeland)<\/em><\/p>\n","protected":false},"excerpt":{"rendered":"<p>September 2021 Fr\u00fcher hatte ich, das muss ich zugeben, das Vorurteil, dass der Harz langweilig, staubig und spie\u00dfig sei und eher eine Urlaubsregion f\u00fcr Rentner. Dieses Vorurteil habe ich inzwischen abgelegt, Vielleicht liegt es ja daran, dass ich nun auch Rentner geworden bin, wahrscheinlich aber eher daran, dass ich viele<\/p>\n","protected":false},"author":1,"featured_media":7759,"parent":5636,"menu_order":0,"comment_status":"closed","ping_status":"closed","template":"","meta":{"footnotes":""},"class_list":["post-7699","page","type-page","status-publish","has-post-thumbnail","hentry"],"_links":{"self":[{"href":"http:\/\/blog.meineigenerweg.de\/index.php?rest_route=\/wp\/v2\/pages\/7699","targetHints":{"allow":["GET"]}}],"collection":[{"href":"http:\/\/blog.meineigenerweg.de\/index.php?rest_route=\/wp\/v2\/pages"}],"about":[{"href":"http:\/\/blog.meineigenerweg.de\/index.php?rest_route=\/wp\/v2\/types\/page"}],"author":[{"embeddable":true,"href":"http:\/\/blog.meineigenerweg.de\/index.php?rest_route=\/wp\/v2\/users\/1"}],"replies":[{"embeddable":true,"href":"http:\/\/blog.meineigenerweg.de\/index.php?rest_route=%2Fwp%2Fv2%2Fcomments&post=7699"}],"version-history":[{"count":20,"href":"http:\/\/blog.meineigenerweg.de\/index.php?rest_route=\/wp\/v2\/pages\/7699\/revisions"}],"predecessor-version":[{"id":7765,"href":"http:\/\/blog.meineigenerweg.de\/index.php?rest_route=\/wp\/v2\/pages\/7699\/revisions\/7765"}],"up":[{"embeddable":true,"href":"http:\/\/blog.meineigenerweg.de\/index.php?rest_route=\/wp\/v2\/pages\/5636"}],"wp:featuredmedia":[{"embeddable":true,"href":"http:\/\/blog.meineigenerweg.de\/index.php?rest_route=\/wp\/v2\/media\/7759"}],"wp:attachment":[{"href":"http:\/\/blog.meineigenerweg.de\/index.php?rest_route=%2Fwp%2Fv2%2Fmedia&parent=7699"}],"curies":[{"name":"wp","href":"https:\/\/api.w.org\/{rel}","templated":true}]}}