{"id":7627,"date":"2021-08-10T16:58:11","date_gmt":"2021-08-10T15:58:11","guid":{"rendered":"http:\/\/blog.meineigenerweg.de\/?page_id=7627"},"modified":"2021-08-10T17:48:22","modified_gmt":"2021-08-10T16:48:22","slug":"bremen-wesenburg-museum","status":"publish","type":"page","link":"http:\/\/blog.meineigenerweg.de\/?page_id=7627","title":{"rendered":"Wesenburg Museum"},"content":{"rendered":"<p>August 2021<\/p>\n<p>Wenn der Sommer mal nicht so ist, wie man es von ihm erwartet, es gewittert und st\u00fcrmt und regnet, ist ein Museumsbesuch eine willkommene Abwechslung!<\/p>\n<p><a href=\"http:\/\/blog.meineigenerweg.de\/wp-content\/uploads\/2021\/08\/9BA87968-20A0-4CB5-BBAC-6FEBDF54595F.jpeg\"><img loading=\"lazy\" decoding=\"async\" class=\"alignnone size-medium wp-image-7629\" src=\"http:\/\/blog.meineigenerweg.de\/wp-content\/uploads\/2021\/08\/9BA87968-20A0-4CB5-BBAC-6FEBDF54595F-300x200.jpeg\" alt=\"\" width=\"300\" height=\"200\" srcset=\"http:\/\/blog.meineigenerweg.de\/wp-content\/uploads\/2021\/08\/9BA87968-20A0-4CB5-BBAC-6FEBDF54595F-300x200.jpeg 300w, http:\/\/blog.meineigenerweg.de\/wp-content\/uploads\/2021\/08\/9BA87968-20A0-4CB5-BBAC-6FEBDF54595F-768x512.jpeg 768w, http:\/\/blog.meineigenerweg.de\/wp-content\/uploads\/2021\/08\/9BA87968-20A0-4CB5-BBAC-6FEBDF54595F.jpeg 1000w\" sizes=\"auto, (max-width: 300px) 100vw, 300px\" \/><\/a><\/p>\n<p>Das <span style=\"color: #0000ff;\"><a href=\"http:\/\/www.weserburg.de\/\" target=\"_blank\" rel=\"noopener noreferrer\"><span style=\"color: #0000ff;\"><span style=\"text-decoration: underline;\">Weserburg<\/span><\/span><\/a><\/span> Museum f\u00fcr moderne Kunst zeigt in wechselnden Einzel- und thematischen Gruppenausstellungen internationale Kunst ab den 1960er Jahren bis in die Gegenwart.<\/p>\n<p>Als Kunstbanause kann ich Kunst nicht bewerten, sondern nur f\u00fcr mich pers\u00f6nlich toll, beeindruckend, langweilig, unverst\u00e4ndlich oder auch bl\u00f6de finden. All das hat mir das Weserburg-Museum geboten.<\/p>\n<p>&nbsp;<\/p>\n<p>Akustische Kunst im Raum der Stille<\/p>\n<p><a href=\"http:\/\/blog.meineigenerweg.de\/wp-content\/uploads\/2021\/08\/E05D2416-3F9C-41D8-8633-2588FBFB250A.jpeg\"><img loading=\"lazy\" decoding=\"async\" class=\"alignnone size-medium wp-image-7634\" src=\"http:\/\/blog.meineigenerweg.de\/wp-content\/uploads\/2021\/08\/E05D2416-3F9C-41D8-8633-2588FBFB250A-300x200.jpeg\" alt=\"\" width=\"300\" height=\"200\" srcset=\"http:\/\/blog.meineigenerweg.de\/wp-content\/uploads\/2021\/08\/E05D2416-3F9C-41D8-8633-2588FBFB250A-300x200.jpeg 300w, http:\/\/blog.meineigenerweg.de\/wp-content\/uploads\/2021\/08\/E05D2416-3F9C-41D8-8633-2588FBFB250A-768x512.jpeg 768w, http:\/\/blog.meineigenerweg.de\/wp-content\/uploads\/2021\/08\/E05D2416-3F9C-41D8-8633-2588FBFB250A.jpeg 1000w\" sizes=\"auto, (max-width: 300px) 100vw, 300px\" \/><\/a> <a href=\"http:\/\/blog.meineigenerweg.de\/wp-content\/uploads\/2021\/08\/B9C1BD12-B974-43F0-B2E4-236124EA1726.jpeg\"><img loading=\"lazy\" decoding=\"async\" class=\"alignnone size-medium wp-image-7635\" src=\"http:\/\/blog.meineigenerweg.de\/wp-content\/uploads\/2021\/08\/B9C1BD12-B974-43F0-B2E4-236124EA1726-300x200.jpeg\" alt=\"\" width=\"300\" height=\"200\" srcset=\"http:\/\/blog.meineigenerweg.de\/wp-content\/uploads\/2021\/08\/B9C1BD12-B974-43F0-B2E4-236124EA1726-300x200.jpeg 300w, http:\/\/blog.meineigenerweg.de\/wp-content\/uploads\/2021\/08\/B9C1BD12-B974-43F0-B2E4-236124EA1726-768x512.jpeg 768w, http:\/\/blog.meineigenerweg.de\/wp-content\/uploads\/2021\/08\/B9C1BD12-B974-43F0-B2E4-236124EA1726.jpeg 1000w\" sizes=\"auto, (max-width: 300px) 100vw, 300px\" \/><\/a><\/p>\n<p>Ist das Kunst oder Selbsterkenntnis?<\/p>\n<p><a href=\"http:\/\/blog.meineigenerweg.de\/wp-content\/uploads\/2021\/08\/B5A7DDB9-D293-4B56-A64F-62C3D654B1C8.jpeg\"><img loading=\"lazy\" decoding=\"async\" class=\"alignnone size-medium wp-image-7637\" src=\"http:\/\/blog.meineigenerweg.de\/wp-content\/uploads\/2021\/08\/B5A7DDB9-D293-4B56-A64F-62C3D654B1C8-300x200.jpeg\" alt=\"\" width=\"300\" height=\"200\" srcset=\"http:\/\/blog.meineigenerweg.de\/wp-content\/uploads\/2021\/08\/B5A7DDB9-D293-4B56-A64F-62C3D654B1C8-300x200.jpeg 300w, http:\/\/blog.meineigenerweg.de\/wp-content\/uploads\/2021\/08\/B5A7DDB9-D293-4B56-A64F-62C3D654B1C8-768x512.jpeg 768w, http:\/\/blog.meineigenerweg.de\/wp-content\/uploads\/2021\/08\/B5A7DDB9-D293-4B56-A64F-62C3D654B1C8.jpeg 1000w\" sizes=\"auto, (max-width: 300px) 100vw, 300px\" \/><\/a><\/p>\n<p>Die Bremer Stadtmusikanten mal aus einer anderen Sicht (Exkremente von Esel, Hund, Katze und Hahn).<\/p>\n<p><a href=\"http:\/\/blog.meineigenerweg.de\/wp-content\/uploads\/2021\/08\/52CEE96E-B1EE-4B36-95F1-54C6F84811F8.jpeg\"><img loading=\"lazy\" decoding=\"async\" class=\"alignnone size-medium wp-image-7638\" src=\"http:\/\/blog.meineigenerweg.de\/wp-content\/uploads\/2021\/08\/52CEE96E-B1EE-4B36-95F1-54C6F84811F8-200x300.jpeg\" alt=\"\" width=\"200\" height=\"300\" srcset=\"http:\/\/blog.meineigenerweg.de\/wp-content\/uploads\/2021\/08\/52CEE96E-B1EE-4B36-95F1-54C6F84811F8-200x300.jpeg 200w, http:\/\/blog.meineigenerweg.de\/wp-content\/uploads\/2021\/08\/52CEE96E-B1EE-4B36-95F1-54C6F84811F8.jpeg 667w\" sizes=\"auto, (max-width: 200px) 100vw, 200px\" \/><\/a><\/p>\n<p>F\u00fcr mich als Kind des Ruhrgebiets endlich die Wahrheit, wie von Herbert Gr\u00f6nemeyer in seiner Hymne auf das Ruhrgebiet und speziell auf Bochum besungen: \u201eDein Grubengold hat uns wieder hochgeholt \u2026\u201c. Goldene Briketts<\/p>\n<p><a href=\"http:\/\/blog.meineigenerweg.de\/wp-content\/uploads\/2021\/08\/23C29891-2FDA-4EB5-9B58-76B6D42DADD9.jpeg\"><img loading=\"lazy\" decoding=\"async\" class=\"alignnone size-medium wp-image-7640\" src=\"http:\/\/blog.meineigenerweg.de\/wp-content\/uploads\/2021\/08\/23C29891-2FDA-4EB5-9B58-76B6D42DADD9-300x200.jpeg\" alt=\"\" width=\"300\" height=\"200\" srcset=\"http:\/\/blog.meineigenerweg.de\/wp-content\/uploads\/2021\/08\/23C29891-2FDA-4EB5-9B58-76B6D42DADD9-300x200.jpeg 300w, http:\/\/blog.meineigenerweg.de\/wp-content\/uploads\/2021\/08\/23C29891-2FDA-4EB5-9B58-76B6D42DADD9-768x512.jpeg 768w, http:\/\/blog.meineigenerweg.de\/wp-content\/uploads\/2021\/08\/23C29891-2FDA-4EB5-9B58-76B6D42DADD9.jpeg 1000w\" sizes=\"auto, (max-width: 300px) 100vw, 300px\" \/><\/a><\/p>\n<p>Kunst mit aktuellem Bezug, aber ich f\u00fcrchte wir sollten uns nicht darauf verlassen, sondern es lieber selbst in die Hand nehmen.<\/p>\n<p><a href=\"http:\/\/blog.meineigenerweg.de\/wp-content\/uploads\/2021\/08\/0DE683F4-D326-4548-BE9A-8F293A8CE299.jpeg\"><img loading=\"lazy\" decoding=\"async\" class=\"alignnone size-medium wp-image-7643\" src=\"http:\/\/blog.meineigenerweg.de\/wp-content\/uploads\/2021\/08\/0DE683F4-D326-4548-BE9A-8F293A8CE299-300x197.jpeg\" alt=\"\" width=\"300\" height=\"197\" srcset=\"http:\/\/blog.meineigenerweg.de\/wp-content\/uploads\/2021\/08\/0DE683F4-D326-4548-BE9A-8F293A8CE299-300x197.jpeg 300w, http:\/\/blog.meineigenerweg.de\/wp-content\/uploads\/2021\/08\/0DE683F4-D326-4548-BE9A-8F293A8CE299.jpeg 579w\" sizes=\"auto, (max-width: 300px) 100vw, 300px\" \/><\/a><\/p>\n<p>&nbsp;<\/p>\n<p><em>Meine Wertung: Kunst muss jeder f\u00fcr sich selbst bewerten<\/em><\/p>\n<p><em>Weserburg Museum f\u00fcr moderne Kunst<\/em><br \/>\n<em>Teerhof 20<\/em><br \/>\n<em>28199 Bremen<\/em><\/p>\n","protected":false},"excerpt":{"rendered":"<p>August 2021 Wenn der Sommer mal nicht so ist, wie man es von ihm erwartet, es gewittert und st\u00fcrmt und regnet, ist ein Museumsbesuch eine willkommene Abwechslung! Das Weserburg Museum f\u00fcr moderne Kunst zeigt in wechselnden Einzel- und thematischen Gruppenausstellungen internationale Kunst ab den 1960er Jahren bis in die Gegenwart.<\/p>\n","protected":false},"author":1,"featured_media":7652,"parent":108,"menu_order":0,"comment_status":"closed","ping_status":"closed","template":"","meta":{"footnotes":""},"class_list":["post-7627","page","type-page","status-publish","has-post-thumbnail","hentry"],"_links":{"self":[{"href":"http:\/\/blog.meineigenerweg.de\/index.php?rest_route=\/wp\/v2\/pages\/7627","targetHints":{"allow":["GET"]}}],"collection":[{"href":"http:\/\/blog.meineigenerweg.de\/index.php?rest_route=\/wp\/v2\/pages"}],"about":[{"href":"http:\/\/blog.meineigenerweg.de\/index.php?rest_route=\/wp\/v2\/types\/page"}],"author":[{"embeddable":true,"href":"http:\/\/blog.meineigenerweg.de\/index.php?rest_route=\/wp\/v2\/users\/1"}],"replies":[{"embeddable":true,"href":"http:\/\/blog.meineigenerweg.de\/index.php?rest_route=%2Fwp%2Fv2%2Fcomments&post=7627"}],"version-history":[{"count":14,"href":"http:\/\/blog.meineigenerweg.de\/index.php?rest_route=\/wp\/v2\/pages\/7627\/revisions"}],"predecessor-version":[{"id":7653,"href":"http:\/\/blog.meineigenerweg.de\/index.php?rest_route=\/wp\/v2\/pages\/7627\/revisions\/7653"}],"up":[{"embeddable":true,"href":"http:\/\/blog.meineigenerweg.de\/index.php?rest_route=\/wp\/v2\/pages\/108"}],"wp:featuredmedia":[{"embeddable":true,"href":"http:\/\/blog.meineigenerweg.de\/index.php?rest_route=\/wp\/v2\/media\/7652"}],"wp:attachment":[{"href":"http:\/\/blog.meineigenerweg.de\/index.php?rest_route=%2Fwp%2Fv2%2Fmedia&parent=7627"}],"curies":[{"name":"wp","href":"https:\/\/api.w.org\/{rel}","templated":true}]}}