{"id":7549,"date":"2021-07-12T15:54:33","date_gmt":"2021-07-12T14:54:33","guid":{"rendered":"http:\/\/blog.meineigenerweg.de\/?page_id=7549"},"modified":"2021-07-12T17:37:16","modified_gmt":"2021-07-12T16:37:16","slug":"gardasee","status":"publish","type":"page","link":"http:\/\/blog.meineigenerweg.de\/?page_id=7549","title":{"rendered":"Gardasee ***"},"content":{"rendered":"<p>Juni 2021<\/p>\n<p>Immer noch Corona, immer noch Maske und Vorsichtsma\u00dfnahmen, und das ist auch gut so.<\/p>\n<p>Aber die Inzidenz-Werte sind inzwischen so niedrig, das wir es wagen, wieder in Urlaub zu fahren. Nicht so weit und auch nicht so lange, aber 10 Tage am Gardasee erlauben wir uns, zumal wir mit dem Wohnmobil fahren und damit relativ autark sind. Wir haben uns f\u00fcr das steilere Westufer entschieden. Ein paar Kilometer s\u00fcdlich von Limone haben wir einen kleinen, ruhigen Campingplatz gefunden. Er liegt direkt am Strand, einen der beliebten Stellpl\u00e4tze in der ersten Reihe haben wir nicht mehr ergattern k\u00f6nnen, aber auf dem erh\u00f6hten, terrassierten Platz haben wir einen wundersch\u00f6nen Blick \u00fcber den See, das gegen\u00fcberliegende Ufer und die hohen Berge dahinter. Wir stehen im Schatten von uralten Olivenb\u00e4umen, unter denen wir es trotz der Sommerhitze gut aushalten k\u00f6nnen, denn es weht fast immer ein frischer Wind vom See herauf. \u00dcberall sind bl\u00fchende B\u00fcsche, Jasmin und Oleander, und der sanfte Wind bringt einen verf\u00fchrerischen Duft nach Sommer mit sich.<\/p>\n<p>Dolce far niente (s\u00fc\u00dfes Nichtstun)<\/p>\n<p><a href=\"http:\/\/blog.meineigenerweg.de\/wp-content\/uploads\/2021\/06\/35915CB8-B2C7-48E9-9005-8969BF43F007.jpeg\"><img loading=\"lazy\" decoding=\"async\" class=\"alignnone size-medium wp-image-7552\" src=\"http:\/\/blog.meineigenerweg.de\/wp-content\/uploads\/2021\/06\/35915CB8-B2C7-48E9-9005-8969BF43F007-300x199.jpeg\" alt=\"\" width=\"300\" height=\"199\" srcset=\"http:\/\/blog.meineigenerweg.de\/wp-content\/uploads\/2021\/06\/35915CB8-B2C7-48E9-9005-8969BF43F007-300x199.jpeg 300w, http:\/\/blog.meineigenerweg.de\/wp-content\/uploads\/2021\/06\/35915CB8-B2C7-48E9-9005-8969BF43F007-768x510.jpeg 768w, http:\/\/blog.meineigenerweg.de\/wp-content\/uploads\/2021\/06\/35915CB8-B2C7-48E9-9005-8969BF43F007.jpeg 1000w\" sizes=\"auto, (max-width: 300px) 100vw, 300px\" \/> <\/a><a href=\"http:\/\/blog.meineigenerweg.de\/wp-content\/uploads\/2021\/06\/63D64EDB-5EEF-4229-BA80-8DA2311CE1D3.jpeg\"><img loading=\"lazy\" decoding=\"async\" class=\"alignnone size-medium wp-image-7555\" src=\"http:\/\/blog.meineigenerweg.de\/wp-content\/uploads\/2021\/06\/63D64EDB-5EEF-4229-BA80-8DA2311CE1D3-300x200.jpeg\" alt=\"\" width=\"300\" height=\"200\" srcset=\"http:\/\/blog.meineigenerweg.de\/wp-content\/uploads\/2021\/06\/63D64EDB-5EEF-4229-BA80-8DA2311CE1D3-300x200.jpeg 300w, http:\/\/blog.meineigenerweg.de\/wp-content\/uploads\/2021\/06\/63D64EDB-5EEF-4229-BA80-8DA2311CE1D3-768x512.jpeg 768w, http:\/\/blog.meineigenerweg.de\/wp-content\/uploads\/2021\/06\/63D64EDB-5EEF-4229-BA80-8DA2311CE1D3.jpeg 1000w\" sizes=\"auto, (max-width: 300px) 100vw, 300px\" \/><\/a><\/p>\n<p>Mit dem Fahrrad machen wir heute einen kleinen Ausflug nach Limone, mal schauen, wie viele Menschen dort unterwegs sind. Da das Radwegenetz am Gardasee st\u00e4ndig ausgebaut wird, kommen wir nach kurzer Zeit schon in Limone an, ohne \u00fcber die vielbefahrene Gardesana zwischen ungeduldigen PKW und wagemutigen Kleinlastwagen fahren zu m\u00fcssen. Das ist wirklich sch\u00f6n, der Radweg schl\u00e4ngelt sich vorbei an Hotels und alten H\u00e4usern direkt zum Hafen. Die vielen Restaurants und Eisdielen sind nur m\u00e4\u00dfig gef\u00fcllt, es gibt \u00fcberall gen\u00fcgend Abstand und die Kellner tragen alle Masken. Viele Touristen ebenfalls, einige aber auch nicht, aber von denen halten wir uns fern. Auf den Pl\u00e4tzen und am Hafen f\u00fchlen wir uns wohl, lediglich in den engen kleinen Gassen der Altstadt ist es voller.<\/p>\n<p><a href=\"http:\/\/blog.meineigenerweg.de\/wp-content\/uploads\/2021\/06\/66770175-45AA-4875-9FA8-B0A3FFB6471D.jpeg\"><img loading=\"lazy\" decoding=\"async\" class=\"alignnone size-medium wp-image-7560\" src=\"http:\/\/blog.meineigenerweg.de\/wp-content\/uploads\/2021\/06\/66770175-45AA-4875-9FA8-B0A3FFB6471D-300x201.jpeg\" alt=\"\" width=\"300\" height=\"201\" srcset=\"http:\/\/blog.meineigenerweg.de\/wp-content\/uploads\/2021\/06\/66770175-45AA-4875-9FA8-B0A3FFB6471D-300x201.jpeg 300w, http:\/\/blog.meineigenerweg.de\/wp-content\/uploads\/2021\/06\/66770175-45AA-4875-9FA8-B0A3FFB6471D-768x514.jpeg 768w, http:\/\/blog.meineigenerweg.de\/wp-content\/uploads\/2021\/06\/66770175-45AA-4875-9FA8-B0A3FFB6471D.jpeg 1000w\" sizes=\"auto, (max-width: 300px) 100vw, 300px\" \/><\/a> <a href=\"http:\/\/blog.meineigenerweg.de\/wp-content\/uploads\/2021\/06\/C405620E-5FA5-4430-8E3C-08BF6A673585.jpeg\"><img loading=\"lazy\" decoding=\"async\" class=\"alignnone size-medium wp-image-7561\" src=\"http:\/\/blog.meineigenerweg.de\/wp-content\/uploads\/2021\/06\/C405620E-5FA5-4430-8E3C-08BF6A673585-300x200.jpeg\" alt=\"\" width=\"300\" height=\"200\" srcset=\"http:\/\/blog.meineigenerweg.de\/wp-content\/uploads\/2021\/06\/C405620E-5FA5-4430-8E3C-08BF6A673585-300x200.jpeg 300w, http:\/\/blog.meineigenerweg.de\/wp-content\/uploads\/2021\/06\/C405620E-5FA5-4430-8E3C-08BF6A673585-768x512.jpeg 768w, http:\/\/blog.meineigenerweg.de\/wp-content\/uploads\/2021\/06\/C405620E-5FA5-4430-8E3C-08BF6A673585.jpeg 1000w\" sizes=\"auto, (max-width: 300px) 100vw, 300px\" \/><\/a><\/p>\n<p>&nbsp;<\/p>\n<p>Heute geht es in die Berge<\/p>\n<p><a href=\"http:\/\/blog.meineigenerweg.de\/wp-content\/uploads\/2021\/06\/E03622C5-4520-49F2-ADCE-C7B93B80A6B4.jpeg\"><img loading=\"lazy\" decoding=\"async\" class=\"alignnone size-medium wp-image-7569\" src=\"http:\/\/blog.meineigenerweg.de\/wp-content\/uploads\/2021\/06\/E03622C5-4520-49F2-ADCE-C7B93B80A6B4-300x200.jpeg\" alt=\"\" width=\"300\" height=\"200\" srcset=\"http:\/\/blog.meineigenerweg.de\/wp-content\/uploads\/2021\/06\/E03622C5-4520-49F2-ADCE-C7B93B80A6B4-300x200.jpeg 300w, http:\/\/blog.meineigenerweg.de\/wp-content\/uploads\/2021\/06\/E03622C5-4520-49F2-ADCE-C7B93B80A6B4-768x512.jpeg 768w, http:\/\/blog.meineigenerweg.de\/wp-content\/uploads\/2021\/06\/E03622C5-4520-49F2-ADCE-C7B93B80A6B4.jpeg 1000w\" sizes=\"auto, (max-width: 300px) 100vw, 300px\" \/><\/a><\/p>\n<p>Zuerst ein paar Kilometer mit dem Rad<\/p>\n<p><a href=\"http:\/\/blog.meineigenerweg.de\/wp-content\/uploads\/2021\/06\/462B4DDB-4184-4EA4-97CC-B58B7816841B.jpeg\"><img loading=\"lazy\" decoding=\"async\" class=\"alignnone size-medium wp-image-7572\" src=\"http:\/\/blog.meineigenerweg.de\/wp-content\/uploads\/2021\/06\/462B4DDB-4184-4EA4-97CC-B58B7816841B-300x199.jpeg\" alt=\"\" width=\"300\" height=\"199\" srcset=\"http:\/\/blog.meineigenerweg.de\/wp-content\/uploads\/2021\/06\/462B4DDB-4184-4EA4-97CC-B58B7816841B-300x199.jpeg 300w, http:\/\/blog.meineigenerweg.de\/wp-content\/uploads\/2021\/06\/462B4DDB-4184-4EA4-97CC-B58B7816841B-768x510.jpeg 768w, http:\/\/blog.meineigenerweg.de\/wp-content\/uploads\/2021\/06\/462B4DDB-4184-4EA4-97CC-B58B7816841B.jpeg 1000w\" sizes=\"auto, (max-width: 300px) 100vw, 300px\" \/><\/a><\/p>\n<p>Dann einen sch\u00f6nen Weg am Flu\u00df entlang<\/p>\n<p><a href=\"http:\/\/blog.meineigenerweg.de\/wp-content\/uploads\/2021\/06\/F30FC8A2-B4A8-4F2D-9E40-6E355BB2CDD7.jpeg\"><img loading=\"lazy\" decoding=\"async\" class=\"alignnone size-medium wp-image-7574\" src=\"http:\/\/blog.meineigenerweg.de\/wp-content\/uploads\/2021\/06\/F30FC8A2-B4A8-4F2D-9E40-6E355BB2CDD7-300x200.jpeg\" alt=\"\" width=\"300\" height=\"200\" srcset=\"http:\/\/blog.meineigenerweg.de\/wp-content\/uploads\/2021\/06\/F30FC8A2-B4A8-4F2D-9E40-6E355BB2CDD7-300x200.jpeg 300w, http:\/\/blog.meineigenerweg.de\/wp-content\/uploads\/2021\/06\/F30FC8A2-B4A8-4F2D-9E40-6E355BB2CDD7-768x511.jpeg 768w, http:\/\/blog.meineigenerweg.de\/wp-content\/uploads\/2021\/06\/F30FC8A2-B4A8-4F2D-9E40-6E355BB2CDD7.jpeg 1000w\" sizes=\"auto, (max-width: 300px) 100vw, 300px\" \/><\/a><\/p>\n<p>\u2026 und da der spektakul\u00e4re Wasserfall<\/p>\n<p><a href=\"http:\/\/blog.meineigenerweg.de\/wp-content\/uploads\/2021\/06\/21DAA9F0-E0B4-4DDD-9610-B3813070C507.jpeg\"><img loading=\"lazy\" decoding=\"async\" class=\"alignnone size-medium wp-image-7575\" src=\"http:\/\/blog.meineigenerweg.de\/wp-content\/uploads\/2021\/06\/21DAA9F0-E0B4-4DDD-9610-B3813070C507-300x200.jpeg\" alt=\"\" width=\"300\" height=\"200\" srcset=\"http:\/\/blog.meineigenerweg.de\/wp-content\/uploads\/2021\/06\/21DAA9F0-E0B4-4DDD-9610-B3813070C507-300x200.jpeg 300w, http:\/\/blog.meineigenerweg.de\/wp-content\/uploads\/2021\/06\/21DAA9F0-E0B4-4DDD-9610-B3813070C507-768x511.jpeg 768w, http:\/\/blog.meineigenerweg.de\/wp-content\/uploads\/2021\/06\/21DAA9F0-E0B4-4DDD-9610-B3813070C507.jpeg 1000w\" sizes=\"auto, (max-width: 300px) 100vw, 300px\" \/><\/a><\/p>\n<p>tosend und wild sch\u00e4umend st\u00fcrzten sich die Wassermassen aus 10 Metern H\u00f6he in die Tiefe \u2026 vielleicht ist ja gerade Trockenzeit, jedenfalls eher ein gem\u00fctliches Pl\u00e4tschern.<\/p>\n<p><a href=\"http:\/\/blog.meineigenerweg.de\/wp-content\/uploads\/2021\/06\/C54B4B32-C4FD-4495-BED0-5E95C05B691A.jpeg\"><img loading=\"lazy\" decoding=\"async\" class=\"alignnone size-medium wp-image-7576\" src=\"http:\/\/blog.meineigenerweg.de\/wp-content\/uploads\/2021\/06\/C54B4B32-C4FD-4495-BED0-5E95C05B691A-225x300.jpeg\" alt=\"\" width=\"225\" height=\"300\" srcset=\"http:\/\/blog.meineigenerweg.de\/wp-content\/uploads\/2021\/06\/C54B4B32-C4FD-4495-BED0-5E95C05B691A-225x300.jpeg 225w, http:\/\/blog.meineigenerweg.de\/wp-content\/uploads\/2021\/06\/C54B4B32-C4FD-4495-BED0-5E95C05B691A.jpeg 750w\" sizes=\"auto, (max-width: 225px) 100vw, 225px\" \/><\/a><\/p>\n<p>Zuguterletzt gab es in der N\u00e4he aber noch ein nettes kleines Restaurant mit einem tollen Blick \u00fcber den See.<\/p>\n<p><a href=\"http:\/\/blog.meineigenerweg.de\/wp-content\/uploads\/2021\/06\/5F322489-2F28-441C-8248-8953CFBEC8AA.jpeg\"><img loading=\"lazy\" decoding=\"async\" class=\"alignnone size-medium wp-image-7578\" src=\"http:\/\/blog.meineigenerweg.de\/wp-content\/uploads\/2021\/06\/5F322489-2F28-441C-8248-8953CFBEC8AA-300x201.jpeg\" alt=\"\" width=\"300\" height=\"201\" srcset=\"http:\/\/blog.meineigenerweg.de\/wp-content\/uploads\/2021\/06\/5F322489-2F28-441C-8248-8953CFBEC8AA-300x201.jpeg 300w, http:\/\/blog.meineigenerweg.de\/wp-content\/uploads\/2021\/06\/5F322489-2F28-441C-8248-8953CFBEC8AA-768x514.jpeg 768w, http:\/\/blog.meineigenerweg.de\/wp-content\/uploads\/2021\/06\/5F322489-2F28-441C-8248-8953CFBEC8AA.jpeg 1000w\" sizes=\"auto, (max-width: 300px) 100vw, 300px\" \/><\/a><\/p>\n<p>&nbsp;<\/p>\n<p>Auf der westlichen Seite des Gardasees verl\u00e4uft ein besonders enger, kurvenreicher Abschnitt der ber\u00fchmten \u201eGardesana\u201c mit vielen roh behauenen und unbeleuchteten Tunneln und endlosen Kurven. Die Fahrt ist abenteuerlich, aber vor der n\u00e4chsten Kurve oder nach einem Tunnel kann man einen schnellen Blick auf den in der Sonne flirrenden See und die gegen\u00fcberliegenden Berge erhaschen.<\/p>\n<p>Deshalb waren wir besonders auf den neuen, wie ein Balkon an den Fels gebauten Radweg gespannt, der den Weg von Limone nach Riva zu einem entspannten Vergn\u00fcgen machen soll. Auf nach Riva, knapp 13 km sind es von Limone aus, bummeln gehen, etwas Leckeres im Hafen essen und dann wieder zur\u00fcck.<\/p>\n<p>In Limone mussten wir den Einstieg in den Radweg erste einmal finden, Markierungen fehlen noch und auch das Fahrradnavi tat sich schwer. Erst \u00fcber die Hauptstra\u00dfe, dann durch die engen Gassen der Altstadt, ein wenig bergab und viel bergauf. Aber endlich fanden wir den neuen Radweg. Und unsere Erwartungen wurden mehr als erf\u00fcllt, wie in einer Klamm schl\u00e4ngelt sich der Weg dicht gedr\u00e4ngt an den Fels hoch \u00fcber dem See entlang und bietet traumhaft sch\u00f6ne Aussichten.<\/p>\n<p><a href=\"http:\/\/blog.meineigenerweg.de\/wp-content\/uploads\/2021\/06\/317D6F5A-EF28-41C0-B949-0D1FC5AD1C1F.jpeg\"><img loading=\"lazy\" decoding=\"async\" class=\"alignnone size-medium wp-image-7585\" src=\"http:\/\/blog.meineigenerweg.de\/wp-content\/uploads\/2021\/06\/317D6F5A-EF28-41C0-B949-0D1FC5AD1C1F-300x198.jpeg\" alt=\"\" width=\"300\" height=\"198\" srcset=\"http:\/\/blog.meineigenerweg.de\/wp-content\/uploads\/2021\/06\/317D6F5A-EF28-41C0-B949-0D1FC5AD1C1F-300x198.jpeg 300w, http:\/\/blog.meineigenerweg.de\/wp-content\/uploads\/2021\/06\/317D6F5A-EF28-41C0-B949-0D1FC5AD1C1F-768x507.jpeg 768w, http:\/\/blog.meineigenerweg.de\/wp-content\/uploads\/2021\/06\/317D6F5A-EF28-41C0-B949-0D1FC5AD1C1F.jpeg 904w\" sizes=\"auto, (max-width: 300px) 100vw, 300px\" \/><\/a><\/p>\n<p>So fuhren wir und freuten uns \u00fcber die sch\u00f6ne Strecke, doch pl\u00f6tzlich, nach vielleicht einem drittel der Strecke, Gitter, Absperrungen, Gedr\u00e4ngel von Radfahrern, verunsicherte Gesichter, ver\u00e4rgerte Stimmen. Der Weg war einfach zu Ende und der Zugang zur Stra\u00dfe durch ein Gitter versperrt, schlichtweg eine Sackgasse.<\/p>\n<p>Man half sich gegenseitig und gemeinsam wurden die R\u00e4der \u00fcber die Absperrung auf die Stra\u00dfe gehoben. Und dann ging es auf der alten Gardesana weiter nach Riva, hupende Autos in dunklen Tunneln, Todesangst jedesmal, wenn man von einem Laster \u00fcberholt wurde und den Gegenverkehr kommen sah.<\/p>\n<p><a href=\"http:\/\/blog.meineigenerweg.de\/wp-content\/uploads\/2021\/06\/B324D0B9-99E3-49C5-A7C6-EC4A0D4B986A.jpeg\"><img loading=\"lazy\" decoding=\"async\" class=\"alignnone size-medium wp-image-7587\" src=\"http:\/\/blog.meineigenerweg.de\/wp-content\/uploads\/2021\/06\/B324D0B9-99E3-49C5-A7C6-EC4A0D4B986A-300x199.jpeg\" alt=\"\" width=\"300\" height=\"199\" srcset=\"http:\/\/blog.meineigenerweg.de\/wp-content\/uploads\/2021\/06\/B324D0B9-99E3-49C5-A7C6-EC4A0D4B986A-300x199.jpeg 300w, http:\/\/blog.meineigenerweg.de\/wp-content\/uploads\/2021\/06\/B324D0B9-99E3-49C5-A7C6-EC4A0D4B986A-768x509.jpeg 768w, http:\/\/blog.meineigenerweg.de\/wp-content\/uploads\/2021\/06\/B324D0B9-99E3-49C5-A7C6-EC4A0D4B986A.jpeg 897w\" sizes=\"auto, (max-width: 300px) 100vw, 300px\" \/><\/a><\/p>\n<p>Wir sind heil in Riva angekommen und haben dann unser geplantes Programm fortgesetzt, bummeln, essen, gucken und sich freuen.<\/p>\n<p><a href=\"http:\/\/blog.meineigenerweg.de\/wp-content\/uploads\/2021\/06\/93403430-1954-4698-8AA6-6356A3ECEDA6.jpeg\"><img loading=\"lazy\" decoding=\"async\" class=\"alignnone size-medium wp-image-7589\" src=\"http:\/\/blog.meineigenerweg.de\/wp-content\/uploads\/2021\/06\/93403430-1954-4698-8AA6-6356A3ECEDA6-300x201.jpeg\" alt=\"\" width=\"300\" height=\"201\" srcset=\"http:\/\/blog.meineigenerweg.de\/wp-content\/uploads\/2021\/06\/93403430-1954-4698-8AA6-6356A3ECEDA6-300x201.jpeg 300w, http:\/\/blog.meineigenerweg.de\/wp-content\/uploads\/2021\/06\/93403430-1954-4698-8AA6-6356A3ECEDA6-768x515.jpeg 768w, http:\/\/blog.meineigenerweg.de\/wp-content\/uploads\/2021\/06\/93403430-1954-4698-8AA6-6356A3ECEDA6.jpeg 1000w\" sizes=\"auto, (max-width: 300px) 100vw, 300px\" \/><\/a><\/p>\n<p>F\u00fcr den R\u00fcckweg haben wir uns dann doch lieber f\u00fcr das Schiff entschieden und waren nach einer knappen Stunde wieder wohlbehalten in Limone.<\/p>\n<p><a href=\"http:\/\/blog.meineigenerweg.de\/wp-content\/uploads\/2021\/06\/B17C86B9-A277-471D-97EE-E3654660BFFF.jpeg\"><img loading=\"lazy\" decoding=\"async\" class=\"alignnone size-medium wp-image-7592\" src=\"http:\/\/blog.meineigenerweg.de\/wp-content\/uploads\/2021\/06\/B17C86B9-A277-471D-97EE-E3654660BFFF-300x201.jpeg\" alt=\"\" width=\"300\" height=\"201\" srcset=\"http:\/\/blog.meineigenerweg.de\/wp-content\/uploads\/2021\/06\/B17C86B9-A277-471D-97EE-E3654660BFFF-300x201.jpeg 300w, http:\/\/blog.meineigenerweg.de\/wp-content\/uploads\/2021\/06\/B17C86B9-A277-471D-97EE-E3654660BFFF-768x515.jpeg 768w, http:\/\/blog.meineigenerweg.de\/wp-content\/uploads\/2021\/06\/B17C86B9-A277-471D-97EE-E3654660BFFF.jpeg 1000w\" sizes=\"auto, (max-width: 300px) 100vw, 300px\" \/><\/a><\/p>\n<p>&nbsp;<\/p>\n<p>Wer lesen kann ist im Vorteil \u2026<\/p>\n<p>Heute stehet eine l\u00e4ngere Fahrradtour auf unserem Programm. Wir wollen mit der F\u00e4hre \u00fcber den See nach Malcesine, dann auf der Ostseite, weil dort ein sch\u00f6ner Radweg direkt am Seeufer entlang f\u00fchrt, bis nach Bardolino, dort nett etwas Essen und dann mit der F\u00e4hre zur\u00fcck.<\/p>\n<p>Hier ist unser ersten Ziel, mit der F\u00e4hre fahren wir nach Malcesine<\/p>\n<p><a href=\"http:\/\/blog.meineigenerweg.de\/wp-content\/uploads\/2021\/07\/Z50_2344.jpg\"><img loading=\"lazy\" decoding=\"async\" class=\"alignnone size-medium wp-image-7620\" src=\"http:\/\/blog.meineigenerweg.de\/wp-content\/uploads\/2021\/07\/Z50_2344-300x200.jpg\" alt=\"\" width=\"300\" height=\"200\" srcset=\"http:\/\/blog.meineigenerweg.de\/wp-content\/uploads\/2021\/07\/Z50_2344-300x200.jpg 300w, http:\/\/blog.meineigenerweg.de\/wp-content\/uploads\/2021\/07\/Z50_2344-768x512.jpg 768w, http:\/\/blog.meineigenerweg.de\/wp-content\/uploads\/2021\/07\/Z50_2344.jpg 1000w\" sizes=\"auto, (max-width: 300px) 100vw, 300px\" \/><\/a><a href=\"http:\/\/blog.meineigenerweg.de\/wp-content\/uploads\/2021\/06\/57CE775D-EEFC-4B8C-BC48-6840F0612BFF.jpeg\">\u00a0<img loading=\"lazy\" decoding=\"async\" class=\"alignnone size-medium wp-image-7601\" src=\"http:\/\/blog.meineigenerweg.de\/wp-content\/uploads\/2021\/06\/57CE775D-EEFC-4B8C-BC48-6840F0612BFF-300x200.jpeg\" alt=\"\" width=\"300\" height=\"200\" srcset=\"http:\/\/blog.meineigenerweg.de\/wp-content\/uploads\/2021\/06\/57CE775D-EEFC-4B8C-BC48-6840F0612BFF-300x200.jpeg 300w, http:\/\/blog.meineigenerweg.de\/wp-content\/uploads\/2021\/06\/57CE775D-EEFC-4B8C-BC48-6840F0612BFF-768x513.jpeg 768w, http:\/\/blog.meineigenerweg.de\/wp-content\/uploads\/2021\/06\/57CE775D-EEFC-4B8C-BC48-6840F0612BFF.jpeg 1000w\" sizes=\"auto, (max-width: 300px) 100vw, 300px\" \/><\/a><\/p>\n<p>Von Malcesine nach Bardolino f\u00fchrt ein sch\u00f6ner Radweg direkt am Ufer entlang. Es gibt nur ein paar wenige Stellen, an denen man auf die Stra\u00dfe ausweichen muss. Teilweise im Schatten bl\u00fchender Str\u00e4ucher und B\u00e4ume, dann wieder in der prallen Sonne. Viele Restaurants und Bars laden unterwegs ein, mal eine Pause zu machen. Etwas \u00fcber 30 km und jetzt in der Vorsaison auch noch angenehm leer.<\/p>\n<p><a href=\"http:\/\/blog.meineigenerweg.de\/wp-content\/uploads\/2021\/07\/IMG_1029-scaled.jpg\"><img loading=\"lazy\" decoding=\"async\" class=\"alignnone size-medium wp-image-7610\" src=\"http:\/\/blog.meineigenerweg.de\/wp-content\/uploads\/2021\/07\/IMG_1029-300x200.jpg\" alt=\"\" width=\"300\" height=\"200\" srcset=\"http:\/\/blog.meineigenerweg.de\/wp-content\/uploads\/2021\/07\/IMG_1029-300x200.jpg 300w, http:\/\/blog.meineigenerweg.de\/wp-content\/uploads\/2021\/07\/IMG_1029-1024x683.jpg 1024w, http:\/\/blog.meineigenerweg.de\/wp-content\/uploads\/2021\/07\/IMG_1029-768x512.jpg 768w, http:\/\/blog.meineigenerweg.de\/wp-content\/uploads\/2021\/07\/IMG_1029-1536x1024.jpg 1536w, http:\/\/blog.meineigenerweg.de\/wp-content\/uploads\/2021\/07\/IMG_1029-2048x1365.jpg 2048w\" sizes=\"auto, (max-width: 300px) 100vw, 300px\" \/> <\/a><a href=\"http:\/\/blog.meineigenerweg.de\/wp-content\/uploads\/2021\/07\/7b8249e6-8166-42e6-9295-c2e84d750297.png\"><img loading=\"lazy\" decoding=\"async\" class=\"alignnone size-medium wp-image-7609\" src=\"http:\/\/blog.meineigenerweg.de\/wp-content\/uploads\/2021\/07\/7b8249e6-8166-42e6-9295-c2e84d750297-300x200.png\" alt=\"\" width=\"300\" height=\"200\" srcset=\"http:\/\/blog.meineigenerweg.de\/wp-content\/uploads\/2021\/07\/7b8249e6-8166-42e6-9295-c2e84d750297-300x200.png 300w, http:\/\/blog.meineigenerweg.de\/wp-content\/uploads\/2021\/07\/7b8249e6-8166-42e6-9295-c2e84d750297-768x512.png 768w, http:\/\/blog.meineigenerweg.de\/wp-content\/uploads\/2021\/07\/7b8249e6-8166-42e6-9295-c2e84d750297.png 1000w\" sizes=\"auto, (max-width: 300px) 100vw, 300px\" \/> <\/a><a href=\"http:\/\/blog.meineigenerweg.de\/wp-content\/uploads\/2021\/07\/Z50_2320.jpg\"><img loading=\"lazy\" decoding=\"async\" class=\"alignnone size-medium wp-image-7613\" src=\"http:\/\/blog.meineigenerweg.de\/wp-content\/uploads\/2021\/07\/Z50_2320-300x200.jpg\" alt=\"\" width=\"300\" height=\"200\" srcset=\"http:\/\/blog.meineigenerweg.de\/wp-content\/uploads\/2021\/07\/Z50_2320-300x200.jpg 300w, http:\/\/blog.meineigenerweg.de\/wp-content\/uploads\/2021\/07\/Z50_2320-768x512.jpg 768w, http:\/\/blog.meineigenerweg.de\/wp-content\/uploads\/2021\/07\/Z50_2320.jpg 1000w\" sizes=\"auto, (max-width: 300px) 100vw, 300px\" \/> <\/a><a href=\"http:\/\/blog.meineigenerweg.de\/wp-content\/uploads\/2021\/07\/Z50_2325.jpg\"><img loading=\"lazy\" decoding=\"async\" class=\"alignnone size-medium wp-image-7614\" src=\"http:\/\/blog.meineigenerweg.de\/wp-content\/uploads\/2021\/07\/Z50_2325-300x200.jpg\" alt=\"\" width=\"300\" height=\"200\" srcset=\"http:\/\/blog.meineigenerweg.de\/wp-content\/uploads\/2021\/07\/Z50_2325-300x200.jpg 300w, http:\/\/blog.meineigenerweg.de\/wp-content\/uploads\/2021\/07\/Z50_2325-768x512.jpg 768w, http:\/\/blog.meineigenerweg.de\/wp-content\/uploads\/2021\/07\/Z50_2325.jpg 1000w\" sizes=\"auto, (max-width: 300px) 100vw, 300px\" \/><\/a><a href=\"http:\/\/blog.meineigenerweg.de\/wp-content\/uploads\/2021\/07\/IMG_1036.jpg\">\u00a0<\/a><\/p>\n<p>Aber es war auch sehr hei\u00df und als wir dann kurz vor Bardolino ein h\u00fcbsches Restaurant fanden, kehrten wir auch sofort ein und g\u00f6nnten uns frischen Fisch aus dem Gardasee. Sehr lecker.<\/p>\n<p><a href=\"http:\/\/blog.meineigenerweg.de\/wp-content\/uploads\/2021\/07\/IMG_1035.jpg\"><img loading=\"lazy\" decoding=\"async\" class=\"alignnone size-medium wp-image-7611\" src=\"http:\/\/blog.meineigenerweg.de\/wp-content\/uploads\/2021\/07\/IMG_1035-300x200.jpg\" alt=\"\" width=\"300\" height=\"200\" srcset=\"http:\/\/blog.meineigenerweg.de\/wp-content\/uploads\/2021\/07\/IMG_1035-300x200.jpg 300w, http:\/\/blog.meineigenerweg.de\/wp-content\/uploads\/2021\/07\/IMG_1035-768x512.jpg 768w, http:\/\/blog.meineigenerweg.de\/wp-content\/uploads\/2021\/07\/IMG_1035.jpg 1000w\" sizes=\"auto, (max-width: 300px) 100vw, 300px\" \/><\/a><\/p>\n<p>Als wir dann gegen 17:00 an der F\u00e4hre ankamen, wartete jedoch zwei \u00dcberraschungen auf uns. Zum einen hatte es angefangen zu regnen, das war nicht so schlimm, es war ja warm, aber um diese Zeit fuhr keine F\u00e4hre mehr! Auf dem Fahrplan war zwei kleine Anmerkungen. Zum einen nur in der Hauptsaison und die hatten wir nicht, zum anderen nur am Wochenende und das hatten wir auch nicht. Dumm gelaufen! Und nun? Mein erster Gedanke war, \u00fcberhaupt kein Problem, ich habe meine Kreditkarte in der Tasche, wir suchen uns ein Hotel und nehmen die F\u00e4hre morgen.<\/p>\n<p>Meine Frau hatte die alternative Idee, wir nehmen den Bus nach Riva und radeln von dort nach Limone. Schade, aber die Busse d\u00fcrfen keine R\u00e4der mitnehmen. Aber wir hatten Gl\u00fcck, eine nette Busfahrerin hatte Mitleid und nahm uns samt R\u00e4dern mit nach Riva.<\/p>\n<p><a href=\"http:\/\/blog.meineigenerweg.de\/wp-content\/uploads\/2021\/07\/IMG_1036.jpg\"><img loading=\"lazy\" decoding=\"async\" class=\"alignnone size-medium wp-image-7612\" src=\"http:\/\/blog.meineigenerweg.de\/wp-content\/uploads\/2021\/07\/IMG_1036-300x200.jpg\" alt=\"\" width=\"300\" height=\"200\" srcset=\"http:\/\/blog.meineigenerweg.de\/wp-content\/uploads\/2021\/07\/IMG_1036-300x200.jpg 300w, http:\/\/blog.meineigenerweg.de\/wp-content\/uploads\/2021\/07\/IMG_1036-768x512.jpg 768w, http:\/\/blog.meineigenerweg.de\/wp-content\/uploads\/2021\/07\/IMG_1036.jpg 1000w\" sizes=\"auto, (max-width: 300px) 100vw, 300px\" \/><\/a><\/p>\n<p>Der Regen war zwischenzeitlich zu einem heftigen Sturm geworden und so sehr wie ich mich \u00fcber den Bus freute, so sehr graute es mir vor den 10 km von Riva nach Limone. Aber das Gl\u00fcck war uns hold, als wir nach eineinhalb Stunden endlich in Riva ankamen, hatte sich die Regenwolken verzogen und die Sonne schickte ein paar letzte Strahlen \u00fcber die Bergkuppen. Wir traten kr\u00e4ftig in die Pedale und waren froh, nach 40 Minuten wieder an unserem Wohnmobil zu sein.<\/p>\n","protected":false},"excerpt":{"rendered":"<p>Juni 2021 Immer noch Corona, immer noch Maske und Vorsichtsma\u00dfnahmen, und das ist auch gut so. Aber die Inzidenz-Werte sind inzwischen so niedrig, das wir es wagen, wieder in Urlaub zu fahren. Nicht so weit und auch nicht so lange, aber 10 Tage am Gardasee erlauben wir uns, zumal wir<\/p>\n","protected":false},"author":1,"featured_media":7625,"parent":4220,"menu_order":0,"comment_status":"closed","ping_status":"closed","template":"","meta":{"footnotes":""},"class_list":["post-7549","page","type-page","status-publish","has-post-thumbnail","hentry"],"_links":{"self":[{"href":"http:\/\/blog.meineigenerweg.de\/index.php?rest_route=\/wp\/v2\/pages\/7549","targetHints":{"allow":["GET"]}}],"collection":[{"href":"http:\/\/blog.meineigenerweg.de\/index.php?rest_route=\/wp\/v2\/pages"}],"about":[{"href":"http:\/\/blog.meineigenerweg.de\/index.php?rest_route=\/wp\/v2\/types\/page"}],"author":[{"embeddable":true,"href":"http:\/\/blog.meineigenerweg.de\/index.php?rest_route=\/wp\/v2\/users\/1"}],"replies":[{"embeddable":true,"href":"http:\/\/blog.meineigenerweg.de\/index.php?rest_route=%2Fwp%2Fv2%2Fcomments&post=7549"}],"version-history":[{"count":32,"href":"http:\/\/blog.meineigenerweg.de\/index.php?rest_route=\/wp\/v2\/pages\/7549\/revisions"}],"predecessor-version":[{"id":7622,"href":"http:\/\/blog.meineigenerweg.de\/index.php?rest_route=\/wp\/v2\/pages\/7549\/revisions\/7622"}],"up":[{"embeddable":true,"href":"http:\/\/blog.meineigenerweg.de\/index.php?rest_route=\/wp\/v2\/pages\/4220"}],"wp:featuredmedia":[{"embeddable":true,"href":"http:\/\/blog.meineigenerweg.de\/index.php?rest_route=\/wp\/v2\/media\/7625"}],"wp:attachment":[{"href":"http:\/\/blog.meineigenerweg.de\/index.php?rest_route=%2Fwp%2Fv2%2Fmedia&parent=7549"}],"curies":[{"name":"wp","href":"https:\/\/api.w.org\/{rel}","templated":true}]}}