{"id":7509,"date":"2021-06-01T21:38:40","date_gmt":"2021-06-01T20:38:40","guid":{"rendered":"http:\/\/blog.meineigenerweg.de\/?page_id=7509"},"modified":"2021-06-17T20:26:57","modified_gmt":"2021-06-17T19:26:57","slug":"schillig","status":"publish","type":"page","link":"http:\/\/blog.meineigenerweg.de\/?page_id=7509","title":{"rendered":"Schillig *"},"content":{"rendered":"<p>Mai 2021<\/p>\n<p>Urlaub in Corona-Zeiten &#8211; wegen der hohen Ansteckungsgefahr waren alle Pl\u00e4ne f\u00fcr dieses Jahr gestrichen. Aber nun gehen die Ansteckungswerte zur\u00fcck und deshalb wollen wir wenigstens an die deutsche Nordsee fahren. Meer und Sonne, am Strand liegen und Radfahren, Fischbr\u00f6tchen und Krabben, all das stand auf unserer \u201eto do Liste\u201c. Die Idee hatten nat\u00fcrlich Viele, nachdem das Beherbergungsverbot ausgehoben und die Au\u00dfengastronomie wieder ge\u00f6ffnet hat. Aber in Schillig in Ostfriesland hatten wir Gl\u00fcck und bekamen noch einen Stellplatz f\u00fcr unser Wohnmobil.<\/p>\n<p><a href=\"http:\/\/blog.meineigenerweg.de\/wp-content\/uploads\/2021\/06\/IMG_0369.jpg\"><img loading=\"lazy\" decoding=\"async\" class=\"alignnone size-medium wp-image-7533\" src=\"http:\/\/blog.meineigenerweg.de\/wp-content\/uploads\/2021\/06\/IMG_0369-300x200.jpg\" alt=\"\" width=\"300\" height=\"200\" srcset=\"http:\/\/blog.meineigenerweg.de\/wp-content\/uploads\/2021\/06\/IMG_0369-300x200.jpg 300w, http:\/\/blog.meineigenerweg.de\/wp-content\/uploads\/2021\/06\/IMG_0369-768x512.jpg 768w, http:\/\/blog.meineigenerweg.de\/wp-content\/uploads\/2021\/06\/IMG_0369.jpg 1000w\" sizes=\"auto, (max-width: 300px) 100vw, 300px\" \/><\/a><\/p>\n<p>Steinm\u00e4nnchen &#8211; Wegmarkierung, damit man sich am Strand nicht verl\u00e4uft, oder um b\u00f6se Geister abzuhalten?<\/p>\n<p><a href=\"http:\/\/blog.meineigenerweg.de\/wp-content\/uploads\/2021\/06\/9a0ec1ed-d800-4a2d-8c6c-9e2182042964.jpg\"><img loading=\"lazy\" decoding=\"async\" class=\"alignnone size-medium wp-image-7526\" src=\"http:\/\/blog.meineigenerweg.de\/wp-content\/uploads\/2021\/06\/9a0ec1ed-d800-4a2d-8c6c-9e2182042964-300x200.jpg\" alt=\"\" width=\"300\" height=\"200\" srcset=\"http:\/\/blog.meineigenerweg.de\/wp-content\/uploads\/2021\/06\/9a0ec1ed-d800-4a2d-8c6c-9e2182042964-300x200.jpg 300w, http:\/\/blog.meineigenerweg.de\/wp-content\/uploads\/2021\/06\/9a0ec1ed-d800-4a2d-8c6c-9e2182042964-768x512.jpg 768w, http:\/\/blog.meineigenerweg.de\/wp-content\/uploads\/2021\/06\/9a0ec1ed-d800-4a2d-8c6c-9e2182042964.jpg 1000w\" sizes=\"auto, (max-width: 300px) 100vw, 300px\" \/><\/a><\/p>\n<p>Fr\u00fch morgens, vor dem Fr\u00fchst\u00fcck, war das Meer noch da. Aber nach dem Fr\u00fchst\u00fcck &#8211; weg war es! Daf\u00fcr Watt und Schlamm und Schlick. Brandung, Wellen, Spaziergang durch das Wasser gab es leider nicht!<\/p>\n<p><a href=\"http:\/\/blog.meineigenerweg.de\/wp-content\/uploads\/2021\/06\/IMG_0412.jpg\"><img loading=\"lazy\" decoding=\"async\" class=\"alignnone size-medium wp-image-7537\" src=\"http:\/\/blog.meineigenerweg.de\/wp-content\/uploads\/2021\/06\/IMG_0412-300x200.jpg\" alt=\"\" width=\"300\" height=\"200\" srcset=\"http:\/\/blog.meineigenerweg.de\/wp-content\/uploads\/2021\/06\/IMG_0412-300x200.jpg 300w, http:\/\/blog.meineigenerweg.de\/wp-content\/uploads\/2021\/06\/IMG_0412-768x512.jpg 768w, http:\/\/blog.meineigenerweg.de\/wp-content\/uploads\/2021\/06\/IMG_0412.jpg 1000w\" sizes=\"auto, (max-width: 300px) 100vw, 300px\" \/><\/a><\/p>\n<p>Hinter dem Deich, der sich die ganze K\u00fcste entlang zieht, sind saftige Wiesen und nat\u00fcrlich auch die dazugeh\u00f6rigen Deichschafe. Hier kann man wirklich sch\u00f6ne Radtouren in die benachbarten \u00d6rtchen machen.<\/p>\n<p><a href=\"http:\/\/blog.meineigenerweg.de\/wp-content\/uploads\/2021\/06\/IMG_0388.jpg\"><img loading=\"lazy\" decoding=\"async\" class=\"alignnone size-medium wp-image-7534\" src=\"http:\/\/blog.meineigenerweg.de\/wp-content\/uploads\/2021\/06\/IMG_0388-300x200.jpg\" alt=\"\" width=\"300\" height=\"200\" srcset=\"http:\/\/blog.meineigenerweg.de\/wp-content\/uploads\/2021\/06\/IMG_0388-300x200.jpg 300w, http:\/\/blog.meineigenerweg.de\/wp-content\/uploads\/2021\/06\/IMG_0388-768x512.jpg 768w, http:\/\/blog.meineigenerweg.de\/wp-content\/uploads\/2021\/06\/IMG_0388.jpg 1000w\" sizes=\"auto, (max-width: 300px) 100vw, 300px\" \/><\/a> <a href=\"http:\/\/blog.meineigenerweg.de\/wp-content\/uploads\/2021\/06\/IMG_0400.jpg\"><img loading=\"lazy\" decoding=\"async\" class=\"alignnone size-medium wp-image-7536\" src=\"http:\/\/blog.meineigenerweg.de\/wp-content\/uploads\/2021\/06\/IMG_0400-300x200.jpg\" alt=\"\" width=\"300\" height=\"200\" srcset=\"http:\/\/blog.meineigenerweg.de\/wp-content\/uploads\/2021\/06\/IMG_0400-300x200.jpg 300w, http:\/\/blog.meineigenerweg.de\/wp-content\/uploads\/2021\/06\/IMG_0400-768x512.jpg 768w, http:\/\/blog.meineigenerweg.de\/wp-content\/uploads\/2021\/06\/IMG_0400.jpg 1000w\" sizes=\"auto, (max-width: 300px) 100vw, 300px\" \/><\/a> <a href=\"http:\/\/blog.meineigenerweg.de\/wp-content\/uploads\/2021\/06\/IMG_0417-scaled.jpg\"><img loading=\"lazy\" decoding=\"async\" class=\"alignnone size-medium wp-image-7538\" src=\"http:\/\/blog.meineigenerweg.de\/wp-content\/uploads\/2021\/06\/IMG_0417-300x200.jpg\" alt=\"\" width=\"300\" height=\"200\" srcset=\"http:\/\/blog.meineigenerweg.de\/wp-content\/uploads\/2021\/06\/IMG_0417-300x200.jpg 300w, http:\/\/blog.meineigenerweg.de\/wp-content\/uploads\/2021\/06\/IMG_0417-1024x683.jpg 1024w, http:\/\/blog.meineigenerweg.de\/wp-content\/uploads\/2021\/06\/IMG_0417-768x512.jpg 768w, http:\/\/blog.meineigenerweg.de\/wp-content\/uploads\/2021\/06\/IMG_0417-1536x1024.jpg 1536w, http:\/\/blog.meineigenerweg.de\/wp-content\/uploads\/2021\/06\/IMG_0417-2048x1365.jpg 2048w\" sizes=\"auto, (max-width: 300px) 100vw, 300px\" \/><\/a> <a href=\"http:\/\/blog.meineigenerweg.de\/wp-content\/uploads\/2021\/06\/102eb554-d6ee-400c-aa06-3f9fd6e47cac.jpg\"><img loading=\"lazy\" decoding=\"async\" class=\"alignnone size-medium wp-image-7529\" src=\"http:\/\/blog.meineigenerweg.de\/wp-content\/uploads\/2021\/06\/102eb554-d6ee-400c-aa06-3f9fd6e47cac-300x200.jpg\" alt=\"\" width=\"300\" height=\"200\" srcset=\"http:\/\/blog.meineigenerweg.de\/wp-content\/uploads\/2021\/06\/102eb554-d6ee-400c-aa06-3f9fd6e47cac-300x200.jpg 300w, http:\/\/blog.meineigenerweg.de\/wp-content\/uploads\/2021\/06\/102eb554-d6ee-400c-aa06-3f9fd6e47cac-768x511.jpg 768w, http:\/\/blog.meineigenerweg.de\/wp-content\/uploads\/2021\/06\/102eb554-d6ee-400c-aa06-3f9fd6e47cac.jpg 1000w\" sizes=\"auto, (max-width: 300px) 100vw, 300px\" \/><\/a><\/p>\n<p>Abends verabschiedete sich der Tag mit atemberaubend sch\u00f6nen Sonnenunterg\u00e4ngen.<\/p>\n<p><a href=\"http:\/\/blog.meineigenerweg.de\/wp-content\/uploads\/2021\/06\/8930cfdf-c2a9-4e9e-b08a-53f562083fe0.jpg\"><img loading=\"lazy\" decoding=\"async\" class=\"alignnone size-medium wp-image-7531\" src=\"http:\/\/blog.meineigenerweg.de\/wp-content\/uploads\/2021\/06\/8930cfdf-c2a9-4e9e-b08a-53f562083fe0-300x200.jpg\" alt=\"\" width=\"300\" height=\"200\" srcset=\"http:\/\/blog.meineigenerweg.de\/wp-content\/uploads\/2021\/06\/8930cfdf-c2a9-4e9e-b08a-53f562083fe0-300x200.jpg 300w, http:\/\/blog.meineigenerweg.de\/wp-content\/uploads\/2021\/06\/8930cfdf-c2a9-4e9e-b08a-53f562083fe0-768x512.jpg 768w, http:\/\/blog.meineigenerweg.de\/wp-content\/uploads\/2021\/06\/8930cfdf-c2a9-4e9e-b08a-53f562083fe0.jpg 1000w\" sizes=\"auto, (max-width: 300px) 100vw, 300px\" \/><\/a><\/p>\n<p>&nbsp;<\/p>\n<p>Meine Wertung: <span style=\"color: #ff0000;\">*<\/span>**** mit fehlte das rauhe Klima der holl\u00e4ndischen Nordsee und auf\u00b4s Watt zu schauen hat mich fast depressiv gemacht.<\/p>\n","protected":false},"excerpt":{"rendered":"<p>Mai 2021 Urlaub in Corona-Zeiten &#8211; wegen der hohen Ansteckungsgefahr waren alle Pl\u00e4ne f\u00fcr dieses Jahr gestrichen. Aber nun gehen die Ansteckungswerte zur\u00fcck und deshalb wollen wir wenigstens an die deutsche Nordsee fahren. Meer und Sonne, am Strand liegen und Radfahren, Fischbr\u00f6tchen und Krabben, all das stand auf unserer \u201eto<\/p>\n","protected":false},"author":1,"featured_media":7520,"parent":7521,"menu_order":0,"comment_status":"closed","ping_status":"closed","template":"","meta":{"footnotes":""},"class_list":["post-7509","page","type-page","status-publish","has-post-thumbnail","hentry"],"_links":{"self":[{"href":"http:\/\/blog.meineigenerweg.de\/index.php?rest_route=\/wp\/v2\/pages\/7509","targetHints":{"allow":["GET"]}}],"collection":[{"href":"http:\/\/blog.meineigenerweg.de\/index.php?rest_route=\/wp\/v2\/pages"}],"about":[{"href":"http:\/\/blog.meineigenerweg.de\/index.php?rest_route=\/wp\/v2\/types\/page"}],"author":[{"embeddable":true,"href":"http:\/\/blog.meineigenerweg.de\/index.php?rest_route=\/wp\/v2\/users\/1"}],"replies":[{"embeddable":true,"href":"http:\/\/blog.meineigenerweg.de\/index.php?rest_route=%2Fwp%2Fv2%2Fcomments&post=7509"}],"version-history":[{"count":13,"href":"http:\/\/blog.meineigenerweg.de\/index.php?rest_route=\/wp\/v2\/pages\/7509\/revisions"}],"predecessor-version":[{"id":7546,"href":"http:\/\/blog.meineigenerweg.de\/index.php?rest_route=\/wp\/v2\/pages\/7509\/revisions\/7546"}],"up":[{"embeddable":true,"href":"http:\/\/blog.meineigenerweg.de\/index.php?rest_route=\/wp\/v2\/pages\/7521"}],"wp:featuredmedia":[{"embeddable":true,"href":"http:\/\/blog.meineigenerweg.de\/index.php?rest_route=\/wp\/v2\/media\/7520"}],"wp:attachment":[{"href":"http:\/\/blog.meineigenerweg.de\/index.php?rest_route=%2Fwp%2Fv2%2Fmedia&parent=7509"}],"curies":[{"name":"wp","href":"https:\/\/api.w.org\/{rel}","templated":true}]}}