{"id":7222,"date":"2020-10-28T22:33:10","date_gmt":"2020-10-28T21:33:10","guid":{"rendered":"http:\/\/blog.meineigenerweg.de\/?page_id=7222"},"modified":"2020-10-28T22:33:10","modified_gmt":"2020-10-28T21:33:10","slug":"schloss-arcen","status":"publish","type":"page","link":"http:\/\/blog.meineigenerweg.de\/?page_id=7222","title":{"rendered":"Schloss Arcen ***"},"content":{"rendered":"<p>September 2020<\/p>\n<p>Kurz hinter der niederl\u00e4ndischen Grenze, in der N\u00e4he von Venlo, liegt der kleine Ort Arcen. Das Schloss selbst ist nicht so spektakul\u00e4r, aber es gibt einen gro\u00dfen sehr sch\u00f6nen Schlossgarten, der in mehrere Themeng\u00e4rten aufgeteilt ist.<\/p>\n<p>Hier einfach ein paar Impressionen.<\/p>\n<p>Das Schloss<br \/>\n<a href=\"http:\/\/blog.meineigenerweg.de\/wp-content\/uploads\/2020\/10\/Schloss_Arcen_20_09_005.jpg\"><img loading=\"lazy\" decoding=\"async\" class=\"alignnone size-medium wp-image-7235\" src=\"http:\/\/blog.meineigenerweg.de\/wp-content\/uploads\/2020\/10\/Schloss_Arcen_20_09_005-300x200.jpg\" alt=\"\" width=\"300\" height=\"200\" srcset=\"http:\/\/blog.meineigenerweg.de\/wp-content\/uploads\/2020\/10\/Schloss_Arcen_20_09_005-300x200.jpg 300w, http:\/\/blog.meineigenerweg.de\/wp-content\/uploads\/2020\/10\/Schloss_Arcen_20_09_005-768x512.jpg 768w, http:\/\/blog.meineigenerweg.de\/wp-content\/uploads\/2020\/10\/Schloss_Arcen_20_09_005.jpg 1000w\" sizes=\"auto, (max-width: 300px) 100vw, 300px\" \/><\/a> <a href=\"http:\/\/blog.meineigenerweg.de\/wp-content\/uploads\/2020\/10\/Schloss_Arcen_20_09_008.jpg\"><img loading=\"lazy\" decoding=\"async\" class=\"alignnone size-medium wp-image-7236\" src=\"http:\/\/blog.meineigenerweg.de\/wp-content\/uploads\/2020\/10\/Schloss_Arcen_20_09_008-300x200.jpg\" alt=\"\" width=\"300\" height=\"200\" srcset=\"http:\/\/blog.meineigenerweg.de\/wp-content\/uploads\/2020\/10\/Schloss_Arcen_20_09_008-300x200.jpg 300w, http:\/\/blog.meineigenerweg.de\/wp-content\/uploads\/2020\/10\/Schloss_Arcen_20_09_008-768x512.jpg 768w, http:\/\/blog.meineigenerweg.de\/wp-content\/uploads\/2020\/10\/Schloss_Arcen_20_09_008.jpg 1000w\" sizes=\"auto, (max-width: 300px) 100vw, 300px\" \/><\/a> <a href=\"http:\/\/blog.meineigenerweg.de\/wp-content\/uploads\/2020\/10\/Schloss_Arcen_20_09_009.jpg\"><img loading=\"lazy\" decoding=\"async\" class=\"alignnone size-medium wp-image-7237\" src=\"http:\/\/blog.meineigenerweg.de\/wp-content\/uploads\/2020\/10\/Schloss_Arcen_20_09_009-300x200.jpg\" alt=\"\" width=\"300\" height=\"200\" srcset=\"http:\/\/blog.meineigenerweg.de\/wp-content\/uploads\/2020\/10\/Schloss_Arcen_20_09_009-300x200.jpg 300w, http:\/\/blog.meineigenerweg.de\/wp-content\/uploads\/2020\/10\/Schloss_Arcen_20_09_009-768x512.jpg 768w, http:\/\/blog.meineigenerweg.de\/wp-content\/uploads\/2020\/10\/Schloss_Arcen_20_09_009.jpg 1000w\" sizes=\"auto, (max-width: 300px) 100vw, 300px\" \/><\/a> <a href=\"http:\/\/blog.meineigenerweg.de\/wp-content\/uploads\/2020\/10\/Schloss_Arcen_20_09_012.jpg\"><img loading=\"lazy\" decoding=\"async\" class=\"alignnone size-medium wp-image-7238\" src=\"http:\/\/blog.meineigenerweg.de\/wp-content\/uploads\/2020\/10\/Schloss_Arcen_20_09_012-300x200.jpg\" alt=\"\" width=\"300\" height=\"200\" srcset=\"http:\/\/blog.meineigenerweg.de\/wp-content\/uploads\/2020\/10\/Schloss_Arcen_20_09_012-300x200.jpg 300w, http:\/\/blog.meineigenerweg.de\/wp-content\/uploads\/2020\/10\/Schloss_Arcen_20_09_012-768x512.jpg 768w, http:\/\/blog.meineigenerweg.de\/wp-content\/uploads\/2020\/10\/Schloss_Arcen_20_09_012.jpg 1000w\" sizes=\"auto, (max-width: 300px) 100vw, 300px\" \/><\/a> <a href=\"http:\/\/blog.meineigenerweg.de\/wp-content\/uploads\/2020\/10\/Schloss_Arcen_20_09_013.jpg\"><img loading=\"lazy\" decoding=\"async\" class=\"alignnone size-medium wp-image-7239\" src=\"http:\/\/blog.meineigenerweg.de\/wp-content\/uploads\/2020\/10\/Schloss_Arcen_20_09_013-300x200.jpg\" alt=\"\" width=\"300\" height=\"200\" srcset=\"http:\/\/blog.meineigenerweg.de\/wp-content\/uploads\/2020\/10\/Schloss_Arcen_20_09_013-300x200.jpg 300w, http:\/\/blog.meineigenerweg.de\/wp-content\/uploads\/2020\/10\/Schloss_Arcen_20_09_013-768x512.jpg 768w, http:\/\/blog.meineigenerweg.de\/wp-content\/uploads\/2020\/10\/Schloss_Arcen_20_09_013.jpg 1000w\" sizes=\"auto, (max-width: 300px) 100vw, 300px\" \/><\/a><\/p>\n<p>Der Rosengarten<br \/>\n<a href=\"http:\/\/blog.meineigenerweg.de\/wp-content\/uploads\/2020\/10\/Schloss_Arcen_20_09_014.jpg\"><img loading=\"lazy\" decoding=\"async\" class=\"alignnone size-medium wp-image-7240\" src=\"http:\/\/blog.meineigenerweg.de\/wp-content\/uploads\/2020\/10\/Schloss_Arcen_20_09_014-300x200.jpg\" alt=\"\" width=\"300\" height=\"200\" srcset=\"http:\/\/blog.meineigenerweg.de\/wp-content\/uploads\/2020\/10\/Schloss_Arcen_20_09_014-300x200.jpg 300w, http:\/\/blog.meineigenerweg.de\/wp-content\/uploads\/2020\/10\/Schloss_Arcen_20_09_014-768x512.jpg 768w, http:\/\/blog.meineigenerweg.de\/wp-content\/uploads\/2020\/10\/Schloss_Arcen_20_09_014.jpg 1000w\" sizes=\"auto, (max-width: 300px) 100vw, 300px\" \/><\/a> <a href=\"http:\/\/blog.meineigenerweg.de\/wp-content\/uploads\/2020\/10\/Schloss_Arcen_20_09_017.jpg\"><img loading=\"lazy\" decoding=\"async\" class=\"alignnone size-medium wp-image-7241\" src=\"http:\/\/blog.meineigenerweg.de\/wp-content\/uploads\/2020\/10\/Schloss_Arcen_20_09_017-300x200.jpg\" alt=\"\" width=\"300\" height=\"200\" srcset=\"http:\/\/blog.meineigenerweg.de\/wp-content\/uploads\/2020\/10\/Schloss_Arcen_20_09_017-300x200.jpg 300w, http:\/\/blog.meineigenerweg.de\/wp-content\/uploads\/2020\/10\/Schloss_Arcen_20_09_017-768x512.jpg 768w, http:\/\/blog.meineigenerweg.de\/wp-content\/uploads\/2020\/10\/Schloss_Arcen_20_09_017.jpg 1000w\" sizes=\"auto, (max-width: 300px) 100vw, 300px\" \/><\/a> <a href=\"http:\/\/blog.meineigenerweg.de\/wp-content\/uploads\/2020\/10\/Schloss_Arcen_20_09_023.jpg\"><img loading=\"lazy\" decoding=\"async\" class=\"alignnone size-medium wp-image-7242\" src=\"http:\/\/blog.meineigenerweg.de\/wp-content\/uploads\/2020\/10\/Schloss_Arcen_20_09_023-300x200.jpg\" alt=\"\" width=\"300\" height=\"200\" srcset=\"http:\/\/blog.meineigenerweg.de\/wp-content\/uploads\/2020\/10\/Schloss_Arcen_20_09_023-300x200.jpg 300w, http:\/\/blog.meineigenerweg.de\/wp-content\/uploads\/2020\/10\/Schloss_Arcen_20_09_023-768x512.jpg 768w, http:\/\/blog.meineigenerweg.de\/wp-content\/uploads\/2020\/10\/Schloss_Arcen_20_09_023.jpg 1000w\" sizes=\"auto, (max-width: 300px) 100vw, 300px\" \/><\/a> <a href=\"http:\/\/blog.meineigenerweg.de\/wp-content\/uploads\/2020\/10\/Schloss_Arcen_20_09_028.jpg\"><img loading=\"lazy\" decoding=\"async\" class=\"alignnone size-medium wp-image-7243\" src=\"http:\/\/blog.meineigenerweg.de\/wp-content\/uploads\/2020\/10\/Schloss_Arcen_20_09_028-300x200.jpg\" alt=\"\" width=\"300\" height=\"200\" srcset=\"http:\/\/blog.meineigenerweg.de\/wp-content\/uploads\/2020\/10\/Schloss_Arcen_20_09_028-300x200.jpg 300w, http:\/\/blog.meineigenerweg.de\/wp-content\/uploads\/2020\/10\/Schloss_Arcen_20_09_028-768x512.jpg 768w, http:\/\/blog.meineigenerweg.de\/wp-content\/uploads\/2020\/10\/Schloss_Arcen_20_09_028.jpg 1000w\" sizes=\"auto, (max-width: 300px) 100vw, 300px\" \/><\/a><\/p>\n<p>Der Skulpturengarten<br \/>\n<a href=\"http:\/\/blog.meineigenerweg.de\/wp-content\/uploads\/2020\/10\/Schloss_Arcen_20_09_033.jpg\"><img loading=\"lazy\" decoding=\"async\" class=\"alignnone size-medium wp-image-7244\" src=\"http:\/\/blog.meineigenerweg.de\/wp-content\/uploads\/2020\/10\/Schloss_Arcen_20_09_033-300x200.jpg\" alt=\"\" width=\"300\" height=\"200\" srcset=\"http:\/\/blog.meineigenerweg.de\/wp-content\/uploads\/2020\/10\/Schloss_Arcen_20_09_033-300x200.jpg 300w, http:\/\/blog.meineigenerweg.de\/wp-content\/uploads\/2020\/10\/Schloss_Arcen_20_09_033-768x512.jpg 768w, http:\/\/blog.meineigenerweg.de\/wp-content\/uploads\/2020\/10\/Schloss_Arcen_20_09_033.jpg 1000w\" sizes=\"auto, (max-width: 300px) 100vw, 300px\" \/><\/a> <a href=\"http:\/\/blog.meineigenerweg.de\/wp-content\/uploads\/2020\/10\/Schloss_Arcen_20_09_035.jpg\"><img loading=\"lazy\" decoding=\"async\" class=\"alignnone size-medium wp-image-7245\" src=\"http:\/\/blog.meineigenerweg.de\/wp-content\/uploads\/2020\/10\/Schloss_Arcen_20_09_035-300x200.jpg\" alt=\"\" width=\"300\" height=\"200\" srcset=\"http:\/\/blog.meineigenerweg.de\/wp-content\/uploads\/2020\/10\/Schloss_Arcen_20_09_035-300x200.jpg 300w, http:\/\/blog.meineigenerweg.de\/wp-content\/uploads\/2020\/10\/Schloss_Arcen_20_09_035-768x512.jpg 768w, http:\/\/blog.meineigenerweg.de\/wp-content\/uploads\/2020\/10\/Schloss_Arcen_20_09_035.jpg 1000w\" sizes=\"auto, (max-width: 300px) 100vw, 300px\" \/><\/a> <a href=\"http:\/\/blog.meineigenerweg.de\/wp-content\/uploads\/2020\/10\/Schloss_Arcen_20_09_036.jpg\"><img loading=\"lazy\" decoding=\"async\" class=\"alignnone size-medium wp-image-7246\" src=\"http:\/\/blog.meineigenerweg.de\/wp-content\/uploads\/2020\/10\/Schloss_Arcen_20_09_036-300x200.jpg\" alt=\"\" width=\"300\" height=\"200\" srcset=\"http:\/\/blog.meineigenerweg.de\/wp-content\/uploads\/2020\/10\/Schloss_Arcen_20_09_036-300x200.jpg 300w, http:\/\/blog.meineigenerweg.de\/wp-content\/uploads\/2020\/10\/Schloss_Arcen_20_09_036-768x512.jpg 768w, http:\/\/blog.meineigenerweg.de\/wp-content\/uploads\/2020\/10\/Schloss_Arcen_20_09_036.jpg 1000w\" sizes=\"auto, (max-width: 300px) 100vw, 300px\" \/><\/a> <a href=\"http:\/\/blog.meineigenerweg.de\/wp-content\/uploads\/2020\/10\/Schloss_Arcen_20_09_044.jpg\"><img loading=\"lazy\" decoding=\"async\" class=\"alignnone size-medium wp-image-7247\" src=\"http:\/\/blog.meineigenerweg.de\/wp-content\/uploads\/2020\/10\/Schloss_Arcen_20_09_044-300x200.jpg\" alt=\"\" width=\"300\" height=\"200\" srcset=\"http:\/\/blog.meineigenerweg.de\/wp-content\/uploads\/2020\/10\/Schloss_Arcen_20_09_044-300x200.jpg 300w, http:\/\/blog.meineigenerweg.de\/wp-content\/uploads\/2020\/10\/Schloss_Arcen_20_09_044-768x512.jpg 768w, http:\/\/blog.meineigenerweg.de\/wp-content\/uploads\/2020\/10\/Schloss_Arcen_20_09_044.jpg 1000w\" sizes=\"auto, (max-width: 300px) 100vw, 300px\" \/><\/a><\/p>\n<p>Sehr gro\u00dfe Herbstzeitlose<br \/>\n<a href=\"http:\/\/blog.meineigenerweg.de\/wp-content\/uploads\/2020\/10\/Schloss_Arcen_20_09_045.jpg\"><img loading=\"lazy\" decoding=\"async\" class=\"alignnone size-medium wp-image-7248\" src=\"http:\/\/blog.meineigenerweg.de\/wp-content\/uploads\/2020\/10\/Schloss_Arcen_20_09_045-300x200.jpg\" alt=\"\" width=\"300\" height=\"200\" srcset=\"http:\/\/blog.meineigenerweg.de\/wp-content\/uploads\/2020\/10\/Schloss_Arcen_20_09_045-300x200.jpg 300w, http:\/\/blog.meineigenerweg.de\/wp-content\/uploads\/2020\/10\/Schloss_Arcen_20_09_045-768x512.jpg 768w, http:\/\/blog.meineigenerweg.de\/wp-content\/uploads\/2020\/10\/Schloss_Arcen_20_09_045.jpg 1000w\" sizes=\"auto, (max-width: 300px) 100vw, 300px\" \/><\/a><\/p>\n<p>Fast so spannend wie ein Fernsehkrimi, Fische im Teich<br \/>\n<a href=\"http:\/\/blog.meineigenerweg.de\/wp-content\/uploads\/2020\/10\/Schloss_Arcen_20_09_047.jpg\"><img loading=\"lazy\" decoding=\"async\" class=\"alignnone size-medium wp-image-7249\" src=\"http:\/\/blog.meineigenerweg.de\/wp-content\/uploads\/2020\/10\/Schloss_Arcen_20_09_047-300x200.jpg\" alt=\"\" width=\"300\" height=\"200\" srcset=\"http:\/\/blog.meineigenerweg.de\/wp-content\/uploads\/2020\/10\/Schloss_Arcen_20_09_047-300x200.jpg 300w, http:\/\/blog.meineigenerweg.de\/wp-content\/uploads\/2020\/10\/Schloss_Arcen_20_09_047-768x512.jpg 768w, http:\/\/blog.meineigenerweg.de\/wp-content\/uploads\/2020\/10\/Schloss_Arcen_20_09_047.jpg 1000w\" sizes=\"auto, (max-width: 300px) 100vw, 300px\" \/><\/a><\/p>\n<p>Ein paar Sommerblumen<br \/>\n<a href=\"http:\/\/blog.meineigenerweg.de\/wp-content\/uploads\/2020\/10\/Schloss_Arcen_20_09_055.jpg\"><img loading=\"lazy\" decoding=\"async\" class=\"alignnone size-medium wp-image-7250\" src=\"http:\/\/blog.meineigenerweg.de\/wp-content\/uploads\/2020\/10\/Schloss_Arcen_20_09_055-300x200.jpg\" alt=\"\" width=\"300\" height=\"200\" srcset=\"http:\/\/blog.meineigenerweg.de\/wp-content\/uploads\/2020\/10\/Schloss_Arcen_20_09_055-300x200.jpg 300w, http:\/\/blog.meineigenerweg.de\/wp-content\/uploads\/2020\/10\/Schloss_Arcen_20_09_055-768x512.jpg 768w, http:\/\/blog.meineigenerweg.de\/wp-content\/uploads\/2020\/10\/Schloss_Arcen_20_09_055.jpg 1000w\" sizes=\"auto, (max-width: 300px) 100vw, 300px\" \/><\/a><\/p>\n<p>Verschiedener Bambus im asiatische Teil<br \/>\n<a href=\"http:\/\/blog.meineigenerweg.de\/wp-content\/uploads\/2020\/10\/Schloss_Arcen_20_09_061.jpg\"><img loading=\"lazy\" decoding=\"async\" class=\"alignnone size-medium wp-image-7253\" src=\"http:\/\/blog.meineigenerweg.de\/wp-content\/uploads\/2020\/10\/Schloss_Arcen_20_09_061-300x200.jpg\" alt=\"\" width=\"300\" height=\"200\" srcset=\"http:\/\/blog.meineigenerweg.de\/wp-content\/uploads\/2020\/10\/Schloss_Arcen_20_09_061-300x200.jpg 300w, http:\/\/blog.meineigenerweg.de\/wp-content\/uploads\/2020\/10\/Schloss_Arcen_20_09_061-768x512.jpg 768w, http:\/\/blog.meineigenerweg.de\/wp-content\/uploads\/2020\/10\/Schloss_Arcen_20_09_061.jpg 1000w\" sizes=\"auto, (max-width: 300px) 100vw, 300px\" \/><\/a> <a href=\"http:\/\/blog.meineigenerweg.de\/wp-content\/uploads\/2020\/10\/Schloss_Arcen_20_09_059.jpg\"><img loading=\"lazy\" decoding=\"async\" class=\"alignnone size-medium wp-image-7252\" src=\"http:\/\/blog.meineigenerweg.de\/wp-content\/uploads\/2020\/10\/Schloss_Arcen_20_09_059-300x200.jpg\" alt=\"\" width=\"300\" height=\"200\" srcset=\"http:\/\/blog.meineigenerweg.de\/wp-content\/uploads\/2020\/10\/Schloss_Arcen_20_09_059-300x200.jpg 300w, http:\/\/blog.meineigenerweg.de\/wp-content\/uploads\/2020\/10\/Schloss_Arcen_20_09_059-768x512.jpg 768w, http:\/\/blog.meineigenerweg.de\/wp-content\/uploads\/2020\/10\/Schloss_Arcen_20_09_059.jpg 1000w\" sizes=\"auto, (max-width: 300px) 100vw, 300px\" \/><\/a><\/p>\n<p>Ein H\u00fctte aus Hawaii<br \/>\n<a href=\"http:\/\/blog.meineigenerweg.de\/wp-content\/uploads\/2020\/10\/Schloss_Arcen_20_09_056.jpg\"><img loading=\"lazy\" decoding=\"async\" class=\"alignnone size-medium wp-image-7251\" src=\"http:\/\/blog.meineigenerweg.de\/wp-content\/uploads\/2020\/10\/Schloss_Arcen_20_09_056-300x200.jpg\" alt=\"\" width=\"300\" height=\"200\" srcset=\"http:\/\/blog.meineigenerweg.de\/wp-content\/uploads\/2020\/10\/Schloss_Arcen_20_09_056-300x200.jpg 300w, http:\/\/blog.meineigenerweg.de\/wp-content\/uploads\/2020\/10\/Schloss_Arcen_20_09_056-768x512.jpg 768w, http:\/\/blog.meineigenerweg.de\/wp-content\/uploads\/2020\/10\/Schloss_Arcen_20_09_056.jpg 1000w\" sizes=\"auto, (max-width: 300px) 100vw, 300px\" \/><\/a><\/p>\n<p>&#8230; und ein paar Wasserspiele<br \/>\n<a href=\"http:\/\/blog.meineigenerweg.de\/wp-content\/uploads\/2020\/10\/Schloss_Arcen_20_09_076.jpg\"><img loading=\"lazy\" decoding=\"async\" class=\"alignnone size-medium wp-image-7256\" src=\"http:\/\/blog.meineigenerweg.de\/wp-content\/uploads\/2020\/10\/Schloss_Arcen_20_09_076-300x200.jpg\" alt=\"\" width=\"300\" height=\"200\" srcset=\"http:\/\/blog.meineigenerweg.de\/wp-content\/uploads\/2020\/10\/Schloss_Arcen_20_09_076-300x200.jpg 300w, http:\/\/blog.meineigenerweg.de\/wp-content\/uploads\/2020\/10\/Schloss_Arcen_20_09_076-768x512.jpg 768w, http:\/\/blog.meineigenerweg.de\/wp-content\/uploads\/2020\/10\/Schloss_Arcen_20_09_076.jpg 1000w\" sizes=\"auto, (max-width: 300px) 100vw, 300px\" \/><\/a> <a href=\"http:\/\/blog.meineigenerweg.de\/wp-content\/uploads\/2020\/10\/Schloss_Arcen_20_09_074.jpg\"><img loading=\"lazy\" decoding=\"async\" class=\"alignnone size-medium wp-image-7255\" src=\"http:\/\/blog.meineigenerweg.de\/wp-content\/uploads\/2020\/10\/Schloss_Arcen_20_09_074-300x200.jpg\" alt=\"\" width=\"300\" height=\"200\" srcset=\"http:\/\/blog.meineigenerweg.de\/wp-content\/uploads\/2020\/10\/Schloss_Arcen_20_09_074-300x200.jpg 300w, http:\/\/blog.meineigenerweg.de\/wp-content\/uploads\/2020\/10\/Schloss_Arcen_20_09_074-768x512.jpg 768w, http:\/\/blog.meineigenerweg.de\/wp-content\/uploads\/2020\/10\/Schloss_Arcen_20_09_074.jpg 1000w\" sizes=\"auto, (max-width: 300px) 100vw, 300px\" \/><\/a> <a href=\"http:\/\/blog.meineigenerweg.de\/wp-content\/uploads\/2020\/10\/Schloss_Arcen_20_09_064.jpg\"><img loading=\"lazy\" decoding=\"async\" class=\"alignnone size-medium wp-image-7254\" src=\"http:\/\/blog.meineigenerweg.de\/wp-content\/uploads\/2020\/10\/Schloss_Arcen_20_09_064-300x200.jpg\" alt=\"\" width=\"300\" height=\"200\" srcset=\"http:\/\/blog.meineigenerweg.de\/wp-content\/uploads\/2020\/10\/Schloss_Arcen_20_09_064-300x200.jpg 300w, http:\/\/blog.meineigenerweg.de\/wp-content\/uploads\/2020\/10\/Schloss_Arcen_20_09_064-768x512.jpg 768w, http:\/\/blog.meineigenerweg.de\/wp-content\/uploads\/2020\/10\/Schloss_Arcen_20_09_064.jpg 1000w\" sizes=\"auto, (max-width: 300px) 100vw, 300px\" \/><\/a><\/p>\n<p>Meine Wertung: <span style=\"color: #ff0000;\">***<\/span>** ein sch\u00f6ner Tagesausflug, nach M\u00f6glichkeit nicht am Wochenende, da ist es sehr voll<\/p>\n","protected":false},"excerpt":{"rendered":"<p>September 2020 Kurz hinter der niederl\u00e4ndischen Grenze, in der N\u00e4he von Venlo, liegt der kleine Ort Arcen. Das Schloss selbst ist nicht so spektakul\u00e4r, aber es gibt einen gro\u00dfen sehr sch\u00f6nen Schlossgarten, der in mehrere Themeng\u00e4rten aufgeteilt ist. Hier einfach ein paar Impressionen. Das Schloss Der Rosengarten Der Skulpturengarten Sehr<\/p>\n","protected":false},"author":1,"featured_media":0,"parent":818,"menu_order":0,"comment_status":"closed","ping_status":"closed","template":"","meta":{"footnotes":""},"class_list":["post-7222","page","type-page","status-publish","hentry"],"_links":{"self":[{"href":"http:\/\/blog.meineigenerweg.de\/index.php?rest_route=\/wp\/v2\/pages\/7222","targetHints":{"allow":["GET"]}}],"collection":[{"href":"http:\/\/blog.meineigenerweg.de\/index.php?rest_route=\/wp\/v2\/pages"}],"about":[{"href":"http:\/\/blog.meineigenerweg.de\/index.php?rest_route=\/wp\/v2\/types\/page"}],"author":[{"embeddable":true,"href":"http:\/\/blog.meineigenerweg.de\/index.php?rest_route=\/wp\/v2\/users\/1"}],"replies":[{"embeddable":true,"href":"http:\/\/blog.meineigenerweg.de\/index.php?rest_route=%2Fwp%2Fv2%2Fcomments&post=7222"}],"version-history":[{"count":7,"href":"http:\/\/blog.meineigenerweg.de\/index.php?rest_route=\/wp\/v2\/pages\/7222\/revisions"}],"predecessor-version":[{"id":7309,"href":"http:\/\/blog.meineigenerweg.de\/index.php?rest_route=\/wp\/v2\/pages\/7222\/revisions\/7309"}],"up":[{"embeddable":true,"href":"http:\/\/blog.meineigenerweg.de\/index.php?rest_route=\/wp\/v2\/pages\/818"}],"wp:attachment":[{"href":"http:\/\/blog.meineigenerweg.de\/index.php?rest_route=%2Fwp%2Fv2%2Fmedia&parent=7222"}],"curies":[{"name":"wp","href":"https:\/\/api.w.org\/{rel}","templated":true}]}}