{"id":7199,"date":"2020-09-25T15:04:54","date_gmt":"2020-09-25T14:04:54","guid":{"rendered":"http:\/\/blog.meineigenerweg.de\/?page_id=7199"},"modified":"2020-09-28T18:54:37","modified_gmt":"2020-09-28T17:54:37","slug":"muenstertal","status":"publish","type":"page","link":"http:\/\/blog.meineigenerweg.de\/?page_id=7199","title":{"rendered":"M\u00fcnstertal ****"},"content":{"rendered":"<p>September 2020<\/p>\n<p>Eines der sch\u00f6nsten T\u00e4ler im Schwarzwald ist f\u00fcr mich das M\u00fcnstertal.<br \/>\n<a href=\"http:\/\/blog.meineigenerweg.de\/wp-content\/uploads\/2020\/09\/Muenstertal_20_09_001.jpg\"><img loading=\"lazy\" decoding=\"async\" class=\"alignnone size-medium wp-image-7201\" src=\"http:\/\/blog.meineigenerweg.de\/wp-content\/uploads\/2020\/09\/Muenstertal_20_09_001-300x200.jpg\" alt=\"\" width=\"300\" height=\"200\" srcset=\"http:\/\/blog.meineigenerweg.de\/wp-content\/uploads\/2020\/09\/Muenstertal_20_09_001-300x200.jpg 300w, http:\/\/blog.meineigenerweg.de\/wp-content\/uploads\/2020\/09\/Muenstertal_20_09_001-768x512.jpg 768w, http:\/\/blog.meineigenerweg.de\/wp-content\/uploads\/2020\/09\/Muenstertal_20_09_001.jpg 1000w\" sizes=\"auto, (max-width: 300px) 100vw, 300px\" \/><\/a> <a href=\"http:\/\/blog.meineigenerweg.de\/wp-content\/uploads\/2020\/09\/Muenstertal_20_09_003.jpg\"><img loading=\"lazy\" decoding=\"async\" class=\"alignnone size-medium wp-image-7202\" src=\"http:\/\/blog.meineigenerweg.de\/wp-content\/uploads\/2020\/09\/Muenstertal_20_09_003-300x200.jpg\" alt=\"\" width=\"300\" height=\"200\" srcset=\"http:\/\/blog.meineigenerweg.de\/wp-content\/uploads\/2020\/09\/Muenstertal_20_09_003-300x200.jpg 300w, http:\/\/blog.meineigenerweg.de\/wp-content\/uploads\/2020\/09\/Muenstertal_20_09_003-768x512.jpg 768w, http:\/\/blog.meineigenerweg.de\/wp-content\/uploads\/2020\/09\/Muenstertal_20_09_003.jpg 1000w\" sizes=\"auto, (max-width: 300px) 100vw, 300px\" \/><\/a><br \/>\nMeine erste Wanderung f\u00fchrt mich \u00fcber den kleinen Rundweg &#8218;Ritterpfad Scharfenstein&#8216;, ca. 4 km. Die 266 H\u00f6henmeter zu \u00fcberwinden ist nicht allzu schwer. ich bin \u00fcber die L123 in Richtung Wiedener Eck bis zum Parkplatz Scharfenstein gefahren. Anschlie\u00dfend gibt es in Ritas Caf\u00e9 Bergfreude (Lochmatte 1) lecker Kaffee und Kuchen.<br \/>\n<a href=\"http:\/\/blog.meineigenerweg.de\/wp-content\/uploads\/2020\/09\/Muenstertal_20_09_011.jpg\"><img loading=\"lazy\" decoding=\"async\" class=\"alignnone size-medium wp-image-7203\" src=\"http:\/\/blog.meineigenerweg.de\/wp-content\/uploads\/2020\/09\/Muenstertal_20_09_011-300x200.jpg\" alt=\"\" width=\"300\" height=\"200\" srcset=\"http:\/\/blog.meineigenerweg.de\/wp-content\/uploads\/2020\/09\/Muenstertal_20_09_011-300x200.jpg 300w, http:\/\/blog.meineigenerweg.de\/wp-content\/uploads\/2020\/09\/Muenstertal_20_09_011-768x512.jpg 768w, http:\/\/blog.meineigenerweg.de\/wp-content\/uploads\/2020\/09\/Muenstertal_20_09_011.jpg 1000w\" sizes=\"auto, (max-width: 300px) 100vw, 300px\" \/><\/a> <a href=\"http:\/\/blog.meineigenerweg.de\/wp-content\/uploads\/2020\/09\/Muenstertal_20_09_016.jpg\"><img loading=\"lazy\" decoding=\"async\" class=\"alignnone size-medium wp-image-7204\" src=\"http:\/\/blog.meineigenerweg.de\/wp-content\/uploads\/2020\/09\/Muenstertal_20_09_016-300x200.jpg\" alt=\"\" width=\"300\" height=\"200\" srcset=\"http:\/\/blog.meineigenerweg.de\/wp-content\/uploads\/2020\/09\/Muenstertal_20_09_016-300x200.jpg 300w, http:\/\/blog.meineigenerweg.de\/wp-content\/uploads\/2020\/09\/Muenstertal_20_09_016-768x512.jpg 768w, http:\/\/blog.meineigenerweg.de\/wp-content\/uploads\/2020\/09\/Muenstertal_20_09_016.jpg 1000w\" sizes=\"auto, (max-width: 300px) 100vw, 300px\" \/><\/a><br \/>\nAuf 914 mtr H\u00f6he wurde bereits im 12. Jahrhundert die Burg Scharfenstein gebaut, heute ist nicht einmal mehr eine Ruine \u00fcbrig.<br \/>\n<a href=\"http:\/\/blog.meineigenerweg.de\/wp-content\/uploads\/2020\/09\/Muenstertal_20_09_023.jpg\"><img loading=\"lazy\" decoding=\"async\" class=\"alignnone size-medium wp-image-7205\" src=\"http:\/\/blog.meineigenerweg.de\/wp-content\/uploads\/2020\/09\/Muenstertal_20_09_023-300x200.jpg\" alt=\"\" width=\"300\" height=\"200\" srcset=\"http:\/\/blog.meineigenerweg.de\/wp-content\/uploads\/2020\/09\/Muenstertal_20_09_023-300x200.jpg 300w, http:\/\/blog.meineigenerweg.de\/wp-content\/uploads\/2020\/09\/Muenstertal_20_09_023-768x512.jpg 768w, http:\/\/blog.meineigenerweg.de\/wp-content\/uploads\/2020\/09\/Muenstertal_20_09_023.jpg 1000w\" sizes=\"auto, (max-width: 300px) 100vw, 300px\" \/><\/a><br \/>\nVon hier aus hat man einen sch\u00f6nen Ausblick auf die Umgebung und den Felsen Scharfenstein.<br \/>\n<a href=\"http:\/\/blog.meineigenerweg.de\/wp-content\/uploads\/2020\/09\/Muenstertal_20_09_027.jpg\"><img loading=\"lazy\" decoding=\"async\" class=\"alignnone size-medium wp-image-7206\" src=\"http:\/\/blog.meineigenerweg.de\/wp-content\/uploads\/2020\/09\/Muenstertal_20_09_027-300x200.jpg\" alt=\"\" width=\"300\" height=\"200\" srcset=\"http:\/\/blog.meineigenerweg.de\/wp-content\/uploads\/2020\/09\/Muenstertal_20_09_027-300x200.jpg 300w, http:\/\/blog.meineigenerweg.de\/wp-content\/uploads\/2020\/09\/Muenstertal_20_09_027-768x512.jpg 768w, http:\/\/blog.meineigenerweg.de\/wp-content\/uploads\/2020\/09\/Muenstertal_20_09_027.jpg 1000w\" sizes=\"auto, (max-width: 300px) 100vw, 300px\" \/><\/a> <a href=\"http:\/\/blog.meineigenerweg.de\/wp-content\/uploads\/2020\/09\/Muenstertal_20_09_028.jpg\"><img loading=\"lazy\" decoding=\"async\" class=\"alignnone size-medium wp-image-7207\" src=\"http:\/\/blog.meineigenerweg.de\/wp-content\/uploads\/2020\/09\/Muenstertal_20_09_028-300x200.jpg\" alt=\"\" width=\"300\" height=\"200\" srcset=\"http:\/\/blog.meineigenerweg.de\/wp-content\/uploads\/2020\/09\/Muenstertal_20_09_028-300x200.jpg 300w, http:\/\/blog.meineigenerweg.de\/wp-content\/uploads\/2020\/09\/Muenstertal_20_09_028-768x512.jpg 768w, http:\/\/blog.meineigenerweg.de\/wp-content\/uploads\/2020\/09\/Muenstertal_20_09_028.jpg 1000w\" sizes=\"auto, (max-width: 300px) 100vw, 300px\" \/><\/a><br \/>\nAuf dem R\u00fcckweg komme ich an sch\u00f6nen, alten Bauernh\u00f6fen vorbei<br \/>\n<a href=\"http:\/\/blog.meineigenerweg.de\/wp-content\/uploads\/2020\/09\/Muenstertal_20_09_060.jpg\"><img loading=\"lazy\" decoding=\"async\" class=\"alignnone size-medium wp-image-7209\" src=\"http:\/\/blog.meineigenerweg.de\/wp-content\/uploads\/2020\/09\/Muenstertal_20_09_060-300x200.jpg\" alt=\"\" width=\"300\" height=\"200\" srcset=\"http:\/\/blog.meineigenerweg.de\/wp-content\/uploads\/2020\/09\/Muenstertal_20_09_060-300x200.jpg 300w, http:\/\/blog.meineigenerweg.de\/wp-content\/uploads\/2020\/09\/Muenstertal_20_09_060-768x512.jpg 768w, http:\/\/blog.meineigenerweg.de\/wp-content\/uploads\/2020\/09\/Muenstertal_20_09_060.jpg 1000w\" sizes=\"auto, (max-width: 300px) 100vw, 300px\" \/><\/a><br \/>\nAnschli\u00dfend habe ich noch einen Abstecher zum Kloster St. Trudpert gemacht. Die Ansicht ist sch\u00f6n, aber man kann es leider nicht besichtigen.<br \/>\n<a href=\"http:\/\/blog.meineigenerweg.de\/wp-content\/uploads\/2020\/09\/IMG_4476.jpg\"><img loading=\"lazy\" decoding=\"async\" class=\"alignnone size-medium wp-image-7210\" src=\"http:\/\/blog.meineigenerweg.de\/wp-content\/uploads\/2020\/09\/IMG_4476-300x200.jpg\" alt=\"\" width=\"300\" height=\"200\" srcset=\"http:\/\/blog.meineigenerweg.de\/wp-content\/uploads\/2020\/09\/IMG_4476-300x200.jpg 300w, http:\/\/blog.meineigenerweg.de\/wp-content\/uploads\/2020\/09\/IMG_4476-768x512.jpg 768w, http:\/\/blog.meineigenerweg.de\/wp-content\/uploads\/2020\/09\/IMG_4476.jpg 1000w\" sizes=\"auto, (max-width: 300px) 100vw, 300px\" \/> <\/a><a href=\"http:\/\/blog.meineigenerweg.de\/wp-content\/uploads\/2020\/09\/Kloster_St_Trudpert_20_09_003.jpg\"><img loading=\"lazy\" decoding=\"async\" class=\"alignnone size-medium wp-image-7212\" src=\"http:\/\/blog.meineigenerweg.de\/wp-content\/uploads\/2020\/09\/Kloster_St_Trudpert_20_09_003-300x200.jpg\" alt=\"\" width=\"300\" height=\"200\" srcset=\"http:\/\/blog.meineigenerweg.de\/wp-content\/uploads\/2020\/09\/Kloster_St_Trudpert_20_09_003-300x200.jpg 300w, http:\/\/blog.meineigenerweg.de\/wp-content\/uploads\/2020\/09\/Kloster_St_Trudpert_20_09_003-768x512.jpg 768w, http:\/\/blog.meineigenerweg.de\/wp-content\/uploads\/2020\/09\/Kloster_St_Trudpert_20_09_003.jpg 1000w\" sizes=\"auto, (max-width: 300px) 100vw, 300px\" \/><\/a><br \/>\nDie Kapelle ist allerdings f\u00fcr Besucher ge\u00f6ffnet.<br \/>\n<a href=\"http:\/\/blog.meineigenerweg.de\/wp-content\/uploads\/2020\/09\/Kloster_St_Trudpert_20_09_005.jpg\"><img loading=\"lazy\" decoding=\"async\" class=\"alignnone size-medium wp-image-7214\" src=\"http:\/\/blog.meineigenerweg.de\/wp-content\/uploads\/2020\/09\/Kloster_St_Trudpert_20_09_005-300x200.jpg\" alt=\"\" width=\"300\" height=\"200\" srcset=\"http:\/\/blog.meineigenerweg.de\/wp-content\/uploads\/2020\/09\/Kloster_St_Trudpert_20_09_005-300x200.jpg 300w, http:\/\/blog.meineigenerweg.de\/wp-content\/uploads\/2020\/09\/Kloster_St_Trudpert_20_09_005-768x512.jpg 768w, http:\/\/blog.meineigenerweg.de\/wp-content\/uploads\/2020\/09\/Kloster_St_Trudpert_20_09_005.jpg 1000w\" sizes=\"auto, (max-width: 300px) 100vw, 300px\" \/><\/a> <a href=\"http:\/\/blog.meineigenerweg.de\/wp-content\/uploads\/2020\/09\/Kloster_St_Trudpert_20_09_001.jpg\"><img loading=\"lazy\" decoding=\"async\" class=\"alignnone size-medium wp-image-7213\" src=\"http:\/\/blog.meineigenerweg.de\/wp-content\/uploads\/2020\/09\/Kloster_St_Trudpert_20_09_001-300x200.jpg\" alt=\"\" width=\"300\" height=\"200\" srcset=\"http:\/\/blog.meineigenerweg.de\/wp-content\/uploads\/2020\/09\/Kloster_St_Trudpert_20_09_001-300x200.jpg 300w, http:\/\/blog.meineigenerweg.de\/wp-content\/uploads\/2020\/09\/Kloster_St_Trudpert_20_09_001-768x512.jpg 768w, http:\/\/blog.meineigenerweg.de\/wp-content\/uploads\/2020\/09\/Kloster_St_Trudpert_20_09_001.jpg 1000w\" sizes=\"auto, (max-width: 300px) 100vw, 300px\" \/><\/a><\/p>\n<p>Wer jetzt noch einen kleinen oder gro\u00dfen Hunger versp\u00fcrt, kann im Hotel-Restaurant Spielweg Sterne-K\u00fcche genie\u00dfen.<\/p>\n<p>GMS: 47\u00b051&#8217;59.1&#8243;N \u00a07\u00b051&#8217;24.4&#8243;E<br \/>\nParkplatz Scharfenstein L123<\/p>\n","protected":false},"excerpt":{"rendered":"<p>September 2020 Eines der sch\u00f6nsten T\u00e4ler im Schwarzwald ist f\u00fcr mich das M\u00fcnstertal. Meine erste Wanderung f\u00fchrt mich \u00fcber den kleinen Rundweg &#8218;Ritterpfad Scharfenstein&#8216;, ca. 4 km. Die 266 H\u00f6henmeter zu \u00fcberwinden ist nicht allzu schwer. ich bin \u00fcber die L123 in Richtung Wiedener Eck bis zum Parkplatz Scharfenstein gefahren.<\/p>\n","protected":false},"author":1,"featured_media":7218,"parent":3419,"menu_order":0,"comment_status":"closed","ping_status":"closed","template":"","meta":{"footnotes":""},"class_list":["post-7199","page","type-page","status-publish","has-post-thumbnail","hentry"],"_links":{"self":[{"href":"http:\/\/blog.meineigenerweg.de\/index.php?rest_route=\/wp\/v2\/pages\/7199","targetHints":{"allow":["GET"]}}],"collection":[{"href":"http:\/\/blog.meineigenerweg.de\/index.php?rest_route=\/wp\/v2\/pages"}],"about":[{"href":"http:\/\/blog.meineigenerweg.de\/index.php?rest_route=\/wp\/v2\/types\/page"}],"author":[{"embeddable":true,"href":"http:\/\/blog.meineigenerweg.de\/index.php?rest_route=\/wp\/v2\/users\/1"}],"replies":[{"embeddable":true,"href":"http:\/\/blog.meineigenerweg.de\/index.php?rest_route=%2Fwp%2Fv2%2Fcomments&post=7199"}],"version-history":[{"count":12,"href":"http:\/\/blog.meineigenerweg.de\/index.php?rest_route=\/wp\/v2\/pages\/7199\/revisions"}],"predecessor-version":[{"id":7228,"href":"http:\/\/blog.meineigenerweg.de\/index.php?rest_route=\/wp\/v2\/pages\/7199\/revisions\/7228"}],"up":[{"embeddable":true,"href":"http:\/\/blog.meineigenerweg.de\/index.php?rest_route=\/wp\/v2\/pages\/3419"}],"wp:featuredmedia":[{"embeddable":true,"href":"http:\/\/blog.meineigenerweg.de\/index.php?rest_route=\/wp\/v2\/media\/7218"}],"wp:attachment":[{"href":"http:\/\/blog.meineigenerweg.de\/index.php?rest_route=%2Fwp%2Fv2%2Fmedia&parent=7199"}],"curies":[{"name":"wp","href":"https:\/\/api.w.org\/{rel}","templated":true}]}}