{"id":7133,"date":"2020-09-16T19:37:22","date_gmt":"2020-09-16T18:37:22","guid":{"rendered":"http:\/\/blog.meineigenerweg.de\/?page_id=7133"},"modified":"2020-09-29T21:20:31","modified_gmt":"2020-09-29T20:20:31","slug":"bad-kissingen","status":"publish","type":"page","link":"http:\/\/blog.meineigenerweg.de\/?page_id=7133","title":{"rendered":"Bad Kissingen **"},"content":{"rendered":"<p>August 2020<\/p>\n<p>so habe ich mir eine Kurstadt vorgestellt, der sch\u00f6ne Kurpark entlang der Saale, mit vielen Blumenbeeten und einem Rosengarten, einigen Kurh\u00e4usern und vielen Hotels. Das bayerische Staatsbad kann auf eine 500j\u00e4hrige Historie zur\u00fcckschauen und gilt lt. UNESCO-Welterbe als einer der bedeutenden Kurorte Europas. Neben den ca. 100.000 Einwohnern war ich einer der j\u00e4hrlichen ca. 250.000 G\u00e4ste der Stadt.<\/p>\n<p>Am s\u00fcdlichen Rand der Rh\u00f6n zwischen so wohlklingenden H\u00fcgeln wie dem Feuerberg und dem Totnansberg liegt Bad Kissingen in einem weiten Tal<br \/>\n<a href=\"http:\/\/blog.meineigenerweg.de\/wp-content\/uploads\/2020\/09\/Bad_Kissingen_20_08_101.jpg\"><img loading=\"lazy\" decoding=\"async\" class=\"alignnone size-medium wp-image-7151\" src=\"http:\/\/blog.meineigenerweg.de\/wp-content\/uploads\/2020\/09\/Bad_Kissingen_20_08_101-300x200.jpg\" alt=\"\" width=\"300\" height=\"200\" srcset=\"http:\/\/blog.meineigenerweg.de\/wp-content\/uploads\/2020\/09\/Bad_Kissingen_20_08_101-300x200.jpg 300w, http:\/\/blog.meineigenerweg.de\/wp-content\/uploads\/2020\/09\/Bad_Kissingen_20_08_101-768x512.jpg 768w, http:\/\/blog.meineigenerweg.de\/wp-content\/uploads\/2020\/09\/Bad_Kissingen_20_08_101.jpg 1000w\" sizes=\"auto, (max-width: 300px) 100vw, 300px\" \/> <\/a><br \/>\nDas Stadtbild ist gepr\u00e4gt von der historischen Altstadt mit sch\u00f6nen Fachwerkh\u00e4usern.<br \/>\n<a href=\"http:\/\/blog.meineigenerweg.de\/wp-content\/uploads\/2020\/09\/Bad_Kissingen_20_08_006.jpg\"><img loading=\"lazy\" decoding=\"async\" class=\"alignnone size-medium wp-image-7150\" src=\"http:\/\/blog.meineigenerweg.de\/wp-content\/uploads\/2020\/09\/Bad_Kissingen_20_08_006-300x200.jpg\" alt=\"\" width=\"300\" height=\"200\" srcset=\"http:\/\/blog.meineigenerweg.de\/wp-content\/uploads\/2020\/09\/Bad_Kissingen_20_08_006-300x200.jpg 300w, http:\/\/blog.meineigenerweg.de\/wp-content\/uploads\/2020\/09\/Bad_Kissingen_20_08_006-768x512.jpg 768w, http:\/\/blog.meineigenerweg.de\/wp-content\/uploads\/2020\/09\/Bad_Kissingen_20_08_006.jpg 1000w\" sizes=\"auto, (max-width: 300px) 100vw, 300px\" \/><\/a> <a href=\"http:\/\/blog.meineigenerweg.de\/wp-content\/uploads\/2020\/09\/Bad_Kissingen_20_08_005.jpg\"><img loading=\"lazy\" decoding=\"async\" class=\"alignnone size-medium wp-image-7149\" src=\"http:\/\/blog.meineigenerweg.de\/wp-content\/uploads\/2020\/09\/Bad_Kissingen_20_08_005-300x200.jpg\" alt=\"\" width=\"300\" height=\"200\" srcset=\"http:\/\/blog.meineigenerweg.de\/wp-content\/uploads\/2020\/09\/Bad_Kissingen_20_08_005-300x200.jpg 300w, http:\/\/blog.meineigenerweg.de\/wp-content\/uploads\/2020\/09\/Bad_Kissingen_20_08_005-768x512.jpg 768w, http:\/\/blog.meineigenerweg.de\/wp-content\/uploads\/2020\/09\/Bad_Kissingen_20_08_005.jpg 1000w\" sizes=\"auto, (max-width: 300px) 100vw, 300px\" \/><\/a><br \/>\nViele Fassaden zeugen aber auch von der Historie der Stadt als Staatsbad.<br \/>\n<a href=\"http:\/\/blog.meineigenerweg.de\/wp-content\/uploads\/2020\/09\/Bad_Kissingen_20_08_153.jpg\"><img loading=\"lazy\" decoding=\"async\" class=\"alignnone size-medium wp-image-7152\" src=\"http:\/\/blog.meineigenerweg.de\/wp-content\/uploads\/2020\/09\/Bad_Kissingen_20_08_153-300x200.jpg\" alt=\"\" width=\"300\" height=\"200\" srcset=\"http:\/\/blog.meineigenerweg.de\/wp-content\/uploads\/2020\/09\/Bad_Kissingen_20_08_153-300x200.jpg 300w, http:\/\/blog.meineigenerweg.de\/wp-content\/uploads\/2020\/09\/Bad_Kissingen_20_08_153-768x512.jpg 768w, http:\/\/blog.meineigenerweg.de\/wp-content\/uploads\/2020\/09\/Bad_Kissingen_20_08_153.jpg 1000w\" sizes=\"auto, (max-width: 300px) 100vw, 300px\" \/><\/a><br \/>\nWer Ruhe sucht findet sie in den gro\u00dfen Parks.<br \/>\n<a href=\"http:\/\/blog.meineigenerweg.de\/wp-content\/uploads\/2020\/09\/Bad_Kissingen_20_08_158.jpg\"><img loading=\"lazy\" decoding=\"async\" class=\"alignnone size-medium wp-image-7153\" src=\"http:\/\/blog.meineigenerweg.de\/wp-content\/uploads\/2020\/09\/Bad_Kissingen_20_08_158-300x200.jpg\" alt=\"\" width=\"300\" height=\"200\" srcset=\"http:\/\/blog.meineigenerweg.de\/wp-content\/uploads\/2020\/09\/Bad_Kissingen_20_08_158-300x200.jpg 300w, http:\/\/blog.meineigenerweg.de\/wp-content\/uploads\/2020\/09\/Bad_Kissingen_20_08_158-768x512.jpg 768w, http:\/\/blog.meineigenerweg.de\/wp-content\/uploads\/2020\/09\/Bad_Kissingen_20_08_158.jpg 1000w\" sizes=\"auto, (max-width: 300px) 100vw, 300px\" \/><\/a><\/p>\n<p>Mitten durch die Stadt flie\u00dft die Saale, In Stadtn\u00e4he kanalisiert, aber au\u00dferhalb l\u00e4sst man der Natur freien Lauf.<br \/>\n<a href=\"http:\/\/blog.meineigenerweg.de\/wp-content\/uploads\/2020\/09\/Bad_Kissingen_20_08_007.jpg\"><img loading=\"lazy\" decoding=\"async\" class=\"alignnone size-medium wp-image-7154\" src=\"http:\/\/blog.meineigenerweg.de\/wp-content\/uploads\/2020\/09\/Bad_Kissingen_20_08_007-300x200.jpg\" alt=\"\" width=\"300\" height=\"200\" srcset=\"http:\/\/blog.meineigenerweg.de\/wp-content\/uploads\/2020\/09\/Bad_Kissingen_20_08_007-300x200.jpg 300w, http:\/\/blog.meineigenerweg.de\/wp-content\/uploads\/2020\/09\/Bad_Kissingen_20_08_007-768x512.jpg 768w, http:\/\/blog.meineigenerweg.de\/wp-content\/uploads\/2020\/09\/Bad_Kissingen_20_08_007.jpg 1000w\" sizes=\"auto, (max-width: 300px) 100vw, 300px\" \/><\/a> <a href=\"http:\/\/blog.meineigenerweg.de\/wp-content\/uploads\/2020\/09\/Bad_Kissingen_20_08_008.jpg\"><img loading=\"lazy\" decoding=\"async\" class=\"alignnone size-medium wp-image-7155\" src=\"http:\/\/blog.meineigenerweg.de\/wp-content\/uploads\/2020\/09\/Bad_Kissingen_20_08_008-300x200.jpg\" alt=\"\" width=\"300\" height=\"200\" srcset=\"http:\/\/blog.meineigenerweg.de\/wp-content\/uploads\/2020\/09\/Bad_Kissingen_20_08_008-300x200.jpg 300w, http:\/\/blog.meineigenerweg.de\/wp-content\/uploads\/2020\/09\/Bad_Kissingen_20_08_008-768x512.jpg 768w, http:\/\/blog.meineigenerweg.de\/wp-content\/uploads\/2020\/09\/Bad_Kissingen_20_08_008.jpg 1000w\" sizes=\"auto, (max-width: 300px) 100vw, 300px\" \/><\/a> <a href=\"http:\/\/blog.meineigenerweg.de\/wp-content\/uploads\/2020\/09\/Bad_Kissingen_20_09_208.jpg\"><img loading=\"lazy\" decoding=\"async\" class=\"alignnone size-medium wp-image-7156\" src=\"http:\/\/blog.meineigenerweg.de\/wp-content\/uploads\/2020\/09\/Bad_Kissingen_20_09_208-300x200.jpg\" alt=\"\" width=\"300\" height=\"200\" srcset=\"http:\/\/blog.meineigenerweg.de\/wp-content\/uploads\/2020\/09\/Bad_Kissingen_20_09_208-300x200.jpg 300w, http:\/\/blog.meineigenerweg.de\/wp-content\/uploads\/2020\/09\/Bad_Kissingen_20_09_208-768x511.jpg 768w, http:\/\/blog.meineigenerweg.de\/wp-content\/uploads\/2020\/09\/Bad_Kissingen_20_09_208.jpg 1000w\" sizes=\"auto, (max-width: 300px) 100vw, 300px\" \/><\/a><\/p>\n<p>Oberhalb der Stadt thront das \u00e4lteste Wahrzeichen, die Burgruine Botenlauben aus dem Jahr 1180. Im Sommer finden hier Festspiele statt, mit Minnesang und Schwerterklang.<br \/>\n<a href=\"http:\/\/blog.meineigenerweg.de\/wp-content\/uploads\/2020\/09\/Bad_Kissingen_20_08_014.jpg\"><img loading=\"lazy\" decoding=\"async\" class=\"alignnone size-medium wp-image-7175\" src=\"http:\/\/blog.meineigenerweg.de\/wp-content\/uploads\/2020\/09\/Bad_Kissingen_20_08_014-300x200.jpg\" alt=\"\" width=\"300\" height=\"200\" srcset=\"http:\/\/blog.meineigenerweg.de\/wp-content\/uploads\/2020\/09\/Bad_Kissingen_20_08_014-300x200.jpg 300w, http:\/\/blog.meineigenerweg.de\/wp-content\/uploads\/2020\/09\/Bad_Kissingen_20_08_014-768x512.jpg 768w, http:\/\/blog.meineigenerweg.de\/wp-content\/uploads\/2020\/09\/Bad_Kissingen_20_08_014.jpg 1000w\" sizes=\"auto, (max-width: 300px) 100vw, 300px\" \/><\/a> <a href=\"http:\/\/blog.meineigenerweg.de\/wp-content\/uploads\/2020\/09\/Bad_Kissingen_20_08_015.jpg\"><img loading=\"lazy\" decoding=\"async\" class=\"alignnone size-medium wp-image-7176\" src=\"http:\/\/blog.meineigenerweg.de\/wp-content\/uploads\/2020\/09\/Bad_Kissingen_20_08_015-300x200.jpg\" alt=\"\" width=\"300\" height=\"200\" srcset=\"http:\/\/blog.meineigenerweg.de\/wp-content\/uploads\/2020\/09\/Bad_Kissingen_20_08_015-300x200.jpg 300w, http:\/\/blog.meineigenerweg.de\/wp-content\/uploads\/2020\/09\/Bad_Kissingen_20_08_015-768x512.jpg 768w, http:\/\/blog.meineigenerweg.de\/wp-content\/uploads\/2020\/09\/Bad_Kissingen_20_08_015.jpg 1000w\" sizes=\"auto, (max-width: 300px) 100vw, 300px\" \/><\/a><\/p>\n<p>Das Kurhaus ist von einem bl\u00fchenden, mediteran anmutenden Garten umgeben.<\/p>\n<p><a href=\"http:\/\/blog.meineigenerweg.de\/wp-content\/uploads\/2020\/09\/Bad_Kissingen_20_08_129.jpg\"><img loading=\"lazy\" decoding=\"async\" class=\"alignnone size-medium wp-image-7157\" src=\"http:\/\/blog.meineigenerweg.de\/wp-content\/uploads\/2020\/09\/Bad_Kissingen_20_08_129-300x200.jpg\" alt=\"\" width=\"300\" height=\"200\" srcset=\"http:\/\/blog.meineigenerweg.de\/wp-content\/uploads\/2020\/09\/Bad_Kissingen_20_08_129-300x200.jpg 300w, http:\/\/blog.meineigenerweg.de\/wp-content\/uploads\/2020\/09\/Bad_Kissingen_20_08_129-768x512.jpg 768w, http:\/\/blog.meineigenerweg.de\/wp-content\/uploads\/2020\/09\/Bad_Kissingen_20_08_129.jpg 1000w\" sizes=\"auto, (max-width: 300px) 100vw, 300px\" \/><\/a> <a href=\"http:\/\/blog.meineigenerweg.de\/wp-content\/uploads\/2020\/09\/Bad_Kissingen_20_09_006.jpg\"><img loading=\"lazy\" decoding=\"async\" class=\"alignnone size-medium wp-image-7158\" src=\"http:\/\/blog.meineigenerweg.de\/wp-content\/uploads\/2020\/09\/Bad_Kissingen_20_09_006-300x200.jpg\" alt=\"\" width=\"300\" height=\"200\" srcset=\"http:\/\/blog.meineigenerweg.de\/wp-content\/uploads\/2020\/09\/Bad_Kissingen_20_09_006-300x200.jpg 300w, http:\/\/blog.meineigenerweg.de\/wp-content\/uploads\/2020\/09\/Bad_Kissingen_20_09_006-768x512.jpg 768w, http:\/\/blog.meineigenerweg.de\/wp-content\/uploads\/2020\/09\/Bad_Kissingen_20_09_006.jpg 1000w\" sizes=\"auto, (max-width: 300px) 100vw, 300px\" \/><\/a><\/p>\n<p>Die Wandelhalle aus dem Jahre 1910 ist wirklich sehr sehenswert<br \/>\n<a href=\"http:\/\/blog.meineigenerweg.de\/wp-content\/uploads\/2020\/09\/Bad_Kissingen_20_08_135.jpg\"><img loading=\"lazy\" decoding=\"async\" class=\"alignnone size-medium wp-image-7165\" src=\"http:\/\/blog.meineigenerweg.de\/wp-content\/uploads\/2020\/09\/Bad_Kissingen_20_08_135-300x200.jpg\" alt=\"\" width=\"300\" height=\"200\" srcset=\"http:\/\/blog.meineigenerweg.de\/wp-content\/uploads\/2020\/09\/Bad_Kissingen_20_08_135-300x200.jpg 300w, http:\/\/blog.meineigenerweg.de\/wp-content\/uploads\/2020\/09\/Bad_Kissingen_20_08_135-768x512.jpg 768w, http:\/\/blog.meineigenerweg.de\/wp-content\/uploads\/2020\/09\/Bad_Kissingen_20_08_135.jpg 1000w\" sizes=\"auto, (max-width: 300px) 100vw, 300px\" \/><\/a> <a href=\"http:\/\/blog.meineigenerweg.de\/wp-content\/uploads\/2020\/09\/Bad_Kissingen_20_08_142.jpg\"><img loading=\"lazy\" decoding=\"async\" class=\"alignnone size-medium wp-image-7167\" src=\"http:\/\/blog.meineigenerweg.de\/wp-content\/uploads\/2020\/09\/Bad_Kissingen_20_08_142-300x200.jpg\" alt=\"\" width=\"300\" height=\"200\" srcset=\"http:\/\/blog.meineigenerweg.de\/wp-content\/uploads\/2020\/09\/Bad_Kissingen_20_08_142-300x200.jpg 300w, http:\/\/blog.meineigenerweg.de\/wp-content\/uploads\/2020\/09\/Bad_Kissingen_20_08_142-768x512.jpg 768w, http:\/\/blog.meineigenerweg.de\/wp-content\/uploads\/2020\/09\/Bad_Kissingen_20_08_142.jpg 1000w\" sizes=\"auto, (max-width: 300px) 100vw, 300px\" \/><\/a><br \/>\nDie B\u00fchne ist drehbar, so k\u00f6nnen die Darbietungen je nach Wetterlage innen oder au\u00dfen genossen werden. F\u00fcr Publikum ist bereits gesorgt, auch wenn es eherauch schweigsam ist. Auch, wenn es die gesamte Wandelhalle bev\u00f6lkert und im Zuh\u00f6rerraum Sitz, klatschen kann es nicht! (Ausstellung &#8222;Der Mensch&#8220; von Hilde Wertheim)<br \/>\n<a href=\"http:\/\/blog.meineigenerweg.de\/wp-content\/uploads\/2020\/09\/Bad_Kissingen_20_08_134.jpg\"><img loading=\"lazy\" decoding=\"async\" class=\"alignnone size-medium wp-image-7164\" src=\"http:\/\/blog.meineigenerweg.de\/wp-content\/uploads\/2020\/09\/Bad_Kissingen_20_08_134-300x200.jpg\" alt=\"\" width=\"300\" height=\"200\" srcset=\"http:\/\/blog.meineigenerweg.de\/wp-content\/uploads\/2020\/09\/Bad_Kissingen_20_08_134-300x200.jpg 300w, http:\/\/blog.meineigenerweg.de\/wp-content\/uploads\/2020\/09\/Bad_Kissingen_20_08_134-768x512.jpg 768w, http:\/\/blog.meineigenerweg.de\/wp-content\/uploads\/2020\/09\/Bad_Kissingen_20_08_134.jpg 1000w\" sizes=\"auto, (max-width: 300px) 100vw, 300px\" \/><\/a> <a href=\"http:\/\/blog.meineigenerweg.de\/wp-content\/uploads\/2020\/09\/Bad_Kissingen_20_08_018.jpg\"><img loading=\"lazy\" decoding=\"async\" class=\"alignnone size-medium wp-image-7162\" src=\"http:\/\/blog.meineigenerweg.de\/wp-content\/uploads\/2020\/09\/Bad_Kissingen_20_08_018-300x200.jpg\" alt=\"\" width=\"300\" height=\"200\" srcset=\"http:\/\/blog.meineigenerweg.de\/wp-content\/uploads\/2020\/09\/Bad_Kissingen_20_08_018-300x200.jpg 300w, http:\/\/blog.meineigenerweg.de\/wp-content\/uploads\/2020\/09\/Bad_Kissingen_20_08_018-768x512.jpg 768w, http:\/\/blog.meineigenerweg.de\/wp-content\/uploads\/2020\/09\/Bad_Kissingen_20_08_018.jpg 1000w\" sizes=\"auto, (max-width: 300px) 100vw, 300px\" \/><\/a><br \/>\nSieben mineralstoffreiche Heilquellen sprudeln in und um Bad Kissingen. Man kann es trinken, inhalieren oder darinbaden.<\/p>\n<p>Der Innenhof des Kurhauses gef\u00e4llt mir besonders gut.<br \/>\n<a href=\"http:\/\/blog.meineigenerweg.de\/wp-content\/uploads\/2020\/09\/Bad_Kissingen_20_09_003.jpg\"><img loading=\"lazy\" decoding=\"async\" class=\"alignnone size-medium wp-image-7170\" src=\"http:\/\/blog.meineigenerweg.de\/wp-content\/uploads\/2020\/09\/Bad_Kissingen_20_09_003-300x200.jpg\" alt=\"\" width=\"300\" height=\"200\" srcset=\"http:\/\/blog.meineigenerweg.de\/wp-content\/uploads\/2020\/09\/Bad_Kissingen_20_09_003-300x200.jpg 300w, http:\/\/blog.meineigenerweg.de\/wp-content\/uploads\/2020\/09\/Bad_Kissingen_20_09_003-768x512.jpg 768w, http:\/\/blog.meineigenerweg.de\/wp-content\/uploads\/2020\/09\/Bad_Kissingen_20_09_003.jpg 1000w\" sizes=\"auto, (max-width: 300px) 100vw, 300px\" \/><\/a><\/p>\n<p>Im Kurpark gibt es neben den obligatorischen Caf\u00e9s auch Wasserspiele und einen Rosengarten, und die Saale flie\u00dft mittendurch.<br \/>\n<a href=\"http:\/\/blog.meineigenerweg.de\/wp-content\/uploads\/2020\/09\/Bad_Kissingen_20_09_007.jpg\"><img loading=\"lazy\" decoding=\"async\" class=\"alignnone size-medium wp-image-7160\" src=\"http:\/\/blog.meineigenerweg.de\/wp-content\/uploads\/2020\/09\/Bad_Kissingen_20_09_007-300x200.jpg\" alt=\"\" width=\"300\" height=\"200\" srcset=\"http:\/\/blog.meineigenerweg.de\/wp-content\/uploads\/2020\/09\/Bad_Kissingen_20_09_007-300x200.jpg 300w, http:\/\/blog.meineigenerweg.de\/wp-content\/uploads\/2020\/09\/Bad_Kissingen_20_09_007-768x512.jpg 768w, http:\/\/blog.meineigenerweg.de\/wp-content\/uploads\/2020\/09\/Bad_Kissingen_20_09_007.jpg 1000w\" sizes=\"auto, (max-width: 300px) 100vw, 300px\" \/><\/a> <a href=\"http:\/\/blog.meineigenerweg.de\/wp-content\/uploads\/2020\/09\/Bad_Kissingen_20_09_009.jpg\"><img loading=\"lazy\" decoding=\"async\" class=\"alignnone size-medium wp-image-7161\" src=\"http:\/\/blog.meineigenerweg.de\/wp-content\/uploads\/2020\/09\/Bad_Kissingen_20_09_009-300x200.jpg\" alt=\"\" width=\"300\" height=\"200\" srcset=\"http:\/\/blog.meineigenerweg.de\/wp-content\/uploads\/2020\/09\/Bad_Kissingen_20_09_009-300x200.jpg 300w, http:\/\/blog.meineigenerweg.de\/wp-content\/uploads\/2020\/09\/Bad_Kissingen_20_09_009-768x512.jpg 768w, http:\/\/blog.meineigenerweg.de\/wp-content\/uploads\/2020\/09\/Bad_Kissingen_20_09_009.jpg 1000w\" sizes=\"auto, (max-width: 300px) 100vw, 300px\" \/><\/a><\/p>\n<p>Was in einer Kurstadt nat\u00fcrlich nicht fehlen darf, ist das Spielkasino. Hier gibt es \u00f6fter Live-Musik.<br \/>\n<a href=\"http:\/\/blog.meineigenerweg.de\/wp-content\/uploads\/2020\/09\/Bad_Kissingen_20_08_004.jpg\"><img loading=\"lazy\" decoding=\"async\" class=\"alignnone size-medium wp-image-7169\" src=\"http:\/\/blog.meineigenerweg.de\/wp-content\/uploads\/2020\/09\/Bad_Kissingen_20_08_004-300x200.jpg\" alt=\"\" width=\"300\" height=\"200\" srcset=\"http:\/\/blog.meineigenerweg.de\/wp-content\/uploads\/2020\/09\/Bad_Kissingen_20_08_004-300x200.jpg 300w, http:\/\/blog.meineigenerweg.de\/wp-content\/uploads\/2020\/09\/Bad_Kissingen_20_08_004-768x512.jpg 768w, http:\/\/blog.meineigenerweg.de\/wp-content\/uploads\/2020\/09\/Bad_Kissingen_20_08_004.jpg 1000w\" sizes=\"auto, (max-width: 300px) 100vw, 300px\" \/><\/a><\/p>\n<p>Eines der markantesten Baudenkm\u00e4ler ist die Saline oder richtiger das Gradierwerk. Ab 1562 wurde mit Gradierwerken aus unterirdischen salzhaltigen Quellen Salz gewonnen. Zu Fu\u00df oder mit dem Rad sind es an der Saale entlang nur 2,5 km zur Saline, die auch heute noch in Betrieb ist. Es ist feucht und rieselt und tropft unentwegt und soll f\u00fcr die Atemwege sehr gut sein.<br \/>\n<a href=\"http:\/\/blog.meineigenerweg.de\/wp-content\/uploads\/2020\/09\/Bad_Kissingen_20_08_103.jpg\"><img loading=\"lazy\" decoding=\"async\" class=\"alignnone size-medium wp-image-7171\" src=\"http:\/\/blog.meineigenerweg.de\/wp-content\/uploads\/2020\/09\/Bad_Kissingen_20_08_103-300x200.jpg\" alt=\"\" width=\"300\" height=\"200\" srcset=\"http:\/\/blog.meineigenerweg.de\/wp-content\/uploads\/2020\/09\/Bad_Kissingen_20_08_103-300x200.jpg 300w, http:\/\/blog.meineigenerweg.de\/wp-content\/uploads\/2020\/09\/Bad_Kissingen_20_08_103-768x512.jpg 768w, http:\/\/blog.meineigenerweg.de\/wp-content\/uploads\/2020\/09\/Bad_Kissingen_20_08_103.jpg 1000w\" sizes=\"auto, (max-width: 300px) 100vw, 300px\" \/><\/a> <a href=\"http:\/\/blog.meineigenerweg.de\/wp-content\/uploads\/2020\/09\/Bad_Kissingen_20_09_260.jpg\"><img loading=\"lazy\" decoding=\"async\" class=\"alignnone size-medium wp-image-7174\" src=\"http:\/\/blog.meineigenerweg.de\/wp-content\/uploads\/2020\/09\/Bad_Kissingen_20_09_260-300x200.jpg\" alt=\"\" width=\"300\" height=\"200\" srcset=\"http:\/\/blog.meineigenerweg.de\/wp-content\/uploads\/2020\/09\/Bad_Kissingen_20_09_260-300x200.jpg 300w, http:\/\/blog.meineigenerweg.de\/wp-content\/uploads\/2020\/09\/Bad_Kissingen_20_09_260-768x511.jpg 768w, http:\/\/blog.meineigenerweg.de\/wp-content\/uploads\/2020\/09\/Bad_Kissingen_20_09_260.jpg 1000w\" sizes=\"auto, (max-width: 300px) 100vw, 300px\" \/><\/a><\/p>\n<p>Knapp 7 km entfernt liegt Schloss Aschach. Es wurde bereits im 12. Jahrhundert erbaut, im 16. Jahrhundert mehrfach zerst\u00f6rt und im 18. Jahrhundert zu einem Jagdschloss umgebaut.<\/p>\n<p><a href=\"http:\/\/blog.meineigenerweg.de\/wp-content\/uploads\/2020\/09\/Bad_Kissingen_20_09_212.jpg\"><img loading=\"lazy\" decoding=\"async\" class=\"alignnone size-medium wp-image-7177\" src=\"http:\/\/blog.meineigenerweg.de\/wp-content\/uploads\/2020\/09\/Bad_Kissingen_20_09_212-300x203.jpg\" alt=\"\" width=\"300\" height=\"203\" srcset=\"http:\/\/blog.meineigenerweg.de\/wp-content\/uploads\/2020\/09\/Bad_Kissingen_20_09_212-300x203.jpg 300w, http:\/\/blog.meineigenerweg.de\/wp-content\/uploads\/2020\/09\/Bad_Kissingen_20_09_212-768x521.jpg 768w, http:\/\/blog.meineigenerweg.de\/wp-content\/uploads\/2020\/09\/Bad_Kissingen_20_09_212.jpg 1000w\" sizes=\"auto, (max-width: 300px) 100vw, 300px\" \/><\/a><br \/>\nHeute befinden sich hier drei verschiedene Museen.<br \/>\n<a href=\"http:\/\/blog.meineigenerweg.de\/wp-content\/uploads\/2020\/09\/Bad_Kissingen_20_09_224.jpg\"><img loading=\"lazy\" decoding=\"async\" class=\"alignnone size-medium wp-image-7178\" src=\"http:\/\/blog.meineigenerweg.de\/wp-content\/uploads\/2020\/09\/Bad_Kissingen_20_09_224-300x200.jpg\" alt=\"\" width=\"300\" height=\"200\" srcset=\"http:\/\/blog.meineigenerweg.de\/wp-content\/uploads\/2020\/09\/Bad_Kissingen_20_09_224-300x200.jpg 300w, http:\/\/blog.meineigenerweg.de\/wp-content\/uploads\/2020\/09\/Bad_Kissingen_20_09_224-768x512.jpg 768w, http:\/\/blog.meineigenerweg.de\/wp-content\/uploads\/2020\/09\/Bad_Kissingen_20_09_224.jpg 1000w\" sizes=\"auto, (max-width: 300px) 100vw, 300px\" \/><\/a> <a href=\"http:\/\/blog.meineigenerweg.de\/wp-content\/uploads\/2020\/09\/Bad_Kissingen_20_09_225.jpg\"><img loading=\"lazy\" decoding=\"async\" class=\"alignnone size-medium wp-image-7179\" src=\"http:\/\/blog.meineigenerweg.de\/wp-content\/uploads\/2020\/09\/Bad_Kissingen_20_09_225-300x200.jpg\" alt=\"\" width=\"300\" height=\"200\" srcset=\"http:\/\/blog.meineigenerweg.de\/wp-content\/uploads\/2020\/09\/Bad_Kissingen_20_09_225-300x200.jpg 300w, http:\/\/blog.meineigenerweg.de\/wp-content\/uploads\/2020\/09\/Bad_Kissingen_20_09_225-768x512.jpg 768w, http:\/\/blog.meineigenerweg.de\/wp-content\/uploads\/2020\/09\/Bad_Kissingen_20_09_225.jpg 1000w\" sizes=\"auto, (max-width: 300px) 100vw, 300px\" \/><\/a> <a href=\"http:\/\/blog.meineigenerweg.de\/wp-content\/uploads\/2020\/09\/Bad_Kissingen_20_09_226.jpg\"><img loading=\"lazy\" decoding=\"async\" class=\"alignnone size-medium wp-image-7180\" src=\"http:\/\/blog.meineigenerweg.de\/wp-content\/uploads\/2020\/09\/Bad_Kissingen_20_09_226-300x200.jpg\" alt=\"\" width=\"300\" height=\"200\" srcset=\"http:\/\/blog.meineigenerweg.de\/wp-content\/uploads\/2020\/09\/Bad_Kissingen_20_09_226-300x200.jpg 300w, http:\/\/blog.meineigenerweg.de\/wp-content\/uploads\/2020\/09\/Bad_Kissingen_20_09_226-768x512.jpg 768w, http:\/\/blog.meineigenerweg.de\/wp-content\/uploads\/2020\/09\/Bad_Kissingen_20_09_226.jpg 1000w\" sizes=\"auto, (max-width: 300px) 100vw, 300px\" \/><\/a> <a href=\"http:\/\/blog.meineigenerweg.de\/wp-content\/uploads\/2020\/09\/Bad_Kissingen_20_09_227.jpg\"><img loading=\"lazy\" decoding=\"async\" class=\"alignnone size-medium wp-image-7181\" src=\"http:\/\/blog.meineigenerweg.de\/wp-content\/uploads\/2020\/09\/Bad_Kissingen_20_09_227-300x200.jpg\" alt=\"\" width=\"300\" height=\"200\" srcset=\"http:\/\/blog.meineigenerweg.de\/wp-content\/uploads\/2020\/09\/Bad_Kissingen_20_09_227-300x200.jpg 300w, http:\/\/blog.meineigenerweg.de\/wp-content\/uploads\/2020\/09\/Bad_Kissingen_20_09_227-768x512.jpg 768w, http:\/\/blog.meineigenerweg.de\/wp-content\/uploads\/2020\/09\/Bad_Kissingen_20_09_227.jpg 1000w\" sizes=\"auto, (max-width: 300px) 100vw, 300px\" \/><\/a><\/p>\n<p>&nbsp;<\/p>\n","protected":false},"excerpt":{"rendered":"<p>August 2020 so habe ich mir eine Kurstadt vorgestellt, der sch\u00f6ne Kurpark entlang der Saale, mit vielen Blumenbeeten und einem Rosengarten, einigen Kurh\u00e4usern und vielen Hotels. Das bayerische Staatsbad kann auf eine 500j\u00e4hrige Historie zur\u00fcckschauen und gilt lt. UNESCO-Welterbe als einer der bedeutenden Kurorte Europas. Neben den ca. 100.000 Einwohnern<\/p>\n","protected":false},"author":1,"featured_media":7191,"parent":7128,"menu_order":0,"comment_status":"closed","ping_status":"closed","template":"","meta":{"footnotes":""},"class_list":["post-7133","page","type-page","status-publish","has-post-thumbnail","hentry"],"_links":{"self":[{"href":"http:\/\/blog.meineigenerweg.de\/index.php?rest_route=\/wp\/v2\/pages\/7133","targetHints":{"allow":["GET"]}}],"collection":[{"href":"http:\/\/blog.meineigenerweg.de\/index.php?rest_route=\/wp\/v2\/pages"}],"about":[{"href":"http:\/\/blog.meineigenerweg.de\/index.php?rest_route=\/wp\/v2\/types\/page"}],"author":[{"embeddable":true,"href":"http:\/\/blog.meineigenerweg.de\/index.php?rest_route=\/wp\/v2\/users\/1"}],"replies":[{"embeddable":true,"href":"http:\/\/blog.meineigenerweg.de\/index.php?rest_route=%2Fwp%2Fv2%2Fcomments&post=7133"}],"version-history":[{"count":19,"href":"http:\/\/blog.meineigenerweg.de\/index.php?rest_route=\/wp\/v2\/pages\/7133\/revisions"}],"predecessor-version":[{"id":7231,"href":"http:\/\/blog.meineigenerweg.de\/index.php?rest_route=\/wp\/v2\/pages\/7133\/revisions\/7231"}],"up":[{"embeddable":true,"href":"http:\/\/blog.meineigenerweg.de\/index.php?rest_route=\/wp\/v2\/pages\/7128"}],"wp:featuredmedia":[{"embeddable":true,"href":"http:\/\/blog.meineigenerweg.de\/index.php?rest_route=\/wp\/v2\/media\/7191"}],"wp:attachment":[{"href":"http:\/\/blog.meineigenerweg.de\/index.php?rest_route=%2Fwp%2Fv2%2Fmedia&parent=7133"}],"curies":[{"name":"wp","href":"https:\/\/api.w.org\/{rel}","templated":true}]}}