{"id":7087,"date":"2020-09-05T10:57:46","date_gmt":"2020-09-05T09:57:46","guid":{"rendered":"http:\/\/blog.meineigenerweg.de\/?page_id=7087"},"modified":"2020-09-11T19:44:52","modified_gmt":"2020-09-11T18:44:52","slug":"rhoen","status":"publish","type":"page","link":"http:\/\/blog.meineigenerweg.de\/?page_id=7087","title":{"rendered":"Rh\u00f6n ***"},"content":{"rendered":"<p>August 2020<\/p>\n<p>Es ist Sommer, die Sonne scheint von einem blauen Himmel. Auf dem Weg zu einem Termin in Bad Kissingen bietet es sich an, ein paar Tage in der Rh\u00f6n zu verbringen. Dort war ich noch nie, aber zur Wasserkuppe, dem mit 950 mtr H\u00f6he h\u00f6chsten Berg in der Rh\u00f6n, wollte ich schon gerne einmal.<\/p>\n<h6>Gersfeld<\/h6>\n<p>Ich habe mich f\u00fcr Gersfeld entschieden, weil es am Fu\u00dfe der Wasserkuppe liegt und ich von hier aus gut Ausfl\u00fcge machen kann.<\/p>\n<p><a href=\"http:\/\/blog.meineigenerweg.de\/wp-content\/uploads\/2020\/09\/Rhoen_20_08_130.jpg\"><img loading=\"lazy\" decoding=\"async\" class=\"alignnone size-medium wp-image-7114\" src=\"http:\/\/blog.meineigenerweg.de\/wp-content\/uploads\/2020\/09\/Rhoen_20_08_130-300x200.jpg\" alt=\"\" width=\"300\" height=\"200\" srcset=\"http:\/\/blog.meineigenerweg.de\/wp-content\/uploads\/2020\/09\/Rhoen_20_08_130-300x200.jpg 300w, http:\/\/blog.meineigenerweg.de\/wp-content\/uploads\/2020\/09\/Rhoen_20_08_130-768x512.jpg 768w, http:\/\/blog.meineigenerweg.de\/wp-content\/uploads\/2020\/09\/Rhoen_20_08_130.jpg 1000w\" sizes=\"auto, (max-width: 300px) 100vw, 300px\" \/><\/a><br \/>\nDer Abend \u00fcberrascht mich mit einem dramatischen Sonnenuntergang.<br \/>\n<a href=\"http:\/\/blog.meineigenerweg.de\/wp-content\/uploads\/2020\/09\/Rhoen_20_08_125.jpg\"><img loading=\"lazy\" decoding=\"async\" class=\"alignnone size-medium wp-image-7110\" src=\"http:\/\/blog.meineigenerweg.de\/wp-content\/uploads\/2020\/09\/Rhoen_20_08_125-300x200.jpg\" alt=\"\" width=\"300\" height=\"200\" srcset=\"http:\/\/blog.meineigenerweg.de\/wp-content\/uploads\/2020\/09\/Rhoen_20_08_125-300x200.jpg 300w, http:\/\/blog.meineigenerweg.de\/wp-content\/uploads\/2020\/09\/Rhoen_20_08_125-768x512.jpg 768w, http:\/\/blog.meineigenerweg.de\/wp-content\/uploads\/2020\/09\/Rhoen_20_08_125.jpg 1000w\" sizes=\"auto, (max-width: 300px) 100vw, 300px\" \/><\/a><br \/>\nAber sowie es richtig dunkel war, leuchteten endlos viele Sterne am Himmel! Ich habe mich auf eine Liege gelegt, in den Himmel geschaut und konnte mich gar nicht sattsehen. Je l\u00e4nger ich hinsah, umso mehr Sterne tauchten auf. Ich konnte die langsamen Bahnen der Satelliten erkennen und ab und zu sogar eine Sternschnuppe.<br \/>\n<a href=\"http:\/\/blog.meineigenerweg.de\/wp-content\/uploads\/2020\/09\/Rhoen_20_08_156.jpg\"><img loading=\"lazy\" decoding=\"async\" class=\"alignnone size-medium wp-image-7112\" src=\"http:\/\/blog.meineigenerweg.de\/wp-content\/uploads\/2020\/09\/Rhoen_20_08_156-300x200.jpg\" alt=\"\" width=\"300\" height=\"200\" srcset=\"http:\/\/blog.meineigenerweg.de\/wp-content\/uploads\/2020\/09\/Rhoen_20_08_156-300x200.jpg 300w, http:\/\/blog.meineigenerweg.de\/wp-content\/uploads\/2020\/09\/Rhoen_20_08_156-768x512.jpg 768w, http:\/\/blog.meineigenerweg.de\/wp-content\/uploads\/2020\/09\/Rhoen_20_08_156.jpg 1000w\" sizes=\"auto, (max-width: 300px) 100vw, 300px\" \/><\/a><\/p>\n<p>&nbsp;<\/p>\n<h6>Wasserkuppe<\/h6>\n<p>Die Fahrt zur Wasserkuppe dauert eine halbe Stunde und f\u00fchrt mich durch eine sehr sch\u00f6ne Mittelgebirgslandschaft mit sanften H\u00fcgeln, verschlafene D\u00f6rfern und viel Natur. Die Wasserkuppe ist von Weitem schon am Radom (eine Radar-\/Antennen-Kuppel) auf dem Gipfel zu erkennen. Touristisch ist die Wasserkuppe sehr erschlossen, riesige Parkpl\u00e4tze, Restaurant und Andenkenl\u00e4den.<br \/>\n<a href=\"http:\/\/blog.meineigenerweg.de\/wp-content\/uploads\/2020\/09\/Rhoen_20_08_047.jpg\"><img loading=\"lazy\" decoding=\"async\" class=\"alignnone size-medium wp-image-7096\" src=\"http:\/\/blog.meineigenerweg.de\/wp-content\/uploads\/2020\/09\/Rhoen_20_08_047-300x200.jpg\" alt=\"\" width=\"300\" height=\"200\" srcset=\"http:\/\/blog.meineigenerweg.de\/wp-content\/uploads\/2020\/09\/Rhoen_20_08_047-300x200.jpg 300w, http:\/\/blog.meineigenerweg.de\/wp-content\/uploads\/2020\/09\/Rhoen_20_08_047-768x512.jpg 768w, http:\/\/blog.meineigenerweg.de\/wp-content\/uploads\/2020\/09\/Rhoen_20_08_047.jpg 1000w\" sizes=\"auto, (max-width: 300px) 100vw, 300px\" \/><\/a><br \/>\n<a href=\"http:\/\/blog.meineigenerweg.de\/wp-content\/uploads\/2020\/09\/Rhoen_20_08_049.jpg\"><img loading=\"lazy\" decoding=\"async\" class=\"alignnone size-medium wp-image-7097\" src=\"http:\/\/blog.meineigenerweg.de\/wp-content\/uploads\/2020\/09\/Rhoen_20_08_049-300x200.jpg\" alt=\"\" width=\"300\" height=\"200\" srcset=\"http:\/\/blog.meineigenerweg.de\/wp-content\/uploads\/2020\/09\/Rhoen_20_08_049-300x200.jpg 300w, http:\/\/blog.meineigenerweg.de\/wp-content\/uploads\/2020\/09\/Rhoen_20_08_049-768x512.jpg 768w, http:\/\/blog.meineigenerweg.de\/wp-content\/uploads\/2020\/09\/Rhoen_20_08_049.jpg 1000w\" sizes=\"auto, (max-width: 300px) 100vw, 300px\" \/><\/a><br \/>\nDas Radom ist ein Relikt aus der Zeit des &#8222;Kalten Krieges&#8220;. Es gab bis zu 5 Radome, in denen sich je nach Bedrohungslage deutsche, englische, amerikanische Radar-Antennen drehten, um den Luftraum Richtung Osten zu \u00fcberwachen. Auf diesen Monitoren konnte man bis zu 400 km weit entfernte Flugzeuge erkennen.<br \/>\n<a href=\"http:\/\/blog.meineigenerweg.de\/wp-content\/uploads\/2020\/09\/Rhoen_20_08_056.jpg\"><img loading=\"lazy\" decoding=\"async\" class=\"alignnone size-medium wp-image-7117\" src=\"http:\/\/blog.meineigenerweg.de\/wp-content\/uploads\/2020\/09\/Rhoen_20_08_056-200x300.jpg\" alt=\"\" width=\"200\" height=\"300\" srcset=\"http:\/\/blog.meineigenerweg.de\/wp-content\/uploads\/2020\/09\/Rhoen_20_08_056-200x300.jpg 200w, http:\/\/blog.meineigenerweg.de\/wp-content\/uploads\/2020\/09\/Rhoen_20_08_056.jpg 667w\" sizes=\"auto, (max-width: 200px) 100vw, 200px\" \/><\/a><br \/>\nHeute gibt es keine Antennen mehr im Radom, sondern ein kleines Museum. Da, wo sich einst die Antennen drehten, finden heute Hochzeiten und Konzerte statt.<br \/>\n<a href=\"http:\/\/blog.meineigenerweg.de\/wp-content\/uploads\/2020\/09\/Rhoen_20_08_055.jpg\"><img loading=\"lazy\" decoding=\"async\" class=\"alignnone size-medium wp-image-7118\" src=\"http:\/\/blog.meineigenerweg.de\/wp-content\/uploads\/2020\/09\/Rhoen_20_08_055-300x200.jpg\" alt=\"\" width=\"300\" height=\"200\" srcset=\"http:\/\/blog.meineigenerweg.de\/wp-content\/uploads\/2020\/09\/Rhoen_20_08_055-300x200.jpg 300w, http:\/\/blog.meineigenerweg.de\/wp-content\/uploads\/2020\/09\/Rhoen_20_08_055-768x512.jpg 768w, http:\/\/blog.meineigenerweg.de\/wp-content\/uploads\/2020\/09\/Rhoen_20_08_055.jpg 1000w\" sizes=\"auto, (max-width: 300px) 100vw, 300px\" \/><\/a><br \/>\nDer Blick ins Tal ist sehr entspannend.<br \/>\n<a href=\"http:\/\/blog.meineigenerweg.de\/wp-content\/uploads\/2020\/09\/Rhoen_20_08_204.jpg\"><img loading=\"lazy\" decoding=\"async\" class=\"alignnone size-medium wp-image-7104\" src=\"http:\/\/blog.meineigenerweg.de\/wp-content\/uploads\/2020\/09\/Rhoen_20_08_204-300x200.jpg\" alt=\"\" width=\"300\" height=\"200\" srcset=\"http:\/\/blog.meineigenerweg.de\/wp-content\/uploads\/2020\/09\/Rhoen_20_08_204-300x200.jpg 300w, http:\/\/blog.meineigenerweg.de\/wp-content\/uploads\/2020\/09\/Rhoen_20_08_204-768x512.jpg 768w, http:\/\/blog.meineigenerweg.de\/wp-content\/uploads\/2020\/09\/Rhoen_20_08_204.jpg 1000w\" sizes=\"auto, (max-width: 300px) 100vw, 300px\" \/><\/a><br \/>\nBei gutem Wetter und geeignetem Wind ist hier ein beliebter Startplatz f\u00fcr Segelflieger und Drachenflieger und H\u00e4ngegleiter. Bereits 1924 wurde auf der Wasserkuppe die erste Flugschule der Welt f\u00fcr Segelflieger er\u00f6ffnet.<br \/>\n<a href=\"http:\/\/blog.meineigenerweg.de\/wp-content\/uploads\/2020\/09\/Rhoen_20_08_223.jpg\"><img loading=\"lazy\" decoding=\"async\" class=\"alignnone size-medium wp-image-7108\" src=\"http:\/\/blog.meineigenerweg.de\/wp-content\/uploads\/2020\/09\/Rhoen_20_08_223-300x200.jpg\" alt=\"\" width=\"300\" height=\"200\" srcset=\"http:\/\/blog.meineigenerweg.de\/wp-content\/uploads\/2020\/09\/Rhoen_20_08_223-300x200.jpg 300w, http:\/\/blog.meineigenerweg.de\/wp-content\/uploads\/2020\/09\/Rhoen_20_08_223-768x511.jpg 768w, http:\/\/blog.meineigenerweg.de\/wp-content\/uploads\/2020\/09\/Rhoen_20_08_223.jpg 1000w\" sizes=\"auto, (max-width: 300px) 100vw, 300px\" \/><\/a><\/p>\n<h6>Schwarzes Moor<\/h6>\n<p>Das Schwarze Moor liegt im Dreil\u00e4ndereck Hessen, Th\u00fcringen und Bayern und geh\u00f6rt zum UNESCO-Biosph\u00e4renreservat Rh\u00f6n. Es ist ein Komplex aus weitgehend unber\u00fchrtem Nieder- und Regenmoor.<br \/>\n<a href=\"http:\/\/blog.meineigenerweg.de\/wp-content\/uploads\/2020\/09\/Rhoen_20_08_001.jpg\"><img loading=\"lazy\" decoding=\"async\" class=\"alignnone size-medium wp-image-7090\" src=\"http:\/\/blog.meineigenerweg.de\/wp-content\/uploads\/2020\/09\/Rhoen_20_08_001-300x200.jpg\" alt=\"\" width=\"300\" height=\"200\" srcset=\"http:\/\/blog.meineigenerweg.de\/wp-content\/uploads\/2020\/09\/Rhoen_20_08_001-300x200.jpg 300w, http:\/\/blog.meineigenerweg.de\/wp-content\/uploads\/2020\/09\/Rhoen_20_08_001-768x513.jpg 768w, http:\/\/blog.meineigenerweg.de\/wp-content\/uploads\/2020\/09\/Rhoen_20_08_001.jpg 1000w\" sizes=\"auto, (max-width: 300px) 100vw, 300px\" \/><\/a><br \/>\nEs gibt viele Wanderwege und einen 2,5 km langen Naturlehrpfad, der mitten durch das Moor f\u00fchrt. Zuerst gilt es jedoch, einen Aussichtsturm zu erklimmen<br \/>\n<a href=\"http:\/\/blog.meineigenerweg.de\/wp-content\/uploads\/2020\/09\/Rhoen_20_08_006.jpg\"><img loading=\"lazy\" decoding=\"async\" class=\"alignnone size-medium wp-image-7092\" src=\"http:\/\/blog.meineigenerweg.de\/wp-content\/uploads\/2020\/09\/Rhoen_20_08_006-300x200.jpg\" alt=\"\" width=\"300\" height=\"200\" srcset=\"http:\/\/blog.meineigenerweg.de\/wp-content\/uploads\/2020\/09\/Rhoen_20_08_006-300x200.jpg 300w, http:\/\/blog.meineigenerweg.de\/wp-content\/uploads\/2020\/09\/Rhoen_20_08_006-768x512.jpg 768w, http:\/\/blog.meineigenerweg.de\/wp-content\/uploads\/2020\/09\/Rhoen_20_08_006.jpg 1000w\" sizes=\"auto, (max-width: 300px) 100vw, 300px\" \/><\/a><br \/>\nund den weiten Blick \u00fcber das Moor zu genie\u00dfen. In der Ferne kann man die Wasserkuppe erkennen.<br \/>\n<a href=\"http:\/\/blog.meineigenerweg.de\/wp-content\/uploads\/2020\/09\/Rhoen_20_08_009.jpg\"><img loading=\"lazy\" decoding=\"async\" class=\"alignnone size-medium wp-image-7093\" src=\"http:\/\/blog.meineigenerweg.de\/wp-content\/uploads\/2020\/09\/Rhoen_20_08_009-300x200.jpg\" alt=\"\" width=\"300\" height=\"200\" srcset=\"http:\/\/blog.meineigenerweg.de\/wp-content\/uploads\/2020\/09\/Rhoen_20_08_009-300x200.jpg 300w, http:\/\/blog.meineigenerweg.de\/wp-content\/uploads\/2020\/09\/Rhoen_20_08_009-768x512.jpg 768w, http:\/\/blog.meineigenerweg.de\/wp-content\/uploads\/2020\/09\/Rhoen_20_08_009.jpg 1000w\" sizes=\"auto, (max-width: 300px) 100vw, 300px\" \/><\/a><br \/>\nDer Naturlehrpfad f\u00fchrt \u00fcber Holzstege durch das Moor.<br \/>\n<a href=\"http:\/\/blog.meineigenerweg.de\/wp-content\/uploads\/2020\/09\/Rhoen_20_08_010.jpg\"><img loading=\"lazy\" decoding=\"async\" class=\"alignnone size-medium wp-image-7094\" src=\"http:\/\/blog.meineigenerweg.de\/wp-content\/uploads\/2020\/09\/Rhoen_20_08_010-300x200.jpg\" alt=\"\" width=\"300\" height=\"200\" srcset=\"http:\/\/blog.meineigenerweg.de\/wp-content\/uploads\/2020\/09\/Rhoen_20_08_010-300x200.jpg 300w, http:\/\/blog.meineigenerweg.de\/wp-content\/uploads\/2020\/09\/Rhoen_20_08_010-768x512.jpg 768w, http:\/\/blog.meineigenerweg.de\/wp-content\/uploads\/2020\/09\/Rhoen_20_08_010.jpg 1000w\" sizes=\"auto, (max-width: 300px) 100vw, 300px\" \/><\/a><br \/>\nViele Hinweistafeln entlang des Weges informieren \u00fcber das Moor, seine Entstehung, seine \u00f6kologische und wirtschaftliche Bedeutung und \u00fcber Fauna und Flora.<br \/>\n<a href=\"http:\/\/blog.meineigenerweg.de\/wp-content\/uploads\/2020\/09\/Rhoen_20_08_187.jpg\"><img loading=\"lazy\" decoding=\"async\" class=\"alignnone size-medium wp-image-7102\" src=\"http:\/\/blog.meineigenerweg.de\/wp-content\/uploads\/2020\/09\/Rhoen_20_08_187-300x200.jpg\" alt=\"\" width=\"300\" height=\"200\" srcset=\"http:\/\/blog.meineigenerweg.de\/wp-content\/uploads\/2020\/09\/Rhoen_20_08_187-300x200.jpg 300w, http:\/\/blog.meineigenerweg.de\/wp-content\/uploads\/2020\/09\/Rhoen_20_08_187-768x512.jpg 768w, http:\/\/blog.meineigenerweg.de\/wp-content\/uploads\/2020\/09\/Rhoen_20_08_187.jpg 1000w\" sizes=\"auto, (max-width: 300px) 100vw, 300px\" \/><\/a><br \/>\nDie kleinen Seen nennt man Moorauge.<br \/>\n<a href=\"http:\/\/blog.meineigenerweg.de\/wp-content\/uploads\/2020\/09\/Rhoen_20_08_025.jpg\"><img loading=\"lazy\" decoding=\"async\" class=\"alignnone size-medium wp-image-7095\" src=\"http:\/\/blog.meineigenerweg.de\/wp-content\/uploads\/2020\/09\/Rhoen_20_08_025-300x200.jpg\" alt=\"\" width=\"300\" height=\"200\" srcset=\"http:\/\/blog.meineigenerweg.de\/wp-content\/uploads\/2020\/09\/Rhoen_20_08_025-300x200.jpg 300w, http:\/\/blog.meineigenerweg.de\/wp-content\/uploads\/2020\/09\/Rhoen_20_08_025-768x512.jpg 768w, http:\/\/blog.meineigenerweg.de\/wp-content\/uploads\/2020\/09\/Rhoen_20_08_025.jpg 1000w\" sizes=\"auto, (max-width: 300px) 100vw, 300px\" \/><\/a><\/p>\n<h6>Steinernes Haus<\/h6>\n<p>Die Rh\u00f6n hat auf Grund ihrer vulkanischen Vergangenheit einige Basaltvorkommen. Ganze &#8222;Basaltmeere&#8220; und viele Basalts\u00e4ulen soll es am Gangolfsberg zu sehen geben. Ich hatte mich entschieden, mir das Steinerne Haus anzusehen.<\/p>\n<p>Mitten im Wald liegt ein kleiner Parkplatz. Nach ein paar hundert Metern kommt man auf eine kleine Lichtung. Hier gibt es eine kleine H\u00fctte Mit Biertischen und B\u00e4nken. Der Inhaber steht hinter dem Holzkohlengrill und br\u00e4t Steaks und W\u00fcrstchen, dazu gibt es sehr leckeres, selbst gemachtes Sauerkraut. Frisch gest\u00e4rkt l\u00e4sst sich der kleine See, der nur ein paar Meter entfernt ist, leicht umrunden.<br \/>\n<a href=\"http:\/\/blog.meineigenerweg.de\/wp-content\/uploads\/2020\/09\/Rhoen_20_08_073.jpg\"><img loading=\"lazy\" decoding=\"async\" class=\"alignnone size-medium wp-image-7099\" src=\"http:\/\/blog.meineigenerweg.de\/wp-content\/uploads\/2020\/09\/Rhoen_20_08_073-300x200.jpg\" alt=\"\" width=\"300\" height=\"200\" srcset=\"http:\/\/blog.meineigenerweg.de\/wp-content\/uploads\/2020\/09\/Rhoen_20_08_073-300x200.jpg 300w, http:\/\/blog.meineigenerweg.de\/wp-content\/uploads\/2020\/09\/Rhoen_20_08_073-768x512.jpg 768w, http:\/\/blog.meineigenerweg.de\/wp-content\/uploads\/2020\/09\/Rhoen_20_08_073.jpg 1000w\" sizes=\"auto, (max-width: 300px) 100vw, 300px\" \/><\/a><br \/>\nDie Granitsteinformation &#8222;Steinernes\u00a0<span style=\"font-size: 0.95em;\">Haus&#8220; l\u00e4sst sich leider nicht mehr erkennen, es gibt nur noch ein paar \u00fcberwucherte Basalts\u00e4ulen. Der Legende nach hatte ein junges Paar weder Geld noch Land noch Hoffnung, jemals zusammen zu kommen. Der junge Mann hat sich mit dem Teufel eingelassen und sich ein steinernes Haus bauen lassen. Als Bedingung d\u00fcrfe er in seinem Haus nach belieben Fluchen, aber nicht den Namen Gottes aussprechen. Das hat nat\u00fcrlich nicht geklappt und vor Wut hat der Teufel das Haus wieder zerschlagen. Das junge Paar hat \u00fcberlebt und gl\u00fccklich, aber arm zusammen gelebt.<\/span><\/p>\n<p><a href=\"http:\/\/blog.meineigenerweg.de\/wp-content\/uploads\/2020\/09\/Rhoen_20_08_081.jpg\"><img loading=\"lazy\" decoding=\"async\" class=\"alignnone size-medium wp-image-7100\" src=\"http:\/\/blog.meineigenerweg.de\/wp-content\/uploads\/2020\/09\/Rhoen_20_08_081-300x200.jpg\" alt=\"\" width=\"300\" height=\"200\" srcset=\"http:\/\/blog.meineigenerweg.de\/wp-content\/uploads\/2020\/09\/Rhoen_20_08_081-300x200.jpg 300w, http:\/\/blog.meineigenerweg.de\/wp-content\/uploads\/2020\/09\/Rhoen_20_08_081-768x512.jpg 768w, http:\/\/blog.meineigenerweg.de\/wp-content\/uploads\/2020\/09\/Rhoen_20_08_081.jpg 1000w\" sizes=\"auto, (max-width: 300px) 100vw, 300px\" \/><\/a><br \/>\nEs gibt sch\u00f6ne Wanderwege, die durch einen verwunschenen Wald f\u00fchren.<br \/>\n<a href=\"http:\/\/blog.meineigenerweg.de\/wp-content\/uploads\/2020\/09\/Rhoen_20_08_089.jpg\"><img loading=\"lazy\" decoding=\"async\" class=\"alignnone size-medium wp-image-7101\" src=\"http:\/\/blog.meineigenerweg.de\/wp-content\/uploads\/2020\/09\/Rhoen_20_08_089-300x200.jpg\" alt=\"\" width=\"300\" height=\"200\" srcset=\"http:\/\/blog.meineigenerweg.de\/wp-content\/uploads\/2020\/09\/Rhoen_20_08_089-300x200.jpg 300w, http:\/\/blog.meineigenerweg.de\/wp-content\/uploads\/2020\/09\/Rhoen_20_08_089-768x512.jpg 768w, http:\/\/blog.meineigenerweg.de\/wp-content\/uploads\/2020\/09\/Rhoen_20_08_089.jpg 1000w\" sizes=\"auto, (max-width: 300px) 100vw, 300px\" \/><\/a><\/p>\n","protected":false},"excerpt":{"rendered":"<p>August 2020 Es ist Sommer, die Sonne scheint von einem blauen Himmel. Auf dem Weg zu einem Termin in Bad Kissingen bietet es sich an, ein paar Tage in der Rh\u00f6n zu verbringen. Dort war ich noch nie, aber zur Wasserkuppe, dem mit 950 mtr H\u00f6he h\u00f6chsten Berg in der<\/p>\n","protected":false},"author":1,"featured_media":7131,"parent":7128,"menu_order":0,"comment_status":"closed","ping_status":"closed","template":"","meta":{"footnotes":""},"class_list":["post-7087","page","type-page","status-publish","has-post-thumbnail","hentry"],"_links":{"self":[{"href":"http:\/\/blog.meineigenerweg.de\/index.php?rest_route=\/wp\/v2\/pages\/7087","targetHints":{"allow":["GET"]}}],"collection":[{"href":"http:\/\/blog.meineigenerweg.de\/index.php?rest_route=\/wp\/v2\/pages"}],"about":[{"href":"http:\/\/blog.meineigenerweg.de\/index.php?rest_route=\/wp\/v2\/types\/page"}],"author":[{"embeddable":true,"href":"http:\/\/blog.meineigenerweg.de\/index.php?rest_route=\/wp\/v2\/users\/1"}],"replies":[{"embeddable":true,"href":"http:\/\/blog.meineigenerweg.de\/index.php?rest_route=%2Fwp%2Fv2%2Fcomments&post=7087"}],"version-history":[{"count":25,"href":"http:\/\/blog.meineigenerweg.de\/index.php?rest_route=\/wp\/v2\/pages\/7087\/revisions"}],"predecessor-version":[{"id":7143,"href":"http:\/\/blog.meineigenerweg.de\/index.php?rest_route=\/wp\/v2\/pages\/7087\/revisions\/7143"}],"up":[{"embeddable":true,"href":"http:\/\/blog.meineigenerweg.de\/index.php?rest_route=\/wp\/v2\/pages\/7128"}],"wp:featuredmedia":[{"embeddable":true,"href":"http:\/\/blog.meineigenerweg.de\/index.php?rest_route=\/wp\/v2\/media\/7131"}],"wp:attachment":[{"href":"http:\/\/blog.meineigenerweg.de\/index.php?rest_route=%2Fwp%2Fv2%2Fmedia&parent=7087"}],"curies":[{"name":"wp","href":"https:\/\/api.w.org\/{rel}","templated":true}]}}