{"id":6783,"date":"2020-01-13T10:59:55","date_gmt":"2020-01-13T09:59:55","guid":{"rendered":"http:\/\/blog.meineigenerweg.de\/?page_id=6783"},"modified":"2020-02-05T22:48:44","modified_gmt":"2020-02-05T21:48:44","slug":"colmar-weihnachtsmarkt","status":"publish","type":"page","link":"http:\/\/blog.meineigenerweg.de\/?page_id=6783","title":{"rendered":"Colmar &#8211; Weihnachtsmarkt ****"},"content":{"rendered":"<p>Dezember 2019<\/p>\n<p>Weihnachtsmarkt in Colmar &#8211; einen Besuch hatte ich mir bei meinem ersten Ausflug nach Colmar im letzten Herbst vorgenommen. Schon damals haben mir die malerischen Str\u00e4\u00dfchen mit den sch\u00f6nen Fachwerkh\u00e4usern, die h\u00fcbschen Cafes und kleinen Lokalen sehr gut gefallen. Das ganze im Winter im Schnee h\u00e4tte diesen Eindruck noch verst\u00e4rkt. Leider gab es aber w\u00e4hrend meines Besuchs reichlich Regen statt Schnee. Trotzdem hat mich die gem\u00fctliche Atmosph\u00e4re mit geschm\u00fcckten H\u00e4usern und Vin rouge chaut noch einmal f\u00fcr das \u00d6rtchen eingenommen!<\/p>\n<p><a href=\"http:\/\/blog.meineigenerweg.de\/wp-content\/uploads\/2020\/01\/IMG_0061.jpg\"><img loading=\"lazy\" decoding=\"async\" class=\"alignnone size-medium wp-image-6789\" src=\"http:\/\/blog.meineigenerweg.de\/wp-content\/uploads\/2020\/01\/IMG_0061-300x200.jpg\" alt=\"\" width=\"300\" height=\"200\" srcset=\"http:\/\/blog.meineigenerweg.de\/wp-content\/uploads\/2020\/01\/IMG_0061-300x200.jpg 300w, http:\/\/blog.meineigenerweg.de\/wp-content\/uploads\/2020\/01\/IMG_0061-768x512.jpg 768w, http:\/\/blog.meineigenerweg.de\/wp-content\/uploads\/2020\/01\/IMG_0061.jpg 1000w\" sizes=\"auto, (max-width: 300px) 100vw, 300px\" \/><\/a> <a href=\"http:\/\/blog.meineigenerweg.de\/wp-content\/uploads\/2020\/01\/IMG_0088.jpg\"><img loading=\"lazy\" decoding=\"async\" class=\"alignnone size-medium wp-image-6790\" src=\"http:\/\/blog.meineigenerweg.de\/wp-content\/uploads\/2020\/01\/IMG_0088-300x200.jpg\" alt=\"\" width=\"300\" height=\"200\" srcset=\"http:\/\/blog.meineigenerweg.de\/wp-content\/uploads\/2020\/01\/IMG_0088-300x200.jpg 300w, http:\/\/blog.meineigenerweg.de\/wp-content\/uploads\/2020\/01\/IMG_0088-768x512.jpg 768w, http:\/\/blog.meineigenerweg.de\/wp-content\/uploads\/2020\/01\/IMG_0088.jpg 1000w\" sizes=\"auto, (max-width: 300px) 100vw, 300px\" \/><\/a> <a href=\"http:\/\/blog.meineigenerweg.de\/wp-content\/uploads\/2020\/01\/IMG_0092.jpg\"><img loading=\"lazy\" decoding=\"async\" class=\"alignnone size-medium wp-image-6791\" src=\"http:\/\/blog.meineigenerweg.de\/wp-content\/uploads\/2020\/01\/IMG_0092-300x200.jpg\" alt=\"\" width=\"300\" height=\"200\" srcset=\"http:\/\/blog.meineigenerweg.de\/wp-content\/uploads\/2020\/01\/IMG_0092-300x200.jpg 300w, http:\/\/blog.meineigenerweg.de\/wp-content\/uploads\/2020\/01\/IMG_0092-768x512.jpg 768w, http:\/\/blog.meineigenerweg.de\/wp-content\/uploads\/2020\/01\/IMG_0092.jpg 1000w\" sizes=\"auto, (max-width: 300px) 100vw, 300px\" \/><\/a> <a href=\"http:\/\/blog.meineigenerweg.de\/wp-content\/uploads\/2020\/01\/IMG_0094.jpg\"><img loading=\"lazy\" decoding=\"async\" class=\"alignnone size-medium wp-image-6792\" src=\"http:\/\/blog.meineigenerweg.de\/wp-content\/uploads\/2020\/01\/IMG_0094-300x200.jpg\" alt=\"\" width=\"300\" height=\"200\" srcset=\"http:\/\/blog.meineigenerweg.de\/wp-content\/uploads\/2020\/01\/IMG_0094-300x200.jpg 300w, http:\/\/blog.meineigenerweg.de\/wp-content\/uploads\/2020\/01\/IMG_0094-768x512.jpg 768w, http:\/\/blog.meineigenerweg.de\/wp-content\/uploads\/2020\/01\/IMG_0094.jpg 1000w\" sizes=\"auto, (max-width: 300px) 100vw, 300px\" \/><\/a> <a href=\"http:\/\/blog.meineigenerweg.de\/wp-content\/uploads\/2020\/01\/IMG_0097.jpg\"><img loading=\"lazy\" decoding=\"async\" class=\"alignnone size-medium wp-image-6793\" src=\"http:\/\/blog.meineigenerweg.de\/wp-content\/uploads\/2020\/01\/IMG_0097-300x200.jpg\" alt=\"\" width=\"300\" height=\"200\" srcset=\"http:\/\/blog.meineigenerweg.de\/wp-content\/uploads\/2020\/01\/IMG_0097-300x200.jpg 300w, http:\/\/blog.meineigenerweg.de\/wp-content\/uploads\/2020\/01\/IMG_0097-768x512.jpg 768w, http:\/\/blog.meineigenerweg.de\/wp-content\/uploads\/2020\/01\/IMG_0097.jpg 1000w\" sizes=\"auto, (max-width: 300px) 100vw, 300px\" \/><\/a> <a href=\"http:\/\/blog.meineigenerweg.de\/wp-content\/uploads\/2020\/01\/IMG_0103.jpg\"><img loading=\"lazy\" decoding=\"async\" class=\"alignnone size-medium wp-image-6794\" src=\"http:\/\/blog.meineigenerweg.de\/wp-content\/uploads\/2020\/01\/IMG_0103-300x200.jpg\" alt=\"\" width=\"300\" height=\"200\" srcset=\"http:\/\/blog.meineigenerweg.de\/wp-content\/uploads\/2020\/01\/IMG_0103-300x200.jpg 300w, http:\/\/blog.meineigenerweg.de\/wp-content\/uploads\/2020\/01\/IMG_0103-768x512.jpg 768w, http:\/\/blog.meineigenerweg.de\/wp-content\/uploads\/2020\/01\/IMG_0103.jpg 1000w\" sizes=\"auto, (max-width: 300px) 100vw, 300px\" \/><\/a><\/p>\n<p>&nbsp;<\/p>\n<p>Meine Wertung: <span style=\"color: #ff0000;\">****<\/span>* ein sch\u00f6ner Ausflug<br \/>\nFrankreich<br \/>\nColmar<\/p>\n","protected":false},"excerpt":{"rendered":"<p>Dezember 2019 Weihnachtsmarkt in Colmar &#8211; einen Besuch hatte ich mir bei meinem ersten Ausflug nach Colmar im letzten Herbst vorgenommen. Schon damals haben mir die malerischen Str\u00e4\u00dfchen mit den sch\u00f6nen Fachwerkh\u00e4usern, die h\u00fcbschen Cafes und kleinen Lokalen sehr gut gefallen. Das ganze im Winter im Schnee h\u00e4tte diesen Eindruck<\/p>\n","protected":false},"author":1,"featured_media":6854,"parent":152,"menu_order":0,"comment_status":"closed","ping_status":"closed","template":"","meta":{"footnotes":""},"class_list":["post-6783","page","type-page","status-publish","has-post-thumbnail","hentry"],"_links":{"self":[{"href":"http:\/\/blog.meineigenerweg.de\/index.php?rest_route=\/wp\/v2\/pages\/6783","targetHints":{"allow":["GET"]}}],"collection":[{"href":"http:\/\/blog.meineigenerweg.de\/index.php?rest_route=\/wp\/v2\/pages"}],"about":[{"href":"http:\/\/blog.meineigenerweg.de\/index.php?rest_route=\/wp\/v2\/types\/page"}],"author":[{"embeddable":true,"href":"http:\/\/blog.meineigenerweg.de\/index.php?rest_route=\/wp\/v2\/users\/1"}],"replies":[{"embeddable":true,"href":"http:\/\/blog.meineigenerweg.de\/index.php?rest_route=%2Fwp%2Fv2%2Fcomments&post=6783"}],"version-history":[{"count":9,"href":"http:\/\/blog.meineigenerweg.de\/index.php?rest_route=\/wp\/v2\/pages\/6783\/revisions"}],"predecessor-version":[{"id":6877,"href":"http:\/\/blog.meineigenerweg.de\/index.php?rest_route=\/wp\/v2\/pages\/6783\/revisions\/6877"}],"up":[{"embeddable":true,"href":"http:\/\/blog.meineigenerweg.de\/index.php?rest_route=\/wp\/v2\/pages\/152"}],"wp:featuredmedia":[{"embeddable":true,"href":"http:\/\/blog.meineigenerweg.de\/index.php?rest_route=\/wp\/v2\/media\/6854"}],"wp:attachment":[{"href":"http:\/\/blog.meineigenerweg.de\/index.php?rest_route=%2Fwp%2Fv2%2Fmedia&parent=6783"}],"curies":[{"name":"wp","href":"https:\/\/api.w.org\/{rel}","templated":true}]}}