{"id":6653,"date":"2020-01-12T22:06:07","date_gmt":"2020-01-12T21:06:07","guid":{"rendered":"http:\/\/blog.meineigenerweg.de\/?page_id=6653"},"modified":"2020-01-13T11:06:53","modified_gmt":"2020-01-13T10:06:53","slug":"freiburg-herbstgefuehle","status":"publish","type":"page","link":"http:\/\/blog.meineigenerweg.de\/?page_id=6653","title":{"rendered":"Freiburg &#8211; Herbstgef\u00fchle *****"},"content":{"rendered":"<p>September 2019<\/p>\n<p>Im Sp\u00e4tsommer nach Freiburg zu Fahren ist einfach nur sch\u00f6n &#8230;<\/p>\n<p>Man kann gem\u00fctlich nur durch die Stadt bummeln und etwas Sch\u00f6nes kaufen oder in einer der vielen Gasth\u00e4user, Kneipen oder Caf\u00e9s sitzen, die Sonne genie\u00dfen, dem gesch\u00e4ftigen Treiben auf der Stra\u00dfe zuschauen und die Seele baumeln lassen.<\/p>\n<p>Freiburg ist einfach nur sch\u00f6n &#8230;<\/p>\n<p><a href=\"http:\/\/blog.meineigenerweg.de\/wp-content\/uploads\/2019\/09\/Schwarzwald_19_09_007.jpg\"><img loading=\"lazy\" decoding=\"async\" class=\"alignnone size-medium wp-image-6655\" src=\"http:\/\/blog.meineigenerweg.de\/wp-content\/uploads\/2019\/09\/Schwarzwald_19_09_007-300x200.jpg\" alt=\"\" width=\"300\" height=\"200\" srcset=\"http:\/\/blog.meineigenerweg.de\/wp-content\/uploads\/2019\/09\/Schwarzwald_19_09_007-300x200.jpg 300w, http:\/\/blog.meineigenerweg.de\/wp-content\/uploads\/2019\/09\/Schwarzwald_19_09_007-768x512.jpg 768w, http:\/\/blog.meineigenerweg.de\/wp-content\/uploads\/2019\/09\/Schwarzwald_19_09_007.jpg 1000w\" sizes=\"auto, (max-width: 300px) 100vw, 300px\" \/><\/a><\/p>\n<p>Nat\u00fcrlich muss man einmal \u00fcber den Wochenmarkt am M\u00fcnster schlendern und die bunten Farben und Ger\u00fcche des Sp\u00e4tsommers einfangen oder mal ein St\u00fcck K\u00e4se probieren, dort ein paar Oliven naschen und den frischen neuen S\u00fc\u00dfen dazu genie\u00dfen.<\/p>\n<p><a href=\"http:\/\/blog.meineigenerweg.de\/wp-content\/uploads\/2019\/09\/Schwarzwald_19_09_016.jpg\"><img loading=\"lazy\" decoding=\"async\" class=\"alignnone size-medium wp-image-6658\" src=\"http:\/\/blog.meineigenerweg.de\/wp-content\/uploads\/2019\/09\/Schwarzwald_19_09_016-300x200.jpg\" alt=\"\" width=\"300\" height=\"200\" srcset=\"http:\/\/blog.meineigenerweg.de\/wp-content\/uploads\/2019\/09\/Schwarzwald_19_09_016-300x200.jpg 300w, http:\/\/blog.meineigenerweg.de\/wp-content\/uploads\/2019\/09\/Schwarzwald_19_09_016-768x512.jpg 768w, http:\/\/blog.meineigenerweg.de\/wp-content\/uploads\/2019\/09\/Schwarzwald_19_09_016.jpg 1000w\" sizes=\"auto, (max-width: 300px) 100vw, 300px\" \/><\/a> <a href=\"http:\/\/blog.meineigenerweg.de\/wp-content\/uploads\/2019\/09\/Schwarzwald_19_09_011.jpg\"><img loading=\"lazy\" decoding=\"async\" class=\"alignnone size-medium wp-image-6657\" src=\"http:\/\/blog.meineigenerweg.de\/wp-content\/uploads\/2019\/09\/Schwarzwald_19_09_011-300x200.jpg\" alt=\"\" width=\"300\" height=\"200\" srcset=\"http:\/\/blog.meineigenerweg.de\/wp-content\/uploads\/2019\/09\/Schwarzwald_19_09_011-300x200.jpg 300w, http:\/\/blog.meineigenerweg.de\/wp-content\/uploads\/2019\/09\/Schwarzwald_19_09_011-768x512.jpg 768w, http:\/\/blog.meineigenerweg.de\/wp-content\/uploads\/2019\/09\/Schwarzwald_19_09_011.jpg 1000w\" sizes=\"auto, (max-width: 300px) 100vw, 300px\" \/><\/a> <a href=\"http:\/\/blog.meineigenerweg.de\/wp-content\/uploads\/2019\/09\/Schwarzwald_19_09_010.jpg\"><img loading=\"lazy\" decoding=\"async\" class=\"alignnone size-medium wp-image-6656\" src=\"http:\/\/blog.meineigenerweg.de\/wp-content\/uploads\/2019\/09\/Schwarzwald_19_09_010-300x200.jpg\" alt=\"\" width=\"300\" height=\"200\" srcset=\"http:\/\/blog.meineigenerweg.de\/wp-content\/uploads\/2019\/09\/Schwarzwald_19_09_010-300x200.jpg 300w, http:\/\/blog.meineigenerweg.de\/wp-content\/uploads\/2019\/09\/Schwarzwald_19_09_010-768x512.jpg 768w, http:\/\/blog.meineigenerweg.de\/wp-content\/uploads\/2019\/09\/Schwarzwald_19_09_010.jpg 1000w\" sizes=\"auto, (max-width: 300px) 100vw, 300px\" \/><\/a><\/p>\n<p>Wer keinen Drehwurm bekommt, kann \u00fcber die 298 Stufen den Turm des Freiburger M\u00fcnster erklimmen und dabei den herrlichen Ausblick \u00fcber die Stadt bekommen und anschlie\u00dfend erfahren wo die Glocken h\u00e4ngen.<\/p>\n<p><a href=\"http:\/\/blog.meineigenerweg.de\/wp-content\/uploads\/2019\/09\/Schwarzwald_19_09_030.jpg\"><img loading=\"lazy\" decoding=\"async\" class=\"alignnone size-medium wp-image-6659\" src=\"http:\/\/blog.meineigenerweg.de\/wp-content\/uploads\/2019\/09\/Schwarzwald_19_09_030-300x200.jpg\" alt=\"\" width=\"300\" height=\"200\" srcset=\"http:\/\/blog.meineigenerweg.de\/wp-content\/uploads\/2019\/09\/Schwarzwald_19_09_030-300x200.jpg 300w, http:\/\/blog.meineigenerweg.de\/wp-content\/uploads\/2019\/09\/Schwarzwald_19_09_030-768x512.jpg 768w, http:\/\/blog.meineigenerweg.de\/wp-content\/uploads\/2019\/09\/Schwarzwald_19_09_030.jpg 1000w\" sizes=\"auto, (max-width: 300px) 100vw, 300px\" \/><\/a> <a href=\"http:\/\/blog.meineigenerweg.de\/wp-content\/uploads\/2019\/09\/Schwarzwald_19_09_046.jpg\"><img loading=\"lazy\" decoding=\"async\" class=\"alignnone size-medium wp-image-6660\" src=\"http:\/\/blog.meineigenerweg.de\/wp-content\/uploads\/2019\/09\/Schwarzwald_19_09_046-300x200.jpg\" alt=\"\" width=\"300\" height=\"200\" srcset=\"http:\/\/blog.meineigenerweg.de\/wp-content\/uploads\/2019\/09\/Schwarzwald_19_09_046-300x200.jpg 300w, http:\/\/blog.meineigenerweg.de\/wp-content\/uploads\/2019\/09\/Schwarzwald_19_09_046-768x512.jpg 768w, http:\/\/blog.meineigenerweg.de\/wp-content\/uploads\/2019\/09\/Schwarzwald_19_09_046.jpg 1000w\" sizes=\"auto, (max-width: 300px) 100vw, 300px\" \/><\/a> <a href=\"http:\/\/blog.meineigenerweg.de\/wp-content\/uploads\/2019\/09\/Schwarzwald_19_09_049.jpg\"><img loading=\"lazy\" decoding=\"async\" class=\"alignnone size-medium wp-image-6661\" src=\"http:\/\/blog.meineigenerweg.de\/wp-content\/uploads\/2019\/09\/Schwarzwald_19_09_049-300x191.jpg\" alt=\"\" width=\"300\" height=\"191\" srcset=\"http:\/\/blog.meineigenerweg.de\/wp-content\/uploads\/2019\/09\/Schwarzwald_19_09_049-300x191.jpg 300w, http:\/\/blog.meineigenerweg.de\/wp-content\/uploads\/2019\/09\/Schwarzwald_19_09_049-768x489.jpg 768w, http:\/\/blog.meineigenerweg.de\/wp-content\/uploads\/2019\/09\/Schwarzwald_19_09_049.jpg 1000w\" sizes=\"auto, (max-width: 300px) 100vw, 300px\" \/><\/a><\/p>\n<p><a href=\"http:\/\/blog.meineigenerweg.de\/wp-content\/uploads\/2019\/09\/Schwarzwald_19_09_053.jpg\"><img loading=\"lazy\" decoding=\"async\" class=\"alignnone size-medium wp-image-6662\" src=\"http:\/\/blog.meineigenerweg.de\/wp-content\/uploads\/2019\/09\/Schwarzwald_19_09_053-300x200.jpg\" alt=\"\" width=\"300\" height=\"200\" srcset=\"http:\/\/blog.meineigenerweg.de\/wp-content\/uploads\/2019\/09\/Schwarzwald_19_09_053-300x200.jpg 300w, http:\/\/blog.meineigenerweg.de\/wp-content\/uploads\/2019\/09\/Schwarzwald_19_09_053-768x512.jpg 768w, http:\/\/blog.meineigenerweg.de\/wp-content\/uploads\/2019\/09\/Schwarzwald_19_09_053.jpg 1000w\" sizes=\"auto, (max-width: 300px) 100vw, 300px\" \/><\/a> <a href=\"http:\/\/blog.meineigenerweg.de\/wp-content\/uploads\/2019\/09\/Schwarzwald_19_09_061.jpg\"><img loading=\"lazy\" decoding=\"async\" class=\"alignnone size-medium wp-image-6663\" src=\"http:\/\/blog.meineigenerweg.de\/wp-content\/uploads\/2019\/09\/Schwarzwald_19_09_061-300x200.jpg\" alt=\"\" width=\"300\" height=\"200\" srcset=\"http:\/\/blog.meineigenerweg.de\/wp-content\/uploads\/2019\/09\/Schwarzwald_19_09_061-300x200.jpg 300w, http:\/\/blog.meineigenerweg.de\/wp-content\/uploads\/2019\/09\/Schwarzwald_19_09_061-768x512.jpg 768w, http:\/\/blog.meineigenerweg.de\/wp-content\/uploads\/2019\/09\/Schwarzwald_19_09_061.jpg 1000w\" sizes=\"auto, (max-width: 300px) 100vw, 300px\" \/><\/a><\/p>\n<p>Es h\u00e4ngt davon ab, wie fit man ist, aber hinauf kommt man immer &#8230; auf den Schlossberg. Entweder mit der bequemen Schlossbergbahn, \u00fcber einen gem\u00fctlichen Wanderweg oder sportlich \u00fcber fast 300 Treppenstufen.<\/p>\n<p><a href=\"http:\/\/blog.meineigenerweg.de\/wp-content\/uploads\/2019\/09\/Schwarzwald_19_09_110.jpg\"><img loading=\"lazy\" decoding=\"async\" class=\"alignnone size-medium wp-image-6664\" src=\"http:\/\/blog.meineigenerweg.de\/wp-content\/uploads\/2019\/09\/Schwarzwald_19_09_110-300x200.jpg\" alt=\"\" width=\"300\" height=\"200\" srcset=\"http:\/\/blog.meineigenerweg.de\/wp-content\/uploads\/2019\/09\/Schwarzwald_19_09_110-300x200.jpg 300w, http:\/\/blog.meineigenerweg.de\/wp-content\/uploads\/2019\/09\/Schwarzwald_19_09_110-768x512.jpg 768w, http:\/\/blog.meineigenerweg.de\/wp-content\/uploads\/2019\/09\/Schwarzwald_19_09_110.jpg 1000w\" sizes=\"auto, (max-width: 300px) 100vw, 300px\" \/><\/a><\/p>\n<p>Von oben hat man nicht nur einen tollen Blick \u00fcber die Stadt, sondern kann auch noch den Schlossbergturm besteigen.<\/p>\n<p><a href=\"http:\/\/blog.meineigenerweg.de\/wp-content\/uploads\/2019\/09\/Schwarzwald_19_09_114.jpg\"><img loading=\"lazy\" decoding=\"async\" class=\"alignnone size-medium wp-image-6665\" src=\"http:\/\/blog.meineigenerweg.de\/wp-content\/uploads\/2019\/09\/Schwarzwald_19_09_114-300x200.jpg\" alt=\"\" width=\"300\" height=\"200\" srcset=\"http:\/\/blog.meineigenerweg.de\/wp-content\/uploads\/2019\/09\/Schwarzwald_19_09_114-300x200.jpg 300w, http:\/\/blog.meineigenerweg.de\/wp-content\/uploads\/2019\/09\/Schwarzwald_19_09_114-768x512.jpg 768w, http:\/\/blog.meineigenerweg.de\/wp-content\/uploads\/2019\/09\/Schwarzwald_19_09_114.jpg 1000w\" sizes=\"auto, (max-width: 300px) 100vw, 300px\" \/><\/a><br \/>\n<a href=\"http:\/\/blog.meineigenerweg.de\/wp-content\/uploads\/2019\/09\/Schwarzwald_19_09_400.jpg\"><img loading=\"lazy\" decoding=\"async\" class=\"alignnone size-medium wp-image-6667\" src=\"http:\/\/blog.meineigenerweg.de\/wp-content\/uploads\/2019\/09\/Schwarzwald_19_09_400-225x300.jpg\" alt=\"\" width=\"225\" height=\"300\" srcset=\"http:\/\/blog.meineigenerweg.de\/wp-content\/uploads\/2019\/09\/Schwarzwald_19_09_400-225x300.jpg 225w, http:\/\/blog.meineigenerweg.de\/wp-content\/uploads\/2019\/09\/Schwarzwald_19_09_400.jpg 750w\" sizes=\"auto, (max-width: 225px) 100vw, 225px\" \/><\/a> <a href=\"http:\/\/blog.meineigenerweg.de\/wp-content\/uploads\/2019\/09\/Schwarzwald_19_09_130.jpg\"><img loading=\"lazy\" decoding=\"async\" class=\"alignnone size-medium wp-image-6666\" src=\"http:\/\/blog.meineigenerweg.de\/wp-content\/uploads\/2019\/09\/Schwarzwald_19_09_130-300x200.jpg\" alt=\"\" width=\"300\" height=\"200\" srcset=\"http:\/\/blog.meineigenerweg.de\/wp-content\/uploads\/2019\/09\/Schwarzwald_19_09_130-300x200.jpg 300w, http:\/\/blog.meineigenerweg.de\/wp-content\/uploads\/2019\/09\/Schwarzwald_19_09_130-768x512.jpg 768w, http:\/\/blog.meineigenerweg.de\/wp-content\/uploads\/2019\/09\/Schwarzwald_19_09_130.jpg 1000w\" sizes=\"auto, (max-width: 300px) 100vw, 300px\" \/><\/a><\/p>\n<p>&nbsp;<\/p>\n<p><em>Meine Wertung: <span style=\"color: #ff0000;\">*****<\/span> immer wieder sch\u00f6n &#8230; zu jeder Jahreszeit<\/em><br \/>\n<i>zentral gelegener WoMo-Stellplatz (Ver- und Entsorgung, keine Duschen und Toiletten):\u00a0Bossierst. 30<\/i><\/p>\n<p>&nbsp;<\/p>\n","protected":false},"excerpt":{"rendered":"<p>September 2019 Im Sp\u00e4tsommer nach Freiburg zu Fahren ist einfach nur sch\u00f6n &#8230; Man kann gem\u00fctlich nur durch die Stadt bummeln und etwas Sch\u00f6nes kaufen oder in einer der vielen Gasth\u00e4user, Kneipen oder Caf\u00e9s sitzen, die Sonne genie\u00dfen, dem gesch\u00e4ftigen Treiben auf der Stra\u00dfe zuschauen und die Seele baumeln lassen.<\/p>\n","protected":false},"author":1,"featured_media":6672,"parent":3419,"menu_order":0,"comment_status":"closed","ping_status":"closed","template":"","meta":{"footnotes":""},"class_list":["post-6653","page","type-page","status-publish","has-post-thumbnail","hentry"],"_links":{"self":[{"href":"http:\/\/blog.meineigenerweg.de\/index.php?rest_route=\/wp\/v2\/pages\/6653","targetHints":{"allow":["GET"]}}],"collection":[{"href":"http:\/\/blog.meineigenerweg.de\/index.php?rest_route=\/wp\/v2\/pages"}],"about":[{"href":"http:\/\/blog.meineigenerweg.de\/index.php?rest_route=\/wp\/v2\/types\/page"}],"author":[{"embeddable":true,"href":"http:\/\/blog.meineigenerweg.de\/index.php?rest_route=\/wp\/v2\/users\/1"}],"replies":[{"embeddable":true,"href":"http:\/\/blog.meineigenerweg.de\/index.php?rest_route=%2Fwp%2Fv2%2Fcomments&post=6653"}],"version-history":[{"count":8,"href":"http:\/\/blog.meineigenerweg.de\/index.php?rest_route=\/wp\/v2\/pages\/6653\/revisions"}],"predecessor-version":[{"id":6861,"href":"http:\/\/blog.meineigenerweg.de\/index.php?rest_route=\/wp\/v2\/pages\/6653\/revisions\/6861"}],"up":[{"embeddable":true,"href":"http:\/\/blog.meineigenerweg.de\/index.php?rest_route=\/wp\/v2\/pages\/3419"}],"wp:featuredmedia":[{"embeddable":true,"href":"http:\/\/blog.meineigenerweg.de\/index.php?rest_route=\/wp\/v2\/media\/6672"}],"wp:attachment":[{"href":"http:\/\/blog.meineigenerweg.de\/index.php?rest_route=%2Fwp%2Fv2%2Fmedia&parent=6653"}],"curies":[{"name":"wp","href":"https:\/\/api.w.org\/{rel}","templated":true}]}}