{"id":662,"date":"2014-02-20T15:42:51","date_gmt":"2014-02-20T14:42:51","guid":{"rendered":"http:\/\/blog.meineigenerweg.de\/?page_id=662"},"modified":"2019-03-28T21:17:19","modified_gmt":"2019-03-28T20:17:19","slug":"essen-reise-messe","status":"publish","type":"page","link":"http:\/\/blog.meineigenerweg.de\/?page_id=662","title":{"rendered":"Essen &#8211; Reise-Messe ***"},"content":{"rendered":"<p>20.02.2014<\/p>\n<p>Bei strahlendem Sonnenschein habe ich einen Ausflug nach Essen gemacht.<br \/>\nIn den Messehallen<\/p>\n<p><a href=\"http:\/\/blog.meineigenerweg.de\/wp-content\/uploads\/2014\/02\/Grupga-2.jpg\"><img loading=\"lazy\" decoding=\"async\" class=\"alignnone size-medium wp-image-665\" src=\"http:\/\/blog.meineigenerweg.de\/wp-content\/uploads\/2014\/02\/Grupga-2-300x225.jpg\" alt=\"Grupga 2\" width=\"300\" height=\"225\" srcset=\"http:\/\/blog.meineigenerweg.de\/wp-content\/uploads\/2014\/02\/Grupga-2-300x225.jpg 300w, http:\/\/blog.meineigenerweg.de\/wp-content\/uploads\/2014\/02\/Grupga-2.jpg 1000w\" sizes=\"auto, (max-width: 300px) 100vw, 300px\" \/><\/a><\/p>\n<p>neben der <span style=\"text-decoration: underline;\"><span style=\"color: #0000ff; text-decoration: underline;\"><a href=\"http:\/\/www.grugahalle.de\" target=\"_blank\" rel=\"noopener noreferrer\"><span style=\"color: #0000ff; text-decoration: underline;\">Grugahalle<\/span><\/a>, <\/span><\/span> und dem <span style=\"text-decoration: underline;\"><span style=\"color: #0000ff; text-decoration: underline;\"><a href=\"http:\/\/www.grugapark.de\/aktuell.html\" target=\"_blank\" rel=\"noopener noreferrer\"><span style=\"color: #0000ff; text-decoration: underline;\">Grugapark<\/span><\/a>, <\/span><\/span><\/p>\n<p><a href=\"http:\/\/blog.meineigenerweg.de\/wp-content\/uploads\/2014\/02\/Grupga-1.jpg\"><img loading=\"lazy\" decoding=\"async\" class=\"alignnone size-medium wp-image-664\" src=\"http:\/\/blog.meineigenerweg.de\/wp-content\/uploads\/2014\/02\/Grupga-1-300x225.jpg\" alt=\"Grupga 1\" width=\"300\" height=\"225\" srcset=\"http:\/\/blog.meineigenerweg.de\/wp-content\/uploads\/2014\/02\/Grupga-1-300x225.jpg 300w, http:\/\/blog.meineigenerweg.de\/wp-content\/uploads\/2014\/02\/Grupga-1.jpg 1000w\" sizes=\"auto, (max-width: 300px) 100vw, 300px\" \/><\/a><\/p>\n<p>findet die <span style=\"text-decoration: underline;\"><span style=\"color: #0000ff; text-decoration: underline;\"><a href=\"http:\/\/www.die-urlaubswelt.de\" target=\"_blank\" rel=\"noopener noreferrer\"><span style=\"color: #0000ff; text-decoration: underline;\">Messe Reise und Camping<\/span><\/a>, <\/span><\/span> statt.<\/p>\n<p>Viele Urlaubsregionen aus Deutschland und dem umliegenden Ausland pr\u00e4sentieren sich und haben mehr oder weniger aufw\u00e4ndige und originelle St\u00e4nde aufgebaut. Zum einen mit guten Informationen und Gespr\u00e4chen, zum anderen bereits um 11:00 Uhr mit lokalem Bier, Wein und Schnaps. Vielleicht ein Grund dort einmal Urlaub zu machen (sarkastisch).<\/p>\n<p><a href=\"http:\/\/blog.meineigenerweg.de\/wp-content\/uploads\/2014\/02\/Essen_Reisemessen_14_02_109.jpg\"><img loading=\"lazy\" decoding=\"async\" class=\"alignnone size-medium wp-image-682\" src=\"http:\/\/blog.meineigenerweg.de\/wp-content\/uploads\/2014\/02\/Essen_Reisemessen_14_02_109-225x300.jpg\" alt=\"Essen_Reisemessen_14_02_109\" width=\"225\" height=\"300\" srcset=\"http:\/\/blog.meineigenerweg.de\/wp-content\/uploads\/2014\/02\/Essen_Reisemessen_14_02_109-225x300.jpg 225w, http:\/\/blog.meineigenerweg.de\/wp-content\/uploads\/2014\/02\/Essen_Reisemessen_14_02_109.jpg 600w\" sizes=\"auto, (max-width: 225px) 100vw, 225px\" \/><\/a><\/p>\n<p>Die Messe war gut gesucht, aber eigentlich konnte ich, \u00fcberall wo ich es wollte, auch interessante Gespr\u00e4che f\u00fchren.<\/p>\n<p><a href=\"http:\/\/blog.meineigenerweg.de\/wp-content\/uploads\/2014\/02\/Essen_Reisemessen_14_02_117.jpg\"><img loading=\"lazy\" decoding=\"async\" class=\"alignnone size-medium wp-image-683\" src=\"http:\/\/blog.meineigenerweg.de\/wp-content\/uploads\/2014\/02\/Essen_Reisemessen_14_02_117-225x300.jpg\" alt=\"Essen_Reisemessen_14_02_117\" width=\"225\" height=\"300\" srcset=\"http:\/\/blog.meineigenerweg.de\/wp-content\/uploads\/2014\/02\/Essen_Reisemessen_14_02_117-225x300.jpg 225w, http:\/\/blog.meineigenerweg.de\/wp-content\/uploads\/2014\/02\/Essen_Reisemessen_14_02_117.jpg 600w\" sizes=\"auto, (max-width: 225px) 100vw, 225px\" \/><\/a><\/p>\n<p>Es gab lebende B\u00e4ume, die Mobilehomes verkauften,<\/p>\n<p><a href=\"http:\/\/blog.meineigenerweg.de\/wp-content\/uploads\/2014\/02\/Essen_Reisemessen_14_02_132.jpg\"><img loading=\"lazy\" decoding=\"async\" class=\"alignnone size-medium wp-image-684\" src=\"http:\/\/blog.meineigenerweg.de\/wp-content\/uploads\/2014\/02\/Essen_Reisemessen_14_02_132-225x300.jpg\" alt=\"Essen_Reisemessen_14_02_132\" width=\"225\" height=\"300\" srcset=\"http:\/\/blog.meineigenerweg.de\/wp-content\/uploads\/2014\/02\/Essen_Reisemessen_14_02_132-225x300.jpg 225w, http:\/\/blog.meineigenerweg.de\/wp-content\/uploads\/2014\/02\/Essen_Reisemessen_14_02_132.jpg 600w\" sizes=\"auto, (max-width: 225px) 100vw, 225px\" \/><\/a><\/p>\n<p>Hexen die Urlaub auf\u00a0dem Blocksberg anpriesen<\/p>\n<p><a href=\"http:\/\/blog.meineigenerweg.de\/wp-content\/uploads\/2014\/02\/Essen_Reisemessen_14_02_133.jpg\"><img loading=\"lazy\" decoding=\"async\" class=\"alignnone size-medium wp-image-686\" src=\"http:\/\/blog.meineigenerweg.de\/wp-content\/uploads\/2014\/02\/Essen_Reisemessen_14_02_133-225x300.jpg\" alt=\"Essen_Reisemessen_14_02_133\" width=\"225\" height=\"300\" srcset=\"http:\/\/blog.meineigenerweg.de\/wp-content\/uploads\/2014\/02\/Essen_Reisemessen_14_02_133-225x300.jpg 225w, http:\/\/blog.meineigenerweg.de\/wp-content\/uploads\/2014\/02\/Essen_Reisemessen_14_02_133.jpg 600w\" sizes=\"auto, (max-width: 225px) 100vw, 225px\" \/><\/a><\/p>\n<p>und Nordlichter, die auch mal eine steife Briese vertrugen.<\/p>\n<p><a href=\"http:\/\/blog.meineigenerweg.de\/wp-content\/uploads\/2014\/02\/Essen_Reisemessen_14_02_104.jpg\"><img loading=\"lazy\" decoding=\"async\" class=\"alignnone size-medium wp-image-687\" src=\"http:\/\/blog.meineigenerweg.de\/wp-content\/uploads\/2014\/02\/Essen_Reisemessen_14_02_104-225x300.jpg\" alt=\"Essen_Reisemessen_14_02_104\" width=\"225\" height=\"300\" srcset=\"http:\/\/blog.meineigenerweg.de\/wp-content\/uploads\/2014\/02\/Essen_Reisemessen_14_02_104-225x300.jpg 225w, http:\/\/blog.meineigenerweg.de\/wp-content\/uploads\/2014\/02\/Essen_Reisemessen_14_02_104.jpg 600w\" sizes=\"auto, (max-width: 225px) 100vw, 225px\" \/><\/a><\/p>\n<p>Es gab aber auch eine Bildershow \u00fcber Namibia zu sehen.<\/p>\n<p>Ich habe ein paar Informationen sammeln k\u00f6nnen, \u00fcber Wanderurlaub in der Hohen Tatra,\u00a0kombinierte Rad-\/Kanutouren\u00a0an der\u00a0Mecklenburgischen Seenplatte und\u00a0viele Ideen f\u00fcr eine abenteuerliche Skandinavien Rundreise.<\/p>\n<p>Auff\u00e4llig waren die vielen Sammler und J\u00e4ger,\u00a0die enorme Mengen von Prospekten und Katalogen mit nach Hause nahmen,\u00a0einige sogar vollgeladenen\u00a0kleinen Trollies,\u00a0die sie hinter sich\u00a0herzogen.<\/p>\n<p><em>Meine Wertung: <span style=\"color: #ff0000;\">***<\/span>** gut<br \/>\nGrugahalle<br \/>\nEssen<br \/>\n<\/em><\/p>\n","protected":false},"excerpt":{"rendered":"<p>20.02.2014 Bei strahlendem Sonnenschein habe ich einen Ausflug nach Essen gemacht. In den Messehallen neben der Grugahalle, und dem Grugapark, findet die Messe Reise und Camping, statt. Viele Urlaubsregionen aus Deutschland und dem umliegenden Ausland pr\u00e4sentieren sich und haben mehr oder weniger aufw\u00e4ndige und originelle St\u00e4nde aufgebaut. Zum einen mit<\/p>\n","protected":false},"author":1,"featured_media":674,"parent":1809,"menu_order":0,"comment_status":"closed","ping_status":"closed","template":"","meta":{"footnotes":""},"class_list":["post-662","page","type-page","status-publish","has-post-thumbnail","hentry"],"_links":{"self":[{"href":"http:\/\/blog.meineigenerweg.de\/index.php?rest_route=\/wp\/v2\/pages\/662","targetHints":{"allow":["GET"]}}],"collection":[{"href":"http:\/\/blog.meineigenerweg.de\/index.php?rest_route=\/wp\/v2\/pages"}],"about":[{"href":"http:\/\/blog.meineigenerweg.de\/index.php?rest_route=\/wp\/v2\/types\/page"}],"author":[{"embeddable":true,"href":"http:\/\/blog.meineigenerweg.de\/index.php?rest_route=\/wp\/v2\/users\/1"}],"replies":[{"embeddable":true,"href":"http:\/\/blog.meineigenerweg.de\/index.php?rest_route=%2Fwp%2Fv2%2Fcomments&post=662"}],"version-history":[{"count":15,"href":"http:\/\/blog.meineigenerweg.de\/index.php?rest_route=\/wp\/v2\/pages\/662\/revisions"}],"predecessor-version":[{"id":5898,"href":"http:\/\/blog.meineigenerweg.de\/index.php?rest_route=\/wp\/v2\/pages\/662\/revisions\/5898"}],"up":[{"embeddable":true,"href":"http:\/\/blog.meineigenerweg.de\/index.php?rest_route=\/wp\/v2\/pages\/1809"}],"wp:featuredmedia":[{"embeddable":true,"href":"http:\/\/blog.meineigenerweg.de\/index.php?rest_route=\/wp\/v2\/media\/674"}],"wp:attachment":[{"href":"http:\/\/blog.meineigenerweg.de\/index.php?rest_route=%2Fwp%2Fv2%2Fmedia&parent=662"}],"curies":[{"name":"wp","href":"https:\/\/api.w.org\/{rel}","templated":true}]}}