{"id":6005,"date":"2019-04-24T12:45:23","date_gmt":"2019-04-24T11:45:23","guid":{"rendered":"http:\/\/blog.meineigenerweg.de\/?page_id=6005"},"modified":"2022-03-26T23:46:21","modified_gmt":"2022-03-26T22:46:21","slug":"gelsenkirchen-cirque-bouffon","status":"publish","type":"page","link":"http:\/\/blog.meineigenerweg.de\/?page_id=6005","title":{"rendered":"Gelsenkirchen &#8211; Cirque Bouffon ****"},"content":{"rendered":"<p>M\u00e4rz 2022<\/p>\n<p><a href=\"http:\/\/blog.meineigenerweg.de\/wp-content\/uploads\/2022\/03\/0fe4bdf8-9ea7-4a34-9a01-778d3ec0b7dd.jpg\"><img loading=\"lazy\" decoding=\"async\" class=\"alignnone size-medium wp-image-7962\" src=\"http:\/\/blog.meineigenerweg.de\/wp-content\/uploads\/2022\/03\/0fe4bdf8-9ea7-4a34-9a01-778d3ec0b7dd-300x225.jpg\" alt=\"\" width=\"300\" height=\"225\" srcset=\"http:\/\/blog.meineigenerweg.de\/wp-content\/uploads\/2022\/03\/0fe4bdf8-9ea7-4a34-9a01-778d3ec0b7dd-300x225.jpg 300w, http:\/\/blog.meineigenerweg.de\/wp-content\/uploads\/2022\/03\/0fe4bdf8-9ea7-4a34-9a01-778d3ec0b7dd-768x576.jpg 768w, http:\/\/blog.meineigenerweg.de\/wp-content\/uploads\/2022\/03\/0fe4bdf8-9ea7-4a34-9a01-778d3ec0b7dd.jpg 1000w\" sizes=\"auto, (max-width: 300px) 100vw, 300px\" \/><\/a> <a href=\"http:\/\/blog.meineigenerweg.de\/wp-content\/uploads\/2022\/03\/6d3d28fb-cec9-4468-b979-5dec5c290352.jpg\"><img loading=\"lazy\" decoding=\"async\" class=\"alignnone size-medium wp-image-7963\" src=\"http:\/\/blog.meineigenerweg.de\/wp-content\/uploads\/2022\/03\/6d3d28fb-cec9-4468-b979-5dec5c290352-300x225.jpg\" alt=\"\" width=\"300\" height=\"225\" srcset=\"http:\/\/blog.meineigenerweg.de\/wp-content\/uploads\/2022\/03\/6d3d28fb-cec9-4468-b979-5dec5c290352-300x225.jpg 300w, http:\/\/blog.meineigenerweg.de\/wp-content\/uploads\/2022\/03\/6d3d28fb-cec9-4468-b979-5dec5c290352-768x576.jpg 768w, http:\/\/blog.meineigenerweg.de\/wp-content\/uploads\/2022\/03\/6d3d28fb-cec9-4468-b979-5dec5c290352.jpg 1000w\" sizes=\"auto, (max-width: 300px) 100vw, 300px\" \/><\/a> <a href=\"http:\/\/blog.meineigenerweg.de\/wp-content\/uploads\/2022\/03\/7ca18032-15e9-446e-9b1d-55c2fe02ef07.jpg\"><img loading=\"lazy\" decoding=\"async\" class=\"alignnone size-medium wp-image-7964\" src=\"http:\/\/blog.meineigenerweg.de\/wp-content\/uploads\/2022\/03\/7ca18032-15e9-446e-9b1d-55c2fe02ef07-225x300.jpg\" alt=\"\" width=\"225\" height=\"300\" srcset=\"http:\/\/blog.meineigenerweg.de\/wp-content\/uploads\/2022\/03\/7ca18032-15e9-446e-9b1d-55c2fe02ef07-225x300.jpg 225w, http:\/\/blog.meineigenerweg.de\/wp-content\/uploads\/2022\/03\/7ca18032-15e9-446e-9b1d-55c2fe02ef07.jpg 750w\" sizes=\"auto, (max-width: 225px) 100vw, 225px\" \/><\/a> <a href=\"http:\/\/blog.meineigenerweg.de\/wp-content\/uploads\/2022\/03\/7d40c6aa-9bbd-4e8a-86b1-0ba194409068.jpg\"><img loading=\"lazy\" decoding=\"async\" class=\"alignnone size-medium wp-image-7965\" src=\"http:\/\/blog.meineigenerweg.de\/wp-content\/uploads\/2022\/03\/7d40c6aa-9bbd-4e8a-86b1-0ba194409068-225x300.jpg\" alt=\"\" width=\"225\" height=\"300\" srcset=\"http:\/\/blog.meineigenerweg.de\/wp-content\/uploads\/2022\/03\/7d40c6aa-9bbd-4e8a-86b1-0ba194409068-225x300.jpg 225w, http:\/\/blog.meineigenerweg.de\/wp-content\/uploads\/2022\/03\/7d40c6aa-9bbd-4e8a-86b1-0ba194409068.jpg 751w\" sizes=\"auto, (max-width: 225px) 100vw, 225px\" \/><\/a> <a href=\"http:\/\/blog.meineigenerweg.de\/wp-content\/uploads\/2022\/03\/26b45f65-5911-44fc-96b9-3bd977f5131c.jpg\"><img loading=\"lazy\" decoding=\"async\" class=\"alignnone size-medium wp-image-7966\" src=\"http:\/\/blog.meineigenerweg.de\/wp-content\/uploads\/2022\/03\/26b45f65-5911-44fc-96b9-3bd977f5131c-225x300.jpg\" alt=\"\" width=\"225\" height=\"300\" srcset=\"http:\/\/blog.meineigenerweg.de\/wp-content\/uploads\/2022\/03\/26b45f65-5911-44fc-96b9-3bd977f5131c-225x300.jpg 225w, http:\/\/blog.meineigenerweg.de\/wp-content\/uploads\/2022\/03\/26b45f65-5911-44fc-96b9-3bd977f5131c.jpg 750w\" sizes=\"auto, (max-width: 225px) 100vw, 225px\" \/><\/a> <a href=\"http:\/\/blog.meineigenerweg.de\/wp-content\/uploads\/2022\/03\/97cbb0ac-17cf-4879-bb10-9a378d9b216e.jpg\"><img loading=\"lazy\" decoding=\"async\" class=\"alignnone size-medium wp-image-7967\" src=\"http:\/\/blog.meineigenerweg.de\/wp-content\/uploads\/2022\/03\/97cbb0ac-17cf-4879-bb10-9a378d9b216e-300x225.jpg\" alt=\"\" width=\"300\" height=\"225\" srcset=\"http:\/\/blog.meineigenerweg.de\/wp-content\/uploads\/2022\/03\/97cbb0ac-17cf-4879-bb10-9a378d9b216e-300x225.jpg 300w, http:\/\/blog.meineigenerweg.de\/wp-content\/uploads\/2022\/03\/97cbb0ac-17cf-4879-bb10-9a378d9b216e-768x576.jpg 768w, http:\/\/blog.meineigenerweg.de\/wp-content\/uploads\/2022\/03\/97cbb0ac-17cf-4879-bb10-9a378d9b216e.jpg 1000w\" sizes=\"auto, (max-width: 300px) 100vw, 300px\" \/><\/a> <a href=\"http:\/\/blog.meineigenerweg.de\/wp-content\/uploads\/2022\/03\/762456a8-2b55-40fa-89f6-9fb5b123e528.jpg\"><img loading=\"lazy\" decoding=\"async\" class=\"alignnone size-medium wp-image-7968\" src=\"http:\/\/blog.meineigenerweg.de\/wp-content\/uploads\/2022\/03\/762456a8-2b55-40fa-89f6-9fb5b123e528-225x300.jpg\" alt=\"\" width=\"225\" height=\"300\" srcset=\"http:\/\/blog.meineigenerweg.de\/wp-content\/uploads\/2022\/03\/762456a8-2b55-40fa-89f6-9fb5b123e528-225x300.jpg 225w, http:\/\/blog.meineigenerweg.de\/wp-content\/uploads\/2022\/03\/762456a8-2b55-40fa-89f6-9fb5b123e528.jpg 750w\" sizes=\"auto, (max-width: 225px) 100vw, 225px\" \/><\/a> <a href=\"http:\/\/blog.meineigenerweg.de\/wp-content\/uploads\/2022\/03\/2744895e-5187-40e7-9645-f32c30ee132a.jpg\"><img loading=\"lazy\" decoding=\"async\" class=\"alignnone size-medium wp-image-7969\" src=\"http:\/\/blog.meineigenerweg.de\/wp-content\/uploads\/2022\/03\/2744895e-5187-40e7-9645-f32c30ee132a-225x300.jpg\" alt=\"\" width=\"225\" height=\"300\" srcset=\"http:\/\/blog.meineigenerweg.de\/wp-content\/uploads\/2022\/03\/2744895e-5187-40e7-9645-f32c30ee132a-225x300.jpg 225w, http:\/\/blog.meineigenerweg.de\/wp-content\/uploads\/2022\/03\/2744895e-5187-40e7-9645-f32c30ee132a.jpg 750w\" sizes=\"auto, (max-width: 225px) 100vw, 225px\" \/><\/a> <a href=\"http:\/\/blog.meineigenerweg.de\/wp-content\/uploads\/2022\/03\/bc77e8d4-5eb0-4279-a2fa-d401962b9e31.jpg\"><img loading=\"lazy\" decoding=\"async\" class=\"alignnone size-medium wp-image-7970\" src=\"http:\/\/blog.meineigenerweg.de\/wp-content\/uploads\/2022\/03\/bc77e8d4-5eb0-4279-a2fa-d401962b9e31-225x300.jpg\" alt=\"\" width=\"225\" height=\"300\" srcset=\"http:\/\/blog.meineigenerweg.de\/wp-content\/uploads\/2022\/03\/bc77e8d4-5eb0-4279-a2fa-d401962b9e31-225x300.jpg 225w, http:\/\/blog.meineigenerweg.de\/wp-content\/uploads\/2022\/03\/bc77e8d4-5eb0-4279-a2fa-d401962b9e31.jpg 750w\" sizes=\"auto, (max-width: 225px) 100vw, 225px\" \/><\/a> <a href=\"http:\/\/blog.meineigenerweg.de\/wp-content\/uploads\/2022\/03\/bc909af5-7973-4ddb-a18a-c154e75f6c65.jpg\"><img loading=\"lazy\" decoding=\"async\" class=\"alignnone size-medium wp-image-7971\" src=\"http:\/\/blog.meineigenerweg.de\/wp-content\/uploads\/2022\/03\/bc909af5-7973-4ddb-a18a-c154e75f6c65-300x225.jpg\" alt=\"\" width=\"300\" height=\"225\" srcset=\"http:\/\/blog.meineigenerweg.de\/wp-content\/uploads\/2022\/03\/bc909af5-7973-4ddb-a18a-c154e75f6c65-300x225.jpg 300w, http:\/\/blog.meineigenerweg.de\/wp-content\/uploads\/2022\/03\/bc909af5-7973-4ddb-a18a-c154e75f6c65-768x576.jpg 768w, http:\/\/blog.meineigenerweg.de\/wp-content\/uploads\/2022\/03\/bc909af5-7973-4ddb-a18a-c154e75f6c65.jpg 1000w\" sizes=\"auto, (max-width: 300px) 100vw, 300px\" \/><\/a> <a href=\"http:\/\/blog.meineigenerweg.de\/wp-content\/uploads\/2022\/03\/be923d69-83e8-41c7-9059-9e32eb30bbb9.jpg\"><img loading=\"lazy\" decoding=\"async\" class=\"alignnone size-medium wp-image-7972\" src=\"http:\/\/blog.meineigenerweg.de\/wp-content\/uploads\/2022\/03\/be923d69-83e8-41c7-9059-9e32eb30bbb9-300x225.jpg\" alt=\"\" width=\"300\" height=\"225\" srcset=\"http:\/\/blog.meineigenerweg.de\/wp-content\/uploads\/2022\/03\/be923d69-83e8-41c7-9059-9e32eb30bbb9-300x225.jpg 300w, http:\/\/blog.meineigenerweg.de\/wp-content\/uploads\/2022\/03\/be923d69-83e8-41c7-9059-9e32eb30bbb9-768x576.jpg 768w, http:\/\/blog.meineigenerweg.de\/wp-content\/uploads\/2022\/03\/be923d69-83e8-41c7-9059-9e32eb30bbb9.jpg 1000w\" sizes=\"auto, (max-width: 300px) 100vw, 300px\" \/><\/a> <a href=\"http:\/\/blog.meineigenerweg.de\/wp-content\/uploads\/2022\/03\/c2198c80-402e-48e4-ac1f-d5997d096fc4.jpg\"><img loading=\"lazy\" decoding=\"async\" class=\"alignnone size-medium wp-image-7973\" src=\"http:\/\/blog.meineigenerweg.de\/wp-content\/uploads\/2022\/03\/c2198c80-402e-48e4-ac1f-d5997d096fc4-300x225.jpg\" alt=\"\" width=\"300\" height=\"225\" srcset=\"http:\/\/blog.meineigenerweg.de\/wp-content\/uploads\/2022\/03\/c2198c80-402e-48e4-ac1f-d5997d096fc4-300x225.jpg 300w, http:\/\/blog.meineigenerweg.de\/wp-content\/uploads\/2022\/03\/c2198c80-402e-48e4-ac1f-d5997d096fc4-768x576.jpg 768w, http:\/\/blog.meineigenerweg.de\/wp-content\/uploads\/2022\/03\/c2198c80-402e-48e4-ac1f-d5997d096fc4.jpg 1000w\" sizes=\"auto, (max-width: 300px) 100vw, 300px\" \/><\/a> <a href=\"http:\/\/blog.meineigenerweg.de\/wp-content\/uploads\/2022\/03\/efec2b87-b0e7-4c2e-9282-b0041728bb4c.jpg\"><img loading=\"lazy\" decoding=\"async\" class=\"alignnone size-medium wp-image-7974\" src=\"http:\/\/blog.meineigenerweg.de\/wp-content\/uploads\/2022\/03\/efec2b87-b0e7-4c2e-9282-b0041728bb4c-225x300.jpg\" alt=\"\" width=\"225\" height=\"300\" srcset=\"http:\/\/blog.meineigenerweg.de\/wp-content\/uploads\/2022\/03\/efec2b87-b0e7-4c2e-9282-b0041728bb4c-225x300.jpg 225w, http:\/\/blog.meineigenerweg.de\/wp-content\/uploads\/2022\/03\/efec2b87-b0e7-4c2e-9282-b0041728bb4c.jpg 750w\" sizes=\"auto, (max-width: 225px) 100vw, 225px\" \/><\/a> <a href=\"http:\/\/blog.meineigenerweg.de\/wp-content\/uploads\/2022\/03\/fc628f13-ab3a-40b0-ba4f-4815905bd031.jpg\"><img loading=\"lazy\" decoding=\"async\" class=\"alignnone size-medium wp-image-7975\" src=\"http:\/\/blog.meineigenerweg.de\/wp-content\/uploads\/2022\/03\/fc628f13-ab3a-40b0-ba4f-4815905bd031-300x225.jpg\" alt=\"\" width=\"300\" height=\"225\" srcset=\"http:\/\/blog.meineigenerweg.de\/wp-content\/uploads\/2022\/03\/fc628f13-ab3a-40b0-ba4f-4815905bd031-300x225.jpg 300w, http:\/\/blog.meineigenerweg.de\/wp-content\/uploads\/2022\/03\/fc628f13-ab3a-40b0-ba4f-4815905bd031-768x576.jpg 768w, http:\/\/blog.meineigenerweg.de\/wp-content\/uploads\/2022\/03\/fc628f13-ab3a-40b0-ba4f-4815905bd031.jpg 1000w\" sizes=\"auto, (max-width: 300px) 100vw, 300px\" \/><\/a> <a href=\"http:\/\/blog.meineigenerweg.de\/wp-content\/uploads\/2022\/03\/IMG_7261.jpg\"><img loading=\"lazy\" decoding=\"async\" class=\"alignnone size-medium wp-image-7976\" src=\"http:\/\/blog.meineigenerweg.de\/wp-content\/uploads\/2022\/03\/IMG_7261-300x200.jpg\" alt=\"\" width=\"300\" height=\"200\" srcset=\"http:\/\/blog.meineigenerweg.de\/wp-content\/uploads\/2022\/03\/IMG_7261-300x200.jpg 300w, http:\/\/blog.meineigenerweg.de\/wp-content\/uploads\/2022\/03\/IMG_7261-768x512.jpg 768w, http:\/\/blog.meineigenerweg.de\/wp-content\/uploads\/2022\/03\/IMG_7261.jpg 1000w\" sizes=\"auto, (max-width: 300px) 100vw, 300px\" \/><\/a> <a href=\"http:\/\/blog.meineigenerweg.de\/wp-content\/uploads\/2022\/03\/IMG_7264.jpg\"><img loading=\"lazy\" decoding=\"async\" class=\"alignnone size-medium wp-image-7977\" src=\"http:\/\/blog.meineigenerweg.de\/wp-content\/uploads\/2022\/03\/IMG_7264-300x225.jpg\" alt=\"\" width=\"300\" height=\"225\" srcset=\"http:\/\/blog.meineigenerweg.de\/wp-content\/uploads\/2022\/03\/IMG_7264-300x225.jpg 300w, http:\/\/blog.meineigenerweg.de\/wp-content\/uploads\/2022\/03\/IMG_7264-768x576.jpg 768w, http:\/\/blog.meineigenerweg.de\/wp-content\/uploads\/2022\/03\/IMG_7264.jpg 1000w\" sizes=\"auto, (max-width: 300px) 100vw, 300px\" \/><\/a><\/p>\n<p>&nbsp;<\/p>\n<p>&nbsp;<\/p>\n<p>April 2019<\/p>\n<p>Direkt neben dem <span style=\"color: #0000ff;\"><a href=\"https:\/\/musiktheater-im-revier.de\/#!\/de\/\" target=\"_blank\" rel=\"noopener noreferrer\"><span style=\"color: #0000ff;\"><span style=\"text-decoration: underline;\">MIR<\/span><\/span><\/a><\/span>, dem Musiktheater im Revier in Gelsenkirchen, hat der &#8222;<span style=\"color: #0000ff;\"><a href=\"https:\/\/www.cirque-bouffon.com\" target=\"_blank\" rel=\"noopener noreferrer\"><span style=\"color: #0000ff;\"><span style=\"text-decoration: underline;\">Cirque Bouffon<\/span><\/span><\/a><\/span>&#8220; f\u00fcr kurze Zeit seine Zelte aufgeschlagen.<\/p>\n<p><a href=\"http:\/\/blog.meineigenerweg.de\/wp-content\/uploads\/2019\/04\/Gelsenkirchen_Cirque_Bouffon_19_04_049.jpg\"><img loading=\"lazy\" decoding=\"async\" class=\"alignnone size-medium wp-image-6006\" src=\"http:\/\/blog.meineigenerweg.de\/wp-content\/uploads\/2019\/04\/Gelsenkirchen_Cirque_Bouffon_19_04_049-300x200.jpg\" alt=\"\" width=\"300\" height=\"200\" srcset=\"http:\/\/blog.meineigenerweg.de\/wp-content\/uploads\/2019\/04\/Gelsenkirchen_Cirque_Bouffon_19_04_049-300x200.jpg 300w, http:\/\/blog.meineigenerweg.de\/wp-content\/uploads\/2019\/04\/Gelsenkirchen_Cirque_Bouffon_19_04_049-768x512.jpg 768w, http:\/\/blog.meineigenerweg.de\/wp-content\/uploads\/2019\/04\/Gelsenkirchen_Cirque_Bouffon_19_04_049.jpg 1000w\" sizes=\"auto, (max-width: 300px) 100vw, 300px\" \/><\/a><\/p>\n<p>Die zwei H\u00e4nde voll Artisten, die den kleinen Zirkus ausmachen, haben mich f\u00fcr ein paar Stunden in eine poetische und musikalische Phantasiewelt entf\u00fchrt.<\/p>\n<p><a href=\"http:\/\/blog.meineigenerweg.de\/wp-content\/uploads\/2019\/04\/Gelsenkirchen_Cirque_Bouffon_19_04_004.jpg\"><img loading=\"lazy\" decoding=\"async\" class=\"alignnone size-medium wp-image-6007\" src=\"http:\/\/blog.meineigenerweg.de\/wp-content\/uploads\/2019\/04\/Gelsenkirchen_Cirque_Bouffon_19_04_004-300x200.jpg\" alt=\"\" width=\"300\" height=\"200\" srcset=\"http:\/\/blog.meineigenerweg.de\/wp-content\/uploads\/2019\/04\/Gelsenkirchen_Cirque_Bouffon_19_04_004-300x200.jpg 300w, http:\/\/blog.meineigenerweg.de\/wp-content\/uploads\/2019\/04\/Gelsenkirchen_Cirque_Bouffon_19_04_004-768x511.jpg 768w, http:\/\/blog.meineigenerweg.de\/wp-content\/uploads\/2019\/04\/Gelsenkirchen_Cirque_Bouffon_19_04_004.jpg 1000w\" sizes=\"auto, (max-width: 300px) 100vw, 300px\" \/><\/a> <a href=\"http:\/\/blog.meineigenerweg.de\/wp-content\/uploads\/2019\/04\/Gelsenkirchen_Cirque_Bouffon_19_04_007.jpg\"><img loading=\"lazy\" decoding=\"async\" class=\"alignnone size-medium wp-image-6008\" src=\"http:\/\/blog.meineigenerweg.de\/wp-content\/uploads\/2019\/04\/Gelsenkirchen_Cirque_Bouffon_19_04_007-300x200.jpg\" alt=\"\" width=\"300\" height=\"200\" srcset=\"http:\/\/blog.meineigenerweg.de\/wp-content\/uploads\/2019\/04\/Gelsenkirchen_Cirque_Bouffon_19_04_007-300x200.jpg 300w, http:\/\/blog.meineigenerweg.de\/wp-content\/uploads\/2019\/04\/Gelsenkirchen_Cirque_Bouffon_19_04_007-768x511.jpg 768w, http:\/\/blog.meineigenerweg.de\/wp-content\/uploads\/2019\/04\/Gelsenkirchen_Cirque_Bouffon_19_04_007.jpg 1000w\" sizes=\"auto, (max-width: 300px) 100vw, 300px\" \/><\/a> <a href=\"http:\/\/blog.meineigenerweg.de\/wp-content\/uploads\/2019\/04\/Gelsenkirchen_Cirque_Bouffon_19_04_012.jpg\"><img loading=\"lazy\" decoding=\"async\" class=\"alignnone size-medium wp-image-6009\" src=\"http:\/\/blog.meineigenerweg.de\/wp-content\/uploads\/2019\/04\/Gelsenkirchen_Cirque_Bouffon_19_04_012-300x200.jpg\" alt=\"\" width=\"300\" height=\"200\" srcset=\"http:\/\/blog.meineigenerweg.de\/wp-content\/uploads\/2019\/04\/Gelsenkirchen_Cirque_Bouffon_19_04_012-300x200.jpg 300w, http:\/\/blog.meineigenerweg.de\/wp-content\/uploads\/2019\/04\/Gelsenkirchen_Cirque_Bouffon_19_04_012-768x512.jpg 768w, http:\/\/blog.meineigenerweg.de\/wp-content\/uploads\/2019\/04\/Gelsenkirchen_Cirque_Bouffon_19_04_012.jpg 1000w\" sizes=\"auto, (max-width: 300px) 100vw, 300px\" \/><\/a> <a href=\"http:\/\/blog.meineigenerweg.de\/wp-content\/uploads\/2019\/04\/Gelsenkirchen_Cirque_Bouffon_19_04_013.jpg\"><img loading=\"lazy\" decoding=\"async\" class=\"alignnone size-medium wp-image-6010\" src=\"http:\/\/blog.meineigenerweg.de\/wp-content\/uploads\/2019\/04\/Gelsenkirchen_Cirque_Bouffon_19_04_013-300x200.jpg\" alt=\"\" width=\"300\" height=\"200\" srcset=\"http:\/\/blog.meineigenerweg.de\/wp-content\/uploads\/2019\/04\/Gelsenkirchen_Cirque_Bouffon_19_04_013-300x200.jpg 300w, http:\/\/blog.meineigenerweg.de\/wp-content\/uploads\/2019\/04\/Gelsenkirchen_Cirque_Bouffon_19_04_013-768x511.jpg 768w, http:\/\/blog.meineigenerweg.de\/wp-content\/uploads\/2019\/04\/Gelsenkirchen_Cirque_Bouffon_19_04_013.jpg 1000w\" sizes=\"auto, (max-width: 300px) 100vw, 300px\" \/><\/a><\/p>\n<p>Alle Artisten sind Multitalente und so wechseln sie von Jonglage oder Hochseil zu Akkordeon, Xylofon oder Ba\u00df, um in phantasievollen Kost\u00fcmen und kleinen, darstellenden Geschichten ihre jeweiligen Auftritte zu begleiten. Aus einem Klavier winkt eine Hand, begleitet die Klavierspielerin, anschlie\u00dfend balanciert eine junge Frau \u00fcber Flaschen und Gl\u00e4ser auf dem Klavier, in einem gro\u00dfen Hulahoop-Reifen turnt eine Artistin wie in einem Rh\u00f6nrad &#8211; ungew\u00f6hnliche Ausstattungen f\u00fcr Zirkusnummern! Ich fand ihn sehr sehenswert, leider ist er nur noch bis zum 28.4.2019 in Gelsenkirchen. Wer es nicht schafft, kann sich auf\u00b4s n\u00e4chste Jahr freuen, dann kommen er n\u00e4mlich mit einem neuen Programm wieder.<\/p>\n<p>&nbsp;<\/p>\n<p><em>Meine Wertung: <span style=\"color: #ff0000;\">****<\/span>* sehenswert<\/em><\/p>\n<p><em>Kennedyplatz<\/em><br \/>\n<em>Gelsenkirchen<\/em><\/p>\n","protected":false},"excerpt":{"rendered":"<p>M\u00e4rz 2022 &nbsp; &nbsp; April 2019 Direkt neben dem MIR, dem Musiktheater im Revier in Gelsenkirchen, hat der &#8222;Cirque Bouffon&#8220; f\u00fcr kurze Zeit seine Zelte aufgeschlagen. Die zwei H\u00e4nde voll Artisten, die den kleinen Zirkus ausmachen, haben mich f\u00fcr ein paar Stunden in eine poetische und musikalische Phantasiewelt entf\u00fchrt. Alle<\/p>\n","protected":false},"author":1,"featured_media":6052,"parent":1809,"menu_order":0,"comment_status":"closed","ping_status":"closed","template":"","meta":{"footnotes":""},"class_list":["post-6005","page","type-page","status-publish","has-post-thumbnail","hentry"],"_links":{"self":[{"href":"http:\/\/blog.meineigenerweg.de\/index.php?rest_route=\/wp\/v2\/pages\/6005","targetHints":{"allow":["GET"]}}],"collection":[{"href":"http:\/\/blog.meineigenerweg.de\/index.php?rest_route=\/wp\/v2\/pages"}],"about":[{"href":"http:\/\/blog.meineigenerweg.de\/index.php?rest_route=\/wp\/v2\/types\/page"}],"author":[{"embeddable":true,"href":"http:\/\/blog.meineigenerweg.de\/index.php?rest_route=\/wp\/v2\/users\/1"}],"replies":[{"embeddable":true,"href":"http:\/\/blog.meineigenerweg.de\/index.php?rest_route=%2Fwp%2Fv2%2Fcomments&post=6005"}],"version-history":[{"count":15,"href":"http:\/\/blog.meineigenerweg.de\/index.php?rest_route=\/wp\/v2\/pages\/6005\/revisions"}],"predecessor-version":[{"id":7978,"href":"http:\/\/blog.meineigenerweg.de\/index.php?rest_route=\/wp\/v2\/pages\/6005\/revisions\/7978"}],"up":[{"embeddable":true,"href":"http:\/\/blog.meineigenerweg.de\/index.php?rest_route=\/wp\/v2\/pages\/1809"}],"wp:featuredmedia":[{"embeddable":true,"href":"http:\/\/blog.meineigenerweg.de\/index.php?rest_route=\/wp\/v2\/media\/6052"}],"wp:attachment":[{"href":"http:\/\/blog.meineigenerweg.de\/index.php?rest_route=%2Fwp%2Fv2%2Fmedia&parent=6005"}],"curies":[{"name":"wp","href":"https:\/\/api.w.org\/{rel}","templated":true}]}}