{"id":5998,"date":"2019-04-28T16:44:41","date_gmt":"2019-04-28T15:44:41","guid":{"rendered":"http:\/\/blog.meineigenerweg.de\/?page_id=5998"},"modified":"2019-04-28T16:44:41","modified_gmt":"2019-04-28T15:44:41","slug":"dortmund-zeche-zollern","status":"publish","type":"page","link":"http:\/\/blog.meineigenerweg.de\/?page_id=5998","title":{"rendered":"Dortmund &#8211; Zeche Zollern ****"},"content":{"rendered":"<p>April 2019<\/p>\n<p>Die <span style=\"color: #0000ff;\"><a href=\"https:\/\/www.lwl.org\/industriemuseum\/standorte\/zeche-zollern\" target=\"_blank\" rel=\"noopener noreferrer\"><span style=\"color: #0000ff;\"><span style=\"text-decoration: underline;\">Zeche Zollern<\/span><\/span><\/a><\/span>, eine Ikone der Industriekultur, hat mich schon l\u00e4nger interessiert, aber erst heute komme ich dazu, diesem wundersch\u00f6nen Jugendstilzechengeb\u00e4ude einen Besuch abzustatten. Schon das Portal wirkt wie der Eingang zu einem Schlo\u00dfpark. Hier ist die <span style=\"display: inline !important; float: none; background-color: transparent; color: #111111; cursor: text; font-family: 'Arimo',Verdana,Arial; font-size: 15.2px; font-style: normal; font-variant: normal; font-weight: 400; letter-spacing: normal; orphans: 2; text-align: left; text-decoration: none; text-indent: 0px; text-transform: none; -webkit-text-stroke-width: 0px; white-space: normal; word-spacing: 0px;\">Markenstube untergebracht, in der jeder Bergmann vor der Einfahrt eine Metallmarke mit einer Nummer erhielt, die er beim Verlassen wieder abgeben musste. So wusste man in der Markenkontrolle jederzeit, wer untertage war.<\/span><\/p>\n<p><a href=\"http:\/\/blog.meineigenerweg.de\/wp-content\/uploads\/2019\/04\/Dortmund_Zeche_Zollern_15_09_005.jpg\"><img loading=\"lazy\" decoding=\"async\" class=\"alignnone size-medium wp-image-6015\" src=\"http:\/\/blog.meineigenerweg.de\/wp-content\/uploads\/2019\/04\/Dortmund_Zeche_Zollern_15_09_005-300x200.jpg\" alt=\"\" width=\"300\" height=\"200\" srcset=\"http:\/\/blog.meineigenerweg.de\/wp-content\/uploads\/2019\/04\/Dortmund_Zeche_Zollern_15_09_005-300x200.jpg 300w, http:\/\/blog.meineigenerweg.de\/wp-content\/uploads\/2019\/04\/Dortmund_Zeche_Zollern_15_09_005-768x512.jpg 768w, http:\/\/blog.meineigenerweg.de\/wp-content\/uploads\/2019\/04\/Dortmund_Zeche_Zollern_15_09_005.jpg 1000w\" sizes=\"auto, (max-width: 300px) 100vw, 300px\" \/><\/a><\/p>\n<p>Die Werkst\u00e4tten<br \/>\n<a href=\"http:\/\/blog.meineigenerweg.de\/wp-content\/uploads\/2019\/04\/Dortmund_Zeche_Zollern_15_09_003.jpg\"><img loading=\"lazy\" decoding=\"async\" class=\"alignnone size-medium wp-image-6016\" src=\"http:\/\/blog.meineigenerweg.de\/wp-content\/uploads\/2019\/04\/Dortmund_Zeche_Zollern_15_09_003-300x200.jpg\" alt=\"\" width=\"300\" height=\"200\" srcset=\"http:\/\/blog.meineigenerweg.de\/wp-content\/uploads\/2019\/04\/Dortmund_Zeche_Zollern_15_09_003-300x200.jpg 300w, http:\/\/blog.meineigenerweg.de\/wp-content\/uploads\/2019\/04\/Dortmund_Zeche_Zollern_15_09_003-768x512.jpg 768w, http:\/\/blog.meineigenerweg.de\/wp-content\/uploads\/2019\/04\/Dortmund_Zeche_Zollern_15_09_003.jpg 1000w\" sizes=\"auto, (max-width: 300px) 100vw, 300px\" \/><\/a><\/p>\n<p>F\u00f6rderschacht 2 und Separation, hier wurde von Hand &#8211; ohne Arbeitshandschuhe und meist von den Lehrlingen oder \u00e4lteren Kumpeln, die Kohle von taubem Gestein getrennt.<br \/>\n<a href=\"http:\/\/blog.meineigenerweg.de\/wp-content\/uploads\/2019\/04\/Dortmund_Zeche_Zollern_15_09_020.jpg\"><img loading=\"lazy\" decoding=\"async\" class=\"alignnone size-medium wp-image-6018\" src=\"http:\/\/blog.meineigenerweg.de\/wp-content\/uploads\/2019\/04\/Dortmund_Zeche_Zollern_15_09_020-300x200.jpg\" alt=\"\" width=\"300\" height=\"200\" srcset=\"http:\/\/blog.meineigenerweg.de\/wp-content\/uploads\/2019\/04\/Dortmund_Zeche_Zollern_15_09_020-300x200.jpg 300w, http:\/\/blog.meineigenerweg.de\/wp-content\/uploads\/2019\/04\/Dortmund_Zeche_Zollern_15_09_020-768x512.jpg 768w, http:\/\/blog.meineigenerweg.de\/wp-content\/uploads\/2019\/04\/Dortmund_Zeche_Zollern_15_09_020.jpg 1000w\" sizes=\"auto, (max-width: 300px) 100vw, 300px\" \/><\/a> <a href=\"http:\/\/blog.meineigenerweg.de\/wp-content\/uploads\/2019\/04\/Dortmund_Zeche_Zollern_15_09_038.jpg\"><img loading=\"lazy\" decoding=\"async\" class=\"alignnone size-medium wp-image-6019\" src=\"http:\/\/blog.meineigenerweg.de\/wp-content\/uploads\/2019\/04\/Dortmund_Zeche_Zollern_15_09_038-300x200.jpg\" alt=\"\" width=\"300\" height=\"200\" srcset=\"http:\/\/blog.meineigenerweg.de\/wp-content\/uploads\/2019\/04\/Dortmund_Zeche_Zollern_15_09_038-300x200.jpg 300w, http:\/\/blog.meineigenerweg.de\/wp-content\/uploads\/2019\/04\/Dortmund_Zeche_Zollern_15_09_038-768x512.jpg 768w, http:\/\/blog.meineigenerweg.de\/wp-content\/uploads\/2019\/04\/Dortmund_Zeche_Zollern_15_09_038.jpg 1000w\" sizes=\"auto, (max-width: 300px) 100vw, 300px\" \/><\/a><\/p>\n<p>Die St\u00e4lle f\u00fcr die Grubenpferde.<br \/>\n<a href=\"http:\/\/blog.meineigenerweg.de\/wp-content\/uploads\/2019\/04\/Dortmund_Zeche_Zollern_15_09_087.jpg\"><img loading=\"lazy\" decoding=\"async\" class=\"alignnone size-medium wp-image-6021\" src=\"http:\/\/blog.meineigenerweg.de\/wp-content\/uploads\/2019\/04\/Dortmund_Zeche_Zollern_15_09_087-300x188.jpg\" alt=\"\" width=\"300\" height=\"188\" srcset=\"http:\/\/blog.meineigenerweg.de\/wp-content\/uploads\/2019\/04\/Dortmund_Zeche_Zollern_15_09_087-300x188.jpg 300w, http:\/\/blog.meineigenerweg.de\/wp-content\/uploads\/2019\/04\/Dortmund_Zeche_Zollern_15_09_087-768x482.jpg 768w, http:\/\/blog.meineigenerweg.de\/wp-content\/uploads\/2019\/04\/Dortmund_Zeche_Zollern_15_09_087.jpg 1000w\" sizes=\"auto, (max-width: 300px) 100vw, 300px\" \/><\/a><\/p>\n<p>Das Verwaltungsgeb\u00e4ude ist besonders sch\u00f6n. Eingangst\u00fcren und die Halle mit der breiten Treppe strahlen in sch\u00f6nstem Jugendstil.<br \/>\n<a href=\"http:\/\/blog.meineigenerweg.de\/wp-content\/uploads\/2019\/04\/Dortmund_Zeche_Zollern_15_09_004.jpg\"><img loading=\"lazy\" decoding=\"async\" class=\"alignnone size-medium wp-image-6026\" src=\"http:\/\/blog.meineigenerweg.de\/wp-content\/uploads\/2019\/04\/Dortmund_Zeche_Zollern_15_09_004-300x200.jpg\" alt=\"\" width=\"300\" height=\"200\" srcset=\"http:\/\/blog.meineigenerweg.de\/wp-content\/uploads\/2019\/04\/Dortmund_Zeche_Zollern_15_09_004-300x200.jpg 300w, http:\/\/blog.meineigenerweg.de\/wp-content\/uploads\/2019\/04\/Dortmund_Zeche_Zollern_15_09_004-768x512.jpg 768w, http:\/\/blog.meineigenerweg.de\/wp-content\/uploads\/2019\/04\/Dortmund_Zeche_Zollern_15_09_004.jpg 1000w\" sizes=\"auto, (max-width: 300px) 100vw, 300px\" \/><\/a><br \/>\n<a href=\"http:\/\/blog.meineigenerweg.de\/wp-content\/uploads\/2019\/04\/Dortmund_Zeche_Zollern_19_04_052.jpg\"><img loading=\"lazy\" decoding=\"async\" class=\"alignnone size-medium wp-image-6023\" src=\"http:\/\/blog.meineigenerweg.de\/wp-content\/uploads\/2019\/04\/Dortmund_Zeche_Zollern_19_04_052-300x200.jpg\" alt=\"\" width=\"300\" height=\"200\" srcset=\"http:\/\/blog.meineigenerweg.de\/wp-content\/uploads\/2019\/04\/Dortmund_Zeche_Zollern_19_04_052-300x200.jpg 300w, http:\/\/blog.meineigenerweg.de\/wp-content\/uploads\/2019\/04\/Dortmund_Zeche_Zollern_19_04_052-768x512.jpg 768w, http:\/\/blog.meineigenerweg.de\/wp-content\/uploads\/2019\/04\/Dortmund_Zeche_Zollern_19_04_052.jpg 1000w\" sizes=\"auto, (max-width: 300px) 100vw, 300px\" \/><\/a> <a href=\"http:\/\/blog.meineigenerweg.de\/wp-content\/uploads\/2019\/04\/Dortmund_Zeche_Zollern_19_04_054.jpg\"><img loading=\"lazy\" decoding=\"async\" class=\"alignnone size-medium wp-image-6024\" src=\"http:\/\/blog.meineigenerweg.de\/wp-content\/uploads\/2019\/04\/Dortmund_Zeche_Zollern_19_04_054-300x200.jpg\" alt=\"\" width=\"300\" height=\"200\" srcset=\"http:\/\/blog.meineigenerweg.de\/wp-content\/uploads\/2019\/04\/Dortmund_Zeche_Zollern_19_04_054-300x200.jpg 300w, http:\/\/blog.meineigenerweg.de\/wp-content\/uploads\/2019\/04\/Dortmund_Zeche_Zollern_19_04_054-768x512.jpg 768w, http:\/\/blog.meineigenerweg.de\/wp-content\/uploads\/2019\/04\/Dortmund_Zeche_Zollern_19_04_054.jpg 1000w\" sizes=\"auto, (max-width: 300px) 100vw, 300px\" \/><\/a><\/p>\n<p>Das bekannteste Bauwerk ist allerdings die Maschinenhalle,<br \/>\n<a href=\"http:\/\/blog.meineigenerweg.de\/wp-content\/uploads\/2019\/04\/Dortmund_Zeche_Zollern_19_04_005.jpg\"><img loading=\"lazy\" decoding=\"async\" class=\"alignnone size-medium wp-image-6035\" src=\"http:\/\/blog.meineigenerweg.de\/wp-content\/uploads\/2019\/04\/Dortmund_Zeche_Zollern_19_04_005-300x200.jpg\" alt=\"\" width=\"300\" height=\"200\" srcset=\"http:\/\/blog.meineigenerweg.de\/wp-content\/uploads\/2019\/04\/Dortmund_Zeche_Zollern_19_04_005-300x200.jpg 300w, http:\/\/blog.meineigenerweg.de\/wp-content\/uploads\/2019\/04\/Dortmund_Zeche_Zollern_19_04_005-768x512.jpg 768w, http:\/\/blog.meineigenerweg.de\/wp-content\/uploads\/2019\/04\/Dortmund_Zeche_Zollern_19_04_005.jpg 1000w\" sizes=\"auto, (max-width: 300px) 100vw, 300px\" \/><\/a><br \/>\nschon von Au\u00dfen kann ich das wundersch\u00f6ne Jugendstil-Eingangstor bewundern.<br \/>\n<a href=\"http:\/\/blog.meineigenerweg.de\/wp-content\/uploads\/2019\/04\/Dortmund_Zeche_Zollern_15_09_015.jpg\"><img loading=\"lazy\" decoding=\"async\" class=\"alignnone size-medium wp-image-6032\" src=\"http:\/\/blog.meineigenerweg.de\/wp-content\/uploads\/2019\/04\/Dortmund_Zeche_Zollern_15_09_015-300x200.jpg\" alt=\"\" width=\"300\" height=\"200\" srcset=\"http:\/\/blog.meineigenerweg.de\/wp-content\/uploads\/2019\/04\/Dortmund_Zeche_Zollern_15_09_015-300x200.jpg 300w, http:\/\/blog.meineigenerweg.de\/wp-content\/uploads\/2019\/04\/Dortmund_Zeche_Zollern_15_09_015-768x512.jpg 768w, http:\/\/blog.meineigenerweg.de\/wp-content\/uploads\/2019\/04\/Dortmund_Zeche_Zollern_15_09_015.jpg 1000w\" sizes=\"auto, (max-width: 300px) 100vw, 300px\" \/><\/a><br \/>\naber erst bei Sonnenschein und von Innen leuchten die Scheiben beeindruckend.<br \/>\n<a href=\"http:\/\/blog.meineigenerweg.de\/wp-content\/uploads\/2019\/04\/Dortmund_Zeche_Zollern_19_04_035.jpg\"><img loading=\"lazy\" decoding=\"async\" class=\"alignnone size-medium wp-image-6038\" src=\"http:\/\/blog.meineigenerweg.de\/wp-content\/uploads\/2019\/04\/Dortmund_Zeche_Zollern_19_04_035-300x197.jpg\" alt=\"\" width=\"300\" height=\"197\" srcset=\"http:\/\/blog.meineigenerweg.de\/wp-content\/uploads\/2019\/04\/Dortmund_Zeche_Zollern_19_04_035-300x197.jpg 300w, http:\/\/blog.meineigenerweg.de\/wp-content\/uploads\/2019\/04\/Dortmund_Zeche_Zollern_19_04_035-768x503.jpg 768w, http:\/\/blog.meineigenerweg.de\/wp-content\/uploads\/2019\/04\/Dortmund_Zeche_Zollern_19_04_035.jpg 1000w\" sizes=\"auto, (max-width: 300px) 100vw, 300px\" \/><\/a><br \/>\nAuch der Seiteneingang ist eines Schlosses w\u00fcrdig.<br \/>\n<a href=\"http:\/\/blog.meineigenerweg.de\/wp-content\/uploads\/2019\/04\/Dortmund_Zeche_Zollern_15_09_085.jpg\"><img loading=\"lazy\" decoding=\"async\" class=\"alignnone size-medium wp-image-6036\" src=\"http:\/\/blog.meineigenerweg.de\/wp-content\/uploads\/2019\/04\/Dortmund_Zeche_Zollern_15_09_085-300x200.jpg\" alt=\"\" width=\"300\" height=\"200\" srcset=\"http:\/\/blog.meineigenerweg.de\/wp-content\/uploads\/2019\/04\/Dortmund_Zeche_Zollern_15_09_085-300x200.jpg 300w, http:\/\/blog.meineigenerweg.de\/wp-content\/uploads\/2019\/04\/Dortmund_Zeche_Zollern_15_09_085-768x512.jpg 768w, http:\/\/blog.meineigenerweg.de\/wp-content\/uploads\/2019\/04\/Dortmund_Zeche_Zollern_15_09_085.jpg 1000w\" sizes=\"auto, (max-width: 300px) 100vw, 300px\" \/><\/a><br \/>\nDie Maschinenhalle ist im Laufe ihre Nutzung immer wieder umbebaut und den neuen Errungenschaften der Technik angepasst worden.<br \/>\n<a href=\"http:\/\/blog.meineigenerweg.de\/wp-content\/uploads\/2019\/04\/Dortmund_Zeche_Zollern_19_04_028.jpg\"><img loading=\"lazy\" decoding=\"async\" class=\"alignnone size-medium wp-image-6040\" src=\"http:\/\/blog.meineigenerweg.de\/wp-content\/uploads\/2019\/04\/Dortmund_Zeche_Zollern_19_04_028-300x200.jpg\" alt=\"\" width=\"300\" height=\"200\" srcset=\"http:\/\/blog.meineigenerweg.de\/wp-content\/uploads\/2019\/04\/Dortmund_Zeche_Zollern_19_04_028-300x200.jpg 300w, http:\/\/blog.meineigenerweg.de\/wp-content\/uploads\/2019\/04\/Dortmund_Zeche_Zollern_19_04_028-768x511.jpg 768w, http:\/\/blog.meineigenerweg.de\/wp-content\/uploads\/2019\/04\/Dortmund_Zeche_Zollern_19_04_028.jpg 1000w\" sizes=\"auto, (max-width: 300px) 100vw, 300px\" \/><\/a> <a href=\"http:\/\/blog.meineigenerweg.de\/wp-content\/uploads\/2019\/04\/Dortmund_Zeche_Zollern_19_04_021.jpg\"><img loading=\"lazy\" decoding=\"async\" class=\"alignnone size-medium wp-image-6041\" src=\"http:\/\/blog.meineigenerweg.de\/wp-content\/uploads\/2019\/04\/Dortmund_Zeche_Zollern_19_04_021-300x200.jpg\" alt=\"\" width=\"300\" height=\"200\" srcset=\"http:\/\/blog.meineigenerweg.de\/wp-content\/uploads\/2019\/04\/Dortmund_Zeche_Zollern_19_04_021-300x200.jpg 300w, http:\/\/blog.meineigenerweg.de\/wp-content\/uploads\/2019\/04\/Dortmund_Zeche_Zollern_19_04_021-768x512.jpg 768w, http:\/\/blog.meineigenerweg.de\/wp-content\/uploads\/2019\/04\/Dortmund_Zeche_Zollern_19_04_021.jpg 1000w\" sizes=\"auto, (max-width: 300px) 100vw, 300px\" \/><\/a><br \/>\n<a href=\"http:\/\/blog.meineigenerweg.de\/wp-content\/uploads\/2019\/04\/Dortmund_Zeche_Zollern_19_04_019.jpg\"><img loading=\"lazy\" decoding=\"async\" class=\"alignnone size-medium wp-image-6042\" src=\"http:\/\/blog.meineigenerweg.de\/wp-content\/uploads\/2019\/04\/Dortmund_Zeche_Zollern_19_04_019-300x200.jpg\" alt=\"\" width=\"300\" height=\"200\" srcset=\"http:\/\/blog.meineigenerweg.de\/wp-content\/uploads\/2019\/04\/Dortmund_Zeche_Zollern_19_04_019-300x200.jpg 300w, http:\/\/blog.meineigenerweg.de\/wp-content\/uploads\/2019\/04\/Dortmund_Zeche_Zollern_19_04_019-768x512.jpg 768w, http:\/\/blog.meineigenerweg.de\/wp-content\/uploads\/2019\/04\/Dortmund_Zeche_Zollern_19_04_019.jpg 1000w\" sizes=\"auto, (max-width: 300px) 100vw, 300px\" \/> <\/a><a href=\"http:\/\/blog.meineigenerweg.de\/wp-content\/uploads\/2019\/04\/Dortmund_Zeche_Zollern_19_04_012.jpg\"><img loading=\"lazy\" decoding=\"async\" class=\"alignnone size-medium wp-image-6044\" src=\"http:\/\/blog.meineigenerweg.de\/wp-content\/uploads\/2019\/04\/Dortmund_Zeche_Zollern_19_04_012-300x200.jpg\" alt=\"\" width=\"300\" height=\"200\" srcset=\"http:\/\/blog.meineigenerweg.de\/wp-content\/uploads\/2019\/04\/Dortmund_Zeche_Zollern_19_04_012-300x200.jpg 300w, http:\/\/blog.meineigenerweg.de\/wp-content\/uploads\/2019\/04\/Dortmund_Zeche_Zollern_19_04_012-768x512.jpg 768w, http:\/\/blog.meineigenerweg.de\/wp-content\/uploads\/2019\/04\/Dortmund_Zeche_Zollern_19_04_012.jpg 1000w\" sizes=\"auto, (max-width: 300px) 100vw, 300px\" \/><\/a><br \/>\n<a href=\"http:\/\/blog.meineigenerweg.de\/wp-content\/uploads\/2019\/04\/Dortmund_Zeche_Zollern_19_04_016.jpg\"><img loading=\"lazy\" decoding=\"async\" class=\"alignnone size-medium wp-image-6046\" src=\"http:\/\/blog.meineigenerweg.de\/wp-content\/uploads\/2019\/04\/Dortmund_Zeche_Zollern_19_04_016-300x200.jpg\" alt=\"\" width=\"300\" height=\"200\" srcset=\"http:\/\/blog.meineigenerweg.de\/wp-content\/uploads\/2019\/04\/Dortmund_Zeche_Zollern_19_04_016-300x200.jpg 300w, http:\/\/blog.meineigenerweg.de\/wp-content\/uploads\/2019\/04\/Dortmund_Zeche_Zollern_19_04_016-768x512.jpg 768w, http:\/\/blog.meineigenerweg.de\/wp-content\/uploads\/2019\/04\/Dortmund_Zeche_Zollern_19_04_016.jpg 1000w\" sizes=\"auto, (max-width: 300px) 100vw, 300px\" \/><\/a> <a href=\"http:\/\/blog.meineigenerweg.de\/wp-content\/uploads\/2019\/04\/Dortmund_Zeche_Zollern_19_04_047.jpg\"><img loading=\"lazy\" decoding=\"async\" class=\"alignnone size-medium wp-image-6047\" src=\"http:\/\/blog.meineigenerweg.de\/wp-content\/uploads\/2019\/04\/Dortmund_Zeche_Zollern_19_04_047-300x200.jpg\" alt=\"\" width=\"300\" height=\"200\" srcset=\"http:\/\/blog.meineigenerweg.de\/wp-content\/uploads\/2019\/04\/Dortmund_Zeche_Zollern_19_04_047-300x200.jpg 300w, http:\/\/blog.meineigenerweg.de\/wp-content\/uploads\/2019\/04\/Dortmund_Zeche_Zollern_19_04_047-768x511.jpg 768w, http:\/\/blog.meineigenerweg.de\/wp-content\/uploads\/2019\/04\/Dortmund_Zeche_Zollern_19_04_047.jpg 1000w\" sizes=\"auto, (max-width: 300px) 100vw, 300px\" \/><\/a><\/p>\n<p>&nbsp;<\/p>\n<p><em>Meine Wertung: <span style=\"color: #ff0000;\">****<\/span>* sehenswert (und ein nettes Restaurant gibt es auch noch)<\/em><\/p>\n<p><em>Grubenweg 5<\/em><br \/>\n<em>44388 Dortmund<\/em><\/p>\n","protected":false},"excerpt":{"rendered":"<p>April 2019 Die Zeche Zollern, eine Ikone der Industriekultur, hat mich schon l\u00e4nger interessiert, aber erst heute komme ich dazu, diesem wundersch\u00f6nen Jugendstilzechengeb\u00e4ude einen Besuch abzustatten. Schon das Portal wirkt wie der Eingang zu einem Schlo\u00dfpark. Hier ist die Markenstube untergebracht, in der jeder Bergmann vor der Einfahrt eine Metallmarke<\/p>\n","protected":false},"author":1,"featured_media":6068,"parent":1809,"menu_order":0,"comment_status":"closed","ping_status":"closed","template":"","meta":{"footnotes":""},"class_list":["post-5998","page","type-page","status-publish","has-post-thumbnail","hentry"],"_links":{"self":[{"href":"http:\/\/blog.meineigenerweg.de\/index.php?rest_route=\/wp\/v2\/pages\/5998","targetHints":{"allow":["GET"]}}],"collection":[{"href":"http:\/\/blog.meineigenerweg.de\/index.php?rest_route=\/wp\/v2\/pages"}],"about":[{"href":"http:\/\/blog.meineigenerweg.de\/index.php?rest_route=\/wp\/v2\/types\/page"}],"author":[{"embeddable":true,"href":"http:\/\/blog.meineigenerweg.de\/index.php?rest_route=\/wp\/v2\/users\/1"}],"replies":[{"embeddable":true,"href":"http:\/\/blog.meineigenerweg.de\/index.php?rest_route=%2Fwp%2Fv2%2Fcomments&post=5998"}],"version-history":[{"count":25,"href":"http:\/\/blog.meineigenerweg.de\/index.php?rest_route=\/wp\/v2\/pages\/5998\/revisions"}],"predecessor-version":[{"id":6067,"href":"http:\/\/blog.meineigenerweg.de\/index.php?rest_route=\/wp\/v2\/pages\/5998\/revisions\/6067"}],"up":[{"embeddable":true,"href":"http:\/\/blog.meineigenerweg.de\/index.php?rest_route=\/wp\/v2\/pages\/1809"}],"wp:featuredmedia":[{"embeddable":true,"href":"http:\/\/blog.meineigenerweg.de\/index.php?rest_route=\/wp\/v2\/media\/6068"}],"wp:attachment":[{"href":"http:\/\/blog.meineigenerweg.de\/index.php?rest_route=%2Fwp%2Fv2%2Fmedia&parent=5998"}],"curies":[{"name":"wp","href":"https:\/\/api.w.org\/{rel}","templated":true}]}}