{"id":5955,"date":"2019-03-30T19:34:33","date_gmt":"2019-03-30T18:34:33","guid":{"rendered":"http:\/\/blog.meineigenerweg.de\/?page_id=5955"},"modified":"2021-02-23T23:27:12","modified_gmt":"2021-02-23T22:27:12","slug":"thailand-2","status":"publish","type":"page","link":"http:\/\/blog.meineigenerweg.de\/?page_id=5955","title":{"rendered":"Thailand &#8211; Bangkok \/ Phuket"},"content":{"rendered":"<p>Es war im Jahr 1999 als ich meine erste Fernreise nach Asien antrat. Das war r\u00fcckblickend noch ein wenig abenteuerlich und ungew\u00f6hnlich. Als Ziel hatte ich mir \u00a0Phuket ausgesucht um dort Strandurlaub zu machen, aber vorher, weil der Flieger dort einen Zwischenstop machte, wollte ich mir noch ein paar Tage Bangkok anschauen. (Damals habe ich noch analog fotografiert und die Bilder anschlie\u00dfend gescannt, leider ist die Qualit\u00e4t nicht wirklich gut, aber die Erinnerung ist klasse.)<\/p>\n<p>&nbsp;<\/p>\n<h6>Bangkok<\/h6>\n<p>Mit dem Tuctuc f\u00e4hrt man durch die Stadt<br \/>\n<a href=\"http:\/\/blog.meineigenerweg.de\/wp-content\/uploads\/2021\/02\/T99_0304-Copy.jpg\"><img loading=\"lazy\" decoding=\"async\" class=\"alignnone size-medium wp-image-7396\" src=\"http:\/\/blog.meineigenerweg.de\/wp-content\/uploads\/2021\/02\/T99_0304-Copy-300x225.jpg\" alt=\"\" width=\"300\" height=\"225\" srcset=\"http:\/\/blog.meineigenerweg.de\/wp-content\/uploads\/2021\/02\/T99_0304-Copy-300x225.jpg 300w, http:\/\/blog.meineigenerweg.de\/wp-content\/uploads\/2021\/02\/T99_0304-Copy.jpg 640w\" sizes=\"auto, (max-width: 300px) 100vw, 300px\" \/><\/a><\/p>\n<p>Sehr exotische Fr\u00fcchte gibt es \u00fcberall am Stra\u00dfenrand<br \/>\n<a href=\"http:\/\/blog.meineigenerweg.de\/wp-content\/uploads\/2021\/02\/T99_0223-Copy.jpg\"><img loading=\"lazy\" decoding=\"async\" class=\"alignnone size-medium wp-image-7393\" src=\"http:\/\/blog.meineigenerweg.de\/wp-content\/uploads\/2021\/02\/T99_0223-Copy-300x225.jpg\" alt=\"\" width=\"300\" height=\"225\" srcset=\"http:\/\/blog.meineigenerweg.de\/wp-content\/uploads\/2021\/02\/T99_0223-Copy-300x225.jpg 300w, http:\/\/blog.meineigenerweg.de\/wp-content\/uploads\/2021\/02\/T99_0223-Copy.jpg 640w\" sizes=\"auto, (max-width: 300px) 100vw, 300px\" \/><\/a><\/p>\n<p>Gark\u00fcchen sind allgegenw\u00e4rtig und bieten wirklich lecker Sachen an &#8230; nur Mut &#8230;<br \/>\n<a href=\"http:\/\/blog.meineigenerweg.de\/wp-content\/uploads\/2021\/02\/T99_0215-Copy.jpg\"><img loading=\"lazy\" decoding=\"async\" class=\"alignnone size-medium wp-image-7392\" src=\"http:\/\/blog.meineigenerweg.de\/wp-content\/uploads\/2021\/02\/T99_0215-Copy-300x225.jpg\" alt=\"\" width=\"300\" height=\"225\" srcset=\"http:\/\/blog.meineigenerweg.de\/wp-content\/uploads\/2021\/02\/T99_0215-Copy-300x225.jpg 300w, http:\/\/blog.meineigenerweg.de\/wp-content\/uploads\/2021\/02\/T99_0215-Copy.jpg 640w\" sizes=\"auto, (max-width: 300px) 100vw, 300px\" \/><\/a> <a href=\"http:\/\/blog.meineigenerweg.de\/wp-content\/uploads\/2021\/02\/T99_0225-Copy.jpg\"><img loading=\"lazy\" decoding=\"async\" class=\"alignnone size-medium wp-image-7394\" src=\"http:\/\/blog.meineigenerweg.de\/wp-content\/uploads\/2021\/02\/T99_0225-Copy-300x225.jpg\" alt=\"\" width=\"300\" height=\"225\" srcset=\"http:\/\/blog.meineigenerweg.de\/wp-content\/uploads\/2021\/02\/T99_0225-Copy-300x225.jpg 300w, http:\/\/blog.meineigenerweg.de\/wp-content\/uploads\/2021\/02\/T99_0225-Copy.jpg 640w\" sizes=\"auto, (max-width: 300px) 100vw, 300px\" \/><\/a><\/p>\n<p>Auf dem Nachtmarkt gibt es alle gro\u00dfen Marken diese Welt &#8230; allerdings gef\u00e4lscht<br \/>\n<a href=\"http:\/\/blog.meineigenerweg.de\/wp-content\/uploads\/2021\/02\/T99_0229-Copy.jpg\"><img loading=\"lazy\" decoding=\"async\" class=\"alignnone size-medium wp-image-7395\" src=\"http:\/\/blog.meineigenerweg.de\/wp-content\/uploads\/2021\/02\/T99_0229-Copy-300x225.jpg\" alt=\"\" width=\"300\" height=\"225\" srcset=\"http:\/\/blog.meineigenerweg.de\/wp-content\/uploads\/2021\/02\/T99_0229-Copy-300x225.jpg 300w, http:\/\/blog.meineigenerweg.de\/wp-content\/uploads\/2021\/02\/T99_0229-Copy.jpg 640w\" sizes=\"auto, (max-width: 300px) 100vw, 300px\" \/><\/a><\/p>\n<p>Der ber\u00fchmte schwimmende Markt hatte leider schon zu<br \/>\n<a href=\"http:\/\/blog.meineigenerweg.de\/wp-content\/uploads\/2021\/02\/T99_0419-Copy.jpg\"><img loading=\"lazy\" decoding=\"async\" class=\"alignnone size-medium wp-image-7405\" src=\"http:\/\/blog.meineigenerweg.de\/wp-content\/uploads\/2021\/02\/T99_0419-Copy-300x225.jpg\" alt=\"\" width=\"300\" height=\"225\" srcset=\"http:\/\/blog.meineigenerweg.de\/wp-content\/uploads\/2021\/02\/T99_0419-Copy-300x225.jpg 300w, http:\/\/blog.meineigenerweg.de\/wp-content\/uploads\/2021\/02\/T99_0419-Copy.jpg 640w\" sizes=\"auto, (max-width: 300px) 100vw, 300px\" \/><\/a> <a href=\"http:\/\/blog.meineigenerweg.de\/wp-content\/uploads\/2021\/02\/T99_0410-Copy.jpg\"><img loading=\"lazy\" decoding=\"async\" class=\"alignnone size-medium wp-image-7404\" src=\"http:\/\/blog.meineigenerweg.de\/wp-content\/uploads\/2021\/02\/T99_0410-Copy-300x225.jpg\" alt=\"\" width=\"300\" height=\"225\" srcset=\"http:\/\/blog.meineigenerweg.de\/wp-content\/uploads\/2021\/02\/T99_0410-Copy-300x225.jpg 300w, http:\/\/blog.meineigenerweg.de\/wp-content\/uploads\/2021\/02\/T99_0410-Copy.jpg 640w\" sizes=\"auto, (max-width: 300px) 100vw, 300px\" \/><\/a><\/p>\n<p>Der K\u00f6nigspalast, M\u00f6nche in leuchtend orange, Blumenketten, R\u00e4ucherst\u00e4bchen in dicken B\u00fcndeln und Lotusbl\u00fcten als Opfergaben sind allgegenw\u00e4rtig.<br \/>\n<a href=\"http:\/\/blog.meineigenerweg.de\/wp-content\/uploads\/2021\/02\/T99_0363-Copy.jpg\"><img loading=\"lazy\" decoding=\"async\" class=\"alignnone size-medium wp-image-7402\" src=\"http:\/\/blog.meineigenerweg.de\/wp-content\/uploads\/2021\/02\/T99_0363-Copy-300x225.jpg\" alt=\"\" width=\"300\" height=\"225\" srcset=\"http:\/\/blog.meineigenerweg.de\/wp-content\/uploads\/2021\/02\/T99_0363-Copy-300x225.jpg 300w, http:\/\/blog.meineigenerweg.de\/wp-content\/uploads\/2021\/02\/T99_0363-Copy.jpg 640w\" sizes=\"auto, (max-width: 300px) 100vw, 300px\" \/><\/a><br \/>\n<a href=\"http:\/\/blog.meineigenerweg.de\/wp-content\/uploads\/2021\/02\/T99_0335-Copy.jpg\"><img loading=\"lazy\" decoding=\"async\" class=\"alignnone size-medium wp-image-7398\" src=\"http:\/\/blog.meineigenerweg.de\/wp-content\/uploads\/2021\/02\/T99_0335-Copy-300x225.jpg\" alt=\"\" width=\"300\" height=\"225\" srcset=\"http:\/\/blog.meineigenerweg.de\/wp-content\/uploads\/2021\/02\/T99_0335-Copy-300x225.jpg 300w, http:\/\/blog.meineigenerweg.de\/wp-content\/uploads\/2021\/02\/T99_0335-Copy.jpg 640w\" sizes=\"auto, (max-width: 300px) 100vw, 300px\" \/><\/a> <a href=\"http:\/\/blog.meineigenerweg.de\/wp-content\/uploads\/2021\/02\/T99_0338-Copy.jpg\"><img loading=\"lazy\" decoding=\"async\" class=\"alignnone size-medium wp-image-7399\" src=\"http:\/\/blog.meineigenerweg.de\/wp-content\/uploads\/2021\/02\/T99_0338-Copy-300x225.jpg\" alt=\"\" width=\"300\" height=\"225\" srcset=\"http:\/\/blog.meineigenerweg.de\/wp-content\/uploads\/2021\/02\/T99_0338-Copy-300x225.jpg 300w, http:\/\/blog.meineigenerweg.de\/wp-content\/uploads\/2021\/02\/T99_0338-Copy.jpg 640w\" sizes=\"auto, (max-width: 300px) 100vw, 300px\" \/><\/a><br \/>\n<a href=\"http:\/\/blog.meineigenerweg.de\/wp-content\/uploads\/2021\/02\/T99_0364-Copy.jpg\"><img loading=\"lazy\" decoding=\"async\" class=\"alignnone size-medium wp-image-7403\" src=\"http:\/\/blog.meineigenerweg.de\/wp-content\/uploads\/2021\/02\/T99_0364-Copy-300x225.jpg\" alt=\"\" width=\"300\" height=\"225\" srcset=\"http:\/\/blog.meineigenerweg.de\/wp-content\/uploads\/2021\/02\/T99_0364-Copy-300x225.jpg 300w, http:\/\/blog.meineigenerweg.de\/wp-content\/uploads\/2021\/02\/T99_0364-Copy.jpg 640w\" sizes=\"auto, (max-width: 300px) 100vw, 300px\" \/><\/a> <a href=\"http:\/\/blog.meineigenerweg.de\/wp-content\/uploads\/2021\/02\/T99_0212-Copy.jpg\"><img loading=\"lazy\" decoding=\"async\" class=\"alignnone size-medium wp-image-7391\" src=\"http:\/\/blog.meineigenerweg.de\/wp-content\/uploads\/2021\/02\/T99_0212-Copy-300x225.jpg\" alt=\"\" width=\"300\" height=\"225\" srcset=\"http:\/\/blog.meineigenerweg.de\/wp-content\/uploads\/2021\/02\/T99_0212-Copy-300x225.jpg 300w, http:\/\/blog.meineigenerweg.de\/wp-content\/uploads\/2021\/02\/T99_0212-Copy.jpg 640w\" sizes=\"auto, (max-width: 300px) 100vw, 300px\" \/><\/a><br \/>\n<a href=\"http:\/\/blog.meineigenerweg.de\/wp-content\/uploads\/2021\/02\/T99_0355-Copy.jpg\"><img loading=\"lazy\" decoding=\"async\" class=\"alignnone size-medium wp-image-7401\" src=\"http:\/\/blog.meineigenerweg.de\/wp-content\/uploads\/2021\/02\/T99_0355-Copy-300x225.jpg\" alt=\"\" width=\"300\" height=\"225\" srcset=\"http:\/\/blog.meineigenerweg.de\/wp-content\/uploads\/2021\/02\/T99_0355-Copy-300x225.jpg 300w, http:\/\/blog.meineigenerweg.de\/wp-content\/uploads\/2021\/02\/T99_0355-Copy.jpg 640w\" sizes=\"auto, (max-width: 300px) 100vw, 300px\" \/><\/a> <a href=\"http:\/\/blog.meineigenerweg.de\/wp-content\/uploads\/2021\/02\/T99_0354-Copy.jpg\"><img loading=\"lazy\" decoding=\"async\" class=\"alignnone size-medium wp-image-7400\" src=\"http:\/\/blog.meineigenerweg.de\/wp-content\/uploads\/2021\/02\/T99_0354-Copy-300x225.jpg\" alt=\"\" width=\"300\" height=\"225\" srcset=\"http:\/\/blog.meineigenerweg.de\/wp-content\/uploads\/2021\/02\/T99_0354-Copy-300x225.jpg 300w, http:\/\/blog.meineigenerweg.de\/wp-content\/uploads\/2021\/02\/T99_0354-Copy.jpg 640w\" sizes=\"auto, (max-width: 300px) 100vw, 300px\" \/><\/a><\/p>\n<p>&nbsp;<\/p>\n<h6>Phuket<\/h6>\n<p>Die Hotelzimmer sind in originellen Bungalows versteckt<br \/>\n<a href=\"http:\/\/blog.meineigenerweg.de\/wp-content\/uploads\/2021\/02\/T99_0512-Copy.jpg\"><img loading=\"lazy\" decoding=\"async\" class=\"alignnone size-medium wp-image-7411\" src=\"http:\/\/blog.meineigenerweg.de\/wp-content\/uploads\/2021\/02\/T99_0512-Copy-300x225.jpg\" alt=\"\" width=\"300\" height=\"225\" srcset=\"http:\/\/blog.meineigenerweg.de\/wp-content\/uploads\/2021\/02\/T99_0512-Copy-300x225.jpg 300w, http:\/\/blog.meineigenerweg.de\/wp-content\/uploads\/2021\/02\/T99_0512-Copy.jpg 640w\" sizes=\"auto, (max-width: 300px) 100vw, 300px\" \/><\/a><br \/>\nStrand und Meer sind einfach nur traumhaft<br \/>\n<a href=\"http:\/\/blog.meineigenerweg.de\/wp-content\/uploads\/2021\/02\/T99_0516-Copy.jpg\"><img loading=\"lazy\" decoding=\"async\" class=\"alignnone size-medium wp-image-7412\" src=\"http:\/\/blog.meineigenerweg.de\/wp-content\/uploads\/2021\/02\/T99_0516-Copy-300x225.jpg\" alt=\"\" width=\"300\" height=\"225\" srcset=\"http:\/\/blog.meineigenerweg.de\/wp-content\/uploads\/2021\/02\/T99_0516-Copy-300x225.jpg 300w, http:\/\/blog.meineigenerweg.de\/wp-content\/uploads\/2021\/02\/T99_0516-Copy.jpg 640w\" sizes=\"auto, (max-width: 300px) 100vw, 300px\" \/> <\/a><a href=\"http:\/\/blog.meineigenerweg.de\/wp-content\/uploads\/2021\/02\/T99_1107-Copy.jpg\"><img loading=\"lazy\" decoding=\"async\" class=\"alignnone size-medium wp-image-7420\" src=\"http:\/\/blog.meineigenerweg.de\/wp-content\/uploads\/2021\/02\/T99_1107-Copy-300x225.jpg\" alt=\"\" width=\"300\" height=\"225\" srcset=\"http:\/\/blog.meineigenerweg.de\/wp-content\/uploads\/2021\/02\/T99_1107-Copy-300x225.jpg 300w, http:\/\/blog.meineigenerweg.de\/wp-content\/uploads\/2021\/02\/T99_1107-Copy.jpg 640w\" sizes=\"auto, (max-width: 300px) 100vw, 300px\" \/><\/a><br \/>\n<a href=\"http:\/\/blog.meineigenerweg.de\/wp-content\/uploads\/2021\/02\/T99_1734-Copy.jpg\"><img loading=\"lazy\" decoding=\"async\" class=\"alignnone size-medium wp-image-7423\" src=\"http:\/\/blog.meineigenerweg.de\/wp-content\/uploads\/2021\/02\/T99_1734-Copy-300x225.jpg\" alt=\"\" width=\"300\" height=\"225\" srcset=\"http:\/\/blog.meineigenerweg.de\/wp-content\/uploads\/2021\/02\/T99_1734-Copy-300x225.jpg 300w, http:\/\/blog.meineigenerweg.de\/wp-content\/uploads\/2021\/02\/T99_1734-Copy.jpg 640w\" sizes=\"auto, (max-width: 300px) 100vw, 300px\" \/> <\/a><a href=\"http:\/\/blog.meineigenerweg.de\/wp-content\/uploads\/2021\/02\/T99_1820-Copy.jpg\"><img loading=\"lazy\" decoding=\"async\" class=\"alignnone size-medium wp-image-7426\" src=\"http:\/\/blog.meineigenerweg.de\/wp-content\/uploads\/2021\/02\/T99_1820-Copy-300x225.jpg\" alt=\"\" width=\"300\" height=\"225\" srcset=\"http:\/\/blog.meineigenerweg.de\/wp-content\/uploads\/2021\/02\/T99_1820-Copy-300x225.jpg 300w, http:\/\/blog.meineigenerweg.de\/wp-content\/uploads\/2021\/02\/T99_1820-Copy.jpg 640w\" sizes=\"auto, (max-width: 300px) 100vw, 300px\" \/><\/a><\/p>\n<p>Tempel und M\u00f6nche sind allgegenw\u00e4rtig<br \/>\n<a href=\"http:\/\/blog.meineigenerweg.de\/wp-content\/uploads\/2021\/02\/T99_0919-Copy.jpg\"><img loading=\"lazy\" decoding=\"async\" class=\"alignnone size-medium wp-image-7418\" src=\"http:\/\/blog.meineigenerweg.de\/wp-content\/uploads\/2021\/02\/T99_0919-Copy-300x225.jpg\" alt=\"\" width=\"300\" height=\"225\" srcset=\"http:\/\/blog.meineigenerweg.de\/wp-content\/uploads\/2021\/02\/T99_0919-Copy-300x225.jpg 300w, http:\/\/blog.meineigenerweg.de\/wp-content\/uploads\/2021\/02\/T99_0919-Copy.jpg 640w\" sizes=\"auto, (max-width: 300px) 100vw, 300px\" \/><\/a> <a href=\"http:\/\/blog.meineigenerweg.de\/wp-content\/uploads\/2021\/02\/T99_3053-Copy.jpg\"><img loading=\"lazy\" decoding=\"async\" class=\"alignnone size-medium wp-image-7434\" src=\"http:\/\/blog.meineigenerweg.de\/wp-content\/uploads\/2021\/02\/T99_3053-Copy-300x225.jpg\" alt=\"\" width=\"300\" height=\"225\" srcset=\"http:\/\/blog.meineigenerweg.de\/wp-content\/uploads\/2021\/02\/T99_3053-Copy-300x225.jpg 300w, http:\/\/blog.meineigenerweg.de\/wp-content\/uploads\/2021\/02\/T99_3053-Copy.jpg 640w\" sizes=\"auto, (max-width: 300px) 100vw, 300px\" \/><\/a><br \/>\n<a href=\"http:\/\/blog.meineigenerweg.de\/wp-content\/uploads\/2021\/02\/T99_0915-Copy.jpg\"><img loading=\"lazy\" decoding=\"async\" class=\"alignnone size-medium wp-image-7416\" src=\"http:\/\/blog.meineigenerweg.de\/wp-content\/uploads\/2021\/02\/T99_0915-Copy-300x225.jpg\" alt=\"\" width=\"300\" height=\"225\" srcset=\"http:\/\/blog.meineigenerweg.de\/wp-content\/uploads\/2021\/02\/T99_0915-Copy-300x225.jpg 300w, http:\/\/blog.meineigenerweg.de\/wp-content\/uploads\/2021\/02\/T99_0915-Copy.jpg 640w\" sizes=\"auto, (max-width: 300px) 100vw, 300px\" \/>\u00a0<\/a><\/p>\n<p>Die Schule findet im Freien statt<br \/>\n<a href=\"http:\/\/blog.meineigenerweg.de\/wp-content\/uploads\/2021\/02\/T99_0917-Copy.jpg\"><img loading=\"lazy\" decoding=\"async\" class=\"alignnone size-medium wp-image-7417\" src=\"http:\/\/blog.meineigenerweg.de\/wp-content\/uploads\/2021\/02\/T99_0917-Copy-300x225.jpg\" alt=\"\" width=\"300\" height=\"225\" srcset=\"http:\/\/blog.meineigenerweg.de\/wp-content\/uploads\/2021\/02\/T99_0917-Copy-300x225.jpg 300w, http:\/\/blog.meineigenerweg.de\/wp-content\/uploads\/2021\/02\/T99_0917-Copy.jpg 640w\" sizes=\"auto, (max-width: 300px) 100vw, 300px\" \/><\/a><\/p>\n<p>&#8230; und pl\u00f6tzlich war da ein Elefant<br \/>\n<a href=\"http:\/\/blog.meineigenerweg.de\/wp-content\/uploads\/2021\/02\/T99_1625-Copy.jpg\"><img loading=\"lazy\" decoding=\"async\" class=\"alignnone size-medium wp-image-7421\" src=\"http:\/\/blog.meineigenerweg.de\/wp-content\/uploads\/2021\/02\/T99_1625-Copy-300x225.jpg\" alt=\"\" width=\"300\" height=\"225\" srcset=\"http:\/\/blog.meineigenerweg.de\/wp-content\/uploads\/2021\/02\/T99_1625-Copy-300x225.jpg 300w, http:\/\/blog.meineigenerweg.de\/wp-content\/uploads\/2021\/02\/T99_1625-Copy.jpg 640w\" sizes=\"auto, (max-width: 300px) 100vw, 300px\" \/><\/a><\/p>\n<p>Ein Ausflug zum Schnorcheln<br \/>\n<a href=\"http:\/\/blog.meineigenerweg.de\/wp-content\/uploads\/2021\/02\/T99_1819-Copy.jpg\"><img loading=\"lazy\" decoding=\"async\" class=\"alignnone size-medium wp-image-7425\" src=\"http:\/\/blog.meineigenerweg.de\/wp-content\/uploads\/2021\/02\/T99_1819-Copy-300x225.jpg\" alt=\"\" width=\"300\" height=\"225\" srcset=\"http:\/\/blog.meineigenerweg.de\/wp-content\/uploads\/2021\/02\/T99_1819-Copy-300x225.jpg 300w, http:\/\/blog.meineigenerweg.de\/wp-content\/uploads\/2021\/02\/T99_1819-Copy.jpg 640w\" sizes=\"auto, (max-width: 300px) 100vw, 300px\" \/><\/a> <a href=\"http:\/\/blog.meineigenerweg.de\/wp-content\/uploads\/2021\/02\/T99_1812-Copy.jpg\"><img loading=\"lazy\" decoding=\"async\" class=\"alignnone size-medium wp-image-7424\" src=\"http:\/\/blog.meineigenerweg.de\/wp-content\/uploads\/2021\/02\/T99_1812-Copy-300x225.jpg\" alt=\"\" width=\"300\" height=\"225\" srcset=\"http:\/\/blog.meineigenerweg.de\/wp-content\/uploads\/2021\/02\/T99_1812-Copy-300x225.jpg 300w, http:\/\/blog.meineigenerweg.de\/wp-content\/uploads\/2021\/02\/T99_1812-Copy.jpg 640w\" sizes=\"auto, (max-width: 300px) 100vw, 300px\" \/><\/a><br \/>\n<a href=\"http:\/\/blog.meineigenerweg.de\/wp-content\/uploads\/2021\/02\/Uw99_114.jpg\"><img loading=\"lazy\" decoding=\"async\" class=\"alignnone size-medium wp-image-7436\" src=\"http:\/\/blog.meineigenerweg.de\/wp-content\/uploads\/2021\/02\/Uw99_114-300x200.jpg\" alt=\"\" width=\"300\" height=\"200\" srcset=\"http:\/\/blog.meineigenerweg.de\/wp-content\/uploads\/2021\/02\/Uw99_114-300x200.jpg 300w, http:\/\/blog.meineigenerweg.de\/wp-content\/uploads\/2021\/02\/Uw99_114-1024x684.jpg 1024w, http:\/\/blog.meineigenerweg.de\/wp-content\/uploads\/2021\/02\/Uw99_114-768x513.jpg 768w, http:\/\/blog.meineigenerweg.de\/wp-content\/uploads\/2021\/02\/Uw99_114-1536x1026.jpg 1536w, http:\/\/blog.meineigenerweg.de\/wp-content\/uploads\/2021\/02\/Uw99_114.jpg 1664w\" sizes=\"auto, (max-width: 300px) 100vw, 300px\" \/><\/a><\/p>\n<p>Spannende Lebewesen<\/p>\n<p><a href=\"http:\/\/blog.meineigenerweg.de\/wp-content\/uploads\/2021\/02\/T99_0824-Copy.jpg\"><img loading=\"lazy\" decoding=\"async\" class=\"alignnone size-medium wp-image-7413\" src=\"http:\/\/blog.meineigenerweg.de\/wp-content\/uploads\/2021\/02\/T99_0824-Copy-300x225.jpg\" alt=\"\" width=\"300\" height=\"225\" srcset=\"http:\/\/blog.meineigenerweg.de\/wp-content\/uploads\/2021\/02\/T99_0824-Copy-300x225.jpg 300w, http:\/\/blog.meineigenerweg.de\/wp-content\/uploads\/2021\/02\/T99_0824-Copy.jpg 640w\" sizes=\"auto, (max-width: 300px) 100vw, 300px\" \/><\/a> <a href=\"http:\/\/blog.meineigenerweg.de\/wp-content\/uploads\/2021\/02\/T99_0828-Copy.jpg\"><img loading=\"lazy\" decoding=\"async\" class=\"alignnone size-medium wp-image-7415\" src=\"http:\/\/blog.meineigenerweg.de\/wp-content\/uploads\/2021\/02\/T99_0828-Copy-300x225.jpg\" alt=\"\" width=\"300\" height=\"225\" srcset=\"http:\/\/blog.meineigenerweg.de\/wp-content\/uploads\/2021\/02\/T99_0828-Copy-300x225.jpg 300w, http:\/\/blog.meineigenerweg.de\/wp-content\/uploads\/2021\/02\/T99_0828-Copy.jpg 640w\" sizes=\"auto, (max-width: 300px) 100vw, 300px\" \/><\/a><br \/>\n<a href=\"http:\/\/blog.meineigenerweg.de\/wp-content\/uploads\/2021\/02\/T99_1022-Copy.jpg\"><img loading=\"lazy\" decoding=\"async\" class=\"alignnone size-medium wp-image-7419\" src=\"http:\/\/blog.meineigenerweg.de\/wp-content\/uploads\/2021\/02\/T99_1022-Copy-300x225.jpg\" alt=\"\" width=\"300\" height=\"225\" srcset=\"http:\/\/blog.meineigenerweg.de\/wp-content\/uploads\/2021\/02\/T99_1022-Copy-300x225.jpg 300w, http:\/\/blog.meineigenerweg.de\/wp-content\/uploads\/2021\/02\/T99_1022-Copy.jpg 640w\" sizes=\"auto, (max-width: 300px) 100vw, 300px\" \/> <\/a><a href=\"http:\/\/blog.meineigenerweg.de\/wp-content\/uploads\/2021\/02\/T99_2624-Copy.jpg\"><img loading=\"lazy\" decoding=\"async\" class=\"alignnone size-medium wp-image-7431\" src=\"http:\/\/blog.meineigenerweg.de\/wp-content\/uploads\/2021\/02\/T99_2624-Copy-300x225.jpg\" alt=\"\" width=\"300\" height=\"225\" srcset=\"http:\/\/blog.meineigenerweg.de\/wp-content\/uploads\/2021\/02\/T99_2624-Copy-300x225.jpg 300w, http:\/\/blog.meineigenerweg.de\/wp-content\/uploads\/2021\/02\/T99_2624-Copy.jpg 640w\" sizes=\"auto, (max-width: 300px) 100vw, 300px\" \/><\/a><\/p>\n<p>Ananas frisch gepfl\u00fcckt schmeckt wesentlich besser als zuhause<br \/>\n<a href=\"http:\/\/blog.meineigenerweg.de\/wp-content\/uploads\/2021\/02\/T99_2613-Copy.jpg\"><img loading=\"lazy\" decoding=\"async\" class=\"alignnone size-medium wp-image-7429\" src=\"http:\/\/blog.meineigenerweg.de\/wp-content\/uploads\/2021\/02\/T99_2613-Copy-300x225.jpg\" alt=\"\" width=\"300\" height=\"225\" srcset=\"http:\/\/blog.meineigenerweg.de\/wp-content\/uploads\/2021\/02\/T99_2613-Copy-300x225.jpg 300w, http:\/\/blog.meineigenerweg.de\/wp-content\/uploads\/2021\/02\/T99_2613-Copy.jpg 640w\" sizes=\"auto, (max-width: 300px) 100vw, 300px\" \/> <\/a><a href=\"http:\/\/blog.meineigenerweg.de\/wp-content\/uploads\/2021\/02\/T99_2614-Copy.jpg\"><img loading=\"lazy\" decoding=\"async\" class=\"alignnone size-medium wp-image-7430\" src=\"http:\/\/blog.meineigenerweg.de\/wp-content\/uploads\/2021\/02\/T99_2614-Copy-300x225.jpg\" alt=\"\" width=\"300\" height=\"225\" srcset=\"http:\/\/blog.meineigenerweg.de\/wp-content\/uploads\/2021\/02\/T99_2614-Copy-300x225.jpg 300w, http:\/\/blog.meineigenerweg.de\/wp-content\/uploads\/2021\/02\/T99_2614-Copy.jpg 640w\" sizes=\"auto, (max-width: 300px) 100vw, 300px\" \/><\/a><\/p>\n<p>Streetfood bunt und manchmal auch aus dem Plastikbeutel, aber lecker<\/p>\n<p><a href=\"http:\/\/blog.meineigenerweg.de\/wp-content\/uploads\/2021\/02\/T99_2612-Copy.jpg\"><img loading=\"lazy\" decoding=\"async\" class=\"alignnone size-medium wp-image-7428\" src=\"http:\/\/blog.meineigenerweg.de\/wp-content\/uploads\/2021\/02\/T99_2612-Copy-300x225.jpg\" alt=\"\" width=\"300\" height=\"225\" srcset=\"http:\/\/blog.meineigenerweg.de\/wp-content\/uploads\/2021\/02\/T99_2612-Copy-300x225.jpg 300w, http:\/\/blog.meineigenerweg.de\/wp-content\/uploads\/2021\/02\/T99_2612-Copy.jpg 640w\" sizes=\"auto, (max-width: 300px) 100vw, 300px\" \/><\/a> <a href=\"http:\/\/blog.meineigenerweg.de\/wp-content\/uploads\/2021\/02\/T99_2404-Copy.jpg\"><img loading=\"lazy\" decoding=\"async\" class=\"alignnone size-medium wp-image-7427\" src=\"http:\/\/blog.meineigenerweg.de\/wp-content\/uploads\/2021\/02\/T99_2404-Copy-300x225.jpg\" alt=\"\" width=\"300\" height=\"225\" srcset=\"http:\/\/blog.meineigenerweg.de\/wp-content\/uploads\/2021\/02\/T99_2404-Copy-300x225.jpg 300w, http:\/\/blog.meineigenerweg.de\/wp-content\/uploads\/2021\/02\/T99_2404-Copy.jpg 640w\" sizes=\"auto, (max-width: 300px) 100vw, 300px\" \/><\/a><br \/>\nDurian oder auch Stinkefrucht, es ist verboten sie in Hotel mitzubringen. Riecht ganz f\u00fcrchterlich nach Abfall und Verwesung, soll aber eine Delikatesse sein.<br \/>\n<a href=\"http:\/\/blog.meineigenerweg.de\/wp-content\/uploads\/2021\/02\/T99_2808-Copy.jpg\"><img loading=\"lazy\" decoding=\"async\" class=\"alignnone size-medium wp-image-7432\" src=\"http:\/\/blog.meineigenerweg.de\/wp-content\/uploads\/2021\/02\/T99_2808-Copy-300x225.jpg\" alt=\"\" width=\"300\" height=\"225\" srcset=\"http:\/\/blog.meineigenerweg.de\/wp-content\/uploads\/2021\/02\/T99_2808-Copy-300x225.jpg 300w, http:\/\/blog.meineigenerweg.de\/wp-content\/uploads\/2021\/02\/T99_2808-Copy.jpg 640w\" sizes=\"auto, (max-width: 300px) 100vw, 300px\" \/><\/a><\/p>\n<p>Ein erfrischendes Bad geht \u00fcberall<br \/>\n<a href=\"http:\/\/blog.meineigenerweg.de\/wp-content\/uploads\/2021\/02\/T99_2810-Copy.jpg\"><img loading=\"lazy\" decoding=\"async\" class=\"alignnone size-medium wp-image-7433\" src=\"http:\/\/blog.meineigenerweg.de\/wp-content\/uploads\/2021\/02\/T99_2810-Copy-300x225.jpg\" alt=\"\" width=\"300\" height=\"225\" srcset=\"http:\/\/blog.meineigenerweg.de\/wp-content\/uploads\/2021\/02\/T99_2810-Copy-300x225.jpg 300w, http:\/\/blog.meineigenerweg.de\/wp-content\/uploads\/2021\/02\/T99_2810-Copy.jpg 640w\" sizes=\"auto, (max-width: 300px) 100vw, 300px\" \/><\/a><\/p>\n","protected":false},"excerpt":{"rendered":"<p>Es war im Jahr 1999 als ich meine erste Fernreise nach Asien antrat. Das war r\u00fcckblickend noch ein wenig abenteuerlich und ungew\u00f6hnlich. Als Ziel hatte ich mir \u00a0Phuket ausgesucht um dort Strandurlaub zu machen, aber vorher, weil der Flieger dort einen Zwischenstop machte, wollte ich mir noch ein paar Tage<\/p>\n","protected":false},"author":1,"featured_media":0,"parent":104,"menu_order":0,"comment_status":"closed","ping_status":"closed","template":"","meta":{"footnotes":""},"class_list":["post-5955","page","type-page","status-publish","hentry"],"_links":{"self":[{"href":"http:\/\/blog.meineigenerweg.de\/index.php?rest_route=\/wp\/v2\/pages\/5955","targetHints":{"allow":["GET"]}}],"collection":[{"href":"http:\/\/blog.meineigenerweg.de\/index.php?rest_route=\/wp\/v2\/pages"}],"about":[{"href":"http:\/\/blog.meineigenerweg.de\/index.php?rest_route=\/wp\/v2\/types\/page"}],"author":[{"embeddable":true,"href":"http:\/\/blog.meineigenerweg.de\/index.php?rest_route=\/wp\/v2\/users\/1"}],"replies":[{"embeddable":true,"href":"http:\/\/blog.meineigenerweg.de\/index.php?rest_route=%2Fwp%2Fv2%2Fcomments&post=5955"}],"version-history":[{"count":13,"href":"http:\/\/blog.meineigenerweg.de\/index.php?rest_route=\/wp\/v2\/pages\/5955\/revisions"}],"predecessor-version":[{"id":7440,"href":"http:\/\/blog.meineigenerweg.de\/index.php?rest_route=\/wp\/v2\/pages\/5955\/revisions\/7440"}],"up":[{"embeddable":true,"href":"http:\/\/blog.meineigenerweg.de\/index.php?rest_route=\/wp\/v2\/pages\/104"}],"wp:attachment":[{"href":"http:\/\/blog.meineigenerweg.de\/index.php?rest_route=%2Fwp%2Fv2%2Fmedia&parent=5955"}],"curies":[{"name":"wp","href":"https:\/\/api.w.org\/{rel}","templated":true}]}}