{"id":5852,"date":"2019-03-27T22:14:41","date_gmt":"2019-03-27T21:14:41","guid":{"rendered":"http:\/\/blog.meineigenerweg.de\/?page_id=5852"},"modified":"2020-04-03T23:05:55","modified_gmt":"2020-04-03T22:05:55","slug":"hongkong-2","status":"publish","type":"page","link":"http:\/\/blog.meineigenerweg.de\/?page_id=5852","title":{"rendered":"Hongkong"},"content":{"rendered":"<p>Okay, New York f\u00fchrt unverr\u00fcckbar die Liste meiner Lieblingsst\u00e4dte an, aber mit nur minimalem Abstand folgt Hongkong.<\/p>\n<p><a href=\"http:\/\/blog.meineigenerweg.de\/wp-content\/uploads\/2020\/04\/HK-Skyline-nachts-02.jpg\"><img loading=\"lazy\" decoding=\"async\" class=\"alignnone wp-image-6901\" src=\"http:\/\/blog.meineigenerweg.de\/wp-content\/uploads\/2020\/04\/HK-Skyline-nachts-02-300x119.jpg\" alt=\"\" width=\"455\" height=\"180\" srcset=\"http:\/\/blog.meineigenerweg.de\/wp-content\/uploads\/2020\/04\/HK-Skyline-nachts-02-300x119.jpg 300w, http:\/\/blog.meineigenerweg.de\/wp-content\/uploads\/2020\/04\/HK-Skyline-nachts-02-1024x406.jpg 1024w, http:\/\/blog.meineigenerweg.de\/wp-content\/uploads\/2020\/04\/HK-Skyline-nachts-02-768x304.jpg 768w, http:\/\/blog.meineigenerweg.de\/wp-content\/uploads\/2020\/04\/HK-Skyline-nachts-02-1536x608.jpg 1536w, http:\/\/blog.meineigenerweg.de\/wp-content\/uploads\/2020\/04\/HK-Skyline-nachts-02.jpg 1689w\" sizes=\"auto, (max-width: 455px) 100vw, 455px\" \/><\/a><\/p>\n<p>Quirliges Leben &#8230; \u00fcberall<\/p>\n<p><a href=\"http:\/\/blog.meineigenerweg.de\/wp-content\/uploads\/2020\/04\/O_DSC_1208.jpg\"><img loading=\"lazy\" decoding=\"async\" class=\"alignnone size-medium wp-image-6902\" src=\"http:\/\/blog.meineigenerweg.de\/wp-content\/uploads\/2020\/04\/O_DSC_1208-300x200.jpg\" alt=\"\" width=\"300\" height=\"200\" srcset=\"http:\/\/blog.meineigenerweg.de\/wp-content\/uploads\/2020\/04\/O_DSC_1208-300x200.jpg 300w, http:\/\/blog.meineigenerweg.de\/wp-content\/uploads\/2020\/04\/O_DSC_1208-768x512.jpg 768w, http:\/\/blog.meineigenerweg.de\/wp-content\/uploads\/2020\/04\/O_DSC_1208.jpg 1000w\" sizes=\"auto, (max-width: 300px) 100vw, 300px\" \/> <\/a><\/p>\n<p>Zeitungsverk\u00e4ufer<\/p>\n<p><a href=\"http:\/\/blog.meineigenerweg.de\/wp-content\/uploads\/2020\/04\/O_DSC_1216.jpg\"><img loading=\"lazy\" decoding=\"async\" class=\"alignnone size-medium wp-image-6904\" src=\"http:\/\/blog.meineigenerweg.de\/wp-content\/uploads\/2020\/04\/O_DSC_1216-300x200.jpg\" alt=\"\" width=\"300\" height=\"200\" srcset=\"http:\/\/blog.meineigenerweg.de\/wp-content\/uploads\/2020\/04\/O_DSC_1216-300x200.jpg 300w, http:\/\/blog.meineigenerweg.de\/wp-content\/uploads\/2020\/04\/O_DSC_1216-768x512.jpg 768w, http:\/\/blog.meineigenerweg.de\/wp-content\/uploads\/2020\/04\/O_DSC_1216.jpg 1000w\" sizes=\"auto, (max-width: 300px) 100vw, 300px\" \/><\/a><\/p>\n<p>Streetfood<\/p>\n<p><a href=\"http:\/\/blog.meineigenerweg.de\/wp-content\/uploads\/2020\/04\/O_DSC_1211.jpg\"><img loading=\"lazy\" decoding=\"async\" class=\"alignnone size-medium wp-image-6903\" src=\"http:\/\/blog.meineigenerweg.de\/wp-content\/uploads\/2020\/04\/O_DSC_1211-300x201.jpg\" alt=\"\" width=\"300\" height=\"201\" srcset=\"http:\/\/blog.meineigenerweg.de\/wp-content\/uploads\/2020\/04\/O_DSC_1211-300x201.jpg 300w, http:\/\/blog.meineigenerweg.de\/wp-content\/uploads\/2020\/04\/O_DSC_1211-768x514.jpg 768w, http:\/\/blog.meineigenerweg.de\/wp-content\/uploads\/2020\/04\/O_DSC_1211.jpg 1000w\" sizes=\"auto, (max-width: 300px) 100vw, 300px\" \/>\u00a0<\/a><\/p>\n<p>Tee gibt es \u00fcberall<\/p>\n<p><a href=\"http:\/\/blog.meineigenerweg.de\/wp-content\/uploads\/2020\/04\/O_IMGP5399.jpg\"><img loading=\"lazy\" decoding=\"async\" class=\"alignnone size-medium wp-image-6918\" src=\"http:\/\/blog.meineigenerweg.de\/wp-content\/uploads\/2020\/04\/O_IMGP5399-300x200.jpg\" alt=\"\" width=\"300\" height=\"200\" srcset=\"http:\/\/blog.meineigenerweg.de\/wp-content\/uploads\/2020\/04\/O_IMGP5399-300x200.jpg 300w, http:\/\/blog.meineigenerweg.de\/wp-content\/uploads\/2020\/04\/O_IMGP5399-768x511.jpg 768w, http:\/\/blog.meineigenerweg.de\/wp-content\/uploads\/2020\/04\/O_IMGP5399.jpg 1000w\" sizes=\"auto, (max-width: 300px) 100vw, 300px\" \/><\/a><\/p>\n<p>Original Pekingenten mit F\u00fc\u00dfen und Schnabel<\/p>\n<p><a href=\"http:\/\/blog.meineigenerweg.de\/wp-content\/uploads\/2020\/04\/S_IMG_8801.jpg\"><img loading=\"lazy\" decoding=\"async\" class=\"alignnone size-medium wp-image-6919\" src=\"http:\/\/blog.meineigenerweg.de\/wp-content\/uploads\/2020\/04\/S_IMG_8801-300x200.jpg\" alt=\"\" width=\"300\" height=\"200\" srcset=\"http:\/\/blog.meineigenerweg.de\/wp-content\/uploads\/2020\/04\/S_IMG_8801-300x200.jpg 300w, http:\/\/blog.meineigenerweg.de\/wp-content\/uploads\/2020\/04\/S_IMG_8801-768x511.jpg 768w, http:\/\/blog.meineigenerweg.de\/wp-content\/uploads\/2020\/04\/S_IMG_8801.jpg 1000w\" sizes=\"auto, (max-width: 300px) 100vw, 300px\" \/><\/a><\/p>\n<p>Der Metzger<\/p>\n<p><a style=\"font-size: 0.95em;\" href=\"http:\/\/blog.meineigenerweg.de\/wp-content\/uploads\/2020\/04\/S_IMG_9240.jpg\"><img loading=\"lazy\" decoding=\"async\" class=\"alignnone size-medium wp-image-6921\" src=\"http:\/\/blog.meineigenerweg.de\/wp-content\/uploads\/2020\/04\/S_IMG_9240-300x200.jpg\" alt=\"\" width=\"300\" height=\"200\" srcset=\"http:\/\/blog.meineigenerweg.de\/wp-content\/uploads\/2020\/04\/S_IMG_9240-300x200.jpg 300w, http:\/\/blog.meineigenerweg.de\/wp-content\/uploads\/2020\/04\/S_IMG_9240-768x512.jpg 768w, http:\/\/blog.meineigenerweg.de\/wp-content\/uploads\/2020\/04\/S_IMG_9240.jpg 1000w\" sizes=\"auto, (max-width: 300px) 100vw, 300px\" \/><\/a><\/p>\n<p>und wer es mag &#8230; Fr\u00f6sche<\/p>\n<p><a href=\"http:\/\/blog.meineigenerweg.de\/wp-content\/uploads\/2020\/04\/O_DSC_1251.jpg\"><img loading=\"lazy\" decoding=\"async\" class=\"alignnone size-medium wp-image-6905\" src=\"http:\/\/blog.meineigenerweg.de\/wp-content\/uploads\/2020\/04\/O_DSC_1251-300x200.jpg\" alt=\"\" width=\"300\" height=\"200\" srcset=\"http:\/\/blog.meineigenerweg.de\/wp-content\/uploads\/2020\/04\/O_DSC_1251-300x200.jpg 300w, http:\/\/blog.meineigenerweg.de\/wp-content\/uploads\/2020\/04\/O_DSC_1251-768x512.jpg 768w, http:\/\/blog.meineigenerweg.de\/wp-content\/uploads\/2020\/04\/O_DSC_1251.jpg 1000w\" sizes=\"auto, (max-width: 300px) 100vw, 300px\" \/><\/a><\/p>\n<p>Zitronen<\/p>\n<p><a href=\"http:\/\/blog.meineigenerweg.de\/wp-content\/uploads\/2020\/04\/O_DSC_1267.jpg\"><img loading=\"lazy\" decoding=\"async\" class=\"alignnone size-medium wp-image-6906\" src=\"http:\/\/blog.meineigenerweg.de\/wp-content\/uploads\/2020\/04\/O_DSC_1267-300x200.jpg\" alt=\"\" width=\"300\" height=\"200\" srcset=\"http:\/\/blog.meineigenerweg.de\/wp-content\/uploads\/2020\/04\/O_DSC_1267-300x200.jpg 300w, http:\/\/blog.meineigenerweg.de\/wp-content\/uploads\/2020\/04\/O_DSC_1267-768x512.jpg 768w, http:\/\/blog.meineigenerweg.de\/wp-content\/uploads\/2020\/04\/O_DSC_1267.jpg 1000w\" sizes=\"auto, (max-width: 300px) 100vw, 300px\" \/><\/a><\/p>\n<p>Vogelmarkt<\/p>\n<p><a href=\"http:\/\/blog.meineigenerweg.de\/wp-content\/uploads\/2020\/04\/O_DSC_1275.jpg\"><img loading=\"lazy\" decoding=\"async\" class=\"alignnone size-medium wp-image-6907\" src=\"http:\/\/blog.meineigenerweg.de\/wp-content\/uploads\/2020\/04\/O_DSC_1275-300x200.jpg\" alt=\"\" width=\"300\" height=\"200\" srcset=\"http:\/\/blog.meineigenerweg.de\/wp-content\/uploads\/2020\/04\/O_DSC_1275-300x200.jpg 300w, http:\/\/blog.meineigenerweg.de\/wp-content\/uploads\/2020\/04\/O_DSC_1275-768x512.jpg 768w, http:\/\/blog.meineigenerweg.de\/wp-content\/uploads\/2020\/04\/O_DSC_1275.jpg 1000w\" sizes=\"auto, (max-width: 300px) 100vw, 300px\" \/><\/a><\/p>\n<p>M\u00e4rkte &#8230; zu allen Tages- und Nachtzeiten<\/p>\n<p><a href=\"http:\/\/blog.meineigenerweg.de\/wp-content\/uploads\/2020\/04\/F_DSC_5696.jpg\"><img loading=\"lazy\" decoding=\"async\" class=\"alignnone size-medium wp-image-6896\" src=\"http:\/\/blog.meineigenerweg.de\/wp-content\/uploads\/2020\/04\/F_DSC_5696-300x200.jpg\" alt=\"\" width=\"300\" height=\"200\" srcset=\"http:\/\/blog.meineigenerweg.de\/wp-content\/uploads\/2020\/04\/F_DSC_5696-300x200.jpg 300w, http:\/\/blog.meineigenerweg.de\/wp-content\/uploads\/2020\/04\/F_DSC_5696-768x511.jpg 768w, http:\/\/blog.meineigenerweg.de\/wp-content\/uploads\/2020\/04\/F_DSC_5696.jpg 1000w\" sizes=\"auto, (max-width: 300px) 100vw, 300px\" \/><\/a><\/p>\n<p>Davon gibt es unz\u00e4hlig viele<\/p>\n<p><a href=\"http:\/\/blog.meineigenerweg.de\/wp-content\/uploads\/2020\/04\/S_IMG_9445.jpg\"><img loading=\"lazy\" decoding=\"async\" class=\"alignnone size-medium wp-image-6922\" src=\"http:\/\/blog.meineigenerweg.de\/wp-content\/uploads\/2020\/04\/S_IMG_9445-300x200.jpg\" alt=\"\" width=\"300\" height=\"200\" srcset=\"http:\/\/blog.meineigenerweg.de\/wp-content\/uploads\/2020\/04\/S_IMG_9445-300x200.jpg 300w, http:\/\/blog.meineigenerweg.de\/wp-content\/uploads\/2020\/04\/S_IMG_9445-768x512.jpg 768w, http:\/\/blog.meineigenerweg.de\/wp-content\/uploads\/2020\/04\/S_IMG_9445.jpg 1000w\" sizes=\"auto, (max-width: 300px) 100vw, 300px\" \/><\/a><\/p>\n<p>Wong Tai Sin Tempel &#8211; der Rasen wird von Hand geschnitten &#8211; mitten in der Stadt<\/p>\n<p><a href=\"http:\/\/blog.meineigenerweg.de\/wp-content\/uploads\/2020\/04\/O_DSC_1412.jpg\"><img loading=\"lazy\" decoding=\"async\" class=\"alignnone size-medium wp-image-6908\" src=\"http:\/\/blog.meineigenerweg.de\/wp-content\/uploads\/2020\/04\/O_DSC_1412-300x201.jpg\" alt=\"\" width=\"300\" height=\"201\" srcset=\"http:\/\/blog.meineigenerweg.de\/wp-content\/uploads\/2020\/04\/O_DSC_1412-300x201.jpg 300w, http:\/\/blog.meineigenerweg.de\/wp-content\/uploads\/2020\/04\/O_DSC_1412-768x514.jpg 768w, http:\/\/blog.meineigenerweg.de\/wp-content\/uploads\/2020\/04\/O_DSC_1412.jpg 1000w\" sizes=\"auto, (max-width: 300px) 100vw, 300px\" \/> <\/a><a href=\"http:\/\/blog.meineigenerweg.de\/wp-content\/uploads\/2020\/04\/F_DSC_5866.jpg\"><img loading=\"lazy\" decoding=\"async\" class=\"alignnone size-medium wp-image-6898\" src=\"http:\/\/blog.meineigenerweg.de\/wp-content\/uploads\/2020\/04\/F_DSC_5866-300x200.jpg\" alt=\"\" width=\"300\" height=\"200\" srcset=\"http:\/\/blog.meineigenerweg.de\/wp-content\/uploads\/2020\/04\/F_DSC_5866-300x200.jpg 300w, http:\/\/blog.meineigenerweg.de\/wp-content\/uploads\/2020\/04\/F_DSC_5866-768x512.jpg 768w, http:\/\/blog.meineigenerweg.de\/wp-content\/uploads\/2020\/04\/F_DSC_5866.jpg 1000w\" sizes=\"auto, (max-width: 300px) 100vw, 300px\" \/><\/a><br \/>\n<a href=\"http:\/\/blog.meineigenerweg.de\/wp-content\/uploads\/2020\/04\/S_IMG_9021.jpg\"><img loading=\"lazy\" decoding=\"async\" class=\"alignnone size-medium wp-image-6920\" src=\"http:\/\/blog.meineigenerweg.de\/wp-content\/uploads\/2020\/04\/S_IMG_9021-300x200.jpg\" alt=\"\" width=\"300\" height=\"200\" srcset=\"http:\/\/blog.meineigenerweg.de\/wp-content\/uploads\/2020\/04\/S_IMG_9021-300x200.jpg 300w, http:\/\/blog.meineigenerweg.de\/wp-content\/uploads\/2020\/04\/S_IMG_9021-768x512.jpg 768w, http:\/\/blog.meineigenerweg.de\/wp-content\/uploads\/2020\/04\/S_IMG_9021.jpg 1000w\" sizes=\"auto, (max-width: 300px) 100vw, 300px\" \/> <\/a><a href=\"http:\/\/blog.meineigenerweg.de\/wp-content\/uploads\/2020\/04\/F_DSC_5814.jpg\"><img loading=\"lazy\" decoding=\"async\" class=\"alignnone size-medium wp-image-6897\" src=\"http:\/\/blog.meineigenerweg.de\/wp-content\/uploads\/2020\/04\/F_DSC_5814-300x200.jpg\" alt=\"\" width=\"300\" height=\"200\" srcset=\"http:\/\/blog.meineigenerweg.de\/wp-content\/uploads\/2020\/04\/F_DSC_5814-300x200.jpg 300w, http:\/\/blog.meineigenerweg.de\/wp-content\/uploads\/2020\/04\/F_DSC_5814-768x511.jpg 768w, http:\/\/blog.meineigenerweg.de\/wp-content\/uploads\/2020\/04\/F_DSC_5814.jpg 1000w\" sizes=\"auto, (max-width: 300px) 100vw, 300px\" \/><\/a><\/p>\n<p>Mit der F\u00e4hre nach Hongkong Island<\/p>\n<p><a href=\"http:\/\/blog.meineigenerweg.de\/wp-content\/uploads\/2020\/04\/F_DSC_5935.jpg\"><img loading=\"lazy\" decoding=\"async\" class=\"alignnone size-medium wp-image-6899\" src=\"http:\/\/blog.meineigenerweg.de\/wp-content\/uploads\/2020\/04\/F_DSC_5935-300x200.jpg\" alt=\"\" width=\"300\" height=\"200\" srcset=\"http:\/\/blog.meineigenerweg.de\/wp-content\/uploads\/2020\/04\/F_DSC_5935-300x200.jpg 300w, http:\/\/blog.meineigenerweg.de\/wp-content\/uploads\/2020\/04\/F_DSC_5935-768x511.jpg 768w, http:\/\/blog.meineigenerweg.de\/wp-content\/uploads\/2020\/04\/F_DSC_5935.jpg 1000w\" sizes=\"auto, (max-width: 300px) 100vw, 300px\" \/><\/a><\/p>\n<p>Hochh\u00e4user &#8230; Hochh\u00e4user &#8230; Hochh\u00e4user<\/p>\n<p><a href=\"http:\/\/blog.meineigenerweg.de\/wp-content\/uploads\/2020\/04\/O_DSC_1484.jpg\"><img loading=\"lazy\" decoding=\"async\" class=\"alignnone size-medium wp-image-6910\" src=\"http:\/\/blog.meineigenerweg.de\/wp-content\/uploads\/2020\/04\/O_DSC_1484-300x201.jpg\" alt=\"\" width=\"300\" height=\"201\" srcset=\"http:\/\/blog.meineigenerweg.de\/wp-content\/uploads\/2020\/04\/O_DSC_1484-300x201.jpg 300w, http:\/\/blog.meineigenerweg.de\/wp-content\/uploads\/2020\/04\/O_DSC_1484-768x514.jpg 768w, http:\/\/blog.meineigenerweg.de\/wp-content\/uploads\/2020\/04\/O_DSC_1484.jpg 1000w\" sizes=\"auto, (max-width: 300px) 100vw, 300px\" \/><\/a><\/p>\n<p>Doppeldecker-Stra\u00dfenbahnen &#8211; phantasievoll bunt<\/p>\n<p><a href=\"http:\/\/blog.meineigenerweg.de\/wp-content\/uploads\/2020\/04\/F_DSC_5951.jpg\"><img loading=\"lazy\" decoding=\"async\" class=\"alignnone size-medium wp-image-6900\" src=\"http:\/\/blog.meineigenerweg.de\/wp-content\/uploads\/2020\/04\/F_DSC_5951-300x200.jpg\" alt=\"\" width=\"300\" height=\"200\" srcset=\"http:\/\/blog.meineigenerweg.de\/wp-content\/uploads\/2020\/04\/F_DSC_5951-300x200.jpg 300w, http:\/\/blog.meineigenerweg.de\/wp-content\/uploads\/2020\/04\/F_DSC_5951-768x512.jpg 768w, http:\/\/blog.meineigenerweg.de\/wp-content\/uploads\/2020\/04\/F_DSC_5951.jpg 1000w\" sizes=\"auto, (max-width: 300px) 100vw, 300px\" \/><\/a> <a href=\"http:\/\/blog.meineigenerweg.de\/wp-content\/uploads\/2020\/04\/O_DSC_1472.jpg\"><img loading=\"lazy\" decoding=\"async\" class=\"alignnone size-medium wp-image-6909\" src=\"http:\/\/blog.meineigenerweg.de\/wp-content\/uploads\/2020\/04\/O_DSC_1472-300x201.jpg\" alt=\"\" width=\"300\" height=\"201\" srcset=\"http:\/\/blog.meineigenerweg.de\/wp-content\/uploads\/2020\/04\/O_DSC_1472-300x201.jpg 300w, http:\/\/blog.meineigenerweg.de\/wp-content\/uploads\/2020\/04\/O_DSC_1472-768x514.jpg 768w, http:\/\/blog.meineigenerweg.de\/wp-content\/uploads\/2020\/04\/O_DSC_1472.jpg 1000w\" sizes=\"auto, (max-width: 300px) 100vw, 300px\" \/><\/a><\/p>\n<p>Mit der Standseilbahn auf den Peak &#8211; tolle Aussicht auf Hongkong Island<\/p>\n<p><a href=\"http:\/\/blog.meineigenerweg.de\/wp-content\/uploads\/2020\/04\/O_DSC_1561.jpg\"><img loading=\"lazy\" decoding=\"async\" class=\"alignnone size-medium wp-image-6911\" src=\"http:\/\/blog.meineigenerweg.de\/wp-content\/uploads\/2020\/04\/O_DSC_1561-300x201.jpg\" alt=\"\" width=\"300\" height=\"201\" srcset=\"http:\/\/blog.meineigenerweg.de\/wp-content\/uploads\/2020\/04\/O_DSC_1561-300x201.jpg 300w, http:\/\/blog.meineigenerweg.de\/wp-content\/uploads\/2020\/04\/O_DSC_1561-768x514.jpg 768w, http:\/\/blog.meineigenerweg.de\/wp-content\/uploads\/2020\/04\/O_DSC_1561.jpg 1000w\" sizes=\"auto, (max-width: 300px) 100vw, 300px\" \/><\/a><\/p>\n<p>Mit der Seilbahn nach Po Lin zum Big Buddha<\/p>\n<p><a href=\"http:\/\/blog.meineigenerweg.de\/wp-content\/uploads\/2020\/04\/O_DSC_1575.jpg\"><img loading=\"lazy\" decoding=\"async\" class=\"alignnone size-medium wp-image-6912\" src=\"http:\/\/blog.meineigenerweg.de\/wp-content\/uploads\/2020\/04\/O_DSC_1575-300x200.jpg\" alt=\"\" width=\"300\" height=\"200\" srcset=\"http:\/\/blog.meineigenerweg.de\/wp-content\/uploads\/2020\/04\/O_DSC_1575-300x200.jpg 300w, http:\/\/blog.meineigenerweg.de\/wp-content\/uploads\/2020\/04\/O_DSC_1575-768x512.jpg 768w, http:\/\/blog.meineigenerweg.de\/wp-content\/uploads\/2020\/04\/O_DSC_1575.jpg 1000w\" sizes=\"auto, (max-width: 300px) 100vw, 300px\" \/> <\/a><a href=\"http:\/\/blog.meineigenerweg.de\/wp-content\/uploads\/2020\/04\/O_DSC_1587.jpg\"><img loading=\"lazy\" decoding=\"async\" class=\"alignnone size-medium wp-image-6914\" src=\"http:\/\/blog.meineigenerweg.de\/wp-content\/uploads\/2020\/04\/O_DSC_1587-300x200.jpg\" alt=\"\" width=\"300\" height=\"200\" srcset=\"http:\/\/blog.meineigenerweg.de\/wp-content\/uploads\/2020\/04\/O_DSC_1587-300x200.jpg 300w, http:\/\/blog.meineigenerweg.de\/wp-content\/uploads\/2020\/04\/O_DSC_1587-768x512.jpg 768w, http:\/\/blog.meineigenerweg.de\/wp-content\/uploads\/2020\/04\/O_DSC_1587.jpg 1000w\" sizes=\"auto, (max-width: 300px) 100vw, 300px\" \/><\/a><a href=\"http:\/\/blog.meineigenerweg.de\/wp-content\/uploads\/2020\/04\/O_DSC_1595.jpg\"><img loading=\"lazy\" decoding=\"async\" class=\"alignnone size-medium wp-image-6915\" src=\"http:\/\/blog.meineigenerweg.de\/wp-content\/uploads\/2020\/04\/O_DSC_1595-300x200.jpg\" alt=\"\" width=\"300\" height=\"200\" srcset=\"http:\/\/blog.meineigenerweg.de\/wp-content\/uploads\/2020\/04\/O_DSC_1595-300x200.jpg 300w, http:\/\/blog.meineigenerweg.de\/wp-content\/uploads\/2020\/04\/O_DSC_1595-768x512.jpg 768w, http:\/\/blog.meineigenerweg.de\/wp-content\/uploads\/2020\/04\/O_DSC_1595.jpg 1000w\" sizes=\"auto, (max-width: 300px) 100vw, 300px\" \/> <\/a><a href=\"http:\/\/blog.meineigenerweg.de\/wp-content\/uploads\/2020\/04\/O_DSC_1610.jpg\"><img loading=\"lazy\" decoding=\"async\" class=\"alignnone size-medium wp-image-6916\" src=\"http:\/\/blog.meineigenerweg.de\/wp-content\/uploads\/2020\/04\/O_DSC_1610-300x200.jpg\" alt=\"\" width=\"300\" height=\"200\" srcset=\"http:\/\/blog.meineigenerweg.de\/wp-content\/uploads\/2020\/04\/O_DSC_1610-300x200.jpg 300w, http:\/\/blog.meineigenerweg.de\/wp-content\/uploads\/2020\/04\/O_DSC_1610-768x512.jpg 768w, http:\/\/blog.meineigenerweg.de\/wp-content\/uploads\/2020\/04\/O_DSC_1610.jpg 1000w\" sizes=\"auto, (max-width: 300px) 100vw, 300px\" \/><\/a><\/p>\n<p>&nbsp;<\/p>\n","protected":false},"excerpt":{"rendered":"<p>Okay, New York f\u00fchrt unverr\u00fcckbar die Liste meiner Lieblingsst\u00e4dte an, aber mit nur minimalem Abstand folgt Hongkong. Quirliges Leben &#8230; \u00fcberall Zeitungsverk\u00e4ufer Streetfood \u00a0 Tee gibt es \u00fcberall Original Pekingenten mit F\u00fc\u00dfen und Schnabel Der Metzger und wer es mag &#8230; Fr\u00f6sche Zitronen Vogelmarkt M\u00e4rkte &#8230; zu allen Tages- und<\/p>\n","protected":false},"author":1,"featured_media":6929,"parent":104,"menu_order":0,"comment_status":"closed","ping_status":"closed","template":"","meta":{"footnotes":""},"class_list":["post-5852","page","type-page","status-publish","has-post-thumbnail","hentry"],"_links":{"self":[{"href":"http:\/\/blog.meineigenerweg.de\/index.php?rest_route=\/wp\/v2\/pages\/5852","targetHints":{"allow":["GET"]}}],"collection":[{"href":"http:\/\/blog.meineigenerweg.de\/index.php?rest_route=\/wp\/v2\/pages"}],"about":[{"href":"http:\/\/blog.meineigenerweg.de\/index.php?rest_route=\/wp\/v2\/types\/page"}],"author":[{"embeddable":true,"href":"http:\/\/blog.meineigenerweg.de\/index.php?rest_route=\/wp\/v2\/users\/1"}],"replies":[{"embeddable":true,"href":"http:\/\/blog.meineigenerweg.de\/index.php?rest_route=%2Fwp%2Fv2%2Fcomments&post=5852"}],"version-history":[{"count":10,"href":"http:\/\/blog.meineigenerweg.de\/index.php?rest_route=\/wp\/v2\/pages\/5852\/revisions"}],"predecessor-version":[{"id":6927,"href":"http:\/\/blog.meineigenerweg.de\/index.php?rest_route=\/wp\/v2\/pages\/5852\/revisions\/6927"}],"up":[{"embeddable":true,"href":"http:\/\/blog.meineigenerweg.de\/index.php?rest_route=\/wp\/v2\/pages\/104"}],"wp:featuredmedia":[{"embeddable":true,"href":"http:\/\/blog.meineigenerweg.de\/index.php?rest_route=\/wp\/v2\/media\/6929"}],"wp:attachment":[{"href":"http:\/\/blog.meineigenerweg.de\/index.php?rest_route=%2Fwp%2Fv2%2Fmedia&parent=5852"}],"curies":[{"name":"wp","href":"https:\/\/api.w.org\/{rel}","templated":true}]}}