{"id":5520,"date":"2019-01-10T17:22:59","date_gmt":"2019-01-10T16:22:59","guid":{"rendered":"http:\/\/blog.meineigenerweg.de\/?page_id=5520"},"modified":"2019-01-10T17:22:59","modified_gmt":"2019-01-10T16:22:59","slug":"drachenfels","status":"publish","type":"page","link":"http:\/\/blog.meineigenerweg.de\/?page_id=5520","title":{"rendered":"Drachenfels ****"},"content":{"rendered":"<p>November 2018<\/p>\n<p>So schnell habe ich die Suche nicht aufgegeben. Die n\u00e4chste Empfehlung f\u00fcr einen &#8222;Indian Summer&#8220;\u00a0in NRW war der Drachenfels am Rhein bei K\u00f6nigswinter.<\/p>\n<p>Der Rhein hat zur Zeit Niedrigwasser, die Fahrrinne ist nur noch sehr schmal und so fahren nur kleinere und wenig beladenere Schiffe.<br \/>\n<a href=\"http:\/\/blog.meineigenerweg.de\/wp-content\/uploads\/2019\/01\/Drachenfels_18_11_001_k.jpg\"><img loading=\"lazy\" decoding=\"async\" class=\"alignnone size-medium wp-image-5527\" src=\"http:\/\/blog.meineigenerweg.de\/wp-content\/uploads\/2019\/01\/Drachenfels_18_11_001_k-300x200.jpg\" alt=\"\" width=\"300\" height=\"200\" srcset=\"http:\/\/blog.meineigenerweg.de\/wp-content\/uploads\/2019\/01\/Drachenfels_18_11_001_k-300x200.jpg 300w, http:\/\/blog.meineigenerweg.de\/wp-content\/uploads\/2019\/01\/Drachenfels_18_11_001_k-768x512.jpg 768w, http:\/\/blog.meineigenerweg.de\/wp-content\/uploads\/2019\/01\/Drachenfels_18_11_001_k.jpg 1000w\" sizes=\"auto, (max-width: 300px) 100vw, 300px\" \/><\/a><\/p>\n<p>Der Weg auf den Drachenfels f\u00fchrt durch einen typisch braun und gelb gef\u00e4rbten Herbstwald, vielleicht auch der gro\u00dfen Trockenheit in diesem Sommer geschuldet. Die sch\u00f6ne bunte Verf\u00e4rbung mag sich nicht einstellen. \u00a0Den 245 mtr hohen Drachenfels (\u00fcber dem Rhein gerechnet, 321 mtr \u00fcber dem Meeresspiegel) kann man auch \u00fcber die \u00a0<span style=\"color: #0000ff;\"><a href=\"https:\/\/www.drachenfelsbahn.de\/index.php\/de\/\" target=\"_blank\" rel=\"noopener\"><span style=\"color: #0000ff;\"><span style=\"text-decoration: underline;\">Drachenfelsbahn<\/span><\/span><\/a><\/span> erreichen, das ist nat\u00fcrlich gem\u00fctlicher, als zu laufen!<br \/>\n<a href=\"http:\/\/blog.meineigenerweg.de\/wp-content\/uploads\/2019\/01\/Drachenfels_18_11_069_k.jpg\"><img loading=\"lazy\" decoding=\"async\" class=\"alignnone size-medium wp-image-5534\" src=\"http:\/\/blog.meineigenerweg.de\/wp-content\/uploads\/2019\/01\/Drachenfels_18_11_069_k-300x200.jpg\" alt=\"\" width=\"300\" height=\"200\" srcset=\"http:\/\/blog.meineigenerweg.de\/wp-content\/uploads\/2019\/01\/Drachenfels_18_11_069_k-300x200.jpg 300w, http:\/\/blog.meineigenerweg.de\/wp-content\/uploads\/2019\/01\/Drachenfels_18_11_069_k-768x512.jpg 768w, http:\/\/blog.meineigenerweg.de\/wp-content\/uploads\/2019\/01\/Drachenfels_18_11_069_k.jpg 1000w\" sizes=\"auto, (max-width: 300px) 100vw, 300px\" \/><\/a><\/p>\n<p>Im November ist die Saison allerdings vorbei, alle Einrichtungen sind entweder geschlossen oder nur am Wochenende ge\u00f6ffnet.<\/p>\n<p>Vorbei an der\u00a0<span style=\"color: #0000ff;\"><a href=\"http:\/\/nibelungenhalle.de\" target=\"_blank\" rel=\"noopener\"><span style=\"color: #0000ff;\"><span style=\"text-decoration: underline;\">Nibelungenhalle<\/span><\/span><\/a><\/span>\u00a0mit Museum, Drachenh\u00f6hle und Reptilienpark, spaziere ich bei strahlendem Sonnenschein den Berg hinauf.<br \/>\n<a href=\"http:\/\/blog.meineigenerweg.de\/wp-content\/uploads\/2019\/01\/Drachenfels_18_11_016_k.jpg\"><img loading=\"lazy\" decoding=\"async\" class=\"alignnone size-medium wp-image-5528\" src=\"http:\/\/blog.meineigenerweg.de\/wp-content\/uploads\/2019\/01\/Drachenfels_18_11_016_k-300x200.jpg\" alt=\"\" width=\"300\" height=\"200\" srcset=\"http:\/\/blog.meineigenerweg.de\/wp-content\/uploads\/2019\/01\/Drachenfels_18_11_016_k-300x200.jpg 300w, http:\/\/blog.meineigenerweg.de\/wp-content\/uploads\/2019\/01\/Drachenfels_18_11_016_k-768x512.jpg 768w, http:\/\/blog.meineigenerweg.de\/wp-content\/uploads\/2019\/01\/Drachenfels_18_11_016_k.jpg 1000w\" sizes=\"auto, (max-width: 300px) 100vw, 300px\" \/><\/a><\/p>\n<p>W\u00e4hrend der Saison h\u00e4tte ich einkehren k\u00f6nnen &#8230; im November aber leider geschlossen.<br \/>\n<a href=\"http:\/\/blog.meineigenerweg.de\/wp-content\/uploads\/2019\/01\/Drachenfels_18_11_019_k.jpg\"><img loading=\"lazy\" decoding=\"async\" class=\"alignnone size-medium wp-image-5529\" src=\"http:\/\/blog.meineigenerweg.de\/wp-content\/uploads\/2019\/01\/Drachenfels_18_11_019_k-300x200.jpg\" alt=\"\" width=\"300\" height=\"200\" srcset=\"http:\/\/blog.meineigenerweg.de\/wp-content\/uploads\/2019\/01\/Drachenfels_18_11_019_k-300x200.jpg 300w, http:\/\/blog.meineigenerweg.de\/wp-content\/uploads\/2019\/01\/Drachenfels_18_11_019_k-768x512.jpg 768w, http:\/\/blog.meineigenerweg.de\/wp-content\/uploads\/2019\/01\/Drachenfels_18_11_019_k.jpg 1000w\" sizes=\"auto, (max-width: 300px) 100vw, 300px\" \/><\/a><\/p>\n<p>Das <span style=\"color: #0000ff;\"><a href=\"https:\/\/schloss-drachenburg.de\/index.php\/de\/\" target=\"_blank\" rel=\"noopener\"><span style=\"color: #0000ff;\"><span style=\"text-decoration: underline;\">Schloss Drachenburg<\/span><\/span><\/a><\/span> aus dem Jahre 1882 ist heute ein Museum und Veranstaltungsort und Sitz der NRW-Stiftung Naturschutz, Heimat- und Kulturpflege.<br \/>\n<a href=\"http:\/\/blog.meineigenerweg.de\/wp-content\/uploads\/2019\/01\/Drachenfels_18_11_072_k.jpg\"><img loading=\"lazy\" decoding=\"async\" class=\"alignnone size-medium wp-image-5535\" src=\"http:\/\/blog.meineigenerweg.de\/wp-content\/uploads\/2019\/01\/Drachenfels_18_11_072_k-300x200.jpg\" alt=\"\" width=\"300\" height=\"200\" srcset=\"http:\/\/blog.meineigenerweg.de\/wp-content\/uploads\/2019\/01\/Drachenfels_18_11_072_k-300x200.jpg 300w, http:\/\/blog.meineigenerweg.de\/wp-content\/uploads\/2019\/01\/Drachenfels_18_11_072_k-768x512.jpg 768w, http:\/\/blog.meineigenerweg.de\/wp-content\/uploads\/2019\/01\/Drachenfels_18_11_072_k.jpg 1000w\" sizes=\"auto, (max-width: 300px) 100vw, 300px\" \/><\/a><\/p>\n<p>Die <span style=\"color: #0000ff;\"><a href=\"https:\/\/de.wikipedia.org\/wiki\/Burg_Drachenfels_(Siebengebirge)\" target=\"_blank\" rel=\"noopener\"><span style=\"color: #0000ff;\"><span style=\"text-decoration: underline;\">Burgruine Drachenfels<\/span><\/span><\/a><\/span>\u00a0aus dem Jahre 1138.<br \/>\n<a href=\"http:\/\/blog.meineigenerweg.de\/wp-content\/uploads\/2019\/01\/Drachenfels_18_11_042_k.jpg\"><img loading=\"lazy\" decoding=\"async\" class=\"alignnone size-medium wp-image-5521\" src=\"http:\/\/blog.meineigenerweg.de\/wp-content\/uploads\/2019\/01\/Drachenfels_18_11_042_k-300x200.jpg\" alt=\"\" width=\"300\" height=\"200\" srcset=\"http:\/\/blog.meineigenerweg.de\/wp-content\/uploads\/2019\/01\/Drachenfels_18_11_042_k-300x200.jpg 300w, http:\/\/blog.meineigenerweg.de\/wp-content\/uploads\/2019\/01\/Drachenfels_18_11_042_k-768x512.jpg 768w, http:\/\/blog.meineigenerweg.de\/wp-content\/uploads\/2019\/01\/Drachenfels_18_11_042_k-1024x683.jpg 1024w\" sizes=\"auto, (max-width: 300px) 100vw, 300px\" \/><\/a><\/p>\n<p>Blick auf das Siebengebirge. Warum es Siebengebirge hei\u00dft, wo es doch \u00fcber 50 H\u00fcgel sind, konnte ich nicht ergr\u00fcnden.<br \/>\n<a href=\"http:\/\/blog.meineigenerweg.de\/wp-content\/uploads\/2019\/01\/Drachenfels_18_11_063_k.jpg\"><img loading=\"lazy\" decoding=\"async\" class=\"alignnone size-medium wp-image-5533\" src=\"http:\/\/blog.meineigenerweg.de\/wp-content\/uploads\/2019\/01\/Drachenfels_18_11_063_k-300x200.jpg\" alt=\"\" width=\"300\" height=\"200\" srcset=\"http:\/\/blog.meineigenerweg.de\/wp-content\/uploads\/2019\/01\/Drachenfels_18_11_063_k-300x200.jpg 300w, http:\/\/blog.meineigenerweg.de\/wp-content\/uploads\/2019\/01\/Drachenfels_18_11_063_k-768x512.jpg 768w, http:\/\/blog.meineigenerweg.de\/wp-content\/uploads\/2019\/01\/Drachenfels_18_11_063_k.jpg 1000w\" sizes=\"auto, (max-width: 300px) 100vw, 300px\" \/><\/a><\/p>\n<p>Der Aufstieg wird bei diesem sch\u00f6nen Wetter durch einen besonders weiten Blick auf das Rheintal belohnt.<br \/>\n<a href=\"http:\/\/blog.meineigenerweg.de\/wp-content\/uploads\/2019\/01\/Drachenfels_18_11_048_k.jpg\"><img loading=\"lazy\" decoding=\"async\" class=\"alignnone size-medium wp-image-5522\" src=\"http:\/\/blog.meineigenerweg.de\/wp-content\/uploads\/2019\/01\/Drachenfels_18_11_048_k-300x200.jpg\" alt=\"\" width=\"300\" height=\"200\" srcset=\"http:\/\/blog.meineigenerweg.de\/wp-content\/uploads\/2019\/01\/Drachenfels_18_11_048_k-300x200.jpg 300w, http:\/\/blog.meineigenerweg.de\/wp-content\/uploads\/2019\/01\/Drachenfels_18_11_048_k-768x512.jpg 768w, http:\/\/blog.meineigenerweg.de\/wp-content\/uploads\/2019\/01\/Drachenfels_18_11_048_k.jpg 1000w\" sizes=\"auto, (max-width: 300px) 100vw, 300px\" \/><\/a><\/p>\n<p><em>Meine Wertung: <span style=\"color: #ff0000;\">****<\/span>* sehenswert<\/em><br \/>\n<em>K\u00f6nigswinter<br \/>\nParkpl\u00e4tze am Fu\u00dfe der Drachenfelsbahn<\/em><\/p>\n","protected":false},"excerpt":{"rendered":"<p>November 2018 So schnell habe ich die Suche nicht aufgegeben. Die n\u00e4chste Empfehlung f\u00fcr einen &#8222;Indian Summer&#8220;\u00a0in NRW war der Drachenfels am Rhein bei K\u00f6nigswinter. Der Rhein hat zur Zeit Niedrigwasser, die Fahrrinne ist nur noch sehr schmal und so fahren nur kleinere und wenig beladenere Schiffe. Der Weg auf<\/p>\n","protected":false},"author":1,"featured_media":5550,"parent":5561,"menu_order":0,"comment_status":"closed","ping_status":"closed","template":"","meta":{"footnotes":""},"class_list":["post-5520","page","type-page","status-publish","has-post-thumbnail","hentry"],"_links":{"self":[{"href":"http:\/\/blog.meineigenerweg.de\/index.php?rest_route=\/wp\/v2\/pages\/5520","targetHints":{"allow":["GET"]}}],"collection":[{"href":"http:\/\/blog.meineigenerweg.de\/index.php?rest_route=\/wp\/v2\/pages"}],"about":[{"href":"http:\/\/blog.meineigenerweg.de\/index.php?rest_route=\/wp\/v2\/types\/page"}],"author":[{"embeddable":true,"href":"http:\/\/blog.meineigenerweg.de\/index.php?rest_route=\/wp\/v2\/users\/1"}],"replies":[{"embeddable":true,"href":"http:\/\/blog.meineigenerweg.de\/index.php?rest_route=%2Fwp%2Fv2%2Fcomments&post=5520"}],"version-history":[{"count":12,"href":"http:\/\/blog.meineigenerweg.de\/index.php?rest_route=\/wp\/v2\/pages\/5520\/revisions"}],"predecessor-version":[{"id":5564,"href":"http:\/\/blog.meineigenerweg.de\/index.php?rest_route=\/wp\/v2\/pages\/5520\/revisions\/5564"}],"up":[{"embeddable":true,"href":"http:\/\/blog.meineigenerweg.de\/index.php?rest_route=\/wp\/v2\/pages\/5561"}],"wp:featuredmedia":[{"embeddable":true,"href":"http:\/\/blog.meineigenerweg.de\/index.php?rest_route=\/wp\/v2\/media\/5550"}],"wp:attachment":[{"href":"http:\/\/blog.meineigenerweg.de\/index.php?rest_route=%2Fwp%2Fv2%2Fmedia&parent=5520"}],"curies":[{"name":"wp","href":"https:\/\/api.w.org\/{rel}","templated":true}]}}