{"id":5515,"date":"2019-01-10T17:13:09","date_gmt":"2019-01-10T16:13:09","guid":{"rendered":"http:\/\/blog.meineigenerweg.de\/?page_id=5515"},"modified":"2019-01-10T17:29:15","modified_gmt":"2019-01-10T16:29:15","slug":"koenigsforst","status":"publish","type":"page","link":"http:\/\/blog.meineigenerweg.de\/?page_id=5515","title":{"rendered":"K\u00f6nigsforst *"},"content":{"rendered":"<p>November 2018<\/p>\n<p>Bilder vom <span style=\"color: #0000ff;\"><a href=\"https:\/\/www.fotocommunity.de\/photo\/indian-summer-franz-klossek\/29384256\" target=\"_blank\" rel=\"noopener\"><span style=\"color: #0000ff;\"><span style=\"text-decoration: underline;\">`Indian Summer`<\/span><\/span><\/a>\u00a0<\/span>mit leuchtend rot und gelb gef\u00e4rbtem Laub haben wohl Viele schon auf Bildern aus Kanada und den USA gesehen. Aber wer kann schon eben einen Herbstausflug nach Amerika machen, um dieses Naturschauspiel zu sehen? Also suchte ich nach einer M\u00f6glichkeit in Deutschland, speziell hier in NRW, vor meiner Haust\u00fcr, wo ich &#8218;Indian Summer&#8216; finden kann. Das Internet war voller Tipps und guter Ratschl\u00e4ge und empfahl mir in den K\u00f6nigsforst bei K\u00f6ln fahren.<\/p>\n<p>Kurze Zeit sp\u00e4ter sa\u00df ich im Auto und eine Stunde sp\u00e4ter war ich auch schon dort.<\/p>\n<p>Ich fand ein sehr sch\u00f6nes Naturschutzgebiet mit vielen Wanderwegen und einem sehr sch\u00f6nen Herbstwald, aber von &#8218;Indian Summer&#8216; mit rot gef\u00e4rbten B\u00e4umen war leider keine Spur zu entdecken.<\/p>\n<p><a href=\"http:\/\/blog.meineigenerweg.de\/wp-content\/uploads\/2019\/01\/K\u00f6nigsforst_18_11_006_k.jpg\"><img loading=\"lazy\" decoding=\"async\" class=\"alignnone size-medium wp-image-5516\" src=\"http:\/\/blog.meineigenerweg.de\/wp-content\/uploads\/2019\/01\/K\u00f6nigsforst_18_11_006_k-300x225.jpg\" alt=\"\" width=\"300\" height=\"225\" srcset=\"http:\/\/blog.meineigenerweg.de\/wp-content\/uploads\/2019\/01\/K\u00f6nigsforst_18_11_006_k-300x225.jpg 300w, http:\/\/blog.meineigenerweg.de\/wp-content\/uploads\/2019\/01\/K\u00f6nigsforst_18_11_006_k-768x576.jpg 768w, http:\/\/blog.meineigenerweg.de\/wp-content\/uploads\/2019\/01\/K\u00f6nigsforst_18_11_006_k.jpg 1000w\" sizes=\"auto, (max-width: 300px) 100vw, 300px\" \/><\/a> <a href=\"http:\/\/blog.meineigenerweg.de\/wp-content\/uploads\/2019\/01\/K\u00f6nigsforst_18_11_051_k.jpg\"><img loading=\"lazy\" decoding=\"async\" class=\"alignnone size-medium wp-image-5517\" src=\"http:\/\/blog.meineigenerweg.de\/wp-content\/uploads\/2019\/01\/K\u00f6nigsforst_18_11_051_k-300x225.jpg\" alt=\"\" width=\"300\" height=\"225\" srcset=\"http:\/\/blog.meineigenerweg.de\/wp-content\/uploads\/2019\/01\/K\u00f6nigsforst_18_11_051_k-300x225.jpg 300w, http:\/\/blog.meineigenerweg.de\/wp-content\/uploads\/2019\/01\/K\u00f6nigsforst_18_11_051_k-768x576.jpg 768w, http:\/\/blog.meineigenerweg.de\/wp-content\/uploads\/2019\/01\/K\u00f6nigsforst_18_11_051_k.jpg 1000w\" sizes=\"auto, (max-width: 300px) 100vw, 300px\" \/><\/a><\/p>\n<p><em>Meine Wertung: <span style=\"color: #ff0000;\">*<\/span>**** lohnt nicht<\/em><br \/>\n<i>Zwischen K\u00f6ln, Bergisch Gladbach und R\u00f6srath<br \/>\nviele Wanderparkpl\u00e4tze<\/i><\/p>\n<p>&nbsp;<\/p>\n","protected":false},"excerpt":{"rendered":"<p>November 2018 Bilder vom `Indian Summer`\u00a0mit leuchtend rot und gelb gef\u00e4rbtem Laub haben wohl Viele schon auf Bildern aus Kanada und den USA gesehen. Aber wer kann schon eben einen Herbstausflug nach Amerika machen, um dieses Naturschauspiel zu sehen? Also suchte ich nach einer M\u00f6glichkeit in Deutschland, speziell hier in<\/p>\n","protected":false},"author":1,"featured_media":5551,"parent":5559,"menu_order":0,"comment_status":"closed","ping_status":"closed","template":"","meta":{"footnotes":""},"class_list":["post-5515","page","type-page","status-publish","has-post-thumbnail","hentry"],"_links":{"self":[{"href":"http:\/\/blog.meineigenerweg.de\/index.php?rest_route=\/wp\/v2\/pages\/5515","targetHints":{"allow":["GET"]}}],"collection":[{"href":"http:\/\/blog.meineigenerweg.de\/index.php?rest_route=\/wp\/v2\/pages"}],"about":[{"href":"http:\/\/blog.meineigenerweg.de\/index.php?rest_route=\/wp\/v2\/types\/page"}],"author":[{"embeddable":true,"href":"http:\/\/blog.meineigenerweg.de\/index.php?rest_route=\/wp\/v2\/users\/1"}],"replies":[{"embeddable":true,"href":"http:\/\/blog.meineigenerweg.de\/index.php?rest_route=%2Fwp%2Fv2%2Fcomments&post=5515"}],"version-history":[{"count":10,"href":"http:\/\/blog.meineigenerweg.de\/index.php?rest_route=\/wp\/v2\/pages\/5515\/revisions"}],"predecessor-version":[{"id":5569,"href":"http:\/\/blog.meineigenerweg.de\/index.php?rest_route=\/wp\/v2\/pages\/5515\/revisions\/5569"}],"up":[{"embeddable":true,"href":"http:\/\/blog.meineigenerweg.de\/index.php?rest_route=\/wp\/v2\/pages\/5559"}],"wp:featuredmedia":[{"embeddable":true,"href":"http:\/\/blog.meineigenerweg.de\/index.php?rest_route=\/wp\/v2\/media\/5551"}],"wp:attachment":[{"href":"http:\/\/blog.meineigenerweg.de\/index.php?rest_route=%2Fwp%2Fv2%2Fmedia&parent=5515"}],"curies":[{"name":"wp","href":"https:\/\/api.w.org\/{rel}","templated":true}]}}