{"id":5477,"date":"2019-01-10T17:51:31","date_gmt":"2019-01-10T16:51:31","guid":{"rendered":"http:\/\/blog.meineigenerweg.de\/?page_id=5477"},"modified":"2019-01-11T22:39:03","modified_gmt":"2019-01-11T21:39:03","slug":"scheveningen-sylvester","status":"publish","type":"page","link":"http:\/\/blog.meineigenerweg.de\/?page_id=5477","title":{"rendered":"Scheveningen &#8211; Silvester *****"},"content":{"rendered":"<p>Dezember 2018 \/ Januar 2019<\/p>\n<p>Viele Jahre lang war ich zum Jahreswechsel in <span style=\"color: #0000ff;\"><a href=\"http:\/\/blog.meineigenerweg.de\/?page_id=564\" target=\"_blank\" rel=\"noopener\"><span style=\"color: #0000ff;\"><span style=\"text-decoration: underline;\">Valmorel<\/span><\/span><\/a><\/span> in den franz\u00f6sischen Alpen. Viel Schnee und Skifahren im Sonnenschein, von den Berggipfeln ins Tal schauen und zum H\u00fcttenaben auch schon einmal auf dem Tisch tanzen. Anschlie\u00dfend dann im Dunkeln mit einer Fackel in der Hand wieder ins Tal abfahren. In diesem Jahr hatte ich die Fahrt in den Schnee in den Februar verschoben. Und was sollte ich nun an Silvester machen? Keinen Bock auf Party, aber auch nicht darauf, zuhause &#8218;rumzuh\u00e4ngen. Die z\u00fcndende Idee kam dann von meiner Tochter: wie w\u00e4re es mit Den Haag, da soll es am Strand immer ein riesiges Freudenfeuer und eine noch riesigere Party geben. Aber im Winter an die Nordsee? Dort ist es kalt und st\u00fcrmisch und regnerisch und \u00fcberhaupt nur ungem\u00fctlich. Meine Vorurteile wollte ich gerne best\u00e4tigt haben, also, ab nach Scheveningen an den Strand.<\/p>\n<p>Um es vorweg zu nehmen: ja, es war kalt, schlie\u00dflich hatten wir Winter, aber dagegen hatte ich eine dicke Jacke, es war windig, aber nicht st\u00fcrmisch, geregnet hatte es nicht, stattdessen sah ich h\u00e4ufig blauen Himmel zwischen den Wolken und ungem\u00fctlich war schon gar nicht. Es war ein sch\u00f6ner, erlebnisreicher Kurzurlaub, den ich bestimmt noch einmal wiederholen werde.<\/p>\n<p>Das Strand und das Meer luden nicht zum Barfu\u00dflaufen ein, aber den M\u00f6wen war die Temperatur egal,<br \/>\n<a href=\"http:\/\/blog.meineigenerweg.de\/wp-content\/uploads\/2019\/01\/Den_Haag_18_12_059_k.jpg\"><img loading=\"lazy\" decoding=\"async\" class=\"alignnone size-medium wp-image-5481\" src=\"http:\/\/blog.meineigenerweg.de\/wp-content\/uploads\/2019\/01\/Den_Haag_18_12_059_k-300x200.jpg\" alt=\"\" width=\"300\" height=\"200\" srcset=\"http:\/\/blog.meineigenerweg.de\/wp-content\/uploads\/2019\/01\/Den_Haag_18_12_059_k-300x200.jpg 300w, http:\/\/blog.meineigenerweg.de\/wp-content\/uploads\/2019\/01\/Den_Haag_18_12_059_k-768x512.jpg 768w, http:\/\/blog.meineigenerweg.de\/wp-content\/uploads\/2019\/01\/Den_Haag_18_12_059_k.jpg 1000w\" sizes=\"auto, (max-width: 300px) 100vw, 300px\" \/><\/a><br \/>\ndie Spazierg\u00e4nger waren warm eingepackt und die Surfer trugen dicke Neopren-Anz\u00fcge.<br \/>\n<a href=\"http:\/\/blog.meineigenerweg.de\/wp-content\/uploads\/2019\/01\/Den_Haag_18_12_053_k.jpg\"><img loading=\"lazy\" decoding=\"async\" class=\"alignnone size-medium wp-image-5480\" src=\"http:\/\/blog.meineigenerweg.de\/wp-content\/uploads\/2019\/01\/Den_Haag_18_12_053_k-300x200.jpg\" alt=\"\" width=\"300\" height=\"200\" srcset=\"http:\/\/blog.meineigenerweg.de\/wp-content\/uploads\/2019\/01\/Den_Haag_18_12_053_k-300x200.jpg 300w, http:\/\/blog.meineigenerweg.de\/wp-content\/uploads\/2019\/01\/Den_Haag_18_12_053_k-768x512.jpg 768w, http:\/\/blog.meineigenerweg.de\/wp-content\/uploads\/2019\/01\/Den_Haag_18_12_053_k.jpg 1000w\" sizes=\"auto, (max-width: 300px) 100vw, 300px\" \/>\u00a0<\/a><br \/>\nIm kleinen Jachthafen waren die Boote noch weihnachtlich geschm\u00fcckt und die Bars und Restaurants waren bei diesem kalten Wetter fast gem\u00fctlicher als im Sommer. Am Silvesterabend suchte man jedoch vergeblich ein ge\u00f6ffnetes Restaurant, da essen die Niederl\u00e4nder traditionell im Kreise ihrer Familien zuhause.<br \/>\n<a href=\"http:\/\/blog.meineigenerweg.de\/wp-content\/uploads\/2019\/01\/Den_Haag_18_12_094_k.jpg\"><img loading=\"lazy\" decoding=\"async\" class=\"alignnone size-medium wp-image-5483\" src=\"http:\/\/blog.meineigenerweg.de\/wp-content\/uploads\/2019\/01\/Den_Haag_18_12_094_k-300x200.jpg\" alt=\"\" width=\"300\" height=\"200\" srcset=\"http:\/\/blog.meineigenerweg.de\/wp-content\/uploads\/2019\/01\/Den_Haag_18_12_094_k-300x200.jpg 300w, http:\/\/blog.meineigenerweg.de\/wp-content\/uploads\/2019\/01\/Den_Haag_18_12_094_k-768x512.jpg 768w, http:\/\/blog.meineigenerweg.de\/wp-content\/uploads\/2019\/01\/Den_Haag_18_12_094_k.jpg 1000w\" sizes=\"auto, (max-width: 300px) 100vw, 300px\" \/><\/a><\/p>\n<p>Zu Silvester gabt es am Strand ein ganz besonderes Ereignis, das sogar im Guinness Buch der Rekorde zu finden ist. Die Strandabschnitte Duindorp, s\u00fcdlich vom Hafen und Scheveningen, n\u00f6rdlich davon, liefern sich einen Wettkampf um den h\u00f6chsten Holzturm, der dann, p\u00fcnktlich zu Beginn des neuen Jahres, als Freudenfeuer angez\u00fcndet wird.<\/p>\n<p>Aber da wurde nicht einfach nur ein bisschen Holz verbrannt, sondern es wurden Paletten zu einer riesigen Pyramide aufgestapelt. Die gro\u00dfen Baustellen sind weitr\u00e4umig abgesperrt, dort fahren Gabelstapler und Kr\u00e4ne, die &#8218;Bauarbeiter&#8216; und die Schaulustigen werden mit lauter Musik beschallt. Mehrere Tage lang wurden zigtausende Paletten aufget\u00fcrmt.<br \/>\n<a href=\"http:\/\/blog.meineigenerweg.de\/wp-content\/uploads\/2019\/01\/Den_Haag_18_12_002_k.jpg\"><img loading=\"lazy\" decoding=\"async\" class=\"alignnone size-medium wp-image-5486\" src=\"http:\/\/blog.meineigenerweg.de\/wp-content\/uploads\/2019\/01\/Den_Haag_18_12_002_k-300x200.jpg\" alt=\"\" width=\"300\" height=\"200\" srcset=\"http:\/\/blog.meineigenerweg.de\/wp-content\/uploads\/2019\/01\/Den_Haag_18_12_002_k-300x200.jpg 300w, http:\/\/blog.meineigenerweg.de\/wp-content\/uploads\/2019\/01\/Den_Haag_18_12_002_k-768x512.jpg 768w, http:\/\/blog.meineigenerweg.de\/wp-content\/uploads\/2019\/01\/Den_Haag_18_12_002_k.jpg 1000w\" sizes=\"auto, (max-width: 300px) 100vw, 300px\" \/><\/a><\/p>\n<p>Da freuten sich die Duindorper schon, dass sie den h\u00f6chsten Turm hatten,\u00a0da legten die Scheveninger aber noch schnell ein wenig nach,<br \/>\n<a href=\"http:\/\/blog.meineigenerweg.de\/wp-content\/uploads\/2019\/01\/Den_Haag_18_12_048_k.jpg\"><img loading=\"lazy\" decoding=\"async\" class=\"alignnone size-medium wp-image-5489\" src=\"http:\/\/blog.meineigenerweg.de\/wp-content\/uploads\/2019\/01\/Den_Haag_18_12_048_k-300x200.jpg\" alt=\"\" width=\"300\" height=\"200\" srcset=\"http:\/\/blog.meineigenerweg.de\/wp-content\/uploads\/2019\/01\/Den_Haag_18_12_048_k-300x200.jpg 300w, http:\/\/blog.meineigenerweg.de\/wp-content\/uploads\/2019\/01\/Den_Haag_18_12_048_k-768x512.jpg 768w, http:\/\/blog.meineigenerweg.de\/wp-content\/uploads\/2019\/01\/Den_Haag_18_12_048_k.jpg 1000w\" sizes=\"auto, (max-width: 300px) 100vw, 300px\" \/><\/a><br \/>\nund schon war der Scheveninger Turm h\u00f6her, dann wurde die Scheveningen Fahne gehisst.<br \/>\n<a href=\"http:\/\/blog.meineigenerweg.de\/wp-content\/uploads\/2019\/01\/Den_Haag_18_12_068_k.jpg\"><img loading=\"lazy\" decoding=\"async\" class=\"alignnone size-medium wp-image-5490\" src=\"http:\/\/blog.meineigenerweg.de\/wp-content\/uploads\/2019\/01\/Den_Haag_18_12_068_k-300x200.jpg\" alt=\"\" width=\"300\" height=\"200\" srcset=\"http:\/\/blog.meineigenerweg.de\/wp-content\/uploads\/2019\/01\/Den_Haag_18_12_068_k-300x200.jpg 300w, http:\/\/blog.meineigenerweg.de\/wp-content\/uploads\/2019\/01\/Den_Haag_18_12_068_k-768x512.jpg 768w, http:\/\/blog.meineigenerweg.de\/wp-content\/uploads\/2019\/01\/Den_Haag_18_12_068_k.jpg 1000w\" sizes=\"auto, (max-width: 300px) 100vw, 300px\" \/><\/a><br \/>\nEs war nicht anders zu erwarten, die Duindoper bauten nat\u00fcrlich noch einmal ein gutes St\u00fcck h\u00f6her.\u00a0Es hat aber nicht gereicht, der Scheveninger Turm war mit 48 Metern der h\u00f6here.<br \/>\n<a href=\"http:\/\/blog.meineigenerweg.de\/wp-content\/uploads\/2019\/01\/Den_Haag_18_12_070_k.jpg\"><img loading=\"lazy\" decoding=\"async\" class=\"alignnone size-medium wp-image-5491\" src=\"http:\/\/blog.meineigenerweg.de\/wp-content\/uploads\/2019\/01\/Den_Haag_18_12_070_k-300x200.jpg\" alt=\"\" width=\"300\" height=\"200\" srcset=\"http:\/\/blog.meineigenerweg.de\/wp-content\/uploads\/2019\/01\/Den_Haag_18_12_070_k-300x200.jpg 300w, http:\/\/blog.meineigenerweg.de\/wp-content\/uploads\/2019\/01\/Den_Haag_18_12_070_k-768x512.jpg 768w, http:\/\/blog.meineigenerweg.de\/wp-content\/uploads\/2019\/01\/Den_Haag_18_12_070_k.jpg 1000w\" sizes=\"auto, (max-width: 300px) 100vw, 300px\" \/><\/a><\/p>\n<p>Mit einsetzender Dunkelheit begann die gro\u00dfe Party. Ununterbrochen wurden mal hier, mal dort Raketen in den Himmel geschossen. \u00dcber 200.000 Besucher feierten auf der Strandpromenade.<br \/>\n<a href=\"http:\/\/blog.meineigenerweg.de\/wp-content\/uploads\/2019\/01\/Den_Haag_19_01_002_k.jpg\"><img loading=\"lazy\" decoding=\"async\" class=\"alignnone size-medium wp-image-5496\" src=\"http:\/\/blog.meineigenerweg.de\/wp-content\/uploads\/2019\/01\/Den_Haag_19_01_002_k-300x200.jpg\" alt=\"\" width=\"300\" height=\"200\" srcset=\"http:\/\/blog.meineigenerweg.de\/wp-content\/uploads\/2019\/01\/Den_Haag_19_01_002_k-300x200.jpg 300w, http:\/\/blog.meineigenerweg.de\/wp-content\/uploads\/2019\/01\/Den_Haag_19_01_002_k-768x512.jpg 768w, http:\/\/blog.meineigenerweg.de\/wp-content\/uploads\/2019\/01\/Den_Haag_19_01_002_k.jpg 1000w\" sizes=\"auto, (max-width: 300px) 100vw, 300px\" \/><\/a><\/p>\n<p>Und dann war es endlich Mitternacht, die Kirchenglocken l\u00e4uten, hunderte von Raketen strahlen um die Wette, die Menschen lagen sich in den Armen und w\u00fcnschten sich ein gutes, neues Jahr und unbemerkt wurden die T\u00fcrme angez\u00fcndet. An der Spitze z\u00fcngelten erst nur ein paar kleine Flammen, aber schon nach kurzer Zeit brannte die Turmspitze unter Geschrei und Gejohlen der Menschen lichterloh.<br \/>\n<a href=\"http:\/\/blog.meineigenerweg.de\/wp-content\/uploads\/2019\/01\/Den_Haag_19_01_042_k.jpg\"><img loading=\"lazy\" decoding=\"async\" class=\"alignnone size-medium wp-image-5498\" src=\"http:\/\/blog.meineigenerweg.de\/wp-content\/uploads\/2019\/01\/Den_Haag_19_01_042_k-300x200.jpg\" alt=\"\" width=\"300\" height=\"200\" srcset=\"http:\/\/blog.meineigenerweg.de\/wp-content\/uploads\/2019\/01\/Den_Haag_19_01_042_k-300x200.jpg 300w, http:\/\/blog.meineigenerweg.de\/wp-content\/uploads\/2019\/01\/Den_Haag_19_01_042_k-768x512.jpg 768w, http:\/\/blog.meineigenerweg.de\/wp-content\/uploads\/2019\/01\/Den_Haag_19_01_042_k.jpg 1000w\" sizes=\"auto, (max-width: 300px) 100vw, 300px\" \/><\/a><\/p>\n<p>Die Stimmung stieg und bald brannte der gesamte Turm von oben bis unten und der Feuerteufel (mit viel Fantasie erkennt man ihn) tanzte bis in die fr\u00fchen Morgenstunden mit.<br \/>\n<a href=\"http:\/\/blog.meineigenerweg.de\/wp-content\/uploads\/2019\/01\/Den_Haag_19_01_070_k.jpg\"><img loading=\"lazy\" decoding=\"async\" class=\"alignnone size-medium wp-image-5499\" src=\"http:\/\/blog.meineigenerweg.de\/wp-content\/uploads\/2019\/01\/Den_Haag_19_01_070_k-300x200.jpg\" alt=\"\" width=\"300\" height=\"200\" srcset=\"http:\/\/blog.meineigenerweg.de\/wp-content\/uploads\/2019\/01\/Den_Haag_19_01_070_k-300x200.jpg 300w, http:\/\/blog.meineigenerweg.de\/wp-content\/uploads\/2019\/01\/Den_Haag_19_01_070_k-768x512.jpg 768w, http:\/\/blog.meineigenerweg.de\/wp-content\/uploads\/2019\/01\/Den_Haag_19_01_070_k.jpg 1000w\" sizes=\"auto, (max-width: 300px) 100vw, 300px\" \/><\/a> <a href=\"http:\/\/blog.meineigenerweg.de\/wp-content\/uploads\/2019\/01\/Den_Haag_19_01_074_k.jpg\"><img loading=\"lazy\" decoding=\"async\" class=\"alignnone size-medium wp-image-5500\" src=\"http:\/\/blog.meineigenerweg.de\/wp-content\/uploads\/2019\/01\/Den_Haag_19_01_074_k-300x200.jpg\" alt=\"\" width=\"300\" height=\"200\" srcset=\"http:\/\/blog.meineigenerweg.de\/wp-content\/uploads\/2019\/01\/Den_Haag_19_01_074_k-300x200.jpg 300w, http:\/\/blog.meineigenerweg.de\/wp-content\/uploads\/2019\/01\/Den_Haag_19_01_074_k-768x512.jpg 768w, http:\/\/blog.meineigenerweg.de\/wp-content\/uploads\/2019\/01\/Den_Haag_19_01_074_k.jpg 1000w\" sizes=\"auto, (max-width: 300px) 100vw, 300px\" \/><\/a><\/p>\n<p>Der Wind stand allerdings nicht ganz so g\u00fcnstig. es bildeten sich gl\u00fchende Windhosen und Funkenst\u00fcrme, die in Richtung Stadt zogen. Vorsichtshalber hatte die Feuerwehr das Kirchendach mit Wasser bespritzt, damit es kein Feuer fangen konnte.<br \/>\n<a href=\"http:\/\/blog.meineigenerweg.de\/wp-content\/uploads\/2019\/01\/Den_Haag_19_01_091_k.jpg\"><img loading=\"lazy\" decoding=\"async\" class=\"alignnone size-medium wp-image-5501\" src=\"http:\/\/blog.meineigenerweg.de\/wp-content\/uploads\/2019\/01\/Den_Haag_19_01_091_k-300x200.jpg\" alt=\"\" width=\"300\" height=\"200\" srcset=\"http:\/\/blog.meineigenerweg.de\/wp-content\/uploads\/2019\/01\/Den_Haag_19_01_091_k-300x200.jpg 300w, http:\/\/blog.meineigenerweg.de\/wp-content\/uploads\/2019\/01\/Den_Haag_19_01_091_k-768x512.jpg 768w, http:\/\/blog.meineigenerweg.de\/wp-content\/uploads\/2019\/01\/Den_Haag_19_01_091_k.jpg 1000w\" sizes=\"auto, (max-width: 300px) 100vw, 300px\" \/><\/a><\/p>\n<p>Aber die Party war super!<\/p>\n<p>W\u00e4hrend am sp\u00e4ten Neujahrsmorgen in Duindorp der Turm bzw. seine Reste immer noch brannten, war vom Scheveninger Turm nur noch der abgebrannte und von der Feuerwehr gel\u00f6schte Aschenberg zu sehen &#8211; hier wurde bereits aufger\u00e4umt.<br \/>\n<a href=\"http:\/\/blog.meineigenerweg.de\/wp-content\/uploads\/2019\/01\/Den_Haag_19_01_093_k.jpg\"><img loading=\"lazy\" decoding=\"async\" class=\"alignnone size-medium wp-image-5505\" src=\"http:\/\/blog.meineigenerweg.de\/wp-content\/uploads\/2019\/01\/Den_Haag_19_01_093_k-300x200.jpg\" alt=\"\" width=\"300\" height=\"200\" srcset=\"http:\/\/blog.meineigenerweg.de\/wp-content\/uploads\/2019\/01\/Den_Haag_19_01_093_k-300x200.jpg 300w, http:\/\/blog.meineigenerweg.de\/wp-content\/uploads\/2019\/01\/Den_Haag_19_01_093_k-768x512.jpg 768w, http:\/\/blog.meineigenerweg.de\/wp-content\/uploads\/2019\/01\/Den_Haag_19_01_093_k.jpg 1000w\" sizes=\"auto, (max-width: 300px) 100vw, 300px\" \/><\/a> <a href=\"http:\/\/blog.meineigenerweg.de\/wp-content\/uploads\/2019\/01\/Den_Haag_19_01_133_k.jpg\"><img loading=\"lazy\" decoding=\"async\" class=\"alignnone size-medium wp-image-5506\" src=\"http:\/\/blog.meineigenerweg.de\/wp-content\/uploads\/2019\/01\/Den_Haag_19_01_133_k-300x200.jpg\" alt=\"\" width=\"300\" height=\"200\" srcset=\"http:\/\/blog.meineigenerweg.de\/wp-content\/uploads\/2019\/01\/Den_Haag_19_01_133_k-300x200.jpg 300w, http:\/\/blog.meineigenerweg.de\/wp-content\/uploads\/2019\/01\/Den_Haag_19_01_133_k-768x512.jpg 768w, http:\/\/blog.meineigenerweg.de\/wp-content\/uploads\/2019\/01\/Den_Haag_19_01_133_k.jpg 1000w\" sizes=\"auto, (max-width: 300px) 100vw, 300px\" \/><\/a><\/p>\n<p>Nach der Party ist vor der Party.<\/p>\n<p>Gegen Mittag am Neujahrstag versammelten sich einige Dutzend Menschen am Strand, die meisten von Ihnen mit roten Zipfelm\u00fctzen auf dem Kopf.<br \/>\n<a href=\"http:\/\/blog.meineigenerweg.de\/wp-content\/uploads\/2019\/01\/Den_Haag_19_01_099_p.jpg\"><img loading=\"lazy\" decoding=\"async\" class=\"alignnone wp-image-5509\" src=\"http:\/\/blog.meineigenerweg.de\/wp-content\/uploads\/2019\/01\/Den_Haag_19_01_099_p-300x110.jpg\" alt=\"\" width=\"365\" height=\"134\" srcset=\"http:\/\/blog.meineigenerweg.de\/wp-content\/uploads\/2019\/01\/Den_Haag_19_01_099_p-300x110.jpg 300w, http:\/\/blog.meineigenerweg.de\/wp-content\/uploads\/2019\/01\/Den_Haag_19_01_099_p-768x281.jpg 768w, http:\/\/blog.meineigenerweg.de\/wp-content\/uploads\/2019\/01\/Den_Haag_19_01_099_p-1024x375.jpg 1024w, http:\/\/blog.meineigenerweg.de\/wp-content\/uploads\/2019\/01\/Den_Haag_19_01_099_p.jpg 1823w\" sizes=\"auto, (max-width: 365px) 100vw, 365px\" \/><\/a><br \/>\n8 Grad Wassertemperatur und 9 Grad Lufttemperatur konnten sie nicht davon abhalten ihre warmen Jacken gegen Badeanz\u00fcge und Badehosen zu tauschen und unter lautem Geschrei ins Wasser zu rennen.<\/p>\n<p><a href=\"http:\/\/blog.meineigenerweg.de\/wp-content\/uploads\/2019\/01\/Den_Haag_19_01_113_k.jpg\"><img loading=\"lazy\" decoding=\"async\" class=\"alignnone size-medium wp-image-5510\" src=\"http:\/\/blog.meineigenerweg.de\/wp-content\/uploads\/2019\/01\/Den_Haag_19_01_113_k-300x200.jpg\" alt=\"\" width=\"300\" height=\"200\" srcset=\"http:\/\/blog.meineigenerweg.de\/wp-content\/uploads\/2019\/01\/Den_Haag_19_01_113_k-300x200.jpg 300w, http:\/\/blog.meineigenerweg.de\/wp-content\/uploads\/2019\/01\/Den_Haag_19_01_113_k-768x512.jpg 768w, http:\/\/blog.meineigenerweg.de\/wp-content\/uploads\/2019\/01\/Den_Haag_19_01_113_k.jpg 1000w\" sizes=\"auto, (max-width: 300px) 100vw, 300px\" \/><\/a><br \/>\nSchade das ich meine rote Zipfelm\u00fctze nicht dabei hatte &#8230;.<\/p>\n<p><em>Meine Wertung: <span style=\"color: #ff0000;\">*****<\/span> unbedingt ausprobieren<\/em><\/p>\n<p>&nbsp;<\/p>\n","protected":false},"excerpt":{"rendered":"<p>Dezember 2018 \/ Januar 2019 Viele Jahre lang war ich zum Jahreswechsel in Valmorel in den franz\u00f6sischen Alpen. Viel Schnee und Skifahren im Sonnenschein, von den Berggipfeln ins Tal schauen und zum H\u00fcttenaben auch schon einmal auf dem Tisch tanzen. Anschlie\u00dfend dann im Dunkeln mit einer Fackel in der Hand<\/p>\n","protected":false},"author":1,"featured_media":5482,"parent":818,"menu_order":0,"comment_status":"closed","ping_status":"closed","template":"","meta":{"footnotes":""},"class_list":["post-5477","page","type-page","status-publish","has-post-thumbnail","hentry"],"_links":{"self":[{"href":"http:\/\/blog.meineigenerweg.de\/index.php?rest_route=\/wp\/v2\/pages\/5477","targetHints":{"allow":["GET"]}}],"collection":[{"href":"http:\/\/blog.meineigenerweg.de\/index.php?rest_route=\/wp\/v2\/pages"}],"about":[{"href":"http:\/\/blog.meineigenerweg.de\/index.php?rest_route=\/wp\/v2\/types\/page"}],"author":[{"embeddable":true,"href":"http:\/\/blog.meineigenerweg.de\/index.php?rest_route=\/wp\/v2\/users\/1"}],"replies":[{"embeddable":true,"href":"http:\/\/blog.meineigenerweg.de\/index.php?rest_route=%2Fwp%2Fv2%2Fcomments&post=5477"}],"version-history":[{"count":26,"href":"http:\/\/blog.meineigenerweg.de\/index.php?rest_route=\/wp\/v2\/pages\/5477\/revisions"}],"predecessor-version":[{"id":5580,"href":"http:\/\/blog.meineigenerweg.de\/index.php?rest_route=\/wp\/v2\/pages\/5477\/revisions\/5580"}],"up":[{"embeddable":true,"href":"http:\/\/blog.meineigenerweg.de\/index.php?rest_route=\/wp\/v2\/pages\/818"}],"wp:featuredmedia":[{"embeddable":true,"href":"http:\/\/blog.meineigenerweg.de\/index.php?rest_route=\/wp\/v2\/media\/5482"}],"wp:attachment":[{"href":"http:\/\/blog.meineigenerweg.de\/index.php?rest_route=%2Fwp%2Fv2%2Fmedia&parent=5477"}],"curies":[{"name":"wp","href":"https:\/\/api.w.org\/{rel}","templated":true}]}}