{"id":5178,"date":"2018-09-08T06:16:43","date_gmt":"2018-09-08T05:16:43","guid":{"rendered":"http:\/\/blog.meineigenerweg.de\/?page_id=5178"},"modified":"2018-09-08T06:25:58","modified_gmt":"2018-09-08T05:25:58","slug":"biggesee","status":"publish","type":"page","link":"http:\/\/blog.meineigenerweg.de\/?page_id=5178","title":{"rendered":"Biggesee ***"},"content":{"rendered":"<p>August 2018<\/p>\n<p>Ich m\u00f6chte f\u00fcr einige Tage ein Ausflugsziel in der N\u00e4he finden, denn das Wetter ist viel zu sch\u00f6n, um f\u00fcr eine Radtour erst lange mit dem Auto zu fahren. Ich studiere die Karte, maximal eine Stunde Fahrtzeit schwebt mir vor. Egal in welche Himmelsrichtung, das Ruhrgebiet ist in alle Richtungen von sch\u00f6nen Zielen umgeben. Ich entscheide mich f\u00fcr den <span style=\"color: #0000ff;\"><a href=\"https:\/\/www.seen.de\/biggesee\/\" target=\"_blank\" rel=\"noopener\"><span style=\"color: #0000ff;\"><span style=\"text-decoration: underline;\">Biggesee<\/span><\/span><\/a><\/span>, hier kann man baden, es gibt einen Radwege um den See herum, ein kleine Stadt, um ein bisschen zu bummeln, die Attah\u00f6hle und hoch \u00fcber dem See eine Aussichtsplattform, zu der man wandern kann.<\/p>\n<p>Am Nachmittag, nachdem ich angekommen bin, fahre ich mit dem Rad nach <span style=\"color: #0000ff;\"><a href=\"https:\/\/www.attendorn.de\" target=\"_blank\" rel=\"noopener\"><span style=\"color: #0000ff;\"><span style=\"text-decoration: underline;\">Attendorn<\/span><\/span><\/a><\/span>. Was ich nicht wusste, Attendorn bekam bereits 1222 die Stadtrechte verliehen und war fr\u00fcher f\u00fcr seine bedeutenden Tuch- und Leinwebereien bekannt, weshalb sie in den Bund der Hanse aufgenommen wurde und sich heute noch Hansestadt nennen darf.\u00a0Ein kleines, h\u00fcbsches St\u00e4dtchen mit einem sch\u00f6nen Marktplatz<br \/>\n<a href=\"http:\/\/blog.meineigenerweg.de\/wp-content\/uploads\/2018\/08\/Biggesee_18_18_005_k.jpg\"><img loading=\"lazy\" decoding=\"async\" class=\"alignnone size-medium wp-image-5227\" src=\"http:\/\/blog.meineigenerweg.de\/wp-content\/uploads\/2018\/08\/Biggesee_18_18_005_k-300x200.jpg\" alt=\"\" width=\"300\" height=\"200\" srcset=\"http:\/\/blog.meineigenerweg.de\/wp-content\/uploads\/2018\/08\/Biggesee_18_18_005_k-300x200.jpg 300w, http:\/\/blog.meineigenerweg.de\/wp-content\/uploads\/2018\/08\/Biggesee_18_18_005_k-768x512.jpg 768w, http:\/\/blog.meineigenerweg.de\/wp-content\/uploads\/2018\/08\/Biggesee_18_18_005_k.jpg 1000w\" sizes=\"auto, (max-width: 300px) 100vw, 300px\" \/><\/a><br \/>\nund der\u00a0<span style=\"font-size: 0.95em;\">Pfarrkirche St. Johannes Baptist.<br \/>\n<\/span><a href=\"http:\/\/blog.meineigenerweg.de\/wp-content\/uploads\/2018\/08\/Biggesee_18_18_003_k.jpg\"><img loading=\"lazy\" decoding=\"async\" class=\"alignnone size-medium wp-image-5225\" src=\"http:\/\/blog.meineigenerweg.de\/wp-content\/uploads\/2018\/08\/Biggesee_18_18_003_k-200x300.jpg\" alt=\"\" width=\"200\" height=\"300\" srcset=\"http:\/\/blog.meineigenerweg.de\/wp-content\/uploads\/2018\/08\/Biggesee_18_18_003_k-200x300.jpg 200w, http:\/\/blog.meineigenerweg.de\/wp-content\/uploads\/2018\/08\/Biggesee_18_18_003_k.jpg 667w\" sizes=\"auto, (max-width: 200px) 100vw, 200px\" \/><\/a><br \/>\nAm Abend sitze ich gem\u00fctlich am Seeufer, schaue den letzten Schwimmern und Stand-Up-Paddlern zu und genie\u00dfe den Sonnenuntergang<br \/>\n<a href=\"http:\/\/blog.meineigenerweg.de\/wp-content\/uploads\/2018\/08\/Biggesee_18_18_014_k.jpg\"><img loading=\"lazy\" decoding=\"async\" class=\"alignnone size-medium wp-image-5228\" src=\"http:\/\/blog.meineigenerweg.de\/wp-content\/uploads\/2018\/08\/Biggesee_18_18_014_k-300x200.jpg\" alt=\"\" width=\"300\" height=\"200\" srcset=\"http:\/\/blog.meineigenerweg.de\/wp-content\/uploads\/2018\/08\/Biggesee_18_18_014_k-300x200.jpg 300w, http:\/\/blog.meineigenerweg.de\/wp-content\/uploads\/2018\/08\/Biggesee_18_18_014_k-768x512.jpg 768w, http:\/\/blog.meineigenerweg.de\/wp-content\/uploads\/2018\/08\/Biggesee_18_18_014_k.jpg 1000w\" sizes=\"auto, (max-width: 300px) 100vw, 300px\" \/><\/a><br \/>\nAm n\u00e4chsten Tag setze ich mich auf mein Rad und fahre um den See. Bei den vielen Seitenarmen kann man die Tour beliebig lang gestalten, 20, 30, 40 km oder mehr, immer auf gut ausgebauten, asphaltierten Wegen.<br \/>\n<a href=\"http:\/\/blog.meineigenerweg.de\/wp-content\/uploads\/2018\/08\/Biggesee_18_18_020_k.jpg\"><img loading=\"lazy\" decoding=\"async\" class=\"alignnone size-medium wp-image-5230\" src=\"http:\/\/blog.meineigenerweg.de\/wp-content\/uploads\/2018\/08\/Biggesee_18_18_020_k-300x200.jpg\" alt=\"\" width=\"300\" height=\"200\" srcset=\"http:\/\/blog.meineigenerweg.de\/wp-content\/uploads\/2018\/08\/Biggesee_18_18_020_k-300x200.jpg 300w, http:\/\/blog.meineigenerweg.de\/wp-content\/uploads\/2018\/08\/Biggesee_18_18_020_k-768x512.jpg 768w, http:\/\/blog.meineigenerweg.de\/wp-content\/uploads\/2018\/08\/Biggesee_18_18_020_k.jpg 1000w\" sizes=\"auto, (max-width: 300px) 100vw, 300px\" \/><\/a><br \/>\n<a href=\"http:\/\/blog.meineigenerweg.de\/wp-content\/uploads\/2018\/08\/Biggesee_18_18_075_k.jpg\"><img loading=\"lazy\" decoding=\"async\" class=\"alignnone size-medium wp-image-5234\" src=\"http:\/\/blog.meineigenerweg.de\/wp-content\/uploads\/2018\/08\/Biggesee_18_18_075_k-300x200.jpg\" alt=\"\" width=\"300\" height=\"200\" srcset=\"http:\/\/blog.meineigenerweg.de\/wp-content\/uploads\/2018\/08\/Biggesee_18_18_075_k-300x200.jpg 300w, http:\/\/blog.meineigenerweg.de\/wp-content\/uploads\/2018\/08\/Biggesee_18_18_075_k-768x512.jpg 768w, http:\/\/blog.meineigenerweg.de\/wp-content\/uploads\/2018\/08\/Biggesee_18_18_075_k.jpg 1000w\" sizes=\"auto, (max-width: 300px) 100vw, 300px\" \/>\u00a0<\/a><a href=\"http:\/\/blog.meineigenerweg.de\/wp-content\/uploads\/2018\/08\/Biggesee_18_18_082_k.jpg\"><img loading=\"lazy\" decoding=\"async\" class=\"alignnone size-medium wp-image-5235\" src=\"http:\/\/blog.meineigenerweg.de\/wp-content\/uploads\/2018\/08\/Biggesee_18_18_082_k-300x200.jpg\" alt=\"\" width=\"300\" height=\"200\" srcset=\"http:\/\/blog.meineigenerweg.de\/wp-content\/uploads\/2018\/08\/Biggesee_18_18_082_k-300x200.jpg 300w, http:\/\/blog.meineigenerweg.de\/wp-content\/uploads\/2018\/08\/Biggesee_18_18_082_k-768x512.jpg 768w, http:\/\/blog.meineigenerweg.de\/wp-content\/uploads\/2018\/08\/Biggesee_18_18_082_k.jpg 1000w\" sizes=\"auto, (max-width: 300px) 100vw, 300px\" \/><\/a><br \/>\nHeute geht es zu Fu\u00df los,<br \/>\n<a href=\"http:\/\/blog.meineigenerweg.de\/wp-content\/uploads\/2018\/08\/Biggesee_18_18_016_k.jpg\"><img loading=\"lazy\" decoding=\"async\" class=\"alignnone size-medium wp-image-5229\" src=\"http:\/\/blog.meineigenerweg.de\/wp-content\/uploads\/2018\/08\/Biggesee_18_18_016_k-300x200.jpg\" alt=\"\" width=\"300\" height=\"200\" srcset=\"http:\/\/blog.meineigenerweg.de\/wp-content\/uploads\/2018\/08\/Biggesee_18_18_016_k-300x200.jpg 300w, http:\/\/blog.meineigenerweg.de\/wp-content\/uploads\/2018\/08\/Biggesee_18_18_016_k-768x512.jpg 768w, http:\/\/blog.meineigenerweg.de\/wp-content\/uploads\/2018\/08\/Biggesee_18_18_016_k.jpg 1000w\" sizes=\"auto, (max-width: 300px) 100vw, 300px\" \/><\/a><br \/>\nvorbei an der Waldenburger Kapelle<br \/>\n<a href=\"http:\/\/blog.meineigenerweg.de\/wp-content\/uploads\/2018\/08\/Biggesee_18_18_063_k.jpg\"><img loading=\"lazy\" decoding=\"async\" class=\"alignnone size-medium wp-image-5231\" src=\"http:\/\/blog.meineigenerweg.de\/wp-content\/uploads\/2018\/08\/Biggesee_18_18_063_k-300x200.jpg\" alt=\"\" width=\"300\" height=\"200\" srcset=\"http:\/\/blog.meineigenerweg.de\/wp-content\/uploads\/2018\/08\/Biggesee_18_18_063_k-300x200.jpg 300w, http:\/\/blog.meineigenerweg.de\/wp-content\/uploads\/2018\/08\/Biggesee_18_18_063_k-768x512.jpg 768w, http:\/\/blog.meineigenerweg.de\/wp-content\/uploads\/2018\/08\/Biggesee_18_18_063_k.jpg 1000w\" sizes=\"auto, (max-width: 300px) 100vw, 300px\" \/><\/a><br \/>\ngeht es hinauf zur Burgruine Waldenburg<br \/>\n<a href=\"http:\/\/blog.meineigenerweg.de\/wp-content\/uploads\/2018\/08\/Biggesee_18_18_070_k.jpg\"><img loading=\"lazy\" decoding=\"async\" class=\"alignnone size-medium wp-image-5232\" src=\"http:\/\/blog.meineigenerweg.de\/wp-content\/uploads\/2018\/08\/Biggesee_18_18_070_k-300x200.jpg\" alt=\"\" width=\"300\" height=\"200\" srcset=\"http:\/\/blog.meineigenerweg.de\/wp-content\/uploads\/2018\/08\/Biggesee_18_18_070_k-300x200.jpg 300w, http:\/\/blog.meineigenerweg.de\/wp-content\/uploads\/2018\/08\/Biggesee_18_18_070_k-768x512.jpg 768w, http:\/\/blog.meineigenerweg.de\/wp-content\/uploads\/2018\/08\/Biggesee_18_18_070_k.jpg 1000w\" sizes=\"auto, (max-width: 300px) 100vw, 300px\" \/><\/a><br \/>\nmit einer sch\u00f6nen Aussicht \u00fcber den See.<br \/>\n<a href=\"http:\/\/blog.meineigenerweg.de\/wp-content\/uploads\/2018\/08\/Biggesee_18_18_085_k.jpg\"><img loading=\"lazy\" decoding=\"async\" class=\"alignnone size-medium wp-image-5236\" src=\"http:\/\/blog.meineigenerweg.de\/wp-content\/uploads\/2018\/08\/Biggesee_18_18_085_k-300x200.jpg\" alt=\"\" width=\"300\" height=\"200\" srcset=\"http:\/\/blog.meineigenerweg.de\/wp-content\/uploads\/2018\/08\/Biggesee_18_18_085_k-300x200.jpg 300w, http:\/\/blog.meineigenerweg.de\/wp-content\/uploads\/2018\/08\/Biggesee_18_18_085_k-768x511.jpg 768w, http:\/\/blog.meineigenerweg.de\/wp-content\/uploads\/2018\/08\/Biggesee_18_18_085_k.jpg 1000w\" sizes=\"auto, (max-width: 300px) 100vw, 300px\" \/><\/a><br \/>\nDen Nachmittag verbringe ich am und im See.<br \/>\n<a href=\"http:\/\/blog.meineigenerweg.de\/wp-content\/uploads\/2018\/08\/Biggesee_18_18_087_k.jpg\"><img loading=\"lazy\" decoding=\"async\" class=\"alignnone size-medium wp-image-5237\" src=\"http:\/\/blog.meineigenerweg.de\/wp-content\/uploads\/2018\/08\/Biggesee_18_18_087_k-300x200.jpg\" alt=\"\" width=\"300\" height=\"200\" srcset=\"http:\/\/blog.meineigenerweg.de\/wp-content\/uploads\/2018\/08\/Biggesee_18_18_087_k-300x200.jpg 300w, http:\/\/blog.meineigenerweg.de\/wp-content\/uploads\/2018\/08\/Biggesee_18_18_087_k-768x512.jpg 768w, http:\/\/blog.meineigenerweg.de\/wp-content\/uploads\/2018\/08\/Biggesee_18_18_087_k-1024x682.jpg 1024w, http:\/\/blog.meineigenerweg.de\/wp-content\/uploads\/2018\/08\/Biggesee_18_18_087_k.jpg 1076w\" sizes=\"auto, (max-width: 300px) 100vw, 300px\" \/><\/a><br \/>\nAm sp\u00e4ten Nachmittag mache ich mich noch einmal auf den Weg zur Aussichtsplattform Biggeblick.<br \/>\n<a href=\"http:\/\/blog.meineigenerweg.de\/wp-content\/uploads\/2018\/08\/Biggesee_18_18_102_k.jpg\"><img loading=\"lazy\" decoding=\"async\" class=\"alignnone size-medium wp-image-5238\" src=\"http:\/\/blog.meineigenerweg.de\/wp-content\/uploads\/2018\/08\/Biggesee_18_18_102_k-300x200.jpg\" alt=\"\" width=\"300\" height=\"200\" srcset=\"http:\/\/blog.meineigenerweg.de\/wp-content\/uploads\/2018\/08\/Biggesee_18_18_102_k-300x200.jpg 300w, http:\/\/blog.meineigenerweg.de\/wp-content\/uploads\/2018\/08\/Biggesee_18_18_102_k-768x512.jpg 768w, http:\/\/blog.meineigenerweg.de\/wp-content\/uploads\/2018\/08\/Biggesee_18_18_102_k.jpg 1000w\" sizes=\"auto, (max-width: 300px) 100vw, 300px\" \/><\/a><\/p>\n<p><em>Mein Wertung: <span style=\"color: #ff0000;\">***<span style=\"color: #000000;\">*<\/span><\/span>* erlebenswert<\/em><\/p>\n","protected":false},"excerpt":{"rendered":"<p>August 2018 Ich m\u00f6chte f\u00fcr einige Tage ein Ausflugsziel in der N\u00e4he finden, denn das Wetter ist viel zu sch\u00f6n, um f\u00fcr eine Radtour erst lange mit dem Auto zu fahren. Ich studiere die Karte, maximal eine Stunde Fahrtzeit schwebt mir vor. Egal in welche Himmelsrichtung, das Ruhrgebiet ist in<\/p>\n","protected":false},"author":1,"featured_media":5273,"parent":3160,"menu_order":0,"comment_status":"closed","ping_status":"closed","template":"","meta":{"footnotes":""},"class_list":["post-5178","page","type-page","status-publish","has-post-thumbnail","hentry"],"_links":{"self":[{"href":"http:\/\/blog.meineigenerweg.de\/index.php?rest_route=\/wp\/v2\/pages\/5178","targetHints":{"allow":["GET"]}}],"collection":[{"href":"http:\/\/blog.meineigenerweg.de\/index.php?rest_route=\/wp\/v2\/pages"}],"about":[{"href":"http:\/\/blog.meineigenerweg.de\/index.php?rest_route=\/wp\/v2\/types\/page"}],"author":[{"embeddable":true,"href":"http:\/\/blog.meineigenerweg.de\/index.php?rest_route=\/wp\/v2\/users\/1"}],"replies":[{"embeddable":true,"href":"http:\/\/blog.meineigenerweg.de\/index.php?rest_route=%2Fwp%2Fv2%2Fcomments&post=5178"}],"version-history":[{"count":15,"href":"http:\/\/blog.meineigenerweg.de\/index.php?rest_route=\/wp\/v2\/pages\/5178\/revisions"}],"predecessor-version":[{"id":5269,"href":"http:\/\/blog.meineigenerweg.de\/index.php?rest_route=\/wp\/v2\/pages\/5178\/revisions\/5269"}],"up":[{"embeddable":true,"href":"http:\/\/blog.meineigenerweg.de\/index.php?rest_route=\/wp\/v2\/pages\/3160"}],"wp:featuredmedia":[{"embeddable":true,"href":"http:\/\/blog.meineigenerweg.de\/index.php?rest_route=\/wp\/v2\/media\/5273"}],"wp:attachment":[{"href":"http:\/\/blog.meineigenerweg.de\/index.php?rest_route=%2Fwp%2Fv2%2Fmedia&parent=5178"}],"curies":[{"name":"wp","href":"https:\/\/api.w.org\/{rel}","templated":true}]}}