{"id":5126,"date":"2019-01-04T19:50:53","date_gmt":"2019-01-04T18:50:53","guid":{"rendered":"http:\/\/blog.meineigenerweg.de\/?page_id=5126"},"modified":"2019-01-04T22:01:34","modified_gmt":"2019-01-04T21:01:34","slug":"den-haag","status":"publish","type":"page","link":"http:\/\/blog.meineigenerweg.de\/?page_id=5126","title":{"rendered":"Den Haag ****"},"content":{"rendered":"<p>August 2018<\/p>\n<p>Eine moderne Stadt, eine historische Stadt, Sitz der Regierung und des K\u00f6nigs, Sitz der UN und von Interpol, gesch\u00e4ftig, gem\u00fctlich, international. Von allem etwas, moderne Architektur in der City, mittelalterliche H\u00e4user in den Vierteln. Nie langweilig und immer abwechslungsreich. Gleichzeitig bin ich \u00fcberrascht von der Bescheidenheit, Zurschaustellung von Macht und Reichtum ist hier genauso wie \u00fcberall in den Niederlanden verp\u00f6nt. Ich mag die Stadt, in der die Hagenaar im Westteil &#8222;auf Sand&#8220; wohnen und die Hagenezen in Stadtteilen &#8222;auf Sumpf&#8220; gebaut.<\/p>\n<p>Die moderne, quirlige City<br \/>\n<a href=\"http:\/\/blog.meineigenerweg.de\/wp-content\/uploads\/2018\/09\/Den_Haag_17_07_032.jpg\"><img loading=\"lazy\" decoding=\"async\" class=\"alignnone size-medium wp-image-5284\" src=\"http:\/\/blog.meineigenerweg.de\/wp-content\/uploads\/2018\/09\/Den_Haag_17_07_032-300x200.jpg\" alt=\"\" width=\"300\" height=\"200\" srcset=\"http:\/\/blog.meineigenerweg.de\/wp-content\/uploads\/2018\/09\/Den_Haag_17_07_032-300x200.jpg 300w, http:\/\/blog.meineigenerweg.de\/wp-content\/uploads\/2018\/09\/Den_Haag_17_07_032-768x512.jpg 768w, http:\/\/blog.meineigenerweg.de\/wp-content\/uploads\/2018\/09\/Den_Haag_17_07_032.jpg 1000w\" sizes=\"auto, (max-width: 300px) 100vw, 300px\" \/><\/a><\/p>\n<p>&#8222;De Passage&#8220;, die altehrw\u00fcrdige Einkaufspassage. 1882 &#8211; 1885 nach Pariser Vorbild gebaut, ist sie heute ein UNESCO-Denkmal.<br \/>\n<a href=\"http:\/\/blog.meineigenerweg.de\/wp-content\/uploads\/2018\/09\/Den_Haag_17_07_055.jpg\"><img loading=\"lazy\" decoding=\"async\" class=\"alignnone size-medium wp-image-5289\" src=\"http:\/\/blog.meineigenerweg.de\/wp-content\/uploads\/2018\/09\/Den_Haag_17_07_055-200x300.jpg\" alt=\"\" width=\"200\" height=\"300\" srcset=\"http:\/\/blog.meineigenerweg.de\/wp-content\/uploads\/2018\/09\/Den_Haag_17_07_055-200x300.jpg 200w, http:\/\/blog.meineigenerweg.de\/wp-content\/uploads\/2018\/09\/Den_Haag_17_07_055.jpg 667w\" sizes=\"auto, (max-width: 200px) 100vw, 200px\" \/><\/a> <a href=\"http:\/\/blog.meineigenerweg.de\/wp-content\/uploads\/2018\/09\/Den_Haag_17_07_057.jpg\"><img loading=\"lazy\" decoding=\"async\" class=\"alignnone size-medium wp-image-5290\" src=\"http:\/\/blog.meineigenerweg.de\/wp-content\/uploads\/2018\/09\/Den_Haag_17_07_057-200x300.jpg\" alt=\"\" width=\"200\" height=\"300\" srcset=\"http:\/\/blog.meineigenerweg.de\/wp-content\/uploads\/2018\/09\/Den_Haag_17_07_057-200x300.jpg 200w, http:\/\/blog.meineigenerweg.de\/wp-content\/uploads\/2018\/09\/Den_Haag_17_07_057-768x1152.jpg 768w, http:\/\/blog.meineigenerweg.de\/wp-content\/uploads\/2018\/09\/Den_Haag_17_07_057-683x1024.jpg 683w\" sizes=\"auto, (max-width: 200px) 100vw, 200px\" \/><\/a><\/p>\n<p>Besonders beeindruckt hat mich das neue Rathaus mit seiner tollen, lichtdurchfluteten Architektur. Wegen seiner weissen Farbe wird es von den Niederl\u00e4ndern &#8222;Ijspalais&#8220; (Eispalast) genannt.<br \/>\n<a href=\"http:\/\/blog.meineigenerweg.de\/wp-content\/uploads\/2018\/09\/IMG_6545_k.jpg\"><img loading=\"lazy\" decoding=\"async\" class=\"alignnone size-medium wp-image-5306\" src=\"http:\/\/blog.meineigenerweg.de\/wp-content\/uploads\/2018\/09\/IMG_6545_k-300x200.jpg\" alt=\"\" width=\"300\" height=\"200\" srcset=\"http:\/\/blog.meineigenerweg.de\/wp-content\/uploads\/2018\/09\/IMG_6545_k-300x200.jpg 300w, http:\/\/blog.meineigenerweg.de\/wp-content\/uploads\/2018\/09\/IMG_6545_k-768x512.jpg 768w, http:\/\/blog.meineigenerweg.de\/wp-content\/uploads\/2018\/09\/IMG_6545_k.jpg 1000w\" sizes=\"auto, (max-width: 300px) 100vw, 300px\" \/><\/a><\/p>\n<p>Einer der Str\u00e4nde von Den Haag: Kijkduin<br \/>\n<a href=\"http:\/\/blog.meineigenerweg.de\/wp-content\/uploads\/2018\/09\/Den_Haag_17_07_104.jpg\"><img loading=\"lazy\" decoding=\"async\" class=\"alignnone size-medium wp-image-5292\" src=\"http:\/\/blog.meineigenerweg.de\/wp-content\/uploads\/2018\/09\/Den_Haag_17_07_104-300x200.jpg\" alt=\"\" width=\"300\" height=\"200\" srcset=\"http:\/\/blog.meineigenerweg.de\/wp-content\/uploads\/2018\/09\/Den_Haag_17_07_104-300x200.jpg 300w, http:\/\/blog.meineigenerweg.de\/wp-content\/uploads\/2018\/09\/Den_Haag_17_07_104-768x512.jpg 768w, http:\/\/blog.meineigenerweg.de\/wp-content\/uploads\/2018\/09\/Den_Haag_17_07_104.jpg 1000w\" sizes=\"auto, (max-width: 300px) 100vw, 300px\" \/>\u00a0<\/a><\/p>\n<p>Der Binnenhof, seit1446 versammelte sich hier das niederl\u00e4ndische Parlament. Auch der Ministerpr\u00e4sident hat hier seinen Amtssitz.<br \/>\n<a href=\"http:\/\/blog.meineigenerweg.de\/wp-content\/uploads\/2018\/09\/DSC_7444_k.jpg\"><img loading=\"lazy\" decoding=\"async\" class=\"alignnone size-medium wp-image-5303\" src=\"http:\/\/blog.meineigenerweg.de\/wp-content\/uploads\/2018\/09\/DSC_7444_k-300x200.jpg\" alt=\"\" width=\"300\" height=\"200\" srcset=\"http:\/\/blog.meineigenerweg.de\/wp-content\/uploads\/2018\/09\/DSC_7444_k-300x200.jpg 300w, http:\/\/blog.meineigenerweg.de\/wp-content\/uploads\/2018\/09\/DSC_7444_k-768x512.jpg 768w, http:\/\/blog.meineigenerweg.de\/wp-content\/uploads\/2018\/09\/DSC_7444_k.jpg 1000w\" sizes=\"auto, (max-width: 300px) 100vw, 300px\" \/><\/a> <a href=\"http:\/\/blog.meineigenerweg.de\/wp-content\/uploads\/2018\/09\/DSC_7446_k.jpg\"><img loading=\"lazy\" decoding=\"async\" class=\"alignnone size-medium wp-image-5304\" src=\"http:\/\/blog.meineigenerweg.de\/wp-content\/uploads\/2018\/09\/DSC_7446_k-300x200.jpg\" alt=\"\" width=\"300\" height=\"200\" srcset=\"http:\/\/blog.meineigenerweg.de\/wp-content\/uploads\/2018\/09\/DSC_7446_k-300x200.jpg 300w, http:\/\/blog.meineigenerweg.de\/wp-content\/uploads\/2018\/09\/DSC_7446_k-768x512.jpg 768w, http:\/\/blog.meineigenerweg.de\/wp-content\/uploads\/2018\/09\/DSC_7446_k.jpg 1000w\" sizes=\"auto, (max-width: 300px) 100vw, 300px\" \/><\/a><\/p>\n<p>Der Friedenspalast gibt Den Haag die Grundlage f\u00fcr den Status als internationale Stadt des Friedens. Hier tagt der Internationale Gerichtshof und das st\u00e4ndige Schiedsgericht, das Streitigkeiten friedlich durch Schiedsverfahren regelt.<br \/>\n<a href=\"http:\/\/blog.meineigenerweg.de\/wp-content\/uploads\/2018\/09\/DSC_7443_k.jpg\"><img loading=\"lazy\" decoding=\"async\" class=\"alignnone wp-image-5301\" src=\"http:\/\/blog.meineigenerweg.de\/wp-content\/uploads\/2018\/09\/DSC_7443_k-300x200.jpg\" alt=\"\" width=\"300\" height=\"200\" srcset=\"http:\/\/blog.meineigenerweg.de\/wp-content\/uploads\/2018\/09\/DSC_7443_k-300x200.jpg 300w, http:\/\/blog.meineigenerweg.de\/wp-content\/uploads\/2018\/09\/DSC_7443_k-768x512.jpg 768w, http:\/\/blog.meineigenerweg.de\/wp-content\/uploads\/2018\/09\/DSC_7443_k.jpg 1000w\" sizes=\"auto, (max-width: 300px) 100vw, 300px\" \/><\/a><br \/>\nim darin ebenfalls untergebrachten Museum kann man sich \u00fcber die Geschichte und Aufgaben des Gerichtshofs und des Schiedsgerichts informieren.<br \/>\n<a href=\"http:\/\/blog.meineigenerweg.de\/wp-content\/uploads\/2018\/09\/IMG_6528_k.jpg\"><img loading=\"lazy\" decoding=\"async\" class=\"alignnone size-medium wp-image-5302\" src=\"http:\/\/blog.meineigenerweg.de\/wp-content\/uploads\/2018\/09\/IMG_6528_k-300x200.jpg\" alt=\"\" width=\"300\" height=\"200\" srcset=\"http:\/\/blog.meineigenerweg.de\/wp-content\/uploads\/2018\/09\/IMG_6528_k-300x200.jpg 300w, http:\/\/blog.meineigenerweg.de\/wp-content\/uploads\/2018\/09\/IMG_6528_k-768x512.jpg 768w, http:\/\/blog.meineigenerweg.de\/wp-content\/uploads\/2018\/09\/IMG_6528_k.jpg 1000w\" sizes=\"auto, (max-width: 300px) 100vw, 300px\" \/><\/a><br \/>\nDavor steht der Baum der W\u00fcnsche, an den die Besucher ihre W\u00fcnsche f\u00fcr eine friedliche Welt h\u00e4ngen k\u00f6nnen.<br \/>\n<img loading=\"lazy\" decoding=\"async\" class=\"alignnone size-medium wp-image-5300\" src=\"http:\/\/blog.meineigenerweg.de\/wp-content\/uploads\/2018\/09\/DSC_7442_k-300x200.jpg\" alt=\"\" width=\"300\" height=\"200\" srcset=\"http:\/\/blog.meineigenerweg.de\/wp-content\/uploads\/2018\/09\/DSC_7442_k-300x200.jpg 300w, http:\/\/blog.meineigenerweg.de\/wp-content\/uploads\/2018\/09\/DSC_7442_k-768x512.jpg 768w, http:\/\/blog.meineigenerweg.de\/wp-content\/uploads\/2018\/09\/DSC_7442_k.jpg 1000w\" sizes=\"auto, (max-width: 300px) 100vw, 300px\" \/><\/p>\n<p>&nbsp;<\/p>\n<p>Durch Zufall und mit ganz viel Gl\u00fcck bin ich auf eine sehr originelle \u00dcbernachtungsm\u00f6glichkeit in Den Haag gesto\u00dfen. Ein kleines, sehr gem\u00fctliches Hausboot, das ganz in der N\u00e4he an einem ruhigen Flu\u00df vor Anker liegt. Mit Allem, was man ben\u00f6tigt, einer kleinen K\u00fcche, einer gem\u00fctlichen Sitzecke und Schlafm\u00f6glichkeiten f\u00fcr 4 Personen. An Land, direkt neben dem Boot, ist eine Terrasse und ein gepflegtes Dusch- und Toiletten-H\u00e4uschen. Ein tolles Erlebnis, bei sanft pl\u00e4tschernden Wellen einzuschlafen.<\/p>\n<p><a href=\"http:\/\/blog.meineigenerweg.de\/wp-content\/uploads\/2018\/09\/Den_Haag_17_07_018.jpg\"><img loading=\"lazy\" decoding=\"async\" class=\"alignnone size-medium wp-image-5297\" src=\"http:\/\/blog.meineigenerweg.de\/wp-content\/uploads\/2018\/09\/Den_Haag_17_07_018-300x200.jpg\" alt=\"\" width=\"300\" height=\"200\" srcset=\"http:\/\/blog.meineigenerweg.de\/wp-content\/uploads\/2018\/09\/Den_Haag_17_07_018-300x200.jpg 300w, http:\/\/blog.meineigenerweg.de\/wp-content\/uploads\/2018\/09\/Den_Haag_17_07_018-768x512.jpg 768w, http:\/\/blog.meineigenerweg.de\/wp-content\/uploads\/2018\/09\/Den_Haag_17_07_018.jpg 1000w\" sizes=\"auto, (max-width: 300px) 100vw, 300px\" \/><\/a> <a href=\"http:\/\/blog.meineigenerweg.de\/wp-content\/uploads\/2018\/09\/Den_Haag_17_07_019.jpg\"><img loading=\"lazy\" decoding=\"async\" class=\"alignnone size-medium wp-image-5298\" src=\"http:\/\/blog.meineigenerweg.de\/wp-content\/uploads\/2018\/09\/Den_Haag_17_07_019-300x200.jpg\" alt=\"\" width=\"300\" height=\"200\" srcset=\"http:\/\/blog.meineigenerweg.de\/wp-content\/uploads\/2018\/09\/Den_Haag_17_07_019-300x200.jpg 300w, http:\/\/blog.meineigenerweg.de\/wp-content\/uploads\/2018\/09\/Den_Haag_17_07_019-768x512.jpg 768w, http:\/\/blog.meineigenerweg.de\/wp-content\/uploads\/2018\/09\/Den_Haag_17_07_019.jpg 1000w\" sizes=\"auto, (max-width: 300px) 100vw, 300px\" \/><\/a><\/p>\n","protected":false},"excerpt":{"rendered":"<p>August 2018 Eine moderne Stadt, eine historische Stadt, Sitz der Regierung und des K\u00f6nigs, Sitz der UN und von Interpol, gesch\u00e4ftig, gem\u00fctlich, international. Von allem etwas, moderne Architektur in der City, mittelalterliche H\u00e4user in den Vierteln. Nie langweilig und immer abwechslungsreich. Gleichzeitig bin ich \u00fcberrascht von der Bescheidenheit, Zurschaustellung von<\/p>\n","protected":false},"author":1,"featured_media":5476,"parent":818,"menu_order":0,"comment_status":"closed","ping_status":"closed","template":"","meta":{"footnotes":""},"class_list":["post-5126","page","type-page","status-publish","has-post-thumbnail","hentry"],"_links":{"self":[{"href":"http:\/\/blog.meineigenerweg.de\/index.php?rest_route=\/wp\/v2\/pages\/5126","targetHints":{"allow":["GET"]}}],"collection":[{"href":"http:\/\/blog.meineigenerweg.de\/index.php?rest_route=\/wp\/v2\/pages"}],"about":[{"href":"http:\/\/blog.meineigenerweg.de\/index.php?rest_route=\/wp\/v2\/types\/page"}],"author":[{"embeddable":true,"href":"http:\/\/blog.meineigenerweg.de\/index.php?rest_route=\/wp\/v2\/users\/1"}],"replies":[{"embeddable":true,"href":"http:\/\/blog.meineigenerweg.de\/index.php?rest_route=%2Fwp%2Fv2%2Fcomments&post=5126"}],"version-history":[{"count":18,"href":"http:\/\/blog.meineigenerweg.de\/index.php?rest_route=\/wp\/v2\/pages\/5126\/revisions"}],"predecessor-version":[{"id":5473,"href":"http:\/\/blog.meineigenerweg.de\/index.php?rest_route=\/wp\/v2\/pages\/5126\/revisions\/5473"}],"up":[{"embeddable":true,"href":"http:\/\/blog.meineigenerweg.de\/index.php?rest_route=\/wp\/v2\/pages\/818"}],"wp:featuredmedia":[{"embeddable":true,"href":"http:\/\/blog.meineigenerweg.de\/index.php?rest_route=\/wp\/v2\/media\/5476"}],"wp:attachment":[{"href":"http:\/\/blog.meineigenerweg.de\/index.php?rest_route=%2Fwp%2Fv2%2Fmedia&parent=5126"}],"curies":[{"name":"wp","href":"https:\/\/api.w.org\/{rel}","templated":true}]}}