{"id":4880,"date":"2018-03-26T21:51:51","date_gmt":"2018-03-26T20:51:51","guid":{"rendered":"http:\/\/blog.meineigenerweg.de\/?page_id=4880"},"modified":"2018-03-26T22:04:52","modified_gmt":"2018-03-26T21:04:52","slug":"180312-kamperland","status":"publish","type":"page","link":"http:\/\/blog.meineigenerweg.de\/?page_id=4880","title":{"rendered":"Kamperland ***"},"content":{"rendered":"<p style=\"text-align: left;\">M\u00e4rz 2018<\/p>\n<p>Wer denkt, dass es im M\u00e4rz an der Nordsee kalt ist und st\u00fcrmisch und regnerisch und insgesamt ziemlich ungem\u00fctlich, hat absolut recht. Doch h\u00e4lt\u00a0mich das\u00a0davon ab, um diese Zeit hier Urlaub zu machen? Nat\u00fcrlich nicht!<\/p>\n<p>Ich habe mich darauf eingelassen, trotz des ungem\u00fctlichen Wetters hatte ich einen sehr entspannten Urlaub. Das lag an der gem\u00fctlichen Ferienwohnung direkt am Meer, an den Wanderungen am Strand entlang und durch die D\u00fcnen &#8211; warm eingepackt mit Schal, Handschuhen und dicker Regenjacke, an Fahrradtouren, als die Sonne sich an einem Tag am wolkenlosen Himmel zeigte und nicht zuletzt an dem leckeren Fisch, den es \u00fcberall zu essen gab.<\/p>\n<p><a href=\"http:\/\/blog.meineigenerweg.de\/wp-content\/uploads\/2018\/03\/DSC_5750_x.jpg\"><img loading=\"lazy\" decoding=\"async\" class=\"alignnone size-medium wp-image-4895\" src=\"http:\/\/blog.meineigenerweg.de\/wp-content\/uploads\/2018\/03\/DSC_5750_x-300x200.jpg\" alt=\"\" width=\"300\" height=\"200\" srcset=\"http:\/\/blog.meineigenerweg.de\/wp-content\/uploads\/2018\/03\/DSC_5750_x-300x200.jpg 300w, http:\/\/blog.meineigenerweg.de\/wp-content\/uploads\/2018\/03\/DSC_5750_x-768x512.jpg 768w, http:\/\/blog.meineigenerweg.de\/wp-content\/uploads\/2018\/03\/DSC_5750_x.jpg 1000w\" sizes=\"auto, (max-width: 300px) 100vw, 300px\" \/><\/a> <a href=\"http:\/\/blog.meineigenerweg.de\/wp-content\/uploads\/2018\/03\/IMG_5820_x.jpg\"><img loading=\"lazy\" decoding=\"async\" class=\"alignnone size-medium wp-image-4897\" src=\"http:\/\/blog.meineigenerweg.de\/wp-content\/uploads\/2018\/03\/IMG_5820_x-300x200.jpg\" alt=\"\" width=\"300\" height=\"200\" srcset=\"http:\/\/blog.meineigenerweg.de\/wp-content\/uploads\/2018\/03\/IMG_5820_x-300x200.jpg 300w, http:\/\/blog.meineigenerweg.de\/wp-content\/uploads\/2018\/03\/IMG_5820_x-768x512.jpg 768w, http:\/\/blog.meineigenerweg.de\/wp-content\/uploads\/2018\/03\/IMG_5820_x.jpg 1000w\" sizes=\"auto, (max-width: 300px) 100vw, 300px\" \/><\/a> <a href=\"http:\/\/blog.meineigenerweg.de\/wp-content\/uploads\/2018\/03\/IMG_5817_x.jpg\"><img loading=\"lazy\" decoding=\"async\" class=\"alignnone size-medium wp-image-4896\" src=\"http:\/\/blog.meineigenerweg.de\/wp-content\/uploads\/2018\/03\/IMG_5817_x-300x200.jpg\" alt=\"\" width=\"300\" height=\"200\" srcset=\"http:\/\/blog.meineigenerweg.de\/wp-content\/uploads\/2018\/03\/IMG_5817_x-300x200.jpg 300w, http:\/\/blog.meineigenerweg.de\/wp-content\/uploads\/2018\/03\/IMG_5817_x-768x512.jpg 768w, http:\/\/blog.meineigenerweg.de\/wp-content\/uploads\/2018\/03\/IMG_5817_x.jpg 1000w\" sizes=\"auto, (max-width: 300px) 100vw, 300px\" \/><\/a>\u00a0<a href=\"http:\/\/blog.meineigenerweg.de\/wp-content\/uploads\/2018\/03\/DSC_5731_x.jpg\"><img loading=\"lazy\" decoding=\"async\" class=\"alignnone size-medium wp-image-4892\" src=\"http:\/\/blog.meineigenerweg.de\/wp-content\/uploads\/2018\/03\/DSC_5731_x-300x200.jpg\" alt=\"\" width=\"300\" height=\"200\" srcset=\"http:\/\/blog.meineigenerweg.de\/wp-content\/uploads\/2018\/03\/DSC_5731_x-300x200.jpg 300w, http:\/\/blog.meineigenerweg.de\/wp-content\/uploads\/2018\/03\/DSC_5731_x-768x512.jpg 768w, http:\/\/blog.meineigenerweg.de\/wp-content\/uploads\/2018\/03\/DSC_5731_x.jpg 1000w\" sizes=\"auto, (max-width: 300px) 100vw, 300px\" \/><\/a><\/p>\n<p><em>Meine Wertung: <span style=\"color: #ff0000;\">***<\/span>** sch\u00f6n (wenn man die richtige Kleidung hat)<\/em><br \/>\n<em>Kamperland<br \/>\nS\u00fcdholland<\/em><\/p>\n","protected":false},"excerpt":{"rendered":"<p>M\u00e4rz 2018 Wer denkt, dass es im M\u00e4rz an der Nordsee kalt ist und st\u00fcrmisch und regnerisch und insgesamt ziemlich ungem\u00fctlich, hat absolut recht. Doch h\u00e4lt\u00a0mich das\u00a0davon ab, um diese Zeit hier Urlaub zu machen? Nat\u00fcrlich nicht! Ich habe mich darauf eingelassen, trotz des ungem\u00fctlichen Wetters hatte ich einen sehr<\/p>\n","protected":false},"author":1,"featured_media":0,"parent":818,"menu_order":0,"comment_status":"closed","ping_status":"closed","template":"","meta":{"footnotes":""},"class_list":["post-4880","page","type-page","status-publish","hentry"],"_links":{"self":[{"href":"http:\/\/blog.meineigenerweg.de\/index.php?rest_route=\/wp\/v2\/pages\/4880","targetHints":{"allow":["GET"]}}],"collection":[{"href":"http:\/\/blog.meineigenerweg.de\/index.php?rest_route=\/wp\/v2\/pages"}],"about":[{"href":"http:\/\/blog.meineigenerweg.de\/index.php?rest_route=\/wp\/v2\/types\/page"}],"author":[{"embeddable":true,"href":"http:\/\/blog.meineigenerweg.de\/index.php?rest_route=\/wp\/v2\/users\/1"}],"replies":[{"embeddable":true,"href":"http:\/\/blog.meineigenerweg.de\/index.php?rest_route=%2Fwp%2Fv2%2Fcomments&post=4880"}],"version-history":[{"count":16,"href":"http:\/\/blog.meineigenerweg.de\/index.php?rest_route=\/wp\/v2\/pages\/4880\/revisions"}],"predecessor-version":[{"id":4908,"href":"http:\/\/blog.meineigenerweg.de\/index.php?rest_route=\/wp\/v2\/pages\/4880\/revisions\/4908"}],"up":[{"embeddable":true,"href":"http:\/\/blog.meineigenerweg.de\/index.php?rest_route=\/wp\/v2\/pages\/818"}],"wp:attachment":[{"href":"http:\/\/blog.meineigenerweg.de\/index.php?rest_route=%2Fwp%2Fv2%2Fmedia&parent=4880"}],"curies":[{"name":"wp","href":"https:\/\/api.w.org\/{rel}","templated":true}]}}