{"id":4846,"date":"2018-03-11T14:09:22","date_gmt":"2018-03-11T13:09:22","guid":{"rendered":"http:\/\/blog.meineigenerweg.de\/?page_id=4846"},"modified":"2018-03-11T14:46:21","modified_gmt":"2018-03-11T13:46:21","slug":"essen-phaenomania","status":"publish","type":"page","link":"http:\/\/blog.meineigenerweg.de\/?page_id=4846","title":{"rendered":"Essen &#8211; Ph\u00e4nomania **"},"content":{"rendered":"<p>20.02.2018<\/p>\n<p>&#8230; und pl\u00f6tzlich stand ich inmitten eines Gewusels von l\u00e4rmenden und umeinander laufender Grundsch\u00fcler. Da h\u00e4tten vor ein paar Jahren auch meine Kinder dabei sein k\u00f6nnen. Am\u00fcsiert schaute ich mich um und sah eine \u00a0verwaiste kleine Theke; im Hintergrund standen zwei Mitarbeiter in roten T-Shirts mit einem <span style=\"color: #0000ff;\"><a href=\"https:\/\/www.erfahrungsfeld.de\" target=\"_blank\" rel=\"noopener\"><span style=\"color: #0000ff;\"><span style=\"text-decoration: underline;\">Ph\u00e4nomania<\/span><\/span><\/a><\/span>-Aufdruck und schauten unbeeindruckt auf die Kinderschar. So ein Durcheinander schien f\u00fcr sie ganz normal zu sein. Ich schob mich, in der Hoffnung nicht umgerannt zu werden, zur Theke und freute mich \u00fcber die freundliche Begr\u00fc\u00dfung. Ich bekam mein Ticket, ging in den ersten Ausstellungsraum und schaute mich neugierig um. Ganz eindeutig war das einmal eine Zeche, denn vor mir stand eine riesige Turbine, um die herum einige \u00a0Ausstellungsst\u00fccke angeordnet waren. Ohne dass ich es bemerkt hatte, stand pl\u00f6tzlich ein Mitarbeiter der P\u00e4nomania in seinem roten T-Shirt neben mir und sprach mich an. Er wies mich auf ein besonderes \u00a0Ausstellungsst\u00fcck, zwei gebogene Plastikteile hin. Ehe ich mich versah, waren wir in einer angeregten und am\u00fcsanten Diskussion \u00fcber Wahrnehmung und Illusion, \u00fcber Realit\u00e4t und Unwirklichkeit. Und w\u00e4hrend wir uns noch unterhielten, wurde es um mich herum merklich ruhiger, die Kinder hatten genug gesehen und waren mit ihren Lehrern wieder auf dem Heimweg. Jetzt konnte ich mich in Ruhe umsehen. Es gab viele Experimente, die man anfassen und ausprobieren konnte, optische, akustische, sensorische und mechanische. Die Zielgruppe der Ausstellung sind eindeutig Kinder, aber es machte Spa\u00df, sich auf die vielen Spielereien einzulassen.<\/p>\n<p>Dann wandte ich mich dem Hauptzweck meines Besuchs zu, ich wollte den kleinen F\u00f6rderturm der ehemaligen <span style=\"color: #0000ff;\"><a href=\"http:\/\/www.route-industriekultur.ruhr\/themenrouten\/17-rheinische-bergbauroute\/zeche-zollverein-schacht-3710.html\" target=\"_blank\" rel=\"noopener\"><span style=\"color: #0000ff;\"><span style=\"text-decoration: underline;\">Schachtanlage Zollverein 3\/7\/10<\/span><\/span><\/a><\/span> erklimmen.<\/p>\n<p><a href=\"http:\/\/blog.meineigenerweg.de\/wp-content\/uploads\/2018\/03\/DSC_5660_x.jpg\"><img loading=\"lazy\" decoding=\"async\" class=\"alignnone size-medium wp-image-4852\" src=\"http:\/\/blog.meineigenerweg.de\/wp-content\/uploads\/2018\/03\/DSC_5660_x-200x300.jpg\" alt=\"\" width=\"200\" height=\"300\" srcset=\"http:\/\/blog.meineigenerweg.de\/wp-content\/uploads\/2018\/03\/DSC_5660_x-200x300.jpg 200w, http:\/\/blog.meineigenerweg.de\/wp-content\/uploads\/2018\/03\/DSC_5660_x.jpg 667w\" sizes=\"auto, (max-width: 200px) 100vw, 200px\" \/><\/a><\/p>\n<p>Der Aufstieg \u00fcber die luftige Stahltreppe<\/p>\n<p><a href=\"http:\/\/blog.meineigenerweg.de\/wp-content\/uploads\/2018\/03\/DSC_5646_x.jpg\"><img loading=\"lazy\" decoding=\"async\" class=\"alignnone size-medium wp-image-4855\" src=\"http:\/\/blog.meineigenerweg.de\/wp-content\/uploads\/2018\/03\/DSC_5646_x-300x200.jpg\" alt=\"\" width=\"300\" height=\"200\" srcset=\"http:\/\/blog.meineigenerweg.de\/wp-content\/uploads\/2018\/03\/DSC_5646_x-300x200.jpg 300w, http:\/\/blog.meineigenerweg.de\/wp-content\/uploads\/2018\/03\/DSC_5646_x-768x512.jpg 768w, http:\/\/blog.meineigenerweg.de\/wp-content\/uploads\/2018\/03\/DSC_5646_x.jpg 1000w\" sizes=\"auto, (max-width: 300px) 100vw, 300px\" \/><\/a><\/p>\n<p>wird von einem sch\u00f6nen Ausblick \u00fcber das Ruhrgebiet belohnt (leider etwas diesig).<\/p>\n<p><a href=\"http:\/\/blog.meineigenerweg.de\/wp-content\/uploads\/2018\/03\/DSC_5651_x.jpg\"><img loading=\"lazy\" decoding=\"async\" class=\"alignnone size-medium wp-image-4867\" src=\"http:\/\/blog.meineigenerweg.de\/wp-content\/uploads\/2018\/03\/DSC_5651_x-300x200.jpg\" alt=\"\" width=\"300\" height=\"200\" srcset=\"http:\/\/blog.meineigenerweg.de\/wp-content\/uploads\/2018\/03\/DSC_5651_x-300x200.jpg 300w, http:\/\/blog.meineigenerweg.de\/wp-content\/uploads\/2018\/03\/DSC_5651_x-768x512.jpg 768w, http:\/\/blog.meineigenerweg.de\/wp-content\/uploads\/2018\/03\/DSC_5651_x.jpg 1000w\" sizes=\"auto, (max-width: 300px) 100vw, 300px\" \/><\/a><\/p>\n<p>Blick auf Gelsenkirchen mit dem Hamburg-Mannheimer-Hochhaus und dem Maritim-Hotel.<\/p>\n<p><a href=\"http:\/\/blog.meineigenerweg.de\/wp-content\/uploads\/2018\/03\/DSC_5650_x.jpg\"><img loading=\"lazy\" decoding=\"async\" class=\"alignnone size-medium wp-image-4856\" src=\"http:\/\/blog.meineigenerweg.de\/wp-content\/uploads\/2018\/03\/DSC_5650_x-300x200.jpg\" alt=\"\" width=\"300\" height=\"200\" srcset=\"http:\/\/blog.meineigenerweg.de\/wp-content\/uploads\/2018\/03\/DSC_5650_x-300x200.jpg 300w, http:\/\/blog.meineigenerweg.de\/wp-content\/uploads\/2018\/03\/DSC_5650_x-768x512.jpg 768w, http:\/\/blog.meineigenerweg.de\/wp-content\/uploads\/2018\/03\/DSC_5650_x.jpg 1000w\" sizes=\"auto, (max-width: 300px) 100vw, 300px\" \/><\/a><\/p>\n<p>In die andere Richtung Essen mit der <span style=\"color: #0000ff;\"><a href=\"http:\/\/www.zollverein.de\" target=\"_blank\" rel=\"noopener\"><span style=\"color: #0000ff;\"><span style=\"text-decoration: underline;\">Zeche Zollverein<\/span><\/span><\/a><\/span> und dem <span style=\"color: #0000ff;\"><a href=\"https:\/\/de.wikipedia.org\/wiki\/SANAA-Geb\u00e4ude\" target=\"_blank\" rel=\"noopener\"><span style=\"color: #0000ff;\"><span style=\"text-decoration: underline;\">Sanaa-Kubus<\/span><\/span><\/a><\/span>.<\/p>\n<p><a href=\"http:\/\/blog.meineigenerweg.de\/wp-content\/uploads\/2018\/03\/DSC_5653_x.jpg\"><img loading=\"lazy\" decoding=\"async\" class=\"alignnone size-medium wp-image-4858\" src=\"http:\/\/blog.meineigenerweg.de\/wp-content\/uploads\/2018\/03\/DSC_5653_x-300x200.jpg\" alt=\"\" width=\"300\" height=\"200\" srcset=\"http:\/\/blog.meineigenerweg.de\/wp-content\/uploads\/2018\/03\/DSC_5653_x-300x200.jpg 300w, http:\/\/blog.meineigenerweg.de\/wp-content\/uploads\/2018\/03\/DSC_5653_x-768x512.jpg 768w, http:\/\/blog.meineigenerweg.de\/wp-content\/uploads\/2018\/03\/DSC_5653_x.jpg 1000w\" sizes=\"auto, (max-width: 300px) 100vw, 300px\" \/><\/a><\/p>\n<p><em>Meine Wertung: <span style=\"color: #ff0000;\">**<\/span>*** nett<\/em><br \/>\n<em>Ph\u00e4nomania Erfahrungsfeld<\/em><br \/>\n<em> Am Handwerkerpark 8 \u2013 10<\/em><br \/>\n<em> 45309 Essen<\/em><\/p>\n","protected":false},"excerpt":{"rendered":"<p>20.02.2018 &#8230; und pl\u00f6tzlich stand ich inmitten eines Gewusels von l\u00e4rmenden und umeinander laufender Grundsch\u00fcler. Da h\u00e4tten vor ein paar Jahren auch meine Kinder dabei sein k\u00f6nnen. Am\u00fcsiert schaute ich mich um und sah eine \u00a0verwaiste kleine Theke; im Hintergrund standen zwei Mitarbeiter in roten T-Shirts mit einem Ph\u00e4nomania-Aufdruck und<\/p>\n","protected":false},"author":1,"featured_media":4869,"parent":1809,"menu_order":0,"comment_status":"closed","ping_status":"closed","template":"","meta":{"footnotes":""},"class_list":["post-4846","page","type-page","status-publish","has-post-thumbnail","hentry"],"_links":{"self":[{"href":"http:\/\/blog.meineigenerweg.de\/index.php?rest_route=\/wp\/v2\/pages\/4846","targetHints":{"allow":["GET"]}}],"collection":[{"href":"http:\/\/blog.meineigenerweg.de\/index.php?rest_route=\/wp\/v2\/pages"}],"about":[{"href":"http:\/\/blog.meineigenerweg.de\/index.php?rest_route=\/wp\/v2\/types\/page"}],"author":[{"embeddable":true,"href":"http:\/\/blog.meineigenerweg.de\/index.php?rest_route=\/wp\/v2\/users\/1"}],"replies":[{"embeddable":true,"href":"http:\/\/blog.meineigenerweg.de\/index.php?rest_route=%2Fwp%2Fv2%2Fcomments&post=4846"}],"version-history":[{"count":22,"href":"http:\/\/blog.meineigenerweg.de\/index.php?rest_route=\/wp\/v2\/pages\/4846\/revisions"}],"predecessor-version":[{"id":4878,"href":"http:\/\/blog.meineigenerweg.de\/index.php?rest_route=\/wp\/v2\/pages\/4846\/revisions\/4878"}],"up":[{"embeddable":true,"href":"http:\/\/blog.meineigenerweg.de\/index.php?rest_route=\/wp\/v2\/pages\/1809"}],"wp:featuredmedia":[{"embeddable":true,"href":"http:\/\/blog.meineigenerweg.de\/index.php?rest_route=\/wp\/v2\/media\/4869"}],"wp:attachment":[{"href":"http:\/\/blog.meineigenerweg.de\/index.php?rest_route=%2Fwp%2Fv2%2Fmedia&parent=4846"}],"curies":[{"name":"wp","href":"https:\/\/api.w.org\/{rel}","templated":true}]}}