{"id":4697,"date":"2017-11-20T19:08:27","date_gmt":"2017-11-20T18:08:27","guid":{"rendered":"http:\/\/blog.meineigenerweg.de\/?page_id=4697"},"modified":"2017-11-20T19:12:54","modified_gmt":"2017-11-20T18:12:54","slug":"171026-feldberg-im-schwarzwald","status":"publish","type":"page","link":"http:\/\/blog.meineigenerweg.de\/?page_id=4697","title":{"rendered":"Feldberg im Schwarzwald ***"},"content":{"rendered":"<p>26.10.2017<\/p>\n<p>Der <span style=\"color: #0000ff;\"><a href=\"https:\/\/de.wikipedia.org\/wiki\/Feldberg_(Berg_im_Schwarzwald)\" target=\"_blank\" rel=\"noopener\"><span style=\"color: #0000ff;\"><span style=\"text-decoration: underline;\">Feldberg<\/span><\/span><\/a><\/span>\u00a0in der N\u00e4he von Freiburg und ist mit 1493 mtr der h\u00f6chste Berg im Schwarzwald. Wenn man keine Gelegenheit hat, in die Alpen zu fahren, kann man sie von hier aus (bei guter Sicht) zum Greifen nah sehen. Das letzte Mal war ich vor 40 Jahren hier, damals lebte ich in Freiburg. Der Feldberg war ein beliebtes Ausflugsziel, im Sommer gerne zum Wandern und im Winter gerne zum Skifahren.<\/p>\n<p>Seid dem hat sich einiges ge\u00e4ndert: Auf dem Gipfel wurden mehrere Hotels und ein gro\u00dfes Parkhaus gebaut, so hat man sich auf den wachsenden Tourismus eingestellt.<br \/>\n<a href=\"http:\/\/blog.meineigenerweg.de\/wp-content\/uploads\/2017\/11\/Feldberg_17_10_002-Copy.jpg\"><img loading=\"lazy\" decoding=\"async\" class=\"alignnone size-medium wp-image-4699\" src=\"http:\/\/blog.meineigenerweg.de\/wp-content\/uploads\/2017\/11\/Feldberg_17_10_002-Copy-300x200.jpg\" alt=\"\" width=\"300\" height=\"200\" srcset=\"http:\/\/blog.meineigenerweg.de\/wp-content\/uploads\/2017\/11\/Feldberg_17_10_002-Copy-300x200.jpg 300w, http:\/\/blog.meineigenerweg.de\/wp-content\/uploads\/2017\/11\/Feldberg_17_10_002-Copy-768x512.jpg 768w, http:\/\/blog.meineigenerweg.de\/wp-content\/uploads\/2017\/11\/Feldberg_17_10_002-Copy.jpg 1000w\" sizes=\"auto, (max-width: 300px) 100vw, 300px\" \/><\/a>\u00a0<a href=\"http:\/\/blog.meineigenerweg.de\/wp-content\/uploads\/2017\/11\/Feldberg_17_10_026-Copy.jpg\"><img loading=\"lazy\" decoding=\"async\" class=\"alignnone size-medium wp-image-4704\" src=\"http:\/\/blog.meineigenerweg.de\/wp-content\/uploads\/2017\/11\/Feldberg_17_10_026-Copy-300x200.jpg\" alt=\"\" width=\"300\" height=\"200\" srcset=\"http:\/\/blog.meineigenerweg.de\/wp-content\/uploads\/2017\/11\/Feldberg_17_10_026-Copy-300x200.jpg 300w, http:\/\/blog.meineigenerweg.de\/wp-content\/uploads\/2017\/11\/Feldberg_17_10_026-Copy-768x512.jpg 768w, http:\/\/blog.meineigenerweg.de\/wp-content\/uploads\/2017\/11\/Feldberg_17_10_026-Copy.jpg 1000w\" sizes=\"auto, (max-width: 300px) 100vw, 300px\" \/><\/a><\/p>\n<p>Auch nicht sportliche Touristen k\u00f6nnen die Besteigung ganz bequem angehen: die Seilbahn f\u00e4hrt sommers wie winters bis zum Turm auf 1448 mtr hinauf und die Turmbesteigung wird durch einen Fahrstuhl (immerhin sind es 11 Etagen) vereinfacht.<br \/>\n<a href=\"http:\/\/blog.meineigenerweg.de\/wp-content\/uploads\/2017\/11\/Feldberg_17_10_006-Copy.jpg\"><img loading=\"lazy\" decoding=\"async\" class=\"alignnone size-medium wp-image-4700\" src=\"http:\/\/blog.meineigenerweg.de\/wp-content\/uploads\/2017\/11\/Feldberg_17_10_006-Copy-300x200.jpg\" alt=\"\" width=\"300\" height=\"200\" srcset=\"http:\/\/blog.meineigenerweg.de\/wp-content\/uploads\/2017\/11\/Feldberg_17_10_006-Copy-300x200.jpg 300w, http:\/\/blog.meineigenerweg.de\/wp-content\/uploads\/2017\/11\/Feldberg_17_10_006-Copy-768x512.jpg 768w, http:\/\/blog.meineigenerweg.de\/wp-content\/uploads\/2017\/11\/Feldberg_17_10_006-Copy.jpg 1000w\" sizes=\"auto, (max-width: 300px) 100vw, 300px\" \/><\/a><\/p>\n<p><span style=\"font-size: 0.95em;\">Knapp unterhalb des Gipfels liegt der Feldsee.\u00a0<\/span><a style=\"font-size: 0.95em;\" href=\"http:\/\/blog.meineigenerweg.de\/wp-content\/uploads\/2017\/11\/Feldberg_17_10_007-Copy.jpg\"><br \/>\n<img loading=\"lazy\" decoding=\"async\" class=\"alignnone size-medium wp-image-4701\" src=\"http:\/\/blog.meineigenerweg.de\/wp-content\/uploads\/2017\/11\/Feldberg_17_10_007-Copy-300x200.jpg\" alt=\"\" width=\"300\" height=\"200\" srcset=\"http:\/\/blog.meineigenerweg.de\/wp-content\/uploads\/2017\/11\/Feldberg_17_10_007-Copy-300x200.jpg 300w, http:\/\/blog.meineigenerweg.de\/wp-content\/uploads\/2017\/11\/Feldberg_17_10_007-Copy-768x512.jpg 768w, http:\/\/blog.meineigenerweg.de\/wp-content\/uploads\/2017\/11\/Feldberg_17_10_007-Copy.jpg 1000w\" sizes=\"auto, (max-width: 300px) 100vw, 300px\" \/><\/a><\/p>\n<p>Wer zum eigentlichen Feldberggipfel auf 1493 mtr H\u00f6he m\u00f6chte, muss jedoch noch ein paar Schritte laufen. Der Weg lohnt sich, dort gibt es noch urige Einkehrm\u00f6glichkeiten!<br \/>\n<a href=\"http:\/\/blog.meineigenerweg.de\/wp-content\/uploads\/2017\/11\/Feldberg_17_10_015-Copy.jpg\"><img loading=\"lazy\" decoding=\"async\" class=\"alignnone size-medium wp-image-4713\" src=\"http:\/\/blog.meineigenerweg.de\/wp-content\/uploads\/2017\/11\/Feldberg_17_10_015-Copy-300x200.jpg\" alt=\"\" width=\"300\" height=\"200\" srcset=\"http:\/\/blog.meineigenerweg.de\/wp-content\/uploads\/2017\/11\/Feldberg_17_10_015-Copy-300x200.jpg 300w, http:\/\/blog.meineigenerweg.de\/wp-content\/uploads\/2017\/11\/Feldberg_17_10_015-Copy-768x512.jpg 768w, http:\/\/blog.meineigenerweg.de\/wp-content\/uploads\/2017\/11\/Feldberg_17_10_015-Copy.jpg 1000w\" sizes=\"auto, (max-width: 300px) 100vw, 300px\" \/><\/a><\/p>\n<p>Die Belohnung f\u00fcr die Turmbesteigung ist eine uneingeschr\u00e4nkten Fernsicht in alle Himmelsrichtungen. In nord\u00f6stliche Richtung kann man den nahegelegenen Titisee und s\u00fcd\u00f6stlich den Schluchsee sehen.<br \/>\n<a href=\"http:\/\/blog.meineigenerweg.de\/wp-content\/uploads\/2017\/11\/Feldberg_17_10_024-Copy.jpg\"><img loading=\"lazy\" decoding=\"async\" class=\"alignnone size-medium wp-image-4703\" src=\"http:\/\/blog.meineigenerweg.de\/wp-content\/uploads\/2017\/11\/Feldberg_17_10_024-Copy-300x200.jpg\" alt=\"\" width=\"300\" height=\"200\" srcset=\"http:\/\/blog.meineigenerweg.de\/wp-content\/uploads\/2017\/11\/Feldberg_17_10_024-Copy-300x200.jpg 300w, http:\/\/blog.meineigenerweg.de\/wp-content\/uploads\/2017\/11\/Feldberg_17_10_024-Copy-768x512.jpg 768w, http:\/\/blog.meineigenerweg.de\/wp-content\/uploads\/2017\/11\/Feldberg_17_10_024-Copy.jpg 1000w\" sizes=\"auto, (max-width: 300px) 100vw, 300px\" \/><\/a>\u00a0<a href=\"http:\/\/blog.meineigenerweg.de\/wp-content\/uploads\/2017\/11\/Feldberg_17_10_041-Copy.jpg\"><img loading=\"lazy\" decoding=\"async\" class=\"alignnone size-medium wp-image-4705\" src=\"http:\/\/blog.meineigenerweg.de\/wp-content\/uploads\/2017\/11\/Feldberg_17_10_041-Copy-300x200.jpg\" alt=\"\" width=\"300\" height=\"200\" srcset=\"http:\/\/blog.meineigenerweg.de\/wp-content\/uploads\/2017\/11\/Feldberg_17_10_041-Copy-300x200.jpg 300w, http:\/\/blog.meineigenerweg.de\/wp-content\/uploads\/2017\/11\/Feldberg_17_10_041-Copy-768x512.jpg 768w, http:\/\/blog.meineigenerweg.de\/wp-content\/uploads\/2017\/11\/Feldberg_17_10_041-Copy.jpg 1000w\" sizes=\"auto, (max-width: 300px) 100vw, 300px\" \/><\/a><\/p>\n<p>In nordwestlicher Richtung reicht der Blick bis zum Schauinsland.<br \/>\n<a href=\"http:\/\/blog.meineigenerweg.de\/wp-content\/uploads\/2017\/11\/Feldberg_17_10_045-Copy.jpg\"><img loading=\"lazy\" decoding=\"async\" class=\"alignnone size-medium wp-image-4706\" src=\"http:\/\/blog.meineigenerweg.de\/wp-content\/uploads\/2017\/11\/Feldberg_17_10_045-Copy-300x200.jpg\" alt=\"\" width=\"300\" height=\"200\" srcset=\"http:\/\/blog.meineigenerweg.de\/wp-content\/uploads\/2017\/11\/Feldberg_17_10_045-Copy-300x200.jpg 300w, http:\/\/blog.meineigenerweg.de\/wp-content\/uploads\/2017\/11\/Feldberg_17_10_045-Copy-768x512.jpg 768w, http:\/\/blog.meineigenerweg.de\/wp-content\/uploads\/2017\/11\/Feldberg_17_10_045-Copy.jpg 1000w\" sizes=\"auto, (max-width: 300px) 100vw, 300px\" \/><\/a><\/p>\n<p>Aber das Sch\u00f6nste, und deswegen bin ich eigentlich hier, ist der Blick auf das Alpenpanorama von der Zugspitze bis zum Matterhorn.<br \/>\n<a href=\"http:\/\/blog.meineigenerweg.de\/wp-content\/uploads\/2017\/11\/Feldberg_17_10_020-Copy.jpg\"><img loading=\"lazy\" decoding=\"async\" class=\"alignnone size-medium wp-image-4702\" src=\"http:\/\/blog.meineigenerweg.de\/wp-content\/uploads\/2017\/11\/Feldberg_17_10_020-Copy-300x200.jpg\" alt=\"\" width=\"300\" height=\"200\" srcset=\"http:\/\/blog.meineigenerweg.de\/wp-content\/uploads\/2017\/11\/Feldberg_17_10_020-Copy-300x200.jpg 300w, http:\/\/blog.meineigenerweg.de\/wp-content\/uploads\/2017\/11\/Feldberg_17_10_020-Copy-768x512.jpg 768w, http:\/\/blog.meineigenerweg.de\/wp-content\/uploads\/2017\/11\/Feldberg_17_10_020-Copy.jpg 1000w\" sizes=\"auto, (max-width: 300px) 100vw, 300px\" \/><\/a><\/p>\n<p>Meine Wertung: <span style=\"color: #ff0000;\">***<\/span>** bei gutem Wetter und klarer Sicht ein sch\u00f6ner Ausflug<br \/>\n79868 Feldberg im Schwarzwald<\/p>\n","protected":false},"excerpt":{"rendered":"<p>26.10.2017 Der Feldberg\u00a0in der N\u00e4he von Freiburg und ist mit 1493 mtr der h\u00f6chste Berg im Schwarzwald. Wenn man keine Gelegenheit hat, in die Alpen zu fahren, kann man sie von hier aus (bei guter Sicht) zum Greifen nah sehen. Das letzte Mal war ich vor 40 Jahren hier, damals<\/p>\n","protected":false},"author":1,"featured_media":4815,"parent":3419,"menu_order":0,"comment_status":"closed","ping_status":"closed","template":"","meta":{"footnotes":""},"class_list":["post-4697","page","type-page","status-publish","has-post-thumbnail","hentry"],"_links":{"self":[{"href":"http:\/\/blog.meineigenerweg.de\/index.php?rest_route=\/wp\/v2\/pages\/4697","targetHints":{"allow":["GET"]}}],"collection":[{"href":"http:\/\/blog.meineigenerweg.de\/index.php?rest_route=\/wp\/v2\/pages"}],"about":[{"href":"http:\/\/blog.meineigenerweg.de\/index.php?rest_route=\/wp\/v2\/types\/page"}],"author":[{"embeddable":true,"href":"http:\/\/blog.meineigenerweg.de\/index.php?rest_route=\/wp\/v2\/users\/1"}],"replies":[{"embeddable":true,"href":"http:\/\/blog.meineigenerweg.de\/index.php?rest_route=%2Fwp%2Fv2%2Fcomments&post=4697"}],"version-history":[{"count":15,"href":"http:\/\/blog.meineigenerweg.de\/index.php?rest_route=\/wp\/v2\/pages\/4697\/revisions"}],"predecessor-version":[{"id":4819,"href":"http:\/\/blog.meineigenerweg.de\/index.php?rest_route=\/wp\/v2\/pages\/4697\/revisions\/4819"}],"up":[{"embeddable":true,"href":"http:\/\/blog.meineigenerweg.de\/index.php?rest_route=\/wp\/v2\/pages\/3419"}],"wp:featuredmedia":[{"embeddable":true,"href":"http:\/\/blog.meineigenerweg.de\/index.php?rest_route=\/wp\/v2\/media\/4815"}],"wp:attachment":[{"href":"http:\/\/blog.meineigenerweg.de\/index.php?rest_route=%2Fwp%2Fv2%2Fmedia&parent=4697"}],"curies":[{"name":"wp","href":"https:\/\/api.w.org\/{rel}","templated":true}]}}