{"id":4361,"date":"2016-05-24T07:57:50","date_gmt":"2016-05-24T06:57:50","guid":{"rendered":"http:\/\/blog.meineigenerweg.de\/?page_id=4361"},"modified":"2016-05-24T07:57:50","modified_gmt":"2016-05-24T06:57:50","slug":"gelsenkirchen-schalker-verein","status":"publish","type":"page","link":"http:\/\/blog.meineigenerweg.de\/?page_id=4361","title":{"rendered":"Gelsenkirchen &#8211; Schalker Verein ****"},"content":{"rendered":"<p>18.05.2016<\/p>\n<p>Auch wenn es so klingen mag, es hat nichts mit Fu\u00dfball zu tun. Der <span style=\"color: #0000ff;\"><a href=\"https:\/\/www.ruhrgebiet-industriekultur.de\/schalker-verein.html\" target=\"_blank\"><span style=\"color: #0000ff;\"><span style=\"text-decoration: underline;\">Schalker Verein<\/span><\/span><\/a><\/span> wurde 1872 als H\u00fcttenwerk gegr\u00fcndet. In sechs Hoch\u00f6fen wurde aus Eisenerz Roheisen geschmolzen. In den achtziger Jahren wurden die Anlage nach und nach stillgelegt und mit der Explosion des letzten Hochofens kam dann das endg\u00fcltige Aus. Heute finden sich hier Wohn-, Gewerbe- und Erholungsgebiete. \u00dcbriggeblieben ist der 240 mtr lange Erzbunker und ein kleines Geb\u00e4ude, die ehemalige Energiezentrale.<\/p>\n<p>Der Erzbunker ist inzwischen zu einem &#8222;Solarbunker&#8220; umstrukturiert worden.<br \/>\n<a href=\"http:\/\/blog.meineigenerweg.de\/wp-content\/uploads\/2016\/05\/DSC_6785x-Copy.jpg\"><img loading=\"lazy\" decoding=\"async\" class=\"alignnone size-medium wp-image-4364\" src=\"http:\/\/blog.meineigenerweg.de\/wp-content\/uploads\/2016\/05\/DSC_6785x-Copy-300x200.jpg\" alt=\"DSC_6785x (Copy)\" width=\"300\" height=\"200\" srcset=\"http:\/\/blog.meineigenerweg.de\/wp-content\/uploads\/2016\/05\/DSC_6785x-Copy-300x200.jpg 300w, http:\/\/blog.meineigenerweg.de\/wp-content\/uploads\/2016\/05\/DSC_6785x-Copy-768x512.jpg 768w, http:\/\/blog.meineigenerweg.de\/wp-content\/uploads\/2016\/05\/DSC_6785x-Copy.jpg 1024w\" sizes=\"auto, (max-width: 300px) 100vw, 300px\" \/><\/a><\/p>\n<p>Die Energiezentrale,<br \/>\n<a href=\"http:\/\/blog.meineigenerweg.de\/wp-content\/uploads\/2016\/05\/DSC_6705x-Copy.jpg\"><img loading=\"lazy\" decoding=\"async\" class=\"alignnone size-medium wp-image-4386\" src=\"http:\/\/blog.meineigenerweg.de\/wp-content\/uploads\/2016\/05\/DSC_6705x-Copy-300x200.jpg\" alt=\"DSC_6705x (Copy)\" width=\"300\" height=\"200\" srcset=\"http:\/\/blog.meineigenerweg.de\/wp-content\/uploads\/2016\/05\/DSC_6705x-Copy-300x200.jpg 300w, http:\/\/blog.meineigenerweg.de\/wp-content\/uploads\/2016\/05\/DSC_6705x-Copy-768x512.jpg 768w, http:\/\/blog.meineigenerweg.de\/wp-content\/uploads\/2016\/05\/DSC_6705x-Copy.jpg 1024w\" sizes=\"auto, (max-width: 300px) 100vw, 300px\" \/><\/a><br \/>\nals einzelnes, gut verschlossenes und zugeschwei\u00dftes Geb\u00e4ude\u00a0stellt nat\u00fcrlich f\u00fcr jeden\u00a0Fotografen eine spannende Herausforderung dar, diesen Lost Place zu erkunden. Und\u00a0\ud83d\ude42 es gibt immer irgendwo einen verborgenen Zugang &#8230;<br \/>\n<a href=\"http:\/\/blog.meineigenerweg.de\/wp-content\/uploads\/2016\/05\/DSC_6708x-Copy.jpg\"><img loading=\"lazy\" decoding=\"async\" class=\"alignnone size-medium wp-image-4369\" src=\"http:\/\/blog.meineigenerweg.de\/wp-content\/uploads\/2016\/05\/DSC_6708x-Copy-300x200.jpg\" alt=\"DSC_6708x (Copy)\" width=\"300\" height=\"200\" srcset=\"http:\/\/blog.meineigenerweg.de\/wp-content\/uploads\/2016\/05\/DSC_6708x-Copy-300x200.jpg 300w, http:\/\/blog.meineigenerweg.de\/wp-content\/uploads\/2016\/05\/DSC_6708x-Copy-768x512.jpg 768w, http:\/\/blog.meineigenerweg.de\/wp-content\/uploads\/2016\/05\/DSC_6708x-Copy.jpg 1024w\" sizes=\"auto, (max-width: 300px) 100vw, 300px\" \/><\/a>\u00a0<a href=\"http:\/\/blog.meineigenerweg.de\/wp-content\/uploads\/2016\/05\/DSC_6753x-Copy.jpg\"><img loading=\"lazy\" decoding=\"async\" class=\"alignnone size-medium wp-image-4367\" src=\"http:\/\/blog.meineigenerweg.de\/wp-content\/uploads\/2016\/05\/DSC_6753x-Copy-300x200.jpg\" alt=\"DSC_6753x (Copy)\" width=\"300\" height=\"200\" srcset=\"http:\/\/blog.meineigenerweg.de\/wp-content\/uploads\/2016\/05\/DSC_6753x-Copy-300x200.jpg 300w, http:\/\/blog.meineigenerweg.de\/wp-content\/uploads\/2016\/05\/DSC_6753x-Copy-768x512.jpg 768w, http:\/\/blog.meineigenerweg.de\/wp-content\/uploads\/2016\/05\/DSC_6753x-Copy.jpg 1024w\" sizes=\"auto, (max-width: 300px) 100vw, 300px\" \/><\/a><br \/>\n<a href=\"http:\/\/blog.meineigenerweg.de\/wp-content\/uploads\/2016\/05\/DSC_6737x-Copy.jpg\"><img loading=\"lazy\" decoding=\"async\" class=\"alignnone size-medium wp-image-4374\" src=\"http:\/\/blog.meineigenerweg.de\/wp-content\/uploads\/2016\/05\/DSC_6737x-Copy-200x300.jpg\" alt=\"DSC_6737x (Copy)\" width=\"200\" height=\"300\" srcset=\"http:\/\/blog.meineigenerweg.de\/wp-content\/uploads\/2016\/05\/DSC_6737x-Copy-200x300.jpg 200w, http:\/\/blog.meineigenerweg.de\/wp-content\/uploads\/2016\/05\/DSC_6737x-Copy.jpg 683w\" sizes=\"auto, (max-width: 200px) 100vw, 200px\" \/><\/a><br \/>\nBei K\u00fcnstlern und anglophilen Schriftstellern ein beliebter Ort<br \/>\n<a href=\"http:\/\/blog.meineigenerweg.de\/wp-content\/uploads\/2016\/05\/DSC_6711x-Copy.jpg\"><img loading=\"lazy\" decoding=\"async\" class=\"alignnone size-medium wp-image-4370\" src=\"http:\/\/blog.meineigenerweg.de\/wp-content\/uploads\/2016\/05\/DSC_6711x-Copy-300x200.jpg\" alt=\"DSC_6711x (Copy)\" width=\"300\" height=\"200\" srcset=\"http:\/\/blog.meineigenerweg.de\/wp-content\/uploads\/2016\/05\/DSC_6711x-Copy-300x200.jpg 300w, http:\/\/blog.meineigenerweg.de\/wp-content\/uploads\/2016\/05\/DSC_6711x-Copy-768x512.jpg 768w, http:\/\/blog.meineigenerweg.de\/wp-content\/uploads\/2016\/05\/DSC_6711x-Copy.jpg 1024w\" sizes=\"auto, (max-width: 300px) 100vw, 300px\" \/><\/a>\u00a0<a href=\"http:\/\/blog.meineigenerweg.de\/wp-content\/uploads\/2016\/05\/DSC_6728x-Copy.jpg\"><img loading=\"lazy\" decoding=\"async\" class=\"alignnone size-medium wp-image-4373\" src=\"http:\/\/blog.meineigenerweg.de\/wp-content\/uploads\/2016\/05\/DSC_6728x-Copy-300x200.jpg\" alt=\"DSC_6728x (Copy)\" width=\"300\" height=\"200\" srcset=\"http:\/\/blog.meineigenerweg.de\/wp-content\/uploads\/2016\/05\/DSC_6728x-Copy-300x200.jpg 300w, http:\/\/blog.meineigenerweg.de\/wp-content\/uploads\/2016\/05\/DSC_6728x-Copy-768x512.jpg 768w, http:\/\/blog.meineigenerweg.de\/wp-content\/uploads\/2016\/05\/DSC_6728x-Copy.jpg 1024w\" sizes=\"auto, (max-width: 300px) 100vw, 300px\" \/><\/a><\/p>\n<p>Man kann \u00fcber eine kleine Wendeltreppe ins Obergeschoss kommen, aber ob die restliche Decke auch wirklich noch\u00a0h\u00e4lt?<br \/>\n<a href=\"http:\/\/blog.meineigenerweg.de\/wp-content\/uploads\/2016\/05\/DSC_6717x-Copy.jpg\"><img loading=\"lazy\" decoding=\"async\" class=\"alignnone size-medium wp-image-4371\" src=\"http:\/\/blog.meineigenerweg.de\/wp-content\/uploads\/2016\/05\/DSC_6717x-Copy-300x200.jpg\" alt=\"DSC_6717x (Copy)\" width=\"300\" height=\"200\" srcset=\"http:\/\/blog.meineigenerweg.de\/wp-content\/uploads\/2016\/05\/DSC_6717x-Copy-300x200.jpg 300w, http:\/\/blog.meineigenerweg.de\/wp-content\/uploads\/2016\/05\/DSC_6717x-Copy-768x512.jpg 768w, http:\/\/blog.meineigenerweg.de\/wp-content\/uploads\/2016\/05\/DSC_6717x-Copy.jpg 1024w\" sizes=\"auto, (max-width: 300px) 100vw, 300px\" \/><\/a><br \/>\nBeim Keller machte ich\u00a0mir um\u00a0die Decke keine Sorgen, aber es war doch sehr finster und ganz sch\u00f6n unheimlich (nur der Blitz hat das Bild erhellt)<br \/>\n<a href=\"http:\/\/blog.meineigenerweg.de\/wp-content\/uploads\/2016\/05\/DSC_6746x-Copy.jpg\"><img loading=\"lazy\" decoding=\"async\" class=\"alignnone size-medium wp-image-4366\" src=\"http:\/\/blog.meineigenerweg.de\/wp-content\/uploads\/2016\/05\/DSC_6746x-Copy-300x200.jpg\" alt=\"DSC_6746x (Copy)\" width=\"300\" height=\"200\" srcset=\"http:\/\/blog.meineigenerweg.de\/wp-content\/uploads\/2016\/05\/DSC_6746x-Copy-300x200.jpg 300w, http:\/\/blog.meineigenerweg.de\/wp-content\/uploads\/2016\/05\/DSC_6746x-Copy-768x512.jpg 768w, http:\/\/blog.meineigenerweg.de\/wp-content\/uploads\/2016\/05\/DSC_6746x-Copy.jpg 1024w\" sizes=\"auto, (max-width: 300px) 100vw, 300px\" \/><\/a><br \/>\nund was in dieser Truhe ist, wollte ich dann doch nicht ergr\u00fcnden.<br \/>\n<a href=\"http:\/\/blog.meineigenerweg.de\/wp-content\/uploads\/2016\/05\/DSC_6745x-Copy.jpg\"><img loading=\"lazy\" decoding=\"async\" class=\"alignnone size-medium wp-image-4375\" src=\"http:\/\/blog.meineigenerweg.de\/wp-content\/uploads\/2016\/05\/DSC_6745x-Copy-300x200.jpg\" alt=\"DSC_6745x (Copy)\" width=\"300\" height=\"200\" srcset=\"http:\/\/blog.meineigenerweg.de\/wp-content\/uploads\/2016\/05\/DSC_6745x-Copy-300x200.jpg 300w, http:\/\/blog.meineigenerweg.de\/wp-content\/uploads\/2016\/05\/DSC_6745x-Copy-768x512.jpg 768w, http:\/\/blog.meineigenerweg.de\/wp-content\/uploads\/2016\/05\/DSC_6745x-Copy.jpg 1024w\" sizes=\"auto, (max-width: 300px) 100vw, 300px\" \/><\/a><\/p>\n<p><em>Meine Wertung: <span style=\"color: #ff0000;\">****<\/span> verboten, spannend, unheimlich<br \/>\n45879 Gelsenkirchen<br \/>\n<\/em><em>Wildenbruchstra\u00dfe, Kreuzung B227, Kreisverkehr<\/em><\/p>\n","protected":false},"excerpt":{"rendered":"<p>18.05.2016 Auch wenn es so klingen mag, es hat nichts mit Fu\u00dfball zu tun. Der Schalker Verein wurde 1872 als H\u00fcttenwerk gegr\u00fcndet. In sechs Hoch\u00f6fen wurde aus Eisenerz Roheisen geschmolzen. In den achtziger Jahren wurden die Anlage nach und nach stillgelegt und mit der Explosion des letzten Hochofens kam dann<\/p>\n","protected":false},"author":1,"featured_media":4385,"parent":1809,"menu_order":0,"comment_status":"closed","ping_status":"closed","template":"","meta":{"footnotes":""},"class_list":["post-4361","page","type-page","status-publish","has-post-thumbnail","hentry"],"_links":{"self":[{"href":"http:\/\/blog.meineigenerweg.de\/index.php?rest_route=\/wp\/v2\/pages\/4361","targetHints":{"allow":["GET"]}}],"collection":[{"href":"http:\/\/blog.meineigenerweg.de\/index.php?rest_route=\/wp\/v2\/pages"}],"about":[{"href":"http:\/\/blog.meineigenerweg.de\/index.php?rest_route=\/wp\/v2\/types\/page"}],"author":[{"embeddable":true,"href":"http:\/\/blog.meineigenerweg.de\/index.php?rest_route=\/wp\/v2\/users\/1"}],"replies":[{"embeddable":true,"href":"http:\/\/blog.meineigenerweg.de\/index.php?rest_route=%2Fwp%2Fv2%2Fcomments&post=4361"}],"version-history":[{"count":12,"href":"http:\/\/blog.meineigenerweg.de\/index.php?rest_route=\/wp\/v2\/pages\/4361\/revisions"}],"predecessor-version":[{"id":4387,"href":"http:\/\/blog.meineigenerweg.de\/index.php?rest_route=\/wp\/v2\/pages\/4361\/revisions\/4387"}],"up":[{"embeddable":true,"href":"http:\/\/blog.meineigenerweg.de\/index.php?rest_route=\/wp\/v2\/pages\/1809"}],"wp:featuredmedia":[{"embeddable":true,"href":"http:\/\/blog.meineigenerweg.de\/index.php?rest_route=\/wp\/v2\/media\/4385"}],"wp:attachment":[{"href":"http:\/\/blog.meineigenerweg.de\/index.php?rest_route=%2Fwp%2Fv2%2Fmedia&parent=4361"}],"curies":[{"name":"wp","href":"https:\/\/api.w.org\/{rel}","templated":true}]}}