{"id":4342,"date":"2016-05-23T18:39:07","date_gmt":"2016-05-23T17:39:07","guid":{"rendered":"http:\/\/blog.meineigenerweg.de\/?page_id=4342"},"modified":"2016-05-23T20:30:14","modified_gmt":"2016-05-23T19:30:14","slug":"hattingen-henrichshuette","status":"publish","type":"page","link":"http:\/\/blog.meineigenerweg.de\/?page_id=4342","title":{"rendered":"Hattingen &#8211; Henrichsh\u00fctte *****"},"content":{"rendered":"<p>20.05.2016<\/p>\n<p>Die Grundvoraussetzungen, Eisenerz, Kohle, sowie ein Fluss, die Ruhr, waren vorhanden. Das f\u00fchrte bereits 1854 zur Gr\u00fcndung der <span style=\"color: #0000ff;\"><a href=\"https:\/\/www.lwl.org\/industriemuseum\/standorte\/henrichshuette-hattingen\" target=\"_blank\"><span style=\"color: #0000ff;\"><span style=\"text-decoration: underline;\">Henrichsh\u00fctte<\/span><\/span><\/a><\/span>. Bis 1987 wurde hier Koks und Eisen und Stahl produziert, gegossen, gewalzt und geschmiedet. Zur Bl\u00fctezeit der H\u00fctte arbeiteten hier 10.000 Menschen und in 7 Hoch\u00f6fen gl\u00fchte es Tag und Nacht. Ein Gro\u00dfteil der Anlage wurde St\u00fcck f\u00fcr St\u00fcck demontiert und in China wieder aufgebaut und wieder in Betrieb genommen. Ein letzter Hochofen ist noch verblieben und um ihn herum entstand ein Museum und ein Gastronomiebetrieb. Ab und zu (aktuelle Termine findest du auf der Homepage der H\u00fctte) gibt es die &#8222;Nacht im Museum&#8220;, dann ist das Gel\u00e4nde bis 23:00 Uhr ge\u00f6ffnet.<br \/>\n<a href=\"http:\/\/blog.meineigenerweg.de\/wp-content\/uploads\/2016\/05\/DSC_6875z.jpg\"><img loading=\"lazy\" decoding=\"async\" class=\"alignnone size-medium wp-image-4343\" src=\"http:\/\/blog.meineigenerweg.de\/wp-content\/uploads\/2016\/05\/DSC_6875z-300x200.jpg\" alt=\"DSC_6875z\" width=\"300\" height=\"200\" srcset=\"http:\/\/blog.meineigenerweg.de\/wp-content\/uploads\/2016\/05\/DSC_6875z-300x200.jpg 300w, http:\/\/blog.meineigenerweg.de\/wp-content\/uploads\/2016\/05\/DSC_6875z-768x511.jpg 768w, http:\/\/blog.meineigenerweg.de\/wp-content\/uploads\/2016\/05\/DSC_6875z.jpg 1000w\" sizes=\"auto, (max-width: 300px) 100vw, 300px\" \/><\/a><br \/>\n<a href=\"http:\/\/blog.meineigenerweg.de\/wp-content\/uploads\/2016\/05\/DSC_6893z.jpg\"><img loading=\"lazy\" decoding=\"async\" class=\"alignnone size-medium wp-image-4344\" src=\"http:\/\/blog.meineigenerweg.de\/wp-content\/uploads\/2016\/05\/DSC_6893z-300x214.jpg\" alt=\"DSC_6893z\" width=\"300\" height=\"214\" srcset=\"http:\/\/blog.meineigenerweg.de\/wp-content\/uploads\/2016\/05\/DSC_6893z-300x214.jpg 300w, http:\/\/blog.meineigenerweg.de\/wp-content\/uploads\/2016\/05\/DSC_6893z-768x548.jpg 768w, http:\/\/blog.meineigenerweg.de\/wp-content\/uploads\/2016\/05\/DSC_6893z.jpg 1000w\" sizes=\"auto, (max-width: 300px) 100vw, 300px\" \/><br \/>\n<\/a>Wer mutig ist, kann \u00fcber einige steile Treppen und Stiegen den Hochofen erklimmen. Wem das zu m\u00fchselig ist, kann aber auch den Fahrstuhl benutzen.<br \/>\n<a href=\"http:\/\/blog.meineigenerweg.de\/wp-content\/uploads\/2016\/05\/DSC_6916z.jpg\"><img loading=\"lazy\" decoding=\"async\" class=\"alignnone size-medium wp-image-4345\" src=\"http:\/\/blog.meineigenerweg.de\/wp-content\/uploads\/2016\/05\/DSC_6916z-300x200.jpg\" alt=\"DSC_6916z\" width=\"300\" height=\"200\" srcset=\"http:\/\/blog.meineigenerweg.de\/wp-content\/uploads\/2016\/05\/DSC_6916z-300x200.jpg 300w, http:\/\/blog.meineigenerweg.de\/wp-content\/uploads\/2016\/05\/DSC_6916z-768x511.jpg 768w, http:\/\/blog.meineigenerweg.de\/wp-content\/uploads\/2016\/05\/DSC_6916z.jpg 1000w\" sizes=\"auto, (max-width: 300px) 100vw, 300px\" \/><\/a><br \/>\nDie Aussicht ist einfach toll.<br \/>\n<a href=\"http:\/\/blog.meineigenerweg.de\/wp-content\/uploads\/2016\/05\/DSC_6928z.jpg\"><img loading=\"lazy\" decoding=\"async\" class=\"alignnone size-medium wp-image-4346\" src=\"http:\/\/blog.meineigenerweg.de\/wp-content\/uploads\/2016\/05\/DSC_6928z-300x200.jpg\" alt=\"DSC_6928z\" width=\"300\" height=\"200\" srcset=\"http:\/\/blog.meineigenerweg.de\/wp-content\/uploads\/2016\/05\/DSC_6928z-300x200.jpg 300w, http:\/\/blog.meineigenerweg.de\/wp-content\/uploads\/2016\/05\/DSC_6928z-768x511.jpg 768w, http:\/\/blog.meineigenerweg.de\/wp-content\/uploads\/2016\/05\/DSC_6928z.jpg 1000w\" sizes=\"auto, (max-width: 300px) 100vw, 300px\" \/><\/a><\/p>\n<p><em>Meine Wertung: <span style=\"color: #ff0000;\">*****<\/span> unbedingt ausprobieren<\/em><br \/>\n<em>45527 Hattingen<\/em><br \/>\n<i>Werkstor. 31-33<\/i><\/p>\n<p>&nbsp;<\/p>\n","protected":false},"excerpt":{"rendered":"<p>20.05.2016 Die Grundvoraussetzungen, Eisenerz, Kohle, sowie ein Fluss, die Ruhr, waren vorhanden. Das f\u00fchrte bereits 1854 zur Gr\u00fcndung der Henrichsh\u00fctte. Bis 1987 wurde hier Koks und Eisen und Stahl produziert, gegossen, gewalzt und geschmiedet. Zur Bl\u00fctezeit der H\u00fctte arbeiteten hier 10.000 Menschen und in 7 Hoch\u00f6fen gl\u00fchte es Tag und<\/p>\n","protected":false},"author":1,"featured_media":4351,"parent":1809,"menu_order":0,"comment_status":"closed","ping_status":"closed","template":"","meta":{"footnotes":""},"class_list":["post-4342","page","type-page","status-publish","has-post-thumbnail","hentry"],"_links":{"self":[{"href":"http:\/\/blog.meineigenerweg.de\/index.php?rest_route=\/wp\/v2\/pages\/4342","targetHints":{"allow":["GET"]}}],"collection":[{"href":"http:\/\/blog.meineigenerweg.de\/index.php?rest_route=\/wp\/v2\/pages"}],"about":[{"href":"http:\/\/blog.meineigenerweg.de\/index.php?rest_route=\/wp\/v2\/types\/page"}],"author":[{"embeddable":true,"href":"http:\/\/blog.meineigenerweg.de\/index.php?rest_route=\/wp\/v2\/users\/1"}],"replies":[{"embeddable":true,"href":"http:\/\/blog.meineigenerweg.de\/index.php?rest_route=%2Fwp%2Fv2%2Fcomments&post=4342"}],"version-history":[{"count":9,"href":"http:\/\/blog.meineigenerweg.de\/index.php?rest_route=\/wp\/v2\/pages\/4342\/revisions"}],"predecessor-version":[{"id":4360,"href":"http:\/\/blog.meineigenerweg.de\/index.php?rest_route=\/wp\/v2\/pages\/4342\/revisions\/4360"}],"up":[{"embeddable":true,"href":"http:\/\/blog.meineigenerweg.de\/index.php?rest_route=\/wp\/v2\/pages\/1809"}],"wp:featuredmedia":[{"embeddable":true,"href":"http:\/\/blog.meineigenerweg.de\/index.php?rest_route=\/wp\/v2\/media\/4351"}],"wp:attachment":[{"href":"http:\/\/blog.meineigenerweg.de\/index.php?rest_route=%2Fwp%2Fv2%2Fmedia&parent=4342"}],"curies":[{"name":"wp","href":"https:\/\/api.w.org\/{rel}","templated":true}]}}