{"id":4222,"date":"2016-02-04T13:48:39","date_gmt":"2016-02-04T12:48:39","guid":{"rendered":"http:\/\/blog.meineigenerweg.de\/?page_id=4222"},"modified":"2016-03-09T18:17:28","modified_gmt":"2016-03-09T17:17:28","slug":"livigno","status":"publish","type":"page","link":"http:\/\/blog.meineigenerweg.de\/?page_id=4222","title":{"rendered":"Livigno ****"},"content":{"rendered":"<p>01.01.2016<\/p>\n<p>Ein sch\u00f6ner Ferienort, aber leider gab es nicht gen\u00fcgend Schnee, alles was man hier als Piste sehen kann, besteht aus Kunstschnee.<br \/>\n<a href=\"http:\/\/blog.meineigenerweg.de\/wp-content\/uploads\/2016\/02\/Piste.jpg\" rel=\"attachment wp-att-4230\"><img loading=\"lazy\" decoding=\"async\" class=\"alignnone size-medium wp-image-4230\" src=\"http:\/\/blog.meineigenerweg.de\/wp-content\/uploads\/2016\/02\/Piste-300x225.jpg\" alt=\"Piste\" width=\"300\" height=\"225\" srcset=\"http:\/\/blog.meineigenerweg.de\/wp-content\/uploads\/2016\/02\/Piste-300x225.jpg 300w, http:\/\/blog.meineigenerweg.de\/wp-content\/uploads\/2016\/02\/Piste-768x576.jpg 768w, http:\/\/blog.meineigenerweg.de\/wp-content\/uploads\/2016\/02\/Piste.jpg 1000w\" sizes=\"auto, (max-width: 300px) 100vw, 300px\" \/><\/a><br \/>\nSelbst auf 3000 mtr H\u00f6he, werden die Pisten k\u00fcnstlich beschneit.<br \/>\n<a href=\"http:\/\/blog.meineigenerweg.de\/wp-content\/uploads\/2016\/02\/Piste-2.jpg\" rel=\"attachment wp-att-4228\"><img loading=\"lazy\" decoding=\"async\" class=\"alignnone size-medium wp-image-4228\" src=\"http:\/\/blog.meineigenerweg.de\/wp-content\/uploads\/2016\/02\/Piste-2-300x200.jpg\" alt=\"Piste 2\" width=\"300\" height=\"200\" srcset=\"http:\/\/blog.meineigenerweg.de\/wp-content\/uploads\/2016\/02\/Piste-2-300x200.jpg 300w, http:\/\/blog.meineigenerweg.de\/wp-content\/uploads\/2016\/02\/Piste-2-768x511.jpg 768w, http:\/\/blog.meineigenerweg.de\/wp-content\/uploads\/2016\/02\/Piste-2.jpg 1000w\" sizes=\"auto, (max-width: 300px) 100vw, 300px\" \/><\/a><br \/>\nAuch die Loipen sind k\u00fcnstlich aufgesch\u00fcttet.<br \/>\n<a href=\"http:\/\/blog.meineigenerweg.de\/wp-content\/uploads\/2016\/02\/Loipe.jpg\" rel=\"attachment wp-att-4227\"><img loading=\"lazy\" decoding=\"async\" class=\"alignnone size-medium wp-image-4227\" src=\"http:\/\/blog.meineigenerweg.de\/wp-content\/uploads\/2016\/02\/Loipe-300x200.jpg\" alt=\"Loipe\" width=\"300\" height=\"200\" srcset=\"http:\/\/blog.meineigenerweg.de\/wp-content\/uploads\/2016\/02\/Loipe-300x200.jpg 300w, http:\/\/blog.meineigenerweg.de\/wp-content\/uploads\/2016\/02\/Loipe-768x511.jpg 768w, http:\/\/blog.meineigenerweg.de\/wp-content\/uploads\/2016\/02\/Loipe.jpg 1000w\" sizes=\"auto, (max-width: 300px) 100vw, 300px\" \/><\/a><br \/>\nAber das tolle Wetter entsch\u00e4digt f\u00fcr alles und lange Spazierg\u00e4nge sind ja auch was sch\u00f6nes.<br \/>\n<a href=\"http:\/\/blog.meineigenerweg.de\/wp-content\/uploads\/2016\/02\/Wald.jpg\" rel=\"attachment wp-att-4229\"><img loading=\"lazy\" decoding=\"async\" class=\"alignnone size-medium wp-image-4229\" src=\"http:\/\/blog.meineigenerweg.de\/wp-content\/uploads\/2016\/02\/Wald-300x200.jpg\" alt=\"Wald\" width=\"300\" height=\"200\" srcset=\"http:\/\/blog.meineigenerweg.de\/wp-content\/uploads\/2016\/02\/Wald-300x200.jpg 300w, http:\/\/blog.meineigenerweg.de\/wp-content\/uploads\/2016\/02\/Wald-768x511.jpg 768w, http:\/\/blog.meineigenerweg.de\/wp-content\/uploads\/2016\/02\/Wald.jpg 1000w\" sizes=\"auto, (max-width: 300px) 100vw, 300px\" \/><\/a><br \/>\nTrotz Sonnenschein ist es kalt genug, das der Bach zugefroren ist.<br \/>\n<a href=\"http:\/\/blog.meineigenerweg.de\/wp-content\/uploads\/2016\/02\/Bach.jpg\" rel=\"attachment wp-att-4223\"><img loading=\"lazy\" decoding=\"async\" class=\"alignnone size-medium wp-image-4223\" src=\"http:\/\/blog.meineigenerweg.de\/wp-content\/uploads\/2016\/02\/Bach-300x200.jpg\" alt=\"Bach\" width=\"300\" height=\"200\" srcset=\"http:\/\/blog.meineigenerweg.de\/wp-content\/uploads\/2016\/02\/Bach-300x200.jpg 300w, http:\/\/blog.meineigenerweg.de\/wp-content\/uploads\/2016\/02\/Bach-768x511.jpg 768w, http:\/\/blog.meineigenerweg.de\/wp-content\/uploads\/2016\/02\/Bach.jpg 1000w\" sizes=\"auto, (max-width: 300px) 100vw, 300px\" \/><\/a><br \/>\nWiesen B\u00e4renklau<br \/>\n<a href=\"http:\/\/blog.meineigenerweg.de\/wp-content\/uploads\/2016\/02\/Gras.jpg\" rel=\"attachment wp-att-4225\"><img loading=\"lazy\" decoding=\"async\" class=\"alignnone size-medium wp-image-4225\" src=\"http:\/\/blog.meineigenerweg.de\/wp-content\/uploads\/2016\/02\/Gras-300x200.jpg\" alt=\"Gras\" width=\"300\" height=\"200\" srcset=\"http:\/\/blog.meineigenerweg.de\/wp-content\/uploads\/2016\/02\/Gras-300x200.jpg 300w, http:\/\/blog.meineigenerweg.de\/wp-content\/uploads\/2016\/02\/Gras-768x511.jpg 768w, http:\/\/blog.meineigenerweg.de\/wp-content\/uploads\/2016\/02\/Gras.jpg 1000w\" sizes=\"auto, (max-width: 300px) 100vw, 300px\" \/><\/a><br \/>\n&#8222;Schneewittchen und die sieben Zwerge&#8220;<br \/>\n<a href=\"http:\/\/blog.meineigenerweg.de\/wp-content\/uploads\/2016\/02\/B\u00e4ume.jpg\" rel=\"attachment wp-att-4224\"><img loading=\"lazy\" decoding=\"async\" class=\"alignnone size-medium wp-image-4224\" src=\"http:\/\/blog.meineigenerweg.de\/wp-content\/uploads\/2016\/02\/B\u00e4ume-300x200.jpg\" alt=\"B\u00e4ume\" width=\"300\" height=\"200\" srcset=\"http:\/\/blog.meineigenerweg.de\/wp-content\/uploads\/2016\/02\/B\u00e4ume-300x200.jpg 300w, http:\/\/blog.meineigenerweg.de\/wp-content\/uploads\/2016\/02\/B\u00e4ume-768x511.jpg 768w, http:\/\/blog.meineigenerweg.de\/wp-content\/uploads\/2016\/02\/B\u00e4ume.jpg 1000w\" sizes=\"auto, (max-width: 300px) 100vw, 300px\" \/><\/a><\/p>\n<p>&nbsp;<\/p>\n","protected":false},"excerpt":{"rendered":"<p>01.01.2016 Ein sch\u00f6ner Ferienort, aber leider gab es nicht gen\u00fcgend Schnee, alles was man hier als Piste sehen kann, besteht aus Kunstschnee. Selbst auf 3000 mtr H\u00f6he, werden die Pisten k\u00fcnstlich beschneit. Auch die Loipen sind k\u00fcnstlich aufgesch\u00fcttet. Aber das tolle Wetter entsch\u00e4digt f\u00fcr alles und lange Spazierg\u00e4nge sind ja<\/p>\n","protected":false},"author":1,"featured_media":4232,"parent":4220,"menu_order":0,"comment_status":"closed","ping_status":"closed","template":"","meta":{"footnotes":""},"class_list":["post-4222","page","type-page","status-publish","has-post-thumbnail","hentry"],"_links":{"self":[{"href":"http:\/\/blog.meineigenerweg.de\/index.php?rest_route=\/wp\/v2\/pages\/4222","targetHints":{"allow":["GET"]}}],"collection":[{"href":"http:\/\/blog.meineigenerweg.de\/index.php?rest_route=\/wp\/v2\/pages"}],"about":[{"href":"http:\/\/blog.meineigenerweg.de\/index.php?rest_route=\/wp\/v2\/types\/page"}],"author":[{"embeddable":true,"href":"http:\/\/blog.meineigenerweg.de\/index.php?rest_route=\/wp\/v2\/users\/1"}],"replies":[{"embeddable":true,"href":"http:\/\/blog.meineigenerweg.de\/index.php?rest_route=%2Fwp%2Fv2%2Fcomments&post=4222"}],"version-history":[{"count":3,"href":"http:\/\/blog.meineigenerweg.de\/index.php?rest_route=\/wp\/v2\/pages\/4222\/revisions"}],"predecessor-version":[{"id":4234,"href":"http:\/\/blog.meineigenerweg.de\/index.php?rest_route=\/wp\/v2\/pages\/4222\/revisions\/4234"}],"up":[{"embeddable":true,"href":"http:\/\/blog.meineigenerweg.de\/index.php?rest_route=\/wp\/v2\/pages\/4220"}],"wp:featuredmedia":[{"embeddable":true,"href":"http:\/\/blog.meineigenerweg.de\/index.php?rest_route=\/wp\/v2\/media\/4232"}],"wp:attachment":[{"href":"http:\/\/blog.meineigenerweg.de\/index.php?rest_route=%2Fwp%2Fv2%2Fmedia&parent=4222"}],"curies":[{"name":"wp","href":"https:\/\/api.w.org\/{rel}","templated":true}]}}