{"id":4212,"date":"2016-01-31T23:47:40","date_gmt":"2016-01-31T22:47:40","guid":{"rendered":"http:\/\/blog.meineigenerweg.de\/?page_id=4212"},"modified":"2016-02-01T00:11:58","modified_gmt":"2016-01-31T23:11:58","slug":"essen-lichtburg","status":"publish","type":"page","link":"http:\/\/blog.meineigenerweg.de\/?page_id=4212","title":{"rendered":"Essen &#8211; Lichtburg *****"},"content":{"rendered":"<p>30.01.2016<\/p>\n<p>Eins der gro\u00dfen alten Kinos, die noch Historie ausstrahlen und jeden Cineasten begeistern ist die <span style=\"color: #0000ff;\"><a href=\"http:\/\/www.lichtburg-essen.de\/impressum.php\" target=\"_blank\"><span style=\"color: #0000ff;\"><span style=\"text-decoration: underline;\">Lichtburg<\/span><\/span><\/a><\/span> in Essen. Ein Premieren-Kino, das schon sehr viele Gr\u00f6\u00dfen des Film begr\u00fc\u00dfen durfte. Einmal im Monat kann man hinter die Kulissen schauen &#8211; und es lohnt sich sehr.<\/p>\n<p><a href=\"http:\/\/blog.meineigenerweg.de\/wp-content\/uploads\/2016\/01\/Kinosaal-Lichtburg-Essen-2x.jpg\" rel=\"attachment wp-att-4210\"><img loading=\"lazy\" decoding=\"async\" class=\"alignnone size-medium wp-image-4210\" src=\"http:\/\/blog.meineigenerweg.de\/wp-content\/uploads\/2016\/01\/Kinosaal-Lichtburg-Essen-2x-300x81.jpg\" alt=\"Kinosaal Lichtburg Essen 2x\" width=\"300\" height=\"81\" srcset=\"http:\/\/blog.meineigenerweg.de\/wp-content\/uploads\/2016\/01\/Kinosaal-Lichtburg-Essen-2x-300x81.jpg 300w, http:\/\/blog.meineigenerweg.de\/wp-content\/uploads\/2016\/01\/Kinosaal-Lichtburg-Essen-2x-768x206.jpg 768w, http:\/\/blog.meineigenerweg.de\/wp-content\/uploads\/2016\/01\/Kinosaal-Lichtburg-Essen-2x-1024x275.jpg 1024w\" sizes=\"auto, (max-width: 300px) 100vw, 300px\" \/><\/a><\/p>\n<p><a href=\"http:\/\/blog.meineigenerweg.de\/wp-content\/uploads\/2016\/01\/Kinosaal-Lichtburg-Essen-3x.jpg\" rel=\"attachment wp-att-4208\"><img loading=\"lazy\" decoding=\"async\" class=\"alignnone size-medium wp-image-4208\" src=\"http:\/\/blog.meineigenerweg.de\/wp-content\/uploads\/2016\/01\/Kinosaal-Lichtburg-Essen-3x-300x200.jpg\" alt=\"Kinosaal Lichtburg Essen 3x\" width=\"300\" height=\"200\" srcset=\"http:\/\/blog.meineigenerweg.de\/wp-content\/uploads\/2016\/01\/Kinosaal-Lichtburg-Essen-3x-300x200.jpg 300w, http:\/\/blog.meineigenerweg.de\/wp-content\/uploads\/2016\/01\/Kinosaal-Lichtburg-Essen-3x-768x511.jpg 768w, http:\/\/blog.meineigenerweg.de\/wp-content\/uploads\/2016\/01\/Kinosaal-Lichtburg-Essen-3x.jpg 1000w\" sizes=\"auto, (max-width: 300px) 100vw, 300px\" \/><\/a><\/p>\n<p>Dieses mannshohe Unget\u00fcm ist ein Filmprojektor.<br \/>\nSieht historisch aus, ist aber High Tech. Er kann analoge Filme von der Rolle, Digitalaufzeichnungen vom Server und 3D mit Shutter-Brille (!) wiedergeben.<br \/>\n<a href=\"http:\/\/blog.meineigenerweg.de\/wp-content\/uploads\/2016\/01\/Filmprojektor-x.jpg\" rel=\"attachment wp-att-4206\"><img loading=\"lazy\" decoding=\"async\" class=\"alignnone size-medium wp-image-4206\" src=\"http:\/\/blog.meineigenerweg.de\/wp-content\/uploads\/2016\/01\/Filmprojektor-x-300x200.jpg\" alt=\"Filmprojektor x\" width=\"300\" height=\"200\" srcset=\"http:\/\/blog.meineigenerweg.de\/wp-content\/uploads\/2016\/01\/Filmprojektor-x-300x200.jpg 300w, http:\/\/blog.meineigenerweg.de\/wp-content\/uploads\/2016\/01\/Filmprojektor-x-768x511.jpg 768w, http:\/\/blog.meineigenerweg.de\/wp-content\/uploads\/2016\/01\/Filmprojektor-x.jpg 1000w\" sizes=\"auto, (max-width: 300px) 100vw, 300px\" \/><\/a><br \/>\nAuf dem mittleren Teller liegt \u00fcbrigens \u201eThe Hateful Eight\u201c.<br \/>\nQuentin Tarantino hat den Film in &#8222;alter&#8220; 70mm-Analog-Technik gedreht, also noch mit richtigem Filmaterial. Es gibt in Deutschland nur noch vier Kinos, die \u00fcber die entsprechende Technik verf\u00fcgen, diesen Film wiederzugeben.<br \/>\nEtwas f\u00fcr echte Cineasten \ud83d\ude42 Digital kann jeder.<\/p>\n<p><a href=\"http:\/\/blog.meineigenerweg.de\/wp-content\/uploads\/2016\/01\/Film-x.jpg\" rel=\"attachment wp-att-4205\"><img loading=\"lazy\" decoding=\"async\" class=\"alignnone size-medium wp-image-4205\" src=\"http:\/\/blog.meineigenerweg.de\/wp-content\/uploads\/2016\/01\/Film-x-300x200.jpg\" alt=\"Film x\" width=\"300\" height=\"200\" srcset=\"http:\/\/blog.meineigenerweg.de\/wp-content\/uploads\/2016\/01\/Film-x-300x200.jpg 300w, http:\/\/blog.meineigenerweg.de\/wp-content\/uploads\/2016\/01\/Film-x-768x511.jpg 768w, http:\/\/blog.meineigenerweg.de\/wp-content\/uploads\/2016\/01\/Film-x.jpg 1000w\" sizes=\"auto, (max-width: 300px) 100vw, 300px\" \/><\/a><\/p>\n<p>&nbsp;<\/p>\n<p><em>Meine Wertung:\u00a0<span style=\"color: #ff0000;\">*****<\/span>\u00a0unbedingt\u00a0anschauen<\/em><br \/>\n<i>Ess<\/i><em>en<\/em><br \/>\n<em>Kettwiger Str. 36<\/em><\/p>\n","protected":false},"excerpt":{"rendered":"<p>30.01.2016 Eins der gro\u00dfen alten Kinos, die noch Historie ausstrahlen und jeden Cineasten begeistern ist die Lichtburg in Essen. Ein Premieren-Kino, das schon sehr viele Gr\u00f6\u00dfen des Film begr\u00fc\u00dfen durfte. Einmal im Monat kann man hinter die Kulissen schauen &#8211; und es lohnt sich sehr. Dieses mannshohe Unget\u00fcm ist ein<\/p>\n","protected":false},"author":1,"featured_media":4219,"parent":1809,"menu_order":0,"comment_status":"closed","ping_status":"closed","template":"","meta":{"footnotes":""},"class_list":["post-4212","page","type-page","status-publish","has-post-thumbnail","hentry"],"_links":{"self":[{"href":"http:\/\/blog.meineigenerweg.de\/index.php?rest_route=\/wp\/v2\/pages\/4212","targetHints":{"allow":["GET"]}}],"collection":[{"href":"http:\/\/blog.meineigenerweg.de\/index.php?rest_route=\/wp\/v2\/pages"}],"about":[{"href":"http:\/\/blog.meineigenerweg.de\/index.php?rest_route=\/wp\/v2\/types\/page"}],"author":[{"embeddable":true,"href":"http:\/\/blog.meineigenerweg.de\/index.php?rest_route=\/wp\/v2\/users\/1"}],"replies":[{"embeddable":true,"href":"http:\/\/blog.meineigenerweg.de\/index.php?rest_route=%2Fwp%2Fv2%2Fcomments&post=4212"}],"version-history":[{"count":6,"href":"http:\/\/blog.meineigenerweg.de\/index.php?rest_route=\/wp\/v2\/pages\/4212\/revisions"}],"predecessor-version":[{"id":4218,"href":"http:\/\/blog.meineigenerweg.de\/index.php?rest_route=\/wp\/v2\/pages\/4212\/revisions\/4218"}],"up":[{"embeddable":true,"href":"http:\/\/blog.meineigenerweg.de\/index.php?rest_route=\/wp\/v2\/pages\/1809"}],"wp:featuredmedia":[{"embeddable":true,"href":"http:\/\/blog.meineigenerweg.de\/index.php?rest_route=\/wp\/v2\/media\/4219"}],"wp:attachment":[{"href":"http:\/\/blog.meineigenerweg.de\/index.php?rest_route=%2Fwp%2Fv2%2Fmedia&parent=4212"}],"curies":[{"name":"wp","href":"https:\/\/api.w.org\/{rel}","templated":true}]}}