{"id":4087,"date":"2015-10-06T20:24:13","date_gmt":"2015-10-06T19:24:13","guid":{"rendered":"http:\/\/blog.meineigenerweg.de\/?page_id=4087"},"modified":"2015-10-06T20:39:26","modified_gmt":"2015-10-06T19:39:26","slug":"haltern-westruper-heide","status":"publish","type":"page","link":"http:\/\/blog.meineigenerweg.de\/?page_id=4087","title":{"rendered":"Haltern &#8211; Westruper Heide ***"},"content":{"rendered":"<p>09.09.2015<\/p>\n<p>Der Sommer ist zu Ende, es wird morgens sp\u00e4ter hell und abends merklich k\u00fchler, auch wenn die Sonne versucht den Tag noch ein wenig aufzuw\u00e4rmen.<\/p>\n<p>Heute war der Morgen zum ersten mal tr\u00fcb und diesig und die ersten Nebelschwaden waberten durch die Stra\u00dfen. Sehr stimmungsvolles Wetter f\u00fcr einen Ausflug in die Heide. Ich brauche gar nicht weit fahren, direkt am Halterner Stausee gibt es eine kleine Heidelandschaft, die <span style=\"color: #0000ff;\"><a href=\"http:\/\/www.hohemark-westmuensterland.de\/themenlandschaften\/parklandschaft\/westruper-heide.html\" target=\"_blank\"><span style=\"color: #0000ff;\"><span style=\"text-decoration: underline;\">Westruper Heide<\/span><\/span><\/a><\/span> im Naturpark\u00a0<span style=\"color: #0000ff;\"><a href=\"http:\/\/www.hohemark-westmuensterland.de\/startseite.html\" target=\"_blank\"><span style=\"color: #0000ff;\"><span style=\"text-decoration: underline;\">Hohe Mark<\/span><\/span><\/a><\/span>. Gro\u00df genug f\u00fcr einen Sonntagsausflug und f\u00fcr hinterher gibt es ein paar Ausflugslokale drum herum.<\/p>\n<p>Sandige Wanderwege<br \/>\n<a href=\"http:\/\/blog.meineigenerweg.de\/wp-content\/uploads\/2015\/10\/Haltern_Hohe_Mark_15_09_077.jpg\"><img loading=\"lazy\" decoding=\"async\" class=\"alignnone size-medium wp-image-4154\" src=\"http:\/\/blog.meineigenerweg.de\/wp-content\/uploads\/2015\/10\/Haltern_Hohe_Mark_15_09_077-300x200.jpg\" alt=\"Haltern_Hohe_Mark_15_09_077\" width=\"300\" height=\"200\" srcset=\"http:\/\/blog.meineigenerweg.de\/wp-content\/uploads\/2015\/10\/Haltern_Hohe_Mark_15_09_077-300x200.jpg 300w, http:\/\/blog.meineigenerweg.de\/wp-content\/uploads\/2015\/10\/Haltern_Hohe_Mark_15_09_077.jpg 1000w\" sizes=\"auto, (max-width: 300px) 100vw, 300px\" \/><\/a> <img loading=\"lazy\" decoding=\"async\" class=\"alignnone size-medium wp-image-4155\" src=\"http:\/\/blog.meineigenerweg.de\/wp-content\/uploads\/2015\/10\/Haltern_Hohe_Mark_15_09_123-300x200.jpg\" alt=\"Haltern_Hohe_Mark_15_09_123\" width=\"300\" height=\"200\" srcset=\"http:\/\/blog.meineigenerweg.de\/wp-content\/uploads\/2015\/10\/Haltern_Hohe_Mark_15_09_123-300x200.jpg 300w, http:\/\/blog.meineigenerweg.de\/wp-content\/uploads\/2015\/10\/Haltern_Hohe_Mark_15_09_123.jpg 1000w\" sizes=\"auto, (max-width: 300px) 100vw, 300px\" \/><br \/>\nSpinnennetze glitzern voller Morgentau<br \/>\n<a href=\"http:\/\/blog.meineigenerweg.de\/wp-content\/uploads\/2015\/10\/Haltern_Hohe_Mark_15_09_054x.jpg\"><img loading=\"lazy\" decoding=\"async\" class=\"alignnone size-medium wp-image-4156\" src=\"http:\/\/blog.meineigenerweg.de\/wp-content\/uploads\/2015\/10\/Haltern_Hohe_Mark_15_09_054x-300x200.jpg\" alt=\"Haltern_Hohe_Mark_15_09_054x\" width=\"300\" height=\"200\" srcset=\"http:\/\/blog.meineigenerweg.de\/wp-content\/uploads\/2015\/10\/Haltern_Hohe_Mark_15_09_054x-300x200.jpg 300w, http:\/\/blog.meineigenerweg.de\/wp-content\/uploads\/2015\/10\/Haltern_Hohe_Mark_15_09_054x.jpg 1000w\" sizes=\"auto, (max-width: 300px) 100vw, 300px\" \/><\/a>\u00a0<a href=\"http:\/\/blog.meineigenerweg.de\/wp-content\/uploads\/2015\/10\/Haltern_Hohe_Mark_15_09_068x.jpg\"><img loading=\"lazy\" decoding=\"async\" class=\"alignnone size-medium wp-image-4158\" src=\"http:\/\/blog.meineigenerweg.de\/wp-content\/uploads\/2015\/10\/Haltern_Hohe_Mark_15_09_068x-300x200.jpg\" alt=\"Haltern_Hohe_Mark_15_09_068x\" width=\"300\" height=\"200\" srcset=\"http:\/\/blog.meineigenerweg.de\/wp-content\/uploads\/2015\/10\/Haltern_Hohe_Mark_15_09_068x-300x200.jpg 300w, http:\/\/blog.meineigenerweg.de\/wp-content\/uploads\/2015\/10\/Haltern_Hohe_Mark_15_09_068x.jpg 1000w\" sizes=\"auto, (max-width: 300px) 100vw, 300px\" \/><\/a><\/p>\n<p><a href=\"http:\/\/blog.meineigenerweg.de\/wp-content\/uploads\/2015\/10\/Haltern_Hohe_Mark_15_09_129x.jpg\"><img loading=\"lazy\" decoding=\"async\" class=\"alignnone size-medium wp-image-4160\" src=\"http:\/\/blog.meineigenerweg.de\/wp-content\/uploads\/2015\/10\/Haltern_Hohe_Mark_15_09_129x-300x200.jpg\" alt=\"Haltern_Hohe_Mark_15_09_129x\" width=\"300\" height=\"200\" srcset=\"http:\/\/blog.meineigenerweg.de\/wp-content\/uploads\/2015\/10\/Haltern_Hohe_Mark_15_09_129x-300x200.jpg 300w, http:\/\/blog.meineigenerweg.de\/wp-content\/uploads\/2015\/10\/Haltern_Hohe_Mark_15_09_129x.jpg 1000w\" sizes=\"auto, (max-width: 300px) 100vw, 300px\" \/><\/a>\u00a0windige Pl\u00e4tze<\/p>\n<p><a href=\"http:\/\/blog.meineigenerweg.de\/wp-content\/uploads\/2015\/10\/Haltern_Hohe_Mark_15_09_081x.jpg\"><img loading=\"lazy\" decoding=\"async\" class=\"alignnone size-medium wp-image-4159\" src=\"http:\/\/blog.meineigenerweg.de\/wp-content\/uploads\/2015\/10\/Haltern_Hohe_Mark_15_09_081x-300x200.jpg\" alt=\"Haltern_Hohe_Mark_15_09_081x\" width=\"300\" height=\"200\" srcset=\"http:\/\/blog.meineigenerweg.de\/wp-content\/uploads\/2015\/10\/Haltern_Hohe_Mark_15_09_081x-300x200.jpg 300w, http:\/\/blog.meineigenerweg.de\/wp-content\/uploads\/2015\/10\/Haltern_Hohe_Mark_15_09_081x.jpg 1000w\" sizes=\"auto, (max-width: 300px) 100vw, 300px\" \/><\/a>\u00a0lauschige Pl\u00e4tze<\/p>\n<p><em>Meine Wertung: <span style=\"color: #ff0000;\">***<\/span>** nett<br \/>\nHaltern<br \/>\nHullerner Str. 107<\/em><\/p>\n<p>&nbsp;<\/p>\n","protected":false},"excerpt":{"rendered":"<p>09.09.2015 Der Sommer ist zu Ende, es wird morgens sp\u00e4ter hell und abends merklich k\u00fchler, auch wenn die Sonne versucht den Tag noch ein wenig aufzuw\u00e4rmen. Heute war der Morgen zum ersten mal tr\u00fcb und diesig und die ersten Nebelschwaden waberten durch die Stra\u00dfen. Sehr stimmungsvolles Wetter f\u00fcr einen Ausflug<\/p>\n","protected":false},"author":1,"featured_media":4167,"parent":3219,"menu_order":0,"comment_status":"closed","ping_status":"closed","template":"","meta":{"footnotes":""},"class_list":["post-4087","page","type-page","status-publish","has-post-thumbnail","hentry"],"_links":{"self":[{"href":"http:\/\/blog.meineigenerweg.de\/index.php?rest_route=\/wp\/v2\/pages\/4087","targetHints":{"allow":["GET"]}}],"collection":[{"href":"http:\/\/blog.meineigenerweg.de\/index.php?rest_route=\/wp\/v2\/pages"}],"about":[{"href":"http:\/\/blog.meineigenerweg.de\/index.php?rest_route=\/wp\/v2\/types\/page"}],"author":[{"embeddable":true,"href":"http:\/\/blog.meineigenerweg.de\/index.php?rest_route=\/wp\/v2\/users\/1"}],"replies":[{"embeddable":true,"href":"http:\/\/blog.meineigenerweg.de\/index.php?rest_route=%2Fwp%2Fv2%2Fcomments&post=4087"}],"version-history":[{"count":11,"href":"http:\/\/blog.meineigenerweg.de\/index.php?rest_route=\/wp\/v2\/pages\/4087\/revisions"}],"predecessor-version":[{"id":4164,"href":"http:\/\/blog.meineigenerweg.de\/index.php?rest_route=\/wp\/v2\/pages\/4087\/revisions\/4164"}],"up":[{"embeddable":true,"href":"http:\/\/blog.meineigenerweg.de\/index.php?rest_route=\/wp\/v2\/pages\/3219"}],"wp:featuredmedia":[{"embeddable":true,"href":"http:\/\/blog.meineigenerweg.de\/index.php?rest_route=\/wp\/v2\/media\/4167"}],"wp:attachment":[{"href":"http:\/\/blog.meineigenerweg.de\/index.php?rest_route=%2Fwp%2Fv2%2Fmedia&parent=4087"}],"curies":[{"name":"wp","href":"https:\/\/api.w.org\/{rel}","templated":true}]}}