{"id":3727,"date":"2015-04-20T22:26:08","date_gmt":"2015-04-20T21:26:08","guid":{"rendered":"http:\/\/blog.meineigenerweg.de\/?page_id=3727"},"modified":"2019-03-28T22:59:44","modified_gmt":"2019-03-28T21:59:44","slug":"essen-halde-schurenbach","status":"publish","type":"page","link":"http:\/\/blog.meineigenerweg.de\/?page_id=3727","title":{"rendered":"Essen &#8211; Halde Schurenbach ****"},"content":{"rendered":"<p>14.04.2015<\/p>\n<p>Im Essener Norden liegt die (angeblich)\u00a0meistbesuchte Halde des Ruhrgebiets, die <span style=\"color: #0000ff;\"><a href=\"http:\/\/www.halden.ruhr\/halde-schurenbach.html\" target=\"_blank\" rel=\"noopener noreferrer\"><span style=\"color: #0000ff;\"><span style=\"text-decoration: underline;\">Schurenbachhalde<\/span><\/span><\/a><\/span>. Sie wurde in den 70iger Jahren von der Zeche Zollverein mit Abraum aufgesch\u00fcttet. Heute ragt Sie \u00fcber 50 mtr in die H\u00f6he und obenauf steht nat\u00fcrlich eine Landmarke, ein Bramme aus Stahl. Bester Ruhrgebietsstahl, 67 Tonnen ragen 14,5 mtr in die H\u00f6he und sind 13,5 mtr tief im Boden verankert, 4,5 mtr breit aber nur 10 cm schmal.<\/p>\n<p>An einem strahlend blauen Fr\u00fchlingstag bin ich den kurzen Weg hinaufgelaufen. Die Treppe war leider nicht zug\u00e4nglich, am Fu\u00df der Treppe befindet sich n\u00e4mlich eine riesige Baustelle f\u00fcr die Emscher-Renaturalisierung.<br \/>\n<a href=\"http:\/\/blog.meineigenerweg.de\/wp-content\/uploads\/2015\/04\/DSC_0652.jpg\"><img loading=\"lazy\" decoding=\"async\" class=\"alignnone size-medium wp-image-3735\" src=\"http:\/\/blog.meineigenerweg.de\/wp-content\/uploads\/2015\/04\/DSC_0652-300x200.jpg\" alt=\"DSC_0652\" width=\"300\" height=\"200\" srcset=\"http:\/\/blog.meineigenerweg.de\/wp-content\/uploads\/2015\/04\/DSC_0652-300x200.jpg 300w, http:\/\/blog.meineigenerweg.de\/wp-content\/uploads\/2015\/04\/DSC_0652.jpg 1000w\" sizes=\"auto, (max-width: 300px) 100vw, 300px\" \/><\/a><br \/>\nIch bin dann ein paar Schritte um die Halde herum und den Waldweg hinauf gelaufen <a href=\"http:\/\/blog.meineigenerweg.de\/wp-content\/uploads\/2015\/04\/DSC_0639.jpg\"><img loading=\"lazy\" decoding=\"async\" class=\"alignnone size-medium wp-image-3734\" src=\"http:\/\/blog.meineigenerweg.de\/wp-content\/uploads\/2015\/04\/DSC_0639-300x200.jpg\" alt=\"DSC_0639\" width=\"300\" height=\"200\" srcset=\"http:\/\/blog.meineigenerweg.de\/wp-content\/uploads\/2015\/04\/DSC_0639-300x200.jpg 300w, http:\/\/blog.meineigenerweg.de\/wp-content\/uploads\/2015\/04\/DSC_0639.jpg 1000w\" sizes=\"auto, (max-width: 300px) 100vw, 300px\" \/><\/a>\u00a0<img loading=\"lazy\" decoding=\"async\" class=\"alignnone size-medium wp-image-3736\" src=\"http:\/\/blog.meineigenerweg.de\/wp-content\/uploads\/2015\/04\/DSC_0642-300x200.jpg\" alt=\"DSC_0642\" width=\"300\" height=\"200\" srcset=\"http:\/\/blog.meineigenerweg.de\/wp-content\/uploads\/2015\/04\/DSC_0642-300x200.jpg 300w, http:\/\/blog.meineigenerweg.de\/wp-content\/uploads\/2015\/04\/DSC_0642.jpg 1000w\" sizes=\"auto, (max-width: 300px) 100vw, 300px\" \/><\/p>\n<p><span style=\"font-size: 0.95em; line-height: 1.6em;\">Oben auf der Halde angekommen, erwartet mich eine kahle,\u00a0graue, unwirkliche Mondlandschaft, die von einem Monolithen gekr\u00f6nt wird. Ich bin sofort an den Film 2001:Odyssee im Weltraum erinnert, in dem auf dem Mond ein schwarzer Monolith entdeckt wird.<\/span><\/p>\n<p><a href=\"http:\/\/blog.meineigenerweg.de\/wp-content\/uploads\/2015\/04\/DSC_0790.jpg\"><img loading=\"lazy\" decoding=\"async\" class=\"alignnone size-medium wp-image-3737\" src=\"http:\/\/blog.meineigenerweg.de\/wp-content\/uploads\/2015\/04\/DSC_0790-300x200.jpg\" alt=\"DSC_0790\" width=\"300\" height=\"200\" srcset=\"http:\/\/blog.meineigenerweg.de\/wp-content\/uploads\/2015\/04\/DSC_0790-300x200.jpg 300w, http:\/\/blog.meineigenerweg.de\/wp-content\/uploads\/2015\/04\/DSC_0790.jpg 1000w\" sizes=\"auto, (max-width: 300px) 100vw, 300px\" \/><\/a><br \/>\nAuch aus der N\u00e4he ist die simple Stahlplatte mit ihrer massiven Pr\u00e4sens und dem gleichzeitig filigranen Aussehen absolut beeindruckend.<br \/>\n<a href=\"http:\/\/blog.meineigenerweg.de\/wp-content\/uploads\/2015\/04\/DSC_0666.jpg\"><img loading=\"lazy\" decoding=\"async\" class=\"alignnone size-medium wp-image-3739\" src=\"http:\/\/blog.meineigenerweg.de\/wp-content\/uploads\/2015\/04\/DSC_0666-300x200.jpg\" alt=\"DSC_0666\" width=\"300\" height=\"200\" srcset=\"http:\/\/blog.meineigenerweg.de\/wp-content\/uploads\/2015\/04\/DSC_0666-300x200.jpg 300w, http:\/\/blog.meineigenerweg.de\/wp-content\/uploads\/2015\/04\/DSC_0666.jpg 1000w\" sizes=\"auto, (max-width: 300px) 100vw, 300px\" \/><\/a>\u00a0<a href=\"http:\/\/blog.meineigenerweg.de\/wp-content\/uploads\/2015\/04\/DSC_0717.jpg\"><img loading=\"lazy\" decoding=\"async\" class=\"alignnone size-medium wp-image-3741\" src=\"http:\/\/blog.meineigenerweg.de\/wp-content\/uploads\/2015\/04\/DSC_0717-300x200.jpg\" alt=\"DSC_0717\" width=\"300\" height=\"200\" srcset=\"http:\/\/blog.meineigenerweg.de\/wp-content\/uploads\/2015\/04\/DSC_0717-300x200.jpg 300w, http:\/\/blog.meineigenerweg.de\/wp-content\/uploads\/2015\/04\/DSC_0717.jpg 1000w\" sizes=\"auto, (max-width: 300px) 100vw, 300px\" \/><\/a><br \/>\nDie Aussicht hat mich\u00a0begeistert, ich konnte in alle Richtung schauen, dort die Bottroper Skihalle, der Tetraeder, die Schalke-Arena, der Herkules im Gelsenkirchener Nordsternpark.<\/p>\n<p><em>Meine Wertung: <span style=\"color: #ff0000;\">****<\/span>* sehenswert<\/em><br \/>\n<em>45329 Essen<\/em><br \/>\n<em>Emscherstra\u00dfe, Kreuzung Eickwinkelstra\u00dfe\u00a0<\/em><\/p>\n","protected":false},"excerpt":{"rendered":"<p>14.04.2015 Im Essener Norden liegt die (angeblich)\u00a0meistbesuchte Halde des Ruhrgebiets, die Schurenbachhalde. Sie wurde in den 70iger Jahren von der Zeche Zollverein mit Abraum aufgesch\u00fcttet. Heute ragt Sie \u00fcber 50 mtr in die H\u00f6he und obenauf steht nat\u00fcrlich eine Landmarke, ein Bramme aus Stahl. Bester Ruhrgebietsstahl, 67 Tonnen ragen 14,5<\/p>\n","protected":false},"author":1,"featured_media":3755,"parent":1809,"menu_order":0,"comment_status":"closed","ping_status":"closed","template":"","meta":{"footnotes":""},"class_list":["post-3727","page","type-page","status-publish","has-post-thumbnail","hentry"],"_links":{"self":[{"href":"http:\/\/blog.meineigenerweg.de\/index.php?rest_route=\/wp\/v2\/pages\/3727","targetHints":{"allow":["GET"]}}],"collection":[{"href":"http:\/\/blog.meineigenerweg.de\/index.php?rest_route=\/wp\/v2\/pages"}],"about":[{"href":"http:\/\/blog.meineigenerweg.de\/index.php?rest_route=\/wp\/v2\/types\/page"}],"author":[{"embeddable":true,"href":"http:\/\/blog.meineigenerweg.de\/index.php?rest_route=\/wp\/v2\/users\/1"}],"replies":[{"embeddable":true,"href":"http:\/\/blog.meineigenerweg.de\/index.php?rest_route=%2Fwp%2Fv2%2Fcomments&post=3727"}],"version-history":[{"count":17,"href":"http:\/\/blog.meineigenerweg.de\/index.php?rest_route=\/wp\/v2\/pages\/3727\/revisions"}],"predecessor-version":[{"id":5920,"href":"http:\/\/blog.meineigenerweg.de\/index.php?rest_route=\/wp\/v2\/pages\/3727\/revisions\/5920"}],"up":[{"embeddable":true,"href":"http:\/\/blog.meineigenerweg.de\/index.php?rest_route=\/wp\/v2\/pages\/1809"}],"wp:featuredmedia":[{"embeddable":true,"href":"http:\/\/blog.meineigenerweg.de\/index.php?rest_route=\/wp\/v2\/media\/3755"}],"wp:attachment":[{"href":"http:\/\/blog.meineigenerweg.de\/index.php?rest_route=%2Fwp%2Fv2%2Fmedia&parent=3727"}],"curies":[{"name":"wp","href":"https:\/\/api.w.org\/{rel}","templated":true}]}}