{"id":3696,"date":"2015-04-13T22:00:30","date_gmt":"2015-04-13T21:00:30","guid":{"rendered":"http:\/\/blog.meineigenerweg.de\/?page_id=3696"},"modified":"2019-03-28T21:15:15","modified_gmt":"2019-03-28T20:15:15","slug":"gescher-glockenmuseum","status":"publish","type":"page","link":"http:\/\/blog.meineigenerweg.de\/?page_id=3696","title":{"rendered":"Gescher &#8211; Glockenmuseum ***"},"content":{"rendered":"<p>13.04.2015<\/p>\n<p>Auf meinem Weg nach Gescher war ich \u00fcberrascht, dass das M\u00fcnsterland gar nicht so platt\u00a0ist, wie ich\u00a0dachte, es gibt tats\u00e4chlich ein paar H\u00fcgel. Die Bezeichnung Baumberge brachte mich aber trotzdem zum\u00a0Schmunzeln.<br \/>\n<a href=\"http:\/\/blog.meineigenerweg.de\/wp-content\/uploads\/2015\/03\/DSC_0476-Andere.jpg\"><img loading=\"lazy\" decoding=\"async\" class=\"alignnone size-medium wp-image-3699\" src=\"http:\/\/blog.meineigenerweg.de\/wp-content\/uploads\/2015\/03\/DSC_0476-Andere-300x200.jpg\" alt=\"DSC_0476\" width=\"300\" height=\"200\" srcset=\"http:\/\/blog.meineigenerweg.de\/wp-content\/uploads\/2015\/03\/DSC_0476-Andere-300x200.jpg 300w, http:\/\/blog.meineigenerweg.de\/wp-content\/uploads\/2015\/03\/DSC_0476-Andere.jpg 1000w\" sizes=\"auto, (max-width: 300px) 100vw, 300px\" \/><\/a><br \/>\nIch finde es erstaunlich, dass es in Deutschland noch acht Glockengie\u00dfereien gibt. Eine davon ist in Gescher, die man aber leider\u00a0nicht\u00a0besichtigen kann. Aber es gibt ein kleines\u00a0<span style=\"color: #0000ff;\"><a href=\"http:\/\/glockenmuseum.de\/\" target=\"_blank\" rel=\"noopener noreferrer\"><span style=\"color: #0000ff;\"><span style=\"text-decoration: underline;\">Glockenmuseum<\/span><\/span><\/a><\/span>. , das mit\u00a0vielen Informationen \u00fcber die\u00a0Herstellung und Historie von Glocken aufwartet.<\/p>\n<p>Glocken aus Bronze gab es bereits mehrere Jahrhunderte vor Christi, aber erst im dritten Jahrhundert nach Christi Geburt entdeckte die Kirche das einst verrufene heidnische Ger\u00e4t f\u00fcr ihre eigenen Zwecke. Als Instrument, um die Gl\u00e4ubigen in die Kirche\u00a0zu rufen, aber auch um ihrem Klang sch\u00fctzende Wirkung zuzusprechen. Nun ja, man muss seine Meinung auch schon mal den Gegebenheiten anpassen.<br \/>\n<a href=\"http:\/\/blog.meineigenerweg.de\/wp-content\/uploads\/2015\/04\/Gescher_Glockenmuseum_15_03_025.jpg\"><img loading=\"lazy\" decoding=\"async\" class=\"alignnone size-medium wp-image-3717\" src=\"http:\/\/blog.meineigenerweg.de\/wp-content\/uploads\/2015\/04\/Gescher_Glockenmuseum_15_03_025-300x200.jpg\" alt=\"Gescher_Glockenmuseum_15_03_025\" width=\"300\" height=\"200\" srcset=\"http:\/\/blog.meineigenerweg.de\/wp-content\/uploads\/2015\/04\/Gescher_Glockenmuseum_15_03_025-300x200.jpg 300w, http:\/\/blog.meineigenerweg.de\/wp-content\/uploads\/2015\/04\/Gescher_Glockenmuseum_15_03_025.jpg 1000w\" sizes=\"auto, (max-width: 300px) 100vw, 300px\" \/><\/a><\/p>\n<p>In den Anf\u00e4ngen der Glockengie\u00dferei gingen die Handwerker zu ihren Kunden (Kirchen und Gemeinden) und die Glocke wurde dann vor Ort gegossen. Dadurch vermied man den schwierigen Transport der\u00a0gro\u00dfen, schweren Glocken. Um einen Holzrohling wurden in mehreren Lagen Hanfseile gewickelt, die immer wieder mit Lehm verschmiert wurden, bis die Form dem Innenraum der Glocke entsprach.\u00a0Darauf wurde aus Bienenwachsplatten der eigentliche Glockenk\u00f6rper modelliert und dieser wieder mit Hanfseilen und Lehm umwickelt. Oben und unten wurden Ein- und Austrittsl\u00f6cher ausgespart. Zuletzt wurde fl\u00fcssige Bronze eingef\u00fcllt, der Wachs schmolz und lief ab\u00a0und die Bronze hat den so entstandenen Hohlraum ausgef\u00fcllt. Nachdem die \u00e4u\u00dfere und innere Lehmform entfernt worden war, blieb die Bronzeglocke \u00fcbrig. Ganz einfach. Beeindruckend, dass sie so toll klingen.<br \/>\n<a href=\"http:\/\/blog.meineigenerweg.de\/wp-content\/uploads\/2015\/04\/Gescher_Glockenmuseum_15_03_024-Andere.jpg\"><img loading=\"lazy\" decoding=\"async\" class=\"alignnone size-medium wp-image-3716\" src=\"http:\/\/blog.meineigenerweg.de\/wp-content\/uploads\/2015\/04\/Gescher_Glockenmuseum_15_03_024-Andere-300x200.jpg\" alt=\"Gescher_Glockenmuseum_15_03_024 (Andere)\" width=\"300\" height=\"200\" srcset=\"http:\/\/blog.meineigenerweg.de\/wp-content\/uploads\/2015\/04\/Gescher_Glockenmuseum_15_03_024-Andere-300x200.jpg 300w, http:\/\/blog.meineigenerweg.de\/wp-content\/uploads\/2015\/04\/Gescher_Glockenmuseum_15_03_024-Andere.jpg 1000w\" sizes=\"auto, (max-width: 300px) 100vw, 300px\" \/><\/a><\/p>\n<p>Sp\u00e4ter wurden nacheinander drei Lehmformen gebrannt, wobei die mittlere der gew\u00fcnschten Glocke entsprach. Die mittlere Form wurde dann entfernt und der so entstandene Hohlraum mit Bronze ausgegossen.<br \/>\n<a href=\"http:\/\/blog.meineigenerweg.de\/wp-content\/uploads\/2015\/04\/Gescher_Glockenmuseum_15_03_042.jpg\"><img loading=\"lazy\" decoding=\"async\" class=\"alignnone size-medium wp-image-3719\" src=\"http:\/\/blog.meineigenerweg.de\/wp-content\/uploads\/2015\/04\/Gescher_Glockenmuseum_15_03_042-300x200.jpg\" alt=\"Gescher_Glockenmuseum_15_03_042\" width=\"300\" height=\"200\" srcset=\"http:\/\/blog.meineigenerweg.de\/wp-content\/uploads\/2015\/04\/Gescher_Glockenmuseum_15_03_042-300x200.jpg 300w, http:\/\/blog.meineigenerweg.de\/wp-content\/uploads\/2015\/04\/Gescher_Glockenmuseum_15_03_042.jpg 1000w\" sizes=\"auto, (max-width: 300px) 100vw, 300px\" \/><\/a><\/p>\n<p>Auch meine Stadt Bochum hat in der Geschichte der Glocken eine sehr bedeutende Rolle gespielt. Die Gu\u00dfstahlfabrik &#8222;Bochumer Verein&#8220; (die es auch heute noch gibt) hatte 1850 ein neues Verfahren zum Stahlformguss entwickelt.<\/p>\n<p>Meine Wertung: <span style=\"color: #ff0000;\">***<\/span>** interessant<br \/>\nDeutsches Glockenmuseum e. V.<br \/>\nLindenstra\u00dfe 2<br \/>\n48712 Gescher<\/p>\n","protected":false},"excerpt":{"rendered":"<p>13.04.2015 Auf meinem Weg nach Gescher war ich \u00fcberrascht, dass das M\u00fcnsterland gar nicht so platt\u00a0ist, wie ich\u00a0dachte, es gibt tats\u00e4chlich ein paar H\u00fcgel. Die Bezeichnung Baumberge brachte mich aber trotzdem zum\u00a0Schmunzeln. Ich finde es erstaunlich, dass es in Deutschland noch acht Glockengie\u00dfereien gibt. Eine davon ist in Gescher, die<\/p>\n","protected":false},"author":1,"featured_media":3725,"parent":3219,"menu_order":0,"comment_status":"closed","ping_status":"closed","template":"","meta":{"footnotes":""},"class_list":["post-3696","page","type-page","status-publish","has-post-thumbnail","hentry"],"_links":{"self":[{"href":"http:\/\/blog.meineigenerweg.de\/index.php?rest_route=\/wp\/v2\/pages\/3696","targetHints":{"allow":["GET"]}}],"collection":[{"href":"http:\/\/blog.meineigenerweg.de\/index.php?rest_route=\/wp\/v2\/pages"}],"about":[{"href":"http:\/\/blog.meineigenerweg.de\/index.php?rest_route=\/wp\/v2\/types\/page"}],"author":[{"embeddable":true,"href":"http:\/\/blog.meineigenerweg.de\/index.php?rest_route=\/wp\/v2\/users\/1"}],"replies":[{"embeddable":true,"href":"http:\/\/blog.meineigenerweg.de\/index.php?rest_route=%2Fwp%2Fv2%2Fcomments&post=3696"}],"version-history":[{"count":18,"href":"http:\/\/blog.meineigenerweg.de\/index.php?rest_route=\/wp\/v2\/pages\/3696\/revisions"}],"predecessor-version":[{"id":5896,"href":"http:\/\/blog.meineigenerweg.de\/index.php?rest_route=\/wp\/v2\/pages\/3696\/revisions\/5896"}],"up":[{"embeddable":true,"href":"http:\/\/blog.meineigenerweg.de\/index.php?rest_route=\/wp\/v2\/pages\/3219"}],"wp:featuredmedia":[{"embeddable":true,"href":"http:\/\/blog.meineigenerweg.de\/index.php?rest_route=\/wp\/v2\/media\/3725"}],"wp:attachment":[{"href":"http:\/\/blog.meineigenerweg.de\/index.php?rest_route=%2Fwp%2Fv2%2Fmedia&parent=3696"}],"curies":[{"name":"wp","href":"https:\/\/api.w.org\/{rel}","templated":true}]}}